{"id":3919,"date":"2024-03-13T15:42:58","date_gmt":"2024-03-13T15:42:58","guid":{"rendered":"https:\/\/koningdrone.nl\/kon\/product\/dji-inspire-3-gimbal-rubber-dampers\/"},"modified":"2025-04-29T11:59:55","modified_gmt":"2025-04-29T11:59:55","slug":"dji-inspire-3-gimbal-rubber-dampers","status":"publish","type":"product","link":"https:\/\/koningdrone.be\/es\/producto\/dji-inspire-3-gimbal-rubber-dampers\/","title":{"rendered":"Amortiguadores de goma para card\u00e1n DJI Inspire 3"},"content":{"rendered":"<p><strong>Montaje del card\u00e1n sin esfuerzo<\/strong><\/p>\n<p> Acople f\u00e1cilmente la c\u00e1mara card\u00e1n X9-8K Air a su dron para una grabaci\u00f3n de v\u00eddeo m\u00e1s fluida. El sistema de card\u00e1n est\u00e1 dise\u00f1ado para minimizar significativamente las vibraciones mientras el dron est\u00e1 en uso, lo que garantiza una grabaci\u00f3n estabilizada y profesional.<\/p>\n<p><strong>Recordatorio de mantenimiento<\/strong><\/p>\n<p> Compruebe regularmente el estado de los amortiguadores de goma del card\u00e1n. Si observa signos de desgaste, como da\u00f1os, dislocaci\u00f3n, ablandamiento o estiramiento, es importante sustituirlos inmediatamente para mantener un rendimiento \u00f3ptimo. No hacerlo podr\u00eda afectar negativamente a la calidad de sus grabaciones e incluso provocar accidentes.<\/p>\n<p><\/p>","protected":false},"excerpt":{"rendered":"<ul>\n<li>Conecta la c\u00e1mara card\u00e1n X9-8K Air al dron<\/li>\n<li> Reduce eficazmente las vibraciones del card\u00e1n en vuelo<\/li>\n<li> Se aconseja sustituir a tiempo los amortiguadores de goma card\u00e1nicos.<\/li>\n<li> Evita posibles problemas de tiro y accidentes<\/li>\n<\/ul>","protected":false},"featured_media":3916,"template":"","meta":{"_acf_changed":false},"product_brand":[],"product_cat":[315,97,641,433],"product_tag":[],"class_list":{"0":"post-3919","1":"product","2":"type-product","3":"status-publish","4":"has-post-thumbnail","6":"product_cat-alle-gimbals-en-cameras","7":"product_cat-alle-producten","8":"product_cat-dji-inspire","9":"product_cat-dji-inspire-3","10":"pa_brand-dji","11":"pa_productfamily-gimbalbescherming","12":"pa_producttype-gimbalbescherming","14":"first","15":"instock","16":"taxable","17":"shipping-taxable","18":"product-type-simple"},"acf":[],"yoast_head":"<!-- This site is optimized with the Yoast SEO Premium plugin v27.2 (Yoast SEO v27.2) - https:\/\/yoast.com\/product\/yoast-seo-premium-wordpress\/ -->\n<title>DJI Inspire 3 Gimbal Rubber Dampers - koningdrone.be<\/title>\n<meta name=\"robots\" content=\"index, follow, max-snippet:-1, max-image-preview:large, max-video-preview:-1\" \/>\n<link rel=\"canonical\" href=\"https:\/\/koningdrone.be\/es\/producto\/dji-inspire-3-gimbal-rubber-dampers\/\" \/>\n<meta property=\"og:locale\" content=\"es_ES\" \/>\n<meta property=\"og:type\" content=\"article\" \/>\n<meta property=\"og:title\" content=\"DJI Inspire 3 Gimbal Rubber Dampers\" \/>\n<meta property=\"og:description\" content=\"Verbindt X9-8K Air gimbal-camera met drone Vermindert effectief gimbal-trillingen tijdens de vlucht Tijdige vervanging van cardanische rubberen dempers geadviseerd Voorkomt mogelijke schietproblemen en ongelukken\" \/>\n<meta property=\"og:url\" content=\"https:\/\/koningdrone.be\/es\/producto\/dji-inspire-3-gimbal-rubber-dampers\/\" \/>\n<meta property=\"og:site_name\" content=\"koningdrone.be\" \/>\n<meta property=\"article:modified_time\" content=\"2025-04-29T11:59:55+00:00\" \/>\n<meta property=\"og:image\" content=\"https:\/\/koningdrone.be\/wp-content\/uploads\/sites\/13\/2025\/04\/c733255d000d18dd5a0e5c938a6f9f14@large.jpg\" \/>\n\t<meta property=\"og:image:width\" content=\"1200\" \/>\n\t<meta property=\"og:image:height\" content=\"800\" \/>\n\t<meta property=\"og:image:type\" content=\"image\/jpeg\" \/>\n<meta name=\"twitter:card\" content=\"summary_large_image\" \/>\n<script type=\"application\/ld+json\" class=\"yoast-schema-graph\">{\"@context\":\"https:\/\/schema.org\",\"@graph\":[{\"@type\":\"WebPage\",\"@id\":\"https:\/\/koningdrone.be\/product\/dji-inspire-3-gimbal-rubber-dampers\/\",\"url\":\"https:\/\/koningdrone.be\/product\/dji-inspire-3-gimbal-rubber-dampers\/\",\"name\":\"DJI Inspire 3 Gimbal Rubber Dampers - koningdrone.be\",\"isPartOf\":{\"@id\":\"https:\/\/koningdrone.be\/#website\"},\"primaryImageOfPage\":{\"@id\":\"https:\/\/koningdrone.be\/product\/dji-inspire-3-gimbal-rubber-dampers\/#primaryimage\"},\"image\":{\"@id\":\"https:\/\/koningdrone.be\/product\/dji-inspire-3-gimbal-rubber-dampers\/#primaryimage\"},\"thumbnailUrl\":\"https:\/\/koningdrone.be\/wp-content\/uploads\/sites\/13\/2025\/04\/c733255d000d18dd5a0e5c938a6f9f14@large.jpg\",\"datePublished\":\"2024-03-13T15:42:58+00:00\",\"dateModified\":\"2025-04-29T11:59:55+00:00\",\"breadcrumb\":{\"@id\":\"https:\/\/koningdrone.be\/product\/dji-inspire-3-gimbal-rubber-dampers\/#breadcrumb\"},\"inLanguage\":\"es\",\"potentialAction\":[{\"@type\":\"ReadAction\",\"target\":[\"https:\/\/koningdrone.be\/product\/dji-inspire-3-gimbal-rubber-dampers\/\"]}]},{\"@type\":\"ImageObject\",\"inLanguage\":\"es\",\"@id\":\"https:\/\/koningdrone.be\/product\/dji-inspire-3-gimbal-rubber-dampers\/#primaryimage\",\"url\":\"https:\/\/koningdrone.be\/wp-content\/uploads\/sites\/13\/2025\/04\/c733255d000d18dd5a0e5c938a6f9f14@large.jpg\",\"contentUrl\":\"https:\/\/koningdrone.be\/wp-content\/uploads\/sites\/13\/2025\/04\/c733255d000d18dd5a0e5c938a6f9f14@large.jpg\",\"width\":1200,\"height\":800},{\"@type\":\"BreadcrumbList\",\"@id\":\"https:\/\/koningdrone.be\/product\/dji-inspire-3-gimbal-rubber-dampers\/#breadcrumb\",\"itemListElement\":[{\"@type\":\"ListItem\",\"position\":1,\"name\":\"Home\",\"item\":\"https:\/\/koningdrone.be\/\"},{\"@type\":\"ListItem\",\"position\":2,\"name\":\"AVSS Parachute Recovery System for DJI Matrice 300\/350\",\"item\":\"https:\/\/koningdrone.be\/product\/avss-parachute-recovery-system-for-dji-matrice-300-350\/\"},{\"@type\":\"ListItem\",\"position\":3,\"name\":\"Alle gimbals en cameras\",\"item\":\"https:\/\/koningdrone.be\/categorie\/alle-gimbals-en-cameras\/\"},{\"@type\":\"ListItem\",\"position\":4,\"name\":\"DJI Inspire 3 Gimbal Rubber Dampers\"}]},{\"@type\":\"WebSite\",\"@id\":\"https:\/\/koningdrone.be\/#website\",\"url\":\"https:\/\/koningdrone.be\/\",\"name\":\"Koningdrone.be - Uw online specialist in drones, gimbals, camera's en power stations.\",\"description\":\"De webshop in drones en gimbals\",\"publisher\":{\"@id\":\"https:\/\/koningdrone.be\/#organization\"},\"potentialAction\":[{\"@type\":\"SearchAction\",\"target\":{\"@type\":\"EntryPoint\",\"urlTemplate\":\"https:\/\/koningdrone.be\/?s={search_term_string}\"},\"query-input\":{\"@type\":\"PropertyValueSpecification\",\"valueRequired\":true,\"valueName\":\"search_term_string\"}}],\"inLanguage\":\"es\"},{\"@type\":\"Organization\",\"@id\":\"https:\/\/koningdrone.be\/#organization\",\"name\":\"Koningdrone.be\",\"url\":\"https:\/\/koningdrone.be\/\",\"logo\":{\"@type\":\"ImageObject\",\"inLanguage\":\"es\",\"@id\":\"https:\/\/koningdrone.be\/#\/schema\/logo\/image\/\",\"url\":\"https:\/\/koningdrone.be\/wp-content\/uploads\/sites\/13\/2025\/04\/koningdrone-copyright-logo.svg\",\"contentUrl\":\"https:\/\/koningdrone.be\/wp-content\/uploads\/sites\/13\/2025\/04\/koningdrone-copyright-logo.svg\",\"width\":227,\"height\":38,\"caption\":\"Koningdrone.be\"},\"image\":{\"@id\":\"https:\/\/koningdrone.be\/#\/schema\/logo\/image\/\"}}]}<\/script>\n<!-- \/ Yoast SEO Premium plugin. -->","yoast_head_json":{"title":"DJI Inspire 3 Gimbal Rubber Dampers - koningdrone.be","robots":{"index":"index","follow":"follow","max-snippet":"max-snippet:-1","max-image-preview":"max-image-preview:large","max-video-preview":"max-video-preview:-1"},"canonical":"https:\/\/koningdrone.be\/es\/producto\/dji-inspire-3-gimbal-rubber-dampers\/","og_locale":"es_ES","og_type":"article","og_title":"DJI Inspire 3 Gimbal Rubber Dampers","og_description":"Verbindt X9-8K Air gimbal-camera met drone Vermindert effectief gimbal-trillingen tijdens de vlucht Tijdige vervanging van cardanische rubberen dempers geadviseerd Voorkomt mogelijke schietproblemen en ongelukken","og_url":"https:\/\/koningdrone.be\/es\/producto\/dji-inspire-3-gimbal-rubber-dampers\/","og_site_name":"koningdrone.be","article_modified_time":"2025-04-29T11:59:55+00:00","og_image":[{"width":1200,"height":800,"url":"https:\/\/koningdrone.be\/wp-content\/uploads\/sites\/13\/2025\/04\/c733255d000d18dd5a0e5c938a6f9f14@large.jpg","type":"image\/jpeg"}],"twitter_card":"summary_large_image","schema":{"@context":"https:\/\/schema.org","@graph":[{"@type":"WebPage","@id":"https:\/\/koningdrone.be\/product\/dji-inspire-3-gimbal-rubber-dampers\/","url":"https:\/\/koningdrone.be\/product\/dji-inspire-3-gimbal-rubber-dampers\/","name":"DJI Inspire 3 Gimbal Rubber Dampers - koningdrone.be","isPartOf":{"@id":"https:\/\/koningdrone.be\/#website"},"primaryImageOfPage":{"@id":"https:\/\/koningdrone.be\/product\/dji-inspire-3-gimbal-rubber-dampers\/#primaryimage"},"image":{"@id":"https:\/\/koningdrone.be\/product\/dji-inspire-3-gimbal-rubber-dampers\/#primaryimage"},"thumbnailUrl":"https:\/\/koningdrone.be\/wp-content\/uploads\/sites\/13\/2025\/04\/c733255d000d18dd5a0e5c938a6f9f14@large.jpg","datePublished":"2024-03-13T15:42:58+00:00","dateModified":"2025-04-29T11:59:55+00:00","breadcrumb":{"@id":"https:\/\/koningdrone.be\/product\/dji-inspire-3-gimbal-rubber-dampers\/#breadcrumb"},"inLanguage":"es","potentialAction":[{"@type":"ReadAction","target":["https:\/\/koningdrone.be\/product\/dji-inspire-3-gimbal-rubber-dampers\/"]}]},{"@type":"ImageObject","inLanguage":"es","@id":"https:\/\/koningdrone.be\/product\/dji-inspire-3-gimbal-rubber-dampers\/#primaryimage","url":"https:\/\/koningdrone.be\/wp-content\/uploads\/sites\/13\/2025\/04\/c733255d000d18dd5a0e5c938a6f9f14@large.jpg","contentUrl":"https:\/\/koningdrone.be\/wp-content\/uploads\/sites\/13\/2025\/04\/c733255d000d18dd5a0e5c938a6f9f14@large.jpg","width":1200,"height":800},{"@type":"BreadcrumbList","@id":"https:\/\/koningdrone.be\/product\/dji-inspire-3-gimbal-rubber-dampers\/#breadcrumb","itemListElement":[{"@type":"ListItem","position":1,"name":"Home","item":"https:\/\/koningdrone.be\/"},{"@type":"ListItem","position":2,"name":"AVSS Parachute Recovery System for DJI Matrice 300\/350","item":"https:\/\/koningdrone.be\/product\/avss-parachute-recovery-system-for-dji-matrice-300-350\/"},{"@type":"ListItem","position":3,"name":"Alle gimbals en cameras","item":"https:\/\/koningdrone.be\/categorie\/alle-gimbals-en-cameras\/"},{"@type":"ListItem","position":4,"name":"DJI Inspire 3 Gimbal Rubber Dampers"}]},{"@type":"WebSite","@id":"https:\/\/koningdrone.be\/#website","url":"https:\/\/koningdrone.be\/","name":"Koningdrone.be - Su especialista en l\u00ednea en drones, cardanes, c\u00e1maras y centrales el\u00e9ctricas.","description":"La tienda virtual de drones y cardanes","publisher":{"@id":"https:\/\/koningdrone.be\/#organization"},"potentialAction":[{"@type":"SearchAction","target":{"@type":"EntryPoint","urlTemplate":"https:\/\/koningdrone.be\/?s={search_term_string}"},"query-input":{"@type":"PropertyValueSpecification","valueRequired":true,"valueName":"search_term_string"}}],"inLanguage":"es"},{"@type":"Organization","@id":"https:\/\/koningdrone.be\/#organization","name":"Kingdrone.es","url":"https:\/\/koningdrone.be\/","logo":{"@type":"ImageObject","inLanguage":"es","@id":"https:\/\/koningdrone.be\/#\/schema\/logo\/image\/","url":"https:\/\/koningdrone.be\/wp-content\/uploads\/sites\/13\/2025\/04\/koningdrone-copyright-logo.svg","contentUrl":"https:\/\/koningdrone.be\/wp-content\/uploads\/sites\/13\/2025\/04\/koningdrone-copyright-logo.svg","width":227,"height":38,"caption":"Koningdrone.be"},"image":{"@id":"https:\/\/koningdrone.be\/#\/schema\/logo\/image\/"}}]}},"df_price":"","df_sale_price":"","df_regular_price":"","df_image_link":"https:\/\/koningdrone.be\/wp-content\/uploads\/sites\/13\/2025\/04\/c733255d000d18dd5a0e5c938a6f9f14@large-300x200.jpg","_links":{"self":[{"href":"https:\/\/koningdrone.be\/es\/wp-json\/wp\/v2\/product\/3919","targetHints":{"allow":["GET"]}}],"collection":[{"href":"https:\/\/koningdrone.be\/es\/wp-json\/wp\/v2\/product"}],"about":[{"href":"https:\/\/koningdrone.be\/es\/wp-json\/wp\/v2\/types\/product"}],"wp:featuredmedia":[{"embeddable":true,"href":"https:\/\/koningdrone.be\/es\/wp-json\/wp\/v2\/media\/3916"}],"wp:attachment":[{"href":"https:\/\/koningdrone.be\/es\/wp-json\/wp\/v2\/media?parent=3919"}],"wp:term":[{"taxonomy":"product_brand","embeddable":true,"href":"https:\/\/koningdrone.be\/es\/wp-json\/wp\/v2\/product_brand?post=3919"},{"taxonomy":"product_cat","embeddable":true,"href":"https:\/\/koningdrone.be\/es\/wp-json\/wp\/v2\/product_cat?post=3919"},{"taxonomy":"product_tag","embeddable":true,"href":"https:\/\/koningdrone.be\/es\/wp-json\/wp\/v2\/product_tag?post=3919"}],"curies":[{"name":"wp","href":"https:\/\/api.w.org\/{rel}","templated":true}]}}