{"id":3915,"date":"2024-03-13T15:42:58","date_gmt":"2024-03-13T15:42:58","guid":{"rendered":"https:\/\/koningdrone.nl\/kon\/product\/dji-goggles-2-motion-combo\/"},"modified":"2025-04-29T11:59:49","modified_gmt":"2025-04-29T11:59:49","slug":"dji-goggles-2-motion-combo","status":"publish","type":"product","link":"https:\/\/koningdrone.be\/es\/producto\/dji-goggles-2-motion-combo\/","title":{"rendered":"Combo DJI Goggles 2 Motion"},"content":{"rendered":"<p><strong>Introducci\u00f3n a las gafas DJI 2<\/strong><\/p>\n<p> Las DJI Goggles 2 est\u00e1n dise\u00f1adas de forma innovadora para mejorar tus experiencias de vuelo de drones y visualizaci\u00f3n de v\u00eddeos. Gracias a su construcci\u00f3n ligera y c\u00f3moda, est\u00e1n dise\u00f1adas para un uso prolongado, para que puedas disfrutar de tus actividades sin molestias.<\/p>\n<p><strong>Pantallas Micro-OLED de alta definici\u00f3n<\/strong><\/p>\n<p> Con dos pantallas de alta definici\u00f3n con tecnolog\u00eda Micro-OLED, las DJI Goggles 2 ofrecen una resoluci\u00f3n de 1080p para cada ojo. Pueden refrescar las im\u00e1genes hasta 100 veces por segundo (100 Hz)*, consiguiendo colores vivos y sombras matizadas para una experiencia visual realista.<\/p>\n<p><strong>Posibilidad de ajustar la visi\u00f3n<\/strong><\/p>\n<p> Una de las principales ventajas de las DJI Goggles 2 es su funci\u00f3n integrada de ajuste facial, que cubre un rango de -8,0 D a +2,0 D. Esta flexibilidad garantiza que la mayor\u00eda de las personas puedan utilizar las gafas sin necesidad de gafas graduadas, lo que hace que la experiencia sea perfectamente inclusiva.<\/p>\n<p><strong>Tecnolog\u00eda avanzada de transmisi\u00f3n de v\u00eddeo O3<\/strong><\/p>\n<p> La integraci\u00f3n de la tecnolog\u00eda de transmisi\u00f3n de v\u00eddeo O3+ de DJI reduce dr\u00e1sticamente la latencia entre la se\u00f1al de la c\u00e1mara del dron y lo que se ve a trav\u00e9s de las gafas. Este avance no solo mejora la experiencia de vuelo envolvente, sino que tambi\u00e9n permite a los pilotos capturar las tomas que desean con precisi\u00f3n.<\/p>\n<p><strong>Wi-Fi Transmisi\u00f3n inal\u00e1mbrica<\/strong><\/p>\n<p> Ampliando su utilidad m\u00e1s all\u00e1 del vuelo de drones, las DJI Goggles 2 admiten streaming Wi-Fi inal\u00e1mbrico. El protocolo DLNA permite a los usuarios conectarse a una gran variedad de servicios de streaming de v\u00eddeo, d\u00e1ndoles acceso a un amplio espectro de contenidos para el entretenimiento.<\/p>\n<p><strong>Experiencia de audio envolvente<\/strong><\/p>\n<p> Para complementar la excelencia visual, las gafas incorporan un amplificador de potencia y un puerto de audio de 3,5 mm. Esto permite conectar auriculares o altavoces para que el audio est\u00e9 perfectamente sincronizado con los visuales, para una experiencia audiovisual envolvente.<\/p>\n<p><strong>Comentario<\/strong><\/p>\n<p> *La frecuencia de refresco real puede fluctuar entre 100 Hz y 60 Hz y se ajusta en funci\u00f3n de la frecuencia de imagen del v\u00eddeo enviado a las gafas para optimizar la experiencia visual.<\/p>\n<p><\/p>","protected":false},"excerpt":{"rendered":"<ul>\n<li>Dise\u00f1o ligero y port\u00e1til para un transporte c\u00f3modo<\/li>\n<li> Incluye dos pantallas Micro-OLED de 1080p<\/li>\n<li> Frecuencia de actualizaci\u00f3n de hasta 100 Hz para im\u00e1genes fluidas<\/li>\n<li> La pantalla mejorada de 10 bits ofrece colores realistas<\/li>\n<li> Admite ajuste di\u00f3ptrico de -8,0 D a +2,0 D<\/li>\n<li> Transmisi\u00f3n de v\u00eddeo DJI O3+ con latencia ultrabaja<\/li>\n<li> Experiencias de vuelo y fotograf\u00eda a\u00e9rea envolventes<\/li>\n<li> Transmisi\u00f3n inal\u00e1mbrica Wi-Fi mediante protocolo DLNA<\/li>\n<li> Incluye amplificador de potencia y puerto de audio de 3,5 mm para un sonido envolvente<\/li>\n<li> La frecuencia de actualizaci\u00f3n se ajusta entre 100 Hz y 60 Hz en funci\u00f3n de la frecuencia de imagen del v\u00eddeo.<\/li>\n<\/ul>","protected":false},"featured_media":3912,"template":"","meta":{"_acf_changed":false},"product_brand":[],"product_cat":[731,97,733],"product_tag":[],"class_list":{"0":"post-3915","1":"product","2":"type-product","3":"status-publish","4":"has-post-thumbnail","6":"product_cat-alle-goggles","7":"product_cat-alle-producten","8":"product_cat-dji-goggles","9":"pa_brand-dji","10":"pa_productfamily-goggles","11":"pa_producttype-goggles","13":"first","14":"instock","15":"taxable","16":"shipping-taxable","17":"product-type-simple"},"acf":[],"yoast_head":"<!-- This site is optimized with the Yoast SEO Premium plugin v27.2 (Yoast SEO v27.2) - https:\/\/yoast.com\/product\/yoast-seo-premium-wordpress\/ -->\n<title>DJI Goggles 2 Motion Combo - koningdrone.be<\/title>\n<meta name=\"robots\" content=\"index, follow, max-snippet:-1, max-image-preview:large, max-video-preview:-1\" \/>\n<link rel=\"canonical\" href=\"https:\/\/koningdrone.be\/es\/producto\/dji-goggles-2-motion-combo\/\" \/>\n<meta property=\"og:locale\" content=\"es_ES\" \/>\n<meta property=\"og:type\" content=\"article\" \/>\n<meta property=\"og:title\" content=\"DJI Goggles 2 Motion Combo\" \/>\n<meta property=\"og:description\" content=\"Lichtgewicht, draagbaar ontwerp voor comfortabel dragen Beschikt over twee 1080p Micro-OLED-schermen Vernieuwingssnelheid tot 100 Hz voor vloeiende beelden Verbeterde 10-bits weergave biedt levensechte kleuren Ondersteunt dioptrie-aanpassing van -8,0 D tot +2,0 D DJI O3+ videotransmissie met ultralage latentie Maakt meeslepende vlieg- en luchtfotografie-ervaringen mogelijk Draadloze Wi-Fi-streaming via DLNA-protocol Inclusief eindversterker en 3,5 mm audiopoort voor meeslepende audio De vernieuwingsfrequentie past zich aan tussen 100 Hz en 60 Hz op basis van de videoframesnelheid\" \/>\n<meta property=\"og:url\" content=\"https:\/\/koningdrone.be\/es\/producto\/dji-goggles-2-motion-combo\/\" \/>\n<meta property=\"og:site_name\" content=\"koningdrone.be\" \/>\n<meta property=\"article:modified_time\" content=\"2025-04-29T11:59:49+00:00\" \/>\n<meta property=\"og:image\" content=\"https:\/\/koningdrone.be\/wp-content\/uploads\/sites\/13\/2025\/04\/13d1aed9561a1a416b35af701b2bdb84@large.jpg\" \/>\n\t<meta property=\"og:image:width\" content=\"1200\" \/>\n\t<meta property=\"og:image:height\" content=\"800\" \/>\n\t<meta property=\"og:image:type\" content=\"image\/jpeg\" \/>\n<meta name=\"twitter:card\" content=\"summary_large_image\" \/>\n<meta name=\"twitter:label1\" content=\"Tiempo de lectura\" \/>\n\t<meta name=\"twitter:data1\" content=\"2 minutos\" \/>\n<script type=\"application\/ld+json\" class=\"yoast-schema-graph\">{\"@context\":\"https:\/\/schema.org\",\"@graph\":[{\"@type\":\"WebPage\",\"@id\":\"https:\/\/koningdrone.be\/en\/product\/dji-goggles-2-motion-combo\/\",\"url\":\"https:\/\/koningdrone.be\/en\/product\/dji-goggles-2-motion-combo\/\",\"name\":\"DJI Goggles 2 Motion Combo - koningdrone.be\",\"isPartOf\":{\"@id\":\"https:\/\/koningdrone.be\/#website\"},\"primaryImageOfPage\":{\"@id\":\"https:\/\/koningdrone.be\/en\/product\/dji-goggles-2-motion-combo\/#primaryimage\"},\"image\":{\"@id\":\"https:\/\/koningdrone.be\/en\/product\/dji-goggles-2-motion-combo\/#primaryimage\"},\"thumbnailUrl\":\"https:\/\/koningdrone.be\/wp-content\/uploads\/sites\/13\/2025\/04\/13d1aed9561a1a416b35af701b2bdb84@large.jpg\",\"datePublished\":\"2024-03-13T15:42:58+00:00\",\"dateModified\":\"2025-04-29T11:59:49+00:00\",\"breadcrumb\":{\"@id\":\"https:\/\/koningdrone.be\/en\/product\/dji-goggles-2-motion-combo\/#breadcrumb\"},\"inLanguage\":\"es\",\"potentialAction\":[{\"@type\":\"ReadAction\",\"target\":[\"https:\/\/koningdrone.be\/en\/product\/dji-goggles-2-motion-combo\/\"]}]},{\"@type\":\"ImageObject\",\"inLanguage\":\"es\",\"@id\":\"https:\/\/koningdrone.be\/en\/product\/dji-goggles-2-motion-combo\/#primaryimage\",\"url\":\"https:\/\/koningdrone.be\/wp-content\/uploads\/sites\/13\/2025\/04\/13d1aed9561a1a416b35af701b2bdb84@large.jpg\",\"contentUrl\":\"https:\/\/koningdrone.be\/wp-content\/uploads\/sites\/13\/2025\/04\/13d1aed9561a1a416b35af701b2bdb84@large.jpg\",\"width\":1200,\"height\":800},{\"@type\":\"BreadcrumbList\",\"@id\":\"https:\/\/koningdrone.be\/en\/product\/dji-goggles-2-motion-combo\/#breadcrumb\",\"itemListElement\":[{\"@type\":\"ListItem\",\"position\":1,\"name\":\"Home\",\"item\":\"https:\/\/koningdrone.be\/\"},{\"@type\":\"ListItem\",\"position\":2,\"name\":\"AVSS Parachute Recovery System for DJI Matrice 300\/350\",\"item\":\"https:\/\/koningdrone.be\/product\/avss-parachute-recovery-system-for-dji-matrice-300-350\/\"},{\"@type\":\"ListItem\",\"position\":3,\"name\":\"Alle goggles\",\"item\":\"https:\/\/koningdrone.be\/categorie\/alle-goggles\/\"},{\"@type\":\"ListItem\",\"position\":4,\"name\":\"DJI Goggles 2 Motion Combo\"}]},{\"@type\":\"WebSite\",\"@id\":\"https:\/\/koningdrone.be\/#website\",\"url\":\"https:\/\/koningdrone.be\/\",\"name\":\"Koningdrone.be - Uw online specialist in drones, gimbals, camera's en power stations.\",\"description\":\"De webshop in drones en gimbals\",\"publisher\":{\"@id\":\"https:\/\/koningdrone.be\/#organization\"},\"potentialAction\":[{\"@type\":\"SearchAction\",\"target\":{\"@type\":\"EntryPoint\",\"urlTemplate\":\"https:\/\/koningdrone.be\/?s={search_term_string}\"},\"query-input\":{\"@type\":\"PropertyValueSpecification\",\"valueRequired\":true,\"valueName\":\"search_term_string\"}}],\"inLanguage\":\"es\"},{\"@type\":\"Organization\",\"@id\":\"https:\/\/koningdrone.be\/#organization\",\"name\":\"Koningdrone.be\",\"url\":\"https:\/\/koningdrone.be\/\",\"logo\":{\"@type\":\"ImageObject\",\"inLanguage\":\"es\",\"@id\":\"https:\/\/koningdrone.be\/#\/schema\/logo\/image\/\",\"url\":\"https:\/\/koningdrone.be\/wp-content\/uploads\/sites\/13\/2025\/04\/koningdrone-copyright-logo.svg\",\"contentUrl\":\"https:\/\/koningdrone.be\/wp-content\/uploads\/sites\/13\/2025\/04\/koningdrone-copyright-logo.svg\",\"width\":227,\"height\":38,\"caption\":\"Koningdrone.be\"},\"image\":{\"@id\":\"https:\/\/koningdrone.be\/#\/schema\/logo\/image\/\"}}]}<\/script>\n<!-- \/ Yoast SEO Premium plugin. -->","yoast_head_json":{"title":"DJI Goggles 2 Motion Combo - koningdrone.be","robots":{"index":"index","follow":"follow","max-snippet":"max-snippet:-1","max-image-preview":"max-image-preview:large","max-video-preview":"max-video-preview:-1"},"canonical":"https:\/\/koningdrone.be\/es\/producto\/dji-goggles-2-motion-combo\/","og_locale":"es_ES","og_type":"article","og_title":"DJI Goggles 2 Motion Combo","og_description":"Lichtgewicht, draagbaar ontwerp voor comfortabel dragen Beschikt over twee 1080p Micro-OLED-schermen Vernieuwingssnelheid tot 100 Hz voor vloeiende beelden Verbeterde 10-bits weergave biedt levensechte kleuren Ondersteunt dioptrie-aanpassing van -8,0 D tot +2,0 D DJI O3+ videotransmissie met ultralage latentie Maakt meeslepende vlieg- en luchtfotografie-ervaringen mogelijk Draadloze Wi-Fi-streaming via DLNA-protocol Inclusief eindversterker en 3,5 mm audiopoort voor meeslepende audio De vernieuwingsfrequentie past zich aan tussen 100 Hz en 60 Hz op basis van de videoframesnelheid","og_url":"https:\/\/koningdrone.be\/es\/producto\/dji-goggles-2-motion-combo\/","og_site_name":"koningdrone.be","article_modified_time":"2025-04-29T11:59:49+00:00","og_image":[{"width":1200,"height":800,"url":"https:\/\/koningdrone.be\/wp-content\/uploads\/sites\/13\/2025\/04\/13d1aed9561a1a416b35af701b2bdb84@large.jpg","type":"image\/jpeg"}],"twitter_card":"summary_large_image","twitter_misc":{"Tiempo de lectura":"2 minutos"},"schema":{"@context":"https:\/\/schema.org","@graph":[{"@type":"WebPage","@id":"https:\/\/koningdrone.be\/en\/product\/dji-goggles-2-motion-combo\/","url":"https:\/\/koningdrone.be\/en\/product\/dji-goggles-2-motion-combo\/","name":"DJI Goggles 2 Motion Combo - koningdrone.be","isPartOf":{"@id":"https:\/\/koningdrone.be\/#website"},"primaryImageOfPage":{"@id":"https:\/\/koningdrone.be\/en\/product\/dji-goggles-2-motion-combo\/#primaryimage"},"image":{"@id":"https:\/\/koningdrone.be\/en\/product\/dji-goggles-2-motion-combo\/#primaryimage"},"thumbnailUrl":"https:\/\/koningdrone.be\/wp-content\/uploads\/sites\/13\/2025\/04\/13d1aed9561a1a416b35af701b2bdb84@large.jpg","datePublished":"2024-03-13T15:42:58+00:00","dateModified":"2025-04-29T11:59:49+00:00","breadcrumb":{"@id":"https:\/\/koningdrone.be\/en\/product\/dji-goggles-2-motion-combo\/#breadcrumb"},"inLanguage":"es","potentialAction":[{"@type":"ReadAction","target":["https:\/\/koningdrone.be\/en\/product\/dji-goggles-2-motion-combo\/"]}]},{"@type":"ImageObject","inLanguage":"es","@id":"https:\/\/koningdrone.be\/en\/product\/dji-goggles-2-motion-combo\/#primaryimage","url":"https:\/\/koningdrone.be\/wp-content\/uploads\/sites\/13\/2025\/04\/13d1aed9561a1a416b35af701b2bdb84@large.jpg","contentUrl":"https:\/\/koningdrone.be\/wp-content\/uploads\/sites\/13\/2025\/04\/13d1aed9561a1a416b35af701b2bdb84@large.jpg","width":1200,"height":800},{"@type":"BreadcrumbList","@id":"https:\/\/koningdrone.be\/en\/product\/dji-goggles-2-motion-combo\/#breadcrumb","itemListElement":[{"@type":"ListItem","position":1,"name":"Home","item":"https:\/\/koningdrone.be\/"},{"@type":"ListItem","position":2,"name":"AVSS Parachute Recovery System for DJI Matrice 300\/350","item":"https:\/\/koningdrone.be\/product\/avss-parachute-recovery-system-for-dji-matrice-300-350\/"},{"@type":"ListItem","position":3,"name":"Alle goggles","item":"https:\/\/koningdrone.be\/categorie\/alle-goggles\/"},{"@type":"ListItem","position":4,"name":"DJI Goggles 2 Motion Combo"}]},{"@type":"WebSite","@id":"https:\/\/koningdrone.be\/#website","url":"https:\/\/koningdrone.be\/","name":"Koningdrone.be - Su especialista en l\u00ednea en drones, cardanes, c\u00e1maras y centrales el\u00e9ctricas.","description":"La tienda virtual de drones y cardanes","publisher":{"@id":"https:\/\/koningdrone.be\/#organization"},"potentialAction":[{"@type":"SearchAction","target":{"@type":"EntryPoint","urlTemplate":"https:\/\/koningdrone.be\/?s={search_term_string}"},"query-input":{"@type":"PropertyValueSpecification","valueRequired":true,"valueName":"search_term_string"}}],"inLanguage":"es"},{"@type":"Organization","@id":"https:\/\/koningdrone.be\/#organization","name":"Kingdrone.es","url":"https:\/\/koningdrone.be\/","logo":{"@type":"ImageObject","inLanguage":"es","@id":"https:\/\/koningdrone.be\/#\/schema\/logo\/image\/","url":"https:\/\/koningdrone.be\/wp-content\/uploads\/sites\/13\/2025\/04\/koningdrone-copyright-logo.svg","contentUrl":"https:\/\/koningdrone.be\/wp-content\/uploads\/sites\/13\/2025\/04\/koningdrone-copyright-logo.svg","width":227,"height":38,"caption":"Koningdrone.be"},"image":{"@id":"https:\/\/koningdrone.be\/#\/schema\/logo\/image\/"}}]}},"df_price":"","df_sale_price":"","df_regular_price":"","df_image_link":"https:\/\/koningdrone.be\/wp-content\/uploads\/sites\/13\/2025\/04\/13d1aed9561a1a416b35af701b2bdb84@large-300x200.jpg","_links":{"self":[{"href":"https:\/\/koningdrone.be\/es\/wp-json\/wp\/v2\/product\/3915","targetHints":{"allow":["GET"]}}],"collection":[{"href":"https:\/\/koningdrone.be\/es\/wp-json\/wp\/v2\/product"}],"about":[{"href":"https:\/\/koningdrone.be\/es\/wp-json\/wp\/v2\/types\/product"}],"wp:featuredmedia":[{"embeddable":true,"href":"https:\/\/koningdrone.be\/es\/wp-json\/wp\/v2\/media\/3912"}],"wp:attachment":[{"href":"https:\/\/koningdrone.be\/es\/wp-json\/wp\/v2\/media?parent=3915"}],"wp:term":[{"taxonomy":"product_brand","embeddable":true,"href":"https:\/\/koningdrone.be\/es\/wp-json\/wp\/v2\/product_brand?post=3915"},{"taxonomy":"product_cat","embeddable":true,"href":"https:\/\/koningdrone.be\/es\/wp-json\/wp\/v2\/product_cat?post=3915"},{"taxonomy":"product_tag","embeddable":true,"href":"https:\/\/koningdrone.be\/es\/wp-json\/wp\/v2\/product_tag?post=3915"}],"curies":[{"name":"wp","href":"https:\/\/api.w.org\/{rel}","templated":true}]}}