{"id":3908,"date":"2024-03-13T15:43:25","date_gmt":"2024-03-13T15:43:25","guid":{"rendered":"https:\/\/koningdrone.nl\/kon\/product\/dji-inspire-3-raw-license\/"},"modified":"2025-04-29T11:59:33","modified_gmt":"2025-04-29T11:59:33","slug":"dji-inspire-3-raw-license","status":"publish","type":"product","link":"https:\/\/koningdrone.be\/es\/producto\/dji-inspire-3-raw-license\/","title":{"rendered":"Licencia DJI Inspire 3 RAW"},"content":{"rendered":"<p><strong>Funciones avanzadas de grabaci\u00f3n de v\u00eddeo<\/strong><\/p>\n<p> Este producto est\u00e1 dise\u00f1ado para cineastas y profesionales del v\u00eddeo que exigen la m\u00e1xima calidad de metraje para sus proyectos. Al ser compatible con los c\u00f3decs CinemaDNG y Apple ProRes RAW, ofrece una calidad de imagen inigualable, flexibilidad de postproducci\u00f3n y el detalle necesario para el trabajo profesional. Tanto si est\u00e1s rodando un largometraje como un anuncio o un documental, estos c\u00f3decs har\u00e1n que tus contenidos visuales destaquen.<\/p>\n<p><strong>Compra \u00fanica para acceso ilimitado<\/strong><\/p>\n<p> Si inviertes en este producto, tienes garantizado el acceso de por vida a los principales c\u00f3decs de v\u00eddeo, sin tener que realizar pagos recurrentes. Con un pago \u00fanico, obtienes acceso ilimitado a los c\u00f3decs CinemaDNG y Apple ProRes RAW. Esto no es s\u00f3lo una inversi\u00f3n en su proyecto actual, sino tambi\u00e9n en todos sus proyectos futuros. La producci\u00f3n de v\u00eddeo de alta calidad es ahora m\u00e1s accesible que nunca.<\/p>\n<p><strong>Instrucciones de activaci\u00f3n<\/strong><\/p>\n<p> Para activar tu clave de licencia y desbloquear estas funciones avanzadas de grabaci\u00f3n de v\u00eddeo, sigue el enlace proporcionado para un sencillo proceso de activaci\u00f3n. La gu\u00eda paso a paso garantiza que puedas empezar a utilizar r\u00e1pida y f\u00e1cilmente los c\u00f3decs CinemaDNG y Apple ProRes RAW en tu trabajo, maximizando tu potencial creativo y la calidad de tus proyectos.<\/p>\n<p><\/p>","protected":false},"excerpt":{"rendered":"<ul>\n<li>Compatible con los c\u00f3decs CinemaDNG y Apple ProRes RAW<\/li>\n<li> Satisface amplias necesidades cinematogr\u00e1ficas<\/li>\n<li> Adecuado para flujos de trabajo de v\u00eddeo habituales<\/li>\n<li> Im\u00e1genes n\u00edtidas y ricas en detalles<\/li>\n<li> Compra \u00fanica con validez ilimitada<\/li>\n<li> Instrucciones para activar la clave de licencia<\/li>\n<\/ul>","protected":false},"featured_media":3907,"template":"","meta":{"_acf_changed":false},"product_brand":[],"product_cat":[97,641,433,782],"product_tag":[],"class_list":{"0":"post-3908","1":"product","2":"type-product","3":"status-publish","4":"has-post-thumbnail","6":"product_cat-alle-producten","7":"product_cat-dji-inspire","8":"product_cat-dji-inspire-3","9":"product_cat-software","10":"pa_brand-dji","11":"pa_productfamily-software","12":"pa_producttype-software","14":"first","15":"instock","16":"taxable","17":"shipping-taxable","18":"product-type-simple"},"acf":[],"yoast_head":"<!-- This site is optimized with the Yoast SEO Premium plugin v27.2 (Yoast SEO v27.2) - https:\/\/yoast.com\/product\/yoast-seo-premium-wordpress\/ -->\n<title>DJI Inspire 3 RAW License - koningdrone.be<\/title>\n<meta name=\"robots\" content=\"index, follow, max-snippet:-1, max-image-preview:large, max-video-preview:-1\" \/>\n<link rel=\"canonical\" href=\"https:\/\/koningdrone.be\/es\/producto\/dji-inspire-3-raw-license\/\" \/>\n<meta property=\"og:locale\" content=\"es_ES\" \/>\n<meta property=\"og:type\" content=\"article\" \/>\n<meta property=\"og:title\" content=\"DJI Inspire 3 RAW License\" \/>\n<meta property=\"og:description\" content=\"Ondersteunt CinemaDNG- en Apple ProRes RAW-codecs Voldoet aan uitgebreide cinematografische behoeften Geschikt voor reguliere videoworkflows Levert scherpe, detailrijke beelden Eenmalige aankoop met onbepaalde geldigheid Instructies voor activering van de licentiesleutel\" \/>\n<meta property=\"og:url\" content=\"https:\/\/koningdrone.be\/es\/producto\/dji-inspire-3-raw-license\/\" \/>\n<meta property=\"og:site_name\" content=\"koningdrone.be\" \/>\n<meta property=\"article:modified_time\" content=\"2025-04-29T11:59:33+00:00\" \/>\n<meta property=\"og:image\" content=\"https:\/\/koningdrone.be\/wp-content\/uploads\/sites\/13\/2025\/04\/d40ee9b0849a47cb32b4b081990f4cec@large.jpg\" \/>\n\t<meta property=\"og:image:width\" content=\"1200\" \/>\n\t<meta property=\"og:image:height\" content=\"800\" \/>\n\t<meta property=\"og:image:type\" content=\"image\/jpeg\" \/>\n<meta name=\"twitter:card\" content=\"summary_large_image\" \/>\n<meta name=\"twitter:label1\" content=\"Tiempo de lectura\" \/>\n\t<meta name=\"twitter:data1\" content=\"1 minuto\" \/>\n<script type=\"application\/ld+json\" class=\"yoast-schema-graph\">{\"@context\":\"https:\/\/schema.org\",\"@graph\":[{\"@type\":\"WebPage\",\"@id\":\"https:\/\/koningdrone.be\/product\/dji-inspire-3-raw-license\/\",\"url\":\"https:\/\/koningdrone.be\/product\/dji-inspire-3-raw-license\/\",\"name\":\"DJI Inspire 3 RAW License - koningdrone.be\",\"isPartOf\":{\"@id\":\"https:\/\/koningdrone.be\/#website\"},\"primaryImageOfPage\":{\"@id\":\"https:\/\/koningdrone.be\/product\/dji-inspire-3-raw-license\/#primaryimage\"},\"image\":{\"@id\":\"https:\/\/koningdrone.be\/product\/dji-inspire-3-raw-license\/#primaryimage\"},\"thumbnailUrl\":\"https:\/\/koningdrone.be\/wp-content\/uploads\/sites\/13\/2025\/04\/d40ee9b0849a47cb32b4b081990f4cec@large.jpg\",\"datePublished\":\"2024-03-13T15:43:25+00:00\",\"dateModified\":\"2025-04-29T11:59:33+00:00\",\"breadcrumb\":{\"@id\":\"https:\/\/koningdrone.be\/product\/dji-inspire-3-raw-license\/#breadcrumb\"},\"inLanguage\":\"es\",\"potentialAction\":[{\"@type\":\"ReadAction\",\"target\":[\"https:\/\/koningdrone.be\/product\/dji-inspire-3-raw-license\/\"]}]},{\"@type\":\"ImageObject\",\"inLanguage\":\"es\",\"@id\":\"https:\/\/koningdrone.be\/product\/dji-inspire-3-raw-license\/#primaryimage\",\"url\":\"https:\/\/koningdrone.be\/wp-content\/uploads\/sites\/13\/2025\/04\/d40ee9b0849a47cb32b4b081990f4cec@large.jpg\",\"contentUrl\":\"https:\/\/koningdrone.be\/wp-content\/uploads\/sites\/13\/2025\/04\/d40ee9b0849a47cb32b4b081990f4cec@large.jpg\",\"width\":1200,\"height\":800},{\"@type\":\"BreadcrumbList\",\"@id\":\"https:\/\/koningdrone.be\/product\/dji-inspire-3-raw-license\/#breadcrumb\",\"itemListElement\":[{\"@type\":\"ListItem\",\"position\":1,\"name\":\"Home\",\"item\":\"https:\/\/koningdrone.be\/\"},{\"@type\":\"ListItem\",\"position\":2,\"name\":\"AVSS Parachute Recovery System for DJI Matrice 300\/350\",\"item\":\"https:\/\/koningdrone.be\/product\/avss-parachute-recovery-system-for-dji-matrice-300-350\/\"},{\"@type\":\"ListItem\",\"position\":3,\"name\":\"Alle producten\",\"item\":\"https:\/\/koningdrone.be\/categorie\/alle-producten\/\"},{\"@type\":\"ListItem\",\"position\":4,\"name\":\"DJI Inspire 3 RAW License\"}]},{\"@type\":\"WebSite\",\"@id\":\"https:\/\/koningdrone.be\/#website\",\"url\":\"https:\/\/koningdrone.be\/\",\"name\":\"Koningdrone.be - Uw online specialist in drones, gimbals, camera's en power stations.\",\"description\":\"De webshop in drones en gimbals\",\"publisher\":{\"@id\":\"https:\/\/koningdrone.be\/#organization\"},\"potentialAction\":[{\"@type\":\"SearchAction\",\"target\":{\"@type\":\"EntryPoint\",\"urlTemplate\":\"https:\/\/koningdrone.be\/?s={search_term_string}\"},\"query-input\":{\"@type\":\"PropertyValueSpecification\",\"valueRequired\":true,\"valueName\":\"search_term_string\"}}],\"inLanguage\":\"es\"},{\"@type\":\"Organization\",\"@id\":\"https:\/\/koningdrone.be\/#organization\",\"name\":\"Koningdrone.be\",\"url\":\"https:\/\/koningdrone.be\/\",\"logo\":{\"@type\":\"ImageObject\",\"inLanguage\":\"es\",\"@id\":\"https:\/\/koningdrone.be\/#\/schema\/logo\/image\/\",\"url\":\"https:\/\/koningdrone.be\/wp-content\/uploads\/sites\/13\/2025\/04\/koningdrone-copyright-logo.svg\",\"contentUrl\":\"https:\/\/koningdrone.be\/wp-content\/uploads\/sites\/13\/2025\/04\/koningdrone-copyright-logo.svg\",\"width\":227,\"height\":38,\"caption\":\"Koningdrone.be\"},\"image\":{\"@id\":\"https:\/\/koningdrone.be\/#\/schema\/logo\/image\/\"}}]}<\/script>\n<!-- \/ Yoast SEO Premium plugin. -->","yoast_head_json":{"title":"DJI Inspire 3 RAW License - koningdrone.be","robots":{"index":"index","follow":"follow","max-snippet":"max-snippet:-1","max-image-preview":"max-image-preview:large","max-video-preview":"max-video-preview:-1"},"canonical":"https:\/\/koningdrone.be\/es\/producto\/dji-inspire-3-raw-license\/","og_locale":"es_ES","og_type":"article","og_title":"DJI Inspire 3 RAW License","og_description":"Ondersteunt CinemaDNG- en Apple ProRes RAW-codecs Voldoet aan uitgebreide cinematografische behoeften Geschikt voor reguliere videoworkflows Levert scherpe, detailrijke beelden Eenmalige aankoop met onbepaalde geldigheid Instructies voor activering van de licentiesleutel","og_url":"https:\/\/koningdrone.be\/es\/producto\/dji-inspire-3-raw-license\/","og_site_name":"koningdrone.be","article_modified_time":"2025-04-29T11:59:33+00:00","og_image":[{"width":1200,"height":800,"url":"https:\/\/koningdrone.be\/wp-content\/uploads\/sites\/13\/2025\/04\/d40ee9b0849a47cb32b4b081990f4cec@large.jpg","type":"image\/jpeg"}],"twitter_card":"summary_large_image","twitter_misc":{"Tiempo de lectura":"1 minuto"},"schema":{"@context":"https:\/\/schema.org","@graph":[{"@type":"WebPage","@id":"https:\/\/koningdrone.be\/product\/dji-inspire-3-raw-license\/","url":"https:\/\/koningdrone.be\/product\/dji-inspire-3-raw-license\/","name":"DJI Inspire 3 RAW License - koningdrone.be","isPartOf":{"@id":"https:\/\/koningdrone.be\/#website"},"primaryImageOfPage":{"@id":"https:\/\/koningdrone.be\/product\/dji-inspire-3-raw-license\/#primaryimage"},"image":{"@id":"https:\/\/koningdrone.be\/product\/dji-inspire-3-raw-license\/#primaryimage"},"thumbnailUrl":"https:\/\/koningdrone.be\/wp-content\/uploads\/sites\/13\/2025\/04\/d40ee9b0849a47cb32b4b081990f4cec@large.jpg","datePublished":"2024-03-13T15:43:25+00:00","dateModified":"2025-04-29T11:59:33+00:00","breadcrumb":{"@id":"https:\/\/koningdrone.be\/product\/dji-inspire-3-raw-license\/#breadcrumb"},"inLanguage":"es","potentialAction":[{"@type":"ReadAction","target":["https:\/\/koningdrone.be\/product\/dji-inspire-3-raw-license\/"]}]},{"@type":"ImageObject","inLanguage":"es","@id":"https:\/\/koningdrone.be\/product\/dji-inspire-3-raw-license\/#primaryimage","url":"https:\/\/koningdrone.be\/wp-content\/uploads\/sites\/13\/2025\/04\/d40ee9b0849a47cb32b4b081990f4cec@large.jpg","contentUrl":"https:\/\/koningdrone.be\/wp-content\/uploads\/sites\/13\/2025\/04\/d40ee9b0849a47cb32b4b081990f4cec@large.jpg","width":1200,"height":800},{"@type":"BreadcrumbList","@id":"https:\/\/koningdrone.be\/product\/dji-inspire-3-raw-license\/#breadcrumb","itemListElement":[{"@type":"ListItem","position":1,"name":"Home","item":"https:\/\/koningdrone.be\/"},{"@type":"ListItem","position":2,"name":"AVSS Parachute Recovery System for DJI Matrice 300\/350","item":"https:\/\/koningdrone.be\/product\/avss-parachute-recovery-system-for-dji-matrice-300-350\/"},{"@type":"ListItem","position":3,"name":"Alle producten","item":"https:\/\/koningdrone.be\/categorie\/alle-producten\/"},{"@type":"ListItem","position":4,"name":"DJI Inspire 3 RAW License"}]},{"@type":"WebSite","@id":"https:\/\/koningdrone.be\/#website","url":"https:\/\/koningdrone.be\/","name":"Koningdrone.be - Su especialista en l\u00ednea en drones, cardanes, c\u00e1maras y centrales el\u00e9ctricas.","description":"La tienda virtual de drones y cardanes","publisher":{"@id":"https:\/\/koningdrone.be\/#organization"},"potentialAction":[{"@type":"SearchAction","target":{"@type":"EntryPoint","urlTemplate":"https:\/\/koningdrone.be\/?s={search_term_string}"},"query-input":{"@type":"PropertyValueSpecification","valueRequired":true,"valueName":"search_term_string"}}],"inLanguage":"es"},{"@type":"Organization","@id":"https:\/\/koningdrone.be\/#organization","name":"Kingdrone.es","url":"https:\/\/koningdrone.be\/","logo":{"@type":"ImageObject","inLanguage":"es","@id":"https:\/\/koningdrone.be\/#\/schema\/logo\/image\/","url":"https:\/\/koningdrone.be\/wp-content\/uploads\/sites\/13\/2025\/04\/koningdrone-copyright-logo.svg","contentUrl":"https:\/\/koningdrone.be\/wp-content\/uploads\/sites\/13\/2025\/04\/koningdrone-copyright-logo.svg","width":227,"height":38,"caption":"Koningdrone.be"},"image":{"@id":"https:\/\/koningdrone.be\/#\/schema\/logo\/image\/"}}]}},"df_price":"","df_sale_price":"","df_regular_price":"","df_image_link":"https:\/\/koningdrone.be\/wp-content\/uploads\/sites\/13\/2025\/04\/d40ee9b0849a47cb32b4b081990f4cec@large-300x200.jpg","_links":{"self":[{"href":"https:\/\/koningdrone.be\/es\/wp-json\/wp\/v2\/product\/3908","targetHints":{"allow":["GET"]}}],"collection":[{"href":"https:\/\/koningdrone.be\/es\/wp-json\/wp\/v2\/product"}],"about":[{"href":"https:\/\/koningdrone.be\/es\/wp-json\/wp\/v2\/types\/product"}],"wp:featuredmedia":[{"embeddable":true,"href":"https:\/\/koningdrone.be\/es\/wp-json\/wp\/v2\/media\/3907"}],"wp:attachment":[{"href":"https:\/\/koningdrone.be\/es\/wp-json\/wp\/v2\/media?parent=3908"}],"wp:term":[{"taxonomy":"product_brand","embeddable":true,"href":"https:\/\/koningdrone.be\/es\/wp-json\/wp\/v2\/product_brand?post=3908"},{"taxonomy":"product_cat","embeddable":true,"href":"https:\/\/koningdrone.be\/es\/wp-json\/wp\/v2\/product_cat?post=3908"},{"taxonomy":"product_tag","embeddable":true,"href":"https:\/\/koningdrone.be\/es\/wp-json\/wp\/v2\/product_tag?post=3908"}],"curies":[{"name":"wp","href":"https:\/\/api.w.org\/{rel}","templated":true}]}}