{"id":3901,"date":"2024-03-13T15:45:18","date_gmt":"2024-03-13T14:45:18","guid":{"rendered":"https:\/\/koningdrone.nl\/kon\/product\/dji-mic-2-charging-case\/"},"modified":"2026-04-29T15:10:50","modified_gmt":"2026-04-29T13:10:50","slug":"dji-mic-2-charging-case","status":"publish","type":"product","link":"https:\/\/koningdrone.be\/es\/producto\/dji-mic-2-charging-case\/","title":{"rendered":"Funda de carga DJI Mic 2"},"content":{"rendered":"<p> El estuche de carga DJI Mic 2 es un activo indispensable para los creadores de contenidos que buscan una alimentaci\u00f3n ininterrumpida para sus dispositivos de audio. Dise\u00f1ada para satisfacer las exigentes necesidades de los narradores modernos, esta completa soluci\u00f3n de carga ofrece funcionalidad y comodidad en un formato compacto.<\/p>\n<p><strong>Potencia de carga<\/strong><\/p>\n<p> Este cartucho de carga destaca por su capacidad para cargar dos transmisores y un receptor simult\u00e1neamente. Ofrece hasta 18 horas de uso continuo y permite a los creadores concentrarse en su oficio sin quedarse sin bater\u00eda e interrumpir su flujo de trabajo.<\/p>\n<p><strong>Soluci\u00f3n de almacenamiento<\/strong><\/p>\n<p> Adem\u00e1s de sus funciones de carga, la funda tambi\u00e9n sirve como pr\u00e1ctica soluci\u00f3n de almacenamiento. Tiene capacidad para transmisores, un receptor y adaptadores para tel\u00e9fonos m\u00f3viles, incluidos USB-C y Lightning, y ofrece un espacio \u00fanico y organizado para todo el equipo de audio necesario.<\/p>\n<p><strong>Funci\u00f3n de acoplamiento autom\u00e1tico<\/strong><\/p>\n<p> Una de las caracter\u00edsticas innovadoras de la carcasa es la capacidad de emparejar autom\u00e1ticamente el receptor y los transmisores. Esta automatizaci\u00f3n permite un proceso de instalaci\u00f3n r\u00e1pido, que permite a los usuarios abrir la carcasa y empezar a grabar audio inmediatamente y sin demora.<\/p>\n<p><strong>Objetivo<\/strong><\/p>\n<p> Dise\u00f1ado tanto para creadores de contenidos noveles como experimentados, el estuche de carga DJI Mic 2 est\u00e1 hecho a medida para mejorar la experiencia de grabaci\u00f3n de audio. Combina a la perfecci\u00f3n rendimiento, comodidad y facilidad de uso, por lo que es el complemento ideal para cualquier creador.<\/p>\n<p><\/p>","protected":false},"excerpt":{"rendered":"<ul>\n<li>Carga dos transmisores y un receptor simult\u00e1neamente<\/li>\n<li> Proporciona hasta 18 horas de funcionamiento<\/li>\n<li> Para guardar emisores, receptores y adaptadores de tel\u00e9fono m\u00f3vil<\/li>\n<li> Admite adaptadores USB-C y Lightning para tel\u00e9fonos m\u00f3viles<\/li>\n<li> Enlaza autom\u00e1ticamente el receptor y los transmisores al abrirse<\/li>\n<li> Dise\u00f1ado para facilitar su transporte y almacenamiento<\/li>\n<\/ul>","protected":false},"featured_media":3898,"template":"","meta":{"_acf_changed":false},"product_brand":[],"product_cat":[756,97,586,191,600],"product_tag":[],"class_list":{"0":"post-3901","1":"product","2":"type-product","3":"status-publish","4":"has-post-thumbnail","6":"product_cat-accessoires","7":"product_cat-alle-producten","8":"product_cat-dji","9":"product_cat-dji-mic","10":"product_cat-dji-mic-2","11":"product_shipping_class-outofstock","12":"pa_brand-dji","13":"pa_productfamily-accessoire","14":"pa_producttype-accessoire","15":"pa_series-mic-2","17":"first","18":"outofstock","19":"taxable","20":"shipping-taxable","21":"purchasable","22":"product-type-simple"},"acf":[],"yoast_head":"<!-- This site is optimized with the Yoast SEO Premium plugin v27.2 (Yoast SEO v27.2) - https:\/\/yoast.com\/product\/yoast-seo-premium-wordpress\/ -->\n<title>DJI Mic 2 Charging Case - koningdrone.be<\/title>\n<meta name=\"robots\" content=\"index, follow, max-snippet:-1, max-image-preview:large, max-video-preview:-1\" \/>\n<link rel=\"canonical\" href=\"https:\/\/koningdrone.be\/es\/producto\/dji-mic-2-charging-case\/\" \/>\n<meta property=\"og:locale\" content=\"es_ES\" \/>\n<meta property=\"og:type\" content=\"article\" \/>\n<meta property=\"og:title\" content=\"DJI Mic 2 Charging Case\" \/>\n<meta property=\"og:description\" content=\"Laadt tegelijkertijd twee zenders en \u00e9\u00e9n ontvanger op Biedt maximaal 18 uur bedrijfstijd Voor het opbergen van zenders, ontvangers en mobiele-telefoonadapters Ondersteunt USB-C- en Lightning-adapters voor mobiele telefoons Koppelt bij het openen automatisch ontvanger en zenders Ontworpen voor gemakkelijk dragen en opbergen\" \/>\n<meta property=\"og:url\" content=\"https:\/\/koningdrone.be\/es\/producto\/dji-mic-2-charging-case\/\" \/>\n<meta property=\"og:site_name\" content=\"koningdrone.be\" \/>\n<meta property=\"article:modified_time\" content=\"2026-04-29T13:10:50+00:00\" \/>\n<meta property=\"og:image\" content=\"https:\/\/koningdrone.be\/wp-content\/uploads\/sites\/13\/2025\/04\/a39459ef15c1bc85b374b91a392e9d1d@large.jpg\" \/>\n\t<meta property=\"og:image:width\" content=\"1200\" \/>\n\t<meta property=\"og:image:height\" content=\"800\" \/>\n\t<meta property=\"og:image:type\" content=\"image\/jpeg\" \/>\n<meta name=\"twitter:card\" content=\"summary_large_image\" \/>\n<meta name=\"twitter:label1\" content=\"Tiempo de lectura\" \/>\n\t<meta name=\"twitter:data1\" content=\"1 minuto\" \/>\n<script type=\"application\/ld+json\" class=\"yoast-schema-graph\">{\"@context\":\"https:\/\/schema.org\",\"@graph\":[{\"@type\":\"WebPage\",\"@id\":\"https:\/\/koningdrone.be\/product\/dji-mic-2-charging-case\/\",\"url\":\"https:\/\/koningdrone.be\/product\/dji-mic-2-charging-case\/\",\"name\":\"DJI Mic 2 Charging Case - koningdrone.be\",\"isPartOf\":{\"@id\":\"https:\/\/koningdrone.be\/#website\"},\"primaryImageOfPage\":{\"@id\":\"https:\/\/koningdrone.be\/product\/dji-mic-2-charging-case\/#primaryimage\"},\"image\":{\"@id\":\"https:\/\/koningdrone.be\/product\/dji-mic-2-charging-case\/#primaryimage\"},\"thumbnailUrl\":\"https:\/\/koningdrone.be\/wp-content\/uploads\/sites\/13\/2025\/04\/a39459ef15c1bc85b374b91a392e9d1d@large.jpg\",\"datePublished\":\"2024-03-13T14:45:18+00:00\",\"dateModified\":\"2026-04-29T13:10:50+00:00\",\"breadcrumb\":{\"@id\":\"https:\/\/koningdrone.be\/product\/dji-mic-2-charging-case\/#breadcrumb\"},\"inLanguage\":\"es\",\"potentialAction\":[{\"@type\":\"ReadAction\",\"target\":[\"https:\/\/koningdrone.be\/product\/dji-mic-2-charging-case\/\"]}]},{\"@type\":\"ImageObject\",\"inLanguage\":\"es\",\"@id\":\"https:\/\/koningdrone.be\/product\/dji-mic-2-charging-case\/#primaryimage\",\"url\":\"https:\/\/koningdrone.be\/wp-content\/uploads\/sites\/13\/2025\/04\/a39459ef15c1bc85b374b91a392e9d1d@large.jpg\",\"contentUrl\":\"https:\/\/koningdrone.be\/wp-content\/uploads\/sites\/13\/2025\/04\/a39459ef15c1bc85b374b91a392e9d1d@large.jpg\",\"width\":1200,\"height\":800},{\"@type\":\"BreadcrumbList\",\"@id\":\"https:\/\/koningdrone.be\/product\/dji-mic-2-charging-case\/#breadcrumb\",\"itemListElement\":[{\"@type\":\"ListItem\",\"position\":1,\"name\":\"Home\",\"item\":\"https:\/\/koningdrone.be\/\"},{\"@type\":\"ListItem\",\"position\":2,\"name\":\"AVSS Parachute Recovery System for DJI Matrice 300\/350\",\"item\":\"https:\/\/koningdrone.be\/product\/avss-parachute-recovery-system-for-dji-matrice-300-350\/\"},{\"@type\":\"ListItem\",\"position\":3,\"name\":\"Accessoires\",\"item\":\"https:\/\/koningdrone.be\/categorie\/accessoires\/\"},{\"@type\":\"ListItem\",\"position\":4,\"name\":\"DJI Mic 2 Charging Case\"}]},{\"@type\":\"WebSite\",\"@id\":\"https:\/\/koningdrone.be\/#website\",\"url\":\"https:\/\/koningdrone.be\/\",\"name\":\"Koningdrone.be - Uw online specialist in drones, gimbals, camera's en power stations.\",\"description\":\"De webshop in drones en gimbals\",\"publisher\":{\"@id\":\"https:\/\/koningdrone.be\/#organization\"},\"potentialAction\":[{\"@type\":\"SearchAction\",\"target\":{\"@type\":\"EntryPoint\",\"urlTemplate\":\"https:\/\/koningdrone.be\/?s={search_term_string}\"},\"query-input\":{\"@type\":\"PropertyValueSpecification\",\"valueRequired\":true,\"valueName\":\"search_term_string\"}}],\"inLanguage\":\"es\"},{\"@type\":\"Organization\",\"@id\":\"https:\/\/koningdrone.be\/#organization\",\"name\":\"Koningdrone.be\",\"url\":\"https:\/\/koningdrone.be\/\",\"logo\":{\"@type\":\"ImageObject\",\"inLanguage\":\"es\",\"@id\":\"https:\/\/koningdrone.be\/#\/schema\/logo\/image\/\",\"url\":\"https:\/\/koningdrone.be\/wp-content\/uploads\/sites\/13\/2025\/04\/koningdrone-copyright-logo.svg\",\"contentUrl\":\"https:\/\/koningdrone.be\/wp-content\/uploads\/sites\/13\/2025\/04\/koningdrone-copyright-logo.svg\",\"width\":227,\"height\":38,\"caption\":\"Koningdrone.be\"},\"image\":{\"@id\":\"https:\/\/koningdrone.be\/#\/schema\/logo\/image\/\"}}]}<\/script>\n<!-- \/ Yoast SEO Premium plugin. -->","yoast_head_json":{"title":"DJI Mic 2 Charging Case - koningdrone.be","robots":{"index":"index","follow":"follow","max-snippet":"max-snippet:-1","max-image-preview":"max-image-preview:large","max-video-preview":"max-video-preview:-1"},"canonical":"https:\/\/koningdrone.be\/es\/producto\/dji-mic-2-charging-case\/","og_locale":"es_ES","og_type":"article","og_title":"DJI Mic 2 Charging Case","og_description":"Laadt tegelijkertijd twee zenders en \u00e9\u00e9n ontvanger op Biedt maximaal 18 uur bedrijfstijd Voor het opbergen van zenders, ontvangers en mobiele-telefoonadapters Ondersteunt USB-C- en Lightning-adapters voor mobiele telefoons Koppelt bij het openen automatisch ontvanger en zenders Ontworpen voor gemakkelijk dragen en opbergen","og_url":"https:\/\/koningdrone.be\/es\/producto\/dji-mic-2-charging-case\/","og_site_name":"koningdrone.be","article_modified_time":"2026-04-29T13:10:50+00:00","og_image":[{"width":1200,"height":800,"url":"https:\/\/koningdrone.be\/wp-content\/uploads\/sites\/13\/2025\/04\/a39459ef15c1bc85b374b91a392e9d1d@large.jpg","type":"image\/jpeg"}],"twitter_card":"summary_large_image","twitter_misc":{"Tiempo de lectura":"1 minuto"},"schema":{"@context":"https:\/\/schema.org","@graph":[{"@type":"WebPage","@id":"https:\/\/koningdrone.be\/product\/dji-mic-2-charging-case\/","url":"https:\/\/koningdrone.be\/product\/dji-mic-2-charging-case\/","name":"DJI Mic 2 Charging Case - koningdrone.be","isPartOf":{"@id":"https:\/\/koningdrone.be\/#website"},"primaryImageOfPage":{"@id":"https:\/\/koningdrone.be\/product\/dji-mic-2-charging-case\/#primaryimage"},"image":{"@id":"https:\/\/koningdrone.be\/product\/dji-mic-2-charging-case\/#primaryimage"},"thumbnailUrl":"https:\/\/koningdrone.be\/wp-content\/uploads\/sites\/13\/2025\/04\/a39459ef15c1bc85b374b91a392e9d1d@large.jpg","datePublished":"2024-03-13T14:45:18+00:00","dateModified":"2026-04-29T13:10:50+00:00","breadcrumb":{"@id":"https:\/\/koningdrone.be\/product\/dji-mic-2-charging-case\/#breadcrumb"},"inLanguage":"es","potentialAction":[{"@type":"ReadAction","target":["https:\/\/koningdrone.be\/product\/dji-mic-2-charging-case\/"]}]},{"@type":"ImageObject","inLanguage":"es","@id":"https:\/\/koningdrone.be\/product\/dji-mic-2-charging-case\/#primaryimage","url":"https:\/\/koningdrone.be\/wp-content\/uploads\/sites\/13\/2025\/04\/a39459ef15c1bc85b374b91a392e9d1d@large.jpg","contentUrl":"https:\/\/koningdrone.be\/wp-content\/uploads\/sites\/13\/2025\/04\/a39459ef15c1bc85b374b91a392e9d1d@large.jpg","width":1200,"height":800},{"@type":"BreadcrumbList","@id":"https:\/\/koningdrone.be\/product\/dji-mic-2-charging-case\/#breadcrumb","itemListElement":[{"@type":"ListItem","position":1,"name":"Home","item":"https:\/\/koningdrone.be\/"},{"@type":"ListItem","position":2,"name":"AVSS Parachute Recovery System for DJI Matrice 300\/350","item":"https:\/\/koningdrone.be\/product\/avss-parachute-recovery-system-for-dji-matrice-300-350\/"},{"@type":"ListItem","position":3,"name":"Accessoires","item":"https:\/\/koningdrone.be\/categorie\/accessoires\/"},{"@type":"ListItem","position":4,"name":"DJI Mic 2 Charging Case"}]},{"@type":"WebSite","@id":"https:\/\/koningdrone.be\/#website","url":"https:\/\/koningdrone.be\/","name":"Koningdrone.be - Su especialista en l\u00ednea en drones, cardanes, c\u00e1maras y centrales el\u00e9ctricas.","description":"La tienda virtual de drones y cardanes","publisher":{"@id":"https:\/\/koningdrone.be\/#organization"},"potentialAction":[{"@type":"SearchAction","target":{"@type":"EntryPoint","urlTemplate":"https:\/\/koningdrone.be\/?s={search_term_string}"},"query-input":{"@type":"PropertyValueSpecification","valueRequired":true,"valueName":"search_term_string"}}],"inLanguage":"es"},{"@type":"Organization","@id":"https:\/\/koningdrone.be\/#organization","name":"Kingdrone.es","url":"https:\/\/koningdrone.be\/","logo":{"@type":"ImageObject","inLanguage":"es","@id":"https:\/\/koningdrone.be\/#\/schema\/logo\/image\/","url":"https:\/\/koningdrone.be\/wp-content\/uploads\/sites\/13\/2025\/04\/koningdrone-copyright-logo.svg","contentUrl":"https:\/\/koningdrone.be\/wp-content\/uploads\/sites\/13\/2025\/04\/koningdrone-copyright-logo.svg","width":227,"height":38,"caption":"Koningdrone.be"},"image":{"@id":"https:\/\/koningdrone.be\/#\/schema\/logo\/image\/"}}]}},"df_price":59,"df_sale_price":"","df_regular_price":59,"df_image_link":"https:\/\/koningdrone.be\/wp-content\/uploads\/sites\/13\/2025\/04\/a39459ef15c1bc85b374b91a392e9d1d@large-300x200.jpg","_links":{"self":[{"href":"https:\/\/koningdrone.be\/es\/wp-json\/wp\/v2\/product\/3901","targetHints":{"allow":["GET"]}}],"collection":[{"href":"https:\/\/koningdrone.be\/es\/wp-json\/wp\/v2\/product"}],"about":[{"href":"https:\/\/koningdrone.be\/es\/wp-json\/wp\/v2\/types\/product"}],"wp:featuredmedia":[{"embeddable":true,"href":"https:\/\/koningdrone.be\/es\/wp-json\/wp\/v2\/media\/3898"}],"wp:attachment":[{"href":"https:\/\/koningdrone.be\/es\/wp-json\/wp\/v2\/media?parent=3901"}],"wp:term":[{"taxonomy":"product_brand","embeddable":true,"href":"https:\/\/koningdrone.be\/es\/wp-json\/wp\/v2\/product_brand?post=3901"},{"taxonomy":"product_cat","embeddable":true,"href":"https:\/\/koningdrone.be\/es\/wp-json\/wp\/v2\/product_cat?post=3901"},{"taxonomy":"product_tag","embeddable":true,"href":"https:\/\/koningdrone.be\/es\/wp-json\/wp\/v2\/product_tag?post=3901"}],"curies":[{"name":"wp","href":"https:\/\/api.w.org\/{rel}","templated":true}]}}