{"id":3890,"date":"2024-03-14T11:24:20","date_gmt":"2024-03-14T10:24:20","guid":{"rendered":"https:\/\/koningdrone.nl\/kon\/product\/osmo-pocket-extension-rod\/"},"modified":"2026-04-29T15:30:37","modified_gmt":"2026-04-29T13:30:37","slug":"osmo-pocket-extension-rod","status":"publish","type":"product","link":"https:\/\/koningdrone.be\/es\/producto\/osmo-pocket-extension-rod\/","title":{"rendered":"Varilla de extensi\u00f3n de bolsillo Osmo"},"content":{"rendered":"<p> La Varilla de Extensi\u00f3n de Bolsillo Osmo es un accesorio vers\u00e1til que ampl\u00eda tus posibilidades de filmaci\u00f3n. Con la capacidad de extenderse hasta 500 mm, este accesorio te permite filmar desde distintos \u00e1ngulos, haciendo tus v\u00eddeos m\u00e1s din\u00e1micos e interesantes.<\/p>\n<p><strong>Opciones de control remoto<\/strong><\/p>\n<p> Para aquellos que quieran controlar a distancia su c\u00e1mara utilizando la barra de extensi\u00f3n, existe la opci\u00f3n de acoplar su smartphone al soporte para tel\u00e9fono incluido. Para habilitar el control remoto, es necesario adquirir por separado un m\u00f3dulo inal\u00e1mbrico o un mango Do-it-All (para el DJI Pocket 2). Estas herramientas te permiten controlar tu Osmo Pocket o DJI Pocket 2 sin tener que tocar f\u00edsicamente la c\u00e1mara, lo que te da a\u00fan m\u00e1s flexibilidad a la hora de disparar.<\/p>\n<p><strong>Soportes de montaje<\/strong><\/p>\n<p> Adem\u00e1s, la barra de extensi\u00f3n est\u00e1 equipada con varios soportes de montaje. Estos est\u00e1n dise\u00f1ados para ampliar tus posibilidades de filmaci\u00f3n permiti\u00e9ndote montar la c\u00e1mara en diferentes posiciones o integrar equipos adicionales.<\/p>\n<p><strong>Funciones de control<\/strong><\/p>\n<p> El mango de la ca\u00f1a viene con una palanca de control y seis botones. Estas caracter\u00edsticas le dan un control preciso sobre el card\u00e1n, lo que le permite realizar un seguimiento de los objetos sin problemas, cambiar entre los modos de card\u00e1n y volver a centrar r\u00e1pidamente la c\u00e1mara si es necesario. Esencialmente, estos controles est\u00e1n dise\u00f1ados para mejorar tu experiencia de disparo facilitando la captura de tomas de aspecto profesional.<\/p>\n<p><strong>Soporte para tr\u00edpode<\/strong><\/p>\n<p> La parte inferior de la barra de extensi\u00f3n cuenta con una montura de tr\u00edpode est\u00e1ndar de 1\/4 de pulgada. Esto le permite conectar la varilla a un tr\u00edpode u otros accesorios, proporcionando a\u00fan m\u00e1s estabilidad y posibilidades de disparo.<\/p>\n<p><strong>Conclusi\u00f3n<\/strong><\/p>\n<p> En resumen, la Varilla de Extensi\u00f3n de Bolsillo Osmo es una herramienta dise\u00f1ada para llevar tu filmaci\u00f3n al siguiente nivel. Tanto si eres principiante como experto, este accesorio te ofrece m\u00e1s flexibilidad, control y posibilidades creativas para tus proyectos de v\u00eddeo.<\/p>\n<p><\/p>","protected":false},"excerpt":{"rendered":"<ul>\n<li>Longitud m\u00e1xima de 500 mm para \u00e1ngulos de disparo vers\u00e1tiles.<\/li>\n<li> Compatible con m\u00f3dulo inal\u00e1mbrico para control remoto.<\/li>\n<li> Se puede utilizar con la empu\u00f1adura Do-it-All para mandos DJI Pocket 2.<\/li>\n<li> Incluye varios soportes de montaje para variar las opciones de grabaci\u00f3n.<\/li>\n<li> Palanca de control y seis botones para un control preciso del card\u00e1n.<\/li>\n<li> Admite el seguimiento de objetos y los cambios de modo de card\u00e1n.<\/li>\n<li> Dispone de una montura de tr\u00edpode est\u00e1ndar de 1\/4 de pulgada para accesorios adicionales.<\/li>\n<\/ul>","protected":false},"featured_media":3884,"template":"","meta":{"_acf_changed":false},"product_brand":[],"product_cat":[268,410,97,297,778],"product_tag":[],"class_list":{"0":"post-3890","1":"product","2":"type-product","3":"status-publish","4":"has-post-thumbnail","6":"product_cat-alle-accessoires","7":"product_cat-alle-handheld-gimbals","8":"product_cat-alle-producten","9":"product_cat-dji-osmo","10":"product_cat-dji-osmo-pocket","11":"product_shipping_class-outofstock","12":"pa_brand-dji","13":"pa_productfamily-expansion-set","14":"pa_producttype-expansion-set","15":"pa_series-osmo-pocket","17":"first","18":"outofstock","19":"taxable","20":"shipping-taxable","21":"purchasable","22":"product-type-simple"},"acf":[],"yoast_head":"<!-- This site is optimized with the Yoast SEO Premium plugin v27.2 (Yoast SEO v27.2) - https:\/\/yoast.com\/product\/yoast-seo-premium-wordpress\/ -->\n<title>Osmo Pocket Extension Rod - koningdrone.be<\/title>\n<meta name=\"robots\" content=\"index, follow, max-snippet:-1, max-image-preview:large, max-video-preview:-1\" \/>\n<link rel=\"canonical\" href=\"https:\/\/koningdrone.be\/es\/producto\/osmo-pocket-extension-rod\/\" \/>\n<meta property=\"og:locale\" content=\"es_ES\" \/>\n<meta property=\"og:type\" content=\"article\" \/>\n<meta property=\"og:title\" content=\"Osmo Pocket Extension Rod\" \/>\n<meta property=\"og:description\" content=\"Maximale lengte van 500 mm voor veelzijdige opnamehoeken. Compatibel met draadloze module voor afstandsbediening. Kan worden gebruikt met de Do-it-All-handgreep voor DJI Pocket 2-besturing. Inclusief meerdere montagebeugels voor gevarieerde opnamemogelijkheden. Bedieningsstick en zes knoppen voor nauwkeurige gimbalbediening. Ondersteunt objecttracking en wijzigingen in de gimbalmodus. Beschikt over een standaard 1\/4-inch statiefbevestiging voor extra accessoires.\" \/>\n<meta property=\"og:url\" content=\"https:\/\/koningdrone.be\/es\/producto\/osmo-pocket-extension-rod\/\" \/>\n<meta property=\"og:site_name\" content=\"koningdrone.be\" \/>\n<meta property=\"article:modified_time\" content=\"2026-04-29T13:30:37+00:00\" \/>\n<meta property=\"og:image\" content=\"https:\/\/koningdrone.be\/wp-content\/uploads\/sites\/13\/2025\/04\/ab2e5adc164a0b06c277f17318b42763@ultra.png\" \/>\n\t<meta property=\"og:image:width\" content=\"1280\" \/>\n\t<meta property=\"og:image:height\" content=\"1280\" \/>\n\t<meta property=\"og:image:type\" content=\"image\/png\" \/>\n<meta name=\"twitter:card\" content=\"summary_large_image\" \/>\n<meta name=\"twitter:label1\" content=\"Tiempo de lectura\" \/>\n\t<meta name=\"twitter:data1\" content=\"1 minuto\" \/>\n<script type=\"application\/ld+json\" class=\"yoast-schema-graph\">{\"@context\":\"https:\/\/schema.org\",\"@graph\":[{\"@type\":\"WebPage\",\"@id\":\"https:\/\/koningdrone.be\/product\/osmo-pocket-extension-rod\/\",\"url\":\"https:\/\/koningdrone.be\/product\/osmo-pocket-extension-rod\/\",\"name\":\"Osmo Pocket Extension Rod - koningdrone.be\",\"isPartOf\":{\"@id\":\"https:\/\/koningdrone.be\/#website\"},\"primaryImageOfPage\":{\"@id\":\"https:\/\/koningdrone.be\/product\/osmo-pocket-extension-rod\/#primaryimage\"},\"image\":{\"@id\":\"https:\/\/koningdrone.be\/product\/osmo-pocket-extension-rod\/#primaryimage\"},\"thumbnailUrl\":\"https:\/\/koningdrone.be\/wp-content\/uploads\/sites\/13\/2025\/04\/ab2e5adc164a0b06c277f17318b42763@ultra.png\",\"datePublished\":\"2024-03-14T10:24:20+00:00\",\"dateModified\":\"2026-04-29T13:30:37+00:00\",\"breadcrumb\":{\"@id\":\"https:\/\/koningdrone.be\/product\/osmo-pocket-extension-rod\/#breadcrumb\"},\"inLanguage\":\"es\",\"potentialAction\":[{\"@type\":\"ReadAction\",\"target\":[\"https:\/\/koningdrone.be\/product\/osmo-pocket-extension-rod\/\"]}]},{\"@type\":\"ImageObject\",\"inLanguage\":\"es\",\"@id\":\"https:\/\/koningdrone.be\/product\/osmo-pocket-extension-rod\/#primaryimage\",\"url\":\"https:\/\/koningdrone.be\/wp-content\/uploads\/sites\/13\/2025\/04\/ab2e5adc164a0b06c277f17318b42763@ultra.png\",\"contentUrl\":\"https:\/\/koningdrone.be\/wp-content\/uploads\/sites\/13\/2025\/04\/ab2e5adc164a0b06c277f17318b42763@ultra.png\",\"width\":1280,\"height\":1280},{\"@type\":\"BreadcrumbList\",\"@id\":\"https:\/\/koningdrone.be\/product\/osmo-pocket-extension-rod\/#breadcrumb\",\"itemListElement\":[{\"@type\":\"ListItem\",\"position\":1,\"name\":\"Home\",\"item\":\"https:\/\/koningdrone.be\/\"},{\"@type\":\"ListItem\",\"position\":2,\"name\":\"AVSS Parachute Recovery System for DJI Matrice 300\/350\",\"item\":\"https:\/\/koningdrone.be\/product\/avss-parachute-recovery-system-for-dji-matrice-300-350\/\"},{\"@type\":\"ListItem\",\"position\":3,\"name\":\"Alle accessoires\",\"item\":\"https:\/\/koningdrone.be\/categorie\/alle-accessoires\/\"},{\"@type\":\"ListItem\",\"position\":4,\"name\":\"Osmo Pocket Extension Rod\"}]},{\"@type\":\"WebSite\",\"@id\":\"https:\/\/koningdrone.be\/#website\",\"url\":\"https:\/\/koningdrone.be\/\",\"name\":\"Koningdrone.be - Uw online specialist in drones, gimbals, camera's en power stations.\",\"description\":\"De webshop in drones en gimbals\",\"publisher\":{\"@id\":\"https:\/\/koningdrone.be\/#organization\"},\"potentialAction\":[{\"@type\":\"SearchAction\",\"target\":{\"@type\":\"EntryPoint\",\"urlTemplate\":\"https:\/\/koningdrone.be\/?s={search_term_string}\"},\"query-input\":{\"@type\":\"PropertyValueSpecification\",\"valueRequired\":true,\"valueName\":\"search_term_string\"}}],\"inLanguage\":\"es\"},{\"@type\":\"Organization\",\"@id\":\"https:\/\/koningdrone.be\/#organization\",\"name\":\"Koningdrone.be\",\"url\":\"https:\/\/koningdrone.be\/\",\"logo\":{\"@type\":\"ImageObject\",\"inLanguage\":\"es\",\"@id\":\"https:\/\/koningdrone.be\/#\/schema\/logo\/image\/\",\"url\":\"https:\/\/koningdrone.be\/wp-content\/uploads\/sites\/13\/2025\/04\/koningdrone-copyright-logo.svg\",\"contentUrl\":\"https:\/\/koningdrone.be\/wp-content\/uploads\/sites\/13\/2025\/04\/koningdrone-copyright-logo.svg\",\"width\":227,\"height\":38,\"caption\":\"Koningdrone.be\"},\"image\":{\"@id\":\"https:\/\/koningdrone.be\/#\/schema\/logo\/image\/\"}}]}<\/script>\n<!-- \/ Yoast SEO Premium plugin. -->","yoast_head_json":{"title":"Osmo Pocket Extension Rod - koningdrone.be","robots":{"index":"index","follow":"follow","max-snippet":"max-snippet:-1","max-image-preview":"max-image-preview:large","max-video-preview":"max-video-preview:-1"},"canonical":"https:\/\/koningdrone.be\/es\/producto\/osmo-pocket-extension-rod\/","og_locale":"es_ES","og_type":"article","og_title":"Osmo Pocket Extension Rod","og_description":"Maximale lengte van 500 mm voor veelzijdige opnamehoeken. Compatibel met draadloze module voor afstandsbediening. Kan worden gebruikt met de Do-it-All-handgreep voor DJI Pocket 2-besturing. Inclusief meerdere montagebeugels voor gevarieerde opnamemogelijkheden. Bedieningsstick en zes knoppen voor nauwkeurige gimbalbediening. Ondersteunt objecttracking en wijzigingen in de gimbalmodus. Beschikt over een standaard 1\/4-inch statiefbevestiging voor extra accessoires.","og_url":"https:\/\/koningdrone.be\/es\/producto\/osmo-pocket-extension-rod\/","og_site_name":"koningdrone.be","article_modified_time":"2026-04-29T13:30:37+00:00","og_image":[{"width":1280,"height":1280,"url":"https:\/\/koningdrone.be\/wp-content\/uploads\/sites\/13\/2025\/04\/ab2e5adc164a0b06c277f17318b42763@ultra.png","type":"image\/png"}],"twitter_card":"summary_large_image","twitter_misc":{"Tiempo de lectura":"1 minuto"},"schema":{"@context":"https:\/\/schema.org","@graph":[{"@type":"WebPage","@id":"https:\/\/koningdrone.be\/product\/osmo-pocket-extension-rod\/","url":"https:\/\/koningdrone.be\/product\/osmo-pocket-extension-rod\/","name":"Osmo Pocket Extension Rod - koningdrone.be","isPartOf":{"@id":"https:\/\/koningdrone.be\/#website"},"primaryImageOfPage":{"@id":"https:\/\/koningdrone.be\/product\/osmo-pocket-extension-rod\/#primaryimage"},"image":{"@id":"https:\/\/koningdrone.be\/product\/osmo-pocket-extension-rod\/#primaryimage"},"thumbnailUrl":"https:\/\/koningdrone.be\/wp-content\/uploads\/sites\/13\/2025\/04\/ab2e5adc164a0b06c277f17318b42763@ultra.png","datePublished":"2024-03-14T10:24:20+00:00","dateModified":"2026-04-29T13:30:37+00:00","breadcrumb":{"@id":"https:\/\/koningdrone.be\/product\/osmo-pocket-extension-rod\/#breadcrumb"},"inLanguage":"es","potentialAction":[{"@type":"ReadAction","target":["https:\/\/koningdrone.be\/product\/osmo-pocket-extension-rod\/"]}]},{"@type":"ImageObject","inLanguage":"es","@id":"https:\/\/koningdrone.be\/product\/osmo-pocket-extension-rod\/#primaryimage","url":"https:\/\/koningdrone.be\/wp-content\/uploads\/sites\/13\/2025\/04\/ab2e5adc164a0b06c277f17318b42763@ultra.png","contentUrl":"https:\/\/koningdrone.be\/wp-content\/uploads\/sites\/13\/2025\/04\/ab2e5adc164a0b06c277f17318b42763@ultra.png","width":1280,"height":1280},{"@type":"BreadcrumbList","@id":"https:\/\/koningdrone.be\/product\/osmo-pocket-extension-rod\/#breadcrumb","itemListElement":[{"@type":"ListItem","position":1,"name":"Home","item":"https:\/\/koningdrone.be\/"},{"@type":"ListItem","position":2,"name":"AVSS Parachute Recovery System for DJI Matrice 300\/350","item":"https:\/\/koningdrone.be\/product\/avss-parachute-recovery-system-for-dji-matrice-300-350\/"},{"@type":"ListItem","position":3,"name":"Alle accessoires","item":"https:\/\/koningdrone.be\/categorie\/alle-accessoires\/"},{"@type":"ListItem","position":4,"name":"Osmo Pocket Extension Rod"}]},{"@type":"WebSite","@id":"https:\/\/koningdrone.be\/#website","url":"https:\/\/koningdrone.be\/","name":"Koningdrone.be - Su especialista en l\u00ednea en drones, cardanes, c\u00e1maras y centrales el\u00e9ctricas.","description":"La tienda virtual de drones y cardanes","publisher":{"@id":"https:\/\/koningdrone.be\/#organization"},"potentialAction":[{"@type":"SearchAction","target":{"@type":"EntryPoint","urlTemplate":"https:\/\/koningdrone.be\/?s={search_term_string}"},"query-input":{"@type":"PropertyValueSpecification","valueRequired":true,"valueName":"search_term_string"}}],"inLanguage":"es"},{"@type":"Organization","@id":"https:\/\/koningdrone.be\/#organization","name":"Kingdrone.es","url":"https:\/\/koningdrone.be\/","logo":{"@type":"ImageObject","inLanguage":"es","@id":"https:\/\/koningdrone.be\/#\/schema\/logo\/image\/","url":"https:\/\/koningdrone.be\/wp-content\/uploads\/sites\/13\/2025\/04\/koningdrone-copyright-logo.svg","contentUrl":"https:\/\/koningdrone.be\/wp-content\/uploads\/sites\/13\/2025\/04\/koningdrone-copyright-logo.svg","width":227,"height":38,"caption":"Koningdrone.be"},"image":{"@id":"https:\/\/koningdrone.be\/#\/schema\/logo\/image\/"}}]}},"df_price":75,"df_sale_price":"","df_regular_price":75,"df_image_link":"https:\/\/koningdrone.be\/wp-content\/uploads\/sites\/13\/2025\/04\/ab2e5adc164a0b06c277f17318b42763@ultra-300x300.png","_links":{"self":[{"href":"https:\/\/koningdrone.be\/es\/wp-json\/wp\/v2\/product\/3890","targetHints":{"allow":["GET"]}}],"collection":[{"href":"https:\/\/koningdrone.be\/es\/wp-json\/wp\/v2\/product"}],"about":[{"href":"https:\/\/koningdrone.be\/es\/wp-json\/wp\/v2\/types\/product"}],"wp:featuredmedia":[{"embeddable":true,"href":"https:\/\/koningdrone.be\/es\/wp-json\/wp\/v2\/media\/3884"}],"wp:attachment":[{"href":"https:\/\/koningdrone.be\/es\/wp-json\/wp\/v2\/media?parent=3890"}],"wp:term":[{"taxonomy":"product_brand","embeddable":true,"href":"https:\/\/koningdrone.be\/es\/wp-json\/wp\/v2\/product_brand?post=3890"},{"taxonomy":"product_cat","embeddable":true,"href":"https:\/\/koningdrone.be\/es\/wp-json\/wp\/v2\/product_cat?post=3890"},{"taxonomy":"product_tag","embeddable":true,"href":"https:\/\/koningdrone.be\/es\/wp-json\/wp\/v2\/product_tag?post=3890"}],"curies":[{"name":"wp","href":"https:\/\/api.w.org\/{rel}","templated":true}]}}