{"id":3883,"date":"2024-03-14T11:24:20","date_gmt":"2024-03-14T11:24:20","guid":{"rendered":"https:\/\/koningdrone.nl\/kon\/product\/bs30-intelligent-battery-station\/"},"modified":"2025-04-29T11:58:53","modified_gmt":"2025-04-29T11:58:53","slug":"bs30-intelligent-battery-station","status":"publish","type":"product","link":"https:\/\/koningdrone.be\/es\/producto\/bs30-intelligent-battery-station\/","title":{"rendered":"BS30 Estaci\u00f3n de bater\u00eda inteligente"},"content":{"rendered":"<p> Este producto est\u00e1 dise\u00f1ado como una estaci\u00f3n de carga c\u00f3moda y eficaz que se adapta a sus necesidades, tanto si es un principiante como un experto en el uso de dispositivos alimentados por bater\u00eda. Ofrece la posibilidad de cargar simult\u00e1neamente hasta cuatro bater\u00edas de vuelo y dos mandos a distancia, lo que la hace excepcionalmente c\u00f3moda para los usuarios que necesitan energ\u00eda ininterrumpida para sus dispositivos.<\/p>\n<p><strong>Carga r\u00e1pida<\/strong><\/p>\n<p> Una de sus caracter\u00edsticas destacadas es su capacidad de carga r\u00e1pida, que permite cargar un juego de bater\u00edas de 20% a 90% en s\u00f3lo media hora. Esta funci\u00f3n es especialmente \u00fatil para quienes desean tener las bater\u00edas listas para su uso en poco tiempo, lo que garantiza un tiempo de inactividad m\u00ednimo y aumenta la productividad.<\/p>\n<p><strong>Modos de espera y almacenamiento<\/strong><\/p>\n<p> Adem\u00e1s, la estaci\u00f3n de carga est\u00e1 equipada con modos de espera y almacenamiento. El modo de espera est\u00e1 dise\u00f1ado para mantener las bater\u00edas listas para su uso en poco tiempo, mientras que el modo de almacenamiento garantiza que las bater\u00edas se mantienen en un nivel de carga \u00f3ptimo cuando no se utilizan durante un per\u00edodo prolongado de tiempo. Esto ayuda a mantener la salud y la longevidad de las bater\u00edas.<\/p>\n<p><strong>Portabilidad y dise\u00f1o<\/strong><\/p>\n<p> Su portabilidad y dise\u00f1o f\u00e1cil de usar hacen de esta estaci\u00f3n de carga un excelente compa\u00f1ero para las personas que est\u00e1n siempre en movimiento y necesitan una soluci\u00f3n de alimentaci\u00f3n fiable. Tanto si eres un profesional que necesita mantener sus dispositivos cargados para realizar tareas exigentes como si eres un aficionado que busca una forma c\u00f3moda de gestionar sus dispositivos, este producto satisface una amplia gama de necesidades.<\/p>\n<p><\/p>","protected":false},"excerpt":{"rendered":"<ul>\n<li>Estaci\u00f3n de bater\u00edas port\u00e1til y f\u00e1cil de usar<\/li>\n<li> Carga hasta cuatro bater\u00edas de vuelo simult\u00e1neamente<\/li>\n<li> Carga dos mandos a distancia simult\u00e1neamente<\/li>\n<li> Carga r\u00e1pida: de 20% a 90% en 30 minutos<\/li>\n<li> Admite los modos de espera y almacenamiento<\/li>\n<\/ul>","protected":false},"featured_media":3881,"template":"","meta":{"_acf_changed":false},"product_brand":[],"product_cat":[113,111,97,426,149],"product_tag":[],"class_list":{"0":"post-3883","1":"product","2":"type-product","3":"status-publish","4":"has-post-thumbnail","6":"product_cat-alle-batterijen","7":"product_cat-alle-opladers","8":"product_cat-alle-producten","9":"product_cat-dji-matrice","10":"product_cat-dji-matrice-30","11":"pa_brand-dji","12":"pa_productfamily-oplader","13":"pa_producttype-oplader","14":"pa_series-matrice-30","16":"first","17":"instock","18":"taxable","19":"shipping-taxable","20":"product-type-simple"},"acf":[],"yoast_head":"<!-- This site is optimized with the Yoast SEO Premium plugin v27.2 (Yoast SEO v27.2) - https:\/\/yoast.com\/product\/yoast-seo-premium-wordpress\/ -->\n<title>BS30 Intelligent Battery Station - koningdrone.be<\/title>\n<meta name=\"robots\" content=\"index, follow, max-snippet:-1, max-image-preview:large, max-video-preview:-1\" \/>\n<link rel=\"canonical\" href=\"https:\/\/koningdrone.be\/es\/producto\/bs30-intelligent-battery-station\/\" \/>\n<meta property=\"og:locale\" content=\"es_ES\" \/>\n<meta property=\"og:type\" content=\"article\" \/>\n<meta property=\"og:title\" content=\"BS30 Intelligent Battery Station\" \/>\n<meta property=\"og:description\" content=\"Draagbaar en gebruiksvriendelijk accustation Laadt maximaal vier vliegaccu&#039;s tegelijkertijd op Laadt twee afstandsbedieningen tegelijk op Snel opladen: 20% tot 90% in 30 minuten Ondersteunt stand-by- en opslagmodi\" \/>\n<meta property=\"og:url\" content=\"https:\/\/koningdrone.be\/es\/producto\/bs30-intelligent-battery-station\/\" \/>\n<meta property=\"og:site_name\" content=\"koningdrone.be\" \/>\n<meta property=\"article:modified_time\" content=\"2025-04-29T11:58:53+00:00\" \/>\n<meta property=\"og:image\" content=\"https:\/\/koningdrone.be\/wp-content\/uploads\/sites\/13\/2025\/04\/454d44cd7a0a2029b9dea414fc237bfe@ultra.jpg\" \/>\n\t<meta property=\"og:image:width\" content=\"1280\" \/>\n\t<meta property=\"og:image:height\" content=\"1280\" \/>\n\t<meta property=\"og:image:type\" content=\"image\/jpeg\" \/>\n<meta name=\"twitter:card\" content=\"summary_large_image\" \/>\n<meta name=\"twitter:label1\" content=\"Tiempo de lectura\" \/>\n\t<meta name=\"twitter:data1\" content=\"1 minuto\" \/>\n<script type=\"application\/ld+json\" class=\"yoast-schema-graph\">{\"@context\":\"https:\/\/schema.org\",\"@graph\":[{\"@type\":\"WebPage\",\"@id\":\"https:\/\/koningdrone.be\/product\/bs30-intelligent-battery-station\/\",\"url\":\"https:\/\/koningdrone.be\/product\/bs30-intelligent-battery-station\/\",\"name\":\"BS30 Intelligent Battery Station - koningdrone.be\",\"isPartOf\":{\"@id\":\"https:\/\/koningdrone.be\/#website\"},\"primaryImageOfPage\":{\"@id\":\"https:\/\/koningdrone.be\/product\/bs30-intelligent-battery-station\/#primaryimage\"},\"image\":{\"@id\":\"https:\/\/koningdrone.be\/product\/bs30-intelligent-battery-station\/#primaryimage\"},\"thumbnailUrl\":\"https:\/\/koningdrone.be\/wp-content\/uploads\/sites\/13\/2025\/04\/454d44cd7a0a2029b9dea414fc237bfe@ultra.jpg\",\"datePublished\":\"2024-03-14T11:24:20+00:00\",\"dateModified\":\"2025-04-29T11:58:53+00:00\",\"breadcrumb\":{\"@id\":\"https:\/\/koningdrone.be\/product\/bs30-intelligent-battery-station\/#breadcrumb\"},\"inLanguage\":\"es\",\"potentialAction\":[{\"@type\":\"ReadAction\",\"target\":[\"https:\/\/koningdrone.be\/product\/bs30-intelligent-battery-station\/\"]}]},{\"@type\":\"ImageObject\",\"inLanguage\":\"es\",\"@id\":\"https:\/\/koningdrone.be\/product\/bs30-intelligent-battery-station\/#primaryimage\",\"url\":\"https:\/\/koningdrone.be\/wp-content\/uploads\/sites\/13\/2025\/04\/454d44cd7a0a2029b9dea414fc237bfe@ultra.jpg\",\"contentUrl\":\"https:\/\/koningdrone.be\/wp-content\/uploads\/sites\/13\/2025\/04\/454d44cd7a0a2029b9dea414fc237bfe@ultra.jpg\",\"width\":1280,\"height\":1280},{\"@type\":\"BreadcrumbList\",\"@id\":\"https:\/\/koningdrone.be\/product\/bs30-intelligent-battery-station\/#breadcrumb\",\"itemListElement\":[{\"@type\":\"ListItem\",\"position\":1,\"name\":\"Home\",\"item\":\"https:\/\/koningdrone.be\/\"},{\"@type\":\"ListItem\",\"position\":2,\"name\":\"AVSS Parachute Recovery System for DJI Matrice 300\/350\",\"item\":\"https:\/\/koningdrone.be\/product\/avss-parachute-recovery-system-for-dji-matrice-300-350\/\"},{\"@type\":\"ListItem\",\"position\":3,\"name\":\"Alle batterijen\",\"item\":\"https:\/\/koningdrone.be\/categorie\/alle-batterijen\/\"},{\"@type\":\"ListItem\",\"position\":4,\"name\":\"BS30 Intelligent Battery Station\"}]},{\"@type\":\"WebSite\",\"@id\":\"https:\/\/koningdrone.be\/#website\",\"url\":\"https:\/\/koningdrone.be\/\",\"name\":\"Koningdrone.be - Uw online specialist in drones, gimbals, camera's en power stations.\",\"description\":\"De webshop in drones en gimbals\",\"publisher\":{\"@id\":\"https:\/\/koningdrone.be\/#organization\"},\"potentialAction\":[{\"@type\":\"SearchAction\",\"target\":{\"@type\":\"EntryPoint\",\"urlTemplate\":\"https:\/\/koningdrone.be\/?s={search_term_string}\"},\"query-input\":{\"@type\":\"PropertyValueSpecification\",\"valueRequired\":true,\"valueName\":\"search_term_string\"}}],\"inLanguage\":\"es\"},{\"@type\":\"Organization\",\"@id\":\"https:\/\/koningdrone.be\/#organization\",\"name\":\"Koningdrone.be\",\"url\":\"https:\/\/koningdrone.be\/\",\"logo\":{\"@type\":\"ImageObject\",\"inLanguage\":\"es\",\"@id\":\"https:\/\/koningdrone.be\/#\/schema\/logo\/image\/\",\"url\":\"https:\/\/koningdrone.be\/wp-content\/uploads\/sites\/13\/2025\/04\/koningdrone-copyright-logo.svg\",\"contentUrl\":\"https:\/\/koningdrone.be\/wp-content\/uploads\/sites\/13\/2025\/04\/koningdrone-copyright-logo.svg\",\"width\":227,\"height\":38,\"caption\":\"Koningdrone.be\"},\"image\":{\"@id\":\"https:\/\/koningdrone.be\/#\/schema\/logo\/image\/\"}}]}<\/script>\n<!-- \/ Yoast SEO Premium plugin. -->","yoast_head_json":{"title":"BS30 Intelligent Battery Station - koningdrone.be","robots":{"index":"index","follow":"follow","max-snippet":"max-snippet:-1","max-image-preview":"max-image-preview:large","max-video-preview":"max-video-preview:-1"},"canonical":"https:\/\/koningdrone.be\/es\/producto\/bs30-intelligent-battery-station\/","og_locale":"es_ES","og_type":"article","og_title":"BS30 Intelligent Battery Station","og_description":"Draagbaar en gebruiksvriendelijk accustation Laadt maximaal vier vliegaccu&#039;s tegelijkertijd op Laadt twee afstandsbedieningen tegelijk op Snel opladen: 20% tot 90% in 30 minuten Ondersteunt stand-by- en opslagmodi","og_url":"https:\/\/koningdrone.be\/es\/producto\/bs30-intelligent-battery-station\/","og_site_name":"koningdrone.be","article_modified_time":"2025-04-29T11:58:53+00:00","og_image":[{"width":1280,"height":1280,"url":"https:\/\/koningdrone.be\/wp-content\/uploads\/sites\/13\/2025\/04\/454d44cd7a0a2029b9dea414fc237bfe@ultra.jpg","type":"image\/jpeg"}],"twitter_card":"summary_large_image","twitter_misc":{"Tiempo de lectura":"1 minuto"},"schema":{"@context":"https:\/\/schema.org","@graph":[{"@type":"WebPage","@id":"https:\/\/koningdrone.be\/product\/bs30-intelligent-battery-station\/","url":"https:\/\/koningdrone.be\/product\/bs30-intelligent-battery-station\/","name":"BS30 Intelligent Battery Station - koningdrone.be","isPartOf":{"@id":"https:\/\/koningdrone.be\/#website"},"primaryImageOfPage":{"@id":"https:\/\/koningdrone.be\/product\/bs30-intelligent-battery-station\/#primaryimage"},"image":{"@id":"https:\/\/koningdrone.be\/product\/bs30-intelligent-battery-station\/#primaryimage"},"thumbnailUrl":"https:\/\/koningdrone.be\/wp-content\/uploads\/sites\/13\/2025\/04\/454d44cd7a0a2029b9dea414fc237bfe@ultra.jpg","datePublished":"2024-03-14T11:24:20+00:00","dateModified":"2025-04-29T11:58:53+00:00","breadcrumb":{"@id":"https:\/\/koningdrone.be\/product\/bs30-intelligent-battery-station\/#breadcrumb"},"inLanguage":"es","potentialAction":[{"@type":"ReadAction","target":["https:\/\/koningdrone.be\/product\/bs30-intelligent-battery-station\/"]}]},{"@type":"ImageObject","inLanguage":"es","@id":"https:\/\/koningdrone.be\/product\/bs30-intelligent-battery-station\/#primaryimage","url":"https:\/\/koningdrone.be\/wp-content\/uploads\/sites\/13\/2025\/04\/454d44cd7a0a2029b9dea414fc237bfe@ultra.jpg","contentUrl":"https:\/\/koningdrone.be\/wp-content\/uploads\/sites\/13\/2025\/04\/454d44cd7a0a2029b9dea414fc237bfe@ultra.jpg","width":1280,"height":1280},{"@type":"BreadcrumbList","@id":"https:\/\/koningdrone.be\/product\/bs30-intelligent-battery-station\/#breadcrumb","itemListElement":[{"@type":"ListItem","position":1,"name":"Home","item":"https:\/\/koningdrone.be\/"},{"@type":"ListItem","position":2,"name":"AVSS Parachute Recovery System for DJI Matrice 300\/350","item":"https:\/\/koningdrone.be\/product\/avss-parachute-recovery-system-for-dji-matrice-300-350\/"},{"@type":"ListItem","position":3,"name":"Alle batterijen","item":"https:\/\/koningdrone.be\/categorie\/alle-batterijen\/"},{"@type":"ListItem","position":4,"name":"BS30 Intelligent Battery Station"}]},{"@type":"WebSite","@id":"https:\/\/koningdrone.be\/#website","url":"https:\/\/koningdrone.be\/","name":"Koningdrone.be - Su especialista en l\u00ednea en drones, cardanes, c\u00e1maras y centrales el\u00e9ctricas.","description":"La tienda virtual de drones y cardanes","publisher":{"@id":"https:\/\/koningdrone.be\/#organization"},"potentialAction":[{"@type":"SearchAction","target":{"@type":"EntryPoint","urlTemplate":"https:\/\/koningdrone.be\/?s={search_term_string}"},"query-input":{"@type":"PropertyValueSpecification","valueRequired":true,"valueName":"search_term_string"}}],"inLanguage":"es"},{"@type":"Organization","@id":"https:\/\/koningdrone.be\/#organization","name":"Kingdrone.es","url":"https:\/\/koningdrone.be\/","logo":{"@type":"ImageObject","inLanguage":"es","@id":"https:\/\/koningdrone.be\/#\/schema\/logo\/image\/","url":"https:\/\/koningdrone.be\/wp-content\/uploads\/sites\/13\/2025\/04\/koningdrone-copyright-logo.svg","contentUrl":"https:\/\/koningdrone.be\/wp-content\/uploads\/sites\/13\/2025\/04\/koningdrone-copyright-logo.svg","width":227,"height":38,"caption":"Koningdrone.be"},"image":{"@id":"https:\/\/koningdrone.be\/#\/schema\/logo\/image\/"}}]}},"df_price":"","df_sale_price":"","df_regular_price":"","df_image_link":"https:\/\/koningdrone.be\/wp-content\/uploads\/sites\/13\/2025\/04\/454d44cd7a0a2029b9dea414fc237bfe@ultra-300x300.jpg","_links":{"self":[{"href":"https:\/\/koningdrone.be\/es\/wp-json\/wp\/v2\/product\/3883","targetHints":{"allow":["GET"]}}],"collection":[{"href":"https:\/\/koningdrone.be\/es\/wp-json\/wp\/v2\/product"}],"about":[{"href":"https:\/\/koningdrone.be\/es\/wp-json\/wp\/v2\/types\/product"}],"wp:featuredmedia":[{"embeddable":true,"href":"https:\/\/koningdrone.be\/es\/wp-json\/wp\/v2\/media\/3881"}],"wp:attachment":[{"href":"https:\/\/koningdrone.be\/es\/wp-json\/wp\/v2\/media?parent=3883"}],"wp:term":[{"taxonomy":"product_brand","embeddable":true,"href":"https:\/\/koningdrone.be\/es\/wp-json\/wp\/v2\/product_brand?post=3883"},{"taxonomy":"product_cat","embeddable":true,"href":"https:\/\/koningdrone.be\/es\/wp-json\/wp\/v2\/product_cat?post=3883"},{"taxonomy":"product_tag","embeddable":true,"href":"https:\/\/koningdrone.be\/es\/wp-json\/wp\/v2\/product_tag?post=3883"}],"curies":[{"name":"wp","href":"https:\/\/api.w.org\/{rel}","templated":true}]}}