{"id":3869,"date":"2024-03-14T11:26:00","date_gmt":"2024-03-14T10:26:00","guid":{"rendered":"https:\/\/koningdrone.nl\/kon\/product\/osmo-action-road-cycling-accessory-kit\/"},"modified":"2026-04-29T15:50:49","modified_gmt":"2026-04-29T13:50:49","slug":"osmo-action-road-cycling-accessory-kit","status":"publish","type":"product","link":"https:\/\/koningdrone.be\/es\/producto\/osmo-action-road-cycling-accessory-kit\/","title":{"rendered":"Kit de accesorios para ciclismo de carretera Osmo Action"},"content":{"rendered":"<p><strong>Soluci\u00f3n integral de montaje para ciclistas<\/strong><\/p>\n<p> Este paquete de productos ofrece una soluci\u00f3n vers\u00e1til y completa para fijar su c\u00e1mara en distintas posiciones mientras practica ciclismo. Capture todos los \u00e1ngulos de su aventura, ya sea la carretera delante de usted, el paisaje o sus compa\u00f1eros que le siguen. Dise\u00f1ado tanto para principiantes como para expertos en videograf\u00eda de acci\u00f3n, este paquete garantiza que no se pierda nada de su viaje.<\/p>\n<p><strong>Principales componentes del paquete<\/strong><\/p>\n<p> El paquete incluye un soporte para el ra\u00edl del sill\u00edn de la bicicleta para filmar detr\u00e1s de la bicicleta, un mini soporte para el manillar para capturar el trayecto por delante, una correa de mu\u00f1eca de 360\u00b0 para facilitar el vlogging y la filmaci\u00f3n din\u00e1mica, un soporte adaptador de liberaci\u00f3n r\u00e1pida con un tornillo de bloqueo para cambiar la posici\u00f3n de la c\u00e1mara de forma r\u00e1pida y segura, y una llave Allen para apretar y realizar ajustes. Todos los componentes se han dise\u00f1ado para mejorar la experiencia de grabaci\u00f3n y garantizar la estabilidad y la flexibilidad durante los trayectos.<\/p>\n<p><strong>Colocaci\u00f3n de c\u00e1maras y seguridad sin esfuerzo<\/strong><\/p>\n<p> La montura adaptadora de liberaci\u00f3n r\u00e1pida es un elemento destacado de este paquete, ya que ofrece una facilidad excepcional para cambiar la c\u00e1mara entre distintos puntos de montaje sin comprometer la seguridad. Tanto si le interesa capturar el viaje con el soporte para manillar como la camarader\u00eda con el soporte para ra\u00edl de asiento, esta funci\u00f3n permite realizar ajustes r\u00e1pidos y seguros. La llave Allen incluida garantiza adem\u00e1s que todos los componentes permanezcan firmemente en su sitio durante el viaje.<\/p>\n<p><strong>Ideal para cualquier aficionado al ciclismo<\/strong><\/p>\n<p> Tanto si es un principiante que busca documentar sus aventuras en bicicleta como si es un experto en videograf\u00eda de acci\u00f3n, este kit de edici\u00f3n est\u00e1 dise\u00f1ado para satisfacer sus necesidades. Su versatilidad y facilidad de uso lo convierten en la opci\u00f3n ideal para capturar todos los aspectos de tu experiencia ciclista, garantizando un metraje de alta calidad de tus aventuras. Mejora tu videograf\u00eda con esta completa soluci\u00f3n de montaje.<\/p>\n<p><\/p>","protected":false},"excerpt":{"rendered":"<ul>\n<li>Incluye montaje en ra\u00edl para sill\u00edn de bicicleta<\/li>\n<li> Mini soporte de manillar incluido<\/li>\n<li> Correa de mu\u00f1eca de 360\u00b0 incluida<\/li>\n<li> Adaptador de liberaci\u00f3n r\u00e1pida incluido<\/li>\n<li> Incluye tornillo de bloqueo y llave Allen<\/li>\n<li> Cambio de posici\u00f3n de la c\u00e1mara sin esfuerzo<\/li>\n<li> Captura la vista hacia delante con el mini soporte para manillar<\/li>\n<li> Captura a los acompa\u00f1antes que viajan detr\u00e1s con el soporte para ra\u00edl de sill\u00edn de bicicleta<\/li>\n<li> F\u00e1cil vlogging con la pulsera 360<\/li>\n<\/ul>","protected":false},"featured_media":3867,"template":"","meta":{"_acf_changed":false},"product_brand":[],"product_cat":[756,410,97,297,757],"product_tag":[],"class_list":{"0":"post-3869","1":"product","2":"type-product","3":"status-publish","4":"has-post-thumbnail","6":"product_cat-accessoires","7":"product_cat-alle-handheld-gimbals","8":"product_cat-alle-producten","9":"product_cat-dji-osmo","10":"product_cat-dji-osmo-action","11":"product_shipping_class-outofstock","12":"pa_brand-dji","13":"pa_productfamily-action-cam-accessoires","14":"pa_producttype-action-cam-accessoires","15":"pa_series-osmo-action","17":"first","18":"outofstock","19":"taxable","20":"shipping-taxable","21":"purchasable","22":"product-type-simple"},"acf":[],"yoast_head":"<!-- This site is optimized with the Yoast SEO Premium plugin v27.2 (Yoast SEO v27.2) - https:\/\/yoast.com\/product\/yoast-seo-premium-wordpress\/ -->\n<title>Osmo Action Road Cycling Accessory Kit - koningdrone.be<\/title>\n<meta name=\"robots\" content=\"index, follow, max-snippet:-1, max-image-preview:large, max-video-preview:-1\" \/>\n<link rel=\"canonical\" href=\"https:\/\/koningdrone.be\/es\/producto\/osmo-action-road-cycling-accessory-kit\/\" \/>\n<meta property=\"og:locale\" content=\"es_ES\" \/>\n<meta property=\"og:type\" content=\"article\" \/>\n<meta property=\"og:title\" content=\"Osmo Action Road Cycling Accessory Kit\" \/>\n<meta property=\"og:description\" content=\"Inclusief montage op rail voor fietszadel Inclusief mini-stuurhouder Inclusief 360\u00b0 polsband Inclusief Quick-Release-adapterhouder Inclusief borgschroef en inbussleutel Moeiteloos wisselen van camerapositie Legt zicht vooruit vast met de mini-stuurhouder Legt de achterop rijdende metgezellen vast met de Bike Seat Rail Mount Gemakkelijk vloggen met 360\u00b0 polsband\" \/>\n<meta property=\"og:url\" content=\"https:\/\/koningdrone.be\/es\/producto\/osmo-action-road-cycling-accessory-kit\/\" \/>\n<meta property=\"og:site_name\" content=\"koningdrone.be\" \/>\n<meta property=\"article:modified_time\" content=\"2026-04-29T13:50:49+00:00\" \/>\n<meta property=\"og:image\" content=\"https:\/\/koningdrone.be\/wp-content\/uploads\/sites\/13\/2025\/04\/93c3fc463c88fe2909c2981edca52b17@large.jpg\" \/>\n\t<meta property=\"og:image:width\" content=\"1200\" \/>\n\t<meta property=\"og:image:height\" content=\"800\" \/>\n\t<meta property=\"og:image:type\" content=\"image\/jpeg\" \/>\n<meta name=\"twitter:card\" content=\"summary_large_image\" \/>\n<meta name=\"twitter:label1\" content=\"Tiempo de lectura\" \/>\n\t<meta name=\"twitter:data1\" content=\"1 minuto\" \/>\n<script type=\"application\/ld+json\" class=\"yoast-schema-graph\">{\"@context\":\"https:\/\/schema.org\",\"@graph\":[{\"@type\":\"WebPage\",\"@id\":\"https:\/\/koningdrone.be\/product\/osmo-action-road-cycling-accessory-kit\/\",\"url\":\"https:\/\/koningdrone.be\/product\/osmo-action-road-cycling-accessory-kit\/\",\"name\":\"Osmo Action Road Cycling Accessory Kit - koningdrone.be\",\"isPartOf\":{\"@id\":\"https:\/\/koningdrone.be\/#website\"},\"primaryImageOfPage\":{\"@id\":\"https:\/\/koningdrone.be\/product\/osmo-action-road-cycling-accessory-kit\/#primaryimage\"},\"image\":{\"@id\":\"https:\/\/koningdrone.be\/product\/osmo-action-road-cycling-accessory-kit\/#primaryimage\"},\"thumbnailUrl\":\"https:\/\/koningdrone.be\/wp-content\/uploads\/sites\/13\/2025\/04\/93c3fc463c88fe2909c2981edca52b17@large.jpg\",\"datePublished\":\"2024-03-14T10:26:00+00:00\",\"dateModified\":\"2026-04-29T13:50:49+00:00\",\"breadcrumb\":{\"@id\":\"https:\/\/koningdrone.be\/product\/osmo-action-road-cycling-accessory-kit\/#breadcrumb\"},\"inLanguage\":\"es\",\"potentialAction\":[{\"@type\":\"ReadAction\",\"target\":[\"https:\/\/koningdrone.be\/product\/osmo-action-road-cycling-accessory-kit\/\"]}]},{\"@type\":\"ImageObject\",\"inLanguage\":\"es\",\"@id\":\"https:\/\/koningdrone.be\/product\/osmo-action-road-cycling-accessory-kit\/#primaryimage\",\"url\":\"https:\/\/koningdrone.be\/wp-content\/uploads\/sites\/13\/2025\/04\/93c3fc463c88fe2909c2981edca52b17@large.jpg\",\"contentUrl\":\"https:\/\/koningdrone.be\/wp-content\/uploads\/sites\/13\/2025\/04\/93c3fc463c88fe2909c2981edca52b17@large.jpg\",\"width\":1200,\"height\":800},{\"@type\":\"BreadcrumbList\",\"@id\":\"https:\/\/koningdrone.be\/product\/osmo-action-road-cycling-accessory-kit\/#breadcrumb\",\"itemListElement\":[{\"@type\":\"ListItem\",\"position\":1,\"name\":\"Home\",\"item\":\"https:\/\/koningdrone.be\/\"},{\"@type\":\"ListItem\",\"position\":2,\"name\":\"AVSS Parachute Recovery System for DJI Matrice 300\/350\",\"item\":\"https:\/\/koningdrone.be\/product\/avss-parachute-recovery-system-for-dji-matrice-300-350\/\"},{\"@type\":\"ListItem\",\"position\":3,\"name\":\"Accessoires\",\"item\":\"https:\/\/koningdrone.be\/categorie\/accessoires\/\"},{\"@type\":\"ListItem\",\"position\":4,\"name\":\"Osmo Action Road Cycling Accessory Kit\"}]},{\"@type\":\"WebSite\",\"@id\":\"https:\/\/koningdrone.be\/#website\",\"url\":\"https:\/\/koningdrone.be\/\",\"name\":\"Koningdrone.be - Uw online specialist in drones, gimbals, camera's en power stations.\",\"description\":\"De webshop in drones en gimbals\",\"publisher\":{\"@id\":\"https:\/\/koningdrone.be\/#organization\"},\"potentialAction\":[{\"@type\":\"SearchAction\",\"target\":{\"@type\":\"EntryPoint\",\"urlTemplate\":\"https:\/\/koningdrone.be\/?s={search_term_string}\"},\"query-input\":{\"@type\":\"PropertyValueSpecification\",\"valueRequired\":true,\"valueName\":\"search_term_string\"}}],\"inLanguage\":\"es\"},{\"@type\":\"Organization\",\"@id\":\"https:\/\/koningdrone.be\/#organization\",\"name\":\"Koningdrone.be\",\"url\":\"https:\/\/koningdrone.be\/\",\"logo\":{\"@type\":\"ImageObject\",\"inLanguage\":\"es\",\"@id\":\"https:\/\/koningdrone.be\/#\/schema\/logo\/image\/\",\"url\":\"https:\/\/koningdrone.be\/wp-content\/uploads\/sites\/13\/2025\/04\/koningdrone-copyright-logo.svg\",\"contentUrl\":\"https:\/\/koningdrone.be\/wp-content\/uploads\/sites\/13\/2025\/04\/koningdrone-copyright-logo.svg\",\"width\":227,\"height\":38,\"caption\":\"Koningdrone.be\"},\"image\":{\"@id\":\"https:\/\/koningdrone.be\/#\/schema\/logo\/image\/\"}}]}<\/script>\n<!-- \/ Yoast SEO Premium plugin. -->","yoast_head_json":{"title":"Osmo Action Road Cycling Accessory Kit - koningdrone.be","robots":{"index":"index","follow":"follow","max-snippet":"max-snippet:-1","max-image-preview":"max-image-preview:large","max-video-preview":"max-video-preview:-1"},"canonical":"https:\/\/koningdrone.be\/es\/producto\/osmo-action-road-cycling-accessory-kit\/","og_locale":"es_ES","og_type":"article","og_title":"Osmo Action Road Cycling Accessory Kit","og_description":"Inclusief montage op rail voor fietszadel Inclusief mini-stuurhouder Inclusief 360\u00b0 polsband Inclusief Quick-Release-adapterhouder Inclusief borgschroef en inbussleutel Moeiteloos wisselen van camerapositie Legt zicht vooruit vast met de mini-stuurhouder Legt de achterop rijdende metgezellen vast met de Bike Seat Rail Mount Gemakkelijk vloggen met 360\u00b0 polsband","og_url":"https:\/\/koningdrone.be\/es\/producto\/osmo-action-road-cycling-accessory-kit\/","og_site_name":"koningdrone.be","article_modified_time":"2026-04-29T13:50:49+00:00","og_image":[{"width":1200,"height":800,"url":"https:\/\/koningdrone.be\/wp-content\/uploads\/sites\/13\/2025\/04\/93c3fc463c88fe2909c2981edca52b17@large.jpg","type":"image\/jpeg"}],"twitter_card":"summary_large_image","twitter_misc":{"Tiempo de lectura":"1 minuto"},"schema":{"@context":"https:\/\/schema.org","@graph":[{"@type":"WebPage","@id":"https:\/\/koningdrone.be\/product\/osmo-action-road-cycling-accessory-kit\/","url":"https:\/\/koningdrone.be\/product\/osmo-action-road-cycling-accessory-kit\/","name":"Osmo Action Road Cycling Accessory Kit - koningdrone.be","isPartOf":{"@id":"https:\/\/koningdrone.be\/#website"},"primaryImageOfPage":{"@id":"https:\/\/koningdrone.be\/product\/osmo-action-road-cycling-accessory-kit\/#primaryimage"},"image":{"@id":"https:\/\/koningdrone.be\/product\/osmo-action-road-cycling-accessory-kit\/#primaryimage"},"thumbnailUrl":"https:\/\/koningdrone.be\/wp-content\/uploads\/sites\/13\/2025\/04\/93c3fc463c88fe2909c2981edca52b17@large.jpg","datePublished":"2024-03-14T10:26:00+00:00","dateModified":"2026-04-29T13:50:49+00:00","breadcrumb":{"@id":"https:\/\/koningdrone.be\/product\/osmo-action-road-cycling-accessory-kit\/#breadcrumb"},"inLanguage":"es","potentialAction":[{"@type":"ReadAction","target":["https:\/\/koningdrone.be\/product\/osmo-action-road-cycling-accessory-kit\/"]}]},{"@type":"ImageObject","inLanguage":"es","@id":"https:\/\/koningdrone.be\/product\/osmo-action-road-cycling-accessory-kit\/#primaryimage","url":"https:\/\/koningdrone.be\/wp-content\/uploads\/sites\/13\/2025\/04\/93c3fc463c88fe2909c2981edca52b17@large.jpg","contentUrl":"https:\/\/koningdrone.be\/wp-content\/uploads\/sites\/13\/2025\/04\/93c3fc463c88fe2909c2981edca52b17@large.jpg","width":1200,"height":800},{"@type":"BreadcrumbList","@id":"https:\/\/koningdrone.be\/product\/osmo-action-road-cycling-accessory-kit\/#breadcrumb","itemListElement":[{"@type":"ListItem","position":1,"name":"Home","item":"https:\/\/koningdrone.be\/"},{"@type":"ListItem","position":2,"name":"AVSS Parachute Recovery System for DJI Matrice 300\/350","item":"https:\/\/koningdrone.be\/product\/avss-parachute-recovery-system-for-dji-matrice-300-350\/"},{"@type":"ListItem","position":3,"name":"Accessoires","item":"https:\/\/koningdrone.be\/categorie\/accessoires\/"},{"@type":"ListItem","position":4,"name":"Osmo Action Road Cycling Accessory Kit"}]},{"@type":"WebSite","@id":"https:\/\/koningdrone.be\/#website","url":"https:\/\/koningdrone.be\/","name":"Koningdrone.be - Su especialista en l\u00ednea en drones, cardanes, c\u00e1maras y centrales el\u00e9ctricas.","description":"La tienda virtual de drones y cardanes","publisher":{"@id":"https:\/\/koningdrone.be\/#organization"},"potentialAction":[{"@type":"SearchAction","target":{"@type":"EntryPoint","urlTemplate":"https:\/\/koningdrone.be\/?s={search_term_string}"},"query-input":{"@type":"PropertyValueSpecification","valueRequired":true,"valueName":"search_term_string"}}],"inLanguage":"es"},{"@type":"Organization","@id":"https:\/\/koningdrone.be\/#organization","name":"Kingdrone.es","url":"https:\/\/koningdrone.be\/","logo":{"@type":"ImageObject","inLanguage":"es","@id":"https:\/\/koningdrone.be\/#\/schema\/logo\/image\/","url":"https:\/\/koningdrone.be\/wp-content\/uploads\/sites\/13\/2025\/04\/koningdrone-copyright-logo.svg","contentUrl":"https:\/\/koningdrone.be\/wp-content\/uploads\/sites\/13\/2025\/04\/koningdrone-copyright-logo.svg","width":227,"height":38,"caption":"Koningdrone.be"},"image":{"@id":"https:\/\/koningdrone.be\/#\/schema\/logo\/image\/"}}]}},"df_price":79,"df_sale_price":"","df_regular_price":79,"df_image_link":"https:\/\/koningdrone.be\/wp-content\/uploads\/sites\/13\/2025\/04\/93c3fc463c88fe2909c2981edca52b17@large-300x200.jpg","_links":{"self":[{"href":"https:\/\/koningdrone.be\/es\/wp-json\/wp\/v2\/product\/3869","targetHints":{"allow":["GET"]}}],"collection":[{"href":"https:\/\/koningdrone.be\/es\/wp-json\/wp\/v2\/product"}],"about":[{"href":"https:\/\/koningdrone.be\/es\/wp-json\/wp\/v2\/types\/product"}],"wp:featuredmedia":[{"embeddable":true,"href":"https:\/\/koningdrone.be\/es\/wp-json\/wp\/v2\/media\/3867"}],"wp:attachment":[{"href":"https:\/\/koningdrone.be\/es\/wp-json\/wp\/v2\/media?parent=3869"}],"wp:term":[{"taxonomy":"product_brand","embeddable":true,"href":"https:\/\/koningdrone.be\/es\/wp-json\/wp\/v2\/product_brand?post=3869"},{"taxonomy":"product_cat","embeddable":true,"href":"https:\/\/koningdrone.be\/es\/wp-json\/wp\/v2\/product_cat?post=3869"},{"taxonomy":"product_tag","embeddable":true,"href":"https:\/\/koningdrone.be\/es\/wp-json\/wp\/v2\/product_tag?post=3869"}],"curies":[{"name":"wp","href":"https:\/\/api.w.org\/{rel}","templated":true}]}}