{"id":3862,"date":"2024-03-14T11:26:00","date_gmt":"2024-03-14T10:26:00","guid":{"rendered":"https:\/\/koningdrone.nl\/kon\/product\/dji-dl-lens-nd-filters-set\/"},"modified":"2026-04-29T07:10:35","modified_gmt":"2026-04-29T05:10:35","slug":"dji-dl-lens-nd-filters-set","status":"publish","type":"product","link":"https:\/\/koningdrone.be\/es\/producto\/dji-dl-lens-nd-filters-set\/","title":{"rendered":"DJI DL Lens ND Filtros Set"},"content":{"rendered":"<p> Este producto contiene un conjunto de filtros personalizados de alta calidad para la serie de c\u00e1maras Zenmuse, compuesto por varios filtros de densidad neutra (ND) que van de ND4 a ND128, adem\u00e1s de un protector de lente DL. Destinados a mejorar la fotograf\u00eda y la videograf\u00eda, estos filtros ND ayudan a gestionar la cantidad de luz que entra en el objetivo, lo que permite un control sofisticado de los ajustes de la c\u00e1mara para la apertura y la velocidad de obturaci\u00f3n. La adici\u00f3n de un protector de objetivo proporciona una seguridad adicional contra posibles da\u00f1os, garantizando que el objetivo de su c\u00e1mara se mantenga impecable.<\/p>\n<p><strong>Filtros de densidad neutra<\/strong><\/p>\n<p> La colecci\u00f3n incluye filtros ND que pueden reducir la luz entrante entre 2 y 7 pasos. Esta caracter\u00edstica ayuda a conseguir los niveles de exposici\u00f3n deseados, fomentando la libertad creativa a la hora de capturar con suavidad el movimiento en los v\u00eddeos u obtener efectos fotogr\u00e1ficos espec\u00edficos. Creados para mantener la fidelidad de los colores naturales, estos filtros est\u00e1n alineados con el DJI Cinema Colour System para garantizar la consistencia y la calidad \u00f3ptima en tus grabaciones. Adem\u00e1s, los filtros est\u00e1n cuidadosamente recubiertos para reducir brillos y reflejos, proporcionando la mejor calidad de imagen posible incluso en condiciones de iluminaci\u00f3n dif\u00edciles.<\/p>\n<p><strong>Recubrimientos especiales<\/strong><\/p>\n<p> Todos los filtros ND de este set incorporan un revestimiento especial que no s\u00f3lo minimiza los reflejos, sino que tambi\u00e9n resiste el agua y las manchas. Este tratamiento duradero simplifica el proceso de mantenimiento y garantiza que los filtros permanezcan limpios y n\u00edtidos, preservando la calidad de la imagen durante un uso prolongado. Estas caracter\u00edsticas hacen de estos filtros un accesorio indispensable para fot\u00f3grafos y vide\u00f3grafos deseosos de producir contenidos visualmente impactantes y profesionales.<\/p>\n<p><strong>Protector de lente<\/strong><\/p>\n<p> Con los filtros ND se incluye un protector de objetivo DL antiest\u00e1tico, dise\u00f1ado para proporcionar una protecci\u00f3n superior al objetivo de su c\u00e1mara. Este protector est\u00e1 dise\u00f1ado para proteger contra ara\u00f1azos, polvo y desgaste en general, alargando eficazmente la vida \u00fatil del objetivo. Su inclusi\u00f3n en el kit subraya el compromiso no s\u00f3lo de mejorar las capacidades fotogr\u00e1ficas de las c\u00e1maras Zenmuse, sino tambi\u00e9n de proteger el equipo para que tanto los entusiastas como los profesionales puedan centrarse en sus actividades creativas con tranquilidad.<\/p>\n<p><strong>Para todos los fot\u00f3grafos<\/strong><\/p>\n<p> Tanto si se encuentra al principio de su viaje fotogr\u00e1fico como si es un experto experimentado, este conjunto de filtros ND y protector de objetivo le proporciona las herramientas necesarias para explorar a fondo y hacer realidad su visi\u00f3n creativa. Con opciones para controlar con precisi\u00f3n la exposici\u00f3n a la luz y proteger tu equipo, estos accesorios te permiten superar los l\u00edmites de lo posible y capturar im\u00e1genes extraordinarias en una amplia gama de condiciones.<\/p>\n<p><\/p>","protected":false},"excerpt":{"rendered":"<ul>\n<li>Dise\u00f1ado para la serie Zenmuse<\/li>\n<li> Incluye filtros ND4\/8\/16\/32\/64\/128 y protector de lente DL<\/li>\n<li> Reduce la transmisi\u00f3n de la luz para controlar la apertura y la velocidad de obturaci\u00f3n<\/li>\n<li> La \u00f3ptica de precisi\u00f3n mantiene los colores vivos<\/li>\n<li> Compatible con el sistema DJI Cinema Color<\/li>\n<li> El revestimiento de alta calidad reduce el deslumbramiento<\/li>\n<li> Revestimiento resistente al agua y las manchas para facilitar la limpieza<\/li>\n<li> Protector de lente antiest\u00e1tico para mayor protecci\u00f3n<\/li>\n<\/ul>","protected":false},"featured_media":3860,"template":"","meta":{"_acf_changed":false},"product_brand":[],"product_cat":[172,97,316],"product_tag":[],"class_list":{"0":"post-3862","1":"product","2":"type-product","3":"status-publish","4":"has-post-thumbnail","6":"product_cat-alle-nd-filters","7":"product_cat-alle-producten","8":"product_cat-dji-zenmuse","9":"product_shipping_class-outofstock","10":"pa_brand-dji","11":"pa_productfamily-nd-filters","12":"pa_producttype-nd-filters","14":"first","15":"outofstock","16":"taxable","17":"shipping-taxable","18":"product-type-simple"},"acf":[],"yoast_head":"<!-- This site is optimized with the Yoast SEO Premium plugin v27.2 (Yoast SEO v27.2) - https:\/\/yoast.com\/product\/yoast-seo-premium-wordpress\/ -->\n<title>DJI DL Lens ND Filters Set - koningdrone.be<\/title>\n<meta name=\"robots\" content=\"index, follow, max-snippet:-1, max-image-preview:large, max-video-preview:-1\" \/>\n<link rel=\"canonical\" href=\"https:\/\/koningdrone.be\/es\/producto\/dji-dl-lens-nd-filters-set\/\" \/>\n<meta property=\"og:locale\" content=\"es_ES\" \/>\n<meta property=\"og:type\" content=\"article\" \/>\n<meta property=\"og:title\" content=\"DJI DL Lens ND Filters Set\" \/>\n<meta property=\"og:description\" content=\"Ontworpen voor de Zenmuse-serie Inclusief ND4\/8\/16\/32\/64\/128 filters en DL-lensbeschermer Vermindert de lichttransmissie om het diafragma en de sluitertijd te regelen Precisieoptiek behoudt levensechte kleuren Compatibel met DJI Cinema Color-systeem Hoogwaardige coating vermindert verblinding Water- en vlekbestendige coating voor eenvoudige reiniging Antistatische lensbeschermer voor extra bescherming\" \/>\n<meta property=\"og:url\" content=\"https:\/\/koningdrone.be\/es\/producto\/dji-dl-lens-nd-filters-set\/\" \/>\n<meta property=\"og:site_name\" content=\"koningdrone.be\" \/>\n<meta property=\"article:modified_time\" content=\"2026-04-29T05:10:35+00:00\" \/>\n<meta property=\"og:image\" content=\"https:\/\/koningdrone.be\/wp-content\/uploads\/sites\/13\/2025\/04\/large_4f3d771a-e175-4208-9b0d-275b064a957d.jpg\" \/>\n\t<meta property=\"og:image:width\" content=\"1200\" \/>\n\t<meta property=\"og:image:height\" content=\"800\" \/>\n\t<meta property=\"og:image:type\" content=\"image\/jpeg\" \/>\n<meta name=\"twitter:card\" content=\"summary_large_image\" \/>\n<meta name=\"twitter:label1\" content=\"Tiempo de lectura\" \/>\n\t<meta name=\"twitter:data1\" content=\"2 minutos\" \/>\n<script type=\"application\/ld+json\" class=\"yoast-schema-graph\">{\"@context\":\"https:\/\/schema.org\",\"@graph\":[{\"@type\":\"WebPage\",\"@id\":\"https:\/\/koningdrone.be\/product\/dji-dl-lens-nd-filters-set\/\",\"url\":\"https:\/\/koningdrone.be\/product\/dji-dl-lens-nd-filters-set\/\",\"name\":\"DJI DL Lens ND Filters Set - koningdrone.be\",\"isPartOf\":{\"@id\":\"https:\/\/koningdrone.be\/#website\"},\"primaryImageOfPage\":{\"@id\":\"https:\/\/koningdrone.be\/product\/dji-dl-lens-nd-filters-set\/#primaryimage\"},\"image\":{\"@id\":\"https:\/\/koningdrone.be\/product\/dji-dl-lens-nd-filters-set\/#primaryimage\"},\"thumbnailUrl\":\"https:\/\/koningdrone.be\/wp-content\/uploads\/sites\/13\/2025\/04\/large_4f3d771a-e175-4208-9b0d-275b064a957d.jpg\",\"datePublished\":\"2024-03-14T10:26:00+00:00\",\"dateModified\":\"2026-04-29T05:10:35+00:00\",\"breadcrumb\":{\"@id\":\"https:\/\/koningdrone.be\/product\/dji-dl-lens-nd-filters-set\/#breadcrumb\"},\"inLanguage\":\"es\",\"potentialAction\":[{\"@type\":\"ReadAction\",\"target\":[\"https:\/\/koningdrone.be\/product\/dji-dl-lens-nd-filters-set\/\"]}]},{\"@type\":\"ImageObject\",\"inLanguage\":\"es\",\"@id\":\"https:\/\/koningdrone.be\/product\/dji-dl-lens-nd-filters-set\/#primaryimage\",\"url\":\"https:\/\/koningdrone.be\/wp-content\/uploads\/sites\/13\/2025\/04\/large_4f3d771a-e175-4208-9b0d-275b064a957d.jpg\",\"contentUrl\":\"https:\/\/koningdrone.be\/wp-content\/uploads\/sites\/13\/2025\/04\/large_4f3d771a-e175-4208-9b0d-275b064a957d.jpg\",\"width\":1200,\"height\":800},{\"@type\":\"BreadcrumbList\",\"@id\":\"https:\/\/koningdrone.be\/product\/dji-dl-lens-nd-filters-set\/#breadcrumb\",\"itemListElement\":[{\"@type\":\"ListItem\",\"position\":1,\"name\":\"Home\",\"item\":\"https:\/\/koningdrone.be\/\"},{\"@type\":\"ListItem\",\"position\":2,\"name\":\"AVSS Parachute Recovery System for DJI Matrice 300\/350\",\"item\":\"https:\/\/koningdrone.be\/product\/avss-parachute-recovery-system-for-dji-matrice-300-350\/\"},{\"@type\":\"ListItem\",\"position\":3,\"name\":\"Alle ND Filters\",\"item\":\"https:\/\/koningdrone.be\/categorie\/alle-nd-filters\/\"},{\"@type\":\"ListItem\",\"position\":4,\"name\":\"DJI DL Lens ND Filters Set\"}]},{\"@type\":\"WebSite\",\"@id\":\"https:\/\/koningdrone.be\/#website\",\"url\":\"https:\/\/koningdrone.be\/\",\"name\":\"Koningdrone.be - Uw online specialist in drones, gimbals, camera's en power stations.\",\"description\":\"De webshop in drones en gimbals\",\"publisher\":{\"@id\":\"https:\/\/koningdrone.be\/#organization\"},\"potentialAction\":[{\"@type\":\"SearchAction\",\"target\":{\"@type\":\"EntryPoint\",\"urlTemplate\":\"https:\/\/koningdrone.be\/?s={search_term_string}\"},\"query-input\":{\"@type\":\"PropertyValueSpecification\",\"valueRequired\":true,\"valueName\":\"search_term_string\"}}],\"inLanguage\":\"es\"},{\"@type\":\"Organization\",\"@id\":\"https:\/\/koningdrone.be\/#organization\",\"name\":\"Koningdrone.be\",\"url\":\"https:\/\/koningdrone.be\/\",\"logo\":{\"@type\":\"ImageObject\",\"inLanguage\":\"es\",\"@id\":\"https:\/\/koningdrone.be\/#\/schema\/logo\/image\/\",\"url\":\"https:\/\/koningdrone.be\/wp-content\/uploads\/sites\/13\/2025\/04\/koningdrone-copyright-logo.svg\",\"contentUrl\":\"https:\/\/koningdrone.be\/wp-content\/uploads\/sites\/13\/2025\/04\/koningdrone-copyright-logo.svg\",\"width\":227,\"height\":38,\"caption\":\"Koningdrone.be\"},\"image\":{\"@id\":\"https:\/\/koningdrone.be\/#\/schema\/logo\/image\/\"}}]}<\/script>\n<!-- \/ Yoast SEO Premium plugin. -->","yoast_head_json":{"title":"DJI DL Lens ND Filters Set - koningdrone.be","robots":{"index":"index","follow":"follow","max-snippet":"max-snippet:-1","max-image-preview":"max-image-preview:large","max-video-preview":"max-video-preview:-1"},"canonical":"https:\/\/koningdrone.be\/es\/producto\/dji-dl-lens-nd-filters-set\/","og_locale":"es_ES","og_type":"article","og_title":"DJI DL Lens ND Filters Set","og_description":"Ontworpen voor de Zenmuse-serie Inclusief ND4\/8\/16\/32\/64\/128 filters en DL-lensbeschermer Vermindert de lichttransmissie om het diafragma en de sluitertijd te regelen Precisieoptiek behoudt levensechte kleuren Compatibel met DJI Cinema Color-systeem Hoogwaardige coating vermindert verblinding Water- en vlekbestendige coating voor eenvoudige reiniging Antistatische lensbeschermer voor extra bescherming","og_url":"https:\/\/koningdrone.be\/es\/producto\/dji-dl-lens-nd-filters-set\/","og_site_name":"koningdrone.be","article_modified_time":"2026-04-29T05:10:35+00:00","og_image":[{"width":1200,"height":800,"url":"https:\/\/koningdrone.be\/wp-content\/uploads\/sites\/13\/2025\/04\/large_4f3d771a-e175-4208-9b0d-275b064a957d.jpg","type":"image\/jpeg"}],"twitter_card":"summary_large_image","twitter_misc":{"Tiempo de lectura":"2 minutos"},"schema":{"@context":"https:\/\/schema.org","@graph":[{"@type":"WebPage","@id":"https:\/\/koningdrone.be\/product\/dji-dl-lens-nd-filters-set\/","url":"https:\/\/koningdrone.be\/product\/dji-dl-lens-nd-filters-set\/","name":"DJI DL Lens ND Filters Set - koningdrone.be","isPartOf":{"@id":"https:\/\/koningdrone.be\/#website"},"primaryImageOfPage":{"@id":"https:\/\/koningdrone.be\/product\/dji-dl-lens-nd-filters-set\/#primaryimage"},"image":{"@id":"https:\/\/koningdrone.be\/product\/dji-dl-lens-nd-filters-set\/#primaryimage"},"thumbnailUrl":"https:\/\/koningdrone.be\/wp-content\/uploads\/sites\/13\/2025\/04\/large_4f3d771a-e175-4208-9b0d-275b064a957d.jpg","datePublished":"2024-03-14T10:26:00+00:00","dateModified":"2026-04-29T05:10:35+00:00","breadcrumb":{"@id":"https:\/\/koningdrone.be\/product\/dji-dl-lens-nd-filters-set\/#breadcrumb"},"inLanguage":"es","potentialAction":[{"@type":"ReadAction","target":["https:\/\/koningdrone.be\/product\/dji-dl-lens-nd-filters-set\/"]}]},{"@type":"ImageObject","inLanguage":"es","@id":"https:\/\/koningdrone.be\/product\/dji-dl-lens-nd-filters-set\/#primaryimage","url":"https:\/\/koningdrone.be\/wp-content\/uploads\/sites\/13\/2025\/04\/large_4f3d771a-e175-4208-9b0d-275b064a957d.jpg","contentUrl":"https:\/\/koningdrone.be\/wp-content\/uploads\/sites\/13\/2025\/04\/large_4f3d771a-e175-4208-9b0d-275b064a957d.jpg","width":1200,"height":800},{"@type":"BreadcrumbList","@id":"https:\/\/koningdrone.be\/product\/dji-dl-lens-nd-filters-set\/#breadcrumb","itemListElement":[{"@type":"ListItem","position":1,"name":"Home","item":"https:\/\/koningdrone.be\/"},{"@type":"ListItem","position":2,"name":"AVSS Parachute Recovery System for DJI Matrice 300\/350","item":"https:\/\/koningdrone.be\/product\/avss-parachute-recovery-system-for-dji-matrice-300-350\/"},{"@type":"ListItem","position":3,"name":"Alle ND Filters","item":"https:\/\/koningdrone.be\/categorie\/alle-nd-filters\/"},{"@type":"ListItem","position":4,"name":"DJI DL Lens ND Filters Set"}]},{"@type":"WebSite","@id":"https:\/\/koningdrone.be\/#website","url":"https:\/\/koningdrone.be\/","name":"Koningdrone.be - Su especialista en l\u00ednea en drones, cardanes, c\u00e1maras y centrales el\u00e9ctricas.","description":"La tienda virtual de drones y cardanes","publisher":{"@id":"https:\/\/koningdrone.be\/#organization"},"potentialAction":[{"@type":"SearchAction","target":{"@type":"EntryPoint","urlTemplate":"https:\/\/koningdrone.be\/?s={search_term_string}"},"query-input":{"@type":"PropertyValueSpecification","valueRequired":true,"valueName":"search_term_string"}}],"inLanguage":"es"},{"@type":"Organization","@id":"https:\/\/koningdrone.be\/#organization","name":"Kingdrone.es","url":"https:\/\/koningdrone.be\/","logo":{"@type":"ImageObject","inLanguage":"es","@id":"https:\/\/koningdrone.be\/#\/schema\/logo\/image\/","url":"https:\/\/koningdrone.be\/wp-content\/uploads\/sites\/13\/2025\/04\/koningdrone-copyright-logo.svg","contentUrl":"https:\/\/koningdrone.be\/wp-content\/uploads\/sites\/13\/2025\/04\/koningdrone-copyright-logo.svg","width":227,"height":38,"caption":"Koningdrone.be"},"image":{"@id":"https:\/\/koningdrone.be\/#\/schema\/logo\/image\/"}}]}},"df_price":"","df_sale_price":"","df_regular_price":"","df_image_link":"https:\/\/koningdrone.be\/wp-content\/uploads\/sites\/13\/2025\/04\/large_4f3d771a-e175-4208-9b0d-275b064a957d-300x200.jpg","_links":{"self":[{"href":"https:\/\/koningdrone.be\/es\/wp-json\/wp\/v2\/product\/3862","targetHints":{"allow":["GET"]}}],"collection":[{"href":"https:\/\/koningdrone.be\/es\/wp-json\/wp\/v2\/product"}],"about":[{"href":"https:\/\/koningdrone.be\/es\/wp-json\/wp\/v2\/types\/product"}],"wp:featuredmedia":[{"embeddable":true,"href":"https:\/\/koningdrone.be\/es\/wp-json\/wp\/v2\/media\/3860"}],"wp:attachment":[{"href":"https:\/\/koningdrone.be\/es\/wp-json\/wp\/v2\/media?parent=3862"}],"wp:term":[{"taxonomy":"product_brand","embeddable":true,"href":"https:\/\/koningdrone.be\/es\/wp-json\/wp\/v2\/product_brand?post=3862"},{"taxonomy":"product_cat","embeddable":true,"href":"https:\/\/koningdrone.be\/es\/wp-json\/wp\/v2\/product_cat?post=3862"},{"taxonomy":"product_tag","embeddable":true,"href":"https:\/\/koningdrone.be\/es\/wp-json\/wp\/v2\/product_tag?post=3862"}],"curies":[{"name":"wp","href":"https:\/\/api.w.org\/{rel}","templated":true}]}}