{"id":3844,"date":"2024-03-14T11:59:05","date_gmt":"2024-03-14T10:59:05","guid":{"rendered":"https:\/\/koningdrone.nl\/kon\/product\/osmo-action-floating-case\/"},"modified":"2026-04-29T15:00:20","modified_gmt":"2026-04-29T13:00:20","slug":"osmo-action-floating-case","status":"publish","type":"product","link":"https:\/\/koningdrone.be\/es\/producto\/osmo-action-floating-case\/","title":{"rendered":"Funda flotante Osmo Action"},"content":{"rendered":"<p><strong>Protecci\u00f3n reforzada<\/strong><\/p>\n<p> La Funda Flotante Osmo Action ha sido cuidadosamente dise\u00f1ada para proporcionar una protecci\u00f3n sin precedentes para su c\u00e1mara de acci\u00f3n. Al envolver la c\u00e1mara de forma segura, la protege de posibles da\u00f1os causados por golpes, ca\u00eddas y factores ambientales. Este enfoque dedicado en la protecci\u00f3n de su equipo asegura que sus aventuras pueden ser capturadas sin preocuparse por da\u00f1os a su c\u00e1mara.<\/p>\n<p><strong>Dispositivos de seguridad<\/strong><\/p>\n<p> Con la funda se incluye un cord\u00f3n resistente dise\u00f1ado para proporcionar una capa adicional de seguridad. Esta caracter\u00edstica es especialmente \u00fatil para evitar la p\u00e9rdida o ca\u00edda accidental de la c\u00e1mara, sobre todo en entornos dif\u00edciles o durante actividades din\u00e1micas. Es una forma sencilla pero eficaz de mantener la c\u00e1mara cerca y segura.<\/p>\n<p><strong>Salvamento acu\u00e1tico<\/strong><\/p>\n<p> Los accidentes ocurren, pero con la Funda Flotante Osmo Action, una ca\u00edda accidental al agua no tiene por qu\u00e9 suponer un desastre. Esta funda permite que su c\u00e1mara flote y vuelva a la superficie en lugar de hundirse fuera de su alcance. Es una caracter\u00edstica esencial para las actividades en el agua, por lo que es f\u00e1cil de recuperar su c\u00e1mara.<\/p>\n<p><strong>Dise\u00f1o de alta visibilidad<\/strong><\/p>\n<p> El vibrante color naranja de la funda no es s\u00f3lo est\u00e9tico, sino que desempe\u00f1a un papel crucial en su funcionalidad. Su alta visibilidad garantiza que la funda, y por tanto la c\u00e1mara, se vean f\u00e1cilmente en el agua. Este color brillante y potente contrasta con el t\u00edpico agua azul o turbia, lo que facilita la localizaci\u00f3n y recuperaci\u00f3n de la c\u00e1mara de acci\u00f3n.<\/p>\n<p><strong>Tranquilidad para los usuarios<\/strong><\/p>\n<p> Tanto si eres un principiante que acaba de empezar su aventura en la fotograf\u00eda de acci\u00f3n como si eres un usuario experimentado que se enfrenta a entornos extremos, la Funda Flotante Osmo Action te ofrece una sensaci\u00f3n de seguridad y tranquilidad. Sabiendo que tu c\u00e1mara est\u00e1 protegida contra ca\u00eddas, la visibilidad est\u00e1 asegurada y el riesgo de perder el equipo en el agua se reduce, para que puedas concentrarte en capturar el momento en lugar de preocuparte por la seguridad del equipo.<\/p>\n<p><\/p>","protected":false},"excerpt":{"rendered":"<ul>\n<li>Especialmente dise\u00f1ado para la c\u00e1mara de acci\u00f3n Osmo.<\/li>\n<li> Incluye cord\u00f3n para mayor seguridad.<\/li>\n<li> Garantiza que la c\u00e1mara flote si se cae al agua.<\/li>\n<li> Color naranja brillante para facilitar la visibilidad.<\/li>\n<\/ul>","protected":false},"featured_media":3842,"template":"","meta":{"_acf_changed":false},"product_brand":[],"product_cat":[756,410,97,297,757],"product_tag":[],"class_list":{"0":"post-3844","1":"product","2":"type-product","3":"status-publish","4":"has-post-thumbnail","6":"product_cat-accessoires","7":"product_cat-alle-handheld-gimbals","8":"product_cat-alle-producten","9":"product_cat-dji-osmo","10":"product_cat-dji-osmo-action","11":"product_shipping_class-outofstock","12":"pa_brand-dji","13":"pa_productfamily-action-cam-accessoires","14":"pa_producttype-action-cam-accessoires","15":"pa_series-osmo-action","17":"first","18":"outofstock","19":"taxable","20":"shipping-taxable","21":"purchasable","22":"product-type-simple"},"acf":[],"yoast_head":"<!-- This site is optimized with the Yoast SEO Premium plugin v27.2 (Yoast SEO v27.2) - https:\/\/yoast.com\/product\/yoast-seo-premium-wordpress\/ -->\n<title>Osmo Action Floating Case - koningdrone.be<\/title>\n<meta name=\"robots\" content=\"index, follow, max-snippet:-1, max-image-preview:large, max-video-preview:-1\" \/>\n<link rel=\"canonical\" href=\"https:\/\/koningdrone.be\/es\/producto\/osmo-action-floating-case\/\" \/>\n<meta property=\"og:locale\" content=\"es_ES\" \/>\n<meta property=\"og:type\" content=\"article\" \/>\n<meta property=\"og:title\" content=\"Osmo Action Floating Case\" \/>\n<meta property=\"og:description\" content=\"Speciaal ontworpen voor de Osmo actiecamera. Inclusief koord voor extra veiligheid. Zorgt ervoor dat de camera blijft drijven als deze in water valt. Fel oranje voor gemakkelijke zichtbaarheid.\" \/>\n<meta property=\"og:url\" content=\"https:\/\/koningdrone.be\/es\/producto\/osmo-action-floating-case\/\" \/>\n<meta property=\"og:site_name\" content=\"koningdrone.be\" \/>\n<meta property=\"article:modified_time\" content=\"2026-04-29T13:00:20+00:00\" \/>\n<meta property=\"og:image\" content=\"https:\/\/koningdrone.be\/wp-content\/uploads\/sites\/13\/2025\/04\/92e7707509a5a7186ca517285e9bb862@large.jpg\" \/>\n\t<meta property=\"og:image:width\" content=\"1200\" \/>\n\t<meta property=\"og:image:height\" content=\"800\" \/>\n\t<meta property=\"og:image:type\" content=\"image\/jpeg\" \/>\n<meta name=\"twitter:card\" content=\"summary_large_image\" \/>\n<meta name=\"twitter:label1\" content=\"Tiempo de lectura\" \/>\n\t<meta name=\"twitter:data1\" content=\"2 minutos\" \/>\n<script type=\"application\/ld+json\" class=\"yoast-schema-graph\">{\"@context\":\"https:\/\/schema.org\",\"@graph\":[{\"@type\":\"WebPage\",\"@id\":\"https:\/\/koningdrone.be\/product\/osmo-action-floating-case\/\",\"url\":\"https:\/\/koningdrone.be\/product\/osmo-action-floating-case\/\",\"name\":\"Osmo Action Floating Case - koningdrone.be\",\"isPartOf\":{\"@id\":\"https:\/\/koningdrone.be\/#website\"},\"primaryImageOfPage\":{\"@id\":\"https:\/\/koningdrone.be\/product\/osmo-action-floating-case\/#primaryimage\"},\"image\":{\"@id\":\"https:\/\/koningdrone.be\/product\/osmo-action-floating-case\/#primaryimage\"},\"thumbnailUrl\":\"https:\/\/koningdrone.be\/wp-content\/uploads\/sites\/13\/2025\/04\/92e7707509a5a7186ca517285e9bb862@large.jpg\",\"datePublished\":\"2024-03-14T10:59:05+00:00\",\"dateModified\":\"2026-04-29T13:00:20+00:00\",\"breadcrumb\":{\"@id\":\"https:\/\/koningdrone.be\/product\/osmo-action-floating-case\/#breadcrumb\"},\"inLanguage\":\"es\",\"potentialAction\":[{\"@type\":\"ReadAction\",\"target\":[\"https:\/\/koningdrone.be\/product\/osmo-action-floating-case\/\"]}]},{\"@type\":\"ImageObject\",\"inLanguage\":\"es\",\"@id\":\"https:\/\/koningdrone.be\/product\/osmo-action-floating-case\/#primaryimage\",\"url\":\"https:\/\/koningdrone.be\/wp-content\/uploads\/sites\/13\/2025\/04\/92e7707509a5a7186ca517285e9bb862@large.jpg\",\"contentUrl\":\"https:\/\/koningdrone.be\/wp-content\/uploads\/sites\/13\/2025\/04\/92e7707509a5a7186ca517285e9bb862@large.jpg\",\"width\":1200,\"height\":800},{\"@type\":\"BreadcrumbList\",\"@id\":\"https:\/\/koningdrone.be\/product\/osmo-action-floating-case\/#breadcrumb\",\"itemListElement\":[{\"@type\":\"ListItem\",\"position\":1,\"name\":\"Home\",\"item\":\"https:\/\/koningdrone.be\/\"},{\"@type\":\"ListItem\",\"position\":2,\"name\":\"AVSS Parachute Recovery System for DJI Matrice 300\/350\",\"item\":\"https:\/\/koningdrone.be\/product\/avss-parachute-recovery-system-for-dji-matrice-300-350\/\"},{\"@type\":\"ListItem\",\"position\":3,\"name\":\"Accessoires\",\"item\":\"https:\/\/koningdrone.be\/categorie\/accessoires\/\"},{\"@type\":\"ListItem\",\"position\":4,\"name\":\"Osmo Action Floating Case\"}]},{\"@type\":\"WebSite\",\"@id\":\"https:\/\/koningdrone.be\/#website\",\"url\":\"https:\/\/koningdrone.be\/\",\"name\":\"Koningdrone.be - Uw online specialist in drones, gimbals, camera's en power stations.\",\"description\":\"De webshop in drones en gimbals\",\"publisher\":{\"@id\":\"https:\/\/koningdrone.be\/#organization\"},\"potentialAction\":[{\"@type\":\"SearchAction\",\"target\":{\"@type\":\"EntryPoint\",\"urlTemplate\":\"https:\/\/koningdrone.be\/?s={search_term_string}\"},\"query-input\":{\"@type\":\"PropertyValueSpecification\",\"valueRequired\":true,\"valueName\":\"search_term_string\"}}],\"inLanguage\":\"es\"},{\"@type\":\"Organization\",\"@id\":\"https:\/\/koningdrone.be\/#organization\",\"name\":\"Koningdrone.be\",\"url\":\"https:\/\/koningdrone.be\/\",\"logo\":{\"@type\":\"ImageObject\",\"inLanguage\":\"es\",\"@id\":\"https:\/\/koningdrone.be\/#\/schema\/logo\/image\/\",\"url\":\"https:\/\/koningdrone.be\/wp-content\/uploads\/sites\/13\/2025\/04\/koningdrone-copyright-logo.svg\",\"contentUrl\":\"https:\/\/koningdrone.be\/wp-content\/uploads\/sites\/13\/2025\/04\/koningdrone-copyright-logo.svg\",\"width\":227,\"height\":38,\"caption\":\"Koningdrone.be\"},\"image\":{\"@id\":\"https:\/\/koningdrone.be\/#\/schema\/logo\/image\/\"}}]}<\/script>\n<!-- \/ Yoast SEO Premium plugin. -->","yoast_head_json":{"title":"Osmo Action Floating Case - koningdrone.be","robots":{"index":"index","follow":"follow","max-snippet":"max-snippet:-1","max-image-preview":"max-image-preview:large","max-video-preview":"max-video-preview:-1"},"canonical":"https:\/\/koningdrone.be\/es\/producto\/osmo-action-floating-case\/","og_locale":"es_ES","og_type":"article","og_title":"Osmo Action Floating Case","og_description":"Speciaal ontworpen voor de Osmo actiecamera. Inclusief koord voor extra veiligheid. Zorgt ervoor dat de camera blijft drijven als deze in water valt. Fel oranje voor gemakkelijke zichtbaarheid.","og_url":"https:\/\/koningdrone.be\/es\/producto\/osmo-action-floating-case\/","og_site_name":"koningdrone.be","article_modified_time":"2026-04-29T13:00:20+00:00","og_image":[{"width":1200,"height":800,"url":"https:\/\/koningdrone.be\/wp-content\/uploads\/sites\/13\/2025\/04\/92e7707509a5a7186ca517285e9bb862@large.jpg","type":"image\/jpeg"}],"twitter_card":"summary_large_image","twitter_misc":{"Tiempo de lectura":"2 minutos"},"schema":{"@context":"https:\/\/schema.org","@graph":[{"@type":"WebPage","@id":"https:\/\/koningdrone.be\/product\/osmo-action-floating-case\/","url":"https:\/\/koningdrone.be\/product\/osmo-action-floating-case\/","name":"Osmo Action Floating Case - koningdrone.be","isPartOf":{"@id":"https:\/\/koningdrone.be\/#website"},"primaryImageOfPage":{"@id":"https:\/\/koningdrone.be\/product\/osmo-action-floating-case\/#primaryimage"},"image":{"@id":"https:\/\/koningdrone.be\/product\/osmo-action-floating-case\/#primaryimage"},"thumbnailUrl":"https:\/\/koningdrone.be\/wp-content\/uploads\/sites\/13\/2025\/04\/92e7707509a5a7186ca517285e9bb862@large.jpg","datePublished":"2024-03-14T10:59:05+00:00","dateModified":"2026-04-29T13:00:20+00:00","breadcrumb":{"@id":"https:\/\/koningdrone.be\/product\/osmo-action-floating-case\/#breadcrumb"},"inLanguage":"es","potentialAction":[{"@type":"ReadAction","target":["https:\/\/koningdrone.be\/product\/osmo-action-floating-case\/"]}]},{"@type":"ImageObject","inLanguage":"es","@id":"https:\/\/koningdrone.be\/product\/osmo-action-floating-case\/#primaryimage","url":"https:\/\/koningdrone.be\/wp-content\/uploads\/sites\/13\/2025\/04\/92e7707509a5a7186ca517285e9bb862@large.jpg","contentUrl":"https:\/\/koningdrone.be\/wp-content\/uploads\/sites\/13\/2025\/04\/92e7707509a5a7186ca517285e9bb862@large.jpg","width":1200,"height":800},{"@type":"BreadcrumbList","@id":"https:\/\/koningdrone.be\/product\/osmo-action-floating-case\/#breadcrumb","itemListElement":[{"@type":"ListItem","position":1,"name":"Home","item":"https:\/\/koningdrone.be\/"},{"@type":"ListItem","position":2,"name":"AVSS Parachute Recovery System for DJI Matrice 300\/350","item":"https:\/\/koningdrone.be\/product\/avss-parachute-recovery-system-for-dji-matrice-300-350\/"},{"@type":"ListItem","position":3,"name":"Accessoires","item":"https:\/\/koningdrone.be\/categorie\/accessoires\/"},{"@type":"ListItem","position":4,"name":"Osmo Action Floating Case"}]},{"@type":"WebSite","@id":"https:\/\/koningdrone.be\/#website","url":"https:\/\/koningdrone.be\/","name":"Koningdrone.be - Su especialista en l\u00ednea en drones, cardanes, c\u00e1maras y centrales el\u00e9ctricas.","description":"La tienda virtual de drones y cardanes","publisher":{"@id":"https:\/\/koningdrone.be\/#organization"},"potentialAction":[{"@type":"SearchAction","target":{"@type":"EntryPoint","urlTemplate":"https:\/\/koningdrone.be\/?s={search_term_string}"},"query-input":{"@type":"PropertyValueSpecification","valueRequired":true,"valueName":"search_term_string"}}],"inLanguage":"es"},{"@type":"Organization","@id":"https:\/\/koningdrone.be\/#organization","name":"Kingdrone.es","url":"https:\/\/koningdrone.be\/","logo":{"@type":"ImageObject","inLanguage":"es","@id":"https:\/\/koningdrone.be\/#\/schema\/logo\/image\/","url":"https:\/\/koningdrone.be\/wp-content\/uploads\/sites\/13\/2025\/04\/koningdrone-copyright-logo.svg","contentUrl":"https:\/\/koningdrone.be\/wp-content\/uploads\/sites\/13\/2025\/04\/koningdrone-copyright-logo.svg","width":227,"height":38,"caption":"Koningdrone.be"},"image":{"@id":"https:\/\/koningdrone.be\/#\/schema\/logo\/image\/"}}]}},"df_price":29,"df_sale_price":"","df_regular_price":29,"df_image_link":"https:\/\/koningdrone.be\/wp-content\/uploads\/sites\/13\/2025\/04\/92e7707509a5a7186ca517285e9bb862@large-300x200.jpg","_links":{"self":[{"href":"https:\/\/koningdrone.be\/es\/wp-json\/wp\/v2\/product\/3844","targetHints":{"allow":["GET"]}}],"collection":[{"href":"https:\/\/koningdrone.be\/es\/wp-json\/wp\/v2\/product"}],"about":[{"href":"https:\/\/koningdrone.be\/es\/wp-json\/wp\/v2\/types\/product"}],"wp:featuredmedia":[{"embeddable":true,"href":"https:\/\/koningdrone.be\/es\/wp-json\/wp\/v2\/media\/3842"}],"wp:attachment":[{"href":"https:\/\/koningdrone.be\/es\/wp-json\/wp\/v2\/media?parent=3844"}],"wp:term":[{"taxonomy":"product_brand","embeddable":true,"href":"https:\/\/koningdrone.be\/es\/wp-json\/wp\/v2\/product_brand?post=3844"},{"taxonomy":"product_cat","embeddable":true,"href":"https:\/\/koningdrone.be\/es\/wp-json\/wp\/v2\/product_cat?post=3844"},{"taxonomy":"product_tag","embeddable":true,"href":"https:\/\/koningdrone.be\/es\/wp-json\/wp\/v2\/product_tag?post=3844"}],"curies":[{"name":"wp","href":"https:\/\/api.w.org\/{rel}","templated":true}]}}