{"id":3841,"date":"2024-03-14T11:59:05","date_gmt":"2024-03-14T10:59:05","guid":{"rendered":"https:\/\/koningdrone.nl\/kon\/product\/osmo-action-mini-handlebar-mount\/"},"modified":"2026-04-29T15:10:11","modified_gmt":"2026-04-29T13:10:11","slug":"osmo-action-mini-handlebar-mount","status":"publish","type":"product","link":"https:\/\/koningdrone.be\/es\/producto\/osmo-action-mini-handlebar-mount\/","title":{"rendered":"Soporte de manillar para el Osmo Action Mini"},"content":{"rendered":"<p> Este innovador accesorio est\u00e1 dise\u00f1ado para fijar f\u00e1cilmente la c\u00e1mara al manillar de la bicicleta, para que no te pierdas ni un momento de tu aventura ciclista. Tanto si te mueves por las calles de la ciudad como si exploras carreteras rurales, este soporte es el compa\u00f1ero perfecto para capturar cada momento.<\/p>\n<p><strong>Dise\u00f1o exclusivo<\/strong><\/p>\n<p> Nuestro soporte para manillar tiene un dise\u00f1o de r\u00f3tula que permite ajustes flexibles del \u00e1ngulo. Esto facilita el cambio de perspectiva de la c\u00e1mara y la captura de sus paseos desde los mejores \u00e1ngulos posibles. El dise\u00f1o es aerodin\u00e1mico para complementar su experiencia de ciclismo sin a\u00f1adir volumen innecesario.<\/p>\n<p><strong>Adaptador con cierre r\u00e1pido<\/strong><\/p>\n<p> El soporte est\u00e1 equipado con una montura adaptadora de liberaci\u00f3n r\u00e1pida que permite colocar y retirar la c\u00e1mara de forma r\u00e1pida y sin complicaciones. Esta caracter\u00edstica es especialmente \u00fatil para los motoristas que est\u00e1n siempre en movimiento y necesitan montar o desmontar su equipo r\u00e1pidamente y sin complicaciones.<\/p>\n<p><strong>Perfecto para todos los ciclistas<\/strong><\/p>\n<p> Adecuado tanto para ciclistas de carretera como de ciudad, este soporte es vers\u00e1til y fiable. Tanto si eres un \u00e1vido ciclista que graba sus largas salidas como si te desplazas al trabajo para grabar tus experiencias en bicicleta por la ciudad, este accesorio te ayudar\u00e1.<\/p>\n<p><strong>Instalaci\u00f3n sin esfuerzo<\/strong><\/p>\n<p> Instalar este soporte en el manillar de la bicicleta es f\u00e1cil y no requiere herramientas complicadas. El dise\u00f1o garantiza un ajuste perfecto, para que puedas concentrarte en la conducci\u00f3n mientras la c\u00e1mara captura el trayecto de forma segura.<\/p>\n<p><\/p>","protected":false},"excerpt":{"rendered":"<ul>\n<li>Fijaci\u00f3n instant\u00e1nea de la c\u00e1mara al manillar<\/li>\n<li> Dise\u00f1o de r\u00f3tula para facilitar el ajuste del \u00e1ngulo<\/li>\n<li> Adaptador de liberaci\u00f3n r\u00e1pida incluido<\/li>\n<li> Ideal para ciclismo de carretera y urbano<\/li>\n<\/ul>","protected":false},"featured_media":3839,"template":"","meta":{"_acf_changed":false},"product_brand":[],"product_cat":[410,97,297,757,768],"product_tag":[],"class_list":{"0":"post-3841","1":"product","2":"type-product","3":"status-publish","4":"has-post-thumbnail","6":"product_cat-alle-handheld-gimbals","7":"product_cat-alle-producten","8":"product_cat-dji-osmo","9":"product_cat-dji-osmo-action","10":"product_cat-fietsaccessoires","11":"product_shipping_class-outofstock","12":"pa_brand-dji","13":"pa_productfamily-mount","14":"pa_producttype-mount","15":"pa_series-osmo-action","17":"first","18":"outofstock","19":"taxable","20":"shipping-taxable","21":"purchasable","22":"product-type-simple"},"acf":[],"yoast_head":"<!-- This site is optimized with the Yoast SEO Premium plugin v27.2 (Yoast SEO v27.2) - https:\/\/yoast.com\/product\/yoast-seo-premium-wordpress\/ -->\n<title>Osmo Action Mini Handlebar Mount - koningdrone.be<\/title>\n<meta name=\"robots\" content=\"index, follow, max-snippet:-1, max-image-preview:large, max-video-preview:-1\" \/>\n<link rel=\"canonical\" href=\"https:\/\/koningdrone.be\/es\/producto\/osmo-action-mini-handlebar-mount\/\" \/>\n<meta property=\"og:locale\" content=\"es_ES\" \/>\n<meta property=\"og:type\" content=\"article\" \/>\n<meta property=\"og:title\" content=\"Osmo Action Mini Handlebar Mount\" \/>\n<meta property=\"og:description\" content=\"Instant camerabevestiging aan het stuur Kogelgewrichtontwerp voor eenvoudige hoekaanpassing Quick-Release Adapter Mount inbegrepen Ideaal voor fietsen op de weg en in de stad\" \/>\n<meta property=\"og:url\" content=\"https:\/\/koningdrone.be\/es\/producto\/osmo-action-mini-handlebar-mount\/\" \/>\n<meta property=\"og:site_name\" content=\"koningdrone.be\" \/>\n<meta property=\"article:modified_time\" content=\"2026-04-29T13:10:11+00:00\" \/>\n<meta property=\"og:image\" content=\"https:\/\/koningdrone.be\/wp-content\/uploads\/sites\/13\/2025\/04\/d3227e9980fff0ee79be6b74bc504ef4@large.jpg\" \/>\n\t<meta property=\"og:image:width\" content=\"1200\" \/>\n\t<meta property=\"og:image:height\" content=\"800\" \/>\n\t<meta property=\"og:image:type\" content=\"image\/jpeg\" \/>\n<meta name=\"twitter:card\" content=\"summary_large_image\" \/>\n<meta name=\"twitter:label1\" content=\"Tiempo de lectura\" \/>\n\t<meta name=\"twitter:data1\" content=\"1 minuto\" \/>\n<script type=\"application\/ld+json\" class=\"yoast-schema-graph\">{\"@context\":\"https:\/\/schema.org\",\"@graph\":[{\"@type\":\"WebPage\",\"@id\":\"https:\/\/koningdrone.be\/product\/osmo-action-mini-handlebar-mount\/\",\"url\":\"https:\/\/koningdrone.be\/product\/osmo-action-mini-handlebar-mount\/\",\"name\":\"Osmo Action Mini Handlebar Mount - koningdrone.be\",\"isPartOf\":{\"@id\":\"https:\/\/koningdrone.be\/#website\"},\"primaryImageOfPage\":{\"@id\":\"https:\/\/koningdrone.be\/product\/osmo-action-mini-handlebar-mount\/#primaryimage\"},\"image\":{\"@id\":\"https:\/\/koningdrone.be\/product\/osmo-action-mini-handlebar-mount\/#primaryimage\"},\"thumbnailUrl\":\"https:\/\/koningdrone.be\/wp-content\/uploads\/sites\/13\/2025\/04\/d3227e9980fff0ee79be6b74bc504ef4@large.jpg\",\"datePublished\":\"2024-03-14T10:59:05+00:00\",\"dateModified\":\"2026-04-29T13:10:11+00:00\",\"breadcrumb\":{\"@id\":\"https:\/\/koningdrone.be\/product\/osmo-action-mini-handlebar-mount\/#breadcrumb\"},\"inLanguage\":\"es\",\"potentialAction\":[{\"@type\":\"ReadAction\",\"target\":[\"https:\/\/koningdrone.be\/product\/osmo-action-mini-handlebar-mount\/\"]}]},{\"@type\":\"ImageObject\",\"inLanguage\":\"es\",\"@id\":\"https:\/\/koningdrone.be\/product\/osmo-action-mini-handlebar-mount\/#primaryimage\",\"url\":\"https:\/\/koningdrone.be\/wp-content\/uploads\/sites\/13\/2025\/04\/d3227e9980fff0ee79be6b74bc504ef4@large.jpg\",\"contentUrl\":\"https:\/\/koningdrone.be\/wp-content\/uploads\/sites\/13\/2025\/04\/d3227e9980fff0ee79be6b74bc504ef4@large.jpg\",\"width\":1200,\"height\":800},{\"@type\":\"BreadcrumbList\",\"@id\":\"https:\/\/koningdrone.be\/product\/osmo-action-mini-handlebar-mount\/#breadcrumb\",\"itemListElement\":[{\"@type\":\"ListItem\",\"position\":1,\"name\":\"Home\",\"item\":\"https:\/\/koningdrone.be\/\"},{\"@type\":\"ListItem\",\"position\":2,\"name\":\"AVSS Parachute Recovery System for DJI Matrice 300\/350\",\"item\":\"https:\/\/koningdrone.be\/product\/avss-parachute-recovery-system-for-dji-matrice-300-350\/\"},{\"@type\":\"ListItem\",\"position\":3,\"name\":\"Alle handheld gimbals\",\"item\":\"https:\/\/koningdrone.be\/categorie\/alle-handheld-gimbals\/\"},{\"@type\":\"ListItem\",\"position\":4,\"name\":\"Osmo Action Mini Handlebar Mount\"}]},{\"@type\":\"WebSite\",\"@id\":\"https:\/\/koningdrone.be\/#website\",\"url\":\"https:\/\/koningdrone.be\/\",\"name\":\"Koningdrone.be - Uw online specialist in drones, gimbals, camera's en power stations.\",\"description\":\"De webshop in drones en gimbals\",\"publisher\":{\"@id\":\"https:\/\/koningdrone.be\/#organization\"},\"potentialAction\":[{\"@type\":\"SearchAction\",\"target\":{\"@type\":\"EntryPoint\",\"urlTemplate\":\"https:\/\/koningdrone.be\/?s={search_term_string}\"},\"query-input\":{\"@type\":\"PropertyValueSpecification\",\"valueRequired\":true,\"valueName\":\"search_term_string\"}}],\"inLanguage\":\"es\"},{\"@type\":\"Organization\",\"@id\":\"https:\/\/koningdrone.be\/#organization\",\"name\":\"Koningdrone.be\",\"url\":\"https:\/\/koningdrone.be\/\",\"logo\":{\"@type\":\"ImageObject\",\"inLanguage\":\"es\",\"@id\":\"https:\/\/koningdrone.be\/#\/schema\/logo\/image\/\",\"url\":\"https:\/\/koningdrone.be\/wp-content\/uploads\/sites\/13\/2025\/04\/koningdrone-copyright-logo.svg\",\"contentUrl\":\"https:\/\/koningdrone.be\/wp-content\/uploads\/sites\/13\/2025\/04\/koningdrone-copyright-logo.svg\",\"width\":227,\"height\":38,\"caption\":\"Koningdrone.be\"},\"image\":{\"@id\":\"https:\/\/koningdrone.be\/#\/schema\/logo\/image\/\"}}]}<\/script>\n<!-- \/ Yoast SEO Premium plugin. -->","yoast_head_json":{"title":"Osmo Action Mini Handlebar Mount - koningdrone.be","robots":{"index":"index","follow":"follow","max-snippet":"max-snippet:-1","max-image-preview":"max-image-preview:large","max-video-preview":"max-video-preview:-1"},"canonical":"https:\/\/koningdrone.be\/es\/producto\/osmo-action-mini-handlebar-mount\/","og_locale":"es_ES","og_type":"article","og_title":"Osmo Action Mini Handlebar Mount","og_description":"Instant camerabevestiging aan het stuur Kogelgewrichtontwerp voor eenvoudige hoekaanpassing Quick-Release Adapter Mount inbegrepen Ideaal voor fietsen op de weg en in de stad","og_url":"https:\/\/koningdrone.be\/es\/producto\/osmo-action-mini-handlebar-mount\/","og_site_name":"koningdrone.be","article_modified_time":"2026-04-29T13:10:11+00:00","og_image":[{"width":1200,"height":800,"url":"https:\/\/koningdrone.be\/wp-content\/uploads\/sites\/13\/2025\/04\/d3227e9980fff0ee79be6b74bc504ef4@large.jpg","type":"image\/jpeg"}],"twitter_card":"summary_large_image","twitter_misc":{"Tiempo de lectura":"1 minuto"},"schema":{"@context":"https:\/\/schema.org","@graph":[{"@type":"WebPage","@id":"https:\/\/koningdrone.be\/product\/osmo-action-mini-handlebar-mount\/","url":"https:\/\/koningdrone.be\/product\/osmo-action-mini-handlebar-mount\/","name":"Osmo Action Mini Handlebar Mount - koningdrone.be","isPartOf":{"@id":"https:\/\/koningdrone.be\/#website"},"primaryImageOfPage":{"@id":"https:\/\/koningdrone.be\/product\/osmo-action-mini-handlebar-mount\/#primaryimage"},"image":{"@id":"https:\/\/koningdrone.be\/product\/osmo-action-mini-handlebar-mount\/#primaryimage"},"thumbnailUrl":"https:\/\/koningdrone.be\/wp-content\/uploads\/sites\/13\/2025\/04\/d3227e9980fff0ee79be6b74bc504ef4@large.jpg","datePublished":"2024-03-14T10:59:05+00:00","dateModified":"2026-04-29T13:10:11+00:00","breadcrumb":{"@id":"https:\/\/koningdrone.be\/product\/osmo-action-mini-handlebar-mount\/#breadcrumb"},"inLanguage":"es","potentialAction":[{"@type":"ReadAction","target":["https:\/\/koningdrone.be\/product\/osmo-action-mini-handlebar-mount\/"]}]},{"@type":"ImageObject","inLanguage":"es","@id":"https:\/\/koningdrone.be\/product\/osmo-action-mini-handlebar-mount\/#primaryimage","url":"https:\/\/koningdrone.be\/wp-content\/uploads\/sites\/13\/2025\/04\/d3227e9980fff0ee79be6b74bc504ef4@large.jpg","contentUrl":"https:\/\/koningdrone.be\/wp-content\/uploads\/sites\/13\/2025\/04\/d3227e9980fff0ee79be6b74bc504ef4@large.jpg","width":1200,"height":800},{"@type":"BreadcrumbList","@id":"https:\/\/koningdrone.be\/product\/osmo-action-mini-handlebar-mount\/#breadcrumb","itemListElement":[{"@type":"ListItem","position":1,"name":"Home","item":"https:\/\/koningdrone.be\/"},{"@type":"ListItem","position":2,"name":"AVSS Parachute Recovery System for DJI Matrice 300\/350","item":"https:\/\/koningdrone.be\/product\/avss-parachute-recovery-system-for-dji-matrice-300-350\/"},{"@type":"ListItem","position":3,"name":"Alle handheld gimbals","item":"https:\/\/koningdrone.be\/categorie\/alle-handheld-gimbals\/"},{"@type":"ListItem","position":4,"name":"Osmo Action Mini Handlebar Mount"}]},{"@type":"WebSite","@id":"https:\/\/koningdrone.be\/#website","url":"https:\/\/koningdrone.be\/","name":"Koningdrone.be - Su especialista en l\u00ednea en drones, cardanes, c\u00e1maras y centrales el\u00e9ctricas.","description":"La tienda virtual de drones y cardanes","publisher":{"@id":"https:\/\/koningdrone.be\/#organization"},"potentialAction":[{"@type":"SearchAction","target":{"@type":"EntryPoint","urlTemplate":"https:\/\/koningdrone.be\/?s={search_term_string}"},"query-input":{"@type":"PropertyValueSpecification","valueRequired":true,"valueName":"search_term_string"}}],"inLanguage":"es"},{"@type":"Organization","@id":"https:\/\/koningdrone.be\/#organization","name":"Kingdrone.es","url":"https:\/\/koningdrone.be\/","logo":{"@type":"ImageObject","inLanguage":"es","@id":"https:\/\/koningdrone.be\/#\/schema\/logo\/image\/","url":"https:\/\/koningdrone.be\/wp-content\/uploads\/sites\/13\/2025\/04\/koningdrone-copyright-logo.svg","contentUrl":"https:\/\/koningdrone.be\/wp-content\/uploads\/sites\/13\/2025\/04\/koningdrone-copyright-logo.svg","width":227,"height":38,"caption":"Koningdrone.be"},"image":{"@id":"https:\/\/koningdrone.be\/#\/schema\/logo\/image\/"}}]}},"df_price":39,"df_sale_price":"","df_regular_price":39,"df_image_link":"https:\/\/koningdrone.be\/wp-content\/uploads\/sites\/13\/2025\/04\/d3227e9980fff0ee79be6b74bc504ef4@large-300x200.jpg","_links":{"self":[{"href":"https:\/\/koningdrone.be\/es\/wp-json\/wp\/v2\/product\/3841","targetHints":{"allow":["GET"]}}],"collection":[{"href":"https:\/\/koningdrone.be\/es\/wp-json\/wp\/v2\/product"}],"about":[{"href":"https:\/\/koningdrone.be\/es\/wp-json\/wp\/v2\/types\/product"}],"wp:featuredmedia":[{"embeddable":true,"href":"https:\/\/koningdrone.be\/es\/wp-json\/wp\/v2\/media\/3839"}],"wp:attachment":[{"href":"https:\/\/koningdrone.be\/es\/wp-json\/wp\/v2\/media?parent=3841"}],"wp:term":[{"taxonomy":"product_brand","embeddable":true,"href":"https:\/\/koningdrone.be\/es\/wp-json\/wp\/v2\/product_brand?post=3841"},{"taxonomy":"product_cat","embeddable":true,"href":"https:\/\/koningdrone.be\/es\/wp-json\/wp\/v2\/product_cat?post=3841"},{"taxonomy":"product_tag","embeddable":true,"href":"https:\/\/koningdrone.be\/es\/wp-json\/wp\/v2\/product_tag?post=3841"}],"curies":[{"name":"wp","href":"https:\/\/api.w.org\/{rel}","templated":true}]}}