{"id":3835,"date":"2024-03-14T11:59:51","date_gmt":"2024-03-14T11:59:51","guid":{"rendered":"https:\/\/koningdrone.nl\/kon\/product\/osmo-action-quick-release-adapter-mount\/"},"modified":"2025-04-29T11:57:41","modified_gmt":"2025-04-29T11:57:41","slug":"osmo-action-quick-release-adapter-mount","status":"publish","type":"product","link":"https:\/\/koningdrone.be\/es\/producto\/osmo-action-quick-release-adapter-mount\/","title":{"rendered":"Soporte adaptador de liberaci\u00f3n r\u00e1pida Osmo Action"},"content":{"rendered":"<p><strong>Innovador mecanismo magn\u00e9tico de cierre r\u00e1pido<\/strong><\/p>\n<p> Este producto incorpora un avanzado mecanismo magn\u00e9tico de liberaci\u00f3n r\u00e1pida que revoluciona la forma de fijar la c\u00e1mara. Esta avanzada funci\u00f3n no s\u00f3lo mejora la resistencia de la c\u00e1mara a los golpes, sino que tambi\u00e9n garantiza que permanezca firmemente sujeta en diversas condiciones. Est\u00e1 dise\u00f1ado para quienes exigen fiabilidad y eficacia en entornos de ritmo r\u00e1pido.<\/p>\n<p><strong>Dise\u00f1o mejorado del clip de posicionamiento<\/strong><\/p>\n<p> Junto con la funci\u00f3n magn\u00e9tica, el clip de posicionamiento de nuevo desarrollo desempe\u00f1a un papel crucial en la mejora de la estabilidad de la c\u00e1mara. Esta mejora en el dise\u00f1o contribuye de forma significativa a la robustez general de la conexi\u00f3n, proporcionando a los usuarios tranquilidad durante sus aventuras din\u00e1micas y llenas de acci\u00f3n. El clip garantiza que, una vez conectado, el dispositivo permanezca firmemente en su sitio, sean cuales sean las condiciones.<\/p>\n<p><strong>Compatibilidad universal con los accesorios de las c\u00e1maras de acci\u00f3n<\/strong><\/p>\n<p> El adaptador en la parte inferior del producto es otra caracter\u00edstica clave, dise\u00f1ado para ser compatible con un amplio espectro de accesorios comunes para c\u00e1maras de acci\u00f3n. Esta compatibilidad aumenta significativamente la versatilidad de la c\u00e1mara, permitiendo su uso en una gama m\u00e1s amplia de escenarios. Tanto si practica ciclismo, senderismo o un deporte extremo, esta caracter\u00edstica le garantiza que podr\u00e1 capturar cada momento sin limitaciones.<\/p>\n<p><strong>Resumen<\/strong><\/p>\n<p> Este producto, con su mecanismo magn\u00e9tico de liberaci\u00f3n r\u00e1pida, su clip de posicionamiento mejorado y su compatibilidad universal con accesorios, establece un nuevo est\u00e1ndar para el equipo fotogr\u00e1fico en el g\u00e9nero de acci\u00f3n. Se ha dise\u00f1ado cuidadosamente para personas en movimiento que desean capturar cada momento de la forma m\u00e1s segura y vers\u00e1til posible. Avent\u00farese sabiendo que su c\u00e1mara est\u00e1 preparada para todo.<\/p>\n<p><\/p>","protected":false},"excerpt":{"rendered":"<ul>\n<li>Dise\u00f1o magn\u00e9tico con liberaci\u00f3n r\u00e1pida<\/li>\n<li> Contiene clip de posicionamiento para mejorar la resistencia a los impactos<\/li>\n<li> Conexi\u00f3n segura de la c\u00e1mara<\/li>\n<li> Estructura adaptadora compatible con los accesorios de las c\u00e1maras de acci\u00f3n<\/li>\n<li> Usos vers\u00e1tiles<\/li>\n<\/ul>","protected":false},"featured_media":3833,"template":"","meta":{"_acf_changed":false},"product_brand":[],"product_cat":[268,410,97,297,757],"product_tag":[],"class_list":{"0":"post-3835","1":"product","2":"type-product","3":"status-publish","4":"has-post-thumbnail","6":"product_cat-alle-accessoires","7":"product_cat-alle-handheld-gimbals","8":"product_cat-alle-producten","9":"product_cat-dji-osmo","10":"product_cat-dji-osmo-action","11":"pa_brand-dji","12":"pa_productfamily-mount","13":"pa_producttype-mount","14":"pa_series-osmo-action","16":"first","17":"instock","18":"taxable","19":"shipping-taxable","20":"product-type-simple"},"acf":[],"yoast_head":"<!-- This site is optimized with the Yoast SEO Premium plugin v27.2 (Yoast SEO v27.2) - https:\/\/yoast.com\/product\/yoast-seo-premium-wordpress\/ -->\n<title>Osmo Action Quick-Release Adapter Mount - koningdrone.be<\/title>\n<meta name=\"robots\" content=\"index, follow, max-snippet:-1, max-image-preview:large, max-video-preview:-1\" \/>\n<link rel=\"canonical\" href=\"https:\/\/koningdrone.be\/es\/producto\/osmo-action-quick-release-adapter-mount\/\" \/>\n<meta property=\"og:locale\" content=\"es_ES\" \/>\n<meta property=\"og:type\" content=\"article\" \/>\n<meta property=\"og:title\" content=\"Osmo Action Quick-Release Adapter Mount\" \/>\n<meta property=\"og:description\" content=\"Magnetisch ontwerp met snelle ontgrendeling Bevat positioneringsclip voor verbeterde slagvastheid Beveiligde cameraverbinding Adapterstructuur compatibel met actiecamera-accessoires Veelzijdige gebruiksmogelijkheden\" \/>\n<meta property=\"og:url\" content=\"https:\/\/koningdrone.be\/es\/producto\/osmo-action-quick-release-adapter-mount\/\" \/>\n<meta property=\"og:site_name\" content=\"koningdrone.be\" \/>\n<meta property=\"article:modified_time\" content=\"2025-04-29T11:57:41+00:00\" \/>\n<meta property=\"og:image\" content=\"https:\/\/koningdrone.be\/wp-content\/uploads\/sites\/13\/2025\/04\/c705bcd4ac2d487aecf8ffc77c2fc92e@large.jpg\" \/>\n\t<meta property=\"og:image:width\" content=\"1200\" \/>\n\t<meta property=\"og:image:height\" content=\"800\" \/>\n\t<meta property=\"og:image:type\" content=\"image\/jpeg\" \/>\n<meta name=\"twitter:card\" content=\"summary_large_image\" \/>\n<meta name=\"twitter:label1\" content=\"Tiempo de lectura\" \/>\n\t<meta name=\"twitter:data1\" content=\"1 minuto\" \/>\n<script type=\"application\/ld+json\" class=\"yoast-schema-graph\">{\"@context\":\"https:\/\/schema.org\",\"@graph\":[{\"@type\":\"WebPage\",\"@id\":\"https:\/\/koningdrone.be\/product\/osmo-action-quick-release-adapter-mount\/\",\"url\":\"https:\/\/koningdrone.be\/product\/osmo-action-quick-release-adapter-mount\/\",\"name\":\"Osmo Action Quick-Release Adapter Mount - koningdrone.be\",\"isPartOf\":{\"@id\":\"https:\/\/koningdrone.be\/#website\"},\"primaryImageOfPage\":{\"@id\":\"https:\/\/koningdrone.be\/product\/osmo-action-quick-release-adapter-mount\/#primaryimage\"},\"image\":{\"@id\":\"https:\/\/koningdrone.be\/product\/osmo-action-quick-release-adapter-mount\/#primaryimage\"},\"thumbnailUrl\":\"https:\/\/koningdrone.be\/wp-content\/uploads\/sites\/13\/2025\/04\/c705bcd4ac2d487aecf8ffc77c2fc92e@large.jpg\",\"datePublished\":\"2024-03-14T11:59:51+00:00\",\"dateModified\":\"2025-04-29T11:57:41+00:00\",\"breadcrumb\":{\"@id\":\"https:\/\/koningdrone.be\/product\/osmo-action-quick-release-adapter-mount\/#breadcrumb\"},\"inLanguage\":\"es\",\"potentialAction\":[{\"@type\":\"ReadAction\",\"target\":[\"https:\/\/koningdrone.be\/product\/osmo-action-quick-release-adapter-mount\/\"]}]},{\"@type\":\"ImageObject\",\"inLanguage\":\"es\",\"@id\":\"https:\/\/koningdrone.be\/product\/osmo-action-quick-release-adapter-mount\/#primaryimage\",\"url\":\"https:\/\/koningdrone.be\/wp-content\/uploads\/sites\/13\/2025\/04\/c705bcd4ac2d487aecf8ffc77c2fc92e@large.jpg\",\"contentUrl\":\"https:\/\/koningdrone.be\/wp-content\/uploads\/sites\/13\/2025\/04\/c705bcd4ac2d487aecf8ffc77c2fc92e@large.jpg\",\"width\":1200,\"height\":800},{\"@type\":\"BreadcrumbList\",\"@id\":\"https:\/\/koningdrone.be\/product\/osmo-action-quick-release-adapter-mount\/#breadcrumb\",\"itemListElement\":[{\"@type\":\"ListItem\",\"position\":1,\"name\":\"Home\",\"item\":\"https:\/\/koningdrone.be\/\"},{\"@type\":\"ListItem\",\"position\":2,\"name\":\"AVSS Parachute Recovery System for DJI Matrice 300\/350\",\"item\":\"https:\/\/koningdrone.be\/product\/avss-parachute-recovery-system-for-dji-matrice-300-350\/\"},{\"@type\":\"ListItem\",\"position\":3,\"name\":\"Alle accessoires\",\"item\":\"https:\/\/koningdrone.be\/categorie\/alle-accessoires\/\"},{\"@type\":\"ListItem\",\"position\":4,\"name\":\"Osmo Action Quick-Release Adapter Mount\"}]},{\"@type\":\"WebSite\",\"@id\":\"https:\/\/koningdrone.be\/#website\",\"url\":\"https:\/\/koningdrone.be\/\",\"name\":\"Koningdrone.be - Uw online specialist in drones, gimbals, camera's en power stations.\",\"description\":\"De webshop in drones en gimbals\",\"publisher\":{\"@id\":\"https:\/\/koningdrone.be\/#organization\"},\"potentialAction\":[{\"@type\":\"SearchAction\",\"target\":{\"@type\":\"EntryPoint\",\"urlTemplate\":\"https:\/\/koningdrone.be\/?s={search_term_string}\"},\"query-input\":{\"@type\":\"PropertyValueSpecification\",\"valueRequired\":true,\"valueName\":\"search_term_string\"}}],\"inLanguage\":\"es\"},{\"@type\":\"Organization\",\"@id\":\"https:\/\/koningdrone.be\/#organization\",\"name\":\"Koningdrone.be\",\"url\":\"https:\/\/koningdrone.be\/\",\"logo\":{\"@type\":\"ImageObject\",\"inLanguage\":\"es\",\"@id\":\"https:\/\/koningdrone.be\/#\/schema\/logo\/image\/\",\"url\":\"https:\/\/koningdrone.be\/wp-content\/uploads\/sites\/13\/2025\/04\/koningdrone-copyright-logo.svg\",\"contentUrl\":\"https:\/\/koningdrone.be\/wp-content\/uploads\/sites\/13\/2025\/04\/koningdrone-copyright-logo.svg\",\"width\":227,\"height\":38,\"caption\":\"Koningdrone.be\"},\"image\":{\"@id\":\"https:\/\/koningdrone.be\/#\/schema\/logo\/image\/\"}}]}<\/script>\n<!-- \/ Yoast SEO Premium plugin. -->","yoast_head_json":{"title":"Osmo Action Quick-Release Adapter Mount - koningdrone.be","robots":{"index":"index","follow":"follow","max-snippet":"max-snippet:-1","max-image-preview":"max-image-preview:large","max-video-preview":"max-video-preview:-1"},"canonical":"https:\/\/koningdrone.be\/es\/producto\/osmo-action-quick-release-adapter-mount\/","og_locale":"es_ES","og_type":"article","og_title":"Osmo Action Quick-Release Adapter Mount","og_description":"Magnetisch ontwerp met snelle ontgrendeling Bevat positioneringsclip voor verbeterde slagvastheid Beveiligde cameraverbinding Adapterstructuur compatibel met actiecamera-accessoires Veelzijdige gebruiksmogelijkheden","og_url":"https:\/\/koningdrone.be\/es\/producto\/osmo-action-quick-release-adapter-mount\/","og_site_name":"koningdrone.be","article_modified_time":"2025-04-29T11:57:41+00:00","og_image":[{"width":1200,"height":800,"url":"https:\/\/koningdrone.be\/wp-content\/uploads\/sites\/13\/2025\/04\/c705bcd4ac2d487aecf8ffc77c2fc92e@large.jpg","type":"image\/jpeg"}],"twitter_card":"summary_large_image","twitter_misc":{"Tiempo de lectura":"1 minuto"},"schema":{"@context":"https:\/\/schema.org","@graph":[{"@type":"WebPage","@id":"https:\/\/koningdrone.be\/product\/osmo-action-quick-release-adapter-mount\/","url":"https:\/\/koningdrone.be\/product\/osmo-action-quick-release-adapter-mount\/","name":"Osmo Action Quick-Release Adapter Mount - koningdrone.be","isPartOf":{"@id":"https:\/\/koningdrone.be\/#website"},"primaryImageOfPage":{"@id":"https:\/\/koningdrone.be\/product\/osmo-action-quick-release-adapter-mount\/#primaryimage"},"image":{"@id":"https:\/\/koningdrone.be\/product\/osmo-action-quick-release-adapter-mount\/#primaryimage"},"thumbnailUrl":"https:\/\/koningdrone.be\/wp-content\/uploads\/sites\/13\/2025\/04\/c705bcd4ac2d487aecf8ffc77c2fc92e@large.jpg","datePublished":"2024-03-14T11:59:51+00:00","dateModified":"2025-04-29T11:57:41+00:00","breadcrumb":{"@id":"https:\/\/koningdrone.be\/product\/osmo-action-quick-release-adapter-mount\/#breadcrumb"},"inLanguage":"es","potentialAction":[{"@type":"ReadAction","target":["https:\/\/koningdrone.be\/product\/osmo-action-quick-release-adapter-mount\/"]}]},{"@type":"ImageObject","inLanguage":"es","@id":"https:\/\/koningdrone.be\/product\/osmo-action-quick-release-adapter-mount\/#primaryimage","url":"https:\/\/koningdrone.be\/wp-content\/uploads\/sites\/13\/2025\/04\/c705bcd4ac2d487aecf8ffc77c2fc92e@large.jpg","contentUrl":"https:\/\/koningdrone.be\/wp-content\/uploads\/sites\/13\/2025\/04\/c705bcd4ac2d487aecf8ffc77c2fc92e@large.jpg","width":1200,"height":800},{"@type":"BreadcrumbList","@id":"https:\/\/koningdrone.be\/product\/osmo-action-quick-release-adapter-mount\/#breadcrumb","itemListElement":[{"@type":"ListItem","position":1,"name":"Home","item":"https:\/\/koningdrone.be\/"},{"@type":"ListItem","position":2,"name":"AVSS Parachute Recovery System for DJI Matrice 300\/350","item":"https:\/\/koningdrone.be\/product\/avss-parachute-recovery-system-for-dji-matrice-300-350\/"},{"@type":"ListItem","position":3,"name":"Alle accessoires","item":"https:\/\/koningdrone.be\/categorie\/alle-accessoires\/"},{"@type":"ListItem","position":4,"name":"Osmo Action Quick-Release Adapter Mount"}]},{"@type":"WebSite","@id":"https:\/\/koningdrone.be\/#website","url":"https:\/\/koningdrone.be\/","name":"Koningdrone.be - Su especialista en l\u00ednea en drones, cardanes, c\u00e1maras y centrales el\u00e9ctricas.","description":"La tienda virtual de drones y cardanes","publisher":{"@id":"https:\/\/koningdrone.be\/#organization"},"potentialAction":[{"@type":"SearchAction","target":{"@type":"EntryPoint","urlTemplate":"https:\/\/koningdrone.be\/?s={search_term_string}"},"query-input":{"@type":"PropertyValueSpecification","valueRequired":true,"valueName":"search_term_string"}}],"inLanguage":"es"},{"@type":"Organization","@id":"https:\/\/koningdrone.be\/#organization","name":"Kingdrone.es","url":"https:\/\/koningdrone.be\/","logo":{"@type":"ImageObject","inLanguage":"es","@id":"https:\/\/koningdrone.be\/#\/schema\/logo\/image\/","url":"https:\/\/koningdrone.be\/wp-content\/uploads\/sites\/13\/2025\/04\/koningdrone-copyright-logo.svg","contentUrl":"https:\/\/koningdrone.be\/wp-content\/uploads\/sites\/13\/2025\/04\/koningdrone-copyright-logo.svg","width":227,"height":38,"caption":"Koningdrone.be"},"image":{"@id":"https:\/\/koningdrone.be\/#\/schema\/logo\/image\/"}}]}},"df_price":"","df_sale_price":"","df_regular_price":"","df_image_link":"https:\/\/koningdrone.be\/wp-content\/uploads\/sites\/13\/2025\/04\/c705bcd4ac2d487aecf8ffc77c2fc92e@large-300x200.jpg","_links":{"self":[{"href":"https:\/\/koningdrone.be\/es\/wp-json\/wp\/v2\/product\/3835","targetHints":{"allow":["GET"]}}],"collection":[{"href":"https:\/\/koningdrone.be\/es\/wp-json\/wp\/v2\/product"}],"about":[{"href":"https:\/\/koningdrone.be\/es\/wp-json\/wp\/v2\/types\/product"}],"wp:featuredmedia":[{"embeddable":true,"href":"https:\/\/koningdrone.be\/es\/wp-json\/wp\/v2\/media\/3833"}],"wp:attachment":[{"href":"https:\/\/koningdrone.be\/es\/wp-json\/wp\/v2\/media?parent=3835"}],"wp:term":[{"taxonomy":"product_brand","embeddable":true,"href":"https:\/\/koningdrone.be\/es\/wp-json\/wp\/v2\/product_brand?post=3835"},{"taxonomy":"product_cat","embeddable":true,"href":"https:\/\/koningdrone.be\/es\/wp-json\/wp\/v2\/product_cat?post=3835"},{"taxonomy":"product_tag","embeddable":true,"href":"https:\/\/koningdrone.be\/es\/wp-json\/wp\/v2\/product_tag?post=3835"}],"curies":[{"name":"wp","href":"https:\/\/api.w.org\/{rel}","templated":true}]}}