{"id":3825,"date":"2024-03-14T11:59:51","date_gmt":"2024-03-14T11:59:51","guid":{"rendered":"https:\/\/koningdrone.nl\/kon\/product\/matrice-300-series-bs60-intelligent-battery-station\/"},"modified":"2025-04-29T11:57:51","modified_gmt":"2025-04-29T11:57:51","slug":"matrice-300-series-bs60-intelligent-battery-station","status":"publish","type":"product","link":"https:\/\/koningdrone.be\/es\/producto\/matrice-300-series-bs60-intelligent-battery-station\/","title":{"rendered":"Estaci\u00f3n de bater\u00eda inteligente Matrice Serie 300 BS60"},"content":{"rendered":"<p> La estaci\u00f3n de bater\u00edas BS60 es una herramienta vers\u00e1til, ideal para quienes utilizan drones con frecuencia y necesitan una soluci\u00f3n de carga fiable. Este producto est\u00e1 dise\u00f1ado para ser muy port\u00e1til y refleja un carrito para facilitar su transporte. Sirve para m\u00faltiples prop\u00f3sitos, como cargar, almacenar y transportar bater\u00edas. Los usuarios pueden utilizar esta estaci\u00f3n para cargar hasta cuatro bater\u00edas de drones y cuatro bater\u00edas de controladores simult\u00e1neamente, lo que la hace perfecta para operaciones que requieren cambios de bater\u00eda r\u00e1pidos y eficaces.<\/p>\n<p><strong>Portabilidad<\/strong><\/p>\n<p> Dise\u00f1ada como una maleta trolley, es f\u00e1cil de llevar dondequiera que vayas, para que tus bater\u00edas est\u00e9n siempre cargadas y listas para usar.<\/p>\n<p><strong>Capacidad<\/strong><\/p>\n<p> Capaz de cargar simult\u00e1neamente cuatro bater\u00edas de drones y cuatro bater\u00edas de controladores, maximiza la eficiencia y minimiza el tiempo de inactividad durante las operaciones.<\/p>\n<p><strong>Requisitos de potencia<\/strong><\/p>\n<p> La estaci\u00f3n necesita una fuente de alimentaci\u00f3n de 220-240 V para funcionar, por lo que es compatible con las tomas dom\u00e9sticas est\u00e1ndar de muchas regiones.<\/p>\n<p><strong>Carga r\u00e1pida<\/strong><\/p>\n<p> Se tardan unos 60 minutos en cargar completamente dos bater\u00edas de vuelo inteligentes TB60. Si tienes prisa, puedes recargar estas bater\u00edas de 20% a 90% en s\u00f3lo 30 minutos para volver a volar r\u00e1pidamente.<\/p>\n<p><strong>Conclusi\u00f3n<\/strong><\/p>\n<p> Tanto si es un aficionado principiante a los drones como si es un experto en operaciones a\u00e9reas, la estaci\u00f3n de bater\u00edas BS60 le ofrece una soluci\u00f3n c\u00f3moda y eficaz para gestionar sus necesidades de bater\u00eda, de modo que siempre est\u00e9 listo para su pr\u00f3ximo vuelo.<\/p>\n<p><\/p>","protected":false},"excerpt":{"rendered":"<ul>\n<li>Port\u00e1til y f\u00e1cil de usar<\/li>\n<li> Carga y almacena bater\u00edas<\/li>\n<li> Carga cuatro bater\u00edas de dron y cuatro de controlador simult\u00e1neamente<\/li>\n<li> Dise\u00f1o de maleta trolley para facilitar el transporte<\/li>\n<li> Requiere una fuente de alimentaci\u00f3n de 220-240 V<\/li>\n<li> 60 minutos para la carga completa de la bater\u00eda<\/li>\n<li> 30 minutos para cargar bater\u00edas entre 20% y 90%<\/li>\n<\/ul>","protected":false},"featured_media":3823,"template":"","meta":{"_acf_changed":false},"product_brand":[],"product_cat":[111,97,426,152],"product_tag":[],"class_list":{"0":"post-3825","1":"product","2":"type-product","3":"status-publish","4":"has-post-thumbnail","6":"product_cat-alle-opladers","7":"product_cat-alle-producten","8":"product_cat-dji-matrice","9":"product_cat-dji-matrice-300","10":"pa_brand-dji","11":"pa_productfamily-oplader","12":"pa_producttype-oplader","13":"pa_series-matrice-300","15":"first","16":"instock","17":"taxable","18":"shipping-taxable","19":"product-type-simple"},"acf":[],"yoast_head":"<!-- This site is optimized with the Yoast SEO Premium plugin v27.2 (Yoast SEO v27.2) - https:\/\/yoast.com\/product\/yoast-seo-premium-wordpress\/ -->\n<title>Matrice 300 Series BS60 Intelligent Battery Station - koningdrone.be<\/title>\n<meta name=\"robots\" content=\"index, follow, max-snippet:-1, max-image-preview:large, max-video-preview:-1\" \/>\n<link rel=\"canonical\" href=\"https:\/\/koningdrone.be\/es\/producto\/matrice-300-series-bs60-intelligent-battery-station\/\" \/>\n<meta property=\"og:locale\" content=\"es_ES\" \/>\n<meta property=\"og:type\" content=\"article\" \/>\n<meta property=\"og:title\" content=\"Matrice 300 Series BS60 Intelligent Battery Station\" \/>\n<meta property=\"og:description\" content=\"Draagbaar en gemakkelijk te gebruiken Laadt batterijen op en bewaart ze Laadt tegelijkertijd vier drone- en vier controllerbatterijen op Trolleykofferontwerp voor eenvoudig transport Vereist een voedingsbron van 220-240 V 60 minuten voor volledige batterijlading 30 minuten om de batterijen tussen 20% en 90% op te laden\" \/>\n<meta property=\"og:url\" content=\"https:\/\/koningdrone.be\/es\/producto\/matrice-300-series-bs60-intelligent-battery-station\/\" \/>\n<meta property=\"og:site_name\" content=\"koningdrone.be\" \/>\n<meta property=\"article:modified_time\" content=\"2025-04-29T11:57:51+00:00\" \/>\n<meta property=\"og:image\" content=\"https:\/\/koningdrone.be\/wp-content\/uploads\/sites\/13\/2025\/04\/1a6a2f68268b4b811069b7490dedf68f@large.jpg\" \/>\n\t<meta property=\"og:image:width\" content=\"1200\" \/>\n\t<meta property=\"og:image:height\" content=\"800\" \/>\n\t<meta property=\"og:image:type\" content=\"image\/jpeg\" \/>\n<meta name=\"twitter:card\" content=\"summary_large_image\" \/>\n<meta name=\"twitter:label1\" content=\"Tiempo de lectura\" \/>\n\t<meta name=\"twitter:data1\" content=\"1 minuto\" \/>\n<script type=\"application\/ld+json\" class=\"yoast-schema-graph\">{\"@context\":\"https:\/\/schema.org\",\"@graph\":[{\"@type\":\"WebPage\",\"@id\":\"https:\/\/koningdrone.be\/product\/matrice-300-series-bs60-intelligent-battery-station\/\",\"url\":\"https:\/\/koningdrone.be\/product\/matrice-300-series-bs60-intelligent-battery-station\/\",\"name\":\"Matrice 300 Series BS60 Intelligent Battery Station - koningdrone.be\",\"isPartOf\":{\"@id\":\"https:\/\/koningdrone.be\/#website\"},\"primaryImageOfPage\":{\"@id\":\"https:\/\/koningdrone.be\/product\/matrice-300-series-bs60-intelligent-battery-station\/#primaryimage\"},\"image\":{\"@id\":\"https:\/\/koningdrone.be\/product\/matrice-300-series-bs60-intelligent-battery-station\/#primaryimage\"},\"thumbnailUrl\":\"https:\/\/koningdrone.be\/wp-content\/uploads\/sites\/13\/2025\/04\/1a6a2f68268b4b811069b7490dedf68f@large.jpg\",\"datePublished\":\"2024-03-14T11:59:51+00:00\",\"dateModified\":\"2025-04-29T11:57:51+00:00\",\"breadcrumb\":{\"@id\":\"https:\/\/koningdrone.be\/product\/matrice-300-series-bs60-intelligent-battery-station\/#breadcrumb\"},\"inLanguage\":\"es\",\"potentialAction\":[{\"@type\":\"ReadAction\",\"target\":[\"https:\/\/koningdrone.be\/product\/matrice-300-series-bs60-intelligent-battery-station\/\"]}]},{\"@type\":\"ImageObject\",\"inLanguage\":\"es\",\"@id\":\"https:\/\/koningdrone.be\/product\/matrice-300-series-bs60-intelligent-battery-station\/#primaryimage\",\"url\":\"https:\/\/koningdrone.be\/wp-content\/uploads\/sites\/13\/2025\/04\/1a6a2f68268b4b811069b7490dedf68f@large.jpg\",\"contentUrl\":\"https:\/\/koningdrone.be\/wp-content\/uploads\/sites\/13\/2025\/04\/1a6a2f68268b4b811069b7490dedf68f@large.jpg\",\"width\":1200,\"height\":800},{\"@type\":\"BreadcrumbList\",\"@id\":\"https:\/\/koningdrone.be\/product\/matrice-300-series-bs60-intelligent-battery-station\/#breadcrumb\",\"itemListElement\":[{\"@type\":\"ListItem\",\"position\":1,\"name\":\"Home\",\"item\":\"https:\/\/koningdrone.be\/\"},{\"@type\":\"ListItem\",\"position\":2,\"name\":\"AVSS Parachute Recovery System for DJI Matrice 300\/350\",\"item\":\"https:\/\/koningdrone.be\/product\/avss-parachute-recovery-system-for-dji-matrice-300-350\/\"},{\"@type\":\"ListItem\",\"position\":3,\"name\":\"Alle opladers\",\"item\":\"https:\/\/koningdrone.be\/categorie\/alle-opladers\/\"},{\"@type\":\"ListItem\",\"position\":4,\"name\":\"Matrice 300 Series BS60 Intelligent Battery Station\"}]},{\"@type\":\"WebSite\",\"@id\":\"https:\/\/koningdrone.be\/#website\",\"url\":\"https:\/\/koningdrone.be\/\",\"name\":\"Koningdrone.be - Uw online specialist in drones, gimbals, camera's en power stations.\",\"description\":\"De webshop in drones en gimbals\",\"publisher\":{\"@id\":\"https:\/\/koningdrone.be\/#organization\"},\"potentialAction\":[{\"@type\":\"SearchAction\",\"target\":{\"@type\":\"EntryPoint\",\"urlTemplate\":\"https:\/\/koningdrone.be\/?s={search_term_string}\"},\"query-input\":{\"@type\":\"PropertyValueSpecification\",\"valueRequired\":true,\"valueName\":\"search_term_string\"}}],\"inLanguage\":\"es\"},{\"@type\":\"Organization\",\"@id\":\"https:\/\/koningdrone.be\/#organization\",\"name\":\"Koningdrone.be\",\"url\":\"https:\/\/koningdrone.be\/\",\"logo\":{\"@type\":\"ImageObject\",\"inLanguage\":\"es\",\"@id\":\"https:\/\/koningdrone.be\/#\/schema\/logo\/image\/\",\"url\":\"https:\/\/koningdrone.be\/wp-content\/uploads\/sites\/13\/2025\/04\/koningdrone-copyright-logo.svg\",\"contentUrl\":\"https:\/\/koningdrone.be\/wp-content\/uploads\/sites\/13\/2025\/04\/koningdrone-copyright-logo.svg\",\"width\":227,\"height\":38,\"caption\":\"Koningdrone.be\"},\"image\":{\"@id\":\"https:\/\/koningdrone.be\/#\/schema\/logo\/image\/\"}}]}<\/script>\n<!-- \/ Yoast SEO Premium plugin. -->","yoast_head_json":{"title":"Matrice 300 Series BS60 Intelligent Battery Station - koningdrone.be","robots":{"index":"index","follow":"follow","max-snippet":"max-snippet:-1","max-image-preview":"max-image-preview:large","max-video-preview":"max-video-preview:-1"},"canonical":"https:\/\/koningdrone.be\/es\/producto\/matrice-300-series-bs60-intelligent-battery-station\/","og_locale":"es_ES","og_type":"article","og_title":"Matrice 300 Series BS60 Intelligent Battery Station","og_description":"Draagbaar en gemakkelijk te gebruiken Laadt batterijen op en bewaart ze Laadt tegelijkertijd vier drone- en vier controllerbatterijen op Trolleykofferontwerp voor eenvoudig transport Vereist een voedingsbron van 220-240 V 60 minuten voor volledige batterijlading 30 minuten om de batterijen tussen 20% en 90% op te laden","og_url":"https:\/\/koningdrone.be\/es\/producto\/matrice-300-series-bs60-intelligent-battery-station\/","og_site_name":"koningdrone.be","article_modified_time":"2025-04-29T11:57:51+00:00","og_image":[{"width":1200,"height":800,"url":"https:\/\/koningdrone.be\/wp-content\/uploads\/sites\/13\/2025\/04\/1a6a2f68268b4b811069b7490dedf68f@large.jpg","type":"image\/jpeg"}],"twitter_card":"summary_large_image","twitter_misc":{"Tiempo de lectura":"1 minuto"},"schema":{"@context":"https:\/\/schema.org","@graph":[{"@type":"WebPage","@id":"https:\/\/koningdrone.be\/product\/matrice-300-series-bs60-intelligent-battery-station\/","url":"https:\/\/koningdrone.be\/product\/matrice-300-series-bs60-intelligent-battery-station\/","name":"Matrice 300 Series BS60 Intelligent Battery Station - koningdrone.be","isPartOf":{"@id":"https:\/\/koningdrone.be\/#website"},"primaryImageOfPage":{"@id":"https:\/\/koningdrone.be\/product\/matrice-300-series-bs60-intelligent-battery-station\/#primaryimage"},"image":{"@id":"https:\/\/koningdrone.be\/product\/matrice-300-series-bs60-intelligent-battery-station\/#primaryimage"},"thumbnailUrl":"https:\/\/koningdrone.be\/wp-content\/uploads\/sites\/13\/2025\/04\/1a6a2f68268b4b811069b7490dedf68f@large.jpg","datePublished":"2024-03-14T11:59:51+00:00","dateModified":"2025-04-29T11:57:51+00:00","breadcrumb":{"@id":"https:\/\/koningdrone.be\/product\/matrice-300-series-bs60-intelligent-battery-station\/#breadcrumb"},"inLanguage":"es","potentialAction":[{"@type":"ReadAction","target":["https:\/\/koningdrone.be\/product\/matrice-300-series-bs60-intelligent-battery-station\/"]}]},{"@type":"ImageObject","inLanguage":"es","@id":"https:\/\/koningdrone.be\/product\/matrice-300-series-bs60-intelligent-battery-station\/#primaryimage","url":"https:\/\/koningdrone.be\/wp-content\/uploads\/sites\/13\/2025\/04\/1a6a2f68268b4b811069b7490dedf68f@large.jpg","contentUrl":"https:\/\/koningdrone.be\/wp-content\/uploads\/sites\/13\/2025\/04\/1a6a2f68268b4b811069b7490dedf68f@large.jpg","width":1200,"height":800},{"@type":"BreadcrumbList","@id":"https:\/\/koningdrone.be\/product\/matrice-300-series-bs60-intelligent-battery-station\/#breadcrumb","itemListElement":[{"@type":"ListItem","position":1,"name":"Home","item":"https:\/\/koningdrone.be\/"},{"@type":"ListItem","position":2,"name":"AVSS Parachute Recovery System for DJI Matrice 300\/350","item":"https:\/\/koningdrone.be\/product\/avss-parachute-recovery-system-for-dji-matrice-300-350\/"},{"@type":"ListItem","position":3,"name":"Alle opladers","item":"https:\/\/koningdrone.be\/categorie\/alle-opladers\/"},{"@type":"ListItem","position":4,"name":"Matrice 300 Series BS60 Intelligent Battery Station"}]},{"@type":"WebSite","@id":"https:\/\/koningdrone.be\/#website","url":"https:\/\/koningdrone.be\/","name":"Koningdrone.be - Su especialista en l\u00ednea en drones, cardanes, c\u00e1maras y centrales el\u00e9ctricas.","description":"La tienda virtual de drones y cardanes","publisher":{"@id":"https:\/\/koningdrone.be\/#organization"},"potentialAction":[{"@type":"SearchAction","target":{"@type":"EntryPoint","urlTemplate":"https:\/\/koningdrone.be\/?s={search_term_string}"},"query-input":{"@type":"PropertyValueSpecification","valueRequired":true,"valueName":"search_term_string"}}],"inLanguage":"es"},{"@type":"Organization","@id":"https:\/\/koningdrone.be\/#organization","name":"Kingdrone.es","url":"https:\/\/koningdrone.be\/","logo":{"@type":"ImageObject","inLanguage":"es","@id":"https:\/\/koningdrone.be\/#\/schema\/logo\/image\/","url":"https:\/\/koningdrone.be\/wp-content\/uploads\/sites\/13\/2025\/04\/koningdrone-copyright-logo.svg","contentUrl":"https:\/\/koningdrone.be\/wp-content\/uploads\/sites\/13\/2025\/04\/koningdrone-copyright-logo.svg","width":227,"height":38,"caption":"Koningdrone.be"},"image":{"@id":"https:\/\/koningdrone.be\/#\/schema\/logo\/image\/"}}]}},"df_price":"","df_sale_price":"","df_regular_price":"","df_image_link":"https:\/\/koningdrone.be\/wp-content\/uploads\/sites\/13\/2025\/04\/1a6a2f68268b4b811069b7490dedf68f@large-300x200.jpg","_links":{"self":[{"href":"https:\/\/koningdrone.be\/es\/wp-json\/wp\/v2\/product\/3825","targetHints":{"allow":["GET"]}}],"collection":[{"href":"https:\/\/koningdrone.be\/es\/wp-json\/wp\/v2\/product"}],"about":[{"href":"https:\/\/koningdrone.be\/es\/wp-json\/wp\/v2\/types\/product"}],"wp:featuredmedia":[{"embeddable":true,"href":"https:\/\/koningdrone.be\/es\/wp-json\/wp\/v2\/media\/3823"}],"wp:attachment":[{"href":"https:\/\/koningdrone.be\/es\/wp-json\/wp\/v2\/media?parent=3825"}],"wp:term":[{"taxonomy":"product_brand","embeddable":true,"href":"https:\/\/koningdrone.be\/es\/wp-json\/wp\/v2\/product_brand?post=3825"},{"taxonomy":"product_cat","embeddable":true,"href":"https:\/\/koningdrone.be\/es\/wp-json\/wp\/v2\/product_cat?post=3825"},{"taxonomy":"product_tag","embeddable":true,"href":"https:\/\/koningdrone.be\/es\/wp-json\/wp\/v2\/product_tag?post=3825"}],"curies":[{"name":"wp","href":"https:\/\/api.w.org\/{rel}","templated":true}]}}