{"id":3819,"date":"2024-03-14T12:00:44","date_gmt":"2024-03-14T11:00:44","guid":{"rendered":"https:\/\/koningdrone.nl\/kon\/product\/livox-ac-power-adapter-eu\/"},"modified":"2025-08-27T11:36:41","modified_gmt":"2025-08-27T09:36:41","slug":"livox-ac-power-adapter-eu","status":"publish","type":"product","link":"https:\/\/koningdrone.be\/es\/producto\/livox-ac-power-adapter-eu\/","title":{"rendered":"Adaptador de alimentaci\u00f3n de CA Livox (UE)"},"content":{"rendered":"<p> Este adaptador de corriente es una herramienta esencial dise\u00f1ada para convertir la corriente el\u00e9ctrica est\u00e1ndar de un enchufe de pared en una forma adecuada para las unidades LiDAR de Livox. Con su capacidad para manejar voltajes de entrada de 100 a 240 voltios de CA y convertirlos a 12 voltios de CC, garantiza que sus unidades LiDAR reciban los requisitos de alimentaci\u00f3n correctos para un rendimiento \u00f3ptimo. Adecuado tanto para principiantes como para expertos en dispositivos electr\u00f3nicos, este adaptador est\u00e1 dise\u00f1ado para proporcionar una fuente de alimentaci\u00f3n perfecta y segura para sus unidades LiDAR Livox.<\/p>\n<p><strong>Compatibilidad y uso<\/strong><\/p>\n<p> Especialmente recomendado para su uso con las unidades LiDAR de Livox, este adaptador de corriente es el complemento perfecto para alimentar estos avanzados dispositivos. Su rango de entrada universal de 100 a 240 voltios CA lo hace vers\u00e1til y adaptable para su uso en diferentes regiones de todo el mundo, eliminando la necesidad de inversores de potencia independientes. La salida de 12 voltios CC del adaptador est\u00e1 especialmente calibrada para satisfacer los requisitos de alimentaci\u00f3n de los sistemas LiDAR de Livox, lo que les permite funcionar de forma eficaz y segura, sin riesgo de da\u00f1os debidos a una alimentaci\u00f3n inadecuada.<\/p>\n<p><strong>Seguridad y fiabilidad<\/strong><\/p>\n<p> Este adaptador de corriente garantiza la seguridad de sus dispositivos y est\u00e1 fabricado conforme a estrictas normas de seguridad. La transici\u00f3n de CA a CC se gestiona de forma eficiente dentro del adaptador, lo que minimiza el riesgo de subidas de tensi\u00f3n que podr\u00edan da\u00f1ar sus unidades Livox LiDAR. Su fiabilidad y salida constante lo convierten en un accesorio indispensable tanto para profesionales como para aficionados que deseen mantener sus equipos en las mejores condiciones. Elegir este adaptador de corriente significa invertir en la longevidad y el rendimiento de sus sistemas Livox LiDAR.<\/p>\n<p><\/p>","protected":false},"excerpt":{"rendered":"<ul>\n<li>Convierte 100~240 V CA a 12 V CC<\/li>\n<li> Recomendado para unidades Livox LiDAR<\/li>\n<\/ul>","protected":false},"featured_media":3816,"template":"","meta":{"_acf_changed":false},"product_brand":[],"product_cat":[268,187,111,97,751],"product_tag":[],"class_list":{"0":"post-3819","1":"product","2":"type-product","3":"status-publish","4":"has-post-thumbnail","6":"product_cat-alle-accessoires","7":"product_cat-alle-lidar","8":"product_cat-alle-opladers","9":"product_cat-alle-producten","10":"product_cat-livox","11":"pa_brand-dji","12":"pa_productfamily-adapter","13":"pa_producttype-adapter","15":"first","16":"instock","17":"taxable","18":"shipping-taxable","19":"product-type-simple"},"acf":[],"yoast_head":"<!-- This site is optimized with the Yoast SEO Premium plugin v27.2 (Yoast SEO v27.2) - https:\/\/yoast.com\/product\/yoast-seo-premium-wordpress\/ -->\n<title>Livox AC Power Adapter (EU) - koningdrone.be<\/title>\n<meta name=\"robots\" content=\"index, follow, max-snippet:-1, max-image-preview:large, max-video-preview:-1\" \/>\n<link rel=\"canonical\" href=\"https:\/\/koningdrone.be\/es\/producto\/livox-ac-power-adapter-eu\/\" \/>\n<meta property=\"og:locale\" content=\"es_ES\" \/>\n<meta property=\"og:type\" content=\"article\" \/>\n<meta property=\"og:title\" content=\"Livox AC Power Adapter (EU)\" \/>\n<meta property=\"og:description\" content=\"Converteert 100~240V AC naar 12V DC Aanbevolen voor Livox LiDAR-eenheden\" \/>\n<meta property=\"og:url\" content=\"https:\/\/koningdrone.be\/es\/producto\/livox-ac-power-adapter-eu\/\" \/>\n<meta property=\"og:site_name\" content=\"koningdrone.be\" \/>\n<meta property=\"article:modified_time\" content=\"2025-08-27T09:36:41+00:00\" \/>\n<meta property=\"og:image\" content=\"https:\/\/koningdrone.be\/wp-content\/uploads\/sites\/13\/2025\/04\/92286cf6a9b03b9032fd2c7601a002e0@large.jpg\" \/>\n\t<meta property=\"og:image:width\" content=\"1200\" \/>\n\t<meta property=\"og:image:height\" content=\"800\" \/>\n\t<meta property=\"og:image:type\" content=\"image\/jpeg\" \/>\n<meta name=\"twitter:card\" content=\"summary_large_image\" \/>\n<meta name=\"twitter:label1\" content=\"Tiempo de lectura\" \/>\n\t<meta name=\"twitter:data1\" content=\"1 minuto\" \/>\n<script type=\"application\/ld+json\" class=\"yoast-schema-graph\">{\"@context\":\"https:\/\/schema.org\",\"@graph\":[{\"@type\":\"WebPage\",\"@id\":\"https:\/\/koningdrone.be\/product\/livox-ac-power-adapter-eu\/\",\"url\":\"https:\/\/koningdrone.be\/product\/livox-ac-power-adapter-eu\/\",\"name\":\"Livox AC Power Adapter (EU) - koningdrone.be\",\"isPartOf\":{\"@id\":\"https:\/\/koningdrone.be\/#website\"},\"primaryImageOfPage\":{\"@id\":\"https:\/\/koningdrone.be\/product\/livox-ac-power-adapter-eu\/#primaryimage\"},\"image\":{\"@id\":\"https:\/\/koningdrone.be\/product\/livox-ac-power-adapter-eu\/#primaryimage\"},\"thumbnailUrl\":\"https:\/\/koningdrone.be\/wp-content\/uploads\/sites\/13\/2025\/04\/92286cf6a9b03b9032fd2c7601a002e0@large.jpg\",\"datePublished\":\"2024-03-14T11:00:44+00:00\",\"dateModified\":\"2025-08-27T09:36:41+00:00\",\"breadcrumb\":{\"@id\":\"https:\/\/koningdrone.be\/product\/livox-ac-power-adapter-eu\/#breadcrumb\"},\"inLanguage\":\"es\",\"potentialAction\":[{\"@type\":\"ReadAction\",\"target\":[\"https:\/\/koningdrone.be\/product\/livox-ac-power-adapter-eu\/\"]}]},{\"@type\":\"ImageObject\",\"inLanguage\":\"es\",\"@id\":\"https:\/\/koningdrone.be\/product\/livox-ac-power-adapter-eu\/#primaryimage\",\"url\":\"https:\/\/koningdrone.be\/wp-content\/uploads\/sites\/13\/2025\/04\/92286cf6a9b03b9032fd2c7601a002e0@large.jpg\",\"contentUrl\":\"https:\/\/koningdrone.be\/wp-content\/uploads\/sites\/13\/2025\/04\/92286cf6a9b03b9032fd2c7601a002e0@large.jpg\",\"width\":1200,\"height\":800},{\"@type\":\"BreadcrumbList\",\"@id\":\"https:\/\/koningdrone.be\/product\/livox-ac-power-adapter-eu\/#breadcrumb\",\"itemListElement\":[{\"@type\":\"ListItem\",\"position\":1,\"name\":\"Home\",\"item\":\"https:\/\/koningdrone.be\/\"},{\"@type\":\"ListItem\",\"position\":2,\"name\":\"AVSS Parachute Recovery System for DJI Matrice 300\/350\",\"item\":\"https:\/\/koningdrone.be\/product\/avss-parachute-recovery-system-for-dji-matrice-300-350\/\"},{\"@type\":\"ListItem\",\"position\":3,\"name\":\"Alle accessoires\",\"item\":\"https:\/\/koningdrone.be\/categorie\/alle-accessoires\/\"},{\"@type\":\"ListItem\",\"position\":4,\"name\":\"Livox AC Power Adapter (EU)\"}]},{\"@type\":\"WebSite\",\"@id\":\"https:\/\/koningdrone.be\/#website\",\"url\":\"https:\/\/koningdrone.be\/\",\"name\":\"Koningdrone.be - Uw online specialist in drones, gimbals, camera's en power stations.\",\"description\":\"De webshop in drones en gimbals\",\"publisher\":{\"@id\":\"https:\/\/koningdrone.be\/#organization\"},\"potentialAction\":[{\"@type\":\"SearchAction\",\"target\":{\"@type\":\"EntryPoint\",\"urlTemplate\":\"https:\/\/koningdrone.be\/?s={search_term_string}\"},\"query-input\":{\"@type\":\"PropertyValueSpecification\",\"valueRequired\":true,\"valueName\":\"search_term_string\"}}],\"inLanguage\":\"es\"},{\"@type\":\"Organization\",\"@id\":\"https:\/\/koningdrone.be\/#organization\",\"name\":\"Koningdrone.be\",\"url\":\"https:\/\/koningdrone.be\/\",\"logo\":{\"@type\":\"ImageObject\",\"inLanguage\":\"es\",\"@id\":\"https:\/\/koningdrone.be\/#\/schema\/logo\/image\/\",\"url\":\"https:\/\/koningdrone.be\/wp-content\/uploads\/sites\/13\/2025\/04\/koningdrone-copyright-logo.svg\",\"contentUrl\":\"https:\/\/koningdrone.be\/wp-content\/uploads\/sites\/13\/2025\/04\/koningdrone-copyright-logo.svg\",\"width\":227,\"height\":38,\"caption\":\"Koningdrone.be\"},\"image\":{\"@id\":\"https:\/\/koningdrone.be\/#\/schema\/logo\/image\/\"}}]}<\/script>\n<!-- \/ Yoast SEO Premium plugin. -->","yoast_head_json":{"title":"Livox AC Power Adapter (EU) - koningdrone.be","robots":{"index":"index","follow":"follow","max-snippet":"max-snippet:-1","max-image-preview":"max-image-preview:large","max-video-preview":"max-video-preview:-1"},"canonical":"https:\/\/koningdrone.be\/es\/producto\/livox-ac-power-adapter-eu\/","og_locale":"es_ES","og_type":"article","og_title":"Livox AC Power Adapter (EU)","og_description":"Converteert 100~240V AC naar 12V DC Aanbevolen voor Livox LiDAR-eenheden","og_url":"https:\/\/koningdrone.be\/es\/producto\/livox-ac-power-adapter-eu\/","og_site_name":"koningdrone.be","article_modified_time":"2025-08-27T09:36:41+00:00","og_image":[{"width":1200,"height":800,"url":"https:\/\/koningdrone.be\/wp-content\/uploads\/sites\/13\/2025\/04\/92286cf6a9b03b9032fd2c7601a002e0@large.jpg","type":"image\/jpeg"}],"twitter_card":"summary_large_image","twitter_misc":{"Tiempo de lectura":"1 minuto"},"schema":{"@context":"https:\/\/schema.org","@graph":[{"@type":"WebPage","@id":"https:\/\/koningdrone.be\/product\/livox-ac-power-adapter-eu\/","url":"https:\/\/koningdrone.be\/product\/livox-ac-power-adapter-eu\/","name":"Livox AC Power Adapter (EU) - koningdrone.be","isPartOf":{"@id":"https:\/\/koningdrone.be\/#website"},"primaryImageOfPage":{"@id":"https:\/\/koningdrone.be\/product\/livox-ac-power-adapter-eu\/#primaryimage"},"image":{"@id":"https:\/\/koningdrone.be\/product\/livox-ac-power-adapter-eu\/#primaryimage"},"thumbnailUrl":"https:\/\/koningdrone.be\/wp-content\/uploads\/sites\/13\/2025\/04\/92286cf6a9b03b9032fd2c7601a002e0@large.jpg","datePublished":"2024-03-14T11:00:44+00:00","dateModified":"2025-08-27T09:36:41+00:00","breadcrumb":{"@id":"https:\/\/koningdrone.be\/product\/livox-ac-power-adapter-eu\/#breadcrumb"},"inLanguage":"es","potentialAction":[{"@type":"ReadAction","target":["https:\/\/koningdrone.be\/product\/livox-ac-power-adapter-eu\/"]}]},{"@type":"ImageObject","inLanguage":"es","@id":"https:\/\/koningdrone.be\/product\/livox-ac-power-adapter-eu\/#primaryimage","url":"https:\/\/koningdrone.be\/wp-content\/uploads\/sites\/13\/2025\/04\/92286cf6a9b03b9032fd2c7601a002e0@large.jpg","contentUrl":"https:\/\/koningdrone.be\/wp-content\/uploads\/sites\/13\/2025\/04\/92286cf6a9b03b9032fd2c7601a002e0@large.jpg","width":1200,"height":800},{"@type":"BreadcrumbList","@id":"https:\/\/koningdrone.be\/product\/livox-ac-power-adapter-eu\/#breadcrumb","itemListElement":[{"@type":"ListItem","position":1,"name":"Home","item":"https:\/\/koningdrone.be\/"},{"@type":"ListItem","position":2,"name":"AVSS Parachute Recovery System for DJI Matrice 300\/350","item":"https:\/\/koningdrone.be\/product\/avss-parachute-recovery-system-for-dji-matrice-300-350\/"},{"@type":"ListItem","position":3,"name":"Alle accessoires","item":"https:\/\/koningdrone.be\/categorie\/alle-accessoires\/"},{"@type":"ListItem","position":4,"name":"Livox AC Power Adapter (EU)"}]},{"@type":"WebSite","@id":"https:\/\/koningdrone.be\/#website","url":"https:\/\/koningdrone.be\/","name":"Koningdrone.be - Su especialista en l\u00ednea en drones, cardanes, c\u00e1maras y centrales el\u00e9ctricas.","description":"La tienda virtual de drones y cardanes","publisher":{"@id":"https:\/\/koningdrone.be\/#organization"},"potentialAction":[{"@type":"SearchAction","target":{"@type":"EntryPoint","urlTemplate":"https:\/\/koningdrone.be\/?s={search_term_string}"},"query-input":{"@type":"PropertyValueSpecification","valueRequired":true,"valueName":"search_term_string"}}],"inLanguage":"es"},{"@type":"Organization","@id":"https:\/\/koningdrone.be\/#organization","name":"Kingdrone.es","url":"https:\/\/koningdrone.be\/","logo":{"@type":"ImageObject","inLanguage":"es","@id":"https:\/\/koningdrone.be\/#\/schema\/logo\/image\/","url":"https:\/\/koningdrone.be\/wp-content\/uploads\/sites\/13\/2025\/04\/koningdrone-copyright-logo.svg","contentUrl":"https:\/\/koningdrone.be\/wp-content\/uploads\/sites\/13\/2025\/04\/koningdrone-copyright-logo.svg","width":227,"height":38,"caption":"Koningdrone.be"},"image":{"@id":"https:\/\/koningdrone.be\/#\/schema\/logo\/image\/"}}]}},"df_price":"","df_sale_price":"","df_regular_price":"","df_image_link":"https:\/\/koningdrone.be\/wp-content\/uploads\/sites\/13\/2025\/04\/92286cf6a9b03b9032fd2c7601a002e0@large-300x200.jpg","_links":{"self":[{"href":"https:\/\/koningdrone.be\/es\/wp-json\/wp\/v2\/product\/3819","targetHints":{"allow":["GET"]}}],"collection":[{"href":"https:\/\/koningdrone.be\/es\/wp-json\/wp\/v2\/product"}],"about":[{"href":"https:\/\/koningdrone.be\/es\/wp-json\/wp\/v2\/types\/product"}],"wp:featuredmedia":[{"embeddable":true,"href":"https:\/\/koningdrone.be\/es\/wp-json\/wp\/v2\/media\/3816"}],"wp:attachment":[{"href":"https:\/\/koningdrone.be\/es\/wp-json\/wp\/v2\/media?parent=3819"}],"wp:term":[{"taxonomy":"product_brand","embeddable":true,"href":"https:\/\/koningdrone.be\/es\/wp-json\/wp\/v2\/product_brand?post=3819"},{"taxonomy":"product_cat","embeddable":true,"href":"https:\/\/koningdrone.be\/es\/wp-json\/wp\/v2\/product_cat?post=3819"},{"taxonomy":"product_tag","embeddable":true,"href":"https:\/\/koningdrone.be\/es\/wp-json\/wp\/v2\/product_tag?post=3819"}],"curies":[{"name":"wp","href":"https:\/\/api.w.org\/{rel}","templated":true}]}}