{"id":3815,"date":"2024-03-14T12:00:44","date_gmt":"2024-03-14T12:00:44","guid":{"rendered":"https:\/\/koningdrone.nl\/kon\/product\/livox-three-wire-aviation-connector\/"},"modified":"2025-04-29T11:57:22","modified_gmt":"2025-04-29T11:57:22","slug":"livox-three-wire-aviation-connector","status":"publish","type":"product","link":"https:\/\/koningdrone.be\/es\/producto\/livox-three-wire-aviation-connector\/","title":{"rendered":"Conector de aviaci\u00f3n de tres hilos Livox"},"content":{"rendered":"<p> El conector de aviaci\u00f3n de tres hilos Livox se cre\u00f3 para servir como accesorio crucial al permitir una conexi\u00f3n f\u00e1cil y eficiente entre los dispositivos Livox. La integraci\u00f3n de un conector de aviaci\u00f3n M12 hembra permite la conectividad directa con cualquier producto Livox que albergue un hom\u00f3logo M12 macho.<\/p>\n<p><strong>Dise\u00f1o y funcionalidad<\/strong><\/p>\n<p> Este conector est\u00e1 especialmente dise\u00f1ado para dividirse en tres cables separados en un extremo. Estos cables est\u00e1n clasificados por funciones espec\u00edficas: uno para la alimentaci\u00f3n, otro para las conexiones Ethernet y el tercero para funcionalidades adicionales. Esta configuraci\u00f3n simplifica enormemente el proceso de depuraci\u00f3n de los productos Livox, lo que demuestra su valor indispensable para los usuarios de todo el mundo.<\/p>\n<p><\/p>","protected":false},"excerpt":{"rendered":"<ul>\n<li>Conector de aviaci\u00f3n M12 hembra<\/li>\n<li> Incluye conectores de alimentaci\u00f3n, Ethernet y cable funcional<\/li>\n<li> Compatible con los productos Livox con conector M12 macho<\/li>\n<li> Facilita la depuraci\u00f3n r\u00e1pida de los productos Livox en todo el mundo<\/li>\n<\/ul>","protected":false},"featured_media":3813,"template":"","meta":{"_acf_changed":false},"product_brand":[],"product_cat":[244,97,751],"product_tag":[],"class_list":{"0":"post-3815","1":"product","2":"type-product","3":"status-publish","4":"has-post-thumbnail","6":"product_cat-alle-kabels","7":"product_cat-alle-producten","8":"product_cat-livox","9":"pa_brand-dji","10":"pa_productfamily-connector","11":"pa_producttype-connector","13":"first","14":"instock","15":"taxable","16":"shipping-taxable","17":"product-type-simple"},"acf":[],"yoast_head":"<!-- This site is optimized with the Yoast SEO Premium plugin v27.2 (Yoast SEO v27.2) - https:\/\/yoast.com\/product\/yoast-seo-premium-wordpress\/ -->\n<title>Livox three-wire aviation connector - koningdrone.be<\/title>\n<meta name=\"robots\" content=\"index, follow, max-snippet:-1, max-image-preview:large, max-video-preview:-1\" \/>\n<link rel=\"canonical\" href=\"https:\/\/koningdrone.be\/es\/producto\/livox-three-wire-aviation-connector\/\" \/>\n<meta property=\"og:locale\" content=\"es_ES\" \/>\n<meta property=\"og:type\" content=\"article\" \/>\n<meta property=\"og:title\" content=\"Livox three-wire aviation connector\" \/>\n<meta property=\"og:description\" content=\"M12 vrouwelijke luchtvaartconnector Inclusief stroom-, Ethernet- en functionele kabelconnectoren Compatibel met Livox-producten met een M12-mannelijke connector Vergemakkelijkt het snel debuggen van Livox-producten wereldwijd\" \/>\n<meta property=\"og:url\" content=\"https:\/\/koningdrone.be\/es\/producto\/livox-three-wire-aviation-connector\/\" \/>\n<meta property=\"og:site_name\" content=\"koningdrone.be\" \/>\n<meta property=\"article:modified_time\" content=\"2025-04-29T11:57:22+00:00\" \/>\n<meta property=\"og:image\" content=\"https:\/\/koningdrone.be\/wp-content\/uploads\/sites\/13\/2025\/04\/f4683fb6f490e9444921e2dfe6b13575@large.png\" \/>\n\t<meta property=\"og:image:width\" content=\"1200\" \/>\n\t<meta property=\"og:image:height\" content=\"800\" \/>\n\t<meta property=\"og:image:type\" content=\"image\/png\" \/>\n<meta name=\"twitter:card\" content=\"summary_large_image\" \/>\n<meta name=\"twitter:label1\" content=\"Tiempo de lectura\" \/>\n\t<meta name=\"twitter:data1\" content=\"1 minuto\" \/>\n<script type=\"application\/ld+json\" class=\"yoast-schema-graph\">{\"@context\":\"https:\/\/schema.org\",\"@graph\":[{\"@type\":\"WebPage\",\"@id\":\"https:\/\/koningdrone.be\/product\/livox-three-wire-aviation-connector\/\",\"url\":\"https:\/\/koningdrone.be\/product\/livox-three-wire-aviation-connector\/\",\"name\":\"Livox three-wire aviation connector - koningdrone.be\",\"isPartOf\":{\"@id\":\"https:\/\/koningdrone.be\/#website\"},\"primaryImageOfPage\":{\"@id\":\"https:\/\/koningdrone.be\/product\/livox-three-wire-aviation-connector\/#primaryimage\"},\"image\":{\"@id\":\"https:\/\/koningdrone.be\/product\/livox-three-wire-aviation-connector\/#primaryimage\"},\"thumbnailUrl\":\"https:\/\/koningdrone.be\/wp-content\/uploads\/sites\/13\/2025\/04\/f4683fb6f490e9444921e2dfe6b13575@large.png\",\"datePublished\":\"2024-03-14T12:00:44+00:00\",\"dateModified\":\"2025-04-29T11:57:22+00:00\",\"breadcrumb\":{\"@id\":\"https:\/\/koningdrone.be\/product\/livox-three-wire-aviation-connector\/#breadcrumb\"},\"inLanguage\":\"es\",\"potentialAction\":[{\"@type\":\"ReadAction\",\"target\":[\"https:\/\/koningdrone.be\/product\/livox-three-wire-aviation-connector\/\"]}]},{\"@type\":\"ImageObject\",\"inLanguage\":\"es\",\"@id\":\"https:\/\/koningdrone.be\/product\/livox-three-wire-aviation-connector\/#primaryimage\",\"url\":\"https:\/\/koningdrone.be\/wp-content\/uploads\/sites\/13\/2025\/04\/f4683fb6f490e9444921e2dfe6b13575@large.png\",\"contentUrl\":\"https:\/\/koningdrone.be\/wp-content\/uploads\/sites\/13\/2025\/04\/f4683fb6f490e9444921e2dfe6b13575@large.png\",\"width\":1200,\"height\":800},{\"@type\":\"BreadcrumbList\",\"@id\":\"https:\/\/koningdrone.be\/product\/livox-three-wire-aviation-connector\/#breadcrumb\",\"itemListElement\":[{\"@type\":\"ListItem\",\"position\":1,\"name\":\"Home\",\"item\":\"https:\/\/koningdrone.be\/\"},{\"@type\":\"ListItem\",\"position\":2,\"name\":\"AVSS Parachute Recovery System for DJI Matrice 300\/350\",\"item\":\"https:\/\/koningdrone.be\/product\/avss-parachute-recovery-system-for-dji-matrice-300-350\/\"},{\"@type\":\"ListItem\",\"position\":3,\"name\":\"Alle kabels\",\"item\":\"https:\/\/koningdrone.be\/categorie\/alle-kabels\/\"},{\"@type\":\"ListItem\",\"position\":4,\"name\":\"Livox three-wire aviation connector\"}]},{\"@type\":\"WebSite\",\"@id\":\"https:\/\/koningdrone.be\/#website\",\"url\":\"https:\/\/koningdrone.be\/\",\"name\":\"Koningdrone.be - Uw online specialist in drones, gimbals, camera's en power stations.\",\"description\":\"De webshop in drones en gimbals\",\"publisher\":{\"@id\":\"https:\/\/koningdrone.be\/#organization\"},\"potentialAction\":[{\"@type\":\"SearchAction\",\"target\":{\"@type\":\"EntryPoint\",\"urlTemplate\":\"https:\/\/koningdrone.be\/?s={search_term_string}\"},\"query-input\":{\"@type\":\"PropertyValueSpecification\",\"valueRequired\":true,\"valueName\":\"search_term_string\"}}],\"inLanguage\":\"es\"},{\"@type\":\"Organization\",\"@id\":\"https:\/\/koningdrone.be\/#organization\",\"name\":\"Koningdrone.be\",\"url\":\"https:\/\/koningdrone.be\/\",\"logo\":{\"@type\":\"ImageObject\",\"inLanguage\":\"es\",\"@id\":\"https:\/\/koningdrone.be\/#\/schema\/logo\/image\/\",\"url\":\"https:\/\/koningdrone.be\/wp-content\/uploads\/sites\/13\/2025\/04\/koningdrone-copyright-logo.svg\",\"contentUrl\":\"https:\/\/koningdrone.be\/wp-content\/uploads\/sites\/13\/2025\/04\/koningdrone-copyright-logo.svg\",\"width\":227,\"height\":38,\"caption\":\"Koningdrone.be\"},\"image\":{\"@id\":\"https:\/\/koningdrone.be\/#\/schema\/logo\/image\/\"}}]}<\/script>\n<!-- \/ Yoast SEO Premium plugin. -->","yoast_head_json":{"title":"Livox three-wire aviation connector - koningdrone.be","robots":{"index":"index","follow":"follow","max-snippet":"max-snippet:-1","max-image-preview":"max-image-preview:large","max-video-preview":"max-video-preview:-1"},"canonical":"https:\/\/koningdrone.be\/es\/producto\/livox-three-wire-aviation-connector\/","og_locale":"es_ES","og_type":"article","og_title":"Livox three-wire aviation connector","og_description":"M12 vrouwelijke luchtvaartconnector Inclusief stroom-, Ethernet- en functionele kabelconnectoren Compatibel met Livox-producten met een M12-mannelijke connector Vergemakkelijkt het snel debuggen van Livox-producten wereldwijd","og_url":"https:\/\/koningdrone.be\/es\/producto\/livox-three-wire-aviation-connector\/","og_site_name":"koningdrone.be","article_modified_time":"2025-04-29T11:57:22+00:00","og_image":[{"width":1200,"height":800,"url":"https:\/\/koningdrone.be\/wp-content\/uploads\/sites\/13\/2025\/04\/f4683fb6f490e9444921e2dfe6b13575@large.png","type":"image\/png"}],"twitter_card":"summary_large_image","twitter_misc":{"Tiempo de lectura":"1 minuto"},"schema":{"@context":"https:\/\/schema.org","@graph":[{"@type":"WebPage","@id":"https:\/\/koningdrone.be\/product\/livox-three-wire-aviation-connector\/","url":"https:\/\/koningdrone.be\/product\/livox-three-wire-aviation-connector\/","name":"Livox three-wire aviation connector - koningdrone.be","isPartOf":{"@id":"https:\/\/koningdrone.be\/#website"},"primaryImageOfPage":{"@id":"https:\/\/koningdrone.be\/product\/livox-three-wire-aviation-connector\/#primaryimage"},"image":{"@id":"https:\/\/koningdrone.be\/product\/livox-three-wire-aviation-connector\/#primaryimage"},"thumbnailUrl":"https:\/\/koningdrone.be\/wp-content\/uploads\/sites\/13\/2025\/04\/f4683fb6f490e9444921e2dfe6b13575@large.png","datePublished":"2024-03-14T12:00:44+00:00","dateModified":"2025-04-29T11:57:22+00:00","breadcrumb":{"@id":"https:\/\/koningdrone.be\/product\/livox-three-wire-aviation-connector\/#breadcrumb"},"inLanguage":"es","potentialAction":[{"@type":"ReadAction","target":["https:\/\/koningdrone.be\/product\/livox-three-wire-aviation-connector\/"]}]},{"@type":"ImageObject","inLanguage":"es","@id":"https:\/\/koningdrone.be\/product\/livox-three-wire-aviation-connector\/#primaryimage","url":"https:\/\/koningdrone.be\/wp-content\/uploads\/sites\/13\/2025\/04\/f4683fb6f490e9444921e2dfe6b13575@large.png","contentUrl":"https:\/\/koningdrone.be\/wp-content\/uploads\/sites\/13\/2025\/04\/f4683fb6f490e9444921e2dfe6b13575@large.png","width":1200,"height":800},{"@type":"BreadcrumbList","@id":"https:\/\/koningdrone.be\/product\/livox-three-wire-aviation-connector\/#breadcrumb","itemListElement":[{"@type":"ListItem","position":1,"name":"Home","item":"https:\/\/koningdrone.be\/"},{"@type":"ListItem","position":2,"name":"AVSS Parachute Recovery System for DJI Matrice 300\/350","item":"https:\/\/koningdrone.be\/product\/avss-parachute-recovery-system-for-dji-matrice-300-350\/"},{"@type":"ListItem","position":3,"name":"Alle kabels","item":"https:\/\/koningdrone.be\/categorie\/alle-kabels\/"},{"@type":"ListItem","position":4,"name":"Livox three-wire aviation connector"}]},{"@type":"WebSite","@id":"https:\/\/koningdrone.be\/#website","url":"https:\/\/koningdrone.be\/","name":"Koningdrone.be - Su especialista en l\u00ednea en drones, cardanes, c\u00e1maras y centrales el\u00e9ctricas.","description":"La tienda virtual de drones y cardanes","publisher":{"@id":"https:\/\/koningdrone.be\/#organization"},"potentialAction":[{"@type":"SearchAction","target":{"@type":"EntryPoint","urlTemplate":"https:\/\/koningdrone.be\/?s={search_term_string}"},"query-input":{"@type":"PropertyValueSpecification","valueRequired":true,"valueName":"search_term_string"}}],"inLanguage":"es"},{"@type":"Organization","@id":"https:\/\/koningdrone.be\/#organization","name":"Kingdrone.es","url":"https:\/\/koningdrone.be\/","logo":{"@type":"ImageObject","inLanguage":"es","@id":"https:\/\/koningdrone.be\/#\/schema\/logo\/image\/","url":"https:\/\/koningdrone.be\/wp-content\/uploads\/sites\/13\/2025\/04\/koningdrone-copyright-logo.svg","contentUrl":"https:\/\/koningdrone.be\/wp-content\/uploads\/sites\/13\/2025\/04\/koningdrone-copyright-logo.svg","width":227,"height":38,"caption":"Koningdrone.be"},"image":{"@id":"https:\/\/koningdrone.be\/#\/schema\/logo\/image\/"}}]}},"df_price":"","df_sale_price":"","df_regular_price":"","df_image_link":"https:\/\/koningdrone.be\/wp-content\/uploads\/sites\/13\/2025\/04\/f4683fb6f490e9444921e2dfe6b13575@large-300x200.png","_links":{"self":[{"href":"https:\/\/koningdrone.be\/es\/wp-json\/wp\/v2\/product\/3815","targetHints":{"allow":["GET"]}}],"collection":[{"href":"https:\/\/koningdrone.be\/es\/wp-json\/wp\/v2\/product"}],"about":[{"href":"https:\/\/koningdrone.be\/es\/wp-json\/wp\/v2\/types\/product"}],"wp:featuredmedia":[{"embeddable":true,"href":"https:\/\/koningdrone.be\/es\/wp-json\/wp\/v2\/media\/3813"}],"wp:attachment":[{"href":"https:\/\/koningdrone.be\/es\/wp-json\/wp\/v2\/media?parent=3815"}],"wp:term":[{"taxonomy":"product_brand","embeddable":true,"href":"https:\/\/koningdrone.be\/es\/wp-json\/wp\/v2\/product_brand?post=3815"},{"taxonomy":"product_cat","embeddable":true,"href":"https:\/\/koningdrone.be\/es\/wp-json\/wp\/v2\/product_cat?post=3815"},{"taxonomy":"product_tag","embeddable":true,"href":"https:\/\/koningdrone.be\/es\/wp-json\/wp\/v2\/product_tag?post=3815"}],"curies":[{"name":"wp","href":"https:\/\/api.w.org\/{rel}","templated":true}]}}