{"id":3802,"date":"2024-03-18T10:43:33","date_gmt":"2024-03-18T09:43:33","guid":{"rendered":"https:\/\/koningdrone.nl\/kon\/product\/dji-mic-2-1-tx-1-rx\/"},"modified":"2026-04-29T04:10:35","modified_gmt":"2026-04-29T02:10:35","slug":"dji-mic-2-1-tx-1-rx","status":"publish","type":"product","link":"https:\/\/koningdrone.be\/es\/producto\/dji-mic-2-1-tx-1-rx\/","title":{"rendered":"DJI Mic 2 (1 TX + 1 RX) (CE) - Reacondicionado"},"content":{"rendered":"<h4>Grabaci\u00f3n de audio de alta calidad<\/h4>\n<p>El DJI Mic 2 est\u00e1 dise\u00f1ado para proporcionar una calidad de sonido superior, ideal para capturar voces claras en vlogs, entrevistas y mucho m\u00e1s. Gracias a sus capacidades de grabaci\u00f3n de audio omnidireccional, garantiza la captaci\u00f3n de sonido desde cualquier direcci\u00f3n, proporcionando una cobertura de audio completa para cualquier proyecto.<\/p>\n<h4>Reducci\u00f3n inteligente del ruido<\/h4>\n<p>Equipado con tecnolog\u00eda inteligente de reducci\u00f3n de ruido, DJI Mic 2 se especializa en minimizar el ruido de fondo. Esta funci\u00f3n garantiza que tus grabaciones sean n\u00edtidas incluso en lugares con mucho ruido ambiente, mejorando la calidad general del audio.<\/p>\n<h4>Mayor duraci\u00f3n de la bater\u00eda<\/h4>\n<p>Dise\u00f1ado para un uso prolongado, el DJI Mic 2 tiene una autonom\u00eda de 6 horas tanto para el transmisor como para el receptor. La adici\u00f3n de un cartucho de carga ampl\u00eda esta duraci\u00f3n a unas impresionantes 18 horas, lo que la hace perfecta para largas sesiones de grabaci\u00f3n o rodajes prolongados durante todo el d\u00eda sin miedo a quedarse sin bater\u00eda.<\/p>\n<h4>Transmisi\u00f3n de audio a larga distancia<\/h4>\n<p>Con un importante alcance de transmisi\u00f3n de audio de 250 metros (unos 820 pies), DJI Mic 2 garantiza un rendimiento excepcional a largas distancias. Esta caracter\u00edstica lo hace excepcionalmente vers\u00e1til para diferentes condiciones de disparo, manteniendo la claridad del audio incluso cuando el sujeto est\u00e1 a cierta distancia de la c\u00e1mara.<\/p>\n<h4>Emparejamiento autom\u00e1tico<\/h4>\n<p>Con la comodidad del emparejamiento autom\u00e1tico a trav\u00e9s del cartucho de carga, DJI Mic 2 fomenta la eficiencia, permitiendo una configuraci\u00f3n r\u00e1pida y una preparaci\u00f3n instant\u00e1nea para la grabaci\u00f3n cuando se sacan los dispositivos de la funda. Esto simplifica el proceso de grabaci\u00f3n y ahorra tiempo y esfuerzo.<\/p>\n<h4>Capacidad de almacenamiento interno<\/h4>\n<p>Cada transmisor est\u00e1 equipado con 8 GB de memoria interna, lo que permite hasta 14 horas de grabaci\u00f3n de audio de alta calidad sin comprimir (48 kHz 24 bits). Esta caracter\u00edstica es muy valiosa en situaciones en las que la grabaci\u00f3n de audio ininterrumpida es crucial y protege frente a posibles problemas con la transmisi\u00f3n inal\u00e1mbrica.<\/p>\n<h4>Compatibilidad universal<\/h4>\n<p>Demostrando una amplia compatibilidad, el DJI Mic 2 admite salidas USB-C y Lightning para dispositivos digitales, junto con una salida anal\u00f3gica TRS de 3,5 mm para c\u00e1maras tradicionales. Esto garantiza que el micr\u00f3fono pueda conectarse a una amplia gama de dispositivos, desde smartphones y ordenadores hasta c\u00e1maras profesionales, proporcionando soluciones de grabaci\u00f3n de audio vers\u00e1tiles.<\/p>\n<h4>Acerca de los productos reacondicionados<\/h4>\n<p><em><strong>Este producto ha sido utilizado, pero est\u00e1 en muy buen estado o como nuevo. Se devolvi\u00f3 en un plazo de 14 d\u00edas y s\u00f3lo se utiliz\u00f3 brevemente. El estado general es casi como nuevo.<\/strong><\/em><\/p>","protected":false},"excerpt":{"rendered":"<ul>\n<li>Grabaci\u00f3n de audio omnidireccional optimizada para voces.<\/li>\n<li>Cancelaci\u00f3n inteligente del ruido para conversaciones claras.<\/li>\n<li>Tiempo de funcionamiento de 6 horas, ampliable a 18 horas con estuche de carga.<\/li>\n<li>Alcance m\u00e1ximo de transmisi\u00f3n de audio de 250 m.<\/li>\n<li>Acoplamiento autom\u00e1tico mediante el cartucho de carga para uso inmediato.<\/li>\n<li>8 GB de almacenamiento interno para hasta 14 horas de audio.<\/li>\n<li>Admite salidas USB-C, Lightning y TRS de 3,5 mm.<\/li>\n<li>Compatible con c\u00e1maras, smartphones y ordenadores.<\/li>\n<\/ul>","protected":false},"featured_media":3799,"template":"","meta":{"_acf_changed":false},"product_brand":[],"product_cat":[97,191,600,139],"product_tag":[],"class_list":{"0":"post-3802","1":"product","2":"type-product","3":"status-publish","4":"has-post-thumbnail","6":"product_cat-alle-producten","7":"product_cat-dji-mic","8":"product_cat-dji-mic-2","9":"product_cat-refurbished","10":"product_shipping_class-acsystemsall","11":"pa_brand-dji","12":"pa_productfamily-microfoon","13":"pa_producttype-microfoon","14":"pa_series-mic-2","16":"first","17":"instock","18":"taxable","19":"shipping-taxable","20":"purchasable","21":"product-type-simple"},"acf":[],"yoast_head":"<!-- This site is optimized with the Yoast SEO Premium plugin v27.2 (Yoast SEO v27.2) - https:\/\/yoast.com\/product\/yoast-seo-premium-wordpress\/ -->\n<title>DJI Mic 2 (1 TX + 1 RX) (CE) - Refurbished - koningdrone.be<\/title>\n<meta name=\"robots\" content=\"index, follow, max-snippet:-1, max-image-preview:large, max-video-preview:-1\" \/>\n<link rel=\"canonical\" href=\"https:\/\/koningdrone.be\/es\/producto\/dji-mic-2-1-tx-1-rx\/\" \/>\n<meta property=\"og:locale\" content=\"es_ES\" \/>\n<meta property=\"og:type\" content=\"article\" \/>\n<meta property=\"og:title\" content=\"DJI Mic 2 (1 TX + 1 RX) (CE) - Refurbished\" \/>\n<meta property=\"og:description\" content=\"Omnidirectionele audio-opname geoptimaliseerd voor zang.  Intelligente ruisonderdrukking voor heldere gesprekken.  Gebruiksduur van 6 uur, verlengbaar tot 18 uur met oplaadetui.  Maximaal audiotransmissiebereik van 250 m (820 ft.).  Automatische koppeling via de oplaadcassette voor onmiddellijk gebruik.  8 GB interne opslag voor maximaal 14 uur audio.  Ondersteunt USB-C-, Lightning- en 3,5 mm TRS-uitgangen.  Compatibel met camera&#039;s, smartphones en computers.\" \/>\n<meta property=\"og:url\" content=\"https:\/\/koningdrone.be\/es\/producto\/dji-mic-2-1-tx-1-rx\/\" \/>\n<meta property=\"og:site_name\" content=\"koningdrone.be\" \/>\n<meta property=\"article:modified_time\" content=\"2026-04-29T02:10:35+00:00\" \/>\n<meta property=\"og:image\" content=\"https:\/\/koningdrone.be\/wp-content\/uploads\/sites\/13\/2025\/04\/507540ea4f3e91c7dbbf51a5a75a9d61@ultra.jpg\" \/>\n\t<meta property=\"og:image:width\" content=\"1280\" \/>\n\t<meta property=\"og:image:height\" content=\"1280\" \/>\n\t<meta property=\"og:image:type\" content=\"image\/jpeg\" \/>\n<meta name=\"twitter:card\" content=\"summary_large_image\" \/>\n<meta name=\"twitter:label1\" content=\"Tiempo de lectura\" \/>\n\t<meta name=\"twitter:data1\" content=\"2 minutos\" \/>\n<script type=\"application\/ld+json\" class=\"yoast-schema-graph\">{\"@context\":\"https:\/\/schema.org\",\"@graph\":[{\"@type\":\"WebPage\",\"@id\":\"https:\/\/koningdrone.be\/product\/dji-mic-2-1-tx-1-rx\/\",\"url\":\"https:\/\/koningdrone.be\/product\/dji-mic-2-1-tx-1-rx\/\",\"name\":\"DJI Mic 2 (1 TX + 1 RX) (CE) - Refurbished - koningdrone.be\",\"isPartOf\":{\"@id\":\"https:\/\/koningdrone.be\/#website\"},\"primaryImageOfPage\":{\"@id\":\"https:\/\/koningdrone.be\/product\/dji-mic-2-1-tx-1-rx\/#primaryimage\"},\"image\":{\"@id\":\"https:\/\/koningdrone.be\/product\/dji-mic-2-1-tx-1-rx\/#primaryimage\"},\"thumbnailUrl\":\"https:\/\/koningdrone.be\/wp-content\/uploads\/sites\/13\/2025\/04\/507540ea4f3e91c7dbbf51a5a75a9d61@ultra.jpg\",\"datePublished\":\"2024-03-18T09:43:33+00:00\",\"dateModified\":\"2026-04-29T02:10:35+00:00\",\"breadcrumb\":{\"@id\":\"https:\/\/koningdrone.be\/product\/dji-mic-2-1-tx-1-rx\/#breadcrumb\"},\"inLanguage\":\"es\",\"potentialAction\":[{\"@type\":\"ReadAction\",\"target\":[\"https:\/\/koningdrone.be\/product\/dji-mic-2-1-tx-1-rx\/\"]}]},{\"@type\":\"ImageObject\",\"inLanguage\":\"es\",\"@id\":\"https:\/\/koningdrone.be\/product\/dji-mic-2-1-tx-1-rx\/#primaryimage\",\"url\":\"https:\/\/koningdrone.be\/wp-content\/uploads\/sites\/13\/2025\/04\/507540ea4f3e91c7dbbf51a5a75a9d61@ultra.jpg\",\"contentUrl\":\"https:\/\/koningdrone.be\/wp-content\/uploads\/sites\/13\/2025\/04\/507540ea4f3e91c7dbbf51a5a75a9d61@ultra.jpg\",\"width\":1280,\"height\":1280},{\"@type\":\"BreadcrumbList\",\"@id\":\"https:\/\/koningdrone.be\/product\/dji-mic-2-1-tx-1-rx\/#breadcrumb\",\"itemListElement\":[{\"@type\":\"ListItem\",\"position\":1,\"name\":\"Home\",\"item\":\"https:\/\/koningdrone.be\/\"},{\"@type\":\"ListItem\",\"position\":2,\"name\":\"AVSS Parachute Recovery System for DJI Matrice 300\/350\",\"item\":\"https:\/\/koningdrone.be\/product\/avss-parachute-recovery-system-for-dji-matrice-300-350\/\"},{\"@type\":\"ListItem\",\"position\":3,\"name\":\"Alle producten\",\"item\":\"https:\/\/koningdrone.be\/categorie\/alle-producten\/\"},{\"@type\":\"ListItem\",\"position\":4,\"name\":\"DJI Mic 2 (1 TX + 1 RX) (CE) &#8211; Refurbished\"}]},{\"@type\":\"WebSite\",\"@id\":\"https:\/\/koningdrone.be\/#website\",\"url\":\"https:\/\/koningdrone.be\/\",\"name\":\"Koningdrone.be - Uw online specialist in drones, gimbals, camera's en power stations.\",\"description\":\"De webshop in drones en gimbals\",\"publisher\":{\"@id\":\"https:\/\/koningdrone.be\/#organization\"},\"potentialAction\":[{\"@type\":\"SearchAction\",\"target\":{\"@type\":\"EntryPoint\",\"urlTemplate\":\"https:\/\/koningdrone.be\/?s={search_term_string}\"},\"query-input\":{\"@type\":\"PropertyValueSpecification\",\"valueRequired\":true,\"valueName\":\"search_term_string\"}}],\"inLanguage\":\"es\"},{\"@type\":\"Organization\",\"@id\":\"https:\/\/koningdrone.be\/#organization\",\"name\":\"Koningdrone.be\",\"url\":\"https:\/\/koningdrone.be\/\",\"logo\":{\"@type\":\"ImageObject\",\"inLanguage\":\"es\",\"@id\":\"https:\/\/koningdrone.be\/#\/schema\/logo\/image\/\",\"url\":\"https:\/\/koningdrone.be\/wp-content\/uploads\/sites\/13\/2025\/04\/koningdrone-copyright-logo.svg\",\"contentUrl\":\"https:\/\/koningdrone.be\/wp-content\/uploads\/sites\/13\/2025\/04\/koningdrone-copyright-logo.svg\",\"width\":227,\"height\":38,\"caption\":\"Koningdrone.be\"},\"image\":{\"@id\":\"https:\/\/koningdrone.be\/#\/schema\/logo\/image\/\"}}]}<\/script>\n<!-- \/ Yoast SEO Premium plugin. -->","yoast_head_json":{"title":"DJI Mic 2 (1 TX + 1 RX) (CE) - Refurbished - koningdrone.be","robots":{"index":"index","follow":"follow","max-snippet":"max-snippet:-1","max-image-preview":"max-image-preview:large","max-video-preview":"max-video-preview:-1"},"canonical":"https:\/\/koningdrone.be\/es\/producto\/dji-mic-2-1-tx-1-rx\/","og_locale":"es_ES","og_type":"article","og_title":"DJI Mic 2 (1 TX + 1 RX) (CE) - Refurbished","og_description":"Omnidirectionele audio-opname geoptimaliseerd voor zang.  Intelligente ruisonderdrukking voor heldere gesprekken.  Gebruiksduur van 6 uur, verlengbaar tot 18 uur met oplaadetui.  Maximaal audiotransmissiebereik van 250 m (820 ft.).  Automatische koppeling via de oplaadcassette voor onmiddellijk gebruik.  8 GB interne opslag voor maximaal 14 uur audio.  Ondersteunt USB-C-, Lightning- en 3,5 mm TRS-uitgangen.  Compatibel met camera's, smartphones en computers.","og_url":"https:\/\/koningdrone.be\/es\/producto\/dji-mic-2-1-tx-1-rx\/","og_site_name":"koningdrone.be","article_modified_time":"2026-04-29T02:10:35+00:00","og_image":[{"width":1280,"height":1280,"url":"https:\/\/koningdrone.be\/wp-content\/uploads\/sites\/13\/2025\/04\/507540ea4f3e91c7dbbf51a5a75a9d61@ultra.jpg","type":"image\/jpeg"}],"twitter_card":"summary_large_image","twitter_misc":{"Tiempo de lectura":"2 minutos"},"schema":{"@context":"https:\/\/schema.org","@graph":[{"@type":"WebPage","@id":"https:\/\/koningdrone.be\/product\/dji-mic-2-1-tx-1-rx\/","url":"https:\/\/koningdrone.be\/product\/dji-mic-2-1-tx-1-rx\/","name":"DJI Mic 2 (1 TX + 1 RX) (CE) - Refurbished - koningdrone.be","isPartOf":{"@id":"https:\/\/koningdrone.be\/#website"},"primaryImageOfPage":{"@id":"https:\/\/koningdrone.be\/product\/dji-mic-2-1-tx-1-rx\/#primaryimage"},"image":{"@id":"https:\/\/koningdrone.be\/product\/dji-mic-2-1-tx-1-rx\/#primaryimage"},"thumbnailUrl":"https:\/\/koningdrone.be\/wp-content\/uploads\/sites\/13\/2025\/04\/507540ea4f3e91c7dbbf51a5a75a9d61@ultra.jpg","datePublished":"2024-03-18T09:43:33+00:00","dateModified":"2026-04-29T02:10:35+00:00","breadcrumb":{"@id":"https:\/\/koningdrone.be\/product\/dji-mic-2-1-tx-1-rx\/#breadcrumb"},"inLanguage":"es","potentialAction":[{"@type":"ReadAction","target":["https:\/\/koningdrone.be\/product\/dji-mic-2-1-tx-1-rx\/"]}]},{"@type":"ImageObject","inLanguage":"es","@id":"https:\/\/koningdrone.be\/product\/dji-mic-2-1-tx-1-rx\/#primaryimage","url":"https:\/\/koningdrone.be\/wp-content\/uploads\/sites\/13\/2025\/04\/507540ea4f3e91c7dbbf51a5a75a9d61@ultra.jpg","contentUrl":"https:\/\/koningdrone.be\/wp-content\/uploads\/sites\/13\/2025\/04\/507540ea4f3e91c7dbbf51a5a75a9d61@ultra.jpg","width":1280,"height":1280},{"@type":"BreadcrumbList","@id":"https:\/\/koningdrone.be\/product\/dji-mic-2-1-tx-1-rx\/#breadcrumb","itemListElement":[{"@type":"ListItem","position":1,"name":"Home","item":"https:\/\/koningdrone.be\/"},{"@type":"ListItem","position":2,"name":"AVSS Parachute Recovery System for DJI Matrice 300\/350","item":"https:\/\/koningdrone.be\/product\/avss-parachute-recovery-system-for-dji-matrice-300-350\/"},{"@type":"ListItem","position":3,"name":"Alle producten","item":"https:\/\/koningdrone.be\/categorie\/alle-producten\/"},{"@type":"ListItem","position":4,"name":"DJI Mic 2 (1 TX + 1 RX) (CE) &#8211; Refurbished"}]},{"@type":"WebSite","@id":"https:\/\/koningdrone.be\/#website","url":"https:\/\/koningdrone.be\/","name":"Koningdrone.be - Su especialista en l\u00ednea en drones, cardanes, c\u00e1maras y centrales el\u00e9ctricas.","description":"La tienda virtual de drones y cardanes","publisher":{"@id":"https:\/\/koningdrone.be\/#organization"},"potentialAction":[{"@type":"SearchAction","target":{"@type":"EntryPoint","urlTemplate":"https:\/\/koningdrone.be\/?s={search_term_string}"},"query-input":{"@type":"PropertyValueSpecification","valueRequired":true,"valueName":"search_term_string"}}],"inLanguage":"es"},{"@type":"Organization","@id":"https:\/\/koningdrone.be\/#organization","name":"Kingdrone.es","url":"https:\/\/koningdrone.be\/","logo":{"@type":"ImageObject","inLanguage":"es","@id":"https:\/\/koningdrone.be\/#\/schema\/logo\/image\/","url":"https:\/\/koningdrone.be\/wp-content\/uploads\/sites\/13\/2025\/04\/koningdrone-copyright-logo.svg","contentUrl":"https:\/\/koningdrone.be\/wp-content\/uploads\/sites\/13\/2025\/04\/koningdrone-copyright-logo.svg","width":227,"height":38,"caption":"Koningdrone.be"},"image":{"@id":"https:\/\/koningdrone.be\/#\/schema\/logo\/image\/"}}]}},"df_price":162,"df_sale_price":"","df_regular_price":162,"df_image_link":"https:\/\/koningdrone.be\/wp-content\/uploads\/sites\/13\/2025\/04\/507540ea4f3e91c7dbbf51a5a75a9d61@ultra-300x300.jpg","_links":{"self":[{"href":"https:\/\/koningdrone.be\/es\/wp-json\/wp\/v2\/product\/3802","targetHints":{"allow":["GET"]}}],"collection":[{"href":"https:\/\/koningdrone.be\/es\/wp-json\/wp\/v2\/product"}],"about":[{"href":"https:\/\/koningdrone.be\/es\/wp-json\/wp\/v2\/types\/product"}],"wp:featuredmedia":[{"embeddable":true,"href":"https:\/\/koningdrone.be\/es\/wp-json\/wp\/v2\/media\/3799"}],"wp:attachment":[{"href":"https:\/\/koningdrone.be\/es\/wp-json\/wp\/v2\/media?parent=3802"}],"wp:term":[{"taxonomy":"product_brand","embeddable":true,"href":"https:\/\/koningdrone.be\/es\/wp-json\/wp\/v2\/product_brand?post=3802"},{"taxonomy":"product_cat","embeddable":true,"href":"https:\/\/koningdrone.be\/es\/wp-json\/wp\/v2\/product_cat?post=3802"},{"taxonomy":"product_tag","embeddable":true,"href":"https:\/\/koningdrone.be\/es\/wp-json\/wp\/v2\/product_tag?post=3802"}],"curies":[{"name":"wp","href":"https:\/\/api.w.org\/{rel}","templated":true}]}}