{"id":3798,"date":"2024-03-18T10:43:33","date_gmt":"2024-03-18T09:43:33","guid":{"rendered":"https:\/\/koningdrone.nl\/kon\/product\/dji-mic-2-2-tx-1-rx-charging-case\/"},"modified":"2026-05-01T14:50:39","modified_gmt":"2026-05-01T12:50:39","slug":"dji-mic-2-2-tx-1-rx-charging-case","status":"publish","type":"product","link":"https:\/\/koningdrone.be\/es\/producto\/dji-mic-2-2-tx-1-rx-charging-case\/","title":{"rendered":"DJI Mic 2 (2 TX + 1 RX + Estuche de carga)"},"content":{"rendered":"<p><strong>Calidad de audio mejorada<\/strong><\/p>\n<p>El DJI Mic 2 est\u00e1 cuidadosamente dise\u00f1ado para mejorar la calidad de tus grabaciones de audio, por lo que es una excelente opci\u00f3n para diversos proyectos como vlogs y entrevistas. El dispositivo captura h\u00e1bilmente el sonido desde todos los \u00e1ngulos, enfatizando la claridad vocal. Adem\u00e1s, incorpora una innovadora funci\u00f3n que reduce eficazmente el ruido de fondo, manteniendo tus grabaciones n\u00edtidas incluso en entornos ruidosos.<\/p>\n<p><strong>Mayor duraci\u00f3n de la bater\u00eda<\/strong><\/p>\n<p>Una de las caracter\u00edsticas m\u00e1s destacadas del DJI Mic 2 es la impresionante duraci\u00f3n de su bater\u00eda. Tanto el transmisor como el receptor pueden funcionar durante 6 horas con una sola carga. Para proyectos que requieren tiempos de grabaci\u00f3n m\u00e1s largos, el cartucho de carga proporciona energ\u00eda adicional, ampliando el tiempo de uso total a 18 horas. Esta funcionalidad reduce significativamente la necesidad de carga regular, lo que le permite concentrarse en su proyecto.<\/p>\n<p><strong>Gran alcance de transmisi\u00f3n<\/strong><\/p>\n<p>Con un alcance m\u00e1ximo de transmisi\u00f3n de audio de 250 metros (unos 820 pies), DJI Mic 2 es vers\u00e1til y fiable en diversos entornos de grabaci\u00f3n. Esta caracter\u00edstica te permite capturar audio de alta calidad incluso a distancia, aumentando la flexibilidad y el potencial de tus grabaciones.<\/p>\n<p><strong>F\u00e1cil instalaci\u00f3n<\/strong><\/p>\n<p>El estuche de carga para DJI Mic 2 ofrece algo m\u00e1s que capacidades de carga. Tambi\u00e9n facilita el emparejamiento autom\u00e1tico del receptor y los transmisores, simplificando el proceso de instalaci\u00f3n. Esto te permite iniciar tus proyectos de grabaci\u00f3n r\u00e1pidamente, sin la molestia de las configuraciones manuales.<\/p>\n<p><strong>Gran capacidad de almacenamiento<\/strong><\/p>\n<p>Cada transmisor est\u00e1 equipado con 8 GB de almacenamiento integrado, que admite hasta 14 horas de grabaci\u00f3n de audio de alta calidad. Esta caracter\u00edstica es especialmente \u00fatil, ya que permite la grabaci\u00f3n directa en el dispositivo. Esto le permite salvaguardar su valioso contenido de audio y asegurarse de que no se pierda, incluso si su dispositivo de grabaci\u00f3n principal se queda sin espacio de almacenamiento.<\/p>\n<p><strong>Conectividad vers\u00e1til<\/strong><\/p>\n<p>El DJI Mic 2 cuenta con una amplia compatibilidad con una gran variedad de dispositivos, gracias a la compatibilidad con conexiones USB-C y Lightning, adem\u00e1s de una salida anal\u00f3gica TRS tradicional de 3,5 mm. Tanto si trabajas con una c\u00e1mara, un smartphone o un ordenador, el Mic 2 se integra a la perfecci\u00f3n en tu configuraci\u00f3n, ofreciendo versatilidad y comodidad.<\/p>","protected":false},"excerpt":{"rendered":"<ul>\n<li>Grabaci\u00f3n de audio omnidireccional optimizada para voces<\/li>\n<li>Reducci\u00f3n inteligente del ruido para llamadas n\u00edtidas<\/li>\n<li>Duraci\u00f3n de la bater\u00eda de 6 horas, ampliable a 18 horas con funda<\/li>\n<li>Alcance m\u00e1ximo de transmisi\u00f3n de audio de 250 metros<\/li>\n<li>Emparejamiento autom\u00e1tico con el estuche de carga<\/li>\n<li>8 GB de memoria interna por transmisor<\/li>\n<li>Admite salidas USB-C, Lightning y TRS de 3,5 mm.<\/li>\n<\/ul>","protected":false},"featured_media":3796,"template":"","meta":{"_acf_changed":false},"product_brand":[],"product_cat":[97,752,191,600],"product_tag":[],"class_list":{"0":"post-3798","1":"product","2":"type-product","3":"status-publish","4":"has-post-thumbnail","6":"product_cat-alle-producten","7":"product_cat-audio-apparatuur","8":"product_cat-dji-mic","9":"product_cat-dji-mic-2","10":"product_shipping_class-outofstock","11":"pa_brand-dji","12":"pa_productfamily-microfoon","13":"pa_producttype-microfoon","14":"pa_series-mic-2","16":"first","17":"outofstock","18":"taxable","19":"shipping-taxable","20":"purchasable","21":"product-type-simple"},"acf":[],"yoast_head":"<!-- This site is optimized with the Yoast SEO Premium plugin v27.2 (Yoast SEO v27.2) - https:\/\/yoast.com\/product\/yoast-seo-premium-wordpress\/ -->\n<title>DJI Mic 2 (2 TX + 1 RX + Charging Case) - koningdrone.be<\/title>\n<meta name=\"robots\" content=\"index, follow, max-snippet:-1, max-image-preview:large, max-video-preview:-1\" \/>\n<link rel=\"canonical\" href=\"https:\/\/koningdrone.be\/es\/producto\/dji-mic-2-2-tx-1-rx-charging-case\/\" \/>\n<meta property=\"og:locale\" content=\"es_ES\" \/>\n<meta property=\"og:type\" content=\"article\" \/>\n<meta property=\"og:title\" content=\"DJI Mic 2 (2 TX + 1 RX + Charging Case)\" \/>\n<meta property=\"og:description\" content=\"Omnidirectionele audio-opname geoptimaliseerd voor zang  Intelligente ruisonderdrukking voor heldere gesprekken  Batterijduur van 6 uur, uitbreidbaar tot 18 uur met hoesje  Maximaal audiotransmissiebereik van 250 meter  Automatische koppeling met oplaadetui  8 GB intern geheugen per zender  Ondersteunt USB-C-, Lightning- en 3,5 mm TRS-uitgangen\" \/>\n<meta property=\"og:url\" content=\"https:\/\/koningdrone.be\/es\/producto\/dji-mic-2-2-tx-1-rx-charging-case\/\" \/>\n<meta property=\"og:site_name\" content=\"koningdrone.be\" \/>\n<meta property=\"article:modified_time\" content=\"2026-05-01T12:50:39+00:00\" \/>\n<meta property=\"og:image\" content=\"https:\/\/koningdrone.be\/wp-content\/uploads\/sites\/13\/2025\/04\/52da2f4e9669832c5a94a557396a8e08@ultra.jpg\" \/>\n\t<meta property=\"og:image:width\" content=\"1280\" \/>\n\t<meta property=\"og:image:height\" content=\"1280\" \/>\n\t<meta property=\"og:image:type\" content=\"image\/jpeg\" \/>\n<meta name=\"twitter:card\" content=\"summary_large_image\" \/>\n<meta name=\"twitter:label1\" content=\"Tiempo de lectura\" \/>\n\t<meta name=\"twitter:data1\" content=\"2 minutos\" \/>\n<script type=\"application\/ld+json\" class=\"yoast-schema-graph\">{\"@context\":\"https:\/\/schema.org\",\"@graph\":[{\"@type\":\"WebPage\",\"@id\":\"https:\/\/koningdrone.be\/product\/dji-mic-2-2-tx-1-rx-charging-case\/\",\"url\":\"https:\/\/koningdrone.be\/product\/dji-mic-2-2-tx-1-rx-charging-case\/\",\"name\":\"DJI Mic 2 (2 TX + 1 RX + Charging Case) - koningdrone.be\",\"isPartOf\":{\"@id\":\"https:\/\/koningdrone.be\/#website\"},\"primaryImageOfPage\":{\"@id\":\"https:\/\/koningdrone.be\/product\/dji-mic-2-2-tx-1-rx-charging-case\/#primaryimage\"},\"image\":{\"@id\":\"https:\/\/koningdrone.be\/product\/dji-mic-2-2-tx-1-rx-charging-case\/#primaryimage\"},\"thumbnailUrl\":\"https:\/\/koningdrone.be\/wp-content\/uploads\/sites\/13\/2025\/04\/52da2f4e9669832c5a94a557396a8e08@ultra.jpg\",\"datePublished\":\"2024-03-18T09:43:33+00:00\",\"dateModified\":\"2026-05-01T12:50:39+00:00\",\"breadcrumb\":{\"@id\":\"https:\/\/koningdrone.be\/product\/dji-mic-2-2-tx-1-rx-charging-case\/#breadcrumb\"},\"inLanguage\":\"es\",\"potentialAction\":[{\"@type\":\"ReadAction\",\"target\":[\"https:\/\/koningdrone.be\/product\/dji-mic-2-2-tx-1-rx-charging-case\/\"]}]},{\"@type\":\"ImageObject\",\"inLanguage\":\"es\",\"@id\":\"https:\/\/koningdrone.be\/product\/dji-mic-2-2-tx-1-rx-charging-case\/#primaryimage\",\"url\":\"https:\/\/koningdrone.be\/wp-content\/uploads\/sites\/13\/2025\/04\/52da2f4e9669832c5a94a557396a8e08@ultra.jpg\",\"contentUrl\":\"https:\/\/koningdrone.be\/wp-content\/uploads\/sites\/13\/2025\/04\/52da2f4e9669832c5a94a557396a8e08@ultra.jpg\",\"width\":1280,\"height\":1280},{\"@type\":\"BreadcrumbList\",\"@id\":\"https:\/\/koningdrone.be\/product\/dji-mic-2-2-tx-1-rx-charging-case\/#breadcrumb\",\"itemListElement\":[{\"@type\":\"ListItem\",\"position\":1,\"name\":\"Home\",\"item\":\"https:\/\/koningdrone.be\/\"},{\"@type\":\"ListItem\",\"position\":2,\"name\":\"AVSS Parachute Recovery System for DJI Matrice 300\/350\",\"item\":\"https:\/\/koningdrone.be\/product\/avss-parachute-recovery-system-for-dji-matrice-300-350\/\"},{\"@type\":\"ListItem\",\"position\":3,\"name\":\"Alle producten\",\"item\":\"https:\/\/koningdrone.be\/categorie\/alle-producten\/\"},{\"@type\":\"ListItem\",\"position\":4,\"name\":\"DJI Mic 2 (2 TX + 1 RX + Charging Case)\"}]},{\"@type\":\"WebSite\",\"@id\":\"https:\/\/koningdrone.be\/#website\",\"url\":\"https:\/\/koningdrone.be\/\",\"name\":\"Koningdrone.be - Uw online specialist in drones, gimbals, camera's en power stations.\",\"description\":\"De webshop in drones en gimbals\",\"publisher\":{\"@id\":\"https:\/\/koningdrone.be\/#organization\"},\"potentialAction\":[{\"@type\":\"SearchAction\",\"target\":{\"@type\":\"EntryPoint\",\"urlTemplate\":\"https:\/\/koningdrone.be\/?s={search_term_string}\"},\"query-input\":{\"@type\":\"PropertyValueSpecification\",\"valueRequired\":true,\"valueName\":\"search_term_string\"}}],\"inLanguage\":\"es\"},{\"@type\":\"Organization\",\"@id\":\"https:\/\/koningdrone.be\/#organization\",\"name\":\"Koningdrone.be\",\"url\":\"https:\/\/koningdrone.be\/\",\"logo\":{\"@type\":\"ImageObject\",\"inLanguage\":\"es\",\"@id\":\"https:\/\/koningdrone.be\/#\/schema\/logo\/image\/\",\"url\":\"https:\/\/koningdrone.be\/wp-content\/uploads\/sites\/13\/2025\/04\/koningdrone-copyright-logo.svg\",\"contentUrl\":\"https:\/\/koningdrone.be\/wp-content\/uploads\/sites\/13\/2025\/04\/koningdrone-copyright-logo.svg\",\"width\":227,\"height\":38,\"caption\":\"Koningdrone.be\"},\"image\":{\"@id\":\"https:\/\/koningdrone.be\/#\/schema\/logo\/image\/\"}}]}<\/script>\n<!-- \/ Yoast SEO Premium plugin. -->","yoast_head_json":{"title":"DJI Mic 2 (2 TX + 1 RX + Charging Case) - koningdrone.be","robots":{"index":"index","follow":"follow","max-snippet":"max-snippet:-1","max-image-preview":"max-image-preview:large","max-video-preview":"max-video-preview:-1"},"canonical":"https:\/\/koningdrone.be\/es\/producto\/dji-mic-2-2-tx-1-rx-charging-case\/","og_locale":"es_ES","og_type":"article","og_title":"DJI Mic 2 (2 TX + 1 RX + Charging Case)","og_description":"Omnidirectionele audio-opname geoptimaliseerd voor zang  Intelligente ruisonderdrukking voor heldere gesprekken  Batterijduur van 6 uur, uitbreidbaar tot 18 uur met hoesje  Maximaal audiotransmissiebereik van 250 meter  Automatische koppeling met oplaadetui  8 GB intern geheugen per zender  Ondersteunt USB-C-, Lightning- en 3,5 mm TRS-uitgangen","og_url":"https:\/\/koningdrone.be\/es\/producto\/dji-mic-2-2-tx-1-rx-charging-case\/","og_site_name":"koningdrone.be","article_modified_time":"2026-05-01T12:50:39+00:00","og_image":[{"width":1280,"height":1280,"url":"https:\/\/koningdrone.be\/wp-content\/uploads\/sites\/13\/2025\/04\/52da2f4e9669832c5a94a557396a8e08@ultra.jpg","type":"image\/jpeg"}],"twitter_card":"summary_large_image","twitter_misc":{"Tiempo de lectura":"2 minutos"},"schema":{"@context":"https:\/\/schema.org","@graph":[{"@type":"WebPage","@id":"https:\/\/koningdrone.be\/product\/dji-mic-2-2-tx-1-rx-charging-case\/","url":"https:\/\/koningdrone.be\/product\/dji-mic-2-2-tx-1-rx-charging-case\/","name":"DJI Mic 2 (2 TX + 1 RX + Charging Case) - koningdrone.be","isPartOf":{"@id":"https:\/\/koningdrone.be\/#website"},"primaryImageOfPage":{"@id":"https:\/\/koningdrone.be\/product\/dji-mic-2-2-tx-1-rx-charging-case\/#primaryimage"},"image":{"@id":"https:\/\/koningdrone.be\/product\/dji-mic-2-2-tx-1-rx-charging-case\/#primaryimage"},"thumbnailUrl":"https:\/\/koningdrone.be\/wp-content\/uploads\/sites\/13\/2025\/04\/52da2f4e9669832c5a94a557396a8e08@ultra.jpg","datePublished":"2024-03-18T09:43:33+00:00","dateModified":"2026-05-01T12:50:39+00:00","breadcrumb":{"@id":"https:\/\/koningdrone.be\/product\/dji-mic-2-2-tx-1-rx-charging-case\/#breadcrumb"},"inLanguage":"es","potentialAction":[{"@type":"ReadAction","target":["https:\/\/koningdrone.be\/product\/dji-mic-2-2-tx-1-rx-charging-case\/"]}]},{"@type":"ImageObject","inLanguage":"es","@id":"https:\/\/koningdrone.be\/product\/dji-mic-2-2-tx-1-rx-charging-case\/#primaryimage","url":"https:\/\/koningdrone.be\/wp-content\/uploads\/sites\/13\/2025\/04\/52da2f4e9669832c5a94a557396a8e08@ultra.jpg","contentUrl":"https:\/\/koningdrone.be\/wp-content\/uploads\/sites\/13\/2025\/04\/52da2f4e9669832c5a94a557396a8e08@ultra.jpg","width":1280,"height":1280},{"@type":"BreadcrumbList","@id":"https:\/\/koningdrone.be\/product\/dji-mic-2-2-tx-1-rx-charging-case\/#breadcrumb","itemListElement":[{"@type":"ListItem","position":1,"name":"Home","item":"https:\/\/koningdrone.be\/"},{"@type":"ListItem","position":2,"name":"AVSS Parachute Recovery System for DJI Matrice 300\/350","item":"https:\/\/koningdrone.be\/product\/avss-parachute-recovery-system-for-dji-matrice-300-350\/"},{"@type":"ListItem","position":3,"name":"Alle producten","item":"https:\/\/koningdrone.be\/categorie\/alle-producten\/"},{"@type":"ListItem","position":4,"name":"DJI Mic 2 (2 TX + 1 RX + Charging Case)"}]},{"@type":"WebSite","@id":"https:\/\/koningdrone.be\/#website","url":"https:\/\/koningdrone.be\/","name":"Koningdrone.be - Su especialista en l\u00ednea en drones, cardanes, c\u00e1maras y centrales el\u00e9ctricas.","description":"La tienda virtual de drones y cardanes","publisher":{"@id":"https:\/\/koningdrone.be\/#organization"},"potentialAction":[{"@type":"SearchAction","target":{"@type":"EntryPoint","urlTemplate":"https:\/\/koningdrone.be\/?s={search_term_string}"},"query-input":{"@type":"PropertyValueSpecification","valueRequired":true,"valueName":"search_term_string"}}],"inLanguage":"es"},{"@type":"Organization","@id":"https:\/\/koningdrone.be\/#organization","name":"Kingdrone.es","url":"https:\/\/koningdrone.be\/","logo":{"@type":"ImageObject","inLanguage":"es","@id":"https:\/\/koningdrone.be\/#\/schema\/logo\/image\/","url":"https:\/\/koningdrone.be\/wp-content\/uploads\/sites\/13\/2025\/04\/koningdrone-copyright-logo.svg","contentUrl":"https:\/\/koningdrone.be\/wp-content\/uploads\/sites\/13\/2025\/04\/koningdrone-copyright-logo.svg","width":227,"height":38,"caption":"Koningdrone.be"},"image":{"@id":"https:\/\/koningdrone.be\/#\/schema\/logo\/image\/"}}]}},"df_price":249,"df_sale_price":"","df_regular_price":249,"df_image_link":"https:\/\/koningdrone.be\/wp-content\/uploads\/sites\/13\/2025\/04\/52da2f4e9669832c5a94a557396a8e08@ultra-300x300.jpg","_links":{"self":[{"href":"https:\/\/koningdrone.be\/es\/wp-json\/wp\/v2\/product\/3798","targetHints":{"allow":["GET"]}}],"collection":[{"href":"https:\/\/koningdrone.be\/es\/wp-json\/wp\/v2\/product"}],"about":[{"href":"https:\/\/koningdrone.be\/es\/wp-json\/wp\/v2\/types\/product"}],"wp:featuredmedia":[{"embeddable":true,"href":"https:\/\/koningdrone.be\/es\/wp-json\/wp\/v2\/media\/3796"}],"wp:attachment":[{"href":"https:\/\/koningdrone.be\/es\/wp-json\/wp\/v2\/media?parent=3798"}],"wp:term":[{"taxonomy":"product_brand","embeddable":true,"href":"https:\/\/koningdrone.be\/es\/wp-json\/wp\/v2\/product_brand?post=3798"},{"taxonomy":"product_cat","embeddable":true,"href":"https:\/\/koningdrone.be\/es\/wp-json\/wp\/v2\/product_cat?post=3798"},{"taxonomy":"product_tag","embeddable":true,"href":"https:\/\/koningdrone.be\/es\/wp-json\/wp\/v2\/product_tag?post=3798"}],"curies":[{"name":"wp","href":"https:\/\/api.w.org\/{rel}","templated":true}]}}