{"id":3792,"date":"2024-03-18T10:43:33","date_gmt":"2024-03-18T09:43:33","guid":{"rendered":"https:\/\/koningdrone.nl\/kon\/product\/dji-mic-2-transmitter-shadow-black\/"},"modified":"2026-05-01T14:50:38","modified_gmt":"2026-05-01T12:50:38","slug":"dji-mic-2-transmitter-shadow-black","status":"publish","type":"product","link":"https:\/\/koningdrone.be\/es\/producto\/dji-mic-2-transmitter-shadow-black\/","title":{"rendered":"Transmisor DJI Mic 2 (Negro Sombra)"},"content":{"rendered":"<p><strong>Introducci\u00f3n a DJI Mic 2<\/strong><\/p>\n<p>DJI Mic 2 es un sistema de micr\u00f3fono avanzado dise\u00f1ado para capturar audio omnidireccional de alta calidad, por lo que es una opci\u00f3n ideal para diversas aplicaciones como vlogging, entrevistas y mucho m\u00e1s. La tecnolog\u00eda inteligente de reducci\u00f3n de ruido minimiza eficazmente el ruido de fondo, manteniendo tus conversaciones claras y comprensibles, incluso en entornos ruidosos.<\/p>\n<p><strong>Grabaci\u00f3n de audio omnidireccional<\/strong><\/p>\n<p>Optimizado para la grabaci\u00f3n vocal, este sistema de micr\u00f3fonos garantiza que su voz se grabe con claridad desde cualquier direcci\u00f3n. Esto mejora la flexibilidad y la calidad de las grabaciones, lo que facilita la captura de audio profesional en cualquier entorno.<\/p>\n<p><strong>Reducci\u00f3n inteligente del ruido<\/strong><\/p>\n<p>DJI Mic 2 incluye una funci\u00f3n avanzada de reducci\u00f3n de ruido que reduce significativamente el ruido de fondo no deseado. Esto garantiza grabaciones de audio m\u00e1s limpias y enfocadas, lo que resulta esencial para crear contenidos de alta calidad en diversos entornos.<\/p>\n<p><strong>Mayor duraci\u00f3n de la bater\u00eda<\/strong><\/p>\n<p>Cada transmisor y receptor del sistema tiene una autonom\u00eda de 6 horas, ampliable a 18 horas con el cartucho de carga incluido. Esto proporciona suficiente tiempo de grabaci\u00f3n para proyectos m\u00e1s largos, por lo que no te quedar\u00e1s sin energ\u00eda en los momentos cruciales.<\/p>\n<p><strong>Conectividad a larga distancia<\/strong><\/p>\n<p>Con un impresionante alcance de transmisi\u00f3n de audio de 250 metros (820 pies), DJI Mic 2 ofrece versatilidad para una gran variedad de situaciones de grabaci\u00f3n. Esta conectividad de largo alcance garantiza que mantengas una conexi\u00f3n estable, independientemente del entorno de grabaci\u00f3n.<\/p>\n<p><strong>Emparejamiento autom\u00e1tico<\/strong><\/p>\n<p>El casete de carga incluido no s\u00f3lo carga los dispositivos, sino que tambi\u00e9n empareja autom\u00e1ticamente el receptor y los transmisores. Esto facilita un proceso de instalaci\u00f3n r\u00e1pido y sencillo, permiti\u00e9ndole concentrarse m\u00e1s en el contenido y menos en la instalaci\u00f3n t\u00e9cnica.<\/p>\n<p><strong>Memoria interna<\/strong><\/p>\n<p>Con 8 GB de memoria interna disponibles en cada transmisor, el sistema permite grabar hasta 14 horas de audio de alta calidad (48 kHz 24 bits) directamente en el dispositivo. Esta caracter\u00edstica es especialmente \u00fatil para grabar sobre la marcha, donde el almacenamiento externo puede no ser accesible.<\/p>\n<p><strong>Amplia compatibilidad<\/strong><\/p>\n<p>DJI Mic 2 cuenta con salidas USB-C y Lightning, adem\u00e1s de una salida anal\u00f3gica TRS de 3,5 mm, lo que lo hace compatible con una amplia gama de dispositivos, como c\u00e1maras, smartphones y ordenadores. Esta amplia compatibilidad lo convierte en una herramienta vers\u00e1til para todas tus necesidades de grabaci\u00f3n de audio.<\/p>\n<p><strong>Conclusi\u00f3n<\/strong><\/p>\n<p>Tanto si eres un principiante que busca mejorar sus habilidades de grabaci\u00f3n de audio como un experto que busca un sistema de micr\u00f3fono fiable y vers\u00e1til, el DJI Mic 2 ofrece una soluci\u00f3n integral. Combina de forma experta rendimiento, comodidad y calidad para satisfacer o superar tus requisitos de grabaci\u00f3n de audio.<\/p>","protected":false},"excerpt":{"rendered":"<ul>\n<li>Grabaci\u00f3n de audio omnidireccional optimizada para voces<\/li>\n<li>La reducci\u00f3n inteligente del ruido ambiental<\/li>\n<li>Tiempo de funcionamiento de 6 horas, ampliable a 18 horas con estuche de carga<\/li>\n<li>Alcance m\u00e1ximo de transmisi\u00f3n de audio de 250 m.<\/li>\n<li>Emparejamiento autom\u00e1tico con el estuche de carga para facilitar la instalaci\u00f3n<\/li>\n<li>8 GB de memoria interna para hasta 14 horas de grabaci\u00f3n de audio<\/li>\n<li>Admite salidas USB-C, Lightning y TRS de 3,5 mm.<\/li>\n<li>Compatible con la mayor\u00eda de c\u00e1maras, smartphones y ordenadores<\/li>\n<\/ul>","protected":false},"featured_media":3790,"template":"","meta":{"_acf_changed":false},"product_brand":[],"product_cat":[97,586,191,600],"product_tag":[],"class_list":{"0":"post-3792","1":"product","2":"type-product","3":"status-publish","4":"has-post-thumbnail","6":"product_cat-alle-producten","7":"product_cat-dji","8":"product_cat-dji-mic","9":"product_cat-dji-mic-2","10":"product_shipping_class-outofstock","11":"pa_brand-dji","12":"pa_productfamily-microfoon","13":"pa_producttype-microfoon","14":"pa_series-mic-2","16":"first","17":"outofstock","18":"taxable","19":"shipping-taxable","20":"purchasable","21":"product-type-simple"},"acf":[],"yoast_head":"<!-- This site is optimized with the Yoast SEO Premium plugin v27.2 (Yoast SEO v27.2) - https:\/\/yoast.com\/product\/yoast-seo-premium-wordpress\/ -->\n<title>DJI Mic 2 Transmitter (Shadow Black) - koningdrone.be<\/title>\n<meta name=\"robots\" content=\"index, follow, max-snippet:-1, max-image-preview:large, max-video-preview:-1\" \/>\n<link rel=\"canonical\" href=\"https:\/\/koningdrone.be\/es\/producto\/dji-mic-2-transmitter-shadow-black\/\" \/>\n<meta property=\"og:locale\" content=\"es_ES\" \/>\n<meta property=\"og:type\" content=\"article\" \/>\n<meta property=\"og:title\" content=\"DJI Mic 2 Transmitter (Shadow Black)\" \/>\n<meta property=\"og:description\" content=\"Omnidirectionele audio-opname geoptimaliseerd voor zang  Intelligente ruisonderdrukking vermindert omgevingsgeluid  Gebruiksduur van 6 uur, uitbreidbaar tot 18 uur met oplaadetui  Maximaal audiotransmissiebereik van 250 m (820 ft.).  Automatische koppeling met oplaadetui voor eenvoudige installatie  8 GB intern geheugen voor maximaal 14 uur audio-opname  Ondersteunt USB-C-, Lightning- en 3,5 mm TRS-uitgangen  Compatibel met de meeste camera&#039;s, smartphones en computers\" \/>\n<meta property=\"og:url\" content=\"https:\/\/koningdrone.be\/es\/producto\/dji-mic-2-transmitter-shadow-black\/\" \/>\n<meta property=\"og:site_name\" content=\"koningdrone.be\" \/>\n<meta property=\"article:modified_time\" content=\"2026-05-01T12:50:38+00:00\" \/>\n<meta property=\"og:image\" content=\"https:\/\/koningdrone.be\/wp-content\/uploads\/sites\/13\/2025\/04\/922840db0cfaf537bfdfee3caf73ac94@ultra.jpg\" \/>\n\t<meta property=\"og:image:width\" content=\"1280\" \/>\n\t<meta property=\"og:image:height\" content=\"1280\" \/>\n\t<meta property=\"og:image:type\" content=\"image\/jpeg\" \/>\n<meta name=\"twitter:card\" content=\"summary_large_image\" \/>\n<meta name=\"twitter:label1\" content=\"Tiempo de lectura\" \/>\n\t<meta name=\"twitter:data1\" content=\"2 minutos\" \/>\n<script type=\"application\/ld+json\" class=\"yoast-schema-graph\">{\"@context\":\"https:\/\/schema.org\",\"@graph\":[{\"@type\":\"WebPage\",\"@id\":\"https:\/\/koningdrone.be\/product\/dji-mic-2-transmitter-shadow-black\/\",\"url\":\"https:\/\/koningdrone.be\/product\/dji-mic-2-transmitter-shadow-black\/\",\"name\":\"DJI Mic 2 Transmitter (Shadow Black) - koningdrone.be\",\"isPartOf\":{\"@id\":\"https:\/\/koningdrone.be\/#website\"},\"primaryImageOfPage\":{\"@id\":\"https:\/\/koningdrone.be\/product\/dji-mic-2-transmitter-shadow-black\/#primaryimage\"},\"image\":{\"@id\":\"https:\/\/koningdrone.be\/product\/dji-mic-2-transmitter-shadow-black\/#primaryimage\"},\"thumbnailUrl\":\"https:\/\/koningdrone.be\/wp-content\/uploads\/sites\/13\/2025\/04\/922840db0cfaf537bfdfee3caf73ac94@ultra.jpg\",\"datePublished\":\"2024-03-18T09:43:33+00:00\",\"dateModified\":\"2026-05-01T12:50:38+00:00\",\"breadcrumb\":{\"@id\":\"https:\/\/koningdrone.be\/product\/dji-mic-2-transmitter-shadow-black\/#breadcrumb\"},\"inLanguage\":\"es\",\"potentialAction\":[{\"@type\":\"ReadAction\",\"target\":[\"https:\/\/koningdrone.be\/product\/dji-mic-2-transmitter-shadow-black\/\"]}]},{\"@type\":\"ImageObject\",\"inLanguage\":\"es\",\"@id\":\"https:\/\/koningdrone.be\/product\/dji-mic-2-transmitter-shadow-black\/#primaryimage\",\"url\":\"https:\/\/koningdrone.be\/wp-content\/uploads\/sites\/13\/2025\/04\/922840db0cfaf537bfdfee3caf73ac94@ultra.jpg\",\"contentUrl\":\"https:\/\/koningdrone.be\/wp-content\/uploads\/sites\/13\/2025\/04\/922840db0cfaf537bfdfee3caf73ac94@ultra.jpg\",\"width\":1280,\"height\":1280},{\"@type\":\"BreadcrumbList\",\"@id\":\"https:\/\/koningdrone.be\/product\/dji-mic-2-transmitter-shadow-black\/#breadcrumb\",\"itemListElement\":[{\"@type\":\"ListItem\",\"position\":1,\"name\":\"Home\",\"item\":\"https:\/\/koningdrone.be\/\"},{\"@type\":\"ListItem\",\"position\":2,\"name\":\"AVSS Parachute Recovery System for DJI Matrice 300\/350\",\"item\":\"https:\/\/koningdrone.be\/product\/avss-parachute-recovery-system-for-dji-matrice-300-350\/\"},{\"@type\":\"ListItem\",\"position\":3,\"name\":\"Alle producten\",\"item\":\"https:\/\/koningdrone.be\/categorie\/alle-producten\/\"},{\"@type\":\"ListItem\",\"position\":4,\"name\":\"DJI Mic 2 Transmitter (Shadow Black)\"}]},{\"@type\":\"WebSite\",\"@id\":\"https:\/\/koningdrone.be\/#website\",\"url\":\"https:\/\/koningdrone.be\/\",\"name\":\"Koningdrone.be - Uw online specialist in drones, gimbals, camera's en power stations.\",\"description\":\"De webshop in drones en gimbals\",\"publisher\":{\"@id\":\"https:\/\/koningdrone.be\/#organization\"},\"potentialAction\":[{\"@type\":\"SearchAction\",\"target\":{\"@type\":\"EntryPoint\",\"urlTemplate\":\"https:\/\/koningdrone.be\/?s={search_term_string}\"},\"query-input\":{\"@type\":\"PropertyValueSpecification\",\"valueRequired\":true,\"valueName\":\"search_term_string\"}}],\"inLanguage\":\"es\"},{\"@type\":\"Organization\",\"@id\":\"https:\/\/koningdrone.be\/#organization\",\"name\":\"Koningdrone.be\",\"url\":\"https:\/\/koningdrone.be\/\",\"logo\":{\"@type\":\"ImageObject\",\"inLanguage\":\"es\",\"@id\":\"https:\/\/koningdrone.be\/#\/schema\/logo\/image\/\",\"url\":\"https:\/\/koningdrone.be\/wp-content\/uploads\/sites\/13\/2025\/04\/koningdrone-copyright-logo.svg\",\"contentUrl\":\"https:\/\/koningdrone.be\/wp-content\/uploads\/sites\/13\/2025\/04\/koningdrone-copyright-logo.svg\",\"width\":227,\"height\":38,\"caption\":\"Koningdrone.be\"},\"image\":{\"@id\":\"https:\/\/koningdrone.be\/#\/schema\/logo\/image\/\"}}]}<\/script>\n<!-- \/ Yoast SEO Premium plugin. -->","yoast_head_json":{"title":"DJI Mic 2 Transmitter (Shadow Black) - koningdrone.be","robots":{"index":"index","follow":"follow","max-snippet":"max-snippet:-1","max-image-preview":"max-image-preview:large","max-video-preview":"max-video-preview:-1"},"canonical":"https:\/\/koningdrone.be\/es\/producto\/dji-mic-2-transmitter-shadow-black\/","og_locale":"es_ES","og_type":"article","og_title":"DJI Mic 2 Transmitter (Shadow Black)","og_description":"Omnidirectionele audio-opname geoptimaliseerd voor zang  Intelligente ruisonderdrukking vermindert omgevingsgeluid  Gebruiksduur van 6 uur, uitbreidbaar tot 18 uur met oplaadetui  Maximaal audiotransmissiebereik van 250 m (820 ft.).  Automatische koppeling met oplaadetui voor eenvoudige installatie  8 GB intern geheugen voor maximaal 14 uur audio-opname  Ondersteunt USB-C-, Lightning- en 3,5 mm TRS-uitgangen  Compatibel met de meeste camera's, smartphones en computers","og_url":"https:\/\/koningdrone.be\/es\/producto\/dji-mic-2-transmitter-shadow-black\/","og_site_name":"koningdrone.be","article_modified_time":"2026-05-01T12:50:38+00:00","og_image":[{"width":1280,"height":1280,"url":"https:\/\/koningdrone.be\/wp-content\/uploads\/sites\/13\/2025\/04\/922840db0cfaf537bfdfee3caf73ac94@ultra.jpg","type":"image\/jpeg"}],"twitter_card":"summary_large_image","twitter_misc":{"Tiempo de lectura":"2 minutos"},"schema":{"@context":"https:\/\/schema.org","@graph":[{"@type":"WebPage","@id":"https:\/\/koningdrone.be\/product\/dji-mic-2-transmitter-shadow-black\/","url":"https:\/\/koningdrone.be\/product\/dji-mic-2-transmitter-shadow-black\/","name":"DJI Mic 2 Transmitter (Shadow Black) - koningdrone.be","isPartOf":{"@id":"https:\/\/koningdrone.be\/#website"},"primaryImageOfPage":{"@id":"https:\/\/koningdrone.be\/product\/dji-mic-2-transmitter-shadow-black\/#primaryimage"},"image":{"@id":"https:\/\/koningdrone.be\/product\/dji-mic-2-transmitter-shadow-black\/#primaryimage"},"thumbnailUrl":"https:\/\/koningdrone.be\/wp-content\/uploads\/sites\/13\/2025\/04\/922840db0cfaf537bfdfee3caf73ac94@ultra.jpg","datePublished":"2024-03-18T09:43:33+00:00","dateModified":"2026-05-01T12:50:38+00:00","breadcrumb":{"@id":"https:\/\/koningdrone.be\/product\/dji-mic-2-transmitter-shadow-black\/#breadcrumb"},"inLanguage":"es","potentialAction":[{"@type":"ReadAction","target":["https:\/\/koningdrone.be\/product\/dji-mic-2-transmitter-shadow-black\/"]}]},{"@type":"ImageObject","inLanguage":"es","@id":"https:\/\/koningdrone.be\/product\/dji-mic-2-transmitter-shadow-black\/#primaryimage","url":"https:\/\/koningdrone.be\/wp-content\/uploads\/sites\/13\/2025\/04\/922840db0cfaf537bfdfee3caf73ac94@ultra.jpg","contentUrl":"https:\/\/koningdrone.be\/wp-content\/uploads\/sites\/13\/2025\/04\/922840db0cfaf537bfdfee3caf73ac94@ultra.jpg","width":1280,"height":1280},{"@type":"BreadcrumbList","@id":"https:\/\/koningdrone.be\/product\/dji-mic-2-transmitter-shadow-black\/#breadcrumb","itemListElement":[{"@type":"ListItem","position":1,"name":"Home","item":"https:\/\/koningdrone.be\/"},{"@type":"ListItem","position":2,"name":"AVSS Parachute Recovery System for DJI Matrice 300\/350","item":"https:\/\/koningdrone.be\/product\/avss-parachute-recovery-system-for-dji-matrice-300-350\/"},{"@type":"ListItem","position":3,"name":"Alle producten","item":"https:\/\/koningdrone.be\/categorie\/alle-producten\/"},{"@type":"ListItem","position":4,"name":"DJI Mic 2 Transmitter (Shadow Black)"}]},{"@type":"WebSite","@id":"https:\/\/koningdrone.be\/#website","url":"https:\/\/koningdrone.be\/","name":"Koningdrone.be - Su especialista en l\u00ednea en drones, cardanes, c\u00e1maras y centrales el\u00e9ctricas.","description":"La tienda virtual de drones y cardanes","publisher":{"@id":"https:\/\/koningdrone.be\/#organization"},"potentialAction":[{"@type":"SearchAction","target":{"@type":"EntryPoint","urlTemplate":"https:\/\/koningdrone.be\/?s={search_term_string}"},"query-input":{"@type":"PropertyValueSpecification","valueRequired":true,"valueName":"search_term_string"}}],"inLanguage":"es"},{"@type":"Organization","@id":"https:\/\/koningdrone.be\/#organization","name":"Kingdrone.es","url":"https:\/\/koningdrone.be\/","logo":{"@type":"ImageObject","inLanguage":"es","@id":"https:\/\/koningdrone.be\/#\/schema\/logo\/image\/","url":"https:\/\/koningdrone.be\/wp-content\/uploads\/sites\/13\/2025\/04\/koningdrone-copyright-logo.svg","contentUrl":"https:\/\/koningdrone.be\/wp-content\/uploads\/sites\/13\/2025\/04\/koningdrone-copyright-logo.svg","width":227,"height":38,"caption":"Koningdrone.be"},"image":{"@id":"https:\/\/koningdrone.be\/#\/schema\/logo\/image\/"}}]}},"df_price":69,"df_sale_price":"","df_regular_price":69,"df_image_link":"https:\/\/koningdrone.be\/wp-content\/uploads\/sites\/13\/2025\/04\/922840db0cfaf537bfdfee3caf73ac94@ultra-300x300.jpg","_links":{"self":[{"href":"https:\/\/koningdrone.be\/es\/wp-json\/wp\/v2\/product\/3792","targetHints":{"allow":["GET"]}}],"collection":[{"href":"https:\/\/koningdrone.be\/es\/wp-json\/wp\/v2\/product"}],"about":[{"href":"https:\/\/koningdrone.be\/es\/wp-json\/wp\/v2\/types\/product"}],"wp:featuredmedia":[{"embeddable":true,"href":"https:\/\/koningdrone.be\/es\/wp-json\/wp\/v2\/media\/3790"}],"wp:attachment":[{"href":"https:\/\/koningdrone.be\/es\/wp-json\/wp\/v2\/media?parent=3792"}],"wp:term":[{"taxonomy":"product_brand","embeddable":true,"href":"https:\/\/koningdrone.be\/es\/wp-json\/wp\/v2\/product_brand?post=3792"},{"taxonomy":"product_cat","embeddable":true,"href":"https:\/\/koningdrone.be\/es\/wp-json\/wp\/v2\/product_cat?post=3792"},{"taxonomy":"product_tag","embeddable":true,"href":"https:\/\/koningdrone.be\/es\/wp-json\/wp\/v2\/product_tag?post=3792"}],"curies":[{"name":"wp","href":"https:\/\/api.w.org\/{rel}","templated":true}]}}