{"id":3786,"date":"2024-03-18T10:43:33","date_gmt":"2024-03-18T09:43:33","guid":{"rendered":"https:\/\/koningdrone.nl\/kon\/product\/livox-mid-360\/"},"modified":"2025-08-27T11:36:34","modified_gmt":"2025-08-27T09:36:34","slug":"livox-mid-360","status":"publish","type":"product","link":"https:\/\/koningdrone.be\/es\/producto\/livox-mid-360\/","title":{"rendered":"Livox Mid-360"},"content":{"rendered":"<p><strong>Dise\u00f1o compacto para mayor versatilidad<\/strong><\/p>\n<p> Nuestro producto es un sistema LiDAR compacto, perfecto para robots m\u00f3viles que necesitan ayuda para navegar por su entorno, evitar obst\u00e1culos y realizar tareas de detecci\u00f3n complejas. Su peque\u00f1o tama\u00f1o lo hace incre\u00edblemente vers\u00e1til para diversas aplicaciones sobre la marcha.<\/p>\n<p><strong>Campo de visi\u00f3n ampliado<\/strong><\/p>\n<p> Una de las caracter\u00edsticas m\u00e1s llamativas de este LiDAR es su amplio campo de visi\u00f3n, con una cobertura horizontal de 360\u00b0 y vertical de 59\u00b0. Esta amplia cobertura le permite generar mapas 3D detallados del entorno, proporcionando a los robots los abundantes datos que necesitan para tomar decisiones con conocimiento de causa.<\/p>\n<p><strong>Capacidad de detecci\u00f3n 3D mejorada<\/strong><\/p>\n<p> La \u00faltima mejora de nuestra tecnolog\u00eda LiDAR incluye funciones de detecci\u00f3n 3D. Esto significa que ahora puede captar una imagen completa del entorno, lo que permite funciones como la cartograf\u00eda aut\u00f3noma y la localizaci\u00f3n precisa. Esto es crucial para que los robots comprendan con precisi\u00f3n su entorno e interact\u00faen con \u00e9l.<\/p>\n<p><strong>Funcionalidad de clasificaci\u00f3n de objetos<\/strong><\/p>\n<p> Adem\u00e1s, este LiDAR va m\u00e1s all\u00e1 de la navegaci\u00f3n y la evitaci\u00f3n de obst\u00e1culos. Tambi\u00e9n est\u00e1 equipado para ayudar a clasificar los objetos detectados. Esta funcionalidad ampliada abre nuevas posibilidades a los robots m\u00f3viles, permiti\u00e9ndoles explotar al m\u00e1ximo sus capacidades en una amplia gama de aplicaciones.<\/p>\n<p><\/p>","protected":false},"excerpt":{"rendered":"<ul>\n<li>Tama\u00f1o port\u00e1til, ideal para robots m\u00f3viles<\/li>\n<li> Mayor campo de visi\u00f3n de 360\u00b0 en horizontal y 59\u00b0 en vertical<\/li>\n<li> Crea datos completos de nubes de puntos<\/li>\n<li> Mejorada con detecci\u00f3n 3D<\/li>\n<li> Permite la cartograf\u00eda y localizaci\u00f3n aut\u00f3nomas<\/li>\n<li> Ayuda a la navegaci\u00f3n, la evitaci\u00f3n de obst\u00e1culos y la clasificaci\u00f3n de objetos<\/li>\n<\/ul>","protected":false},"featured_media":3783,"template":"","meta":{"_acf_changed":false},"product_brand":[],"product_cat":[187,97,751],"product_tag":[],"class_list":{"0":"post-3786","1":"product","2":"type-product","3":"status-publish","4":"has-post-thumbnail","6":"product_cat-alle-lidar","7":"product_cat-alle-producten","8":"product_cat-livox","9":"pa_brand-dji","10":"pa_productfamily-lidar-sensor","11":"pa_producttype-lidar-sensor","12":"pa_series-livox","14":"first","15":"instock","16":"taxable","17":"shipping-taxable","18":"product-type-simple"},"acf":[],"yoast_head":"<!-- This site is optimized with the Yoast SEO Premium plugin v27.2 (Yoast SEO v27.2) - https:\/\/yoast.com\/product\/yoast-seo-premium-wordpress\/ -->\n<title>Livox Mid-360 - koningdrone.be<\/title>\n<meta name=\"robots\" content=\"index, follow, max-snippet:-1, max-image-preview:large, max-video-preview:-1\" \/>\n<link rel=\"canonical\" href=\"https:\/\/koningdrone.be\/es\/producto\/livox-mid-360\/\" \/>\n<meta property=\"og:locale\" content=\"es_ES\" \/>\n<meta property=\"og:type\" content=\"article\" \/>\n<meta property=\"og:title\" content=\"Livox Mid-360\" \/>\n<meta property=\"og:description\" content=\"Draagbaar formaat, ideaal voor mobiele robots Groter gezichtsveld van 360\u00b0 horizontaal en 59\u00b0 verticaal Cre\u00ebert uitgebreide puntenwolkgegevens Ge\u00fcpgraded met 3D-detectie Maakt autonome mapping en lokalisatie mogelijk Helpt bij navigatie, het vermijden van obstakels en objectclassificatie\" \/>\n<meta property=\"og:url\" content=\"https:\/\/koningdrone.be\/es\/producto\/livox-mid-360\/\" \/>\n<meta property=\"og:site_name\" content=\"koningdrone.be\" \/>\n<meta property=\"article:modified_time\" content=\"2025-08-27T09:36:34+00:00\" \/>\n<meta property=\"og:image\" content=\"https:\/\/koningdrone.be\/wp-content\/uploads\/sites\/13\/2025\/04\/083847cdb43265712b3323f0dc2a505d@ultra.jpg\" \/>\n\t<meta property=\"og:image:width\" content=\"1280\" \/>\n\t<meta property=\"og:image:height\" content=\"1280\" \/>\n\t<meta property=\"og:image:type\" content=\"image\/jpeg\" \/>\n<meta name=\"twitter:card\" content=\"summary_large_image\" \/>\n<meta name=\"twitter:label1\" content=\"Tiempo de lectura\" \/>\n\t<meta name=\"twitter:data1\" content=\"1 minuto\" \/>\n<script type=\"application\/ld+json\" class=\"yoast-schema-graph\">{\"@context\":\"https:\/\/schema.org\",\"@graph\":[{\"@type\":\"WebPage\",\"@id\":\"https:\/\/koningdrone.be\/product\/livox-mid-360\/\",\"url\":\"https:\/\/koningdrone.be\/product\/livox-mid-360\/\",\"name\":\"Livox Mid-360 - koningdrone.be\",\"isPartOf\":{\"@id\":\"https:\/\/koningdrone.be\/#website\"},\"primaryImageOfPage\":{\"@id\":\"https:\/\/koningdrone.be\/product\/livox-mid-360\/#primaryimage\"},\"image\":{\"@id\":\"https:\/\/koningdrone.be\/product\/livox-mid-360\/#primaryimage\"},\"thumbnailUrl\":\"https:\/\/koningdrone.be\/wp-content\/uploads\/sites\/13\/2025\/04\/083847cdb43265712b3323f0dc2a505d@ultra.jpg\",\"datePublished\":\"2024-03-18T09:43:33+00:00\",\"dateModified\":\"2025-08-27T09:36:34+00:00\",\"breadcrumb\":{\"@id\":\"https:\/\/koningdrone.be\/product\/livox-mid-360\/#breadcrumb\"},\"inLanguage\":\"es\",\"potentialAction\":[{\"@type\":\"ReadAction\",\"target\":[\"https:\/\/koningdrone.be\/product\/livox-mid-360\/\"]}]},{\"@type\":\"ImageObject\",\"inLanguage\":\"es\",\"@id\":\"https:\/\/koningdrone.be\/product\/livox-mid-360\/#primaryimage\",\"url\":\"https:\/\/koningdrone.be\/wp-content\/uploads\/sites\/13\/2025\/04\/083847cdb43265712b3323f0dc2a505d@ultra.jpg\",\"contentUrl\":\"https:\/\/koningdrone.be\/wp-content\/uploads\/sites\/13\/2025\/04\/083847cdb43265712b3323f0dc2a505d@ultra.jpg\",\"width\":1280,\"height\":1280},{\"@type\":\"BreadcrumbList\",\"@id\":\"https:\/\/koningdrone.be\/product\/livox-mid-360\/#breadcrumb\",\"itemListElement\":[{\"@type\":\"ListItem\",\"position\":1,\"name\":\"Home\",\"item\":\"https:\/\/koningdrone.be\/\"},{\"@type\":\"ListItem\",\"position\":2,\"name\":\"AVSS Parachute Recovery System for DJI Matrice 300\/350\",\"item\":\"https:\/\/koningdrone.be\/product\/avss-parachute-recovery-system-for-dji-matrice-300-350\/\"},{\"@type\":\"ListItem\",\"position\":3,\"name\":\"Alle LiDaR\",\"item\":\"https:\/\/koningdrone.be\/categorie\/alle-lidar\/\"},{\"@type\":\"ListItem\",\"position\":4,\"name\":\"Livox Mid-360\"}]},{\"@type\":\"WebSite\",\"@id\":\"https:\/\/koningdrone.be\/#website\",\"url\":\"https:\/\/koningdrone.be\/\",\"name\":\"Koningdrone.be - Uw online specialist in drones, gimbals, camera's en power stations.\",\"description\":\"De webshop in drones en gimbals\",\"publisher\":{\"@id\":\"https:\/\/koningdrone.be\/#organization\"},\"potentialAction\":[{\"@type\":\"SearchAction\",\"target\":{\"@type\":\"EntryPoint\",\"urlTemplate\":\"https:\/\/koningdrone.be\/?s={search_term_string}\"},\"query-input\":{\"@type\":\"PropertyValueSpecification\",\"valueRequired\":true,\"valueName\":\"search_term_string\"}}],\"inLanguage\":\"es\"},{\"@type\":\"Organization\",\"@id\":\"https:\/\/koningdrone.be\/#organization\",\"name\":\"Koningdrone.be\",\"url\":\"https:\/\/koningdrone.be\/\",\"logo\":{\"@type\":\"ImageObject\",\"inLanguage\":\"es\",\"@id\":\"https:\/\/koningdrone.be\/#\/schema\/logo\/image\/\",\"url\":\"https:\/\/koningdrone.be\/wp-content\/uploads\/sites\/13\/2025\/04\/koningdrone-copyright-logo.svg\",\"contentUrl\":\"https:\/\/koningdrone.be\/wp-content\/uploads\/sites\/13\/2025\/04\/koningdrone-copyright-logo.svg\",\"width\":227,\"height\":38,\"caption\":\"Koningdrone.be\"},\"image\":{\"@id\":\"https:\/\/koningdrone.be\/#\/schema\/logo\/image\/\"}}]}<\/script>\n<!-- \/ Yoast SEO Premium plugin. -->","yoast_head_json":{"title":"Livox Mid-360 - koningdrone.be","robots":{"index":"index","follow":"follow","max-snippet":"max-snippet:-1","max-image-preview":"max-image-preview:large","max-video-preview":"max-video-preview:-1"},"canonical":"https:\/\/koningdrone.be\/es\/producto\/livox-mid-360\/","og_locale":"es_ES","og_type":"article","og_title":"Livox Mid-360","og_description":"Draagbaar formaat, ideaal voor mobiele robots Groter gezichtsveld van 360\u00b0 horizontaal en 59\u00b0 verticaal Cre\u00ebert uitgebreide puntenwolkgegevens Ge\u00fcpgraded met 3D-detectie Maakt autonome mapping en lokalisatie mogelijk Helpt bij navigatie, het vermijden van obstakels en objectclassificatie","og_url":"https:\/\/koningdrone.be\/es\/producto\/livox-mid-360\/","og_site_name":"koningdrone.be","article_modified_time":"2025-08-27T09:36:34+00:00","og_image":[{"width":1280,"height":1280,"url":"https:\/\/koningdrone.be\/wp-content\/uploads\/sites\/13\/2025\/04\/083847cdb43265712b3323f0dc2a505d@ultra.jpg","type":"image\/jpeg"}],"twitter_card":"summary_large_image","twitter_misc":{"Tiempo de lectura":"1 minuto"},"schema":{"@context":"https:\/\/schema.org","@graph":[{"@type":"WebPage","@id":"https:\/\/koningdrone.be\/product\/livox-mid-360\/","url":"https:\/\/koningdrone.be\/product\/livox-mid-360\/","name":"Livox Mid-360 - koningdrone.be","isPartOf":{"@id":"https:\/\/koningdrone.be\/#website"},"primaryImageOfPage":{"@id":"https:\/\/koningdrone.be\/product\/livox-mid-360\/#primaryimage"},"image":{"@id":"https:\/\/koningdrone.be\/product\/livox-mid-360\/#primaryimage"},"thumbnailUrl":"https:\/\/koningdrone.be\/wp-content\/uploads\/sites\/13\/2025\/04\/083847cdb43265712b3323f0dc2a505d@ultra.jpg","datePublished":"2024-03-18T09:43:33+00:00","dateModified":"2025-08-27T09:36:34+00:00","breadcrumb":{"@id":"https:\/\/koningdrone.be\/product\/livox-mid-360\/#breadcrumb"},"inLanguage":"es","potentialAction":[{"@type":"ReadAction","target":["https:\/\/koningdrone.be\/product\/livox-mid-360\/"]}]},{"@type":"ImageObject","inLanguage":"es","@id":"https:\/\/koningdrone.be\/product\/livox-mid-360\/#primaryimage","url":"https:\/\/koningdrone.be\/wp-content\/uploads\/sites\/13\/2025\/04\/083847cdb43265712b3323f0dc2a505d@ultra.jpg","contentUrl":"https:\/\/koningdrone.be\/wp-content\/uploads\/sites\/13\/2025\/04\/083847cdb43265712b3323f0dc2a505d@ultra.jpg","width":1280,"height":1280},{"@type":"BreadcrumbList","@id":"https:\/\/koningdrone.be\/product\/livox-mid-360\/#breadcrumb","itemListElement":[{"@type":"ListItem","position":1,"name":"Home","item":"https:\/\/koningdrone.be\/"},{"@type":"ListItem","position":2,"name":"AVSS Parachute Recovery System for DJI Matrice 300\/350","item":"https:\/\/koningdrone.be\/product\/avss-parachute-recovery-system-for-dji-matrice-300-350\/"},{"@type":"ListItem","position":3,"name":"Alle LiDaR","item":"https:\/\/koningdrone.be\/categorie\/alle-lidar\/"},{"@type":"ListItem","position":4,"name":"Livox Mid-360"}]},{"@type":"WebSite","@id":"https:\/\/koningdrone.be\/#website","url":"https:\/\/koningdrone.be\/","name":"Koningdrone.be - Su especialista en l\u00ednea en drones, cardanes, c\u00e1maras y centrales el\u00e9ctricas.","description":"La tienda virtual de drones y cardanes","publisher":{"@id":"https:\/\/koningdrone.be\/#organization"},"potentialAction":[{"@type":"SearchAction","target":{"@type":"EntryPoint","urlTemplate":"https:\/\/koningdrone.be\/?s={search_term_string}"},"query-input":{"@type":"PropertyValueSpecification","valueRequired":true,"valueName":"search_term_string"}}],"inLanguage":"es"},{"@type":"Organization","@id":"https:\/\/koningdrone.be\/#organization","name":"Kingdrone.es","url":"https:\/\/koningdrone.be\/","logo":{"@type":"ImageObject","inLanguage":"es","@id":"https:\/\/koningdrone.be\/#\/schema\/logo\/image\/","url":"https:\/\/koningdrone.be\/wp-content\/uploads\/sites\/13\/2025\/04\/koningdrone-copyright-logo.svg","contentUrl":"https:\/\/koningdrone.be\/wp-content\/uploads\/sites\/13\/2025\/04\/koningdrone-copyright-logo.svg","width":227,"height":38,"caption":"Koningdrone.be"},"image":{"@id":"https:\/\/koningdrone.be\/#\/schema\/logo\/image\/"}}]}},"df_price":"","df_sale_price":"","df_regular_price":"","df_image_link":"https:\/\/koningdrone.be\/wp-content\/uploads\/sites\/13\/2025\/04\/083847cdb43265712b3323f0dc2a505d@ultra-300x300.jpg","_links":{"self":[{"href":"https:\/\/koningdrone.be\/es\/wp-json\/wp\/v2\/product\/3786","targetHints":{"allow":["GET"]}}],"collection":[{"href":"https:\/\/koningdrone.be\/es\/wp-json\/wp\/v2\/product"}],"about":[{"href":"https:\/\/koningdrone.be\/es\/wp-json\/wp\/v2\/types\/product"}],"wp:featuredmedia":[{"embeddable":true,"href":"https:\/\/koningdrone.be\/es\/wp-json\/wp\/v2\/media\/3783"}],"wp:attachment":[{"href":"https:\/\/koningdrone.be\/es\/wp-json\/wp\/v2\/media?parent=3786"}],"wp:term":[{"taxonomy":"product_brand","embeddable":true,"href":"https:\/\/koningdrone.be\/es\/wp-json\/wp\/v2\/product_brand?post=3786"},{"taxonomy":"product_cat","embeddable":true,"href":"https:\/\/koningdrone.be\/es\/wp-json\/wp\/v2\/product_cat?post=3786"},{"taxonomy":"product_tag","embeddable":true,"href":"https:\/\/koningdrone.be\/es\/wp-json\/wp\/v2\/product_tag?post=3786"}],"curies":[{"name":"wp","href":"https:\/\/api.w.org\/{rel}","templated":true}]}}