{"id":3774,"date":"2024-03-18T10:43:33","date_gmt":"2024-03-18T09:43:33","guid":{"rendered":"https:\/\/koningdrone.nl\/kon\/product\/zenmuse-l2\/"},"modified":"2026-04-29T14:50:55","modified_gmt":"2026-04-29T12:50:55","slug":"zenmuse-l2","status":"publish","type":"product","link":"https:\/\/koningdrone.be\/es\/producto\/zenmuse-l2\/","title":{"rendered":"Zenmuse L2"},"content":{"rendered":"<p><strong>Tecnolog\u00eda de posicionamiento de alta precisi\u00f3n<\/strong><\/p>\n<p>Este producto integra la tecnolog\u00eda del Sistema Mundial de Navegaci\u00f3n por Sat\u00e9lite (GNSS) con un sistema de Unidad de Medici\u00f3n Inercial (IMU) de alta precisi\u00f3n desarrollado internamente, que proporciona una precisi\u00f3n vertical de 4 cm y horizontal de 5 cm. Esta combinaci\u00f3n de tecnolog\u00edas garantiza un seguimiento preciso de la ubicaci\u00f3n y la recopilaci\u00f3n de datos, lo que la convierte en una soluci\u00f3n l\u00edder en su campo.<\/p>\n<p><strong>Listo para usar y eficaz<\/strong><\/p>\n<p>Dise\u00f1ado pensando en la eficiencia y la facilidad de uso, este producto est\u00e1 listo para utilizarse inmediatamente despu\u00e9s de su activaci\u00f3n. Es capaz de cubrir un \u00e1rea de 2,5 kil\u00f3metros cuadrados en un solo vuelo, lo que demuestra su capacidad para recopilar datos exhaustivos de forma r\u00e1pida y eficaz, algo esencial para proyectos en los que el tiempo es un factor determinante.<\/p>\n<p><strong>Impresionante alcance de detecci\u00f3n<\/strong><\/p>\n<p>El producto presenta un notable alcance de detecci\u00f3n, identificando objetos hasta 250 metros de distancia con luz brillante y hasta 450 metros en la oscuridad, con distintos grados de reflectividad. Funciona a alturas de hasta 120 metros y demuestra su versatilidad y eficacia en distintas condiciones ambientales.<\/p>\n<p><strong>Mayor detalle y precisi\u00f3n<\/strong><\/p>\n<p>Su avanzada tecnolog\u00eda permite detectar objetos m\u00e1s peque\u00f1os y obtener modelos muy detallados. Con un tama\u00f1o de punto de 4\u00d712 cm a 100 metros de distancia, el producto alcanza un nivel de detalle significativamente mayor que las versiones anteriores, lo que mejora la calidad y la precisi\u00f3n de los datos recopilados.<\/p>\n<p><strong>Modelado 3D y mapas digitales de elevaci\u00f3n<\/strong><\/p>\n<p>Con un simple clic, este producto puede generar un modelo de nube de puntos 3D y un Modelo Digital de Elevaci\u00f3n (DEM), agilizando el proceso de cartograf\u00eda. La calidad de la nube de puntos puede analizarse a fondo con el software DJI Terra, lo que permite cartografiar el terreno con precisi\u00f3n y detalle.<\/p>\n<p><strong>Modos de visualizaci\u00f3n flexibles<\/strong><\/p>\n<p>El producto admite tres modos de visualizaci\u00f3n diferentes: RGB (im\u00e1genes en color), nube de puntos (una colecci\u00f3n de puntos de datos en el espacio) y una visualizaci\u00f3n paralela de nube de puntos y RGB. Esta versatilidad permite a los usuarios previsualizar f\u00e1cilmente los modelos de nubes de puntos 3D grabados, lo que facilita el seguimiento del progreso en tiempo real y mejora la experiencia del usuario.<\/p>","protected":false},"excerpt":{"rendered":"<ul>\n<li>Precisi\u00f3n vertical de 4 cm y horizontal de 5 cm con sistema GNSS e IMU.<\/li>\n<li>Recoge datos de nubes de puntos de 2,5 km\u00b2 en un solo vuelo.<\/li>\n<li>Alcance de detecci\u00f3n de hasta 250 m (baja reflectividad) y 450 m (alta reflectividad).<\/li>\n<li>Su altitud operativa alcanza los 120 metros.<\/li>\n<li>Tama\u00f1o de punto de 4\u00d712 cm a 100 m para una detecci\u00f3n m\u00e1s precisa de los objetos.<\/li>\n<li>Genera modelos est\u00e1ndar de nubes de puntos 3D y DEM con un solo clic.<\/li>\n<li>Admite los modos RGB, nube de puntos y visualizaci\u00f3n en paralelo.<\/li>\n<li>Seguimiento del progreso en tiempo real con previsualizaci\u00f3n r\u00e1pida del modelo de nube de puntos en 3D.<\/li>\n<\/ul>","protected":false},"featured_media":3772,"template":"","meta":{"_acf_changed":false},"product_brand":[],"product_cat":[298,187,97,153,316,742,115],"product_tag":[],"class_list":{"0":"post-3774","1":"product","2":"type-product","3":"status-publish","4":"has-post-thumbnail","6":"product_cat-alle-industriele-camera","7":"product_cat-alle-lidar","8":"product_cat-alle-producten","9":"product_cat-dji-matrice-350","10":"product_cat-dji-zenmuse","11":"product_cat-dji-zenmuse-l1","12":"product_cat-inspecties-met-drones","13":"product_shipping_class-outofstock","14":"pa_brand-dji","15":"pa_productfamily-lidar","16":"pa_producttype-lidar","17":"pa_series-zenmuse","19":"first","20":"outofstock","21":"taxable","22":"shipping-taxable","23":"purchasable","24":"product-type-simple"},"acf":[],"yoast_head":"<!-- This site is optimized with the Yoast SEO Premium plugin v27.2 (Yoast SEO v27.2) - https:\/\/yoast.com\/product\/yoast-seo-premium-wordpress\/ -->\n<title>Zenmuse L2 - koningdrone.be<\/title>\n<meta name=\"robots\" content=\"index, follow, max-snippet:-1, max-image-preview:large, max-video-preview:-1\" \/>\n<link rel=\"canonical\" href=\"https:\/\/koningdrone.be\/es\/producto\/zenmuse-l2\/\" \/>\n<meta property=\"og:locale\" content=\"es_ES\" \/>\n<meta property=\"og:type\" content=\"article\" \/>\n<meta property=\"og:title\" content=\"Zenmuse L2\" \/>\n<meta property=\"og:description\" content=\"4 cm verticale en 5 cm horizontale nauwkeurigheid met GNSS- en IMU-systeem.  Verzamelt puntenwolkgegevens van 2,5 km\u00b2 in \u00e9\u00e9n enkele vlucht.  Detectiebereik tot 250 m (lage reflectiviteit) en 450 m (hoge reflectiviteit).  De operationele hoogte reikt tot 120 meter.  Spotgrootte van 4\u00d712 cm op 100m voor fijnere objectdetectie.  Genereert standaard 3D-puntenwolkmodellen en DEM met \u00e9\u00e9n klik.  Ondersteunt RGB-, puntenwolk- en zij-aan-zij-weergavemodi.  Realtime voortgangsbewaking met snelle preview van het 3D-puntenwolkmodel.\" \/>\n<meta property=\"og:url\" content=\"https:\/\/koningdrone.be\/es\/producto\/zenmuse-l2\/\" \/>\n<meta property=\"og:site_name\" content=\"koningdrone.be\" \/>\n<meta property=\"article:modified_time\" content=\"2026-04-29T12:50:55+00:00\" \/>\n<meta property=\"og:image\" content=\"https:\/\/koningdrone.be\/wp-content\/uploads\/sites\/13\/2025\/04\/c42e4348c4e5007593dd6063825d06e5@ultra.jpg\" \/>\n\t<meta property=\"og:image:width\" content=\"1280\" \/>\n\t<meta property=\"og:image:height\" content=\"1280\" \/>\n\t<meta property=\"og:image:type\" content=\"image\/jpeg\" \/>\n<meta name=\"twitter:card\" content=\"summary_large_image\" \/>\n<meta name=\"twitter:label1\" content=\"Tiempo de lectura\" \/>\n\t<meta name=\"twitter:data1\" content=\"2 minutos\" \/>\n<script type=\"application\/ld+json\" class=\"yoast-schema-graph\">{\"@context\":\"https:\/\/schema.org\",\"@graph\":[{\"@type\":\"WebPage\",\"@id\":\"https:\/\/koningdrone.be\/product\/zenmuse-l2\/\",\"url\":\"https:\/\/koningdrone.be\/product\/zenmuse-l2\/\",\"name\":\"Zenmuse L2 - koningdrone.be\",\"isPartOf\":{\"@id\":\"https:\/\/koningdrone.be\/#website\"},\"primaryImageOfPage\":{\"@id\":\"https:\/\/koningdrone.be\/product\/zenmuse-l2\/#primaryimage\"},\"image\":{\"@id\":\"https:\/\/koningdrone.be\/product\/zenmuse-l2\/#primaryimage\"},\"thumbnailUrl\":\"https:\/\/koningdrone.be\/wp-content\/uploads\/sites\/13\/2025\/04\/c42e4348c4e5007593dd6063825d06e5@ultra.jpg\",\"datePublished\":\"2024-03-18T09:43:33+00:00\",\"dateModified\":\"2026-04-29T12:50:55+00:00\",\"breadcrumb\":{\"@id\":\"https:\/\/koningdrone.be\/product\/zenmuse-l2\/#breadcrumb\"},\"inLanguage\":\"es\",\"potentialAction\":[{\"@type\":\"ReadAction\",\"target\":[\"https:\/\/koningdrone.be\/product\/zenmuse-l2\/\"]}]},{\"@type\":\"ImageObject\",\"inLanguage\":\"es\",\"@id\":\"https:\/\/koningdrone.be\/product\/zenmuse-l2\/#primaryimage\",\"url\":\"https:\/\/koningdrone.be\/wp-content\/uploads\/sites\/13\/2025\/04\/c42e4348c4e5007593dd6063825d06e5@ultra.jpg\",\"contentUrl\":\"https:\/\/koningdrone.be\/wp-content\/uploads\/sites\/13\/2025\/04\/c42e4348c4e5007593dd6063825d06e5@ultra.jpg\",\"width\":1280,\"height\":1280},{\"@type\":\"BreadcrumbList\",\"@id\":\"https:\/\/koningdrone.be\/product\/zenmuse-l2\/#breadcrumb\",\"itemListElement\":[{\"@type\":\"ListItem\",\"position\":1,\"name\":\"Home\",\"item\":\"https:\/\/koningdrone.be\/\"},{\"@type\":\"ListItem\",\"position\":2,\"name\":\"AVSS Parachute Recovery System for DJI Matrice 300\/350\",\"item\":\"https:\/\/koningdrone.be\/product\/avss-parachute-recovery-system-for-dji-matrice-300-350\/\"},{\"@type\":\"ListItem\",\"position\":3,\"name\":\"Alle industriele camera\",\"item\":\"https:\/\/koningdrone.be\/categorie\/alle-industriele-camera\/\"},{\"@type\":\"ListItem\",\"position\":4,\"name\":\"Zenmuse L2\"}]},{\"@type\":\"WebSite\",\"@id\":\"https:\/\/koningdrone.be\/#website\",\"url\":\"https:\/\/koningdrone.be\/\",\"name\":\"Koningdrone.be - Uw online specialist in drones, gimbals, camera's en power stations.\",\"description\":\"De webshop in drones en gimbals\",\"publisher\":{\"@id\":\"https:\/\/koningdrone.be\/#organization\"},\"potentialAction\":[{\"@type\":\"SearchAction\",\"target\":{\"@type\":\"EntryPoint\",\"urlTemplate\":\"https:\/\/koningdrone.be\/?s={search_term_string}\"},\"query-input\":{\"@type\":\"PropertyValueSpecification\",\"valueRequired\":true,\"valueName\":\"search_term_string\"}}],\"inLanguage\":\"es\"},{\"@type\":\"Organization\",\"@id\":\"https:\/\/koningdrone.be\/#organization\",\"name\":\"Koningdrone.be\",\"url\":\"https:\/\/koningdrone.be\/\",\"logo\":{\"@type\":\"ImageObject\",\"inLanguage\":\"es\",\"@id\":\"https:\/\/koningdrone.be\/#\/schema\/logo\/image\/\",\"url\":\"https:\/\/koningdrone.be\/wp-content\/uploads\/sites\/13\/2025\/04\/koningdrone-copyright-logo.svg\",\"contentUrl\":\"https:\/\/koningdrone.be\/wp-content\/uploads\/sites\/13\/2025\/04\/koningdrone-copyright-logo.svg\",\"width\":227,\"height\":38,\"caption\":\"Koningdrone.be\"},\"image\":{\"@id\":\"https:\/\/koningdrone.be\/#\/schema\/logo\/image\/\"}}]}<\/script>\n<!-- \/ Yoast SEO Premium plugin. -->","yoast_head_json":{"title":"Zenmuse L2 - koningdrone.be","robots":{"index":"index","follow":"follow","max-snippet":"max-snippet:-1","max-image-preview":"max-image-preview:large","max-video-preview":"max-video-preview:-1"},"canonical":"https:\/\/koningdrone.be\/es\/producto\/zenmuse-l2\/","og_locale":"es_ES","og_type":"article","og_title":"Zenmuse L2","og_description":"4 cm verticale en 5 cm horizontale nauwkeurigheid met GNSS- en IMU-systeem.  Verzamelt puntenwolkgegevens van 2,5 km\u00b2 in \u00e9\u00e9n enkele vlucht.  Detectiebereik tot 250 m (lage reflectiviteit) en 450 m (hoge reflectiviteit).  De operationele hoogte reikt tot 120 meter.  Spotgrootte van 4\u00d712 cm op 100m voor fijnere objectdetectie.  Genereert standaard 3D-puntenwolkmodellen en DEM met \u00e9\u00e9n klik.  Ondersteunt RGB-, puntenwolk- en zij-aan-zij-weergavemodi.  Realtime voortgangsbewaking met snelle preview van het 3D-puntenwolkmodel.","og_url":"https:\/\/koningdrone.be\/es\/producto\/zenmuse-l2\/","og_site_name":"koningdrone.be","article_modified_time":"2026-04-29T12:50:55+00:00","og_image":[{"width":1280,"height":1280,"url":"https:\/\/koningdrone.be\/wp-content\/uploads\/sites\/13\/2025\/04\/c42e4348c4e5007593dd6063825d06e5@ultra.jpg","type":"image\/jpeg"}],"twitter_card":"summary_large_image","twitter_misc":{"Tiempo de lectura":"2 minutos"},"schema":{"@context":"https:\/\/schema.org","@graph":[{"@type":"WebPage","@id":"https:\/\/koningdrone.be\/product\/zenmuse-l2\/","url":"https:\/\/koningdrone.be\/product\/zenmuse-l2\/","name":"Zenmuse L2 - koningdrone.be","isPartOf":{"@id":"https:\/\/koningdrone.be\/#website"},"primaryImageOfPage":{"@id":"https:\/\/koningdrone.be\/product\/zenmuse-l2\/#primaryimage"},"image":{"@id":"https:\/\/koningdrone.be\/product\/zenmuse-l2\/#primaryimage"},"thumbnailUrl":"https:\/\/koningdrone.be\/wp-content\/uploads\/sites\/13\/2025\/04\/c42e4348c4e5007593dd6063825d06e5@ultra.jpg","datePublished":"2024-03-18T09:43:33+00:00","dateModified":"2026-04-29T12:50:55+00:00","breadcrumb":{"@id":"https:\/\/koningdrone.be\/product\/zenmuse-l2\/#breadcrumb"},"inLanguage":"es","potentialAction":[{"@type":"ReadAction","target":["https:\/\/koningdrone.be\/product\/zenmuse-l2\/"]}]},{"@type":"ImageObject","inLanguage":"es","@id":"https:\/\/koningdrone.be\/product\/zenmuse-l2\/#primaryimage","url":"https:\/\/koningdrone.be\/wp-content\/uploads\/sites\/13\/2025\/04\/c42e4348c4e5007593dd6063825d06e5@ultra.jpg","contentUrl":"https:\/\/koningdrone.be\/wp-content\/uploads\/sites\/13\/2025\/04\/c42e4348c4e5007593dd6063825d06e5@ultra.jpg","width":1280,"height":1280},{"@type":"BreadcrumbList","@id":"https:\/\/koningdrone.be\/product\/zenmuse-l2\/#breadcrumb","itemListElement":[{"@type":"ListItem","position":1,"name":"Home","item":"https:\/\/koningdrone.be\/"},{"@type":"ListItem","position":2,"name":"AVSS Parachute Recovery System for DJI Matrice 300\/350","item":"https:\/\/koningdrone.be\/product\/avss-parachute-recovery-system-for-dji-matrice-300-350\/"},{"@type":"ListItem","position":3,"name":"Alle industriele camera","item":"https:\/\/koningdrone.be\/categorie\/alle-industriele-camera\/"},{"@type":"ListItem","position":4,"name":"Zenmuse L2"}]},{"@type":"WebSite","@id":"https:\/\/koningdrone.be\/#website","url":"https:\/\/koningdrone.be\/","name":"Koningdrone.be - Su especialista en l\u00ednea en drones, cardanes, c\u00e1maras y centrales el\u00e9ctricas.","description":"La tienda virtual de drones y cardanes","publisher":{"@id":"https:\/\/koningdrone.be\/#organization"},"potentialAction":[{"@type":"SearchAction","target":{"@type":"EntryPoint","urlTemplate":"https:\/\/koningdrone.be\/?s={search_term_string}"},"query-input":{"@type":"PropertyValueSpecification","valueRequired":true,"valueName":"search_term_string"}}],"inLanguage":"es"},{"@type":"Organization","@id":"https:\/\/koningdrone.be\/#organization","name":"Kingdrone.es","url":"https:\/\/koningdrone.be\/","logo":{"@type":"ImageObject","inLanguage":"es","@id":"https:\/\/koningdrone.be\/#\/schema\/logo\/image\/","url":"https:\/\/koningdrone.be\/wp-content\/uploads\/sites\/13\/2025\/04\/koningdrone-copyright-logo.svg","contentUrl":"https:\/\/koningdrone.be\/wp-content\/uploads\/sites\/13\/2025\/04\/koningdrone-copyright-logo.svg","width":227,"height":38,"caption":"Koningdrone.be"},"image":{"@id":"https:\/\/koningdrone.be\/#\/schema\/logo\/image\/"}}]}},"df_price":13090,"df_sale_price":"","df_regular_price":13090,"df_image_link":"https:\/\/koningdrone.be\/wp-content\/uploads\/sites\/13\/2025\/04\/c42e4348c4e5007593dd6063825d06e5@ultra-300x300.jpg","_links":{"self":[{"href":"https:\/\/koningdrone.be\/es\/wp-json\/wp\/v2\/product\/3774","targetHints":{"allow":["GET"]}}],"collection":[{"href":"https:\/\/koningdrone.be\/es\/wp-json\/wp\/v2\/product"}],"about":[{"href":"https:\/\/koningdrone.be\/es\/wp-json\/wp\/v2\/types\/product"}],"wp:featuredmedia":[{"embeddable":true,"href":"https:\/\/koningdrone.be\/es\/wp-json\/wp\/v2\/media\/3772"}],"wp:attachment":[{"href":"https:\/\/koningdrone.be\/es\/wp-json\/wp\/v2\/media?parent=3774"}],"wp:term":[{"taxonomy":"product_brand","embeddable":true,"href":"https:\/\/koningdrone.be\/es\/wp-json\/wp\/v2\/product_brand?post=3774"},{"taxonomy":"product_cat","embeddable":true,"href":"https:\/\/koningdrone.be\/es\/wp-json\/wp\/v2\/product_cat?post=3774"},{"taxonomy":"product_tag","embeddable":true,"href":"https:\/\/koningdrone.be\/es\/wp-json\/wp\/v2\/product_tag?post=3774"}],"curies":[{"name":"wp","href":"https:\/\/api.w.org\/{rel}","templated":true}]}}