{"id":3771,"date":"2024-03-18T10:43:33","date_gmt":"2024-03-18T10:43:33","guid":{"rendered":"https:\/\/koningdrone.nl\/kon\/product\/dji-mic-2-tx-1-rx-charging-case\/"},"modified":"2025-04-29T11:56:43","modified_gmt":"2025-04-29T11:56:43","slug":"dji-mic-2-tx-1-rx-charging-case","status":"publish","type":"product","link":"https:\/\/koningdrone.be\/es\/producto\/dji-mic-2-tx-1-rx-charging-case\/","title":{"rendered":"DJI Mic (2 TX + 1 RX + Estuche de carga)"},"content":{"rendered":"<p><strong>Conectividad y portabilidad sin esfuerzo<\/strong><\/p>\n<p> Este producto proporciona una transmisi\u00f3n de audio n\u00edtida hasta 250 metros en espacios abiertos, gracias a su avanzada tecnolog\u00eda que elimina la necesidad de engorrosos cables y simplifica los procedimientos de instalaci\u00f3n. Con este sistema, los usuarios pueden disfrutar de una conexi\u00f3n perfecta, lo que subraya su notable eficacia y portabilidad.<\/p>\n<p><strong>Mayor duraci\u00f3n de la bater\u00eda<\/strong><\/p>\n<p> Los transmisores cuentan con una bater\u00eda de larga duraci\u00f3n, que puede funcionar durante 5,5 horas con una sola carga. Cuando se utiliza el cartucho de carga, la duraci\u00f3n total de la bater\u00eda se ampl\u00eda hasta 15 horas. Esta caracter\u00edstica reduce significativamente la preocupaci\u00f3n por los cortes de corriente durante el uso, garantizando fiabilidad y comodidad.<\/p>\n<p><strong>C\u00f3modas funciones de fijaci\u00f3n<\/strong><\/p>\n<p> Dise\u00f1ados pensando en la funcionalidad, cada transmisor est\u00e1 equipado con un clip trasero y una funci\u00f3n magn\u00e9tica. Estas caracter\u00edsticas garantizan una fijaci\u00f3n sin esfuerzo a la ropa, ofreciendo a los usuarios una experiencia de instalaci\u00f3n r\u00e1pida y sencilla, perfecta para entornos din\u00e1micos y de ritmo r\u00e1pido.<\/p>\n<p><strong>Receptor de f\u00e1cil manejo<\/strong><\/p>\n<p> El receptor incorpora una pantalla t\u00e1ctil OLED de 0,95 pulgadas y ofrece a los usuarios una interfaz intuitiva que facilita la navegaci\u00f3n y el manejo de las distintas funciones. Este dise\u00f1o de f\u00e1cil manejo permite un proceso de operaci\u00f3n eficiente y sencillo.<\/p>\n<p><strong>Grabaci\u00f3n de alta calidad y almacenamiento suficiente<\/strong><\/p>\n<p> Con 8 GB de almacenamiento integrado, este sistema puede grabar hasta 14 horas de audio de alta calidad (48 kHz 24 bits) sin compresi\u00f3n. Adem\u00e1s, permite transferir archivos sin esfuerzo a ordenadores mediante cable de datos, lo que mejora su utilidad para aplicaciones profesionales de grabaci\u00f3n de audio y radiodifusi\u00f3n.<\/p>\n<p><\/p>","protected":false},"excerpt":{"rendered":"<ul>\n<li>Malet\u00edn de carga para facilitar el transporte y el uso inmediato de los transmisores y el receptor.<\/li>\n<li> Admite un alcance de transmisi\u00f3n de audio de hasta 250 metros en entornos luminosos.<\/li>\n<li> Los transmisores ofrecen 5,5 horas, el casete de carga ampl\u00eda la duraci\u00f3n de la bater\u00eda a 15 horas.<\/li>\n<li> El transmisor tiene una pinza en la parte posterior y un dise\u00f1o magn\u00e9tico para sujetarlo f\u00e1cilmente a la ropa.<\/li>\n<li> El receptor incorpora una pantalla t\u00e1ctil OLED de 0,95 pulgadas para un manejo intuitivo.<\/li>\n<li> 8 GB de almacenamiento interno para hasta 14 horas de grabaci\u00f3n de audio a 48 kHz y 24 bits.<\/li>\n<li> Env\u00eda r\u00e1pidamente archivos de audio a un ordenador mediante un cable de datos.<\/li>\n<\/ul>","protected":false},"featured_media":3768,"template":"","meta":{"_acf_changed":false},"product_brand":[],"product_cat":[97,738,191,600,739],"product_tag":[],"class_list":{"0":"post-3771","1":"product","2":"type-product","3":"status-publish","4":"has-post-thumbnail","6":"product_cat-alle-producten","7":"product_cat-dji-accessoires","8":"product_cat-dji-mic","9":"product_cat-dji-mic-2","10":"product_cat-dji-producten","11":"pa_brand-dji","12":"pa_productfamily-microfoon","13":"pa_producttype-microfoon","14":"pa_series-mic-2","16":"first","17":"instock","18":"taxable","19":"shipping-taxable","20":"product-type-simple"},"acf":[],"yoast_head":"<!-- This site is optimized with the Yoast SEO Premium plugin v27.2 (Yoast SEO v27.2) - https:\/\/yoast.com\/product\/yoast-seo-premium-wordpress\/ -->\n<title>DJI Mic (2 TX + 1 RX + Charging Case) - koningdrone.be<\/title>\n<meta name=\"robots\" content=\"index, follow, max-snippet:-1, max-image-preview:large, max-video-preview:-1\" \/>\n<link rel=\"canonical\" href=\"https:\/\/koningdrone.be\/es\/producto\/dji-mic-2-tx-1-rx-charging-case\/\" \/>\n<meta property=\"og:locale\" content=\"es_ES\" \/>\n<meta property=\"og:type\" content=\"article\" \/>\n<meta property=\"og:title\" content=\"DJI Mic (2 TX + 1 RX + Charging Case)\" \/>\n<meta property=\"og:description\" content=\"Oplaadkoffer voor eenvoudig transport en direct gebruik van zenders en ontvanger. Ondersteunt een audiotransmissiebereik tot 250 meter in heldere omgevingen. Zenders bieden 5,5 uur, de oplaadcassette verlengt de levensduur van de batterij tot 15 uur. Zender heeft een clip aan de achterkant en een magnetisch ontwerp voor eenvoudige bevestiging aan kleding. Ontvanger voorzien van 0,95 inch OLED touchscreen voor intu\u00eftieve bediening. 8 GB interne opslag voor maximaal 14 uur 48 kHz 24-bit audio-opname. Snelle uitvoer van audiobestanden naar een computer via een datakabel.\" \/>\n<meta property=\"og:url\" content=\"https:\/\/koningdrone.be\/es\/producto\/dji-mic-2-tx-1-rx-charging-case\/\" \/>\n<meta property=\"og:site_name\" content=\"koningdrone.be\" \/>\n<meta property=\"article:modified_time\" content=\"2025-04-29T11:56:43+00:00\" \/>\n<meta property=\"og:image\" content=\"https:\/\/koningdrone.be\/wp-content\/uploads\/sites\/13\/2025\/04\/6dc0cfca2248107a627b78b7fd9c2b22@ultra.jpg\" \/>\n\t<meta property=\"og:image:width\" content=\"1280\" \/>\n\t<meta property=\"og:image:height\" content=\"1280\" \/>\n\t<meta property=\"og:image:type\" content=\"image\/jpeg\" \/>\n<meta name=\"twitter:card\" content=\"summary_large_image\" \/>\n<meta name=\"twitter:label1\" content=\"Tiempo de lectura\" \/>\n\t<meta name=\"twitter:data1\" content=\"1 minuto\" \/>\n<script type=\"application\/ld+json\" class=\"yoast-schema-graph\">{\"@context\":\"https:\/\/schema.org\",\"@graph\":[{\"@type\":\"WebPage\",\"@id\":\"https:\/\/koningdrone.be\/product\/dji-mic-2-tx-1-rx-charging-case\/\",\"url\":\"https:\/\/koningdrone.be\/product\/dji-mic-2-tx-1-rx-charging-case\/\",\"name\":\"DJI Mic (2 TX + 1 RX + Charging Case) - koningdrone.be\",\"isPartOf\":{\"@id\":\"https:\/\/koningdrone.be\/#website\"},\"primaryImageOfPage\":{\"@id\":\"https:\/\/koningdrone.be\/product\/dji-mic-2-tx-1-rx-charging-case\/#primaryimage\"},\"image\":{\"@id\":\"https:\/\/koningdrone.be\/product\/dji-mic-2-tx-1-rx-charging-case\/#primaryimage\"},\"thumbnailUrl\":\"https:\/\/koningdrone.be\/wp-content\/uploads\/sites\/13\/2025\/04\/6dc0cfca2248107a627b78b7fd9c2b22@ultra.jpg\",\"datePublished\":\"2024-03-18T10:43:33+00:00\",\"dateModified\":\"2025-04-29T11:56:43+00:00\",\"breadcrumb\":{\"@id\":\"https:\/\/koningdrone.be\/product\/dji-mic-2-tx-1-rx-charging-case\/#breadcrumb\"},\"inLanguage\":\"es\",\"potentialAction\":[{\"@type\":\"ReadAction\",\"target\":[\"https:\/\/koningdrone.be\/product\/dji-mic-2-tx-1-rx-charging-case\/\"]}]},{\"@type\":\"ImageObject\",\"inLanguage\":\"es\",\"@id\":\"https:\/\/koningdrone.be\/product\/dji-mic-2-tx-1-rx-charging-case\/#primaryimage\",\"url\":\"https:\/\/koningdrone.be\/wp-content\/uploads\/sites\/13\/2025\/04\/6dc0cfca2248107a627b78b7fd9c2b22@ultra.jpg\",\"contentUrl\":\"https:\/\/koningdrone.be\/wp-content\/uploads\/sites\/13\/2025\/04\/6dc0cfca2248107a627b78b7fd9c2b22@ultra.jpg\",\"width\":1280,\"height\":1280},{\"@type\":\"BreadcrumbList\",\"@id\":\"https:\/\/koningdrone.be\/product\/dji-mic-2-tx-1-rx-charging-case\/#breadcrumb\",\"itemListElement\":[{\"@type\":\"ListItem\",\"position\":1,\"name\":\"Home\",\"item\":\"https:\/\/koningdrone.be\/\"},{\"@type\":\"ListItem\",\"position\":2,\"name\":\"AVSS Parachute Recovery System for DJI Matrice 300\/350\",\"item\":\"https:\/\/koningdrone.be\/product\/avss-parachute-recovery-system-for-dji-matrice-300-350\/\"},{\"@type\":\"ListItem\",\"position\":3,\"name\":\"Alle producten\",\"item\":\"https:\/\/koningdrone.be\/categorie\/alle-producten\/\"},{\"@type\":\"ListItem\",\"position\":4,\"name\":\"DJI Mic (2 TX + 1 RX + Charging Case)\"}]},{\"@type\":\"WebSite\",\"@id\":\"https:\/\/koningdrone.be\/#website\",\"url\":\"https:\/\/koningdrone.be\/\",\"name\":\"Koningdrone.be - Uw online specialist in drones, gimbals, camera's en power stations.\",\"description\":\"De webshop in drones en gimbals\",\"publisher\":{\"@id\":\"https:\/\/koningdrone.be\/#organization\"},\"potentialAction\":[{\"@type\":\"SearchAction\",\"target\":{\"@type\":\"EntryPoint\",\"urlTemplate\":\"https:\/\/koningdrone.be\/?s={search_term_string}\"},\"query-input\":{\"@type\":\"PropertyValueSpecification\",\"valueRequired\":true,\"valueName\":\"search_term_string\"}}],\"inLanguage\":\"es\"},{\"@type\":\"Organization\",\"@id\":\"https:\/\/koningdrone.be\/#organization\",\"name\":\"Koningdrone.be\",\"url\":\"https:\/\/koningdrone.be\/\",\"logo\":{\"@type\":\"ImageObject\",\"inLanguage\":\"es\",\"@id\":\"https:\/\/koningdrone.be\/#\/schema\/logo\/image\/\",\"url\":\"https:\/\/koningdrone.be\/wp-content\/uploads\/sites\/13\/2025\/04\/koningdrone-copyright-logo.svg\",\"contentUrl\":\"https:\/\/koningdrone.be\/wp-content\/uploads\/sites\/13\/2025\/04\/koningdrone-copyright-logo.svg\",\"width\":227,\"height\":38,\"caption\":\"Koningdrone.be\"},\"image\":{\"@id\":\"https:\/\/koningdrone.be\/#\/schema\/logo\/image\/\"}}]}<\/script>\n<!-- \/ Yoast SEO Premium plugin. -->","yoast_head_json":{"title":"DJI Mic (2 TX + 1 RX + Charging Case) - koningdrone.be","robots":{"index":"index","follow":"follow","max-snippet":"max-snippet:-1","max-image-preview":"max-image-preview:large","max-video-preview":"max-video-preview:-1"},"canonical":"https:\/\/koningdrone.be\/es\/producto\/dji-mic-2-tx-1-rx-charging-case\/","og_locale":"es_ES","og_type":"article","og_title":"DJI Mic (2 TX + 1 RX + Charging Case)","og_description":"Oplaadkoffer voor eenvoudig transport en direct gebruik van zenders en ontvanger. Ondersteunt een audiotransmissiebereik tot 250 meter in heldere omgevingen. Zenders bieden 5,5 uur, de oplaadcassette verlengt de levensduur van de batterij tot 15 uur. Zender heeft een clip aan de achterkant en een magnetisch ontwerp voor eenvoudige bevestiging aan kleding. Ontvanger voorzien van 0,95 inch OLED touchscreen voor intu\u00eftieve bediening. 8 GB interne opslag voor maximaal 14 uur 48 kHz 24-bit audio-opname. Snelle uitvoer van audiobestanden naar een computer via een datakabel.","og_url":"https:\/\/koningdrone.be\/es\/producto\/dji-mic-2-tx-1-rx-charging-case\/","og_site_name":"koningdrone.be","article_modified_time":"2025-04-29T11:56:43+00:00","og_image":[{"width":1280,"height":1280,"url":"https:\/\/koningdrone.be\/wp-content\/uploads\/sites\/13\/2025\/04\/6dc0cfca2248107a627b78b7fd9c2b22@ultra.jpg","type":"image\/jpeg"}],"twitter_card":"summary_large_image","twitter_misc":{"Tiempo de lectura":"1 minuto"},"schema":{"@context":"https:\/\/schema.org","@graph":[{"@type":"WebPage","@id":"https:\/\/koningdrone.be\/product\/dji-mic-2-tx-1-rx-charging-case\/","url":"https:\/\/koningdrone.be\/product\/dji-mic-2-tx-1-rx-charging-case\/","name":"DJI Mic (2 TX + 1 RX + Charging Case) - koningdrone.be","isPartOf":{"@id":"https:\/\/koningdrone.be\/#website"},"primaryImageOfPage":{"@id":"https:\/\/koningdrone.be\/product\/dji-mic-2-tx-1-rx-charging-case\/#primaryimage"},"image":{"@id":"https:\/\/koningdrone.be\/product\/dji-mic-2-tx-1-rx-charging-case\/#primaryimage"},"thumbnailUrl":"https:\/\/koningdrone.be\/wp-content\/uploads\/sites\/13\/2025\/04\/6dc0cfca2248107a627b78b7fd9c2b22@ultra.jpg","datePublished":"2024-03-18T10:43:33+00:00","dateModified":"2025-04-29T11:56:43+00:00","breadcrumb":{"@id":"https:\/\/koningdrone.be\/product\/dji-mic-2-tx-1-rx-charging-case\/#breadcrumb"},"inLanguage":"es","potentialAction":[{"@type":"ReadAction","target":["https:\/\/koningdrone.be\/product\/dji-mic-2-tx-1-rx-charging-case\/"]}]},{"@type":"ImageObject","inLanguage":"es","@id":"https:\/\/koningdrone.be\/product\/dji-mic-2-tx-1-rx-charging-case\/#primaryimage","url":"https:\/\/koningdrone.be\/wp-content\/uploads\/sites\/13\/2025\/04\/6dc0cfca2248107a627b78b7fd9c2b22@ultra.jpg","contentUrl":"https:\/\/koningdrone.be\/wp-content\/uploads\/sites\/13\/2025\/04\/6dc0cfca2248107a627b78b7fd9c2b22@ultra.jpg","width":1280,"height":1280},{"@type":"BreadcrumbList","@id":"https:\/\/koningdrone.be\/product\/dji-mic-2-tx-1-rx-charging-case\/#breadcrumb","itemListElement":[{"@type":"ListItem","position":1,"name":"Home","item":"https:\/\/koningdrone.be\/"},{"@type":"ListItem","position":2,"name":"AVSS Parachute Recovery System for DJI Matrice 300\/350","item":"https:\/\/koningdrone.be\/product\/avss-parachute-recovery-system-for-dji-matrice-300-350\/"},{"@type":"ListItem","position":3,"name":"Alle producten","item":"https:\/\/koningdrone.be\/categorie\/alle-producten\/"},{"@type":"ListItem","position":4,"name":"DJI Mic (2 TX + 1 RX + Charging Case)"}]},{"@type":"WebSite","@id":"https:\/\/koningdrone.be\/#website","url":"https:\/\/koningdrone.be\/","name":"Koningdrone.be - Su especialista en l\u00ednea en drones, cardanes, c\u00e1maras y centrales el\u00e9ctricas.","description":"La tienda virtual de drones y cardanes","publisher":{"@id":"https:\/\/koningdrone.be\/#organization"},"potentialAction":[{"@type":"SearchAction","target":{"@type":"EntryPoint","urlTemplate":"https:\/\/koningdrone.be\/?s={search_term_string}"},"query-input":{"@type":"PropertyValueSpecification","valueRequired":true,"valueName":"search_term_string"}}],"inLanguage":"es"},{"@type":"Organization","@id":"https:\/\/koningdrone.be\/#organization","name":"Kingdrone.es","url":"https:\/\/koningdrone.be\/","logo":{"@type":"ImageObject","inLanguage":"es","@id":"https:\/\/koningdrone.be\/#\/schema\/logo\/image\/","url":"https:\/\/koningdrone.be\/wp-content\/uploads\/sites\/13\/2025\/04\/koningdrone-copyright-logo.svg","contentUrl":"https:\/\/koningdrone.be\/wp-content\/uploads\/sites\/13\/2025\/04\/koningdrone-copyright-logo.svg","width":227,"height":38,"caption":"Koningdrone.be"},"image":{"@id":"https:\/\/koningdrone.be\/#\/schema\/logo\/image\/"}}]}},"df_price":"","df_sale_price":"","df_regular_price":"","df_image_link":"https:\/\/koningdrone.be\/wp-content\/uploads\/sites\/13\/2025\/04\/6dc0cfca2248107a627b78b7fd9c2b22@ultra-300x300.jpg","_links":{"self":[{"href":"https:\/\/koningdrone.be\/es\/wp-json\/wp\/v2\/product\/3771","targetHints":{"allow":["GET"]}}],"collection":[{"href":"https:\/\/koningdrone.be\/es\/wp-json\/wp\/v2\/product"}],"about":[{"href":"https:\/\/koningdrone.be\/es\/wp-json\/wp\/v2\/types\/product"}],"wp:featuredmedia":[{"embeddable":true,"href":"https:\/\/koningdrone.be\/es\/wp-json\/wp\/v2\/media\/3768"}],"wp:attachment":[{"href":"https:\/\/koningdrone.be\/es\/wp-json\/wp\/v2\/media?parent=3771"}],"wp:term":[{"taxonomy":"product_brand","embeddable":true,"href":"https:\/\/koningdrone.be\/es\/wp-json\/wp\/v2\/product_brand?post=3771"},{"taxonomy":"product_cat","embeddable":true,"href":"https:\/\/koningdrone.be\/es\/wp-json\/wp\/v2\/product_cat?post=3771"},{"taxonomy":"product_tag","embeddable":true,"href":"https:\/\/koningdrone.be\/es\/wp-json\/wp\/v2\/product_tag?post=3771"}],"curies":[{"name":"wp","href":"https:\/\/api.w.org\/{rel}","templated":true}]}}