{"id":3767,"date":"2024-03-18T10:43:40","date_gmt":"2024-03-18T09:43:40","guid":{"rendered":"https:\/\/koningdrone.nl\/kon\/product\/dji-high-bright-remote-monitor\/"},"modified":"2026-04-29T04:40:58","modified_gmt":"2026-04-29T02:40:58","slug":"dji-high-bright-remote-monitor","status":"publish","type":"product","link":"https:\/\/koningdrone.be\/es\/producto\/dji-high-bright-remote-monitor\/","title":{"rendered":"Monitor remoto DJI de alta luminosidad"},"content":{"rendered":"<p><strong>Introducci\u00f3n al sistema de transmisi\u00f3n de v\u00eddeo O3 Pro<\/strong><\/p>\n<p> El sistema de transmisi\u00f3n de v\u00eddeo O3 Pro establece un nuevo est\u00e1ndar en este campo gracias a su capacidad para transmitir v\u00eddeos 1080p a 60 fotogramas por segundo a distancias de hasta 6.000 metros. El exclusivo modo broadcast, que admite un n\u00famero ilimitado de receptores, ofrece una comodidad sin igual para la supervisi\u00f3n de equipos y mejora notablemente la eficiencia del flujo de trabajo.<\/p>\n<p> <strong>Tecnolog\u00eda avanzada de salto de frecuencia<\/strong><\/p>\n<p> Gracias a la tecnolog\u00eda de salto de frecuencia autom\u00e1tico de triple banda en 2,4 GHz, 5,8 GHz y la Selecci\u00f3n Din\u00e1mica de Frecuencia (DFS), el sistema O3 Pro minimiza las interferencias. Esta tecnolog\u00eda garantiza que el sistema encuentre siempre el mejor canal inal\u00e1mbrico, lo que se traduce en una mejor calidad de transmisi\u00f3n.<\/p>\n<p> <strong>Baja latencia con la tecnolog\u00eda Ronin 4D<\/strong><\/p>\n<p> Aprovechando la tecnolog\u00eda utilizada en el Ronin 4D, incluida la soluci\u00f3n de chip, el sistema O3 Pro consigue una latencia ultrabaja en la transmisi\u00f3n de v\u00eddeo. Esta caracter\u00edstica es crucial para los profesionales que dependen de una respuesta precisa y en tiempo real de sus grabaciones, lo que garantiza que cada momento se captura tal y como se pretend\u00eda.<\/p>\n<p> <strong>Integraci\u00f3n del monitor remoto de alto brillo de DJI<\/strong><\/p>\n<p> El Monitor Remoto de Alto Brillo DJI mejora el sistema O3 Pro combinando un monitor y un receptor en un solo dispositivo. Esta integraci\u00f3n proporciona no s\u00f3lo im\u00e1genes excelentes, sino tambi\u00e9n opciones de control avanzadas cuando se utiliza con accesorios como las empu\u00f1aduras Ronin 4D o las Ruedas Maestras DJI. Esto permite a los operadores controlar diversos aspectos como el enfoque y las funciones de la c\u00e1mara, haciendo que cada toma sea precisa.<\/p>\n<p> <strong>Flujo de trabajo de edici\u00f3n racionalizado en el plat\u00f3<\/strong><\/p>\n<p> Este sistema facilita un flujo de trabajo de edici\u00f3n eficaz al permitir la grabaci\u00f3n directa de im\u00e1genes H.264 1080p\/60fps en una tarjeta microSD. Esta funci\u00f3n permite almacenar, revisar y editar contenidos al instante sin necesidad de transferir datos intermedios, lo que acelera considerablemente el proceso de producci\u00f3n.<\/p>\n<p> <strong>Conclusi\u00f3n<\/strong><\/p>\n<p> El sistema de transmisi\u00f3n de v\u00eddeo O3 Pro ofrece un completo conjunto de herramientas dise\u00f1adas para mejorar las capacidades de producci\u00f3n y monitorizaci\u00f3n de v\u00eddeo. Ya sea para que un principiante obtenga mayores conocimientos o para que un experto explore funciones detalladas, este producto promete mejorar la eficacia y la calidad de cualquier proyecto de v\u00eddeo.<\/p>","protected":false},"excerpt":{"rendered":"<ul>\n<li>Contiene tecnolog\u00eda de transmisi\u00f3n de v\u00eddeo O3 Pro.<\/li>\n<li> Distancia de transmisi\u00f3n de 6.000 metros a 1080p\/60fps.<\/li>\n<li> Modo de emisi\u00f3n de receptor ilimitado para supervisi\u00f3n en tiempo real.<\/li>\n<li> Admite el cambio autom\u00e1tico de frecuencia de triple banda.<\/li>\n<li> Latencia de transmisi\u00f3n ultrabaja con una soluci\u00f3n de chip optimizada.<\/li>\n<li> Integra monitor y receptor con funciones de ampliaci\u00f3n.<\/li>\n<li> Compatible con Ronin 2, RS 3 Pro, funciones de enfoque y c\u00e1mara.<\/li>\n<li> Grabaci\u00f3n H.264 independiente a 1080p\/60fps en microSD.<\/li>\n<\/ul>","protected":false},"featured_media":3764,"template":"","meta":{"_acf_changed":false},"product_brand":[],"product_cat":[651,97,675,733,265,532],"product_tag":[],"class_list":{"0":"post-3767","1":"product","2":"type-product","3":"status-publish","4":"has-post-thumbnail","6":"product_cat-alle-monitoren","7":"product_cat-alle-producten","8":"product_cat-dji-enterprise-drones","9":"product_cat-dji-goggles","10":"product_cat-dji-ronin","11":"product_cat-dji-ronin-4d","12":"product_shipping_class-outofstock","13":"pa_brand-dji","14":"pa_productfamily-monitor","15":"pa_producttype-monitor","17":"first","18":"outofstock","19":"taxable","20":"shipping-taxable","21":"purchasable","22":"product-type-simple"},"acf":[],"yoast_head":"<!-- This site is optimized with the Yoast SEO Premium plugin v27.2 (Yoast SEO v27.2) - https:\/\/yoast.com\/product\/yoast-seo-premium-wordpress\/ -->\n<title>DJI High-Bright Remote Monitor - koningdrone.be<\/title>\n<meta name=\"robots\" content=\"index, follow, max-snippet:-1, max-image-preview:large, max-video-preview:-1\" \/>\n<link rel=\"canonical\" href=\"https:\/\/koningdrone.be\/es\/producto\/dji-high-bright-remote-monitor\/\" \/>\n<meta property=\"og:locale\" content=\"es_ES\" \/>\n<meta property=\"og:type\" content=\"article\" \/>\n<meta property=\"og:title\" content=\"DJI High-Bright Remote Monitor\" \/>\n<meta property=\"og:description\" content=\"Bevat O3 Pro-videotransmissietechnologie. Transmissieafstand van 6.000 meter bij 1080p\/60fps. Onbeperkte ontvanger Broadcast-modus voor realtime monitoring. Ondersteunt triple-band automatische frequentieverspringing. Ultralage transmissielatentie met geoptimaliseerde chipoplossing. Integreert monitor en ontvanger met uitbreidingsfuncties. Compatibel met Ronin 2, RS 3 Pro, focus en camerafuncties. Onafhankelijke 1080p\/60fps H.264-opname op microSD.\" \/>\n<meta property=\"og:url\" content=\"https:\/\/koningdrone.be\/es\/producto\/dji-high-bright-remote-monitor\/\" \/>\n<meta property=\"og:site_name\" content=\"koningdrone.be\" \/>\n<meta property=\"article:modified_time\" content=\"2026-04-29T02:40:58+00:00\" \/>\n<meta property=\"og:image\" content=\"https:\/\/koningdrone.be\/wp-content\/uploads\/sites\/13\/2025\/04\/fe48df5d6d9e83b2a718e61ce665d4e0@ultra.jpg\" \/>\n\t<meta property=\"og:image:width\" content=\"1280\" \/>\n\t<meta property=\"og:image:height\" content=\"1280\" \/>\n\t<meta property=\"og:image:type\" content=\"image\/jpeg\" \/>\n<meta name=\"twitter:card\" content=\"summary_large_image\" \/>\n<meta name=\"twitter:label1\" content=\"Tiempo de lectura\" \/>\n\t<meta name=\"twitter:data1\" content=\"2 minutos\" \/>\n<script type=\"application\/ld+json\" class=\"yoast-schema-graph\">{\"@context\":\"https:\/\/schema.org\",\"@graph\":[{\"@type\":\"WebPage\",\"@id\":\"https:\/\/koningdrone.be\/product\/dji-high-bright-remote-monitor\/\",\"url\":\"https:\/\/koningdrone.be\/product\/dji-high-bright-remote-monitor\/\",\"name\":\"DJI High-Bright Remote Monitor - koningdrone.be\",\"isPartOf\":{\"@id\":\"https:\/\/koningdrone.be\/#website\"},\"primaryImageOfPage\":{\"@id\":\"https:\/\/koningdrone.be\/product\/dji-high-bright-remote-monitor\/#primaryimage\"},\"image\":{\"@id\":\"https:\/\/koningdrone.be\/product\/dji-high-bright-remote-monitor\/#primaryimage\"},\"thumbnailUrl\":\"https:\/\/koningdrone.be\/wp-content\/uploads\/sites\/13\/2025\/04\/fe48df5d6d9e83b2a718e61ce665d4e0@ultra.jpg\",\"datePublished\":\"2024-03-18T09:43:40+00:00\",\"dateModified\":\"2026-04-29T02:40:58+00:00\",\"breadcrumb\":{\"@id\":\"https:\/\/koningdrone.be\/product\/dji-high-bright-remote-monitor\/#breadcrumb\"},\"inLanguage\":\"es\",\"potentialAction\":[{\"@type\":\"ReadAction\",\"target\":[\"https:\/\/koningdrone.be\/product\/dji-high-bright-remote-monitor\/\"]}]},{\"@type\":\"ImageObject\",\"inLanguage\":\"es\",\"@id\":\"https:\/\/koningdrone.be\/product\/dji-high-bright-remote-monitor\/#primaryimage\",\"url\":\"https:\/\/koningdrone.be\/wp-content\/uploads\/sites\/13\/2025\/04\/fe48df5d6d9e83b2a718e61ce665d4e0@ultra.jpg\",\"contentUrl\":\"https:\/\/koningdrone.be\/wp-content\/uploads\/sites\/13\/2025\/04\/fe48df5d6d9e83b2a718e61ce665d4e0@ultra.jpg\",\"width\":1280,\"height\":1280},{\"@type\":\"BreadcrumbList\",\"@id\":\"https:\/\/koningdrone.be\/product\/dji-high-bright-remote-monitor\/#breadcrumb\",\"itemListElement\":[{\"@type\":\"ListItem\",\"position\":1,\"name\":\"Home\",\"item\":\"https:\/\/koningdrone.be\/\"},{\"@type\":\"ListItem\",\"position\":2,\"name\":\"AVSS Parachute Recovery System for DJI Matrice 300\/350\",\"item\":\"https:\/\/koningdrone.be\/product\/avss-parachute-recovery-system-for-dji-matrice-300-350\/\"},{\"@type\":\"ListItem\",\"position\":3,\"name\":\"Alle monitoren\",\"item\":\"https:\/\/koningdrone.be\/categorie\/alle-monitoren\/\"},{\"@type\":\"ListItem\",\"position\":4,\"name\":\"DJI High-Bright Remote Monitor\"}]},{\"@type\":\"WebSite\",\"@id\":\"https:\/\/koningdrone.be\/#website\",\"url\":\"https:\/\/koningdrone.be\/\",\"name\":\"Koningdrone.be - Uw online specialist in drones, gimbals, camera's en power stations.\",\"description\":\"De webshop in drones en gimbals\",\"publisher\":{\"@id\":\"https:\/\/koningdrone.be\/#organization\"},\"potentialAction\":[{\"@type\":\"SearchAction\",\"target\":{\"@type\":\"EntryPoint\",\"urlTemplate\":\"https:\/\/koningdrone.be\/?s={search_term_string}\"},\"query-input\":{\"@type\":\"PropertyValueSpecification\",\"valueRequired\":true,\"valueName\":\"search_term_string\"}}],\"inLanguage\":\"es\"},{\"@type\":\"Organization\",\"@id\":\"https:\/\/koningdrone.be\/#organization\",\"name\":\"Koningdrone.be\",\"url\":\"https:\/\/koningdrone.be\/\",\"logo\":{\"@type\":\"ImageObject\",\"inLanguage\":\"es\",\"@id\":\"https:\/\/koningdrone.be\/#\/schema\/logo\/image\/\",\"url\":\"https:\/\/koningdrone.be\/wp-content\/uploads\/sites\/13\/2025\/04\/koningdrone-copyright-logo.svg\",\"contentUrl\":\"https:\/\/koningdrone.be\/wp-content\/uploads\/sites\/13\/2025\/04\/koningdrone-copyright-logo.svg\",\"width\":227,\"height\":38,\"caption\":\"Koningdrone.be\"},\"image\":{\"@id\":\"https:\/\/koningdrone.be\/#\/schema\/logo\/image\/\"}}]}<\/script>\n<!-- \/ Yoast SEO Premium plugin. -->","yoast_head_json":{"title":"DJI High-Bright Remote Monitor - koningdrone.be","robots":{"index":"index","follow":"follow","max-snippet":"max-snippet:-1","max-image-preview":"max-image-preview:large","max-video-preview":"max-video-preview:-1"},"canonical":"https:\/\/koningdrone.be\/es\/producto\/dji-high-bright-remote-monitor\/","og_locale":"es_ES","og_type":"article","og_title":"DJI High-Bright Remote Monitor","og_description":"Bevat O3 Pro-videotransmissietechnologie. Transmissieafstand van 6.000 meter bij 1080p\/60fps. Onbeperkte ontvanger Broadcast-modus voor realtime monitoring. Ondersteunt triple-band automatische frequentieverspringing. Ultralage transmissielatentie met geoptimaliseerde chipoplossing. Integreert monitor en ontvanger met uitbreidingsfuncties. Compatibel met Ronin 2, RS 3 Pro, focus en camerafuncties. Onafhankelijke 1080p\/60fps H.264-opname op microSD.","og_url":"https:\/\/koningdrone.be\/es\/producto\/dji-high-bright-remote-monitor\/","og_site_name":"koningdrone.be","article_modified_time":"2026-04-29T02:40:58+00:00","og_image":[{"width":1280,"height":1280,"url":"https:\/\/koningdrone.be\/wp-content\/uploads\/sites\/13\/2025\/04\/fe48df5d6d9e83b2a718e61ce665d4e0@ultra.jpg","type":"image\/jpeg"}],"twitter_card":"summary_large_image","twitter_misc":{"Tiempo de lectura":"2 minutos"},"schema":{"@context":"https:\/\/schema.org","@graph":[{"@type":"WebPage","@id":"https:\/\/koningdrone.be\/product\/dji-high-bright-remote-monitor\/","url":"https:\/\/koningdrone.be\/product\/dji-high-bright-remote-monitor\/","name":"DJI High-Bright Remote Monitor - koningdrone.be","isPartOf":{"@id":"https:\/\/koningdrone.be\/#website"},"primaryImageOfPage":{"@id":"https:\/\/koningdrone.be\/product\/dji-high-bright-remote-monitor\/#primaryimage"},"image":{"@id":"https:\/\/koningdrone.be\/product\/dji-high-bright-remote-monitor\/#primaryimage"},"thumbnailUrl":"https:\/\/koningdrone.be\/wp-content\/uploads\/sites\/13\/2025\/04\/fe48df5d6d9e83b2a718e61ce665d4e0@ultra.jpg","datePublished":"2024-03-18T09:43:40+00:00","dateModified":"2026-04-29T02:40:58+00:00","breadcrumb":{"@id":"https:\/\/koningdrone.be\/product\/dji-high-bright-remote-monitor\/#breadcrumb"},"inLanguage":"es","potentialAction":[{"@type":"ReadAction","target":["https:\/\/koningdrone.be\/product\/dji-high-bright-remote-monitor\/"]}]},{"@type":"ImageObject","inLanguage":"es","@id":"https:\/\/koningdrone.be\/product\/dji-high-bright-remote-monitor\/#primaryimage","url":"https:\/\/koningdrone.be\/wp-content\/uploads\/sites\/13\/2025\/04\/fe48df5d6d9e83b2a718e61ce665d4e0@ultra.jpg","contentUrl":"https:\/\/koningdrone.be\/wp-content\/uploads\/sites\/13\/2025\/04\/fe48df5d6d9e83b2a718e61ce665d4e0@ultra.jpg","width":1280,"height":1280},{"@type":"BreadcrumbList","@id":"https:\/\/koningdrone.be\/product\/dji-high-bright-remote-monitor\/#breadcrumb","itemListElement":[{"@type":"ListItem","position":1,"name":"Home","item":"https:\/\/koningdrone.be\/"},{"@type":"ListItem","position":2,"name":"AVSS Parachute Recovery System for DJI Matrice 300\/350","item":"https:\/\/koningdrone.be\/product\/avss-parachute-recovery-system-for-dji-matrice-300-350\/"},{"@type":"ListItem","position":3,"name":"Alle monitoren","item":"https:\/\/koningdrone.be\/categorie\/alle-monitoren\/"},{"@type":"ListItem","position":4,"name":"DJI High-Bright Remote Monitor"}]},{"@type":"WebSite","@id":"https:\/\/koningdrone.be\/#website","url":"https:\/\/koningdrone.be\/","name":"Koningdrone.be - Su especialista en l\u00ednea en drones, cardanes, c\u00e1maras y centrales el\u00e9ctricas.","description":"La tienda virtual de drones y cardanes","publisher":{"@id":"https:\/\/koningdrone.be\/#organization"},"potentialAction":[{"@type":"SearchAction","target":{"@type":"EntryPoint","urlTemplate":"https:\/\/koningdrone.be\/?s={search_term_string}"},"query-input":{"@type":"PropertyValueSpecification","valueRequired":true,"valueName":"search_term_string"}}],"inLanguage":"es"},{"@type":"Organization","@id":"https:\/\/koningdrone.be\/#organization","name":"Kingdrone.es","url":"https:\/\/koningdrone.be\/","logo":{"@type":"ImageObject","inLanguage":"es","@id":"https:\/\/koningdrone.be\/#\/schema\/logo\/image\/","url":"https:\/\/koningdrone.be\/wp-content\/uploads\/sites\/13\/2025\/04\/koningdrone-copyright-logo.svg","contentUrl":"https:\/\/koningdrone.be\/wp-content\/uploads\/sites\/13\/2025\/04\/koningdrone-copyright-logo.svg","width":227,"height":38,"caption":"Koningdrone.be"},"image":{"@id":"https:\/\/koningdrone.be\/#\/schema\/logo\/image\/"}}]}},"df_price":1201,"df_sale_price":"","df_regular_price":1201,"df_image_link":"https:\/\/koningdrone.be\/wp-content\/uploads\/sites\/13\/2025\/04\/fe48df5d6d9e83b2a718e61ce665d4e0@ultra-300x300.jpg","_links":{"self":[{"href":"https:\/\/koningdrone.be\/es\/wp-json\/wp\/v2\/product\/3767","targetHints":{"allow":["GET"]}}],"collection":[{"href":"https:\/\/koningdrone.be\/es\/wp-json\/wp\/v2\/product"}],"about":[{"href":"https:\/\/koningdrone.be\/es\/wp-json\/wp\/v2\/types\/product"}],"wp:featuredmedia":[{"embeddable":true,"href":"https:\/\/koningdrone.be\/es\/wp-json\/wp\/v2\/media\/3764"}],"wp:attachment":[{"href":"https:\/\/koningdrone.be\/es\/wp-json\/wp\/v2\/media?parent=3767"}],"wp:term":[{"taxonomy":"product_brand","embeddable":true,"href":"https:\/\/koningdrone.be\/es\/wp-json\/wp\/v2\/product_brand?post=3767"},{"taxonomy":"product_cat","embeddable":true,"href":"https:\/\/koningdrone.be\/es\/wp-json\/wp\/v2\/product_cat?post=3767"},{"taxonomy":"product_tag","embeddable":true,"href":"https:\/\/koningdrone.be\/es\/wp-json\/wp\/v2\/product_tag?post=3767"}],"curies":[{"name":"wp","href":"https:\/\/api.w.org\/{rel}","templated":true}]}}