{"id":3751,"date":"2024-04-15T11:17:55","date_gmt":"2024-04-15T09:17:55","guid":{"rendered":"https:\/\/koningdrone.nl\/kon\/product\/dji-goggles-3\/"},"modified":"2026-04-29T04:30:09","modified_gmt":"2026-04-29T02:30:09","slug":"dji-goggles-3","status":"publish","type":"product","link":"https:\/\/koningdrone.be\/es\/producto\/dji-goggles-3\/","title":{"rendered":"DJI Goggles 3"},"content":{"rendered":"<p><strong>Productos<\/strong><\/p>\n<p> Mejore su experiencia de vuelo<\/p>\n<p>  <strong>Opciones de control mejoradas<\/strong><\/p>\n<p> Mejora tu experiencia de vuelo con nuestros \u00faltimos drones. Elige entre el DJI RC Motion 3 para una experiencia de control de movimiento envolvente, u opta por los mandos RC-N2 o RC 2, ideales para maniobrar un dron con c\u00e1mara card\u00e1nica de 3 ejes. Disfruta de transmisiones en directo suaves como la seda para una experiencia de vuelo en primera persona (FPV) realmente envolvente.<\/p>\n<p>  <strong>Transmisi\u00f3n de v\u00eddeo avanzada<\/strong><\/p>\n<p> El Avata 2 incorpora el sistema de transmisi\u00f3n de v\u00eddeo O4, que proporciona una latencia ultrabaja (24 ms) y una alta velocidad de bits (60 Mbps). Compatible tambi\u00e9n con los drones Air 3 y Mini 4 Pro, esta tecnolog\u00eda proporciona im\u00e1genes en primera persona n\u00edtidas y fluidas que dan vida a tus vuelos.<\/p>\n<p>  <strong>Mayor seguridad con Real View PiP<\/strong><\/p>\n<p> Mantenga la conciencia de su entorno sin quitarse las gafas, gracias al modo Real View Picture-in-Picture (PiP). Esta funci\u00f3n mejora la seguridad del vuelo al permitirle observar f\u00e1cilmente su entorno.<\/p>\n<p>  <strong>Experiencia visual optimizada<\/strong><\/p>\n<p> Disfrute de im\u00e1genes asombrosas con una pantalla Micro-OLED de 1080p con una frecuencia de actualizaci\u00f3n de hasta 100 Hz. Esta pantalla tambi\u00e9n cuenta con la certificaci\u00f3n T\u00fcV Rheinland de baja exposici\u00f3n a la luz azul, lo que la hace m\u00e1s c\u00f3moda para los ojos. Adem\u00e1s, las gafas ofrecen una amplia gama de ajustes de visi\u00f3n de -6,0 D a +2,0 D, adecuados tanto para usuarios miopes como hiperm\u00e9tropes.<\/p>\n<p>  <strong>Confort integrado<\/strong><\/p>\n<p> La bater\u00eda integrada y el dise\u00f1o de la diadema ofrecen un ajuste ligero y c\u00f3modo sin la molestia de cables enredados, con hasta 3 horas de uso. Adem\u00e1s, la funci\u00f3n de desempa\u00f1ado con un solo toque garantiza una visi\u00f3n n\u00edtida en cambios bruscos de temperatura o condiciones de humedad.<\/p>\n<p>  <strong>Transmisi\u00f3n y reproducci\u00f3n interactivas<\/strong><\/p>\n<p> Transmite de forma inal\u00e1mbrica tu vuelo en tiempo real mediante la aplicaci\u00f3n DJI Fly en tu smartphone a trav\u00e9s de una conexi\u00f3n Wi-Fi. Adem\u00e1s, puedes cargar v\u00eddeos panor\u00e1micos y 3D en una tarjeta SD y reproducirlos a trav\u00e9s de las Goggles 3 para disfrutar de una experiencia visual atractiva y realista.<\/p>","protected":false},"excerpt":{"rendered":"<ul>\n<li>Control de movimiento totalmente inmersivo con DJI RC Motion 3.<\/li>\n<li> Transmisiones en directo fluidas con un dron con c\u00e1mara card\u00e1nica de 3 ejes.<\/li>\n<li> Transmisi\u00f3n de v\u00eddeo O4 con latencia ultrabaja de 24 ms.<\/li>\n<li> Compatible con los drones Air 3 y Mini 4 Pro.<\/li>\n<li> FPV n\u00edtido con alta tasa de bits de 60 Mbps.<\/li>\n<li> Real View PiP mejora la seguridad del vuelo.<\/li>\n<li> Duradera pantalla Micro-OLED 1080p, frecuencia de refresco de hasta 100 Hz.<\/li>\n<li> Certificaci\u00f3n T\u00fcV Rheinland Low Blue Light.<\/li>\n<li> Los ajustes di\u00f3ptricos van de -6,0 D a +2,0 D.<\/li>\n<li> Bater\u00eda integrada y dise\u00f1o de diadema para 3 horas de uso.<\/li>\n<li> Desempa\u00f1ador de un solo toque para una visi\u00f3n clara en condiciones cambiantes.<\/li>\n<li> Transmite vuelos de forma inal\u00e1mbrica a trav\u00e9s de la aplicaci\u00f3n DJI Fly.<\/li>\n<li> Admite reproducci\u00f3n de v\u00eddeo panor\u00e1mico y 3D en tarjeta SD.<\/li>\n<\/ul>","protected":false},"featured_media":3748,"template":"","meta":{"_acf_changed":false},"product_brand":[],"product_cat":[122,731,97,732,263,733,137,138,334],"product_tag":[],"class_list":{"0":"post-3751","1":"product","2":"type-product","3":"status-publish","4":"has-post-thumbnail","6":"product_cat-alle-afstandsbedieningen","7":"product_cat-alle-goggles","8":"product_cat-alle-producten","9":"product_cat-dji-air-3","10":"product_cat-dji-avata-2","11":"product_cat-dji-goggles","12":"product_cat-dji-mavic-3","13":"product_cat-dji-mavic-3-pro","14":"product_cat-dji-mini-4-pro","15":"product_shipping_class-dronelandall","16":"pa_brand-dji","17":"pa_productfamily-goggles","18":"pa_producttype-goggles","20":"first","21":"instock","22":"taxable","23":"shipping-taxable","24":"purchasable","25":"product-type-simple"},"acf":[],"yoast_head":"<!-- This site is optimized with the Yoast SEO Premium plugin v27.2 (Yoast SEO v27.2) - https:\/\/yoast.com\/product\/yoast-seo-premium-wordpress\/ -->\n<title>DJI Goggles 3 - koningdrone.be<\/title>\n<meta name=\"robots\" content=\"index, follow, max-snippet:-1, max-image-preview:large, max-video-preview:-1\" \/>\n<link rel=\"canonical\" href=\"https:\/\/koningdrone.be\/es\/producto\/dji-goggles-3\/\" \/>\n<meta property=\"og:locale\" content=\"es_ES\" \/>\n<meta property=\"og:type\" content=\"article\" \/>\n<meta property=\"og:title\" content=\"DJI Goggles 3\" \/>\n<meta property=\"og:description\" content=\"Volledig meeslepende motion control met DJI RC Motion 3. Vloeiende livefeeds met een 3-assige cardanische cameradrone. O4-videotransmissie met ultralage latentie van 24 ms. Compatibel met Air 3- en Mini 4 Pro-drones. Kristalheldere FPV met 60 Mbps hoge bitsnelheid. Real View PiP verbetert de vliegveiligheid. Duurzaam 1080p Micro-OLED-scherm, vernieuwingsfrequentie tot 100 Hz. T\u00fcV Rheinland Low Blue Light-certificering. Dioptrieaanpassingen vari\u00ebren van -6,0 D tot +2,0 D. Ge\u00efntegreerd batterij- en hoofdbandontwerp voor 3 uur gebruik. Ontwasemen met \u00e9\u00e9n tik voor helder zicht onder veranderende omstandigheden. Draadloos streamen van vluchten via DJI Fly app. Ondersteunt panoramische en 3D-videoweergave op SD-kaart.\" \/>\n<meta property=\"og:url\" content=\"https:\/\/koningdrone.be\/es\/producto\/dji-goggles-3\/\" \/>\n<meta property=\"og:site_name\" content=\"koningdrone.be\" \/>\n<meta property=\"article:modified_time\" content=\"2026-04-29T02:30:09+00:00\" \/>\n<meta property=\"og:image\" content=\"https:\/\/koningdrone.be\/wp-content\/uploads\/sites\/13\/2025\/04\/11f1b9a6818784862f637375f0767dff@large.jpg\" \/>\n\t<meta property=\"og:image:width\" content=\"1200\" \/>\n\t<meta property=\"og:image:height\" content=\"800\" \/>\n\t<meta property=\"og:image:type\" content=\"image\/jpeg\" \/>\n<meta name=\"twitter:card\" content=\"summary_large_image\" \/>\n<meta name=\"twitter:label1\" content=\"Tiempo de lectura\" \/>\n\t<meta name=\"twitter:data1\" content=\"1 minuto\" \/>\n<script type=\"application\/ld+json\" class=\"yoast-schema-graph\">{\"@context\":\"https:\/\/schema.org\",\"@graph\":[{\"@type\":\"WebPage\",\"@id\":\"https:\/\/koningdrone.be\/product\/dji-goggles-3\/\",\"url\":\"https:\/\/koningdrone.be\/product\/dji-goggles-3\/\",\"name\":\"DJI Goggles 3 - koningdrone.be\",\"isPartOf\":{\"@id\":\"https:\/\/koningdrone.be\/#website\"},\"primaryImageOfPage\":{\"@id\":\"https:\/\/koningdrone.be\/product\/dji-goggles-3\/#primaryimage\"},\"image\":{\"@id\":\"https:\/\/koningdrone.be\/product\/dji-goggles-3\/#primaryimage\"},\"thumbnailUrl\":\"https:\/\/koningdrone.be\/wp-content\/uploads\/sites\/13\/2025\/04\/11f1b9a6818784862f637375f0767dff@large.jpg\",\"datePublished\":\"2024-04-15T09:17:55+00:00\",\"dateModified\":\"2026-04-29T02:30:09+00:00\",\"breadcrumb\":{\"@id\":\"https:\/\/koningdrone.be\/product\/dji-goggles-3\/#breadcrumb\"},\"inLanguage\":\"es\",\"potentialAction\":[{\"@type\":\"ReadAction\",\"target\":[\"https:\/\/koningdrone.be\/product\/dji-goggles-3\/\"]}]},{\"@type\":\"ImageObject\",\"inLanguage\":\"es\",\"@id\":\"https:\/\/koningdrone.be\/product\/dji-goggles-3\/#primaryimage\",\"url\":\"https:\/\/koningdrone.be\/wp-content\/uploads\/sites\/13\/2025\/04\/11f1b9a6818784862f637375f0767dff@large.jpg\",\"contentUrl\":\"https:\/\/koningdrone.be\/wp-content\/uploads\/sites\/13\/2025\/04\/11f1b9a6818784862f637375f0767dff@large.jpg\",\"width\":1200,\"height\":800},{\"@type\":\"BreadcrumbList\",\"@id\":\"https:\/\/koningdrone.be\/product\/dji-goggles-3\/#breadcrumb\",\"itemListElement\":[{\"@type\":\"ListItem\",\"position\":1,\"name\":\"Home\",\"item\":\"https:\/\/koningdrone.be\/\"},{\"@type\":\"ListItem\",\"position\":2,\"name\":\"AVSS Parachute Recovery System for DJI Matrice 300\/350\",\"item\":\"https:\/\/koningdrone.be\/product\/avss-parachute-recovery-system-for-dji-matrice-300-350\/\"},{\"@type\":\"ListItem\",\"position\":3,\"name\":\"Alle afstandsbedieningen\",\"item\":\"https:\/\/koningdrone.be\/categorie\/alle-afstandsbedieningen\/\"},{\"@type\":\"ListItem\",\"position\":4,\"name\":\"DJI Goggles 3\"}]},{\"@type\":\"WebSite\",\"@id\":\"https:\/\/koningdrone.be\/#website\",\"url\":\"https:\/\/koningdrone.be\/\",\"name\":\"Koningdrone.be - Uw online specialist in drones, gimbals, camera's en power stations.\",\"description\":\"De webshop in drones en gimbals\",\"publisher\":{\"@id\":\"https:\/\/koningdrone.be\/#organization\"},\"potentialAction\":[{\"@type\":\"SearchAction\",\"target\":{\"@type\":\"EntryPoint\",\"urlTemplate\":\"https:\/\/koningdrone.be\/?s={search_term_string}\"},\"query-input\":{\"@type\":\"PropertyValueSpecification\",\"valueRequired\":true,\"valueName\":\"search_term_string\"}}],\"inLanguage\":\"es\"},{\"@type\":\"Organization\",\"@id\":\"https:\/\/koningdrone.be\/#organization\",\"name\":\"Koningdrone.be\",\"url\":\"https:\/\/koningdrone.be\/\",\"logo\":{\"@type\":\"ImageObject\",\"inLanguage\":\"es\",\"@id\":\"https:\/\/koningdrone.be\/#\/schema\/logo\/image\/\",\"url\":\"https:\/\/koningdrone.be\/wp-content\/uploads\/sites\/13\/2025\/04\/koningdrone-copyright-logo.svg\",\"contentUrl\":\"https:\/\/koningdrone.be\/wp-content\/uploads\/sites\/13\/2025\/04\/koningdrone-copyright-logo.svg\",\"width\":227,\"height\":38,\"caption\":\"Koningdrone.be\"},\"image\":{\"@id\":\"https:\/\/koningdrone.be\/#\/schema\/logo\/image\/\"}}]}<\/script>\n<!-- \/ Yoast SEO Premium plugin. -->","yoast_head_json":{"title":"DJI Goggles 3 - koningdrone.be","robots":{"index":"index","follow":"follow","max-snippet":"max-snippet:-1","max-image-preview":"max-image-preview:large","max-video-preview":"max-video-preview:-1"},"canonical":"https:\/\/koningdrone.be\/es\/producto\/dji-goggles-3\/","og_locale":"es_ES","og_type":"article","og_title":"DJI Goggles 3","og_description":"Volledig meeslepende motion control met DJI RC Motion 3. Vloeiende livefeeds met een 3-assige cardanische cameradrone. O4-videotransmissie met ultralage latentie van 24 ms. Compatibel met Air 3- en Mini 4 Pro-drones. Kristalheldere FPV met 60 Mbps hoge bitsnelheid. Real View PiP verbetert de vliegveiligheid. Duurzaam 1080p Micro-OLED-scherm, vernieuwingsfrequentie tot 100 Hz. T\u00fcV Rheinland Low Blue Light-certificering. Dioptrieaanpassingen vari\u00ebren van -6,0 D tot +2,0 D. Ge\u00efntegreerd batterij- en hoofdbandontwerp voor 3 uur gebruik. Ontwasemen met \u00e9\u00e9n tik voor helder zicht onder veranderende omstandigheden. Draadloos streamen van vluchten via DJI Fly app. Ondersteunt panoramische en 3D-videoweergave op SD-kaart.","og_url":"https:\/\/koningdrone.be\/es\/producto\/dji-goggles-3\/","og_site_name":"koningdrone.be","article_modified_time":"2026-04-29T02:30:09+00:00","og_image":[{"width":1200,"height":800,"url":"https:\/\/koningdrone.be\/wp-content\/uploads\/sites\/13\/2025\/04\/11f1b9a6818784862f637375f0767dff@large.jpg","type":"image\/jpeg"}],"twitter_card":"summary_large_image","twitter_misc":{"Tiempo de lectura":"1 minuto"},"schema":{"@context":"https:\/\/schema.org","@graph":[{"@type":"WebPage","@id":"https:\/\/koningdrone.be\/product\/dji-goggles-3\/","url":"https:\/\/koningdrone.be\/product\/dji-goggles-3\/","name":"DJI Goggles 3 - koningdrone.be","isPartOf":{"@id":"https:\/\/koningdrone.be\/#website"},"primaryImageOfPage":{"@id":"https:\/\/koningdrone.be\/product\/dji-goggles-3\/#primaryimage"},"image":{"@id":"https:\/\/koningdrone.be\/product\/dji-goggles-3\/#primaryimage"},"thumbnailUrl":"https:\/\/koningdrone.be\/wp-content\/uploads\/sites\/13\/2025\/04\/11f1b9a6818784862f637375f0767dff@large.jpg","datePublished":"2024-04-15T09:17:55+00:00","dateModified":"2026-04-29T02:30:09+00:00","breadcrumb":{"@id":"https:\/\/koningdrone.be\/product\/dji-goggles-3\/#breadcrumb"},"inLanguage":"es","potentialAction":[{"@type":"ReadAction","target":["https:\/\/koningdrone.be\/product\/dji-goggles-3\/"]}]},{"@type":"ImageObject","inLanguage":"es","@id":"https:\/\/koningdrone.be\/product\/dji-goggles-3\/#primaryimage","url":"https:\/\/koningdrone.be\/wp-content\/uploads\/sites\/13\/2025\/04\/11f1b9a6818784862f637375f0767dff@large.jpg","contentUrl":"https:\/\/koningdrone.be\/wp-content\/uploads\/sites\/13\/2025\/04\/11f1b9a6818784862f637375f0767dff@large.jpg","width":1200,"height":800},{"@type":"BreadcrumbList","@id":"https:\/\/koningdrone.be\/product\/dji-goggles-3\/#breadcrumb","itemListElement":[{"@type":"ListItem","position":1,"name":"Home","item":"https:\/\/koningdrone.be\/"},{"@type":"ListItem","position":2,"name":"AVSS Parachute Recovery System for DJI Matrice 300\/350","item":"https:\/\/koningdrone.be\/product\/avss-parachute-recovery-system-for-dji-matrice-300-350\/"},{"@type":"ListItem","position":3,"name":"Alle afstandsbedieningen","item":"https:\/\/koningdrone.be\/categorie\/alle-afstandsbedieningen\/"},{"@type":"ListItem","position":4,"name":"DJI Goggles 3"}]},{"@type":"WebSite","@id":"https:\/\/koningdrone.be\/#website","url":"https:\/\/koningdrone.be\/","name":"Koningdrone.be - Su especialista en l\u00ednea en drones, cardanes, c\u00e1maras y centrales el\u00e9ctricas.","description":"La tienda virtual de drones y cardanes","publisher":{"@id":"https:\/\/koningdrone.be\/#organization"},"potentialAction":[{"@type":"SearchAction","target":{"@type":"EntryPoint","urlTemplate":"https:\/\/koningdrone.be\/?s={search_term_string}"},"query-input":{"@type":"PropertyValueSpecification","valueRequired":true,"valueName":"search_term_string"}}],"inLanguage":"es"},{"@type":"Organization","@id":"https:\/\/koningdrone.be\/#organization","name":"Kingdrone.es","url":"https:\/\/koningdrone.be\/","logo":{"@type":"ImageObject","inLanguage":"es","@id":"https:\/\/koningdrone.be\/#\/schema\/logo\/image\/","url":"https:\/\/koningdrone.be\/wp-content\/uploads\/sites\/13\/2025\/04\/koningdrone-copyright-logo.svg","contentUrl":"https:\/\/koningdrone.be\/wp-content\/uploads\/sites\/13\/2025\/04\/koningdrone-copyright-logo.svg","width":227,"height":38,"caption":"Koningdrone.be"},"image":{"@id":"https:\/\/koningdrone.be\/#\/schema\/logo\/image\/"}}]}},"df_price":669,"df_sale_price":"","df_regular_price":669,"df_image_link":"https:\/\/koningdrone.be\/wp-content\/uploads\/sites\/13\/2025\/04\/11f1b9a6818784862f637375f0767dff@large-300x200.jpg","_links":{"self":[{"href":"https:\/\/koningdrone.be\/es\/wp-json\/wp\/v2\/product\/3751","targetHints":{"allow":["GET"]}}],"collection":[{"href":"https:\/\/koningdrone.be\/es\/wp-json\/wp\/v2\/product"}],"about":[{"href":"https:\/\/koningdrone.be\/es\/wp-json\/wp\/v2\/types\/product"}],"wp:featuredmedia":[{"embeddable":true,"href":"https:\/\/koningdrone.be\/es\/wp-json\/wp\/v2\/media\/3748"}],"wp:attachment":[{"href":"https:\/\/koningdrone.be\/es\/wp-json\/wp\/v2\/media?parent=3751"}],"wp:term":[{"taxonomy":"product_brand","embeddable":true,"href":"https:\/\/koningdrone.be\/es\/wp-json\/wp\/v2\/product_brand?post=3751"},{"taxonomy":"product_cat","embeddable":true,"href":"https:\/\/koningdrone.be\/es\/wp-json\/wp\/v2\/product_cat?post=3751"},{"taxonomy":"product_tag","embeddable":true,"href":"https:\/\/koningdrone.be\/es\/wp-json\/wp\/v2\/product_tag?post=3751"}],"curies":[{"name":"wp","href":"https:\/\/api.w.org\/{rel}","templated":true}]}}