{"id":3747,"date":"2024-04-15T11:17:55","date_gmt":"2024-04-15T09:17:55","guid":{"rendered":"https:\/\/koningdrone.nl\/kon\/product\/dji-rc-motion-3\/"},"modified":"2026-04-29T15:20:17","modified_gmt":"2026-04-29T13:20:17","slug":"dji-rc-motion-3","status":"publish","type":"product","link":"https:\/\/koningdrone.be\/es\/producto\/dji-rc-motion-3\/","title":{"rendered":"DJI RC Motion 3"},"content":{"rendered":"<p><strong>Control de movimiento inmersivo<\/strong><\/p>\n<p> Experimenta un nuevo nivel de interacci\u00f3n con el dron con las DJI Goggles 3. Cuando se emparejan, el dron refleja los movimientos de tu mu\u00f1eca, lo que permite un control de vuelo intuitivo y preciso: solo tienes que apuntar con la mano hacia donde quieres que vaya el dron. Este control fluido est\u00e1 respaldado por las potentes capacidades antiinterferencias del DJI RC Motion 3, que garantizan trayectorias de vuelo suaves y precisas.<\/p>\n<p>  <strong>Funcionamiento r\u00e1pido con cursor AR<\/strong><\/p>\n<p> Cuando se utiliza con las DJI Goggles 3, el RC Motion 3 te permite controlar un cursor virtual en un entorno de realidad aumentada (RA) en la pantalla de las gafas. Esta caracter\u00edstica hace que navegar por los men\u00fas, activar funciones y ajustar la configuraci\u00f3n de la c\u00e1mara sea m\u00e1s f\u00e1cil e intuitivo que nunca.<\/p>\n<p>  <strong>Compacto y port\u00e1til, con muchas funciones<\/strong><\/p>\n<p> El DJI RC Motion 3 no s\u00f3lo es ligero y f\u00e1cil de transportar, sino que tambi\u00e9n presenta un dise\u00f1o f\u00e1cil de usar que se adapta c\u00f3modamente a la mano. Su tama\u00f1o compacto incluye botones estrat\u00e9gicamente situados que te permiten manejar sin esfuerzo los interruptores de inicio, parada y modo con simples movimientos de los dedos. Este dise\u00f1o le permite disfrutar de todas las funciones de su dron sin el tama\u00f1o ni la complejidad de los mandos m\u00e1s grandes.<\/p>","protected":false},"excerpt":{"rendered":"<ul>\n<li>Control de movimiento con movimientos de mu\u00f1eca cuando se utiliza con DJI Goggles 3.<\/li>\n<li> S\u00f3lida funci\u00f3n antiinterferencias para un funcionamiento preciso.<\/li>\n<li> Navegaci\u00f3n r\u00e1pida con cursor AR a trav\u00e9s de DJI Goggles 3.<\/li>\n<li> Manejo intuitivo de las funciones y los ajustes de la c\u00e1mara.<\/li>\n<li> Dise\u00f1o compacto y port\u00e1til con c\u00f3modo agarre.<\/li>\n<li> Manejo sencillo con un solo bot\u00f3n: despegue, parada e interruptores de modo.<\/li>\n<\/ul>","protected":false},"featured_media":3744,"template":"","meta":{"_acf_changed":false},"product_brand":[],"product_cat":[122,97,263],"product_tag":[],"class_list":{"0":"post-3747","1":"product","2":"type-product","3":"status-publish","4":"has-post-thumbnail","6":"product_cat-alle-afstandsbedieningen","7":"product_cat-alle-producten","8":"product_cat-dji-avata-2","9":"product_shipping_class-outofstock","10":"pa_brand-dji","11":"pa_productfamily-afstandsbediening","12":"pa_producttype-afstandsbediening","14":"first","15":"outofstock","16":"taxable","17":"shipping-taxable","18":"purchasable","19":"product-type-simple"},"acf":[],"yoast_head":"<!-- This site is optimized with the Yoast SEO Premium plugin v27.2 (Yoast SEO v27.2) - https:\/\/yoast.com\/product\/yoast-seo-premium-wordpress\/ -->\n<title>DJI RC Motion 3 - koningdrone.be<\/title>\n<meta name=\"robots\" content=\"index, follow, max-snippet:-1, max-image-preview:large, max-video-preview:-1\" \/>\n<link rel=\"canonical\" href=\"https:\/\/koningdrone.be\/es\/producto\/dji-rc-motion-3\/\" \/>\n<meta property=\"og:locale\" content=\"es_ES\" \/>\n<meta property=\"og:type\" content=\"article\" \/>\n<meta property=\"og:title\" content=\"DJI RC Motion 3\" \/>\n<meta property=\"og:description\" content=\"Bewegingsbediening met polsbewegingen bij gebruik met DJI Goggles 3. Robuuste anti-interferentiefunctie voor nauwkeurige bediening. Snelle navigatie met AR-cursor via DJI Goggles 3. Intu\u00eftieve bediening van functies en camera-instellingen. Compact, draagbaar ontwerp met comfortabele grip. Eenvoudige bediening met \u00e9\u00e9n druk op de knop: opstijgen, stoppen en modusschakelaars.\" \/>\n<meta property=\"og:url\" content=\"https:\/\/koningdrone.be\/es\/producto\/dji-rc-motion-3\/\" \/>\n<meta property=\"og:site_name\" content=\"koningdrone.be\" \/>\n<meta property=\"article:modified_time\" content=\"2026-04-29T13:20:17+00:00\" \/>\n<meta property=\"og:image\" content=\"https:\/\/koningdrone.be\/wp-content\/uploads\/sites\/13\/2025\/04\/7c03f270337f072cd8297ef0934f6339@large.jpg\" \/>\n\t<meta property=\"og:image:width\" content=\"1200\" \/>\n\t<meta property=\"og:image:height\" content=\"800\" \/>\n\t<meta property=\"og:image:type\" content=\"image\/jpeg\" \/>\n<meta name=\"twitter:card\" content=\"summary_large_image\" \/>\n<meta name=\"twitter:label1\" content=\"Tiempo de lectura\" \/>\n\t<meta name=\"twitter:data1\" content=\"1 minuto\" \/>\n<script type=\"application\/ld+json\" class=\"yoast-schema-graph\">{\"@context\":\"https:\/\/schema.org\",\"@graph\":[{\"@type\":\"WebPage\",\"@id\":\"https:\/\/koningdrone.be\/product\/dji-rc-motion-3\/\",\"url\":\"https:\/\/koningdrone.be\/product\/dji-rc-motion-3\/\",\"name\":\"DJI RC Motion 3 - koningdrone.be\",\"isPartOf\":{\"@id\":\"https:\/\/koningdrone.be\/#website\"},\"primaryImageOfPage\":{\"@id\":\"https:\/\/koningdrone.be\/product\/dji-rc-motion-3\/#primaryimage\"},\"image\":{\"@id\":\"https:\/\/koningdrone.be\/product\/dji-rc-motion-3\/#primaryimage\"},\"thumbnailUrl\":\"https:\/\/koningdrone.be\/wp-content\/uploads\/sites\/13\/2025\/04\/7c03f270337f072cd8297ef0934f6339@large.jpg\",\"datePublished\":\"2024-04-15T09:17:55+00:00\",\"dateModified\":\"2026-04-29T13:20:17+00:00\",\"breadcrumb\":{\"@id\":\"https:\/\/koningdrone.be\/product\/dji-rc-motion-3\/#breadcrumb\"},\"inLanguage\":\"es\",\"potentialAction\":[{\"@type\":\"ReadAction\",\"target\":[\"https:\/\/koningdrone.be\/product\/dji-rc-motion-3\/\"]}]},{\"@type\":\"ImageObject\",\"inLanguage\":\"es\",\"@id\":\"https:\/\/koningdrone.be\/product\/dji-rc-motion-3\/#primaryimage\",\"url\":\"https:\/\/koningdrone.be\/wp-content\/uploads\/sites\/13\/2025\/04\/7c03f270337f072cd8297ef0934f6339@large.jpg\",\"contentUrl\":\"https:\/\/koningdrone.be\/wp-content\/uploads\/sites\/13\/2025\/04\/7c03f270337f072cd8297ef0934f6339@large.jpg\",\"width\":1200,\"height\":800},{\"@type\":\"BreadcrumbList\",\"@id\":\"https:\/\/koningdrone.be\/product\/dji-rc-motion-3\/#breadcrumb\",\"itemListElement\":[{\"@type\":\"ListItem\",\"position\":1,\"name\":\"Home\",\"item\":\"https:\/\/koningdrone.be\/\"},{\"@type\":\"ListItem\",\"position\":2,\"name\":\"AVSS Parachute Recovery System for DJI Matrice 300\/350\",\"item\":\"https:\/\/koningdrone.be\/product\/avss-parachute-recovery-system-for-dji-matrice-300-350\/\"},{\"@type\":\"ListItem\",\"position\":3,\"name\":\"Alle afstandsbedieningen\",\"item\":\"https:\/\/koningdrone.be\/categorie\/alle-afstandsbedieningen\/\"},{\"@type\":\"ListItem\",\"position\":4,\"name\":\"DJI RC Motion 3\"}]},{\"@type\":\"WebSite\",\"@id\":\"https:\/\/koningdrone.be\/#website\",\"url\":\"https:\/\/koningdrone.be\/\",\"name\":\"Koningdrone.be - Uw online specialist in drones, gimbals, camera's en power stations.\",\"description\":\"De webshop in drones en gimbals\",\"publisher\":{\"@id\":\"https:\/\/koningdrone.be\/#organization\"},\"potentialAction\":[{\"@type\":\"SearchAction\",\"target\":{\"@type\":\"EntryPoint\",\"urlTemplate\":\"https:\/\/koningdrone.be\/?s={search_term_string}\"},\"query-input\":{\"@type\":\"PropertyValueSpecification\",\"valueRequired\":true,\"valueName\":\"search_term_string\"}}],\"inLanguage\":\"es\"},{\"@type\":\"Organization\",\"@id\":\"https:\/\/koningdrone.be\/#organization\",\"name\":\"Koningdrone.be\",\"url\":\"https:\/\/koningdrone.be\/\",\"logo\":{\"@type\":\"ImageObject\",\"inLanguage\":\"es\",\"@id\":\"https:\/\/koningdrone.be\/#\/schema\/logo\/image\/\",\"url\":\"https:\/\/koningdrone.be\/wp-content\/uploads\/sites\/13\/2025\/04\/koningdrone-copyright-logo.svg\",\"contentUrl\":\"https:\/\/koningdrone.be\/wp-content\/uploads\/sites\/13\/2025\/04\/koningdrone-copyright-logo.svg\",\"width\":227,\"height\":38,\"caption\":\"Koningdrone.be\"},\"image\":{\"@id\":\"https:\/\/koningdrone.be\/#\/schema\/logo\/image\/\"}}]}<\/script>\n<!-- \/ Yoast SEO Premium plugin. -->","yoast_head_json":{"title":"DJI RC Motion 3 - koningdrone.be","robots":{"index":"index","follow":"follow","max-snippet":"max-snippet:-1","max-image-preview":"max-image-preview:large","max-video-preview":"max-video-preview:-1"},"canonical":"https:\/\/koningdrone.be\/es\/producto\/dji-rc-motion-3\/","og_locale":"es_ES","og_type":"article","og_title":"DJI RC Motion 3","og_description":"Bewegingsbediening met polsbewegingen bij gebruik met DJI Goggles 3. Robuuste anti-interferentiefunctie voor nauwkeurige bediening. Snelle navigatie met AR-cursor via DJI Goggles 3. Intu\u00eftieve bediening van functies en camera-instellingen. Compact, draagbaar ontwerp met comfortabele grip. Eenvoudige bediening met \u00e9\u00e9n druk op de knop: opstijgen, stoppen en modusschakelaars.","og_url":"https:\/\/koningdrone.be\/es\/producto\/dji-rc-motion-3\/","og_site_name":"koningdrone.be","article_modified_time":"2026-04-29T13:20:17+00:00","og_image":[{"width":1200,"height":800,"url":"https:\/\/koningdrone.be\/wp-content\/uploads\/sites\/13\/2025\/04\/7c03f270337f072cd8297ef0934f6339@large.jpg","type":"image\/jpeg"}],"twitter_card":"summary_large_image","twitter_misc":{"Tiempo de lectura":"1 minuto"},"schema":{"@context":"https:\/\/schema.org","@graph":[{"@type":"WebPage","@id":"https:\/\/koningdrone.be\/product\/dji-rc-motion-3\/","url":"https:\/\/koningdrone.be\/product\/dji-rc-motion-3\/","name":"DJI RC Motion 3 - koningdrone.be","isPartOf":{"@id":"https:\/\/koningdrone.be\/#website"},"primaryImageOfPage":{"@id":"https:\/\/koningdrone.be\/product\/dji-rc-motion-3\/#primaryimage"},"image":{"@id":"https:\/\/koningdrone.be\/product\/dji-rc-motion-3\/#primaryimage"},"thumbnailUrl":"https:\/\/koningdrone.be\/wp-content\/uploads\/sites\/13\/2025\/04\/7c03f270337f072cd8297ef0934f6339@large.jpg","datePublished":"2024-04-15T09:17:55+00:00","dateModified":"2026-04-29T13:20:17+00:00","breadcrumb":{"@id":"https:\/\/koningdrone.be\/product\/dji-rc-motion-3\/#breadcrumb"},"inLanguage":"es","potentialAction":[{"@type":"ReadAction","target":["https:\/\/koningdrone.be\/product\/dji-rc-motion-3\/"]}]},{"@type":"ImageObject","inLanguage":"es","@id":"https:\/\/koningdrone.be\/product\/dji-rc-motion-3\/#primaryimage","url":"https:\/\/koningdrone.be\/wp-content\/uploads\/sites\/13\/2025\/04\/7c03f270337f072cd8297ef0934f6339@large.jpg","contentUrl":"https:\/\/koningdrone.be\/wp-content\/uploads\/sites\/13\/2025\/04\/7c03f270337f072cd8297ef0934f6339@large.jpg","width":1200,"height":800},{"@type":"BreadcrumbList","@id":"https:\/\/koningdrone.be\/product\/dji-rc-motion-3\/#breadcrumb","itemListElement":[{"@type":"ListItem","position":1,"name":"Home","item":"https:\/\/koningdrone.be\/"},{"@type":"ListItem","position":2,"name":"AVSS Parachute Recovery System for DJI Matrice 300\/350","item":"https:\/\/koningdrone.be\/product\/avss-parachute-recovery-system-for-dji-matrice-300-350\/"},{"@type":"ListItem","position":3,"name":"Alle afstandsbedieningen","item":"https:\/\/koningdrone.be\/categorie\/alle-afstandsbedieningen\/"},{"@type":"ListItem","position":4,"name":"DJI RC Motion 3"}]},{"@type":"WebSite","@id":"https:\/\/koningdrone.be\/#website","url":"https:\/\/koningdrone.be\/","name":"Koningdrone.be - Su especialista en l\u00ednea en drones, cardanes, c\u00e1maras y centrales el\u00e9ctricas.","description":"La tienda virtual de drones y cardanes","publisher":{"@id":"https:\/\/koningdrone.be\/#organization"},"potentialAction":[{"@type":"SearchAction","target":{"@type":"EntryPoint","urlTemplate":"https:\/\/koningdrone.be\/?s={search_term_string}"},"query-input":{"@type":"PropertyValueSpecification","valueRequired":true,"valueName":"search_term_string"}}],"inLanguage":"es"},{"@type":"Organization","@id":"https:\/\/koningdrone.be\/#organization","name":"Kingdrone.es","url":"https:\/\/koningdrone.be\/","logo":{"@type":"ImageObject","inLanguage":"es","@id":"https:\/\/koningdrone.be\/#\/schema\/logo\/image\/","url":"https:\/\/koningdrone.be\/wp-content\/uploads\/sites\/13\/2025\/04\/koningdrone-copyright-logo.svg","contentUrl":"https:\/\/koningdrone.be\/wp-content\/uploads\/sites\/13\/2025\/04\/koningdrone-copyright-logo.svg","width":227,"height":38,"caption":"Koningdrone.be"},"image":{"@id":"https:\/\/koningdrone.be\/#\/schema\/logo\/image\/"}}]}},"df_price":89,"df_sale_price":"","df_regular_price":89,"df_image_link":"https:\/\/koningdrone.be\/wp-content\/uploads\/sites\/13\/2025\/04\/7c03f270337f072cd8297ef0934f6339@large-300x200.jpg","_links":{"self":[{"href":"https:\/\/koningdrone.be\/es\/wp-json\/wp\/v2\/product\/3747","targetHints":{"allow":["GET"]}}],"collection":[{"href":"https:\/\/koningdrone.be\/es\/wp-json\/wp\/v2\/product"}],"about":[{"href":"https:\/\/koningdrone.be\/es\/wp-json\/wp\/v2\/types\/product"}],"wp:featuredmedia":[{"embeddable":true,"href":"https:\/\/koningdrone.be\/es\/wp-json\/wp\/v2\/media\/3744"}],"wp:attachment":[{"href":"https:\/\/koningdrone.be\/es\/wp-json\/wp\/v2\/media?parent=3747"}],"wp:term":[{"taxonomy":"product_brand","embeddable":true,"href":"https:\/\/koningdrone.be\/es\/wp-json\/wp\/v2\/product_brand?post=3747"},{"taxonomy":"product_cat","embeddable":true,"href":"https:\/\/koningdrone.be\/es\/wp-json\/wp\/v2\/product_cat?post=3747"},{"taxonomy":"product_tag","embeddable":true,"href":"https:\/\/koningdrone.be\/es\/wp-json\/wp\/v2\/product_tag?post=3747"}],"curies":[{"name":"wp","href":"https:\/\/api.w.org\/{rel}","templated":true}]}}