{"id":3735,"date":"2024-04-15T11:17:55","date_gmt":"2024-04-15T09:17:55","guid":{"rendered":"https:\/\/koningdrone.nl\/kon\/product\/dji-avata-2-two-way-charging-hub\/"},"modified":"2026-04-29T03:40:20","modified_gmt":"2026-04-29T01:40:20","slug":"dji-avata-2-two-way-charging-hub","status":"publish","type":"product","link":"https:\/\/koningdrone.be\/es\/producto\/dji-avata-2-two-way-charging-hub\/","title":{"rendered":"Hub de carga bidireccional DJI Avata 2"},"content":{"rendered":"<p><strong>Soluci\u00f3n de carga eficaz<\/strong><\/p>\n<p> Este dispositivo proporciona una forma eficaz de almacenar, cargar y gestionar la energ\u00eda de las bater\u00edas. Est\u00e1 especialmente dise\u00f1ado para usuarios que necesitan una soluci\u00f3n de alimentaci\u00f3n r\u00e1pida y fiable para varias bater\u00edas.<\/p>\n<p>  <strong>Carga r\u00e1pida<\/strong><\/p>\n<p> Combinado con el cargador port\u00e1til DJI 65W, este dispositivo puede cargar r\u00e1pidamente una Bater\u00eda de Vuelo Inteligente en s\u00f3lo 45 minutos, por lo que es ideal para entornos de ritmo r\u00e1pido y tiempos de respuesta r\u00e1pidos.<\/p>\n<p>  <strong>Funci\u00f3n de carga secuencial<\/strong><\/p>\n<p> El producto puede cargar hasta tres bater\u00edas seguidas. Esta funci\u00f3n permite la carga secuencial de bater\u00edas, lo que elimina la necesidad de cargar cada bater\u00eda de una en una y mejora la eficiencia de la carga.<\/p>\n<p>  <strong>Funcionalidad vers\u00e1til de banco de energ\u00eda<\/strong><\/p>\n<p> Adem\u00e1s de cargar bater\u00edas, este dispositivo tambi\u00e9n funciona como banco de energ\u00eda port\u00e1til. Puede cargar otros dispositivos, incluidas las DJI Goggles y los smartphones, lo que lo convierte en una herramienta vers\u00e1til para gestionar todas las necesidades de energ\u00eda de tus dispositivos electr\u00f3nicos sobre la marcha.<\/p>\n<p>  <strong>Mejora de la eficacia operativa<\/strong><\/p>\n<p> Con sus m\u00faltiples funcionalidades, el producto aumenta significativamente la eficiencia operativa al simplificar las tareas de gesti\u00f3n de energ\u00eda de diversos aparatos electr\u00f3nicos, ahorrando tiempo y agilizando los flujos de trabajo.<\/p>","protected":false},"excerpt":{"rendered":"<ul>\n<li>Proporciona almacenamiento, carga y acumulaci\u00f3n de energ\u00eda para las bater\u00edas.<\/li>\n<li> Compatible con el cargador port\u00e1til DJI 65W.<\/li>\n<li> Carga completamente una bater\u00eda de vuelo inteligente en 45 minutos.<\/li>\n<li> Carga tres pilas simult\u00e1neamente.<\/li>\n<li> Funciona como banco de energ\u00eda m\u00f3vil para varios dispositivos.<\/li>\n<li> Admite la carga de DJI Goggles y smartphones.<\/li>\n<\/ul>","protected":false},"featured_media":3733,"template":"","meta":{"_acf_changed":false},"product_brand":[],"product_cat":[111,97,261,263],"product_tag":[],"class_list":{"0":"post-3735","1":"product","2":"type-product","3":"status-publish","4":"has-post-thumbnail","6":"product_cat-alle-opladers","7":"product_cat-alle-producten","8":"product_cat-dji-avata","9":"product_cat-dji-avata-2","10":"product_shipping_class-uavspacesall","11":"pa_brand-dji","12":"pa_productfamily-oplaadhub","13":"pa_producttype-oplaadhub","14":"pa_series-avata-2","16":"first","17":"instock","18":"taxable","19":"shipping-taxable","20":"purchasable","21":"product-type-simple"},"acf":[],"yoast_head":"<!-- This site is optimized with the Yoast SEO Premium plugin v27.2 (Yoast SEO v27.2) - https:\/\/yoast.com\/product\/yoast-seo-premium-wordpress\/ -->\n<title>DJI Avata 2 Two-Way Charging Hub - koningdrone.be<\/title>\n<meta name=\"robots\" content=\"index, follow, max-snippet:-1, max-image-preview:large, max-video-preview:-1\" \/>\n<link rel=\"canonical\" href=\"https:\/\/koningdrone.be\/es\/producto\/dji-avata-2-two-way-charging-hub\/\" \/>\n<meta property=\"og:locale\" content=\"es_ES\" \/>\n<meta property=\"og:type\" content=\"article\" \/>\n<meta property=\"og:title\" content=\"DJI Avata 2 Two-Way Charging Hub\" \/>\n<meta property=\"og:description\" content=\"Biedt opslag, opladen en accumulatie van energie voor batterijen. Compatibel met DJI 65W draagbare oplader. Laadt een Intelligent Flight Battery volledig op in 45 minuten. Laadt drie batterijen tegelijkertijd op. Functioneert als mobiele powerbank voor diverse apparaten. Ondersteunt opladen voor DJI Goggles en smartphones.\" \/>\n<meta property=\"og:url\" content=\"https:\/\/koningdrone.be\/es\/producto\/dji-avata-2-two-way-charging-hub\/\" \/>\n<meta property=\"og:site_name\" content=\"koningdrone.be\" \/>\n<meta property=\"article:modified_time\" content=\"2026-04-29T01:40:20+00:00\" \/>\n<meta property=\"og:image\" content=\"https:\/\/koningdrone.be\/wp-content\/uploads\/sites\/13\/2025\/04\/0b96ff4aa580dacb4080b875924d30c1@large.jpg\" \/>\n\t<meta property=\"og:image:width\" content=\"1200\" \/>\n\t<meta property=\"og:image:height\" content=\"800\" \/>\n\t<meta property=\"og:image:type\" content=\"image\/jpeg\" \/>\n<meta name=\"twitter:card\" content=\"summary_large_image\" \/>\n<meta name=\"twitter:label1\" content=\"Tiempo de lectura\" \/>\n\t<meta name=\"twitter:data1\" content=\"1 minuto\" \/>\n<script type=\"application\/ld+json\" class=\"yoast-schema-graph\">{\"@context\":\"https:\/\/schema.org\",\"@graph\":[{\"@type\":\"WebPage\",\"@id\":\"https:\/\/koningdrone.be\/product\/dji-avata-2-two-way-charging-hub\/\",\"url\":\"https:\/\/koningdrone.be\/product\/dji-avata-2-two-way-charging-hub\/\",\"name\":\"DJI Avata 2 Two-Way Charging Hub - koningdrone.be\",\"isPartOf\":{\"@id\":\"https:\/\/koningdrone.be\/#website\"},\"primaryImageOfPage\":{\"@id\":\"https:\/\/koningdrone.be\/product\/dji-avata-2-two-way-charging-hub\/#primaryimage\"},\"image\":{\"@id\":\"https:\/\/koningdrone.be\/product\/dji-avata-2-two-way-charging-hub\/#primaryimage\"},\"thumbnailUrl\":\"https:\/\/koningdrone.be\/wp-content\/uploads\/sites\/13\/2025\/04\/0b96ff4aa580dacb4080b875924d30c1@large.jpg\",\"datePublished\":\"2024-04-15T09:17:55+00:00\",\"dateModified\":\"2026-04-29T01:40:20+00:00\",\"breadcrumb\":{\"@id\":\"https:\/\/koningdrone.be\/product\/dji-avata-2-two-way-charging-hub\/#breadcrumb\"},\"inLanguage\":\"es\",\"potentialAction\":[{\"@type\":\"ReadAction\",\"target\":[\"https:\/\/koningdrone.be\/product\/dji-avata-2-two-way-charging-hub\/\"]}]},{\"@type\":\"ImageObject\",\"inLanguage\":\"es\",\"@id\":\"https:\/\/koningdrone.be\/product\/dji-avata-2-two-way-charging-hub\/#primaryimage\",\"url\":\"https:\/\/koningdrone.be\/wp-content\/uploads\/sites\/13\/2025\/04\/0b96ff4aa580dacb4080b875924d30c1@large.jpg\",\"contentUrl\":\"https:\/\/koningdrone.be\/wp-content\/uploads\/sites\/13\/2025\/04\/0b96ff4aa580dacb4080b875924d30c1@large.jpg\",\"width\":1200,\"height\":800},{\"@type\":\"BreadcrumbList\",\"@id\":\"https:\/\/koningdrone.be\/product\/dji-avata-2-two-way-charging-hub\/#breadcrumb\",\"itemListElement\":[{\"@type\":\"ListItem\",\"position\":1,\"name\":\"Home\",\"item\":\"https:\/\/koningdrone.be\/\"},{\"@type\":\"ListItem\",\"position\":2,\"name\":\"AVSS Parachute Recovery System for DJI Matrice 300\/350\",\"item\":\"https:\/\/koningdrone.be\/product\/avss-parachute-recovery-system-for-dji-matrice-300-350\/\"},{\"@type\":\"ListItem\",\"position\":3,\"name\":\"Alle opladers\",\"item\":\"https:\/\/koningdrone.be\/categorie\/alle-opladers\/\"},{\"@type\":\"ListItem\",\"position\":4,\"name\":\"DJI Avata 2 Two-Way Charging Hub\"}]},{\"@type\":\"WebSite\",\"@id\":\"https:\/\/koningdrone.be\/#website\",\"url\":\"https:\/\/koningdrone.be\/\",\"name\":\"Koningdrone.be - Uw online specialist in drones, gimbals, camera's en power stations.\",\"description\":\"De webshop in drones en gimbals\",\"publisher\":{\"@id\":\"https:\/\/koningdrone.be\/#organization\"},\"potentialAction\":[{\"@type\":\"SearchAction\",\"target\":{\"@type\":\"EntryPoint\",\"urlTemplate\":\"https:\/\/koningdrone.be\/?s={search_term_string}\"},\"query-input\":{\"@type\":\"PropertyValueSpecification\",\"valueRequired\":true,\"valueName\":\"search_term_string\"}}],\"inLanguage\":\"es\"},{\"@type\":\"Organization\",\"@id\":\"https:\/\/koningdrone.be\/#organization\",\"name\":\"Koningdrone.be\",\"url\":\"https:\/\/koningdrone.be\/\",\"logo\":{\"@type\":\"ImageObject\",\"inLanguage\":\"es\",\"@id\":\"https:\/\/koningdrone.be\/#\/schema\/logo\/image\/\",\"url\":\"https:\/\/koningdrone.be\/wp-content\/uploads\/sites\/13\/2025\/04\/koningdrone-copyright-logo.svg\",\"contentUrl\":\"https:\/\/koningdrone.be\/wp-content\/uploads\/sites\/13\/2025\/04\/koningdrone-copyright-logo.svg\",\"width\":227,\"height\":38,\"caption\":\"Koningdrone.be\"},\"image\":{\"@id\":\"https:\/\/koningdrone.be\/#\/schema\/logo\/image\/\"}}]}<\/script>\n<!-- \/ Yoast SEO Premium plugin. -->","yoast_head_json":{"title":"DJI Avata 2 Two-Way Charging Hub - koningdrone.be","robots":{"index":"index","follow":"follow","max-snippet":"max-snippet:-1","max-image-preview":"max-image-preview:large","max-video-preview":"max-video-preview:-1"},"canonical":"https:\/\/koningdrone.be\/es\/producto\/dji-avata-2-two-way-charging-hub\/","og_locale":"es_ES","og_type":"article","og_title":"DJI Avata 2 Two-Way Charging Hub","og_description":"Biedt opslag, opladen en accumulatie van energie voor batterijen. Compatibel met DJI 65W draagbare oplader. Laadt een Intelligent Flight Battery volledig op in 45 minuten. Laadt drie batterijen tegelijkertijd op. Functioneert als mobiele powerbank voor diverse apparaten. Ondersteunt opladen voor DJI Goggles en smartphones.","og_url":"https:\/\/koningdrone.be\/es\/producto\/dji-avata-2-two-way-charging-hub\/","og_site_name":"koningdrone.be","article_modified_time":"2026-04-29T01:40:20+00:00","og_image":[{"width":1200,"height":800,"url":"https:\/\/koningdrone.be\/wp-content\/uploads\/sites\/13\/2025\/04\/0b96ff4aa580dacb4080b875924d30c1@large.jpg","type":"image\/jpeg"}],"twitter_card":"summary_large_image","twitter_misc":{"Tiempo de lectura":"1 minuto"},"schema":{"@context":"https:\/\/schema.org","@graph":[{"@type":"WebPage","@id":"https:\/\/koningdrone.be\/product\/dji-avata-2-two-way-charging-hub\/","url":"https:\/\/koningdrone.be\/product\/dji-avata-2-two-way-charging-hub\/","name":"DJI Avata 2 Two-Way Charging Hub - koningdrone.be","isPartOf":{"@id":"https:\/\/koningdrone.be\/#website"},"primaryImageOfPage":{"@id":"https:\/\/koningdrone.be\/product\/dji-avata-2-two-way-charging-hub\/#primaryimage"},"image":{"@id":"https:\/\/koningdrone.be\/product\/dji-avata-2-two-way-charging-hub\/#primaryimage"},"thumbnailUrl":"https:\/\/koningdrone.be\/wp-content\/uploads\/sites\/13\/2025\/04\/0b96ff4aa580dacb4080b875924d30c1@large.jpg","datePublished":"2024-04-15T09:17:55+00:00","dateModified":"2026-04-29T01:40:20+00:00","breadcrumb":{"@id":"https:\/\/koningdrone.be\/product\/dji-avata-2-two-way-charging-hub\/#breadcrumb"},"inLanguage":"es","potentialAction":[{"@type":"ReadAction","target":["https:\/\/koningdrone.be\/product\/dji-avata-2-two-way-charging-hub\/"]}]},{"@type":"ImageObject","inLanguage":"es","@id":"https:\/\/koningdrone.be\/product\/dji-avata-2-two-way-charging-hub\/#primaryimage","url":"https:\/\/koningdrone.be\/wp-content\/uploads\/sites\/13\/2025\/04\/0b96ff4aa580dacb4080b875924d30c1@large.jpg","contentUrl":"https:\/\/koningdrone.be\/wp-content\/uploads\/sites\/13\/2025\/04\/0b96ff4aa580dacb4080b875924d30c1@large.jpg","width":1200,"height":800},{"@type":"BreadcrumbList","@id":"https:\/\/koningdrone.be\/product\/dji-avata-2-two-way-charging-hub\/#breadcrumb","itemListElement":[{"@type":"ListItem","position":1,"name":"Home","item":"https:\/\/koningdrone.be\/"},{"@type":"ListItem","position":2,"name":"AVSS Parachute Recovery System for DJI Matrice 300\/350","item":"https:\/\/koningdrone.be\/product\/avss-parachute-recovery-system-for-dji-matrice-300-350\/"},{"@type":"ListItem","position":3,"name":"Alle opladers","item":"https:\/\/koningdrone.be\/categorie\/alle-opladers\/"},{"@type":"ListItem","position":4,"name":"DJI Avata 2 Two-Way Charging Hub"}]},{"@type":"WebSite","@id":"https:\/\/koningdrone.be\/#website","url":"https:\/\/koningdrone.be\/","name":"Koningdrone.be - Su especialista en l\u00ednea en drones, cardanes, c\u00e1maras y centrales el\u00e9ctricas.","description":"La tienda virtual de drones y cardanes","publisher":{"@id":"https:\/\/koningdrone.be\/#organization"},"potentialAction":[{"@type":"SearchAction","target":{"@type":"EntryPoint","urlTemplate":"https:\/\/koningdrone.be\/?s={search_term_string}"},"query-input":{"@type":"PropertyValueSpecification","valueRequired":true,"valueName":"search_term_string"}}],"inLanguage":"es"},{"@type":"Organization","@id":"https:\/\/koningdrone.be\/#organization","name":"Kingdrone.es","url":"https:\/\/koningdrone.be\/","logo":{"@type":"ImageObject","inLanguage":"es","@id":"https:\/\/koningdrone.be\/#\/schema\/logo\/image\/","url":"https:\/\/koningdrone.be\/wp-content\/uploads\/sites\/13\/2025\/04\/koningdrone-copyright-logo.svg","contentUrl":"https:\/\/koningdrone.be\/wp-content\/uploads\/sites\/13\/2025\/04\/koningdrone-copyright-logo.svg","width":227,"height":38,"caption":"Koningdrone.be"},"image":{"@id":"https:\/\/koningdrone.be\/#\/schema\/logo\/image\/"}}]}},"df_price":58,"df_sale_price":"","df_regular_price":58,"df_image_link":"https:\/\/koningdrone.be\/wp-content\/uploads\/sites\/13\/2025\/04\/0b96ff4aa580dacb4080b875924d30c1@large-300x200.jpg","_links":{"self":[{"href":"https:\/\/koningdrone.be\/es\/wp-json\/wp\/v2\/product\/3735","targetHints":{"allow":["GET"]}}],"collection":[{"href":"https:\/\/koningdrone.be\/es\/wp-json\/wp\/v2\/product"}],"about":[{"href":"https:\/\/koningdrone.be\/es\/wp-json\/wp\/v2\/types\/product"}],"wp:featuredmedia":[{"embeddable":true,"href":"https:\/\/koningdrone.be\/es\/wp-json\/wp\/v2\/media\/3733"}],"wp:attachment":[{"href":"https:\/\/koningdrone.be\/es\/wp-json\/wp\/v2\/media?parent=3735"}],"wp:term":[{"taxonomy":"product_brand","embeddable":true,"href":"https:\/\/koningdrone.be\/es\/wp-json\/wp\/v2\/product_brand?post=3735"},{"taxonomy":"product_cat","embeddable":true,"href":"https:\/\/koningdrone.be\/es\/wp-json\/wp\/v2\/product_cat?post=3735"},{"taxonomy":"product_tag","embeddable":true,"href":"https:\/\/koningdrone.be\/es\/wp-json\/wp\/v2\/product_tag?post=3735"}],"curies":[{"name":"wp","href":"https:\/\/api.w.org\/{rel}","templated":true}]}}