{"id":3724,"date":"2024-04-15T11:17:55","date_gmt":"2024-04-15T09:17:55","guid":{"rendered":"https:\/\/koningdrone.nl\/kon\/product\/dji-focus-pro-hand-unit\/"},"modified":"2026-05-01T04:40:23","modified_gmt":"2026-05-01T02:40:23","slug":"dji-focus-pro-hand-unit","status":"publish","type":"product","link":"https:\/\/koningdrone.be\/es\/producto\/dji-focus-pro-hand-unit\/","title":{"rendered":"Unidad de mano DJI Focus Pro"},"content":{"rendered":"<p><strong>Productos<\/strong><\/p>\n<p> Esta unidad manual es un avanzado dispositivo dise\u00f1ado para controlar de forma inal\u00e1mbrica el motor DJI Focus Pro, ideal para cineastas y vide\u00f3grafos. Utiliza un m\u00f3dulo RF integrado que le permite funcionar eficazmente a distancias de hasta 160 metros, lo que lo hace excepcionalmente vers\u00e1til en el plat\u00f3.<\/p>\n<p>  <strong>Funciones de control avanzadas<\/strong><\/p>\n<p> El dispositivo ofrece un control exhaustivo de tres elementos cinematogr\u00e1ficos cruciales: el enfoque, el iris (diafragma) y el zoom, conocidos colectivamente como control FIZ. Esta capacidad permite a los usuarios ajustar estos par\u00e1metros a distancia para conseguir exactamente las tomas que desean.<\/p>\n<p>  <strong>Ajuste \u00fanico de la amortiguaci\u00f3n<\/strong><\/p>\n<p> Una caracter\u00edstica notable de esta unidad es su ajuste continuo de la amortiguaci\u00f3n en tiempo real. Esta funci\u00f3n permite a los operadores ajustar con precisi\u00f3n la respuesta de la unidad a sus entradas, equilibrando comodidad y precisi\u00f3n. Esta funci\u00f3n est\u00e1 dise\u00f1ada tanto para principiantes como para usuarios experimentados, y mejora el control durante la filmaci\u00f3n.<\/p>\n<p>  <strong>Mejorar la experiencia videogr\u00e1fica<\/strong><\/p>\n<p> Al permitir un control suave y personalizable de los mecanismos de enfoque de la c\u00e1mara, esta unidad manual est\u00e1 dise\u00f1ada para mejorar la experiencia videogr\u00e1fica. Ofrece flexibilidad y eficacia, esenciales para capturar im\u00e1genes de alta calidad en diversos entornos de filmaci\u00f3n.<\/p>","protected":false},"excerpt":{"rendered":"<ul>\n<li>M\u00f3dulo RF integrado para comunicaci\u00f3n inal\u00e1mbrica.<\/li>\n<li> Compatible con el motor DJI Focus Pro hasta 160 metros.<\/li>\n<li> Permite el control del FIZ sobre el enfoque, el diafragma y el zoom.<\/li>\n<li> Ajuste continuo de la amortiguaci\u00f3n en tiempo real.<\/li>\n<li> Optimizado para lograr un equilibrio entre comodidad y precisi\u00f3n.<\/li>\n<\/ul>","protected":false},"featured_media":3721,"template":"","meta":{"_acf_changed":false},"product_brand":[],"product_cat":[97,640,725,1815],"product_tag":[],"class_list":{"0":"post-3724","1":"product","2":"type-product","3":"status-publish","4":"has-post-thumbnail","6":"product_cat-alle-producten","7":"product_cat-dji-focus","8":"product_cat-dji-focus-pro-hand-unit","9":"product_cat-dji-pro-accessoires","10":"product_shipping_class-europafotoall","11":"pa_brand-dji","12":"pa_productfamily-focus","13":"pa_producttype-focus","15":"first","16":"instock","17":"taxable","18":"shipping-taxable","19":"purchasable","20":"product-type-simple"},"acf":[],"yoast_head":"<!-- This site is optimized with the Yoast SEO Premium plugin v27.2 (Yoast SEO v27.2) - https:\/\/yoast.com\/product\/yoast-seo-premium-wordpress\/ -->\n<title>DJI Focus Pro Hand Unit - koningdrone.be<\/title>\n<meta name=\"robots\" content=\"index, follow, max-snippet:-1, max-image-preview:large, max-video-preview:-1\" \/>\n<link rel=\"canonical\" href=\"https:\/\/koningdrone.be\/es\/producto\/dji-focus-pro-hand-unit\/\" \/>\n<meta property=\"og:locale\" content=\"es_ES\" \/>\n<meta property=\"og:type\" content=\"article\" \/>\n<meta property=\"og:title\" content=\"DJI Focus Pro Hand Unit\" \/>\n<meta property=\"og:description\" content=\"Ingebouwde RF-module voor draadloze communicatie. Ondersteunt DJI Focus Pro Motor tot 160 meter. Maakt FIZ-controle over focus, diafragma en zoom mogelijk. Beschikt over realtime, traploze dempingsaanpassing. Geoptimaliseerd voor balans tussen comfort en precisie.\" \/>\n<meta property=\"og:url\" content=\"https:\/\/koningdrone.be\/es\/producto\/dji-focus-pro-hand-unit\/\" \/>\n<meta property=\"og:site_name\" content=\"koningdrone.be\" \/>\n<meta property=\"article:modified_time\" content=\"2026-05-01T02:40:23+00:00\" \/>\n<meta property=\"og:image\" content=\"https:\/\/koningdrone.be\/wp-content\/uploads\/sites\/13\/2025\/04\/23ca9365368be57084bc6fe6d3b45c47@large.jpg\" \/>\n\t<meta property=\"og:image:width\" content=\"1200\" \/>\n\t<meta property=\"og:image:height\" content=\"800\" \/>\n\t<meta property=\"og:image:type\" content=\"image\/jpeg\" \/>\n<meta name=\"twitter:card\" content=\"summary_large_image\" \/>\n<meta name=\"twitter:label1\" content=\"Tiempo de lectura\" \/>\n\t<meta name=\"twitter:data1\" content=\"1 minuto\" \/>\n<script type=\"application\/ld+json\" class=\"yoast-schema-graph\">{\"@context\":\"https:\/\/schema.org\",\"@graph\":[{\"@type\":\"WebPage\",\"@id\":\"https:\/\/koningdrone.be\/product\/dji-focus-pro-hand-unit\/\",\"url\":\"https:\/\/koningdrone.be\/product\/dji-focus-pro-hand-unit\/\",\"name\":\"DJI Focus Pro Hand Unit - koningdrone.be\",\"isPartOf\":{\"@id\":\"https:\/\/koningdrone.be\/#website\"},\"primaryImageOfPage\":{\"@id\":\"https:\/\/koningdrone.be\/product\/dji-focus-pro-hand-unit\/#primaryimage\"},\"image\":{\"@id\":\"https:\/\/koningdrone.be\/product\/dji-focus-pro-hand-unit\/#primaryimage\"},\"thumbnailUrl\":\"https:\/\/koningdrone.be\/wp-content\/uploads\/sites\/13\/2025\/04\/23ca9365368be57084bc6fe6d3b45c47@large.jpg\",\"datePublished\":\"2024-04-15T09:17:55+00:00\",\"dateModified\":\"2026-05-01T02:40:23+00:00\",\"breadcrumb\":{\"@id\":\"https:\/\/koningdrone.be\/product\/dji-focus-pro-hand-unit\/#breadcrumb\"},\"inLanguage\":\"es\",\"potentialAction\":[{\"@type\":\"ReadAction\",\"target\":[\"https:\/\/koningdrone.be\/product\/dji-focus-pro-hand-unit\/\"]}]},{\"@type\":\"ImageObject\",\"inLanguage\":\"es\",\"@id\":\"https:\/\/koningdrone.be\/product\/dji-focus-pro-hand-unit\/#primaryimage\",\"url\":\"https:\/\/koningdrone.be\/wp-content\/uploads\/sites\/13\/2025\/04\/23ca9365368be57084bc6fe6d3b45c47@large.jpg\",\"contentUrl\":\"https:\/\/koningdrone.be\/wp-content\/uploads\/sites\/13\/2025\/04\/23ca9365368be57084bc6fe6d3b45c47@large.jpg\",\"width\":1200,\"height\":800},{\"@type\":\"BreadcrumbList\",\"@id\":\"https:\/\/koningdrone.be\/product\/dji-focus-pro-hand-unit\/#breadcrumb\",\"itemListElement\":[{\"@type\":\"ListItem\",\"position\":1,\"name\":\"Home\",\"item\":\"https:\/\/koningdrone.be\/\"},{\"@type\":\"ListItem\",\"position\":2,\"name\":\"AVSS Parachute Recovery System for DJI Matrice 300\/350\",\"item\":\"https:\/\/koningdrone.be\/product\/avss-parachute-recovery-system-for-dji-matrice-300-350\/\"},{\"@type\":\"ListItem\",\"position\":3,\"name\":\"Alle producten\",\"item\":\"https:\/\/koningdrone.be\/categorie\/alle-producten\/\"},{\"@type\":\"ListItem\",\"position\":4,\"name\":\"DJI Focus Pro Hand Unit\"}]},{\"@type\":\"WebSite\",\"@id\":\"https:\/\/koningdrone.be\/#website\",\"url\":\"https:\/\/koningdrone.be\/\",\"name\":\"Koningdrone.be - Uw online specialist in drones, gimbals, camera's en power stations.\",\"description\":\"De webshop in drones en gimbals\",\"publisher\":{\"@id\":\"https:\/\/koningdrone.be\/#organization\"},\"potentialAction\":[{\"@type\":\"SearchAction\",\"target\":{\"@type\":\"EntryPoint\",\"urlTemplate\":\"https:\/\/koningdrone.be\/?s={search_term_string}\"},\"query-input\":{\"@type\":\"PropertyValueSpecification\",\"valueRequired\":true,\"valueName\":\"search_term_string\"}}],\"inLanguage\":\"es\"},{\"@type\":\"Organization\",\"@id\":\"https:\/\/koningdrone.be\/#organization\",\"name\":\"Koningdrone.be\",\"url\":\"https:\/\/koningdrone.be\/\",\"logo\":{\"@type\":\"ImageObject\",\"inLanguage\":\"es\",\"@id\":\"https:\/\/koningdrone.be\/#\/schema\/logo\/image\/\",\"url\":\"https:\/\/koningdrone.be\/wp-content\/uploads\/sites\/13\/2025\/04\/koningdrone-copyright-logo.svg\",\"contentUrl\":\"https:\/\/koningdrone.be\/wp-content\/uploads\/sites\/13\/2025\/04\/koningdrone-copyright-logo.svg\",\"width\":227,\"height\":38,\"caption\":\"Koningdrone.be\"},\"image\":{\"@id\":\"https:\/\/koningdrone.be\/#\/schema\/logo\/image\/\"}}]}<\/script>\n<!-- \/ Yoast SEO Premium plugin. -->","yoast_head_json":{"title":"DJI Focus Pro Hand Unit - koningdrone.be","robots":{"index":"index","follow":"follow","max-snippet":"max-snippet:-1","max-image-preview":"max-image-preview:large","max-video-preview":"max-video-preview:-1"},"canonical":"https:\/\/koningdrone.be\/es\/producto\/dji-focus-pro-hand-unit\/","og_locale":"es_ES","og_type":"article","og_title":"DJI Focus Pro Hand Unit","og_description":"Ingebouwde RF-module voor draadloze communicatie. Ondersteunt DJI Focus Pro Motor tot 160 meter. Maakt FIZ-controle over focus, diafragma en zoom mogelijk. Beschikt over realtime, traploze dempingsaanpassing. Geoptimaliseerd voor balans tussen comfort en precisie.","og_url":"https:\/\/koningdrone.be\/es\/producto\/dji-focus-pro-hand-unit\/","og_site_name":"koningdrone.be","article_modified_time":"2026-05-01T02:40:23+00:00","og_image":[{"width":1200,"height":800,"url":"https:\/\/koningdrone.be\/wp-content\/uploads\/sites\/13\/2025\/04\/23ca9365368be57084bc6fe6d3b45c47@large.jpg","type":"image\/jpeg"}],"twitter_card":"summary_large_image","twitter_misc":{"Tiempo de lectura":"1 minuto"},"schema":{"@context":"https:\/\/schema.org","@graph":[{"@type":"WebPage","@id":"https:\/\/koningdrone.be\/product\/dji-focus-pro-hand-unit\/","url":"https:\/\/koningdrone.be\/product\/dji-focus-pro-hand-unit\/","name":"DJI Focus Pro Hand Unit - koningdrone.be","isPartOf":{"@id":"https:\/\/koningdrone.be\/#website"},"primaryImageOfPage":{"@id":"https:\/\/koningdrone.be\/product\/dji-focus-pro-hand-unit\/#primaryimage"},"image":{"@id":"https:\/\/koningdrone.be\/product\/dji-focus-pro-hand-unit\/#primaryimage"},"thumbnailUrl":"https:\/\/koningdrone.be\/wp-content\/uploads\/sites\/13\/2025\/04\/23ca9365368be57084bc6fe6d3b45c47@large.jpg","datePublished":"2024-04-15T09:17:55+00:00","dateModified":"2026-05-01T02:40:23+00:00","breadcrumb":{"@id":"https:\/\/koningdrone.be\/product\/dji-focus-pro-hand-unit\/#breadcrumb"},"inLanguage":"es","potentialAction":[{"@type":"ReadAction","target":["https:\/\/koningdrone.be\/product\/dji-focus-pro-hand-unit\/"]}]},{"@type":"ImageObject","inLanguage":"es","@id":"https:\/\/koningdrone.be\/product\/dji-focus-pro-hand-unit\/#primaryimage","url":"https:\/\/koningdrone.be\/wp-content\/uploads\/sites\/13\/2025\/04\/23ca9365368be57084bc6fe6d3b45c47@large.jpg","contentUrl":"https:\/\/koningdrone.be\/wp-content\/uploads\/sites\/13\/2025\/04\/23ca9365368be57084bc6fe6d3b45c47@large.jpg","width":1200,"height":800},{"@type":"BreadcrumbList","@id":"https:\/\/koningdrone.be\/product\/dji-focus-pro-hand-unit\/#breadcrumb","itemListElement":[{"@type":"ListItem","position":1,"name":"Home","item":"https:\/\/koningdrone.be\/"},{"@type":"ListItem","position":2,"name":"AVSS Parachute Recovery System for DJI Matrice 300\/350","item":"https:\/\/koningdrone.be\/product\/avss-parachute-recovery-system-for-dji-matrice-300-350\/"},{"@type":"ListItem","position":3,"name":"Alle producten","item":"https:\/\/koningdrone.be\/categorie\/alle-producten\/"},{"@type":"ListItem","position":4,"name":"DJI Focus Pro Hand Unit"}]},{"@type":"WebSite","@id":"https:\/\/koningdrone.be\/#website","url":"https:\/\/koningdrone.be\/","name":"Koningdrone.be - Su especialista en l\u00ednea en drones, cardanes, c\u00e1maras y centrales el\u00e9ctricas.","description":"La tienda virtual de drones y cardanes","publisher":{"@id":"https:\/\/koningdrone.be\/#organization"},"potentialAction":[{"@type":"SearchAction","target":{"@type":"EntryPoint","urlTemplate":"https:\/\/koningdrone.be\/?s={search_term_string}"},"query-input":{"@type":"PropertyValueSpecification","valueRequired":true,"valueName":"search_term_string"}}],"inLanguage":"es"},{"@type":"Organization","@id":"https:\/\/koningdrone.be\/#organization","name":"Kingdrone.es","url":"https:\/\/koningdrone.be\/","logo":{"@type":"ImageObject","inLanguage":"es","@id":"https:\/\/koningdrone.be\/#\/schema\/logo\/image\/","url":"https:\/\/koningdrone.be\/wp-content\/uploads\/sites\/13\/2025\/04\/koningdrone-copyright-logo.svg","contentUrl":"https:\/\/koningdrone.be\/wp-content\/uploads\/sites\/13\/2025\/04\/koningdrone-copyright-logo.svg","width":227,"height":38,"caption":"Koningdrone.be"},"image":{"@id":"https:\/\/koningdrone.be\/#\/schema\/logo\/image\/"}}]}},"df_price":722,"df_sale_price":"","df_regular_price":722,"df_image_link":"https:\/\/koningdrone.be\/wp-content\/uploads\/sites\/13\/2025\/04\/23ca9365368be57084bc6fe6d3b45c47@large-300x200.jpg","_links":{"self":[{"href":"https:\/\/koningdrone.be\/es\/wp-json\/wp\/v2\/product\/3724","targetHints":{"allow":["GET"]}}],"collection":[{"href":"https:\/\/koningdrone.be\/es\/wp-json\/wp\/v2\/product"}],"about":[{"href":"https:\/\/koningdrone.be\/es\/wp-json\/wp\/v2\/types\/product"}],"wp:featuredmedia":[{"embeddable":true,"href":"https:\/\/koningdrone.be\/es\/wp-json\/wp\/v2\/media\/3721"}],"wp:attachment":[{"href":"https:\/\/koningdrone.be\/es\/wp-json\/wp\/v2\/media?parent=3724"}],"wp:term":[{"taxonomy":"product_brand","embeddable":true,"href":"https:\/\/koningdrone.be\/es\/wp-json\/wp\/v2\/product_brand?post=3724"},{"taxonomy":"product_cat","embeddable":true,"href":"https:\/\/koningdrone.be\/es\/wp-json\/wp\/v2\/product_cat?post=3724"},{"taxonomy":"product_tag","embeddable":true,"href":"https:\/\/koningdrone.be\/es\/wp-json\/wp\/v2\/product_tag?post=3724"}],"curies":[{"name":"wp","href":"https:\/\/api.w.org\/{rel}","templated":true}]}}