{"id":3720,"date":"2024-04-15T11:17:55","date_gmt":"2024-04-15T09:17:55","guid":{"rendered":"https:\/\/koningdrone.nl\/kon\/product\/dji-focus-pro-lidar\/"},"modified":"2026-04-29T03:40:26","modified_gmt":"2026-04-29T01:40:26","slug":"dji-focus-pro-lidar","status":"publish","type":"product","link":"https:\/\/koningdrone.be\/es\/producto\/dji-focus-pro-lidar\/","title":{"rendered":"DJI Focus Pro LiDAR"},"content":{"rendered":"<p><strong>Tecnolog\u00eda LiDAR mejorada<\/strong><\/p>\n<p> La tecnolog\u00eda LiDAR se ha mejorado significativamente y ahora cuenta con 76.800 puntos de alcance, lo que representa un aumento de 77% en comparaci\u00f3n con las versiones anteriores. Esta mejora ha perfeccionado la detecci\u00f3n de bordes alrededor de sujetos humanos, reduciendo significativamente la aparici\u00f3n de la caza del enfoque, un problema habitual en el que la c\u00e1mara no consigue mantener un enfoque estable.<\/p>\n<p>  <strong>Distancia de enfoque ampliada<\/strong><\/p>\n<p> Este avanzado sistema LiDAR admite una distancia m\u00e1xima de enfoque de 20 metros, lo que mejora su capacidad para enfocar n\u00edtidamente sujetos humanos a distancia. Esto supone triplicar la potencia de enfoque de los modelos anteriores, lo que resulta especialmente beneficioso para el uso de teleobjetivos en los que es necesario enfocar a distancias m\u00e1s largas.<\/p>\n<p>  <strong>Mayor campo de visi\u00f3n<\/strong><\/p>\n<p> El campo de visi\u00f3n de 70 grados que ofrece este sistema LiDAR ampl\u00eda las posibilidades de encuadre tanto en los bordes como a corta distancia. Esta mejora proporciona a los fot\u00f3grafos y cineastas un lienzo ampliado para captar sin concesiones las composiciones que deseen.<\/p>\n<p>  <strong>Alta frecuencia de actualizaci\u00f3n<\/strong><\/p>\n<p> Con una frecuencia de actualizaci\u00f3n de 30 Hz, el sistema LiDAR recopila con eficacia datos sobre sujetos en movimiento. Esta alta frecuencia de actualizaci\u00f3n garantiza un rendimiento de enfoque m\u00e1s fiable en entornos din\u00e1micos en los que los sujetos se mueven de forma impredecible.<\/p>\n<p>  <strong>Enfoque autom\u00e1tico para objetivos manuales<\/strong><\/p>\n<p> Junto con el Motor DJI Focus Pro, esta tecnolog\u00eda LiDAR mejorada permite capacidades de autoenfoque en objetivos manuales, siempre que est\u00e9n correctamente calibrados. Esta caracter\u00edstica es especialmente beneficiosa para cineastas y fot\u00f3grafos que prefieren el control t\u00e1ctil de los objetivos manuales pero tambi\u00e9n quieren la comodidad del autoenfoque.<\/p>\n<p>  <strong>Modo de control adaptativo<\/strong><\/p>\n<p> Las caracter\u00edsticas operativas del sistema LiDAR incluyen un alcance de detecci\u00f3n est\u00e1ndar de 10 metros en el modo 1x de la pantalla del estabilizador. Para una mayor flexibilidad, los usuarios pueden cambiar f\u00e1cilmente a un alcance de 20 metros tocando el icono + para activar el modo de zoom 2x. Esta adaptabilidad facilita la gesti\u00f3n eficaz de las distancias de enfoque, cambiando sin problemas de distancias m\u00e1s cercanas a distancias m\u00e1s largas.<\/p>","protected":false},"excerpt":{"rendered":"<ul>\n<li>76.800 puntos de alcance aumentan la detecci\u00f3n de bordes con 77%.<\/li>\n<li>Distancia m\u00e1xima de enfoque de 20 metros; triple mejora.<\/li>\n<li>El campo de visi\u00f3n de 70\u00b0 mejora las composiciones de bordes y los primeros planos.<\/li>\n<li>Una frecuencia de refresco de 30 Hz ayuda a seguir sujetos en movimiento.<\/li>\n<li>Compatible con el motor DJI Focus Pro para objetivos manuales.<\/li>\n<li>Alcance de detecci\u00f3n est\u00e1ndar de 10 metros en modo 1x.<\/li>\n<li>Distancia de enfoque ajustable hasta 20 metros mediante el visor de zoom 2x.<\/li>\n<\/ul>","protected":false},"featured_media":3717,"template":"","meta":{"_acf_changed":false},"product_brand":[],"product_cat":[187,97,640,1815],"product_tag":[],"class_list":{"0":"post-3720","1":"product","2":"type-product","3":"status-publish","4":"has-post-thumbnail","6":"product_cat-alle-lidar","7":"product_cat-alle-producten","8":"product_cat-dji-focus","9":"product_cat-dji-pro-accessoires","10":"product_shipping_class-uavspacesall","11":"pa_brand-dji","12":"pa_productfamily-focus","13":"pa_producttype-focus","14":"pa_series-focus-pro","16":"first","17":"instock","18":"taxable","19":"shipping-taxable","20":"purchasable","21":"product-type-simple"},"acf":[],"yoast_head":"<!-- This site is optimized with the Yoast SEO Premium plugin v27.2 (Yoast SEO v27.2) - https:\/\/yoast.com\/product\/yoast-seo-premium-wordpress\/ -->\n<title>DJI Focus Pro LiDAR - koningdrone.be<\/title>\n<meta name=\"robots\" content=\"index, follow, max-snippet:-1, max-image-preview:large, max-video-preview:-1\" \/>\n<link rel=\"canonical\" href=\"https:\/\/koningdrone.be\/es\/producto\/dji-focus-pro-lidar\/\" \/>\n<meta property=\"og:locale\" content=\"es_ES\" \/>\n<meta property=\"og:type\" content=\"article\" \/>\n<meta property=\"og:title\" content=\"DJI Focus Pro LiDAR\" \/>\n<meta property=\"og:description\" content=\"76.800 bereikpunten verhogen de randdetectie met 77%.  Maximale scherpstelafstand van 20 meter; drievoudige verbetering.  70\u00b0 gezichtsveld verbetert randcomposities en close-ups.  Een vernieuwingsfrequentie van 30 Hz helpt bij het volgen van bewegende onderwerpen.  Compatibel met DJI Focus Pro Motor voor handmatige lenzen.  Standaard detectiebereik van 10 meter in 1x-modus.  Instelbaar tot 20 meter focusafstand via 2x zoomweergave.\" \/>\n<meta property=\"og:url\" content=\"https:\/\/koningdrone.be\/es\/producto\/dji-focus-pro-lidar\/\" \/>\n<meta property=\"og:site_name\" content=\"koningdrone.be\" \/>\n<meta property=\"article:modified_time\" content=\"2026-04-29T01:40:26+00:00\" \/>\n<meta property=\"og:image\" content=\"https:\/\/koningdrone.be\/wp-content\/uploads\/sites\/13\/2025\/04\/cb939b7f6ff9da70969e1b90152e2e08@large.jpg\" \/>\n\t<meta property=\"og:image:width\" content=\"1200\" \/>\n\t<meta property=\"og:image:height\" content=\"800\" \/>\n\t<meta property=\"og:image:type\" content=\"image\/jpeg\" \/>\n<meta name=\"twitter:card\" content=\"summary_large_image\" \/>\n<meta name=\"twitter:label1\" content=\"Tiempo de lectura\" \/>\n\t<meta name=\"twitter:data1\" content=\"2 minutos\" \/>\n<script type=\"application\/ld+json\" class=\"yoast-schema-graph\">{\"@context\":\"https:\/\/schema.org\",\"@graph\":[{\"@type\":\"WebPage\",\"@id\":\"https:\/\/koningdrone.be\/product\/dji-focus-pro-lidar\/\",\"url\":\"https:\/\/koningdrone.be\/product\/dji-focus-pro-lidar\/\",\"name\":\"DJI Focus Pro LiDAR - koningdrone.be\",\"isPartOf\":{\"@id\":\"https:\/\/koningdrone.be\/#website\"},\"primaryImageOfPage\":{\"@id\":\"https:\/\/koningdrone.be\/product\/dji-focus-pro-lidar\/#primaryimage\"},\"image\":{\"@id\":\"https:\/\/koningdrone.be\/product\/dji-focus-pro-lidar\/#primaryimage\"},\"thumbnailUrl\":\"https:\/\/koningdrone.be\/wp-content\/uploads\/sites\/13\/2025\/04\/cb939b7f6ff9da70969e1b90152e2e08@large.jpg\",\"datePublished\":\"2024-04-15T09:17:55+00:00\",\"dateModified\":\"2026-04-29T01:40:26+00:00\",\"breadcrumb\":{\"@id\":\"https:\/\/koningdrone.be\/product\/dji-focus-pro-lidar\/#breadcrumb\"},\"inLanguage\":\"es\",\"potentialAction\":[{\"@type\":\"ReadAction\",\"target\":[\"https:\/\/koningdrone.be\/product\/dji-focus-pro-lidar\/\"]}]},{\"@type\":\"ImageObject\",\"inLanguage\":\"es\",\"@id\":\"https:\/\/koningdrone.be\/product\/dji-focus-pro-lidar\/#primaryimage\",\"url\":\"https:\/\/koningdrone.be\/wp-content\/uploads\/sites\/13\/2025\/04\/cb939b7f6ff9da70969e1b90152e2e08@large.jpg\",\"contentUrl\":\"https:\/\/koningdrone.be\/wp-content\/uploads\/sites\/13\/2025\/04\/cb939b7f6ff9da70969e1b90152e2e08@large.jpg\",\"width\":1200,\"height\":800},{\"@type\":\"BreadcrumbList\",\"@id\":\"https:\/\/koningdrone.be\/product\/dji-focus-pro-lidar\/#breadcrumb\",\"itemListElement\":[{\"@type\":\"ListItem\",\"position\":1,\"name\":\"Home\",\"item\":\"https:\/\/koningdrone.be\/\"},{\"@type\":\"ListItem\",\"position\":2,\"name\":\"AVSS Parachute Recovery System for DJI Matrice 300\/350\",\"item\":\"https:\/\/koningdrone.be\/product\/avss-parachute-recovery-system-for-dji-matrice-300-350\/\"},{\"@type\":\"ListItem\",\"position\":3,\"name\":\"Alle LiDaR\",\"item\":\"https:\/\/koningdrone.be\/categorie\/alle-lidar\/\"},{\"@type\":\"ListItem\",\"position\":4,\"name\":\"DJI Focus Pro LiDAR\"}]},{\"@type\":\"WebSite\",\"@id\":\"https:\/\/koningdrone.be\/#website\",\"url\":\"https:\/\/koningdrone.be\/\",\"name\":\"Koningdrone.be - Uw online specialist in drones, gimbals, camera's en power stations.\",\"description\":\"De webshop in drones en gimbals\",\"publisher\":{\"@id\":\"https:\/\/koningdrone.be\/#organization\"},\"potentialAction\":[{\"@type\":\"SearchAction\",\"target\":{\"@type\":\"EntryPoint\",\"urlTemplate\":\"https:\/\/koningdrone.be\/?s={search_term_string}\"},\"query-input\":{\"@type\":\"PropertyValueSpecification\",\"valueRequired\":true,\"valueName\":\"search_term_string\"}}],\"inLanguage\":\"es\"},{\"@type\":\"Organization\",\"@id\":\"https:\/\/koningdrone.be\/#organization\",\"name\":\"Koningdrone.be\",\"url\":\"https:\/\/koningdrone.be\/\",\"logo\":{\"@type\":\"ImageObject\",\"inLanguage\":\"es\",\"@id\":\"https:\/\/koningdrone.be\/#\/schema\/logo\/image\/\",\"url\":\"https:\/\/koningdrone.be\/wp-content\/uploads\/sites\/13\/2025\/04\/koningdrone-copyright-logo.svg\",\"contentUrl\":\"https:\/\/koningdrone.be\/wp-content\/uploads\/sites\/13\/2025\/04\/koningdrone-copyright-logo.svg\",\"width\":227,\"height\":38,\"caption\":\"Koningdrone.be\"},\"image\":{\"@id\":\"https:\/\/koningdrone.be\/#\/schema\/logo\/image\/\"}}]}<\/script>\n<!-- \/ Yoast SEO Premium plugin. -->","yoast_head_json":{"title":"DJI Focus Pro LiDAR - koningdrone.be","robots":{"index":"index","follow":"follow","max-snippet":"max-snippet:-1","max-image-preview":"max-image-preview:large","max-video-preview":"max-video-preview:-1"},"canonical":"https:\/\/koningdrone.be\/es\/producto\/dji-focus-pro-lidar\/","og_locale":"es_ES","og_type":"article","og_title":"DJI Focus Pro LiDAR","og_description":"76.800 bereikpunten verhogen de randdetectie met 77%.  Maximale scherpstelafstand van 20 meter; drievoudige verbetering.  70\u00b0 gezichtsveld verbetert randcomposities en close-ups.  Een vernieuwingsfrequentie van 30 Hz helpt bij het volgen van bewegende onderwerpen.  Compatibel met DJI Focus Pro Motor voor handmatige lenzen.  Standaard detectiebereik van 10 meter in 1x-modus.  Instelbaar tot 20 meter focusafstand via 2x zoomweergave.","og_url":"https:\/\/koningdrone.be\/es\/producto\/dji-focus-pro-lidar\/","og_site_name":"koningdrone.be","article_modified_time":"2026-04-29T01:40:26+00:00","og_image":[{"width":1200,"height":800,"url":"https:\/\/koningdrone.be\/wp-content\/uploads\/sites\/13\/2025\/04\/cb939b7f6ff9da70969e1b90152e2e08@large.jpg","type":"image\/jpeg"}],"twitter_card":"summary_large_image","twitter_misc":{"Tiempo de lectura":"2 minutos"},"schema":{"@context":"https:\/\/schema.org","@graph":[{"@type":"WebPage","@id":"https:\/\/koningdrone.be\/product\/dji-focus-pro-lidar\/","url":"https:\/\/koningdrone.be\/product\/dji-focus-pro-lidar\/","name":"DJI Focus Pro LiDAR - koningdrone.be","isPartOf":{"@id":"https:\/\/koningdrone.be\/#website"},"primaryImageOfPage":{"@id":"https:\/\/koningdrone.be\/product\/dji-focus-pro-lidar\/#primaryimage"},"image":{"@id":"https:\/\/koningdrone.be\/product\/dji-focus-pro-lidar\/#primaryimage"},"thumbnailUrl":"https:\/\/koningdrone.be\/wp-content\/uploads\/sites\/13\/2025\/04\/cb939b7f6ff9da70969e1b90152e2e08@large.jpg","datePublished":"2024-04-15T09:17:55+00:00","dateModified":"2026-04-29T01:40:26+00:00","breadcrumb":{"@id":"https:\/\/koningdrone.be\/product\/dji-focus-pro-lidar\/#breadcrumb"},"inLanguage":"es","potentialAction":[{"@type":"ReadAction","target":["https:\/\/koningdrone.be\/product\/dji-focus-pro-lidar\/"]}]},{"@type":"ImageObject","inLanguage":"es","@id":"https:\/\/koningdrone.be\/product\/dji-focus-pro-lidar\/#primaryimage","url":"https:\/\/koningdrone.be\/wp-content\/uploads\/sites\/13\/2025\/04\/cb939b7f6ff9da70969e1b90152e2e08@large.jpg","contentUrl":"https:\/\/koningdrone.be\/wp-content\/uploads\/sites\/13\/2025\/04\/cb939b7f6ff9da70969e1b90152e2e08@large.jpg","width":1200,"height":800},{"@type":"BreadcrumbList","@id":"https:\/\/koningdrone.be\/product\/dji-focus-pro-lidar\/#breadcrumb","itemListElement":[{"@type":"ListItem","position":1,"name":"Home","item":"https:\/\/koningdrone.be\/"},{"@type":"ListItem","position":2,"name":"AVSS Parachute Recovery System for DJI Matrice 300\/350","item":"https:\/\/koningdrone.be\/product\/avss-parachute-recovery-system-for-dji-matrice-300-350\/"},{"@type":"ListItem","position":3,"name":"Alle LiDaR","item":"https:\/\/koningdrone.be\/categorie\/alle-lidar\/"},{"@type":"ListItem","position":4,"name":"DJI Focus Pro LiDAR"}]},{"@type":"WebSite","@id":"https:\/\/koningdrone.be\/#website","url":"https:\/\/koningdrone.be\/","name":"Koningdrone.be - Su especialista en l\u00ednea en drones, cardanes, c\u00e1maras y centrales el\u00e9ctricas.","description":"La tienda virtual de drones y cardanes","publisher":{"@id":"https:\/\/koningdrone.be\/#organization"},"potentialAction":[{"@type":"SearchAction","target":{"@type":"EntryPoint","urlTemplate":"https:\/\/koningdrone.be\/?s={search_term_string}"},"query-input":{"@type":"PropertyValueSpecification","valueRequired":true,"valueName":"search_term_string"}}],"inLanguage":"es"},{"@type":"Organization","@id":"https:\/\/koningdrone.be\/#organization","name":"Kingdrone.es","url":"https:\/\/koningdrone.be\/","logo":{"@type":"ImageObject","inLanguage":"es","@id":"https:\/\/koningdrone.be\/#\/schema\/logo\/image\/","url":"https:\/\/koningdrone.be\/wp-content\/uploads\/sites\/13\/2025\/04\/koningdrone-copyright-logo.svg","contentUrl":"https:\/\/koningdrone.be\/wp-content\/uploads\/sites\/13\/2025\/04\/koningdrone-copyright-logo.svg","width":227,"height":38,"caption":"Koningdrone.be"},"image":{"@id":"https:\/\/koningdrone.be\/#\/schema\/logo\/image\/"}}]}},"df_price":598,"df_sale_price":"","df_regular_price":598,"df_image_link":"https:\/\/koningdrone.be\/wp-content\/uploads\/sites\/13\/2025\/04\/cb939b7f6ff9da70969e1b90152e2e08@large-300x200.jpg","_links":{"self":[{"href":"https:\/\/koningdrone.be\/es\/wp-json\/wp\/v2\/product\/3720","targetHints":{"allow":["GET"]}}],"collection":[{"href":"https:\/\/koningdrone.be\/es\/wp-json\/wp\/v2\/product"}],"about":[{"href":"https:\/\/koningdrone.be\/es\/wp-json\/wp\/v2\/types\/product"}],"wp:featuredmedia":[{"embeddable":true,"href":"https:\/\/koningdrone.be\/es\/wp-json\/wp\/v2\/media\/3717"}],"wp:attachment":[{"href":"https:\/\/koningdrone.be\/es\/wp-json\/wp\/v2\/media?parent=3720"}],"wp:term":[{"taxonomy":"product_brand","embeddable":true,"href":"https:\/\/koningdrone.be\/es\/wp-json\/wp\/v2\/product_brand?post=3720"},{"taxonomy":"product_cat","embeddable":true,"href":"https:\/\/koningdrone.be\/es\/wp-json\/wp\/v2\/product_cat?post=3720"},{"taxonomy":"product_tag","embeddable":true,"href":"https:\/\/koningdrone.be\/es\/wp-json\/wp\/v2\/product_tag?post=3720"}],"curies":[{"name":"wp","href":"https:\/\/api.w.org\/{rel}","templated":true}]}}