{"id":3716,"date":"2024-04-15T11:17:55","date_gmt":"2024-04-15T09:17:55","guid":{"rendered":"https:\/\/koningdrone.nl\/kon\/product\/dji-focus-pro-motor\/"},"modified":"2026-04-29T15:10:52","modified_gmt":"2026-04-29T13:10:52","slug":"dji-focus-pro-motor","status":"publish","type":"product","link":"https:\/\/koningdrone.be\/es\/producto\/dji-focus-pro-motor\/","title":{"rendered":"Motor DJI Focus Pro"},"content":{"rendered":"<p><strong>Control mejorado de la c\u00e1mara<\/strong><\/p>\n<p> Este motor mejora significativamente la capacidad de control de su c\u00e1mara al aumentar la velocidad en 30%, lo que permite realizar ajustes m\u00e1s r\u00e1pidos y precisos en las configuraciones de enfoque, zoom y apertura. Esta mejora proporciona una experiencia fotogr\u00e1fica y videogr\u00e1fica m\u00e1s fluida y eficiente.<\/p>\n<p>  <strong>Compatibilidad universal<\/strong><\/p>\n<p> Dise\u00f1ado para integrarse a la perfecci\u00f3n con varillas de 15 mm de est\u00e1ndar universal, este motor es un complemento vers\u00e1til para cualquier configuraci\u00f3n de fotograf\u00eda o cine profesional. Su compatibilidad garantiza que pueda integrarse f\u00e1cilmente en una gran variedad de configuraciones de equipos.<\/p>\n<p>  <strong>Latencia excepcionalmente baja<\/strong><\/p>\n<p> El motor tiene una latencia excepcionalmente baja de s\u00f3lo 10 milisegundos, eliminando pr\u00e1cticamente cualquier retraso entre los ajustes en la unidad manual DJI Focus Pro y la respuesta del motor. Este tiempo de respuesta ultrarr\u00e1pido es crucial para mantener la fluidez y precisi\u00f3n necesarias en entornos profesionales.<\/p>\n<p>  <strong>Control inal\u00e1mbrico sin fisuras<\/strong><\/p>\n<p> El motor incluye una antena RF integrada que mejora la capacidad de conectarse sin problemas a la unidad de mano DJI Focus Pro para un control inal\u00e1mbrico eficiente. Esta caracter\u00edstica proporciona una mayor flexibilidad y movilidad, liberando al usuario de engorrosos cables y configuraciones.<\/p>\n<p>  <strong>C\u00f3modas opciones de alimentaci\u00f3n<\/strong><\/p>\n<p> Cuando se utiliza con el DJI Focus Pro Grip, este motor se puede alimentar directamente desde un puerto USB-C, ofreciendo comodidad y reduciendo la necesidad de fuentes de alimentaci\u00f3n adicionales. Esta eficiente configuraci\u00f3n de alimentaci\u00f3n no solo simplifica la configuraci\u00f3n, sino que tambi\u00e9n garantiza un rendimiento sostenido durante grabaciones prolongadas.<\/p>","protected":false},"excerpt":{"rendered":"<ul>\n<li>Velocidad del motor aumentada en 30% para un funcionamiento sensible.<\/li>\n<li>Compatible con varillas universales de 15 mm.<\/li>\n<li>Baja latencia de 10 milisegundos para una respuesta r\u00e1pida.<\/li>\n<li>Equipado con antena RF integrada para la conexi\u00f3n.<\/li>\n<li>Se puede alimentar a trav\u00e9s del puerto USB-C en combinaci\u00f3n con el DJI Focus Pro Grip.<\/li>\n<\/ul>","protected":false},"featured_media":3713,"template":"","meta":{"_acf_changed":false},"product_brand":[],"product_cat":[315,97,640,1815],"product_tag":[],"class_list":{"0":"post-3716","1":"product","2":"type-product","3":"status-publish","4":"has-post-thumbnail","6":"product_cat-alle-gimbals-en-cameras","7":"product_cat-alle-producten","8":"product_cat-dji-focus","9":"product_cat-dji-pro-accessoires","10":"product_shipping_class-outofstock","11":"pa_brand-dji","12":"pa_productfamily-focus","13":"pa_producttype-focus","15":"first","16":"outofstock","17":"taxable","18":"shipping-taxable","19":"purchasable","20":"product-type-simple"},"acf":[],"yoast_head":"<!-- This site is optimized with the Yoast SEO Premium plugin v27.2 (Yoast SEO v27.2) - https:\/\/yoast.com\/product\/yoast-seo-premium-wordpress\/ -->\n<title>DJI Focus Pro Motor - koningdrone.be<\/title>\n<meta name=\"robots\" content=\"index, follow, max-snippet:-1, max-image-preview:large, max-video-preview:-1\" \/>\n<link rel=\"canonical\" href=\"https:\/\/koningdrone.be\/es\/producto\/dji-focus-pro-motor\/\" \/>\n<meta property=\"og:locale\" content=\"es_ES\" \/>\n<meta property=\"og:type\" content=\"article\" \/>\n<meta property=\"og:title\" content=\"DJI Focus Pro Motor\" \/>\n<meta property=\"og:description\" content=\"Motorsnelheid verhoogd met 30% voor responsieve bediening.  Compatibel met universele stangen van 15 mm.  Lage latentie van 10 milliseconden voor snelle respons.  Voorzien van ingebouwde RF-antenne voor verbinding.  Kan worden gevoed via de USB-C-poort in combinatie met de DJI Focus Pro Grip.\" \/>\n<meta property=\"og:url\" content=\"https:\/\/koningdrone.be\/es\/producto\/dji-focus-pro-motor\/\" \/>\n<meta property=\"og:site_name\" content=\"koningdrone.be\" \/>\n<meta property=\"article:modified_time\" content=\"2026-04-29T13:10:52+00:00\" \/>\n<meta property=\"og:image\" content=\"https:\/\/koningdrone.be\/wp-content\/uploads\/sites\/13\/2025\/04\/d52c933bec8bc908d37d4404b62e79e6@large.jpg\" \/>\n\t<meta property=\"og:image:width\" content=\"1200\" \/>\n\t<meta property=\"og:image:height\" content=\"800\" \/>\n\t<meta property=\"og:image:type\" content=\"image\/jpeg\" \/>\n<meta name=\"twitter:card\" content=\"summary_large_image\" \/>\n<meta name=\"twitter:label1\" content=\"Tiempo de lectura\" \/>\n\t<meta name=\"twitter:data1\" content=\"1 minuto\" \/>\n<script type=\"application\/ld+json\" class=\"yoast-schema-graph\">{\"@context\":\"https:\/\/schema.org\",\"@graph\":[{\"@type\":\"WebPage\",\"@id\":\"https:\/\/koningdrone.be\/product\/dji-focus-pro-motor\/\",\"url\":\"https:\/\/koningdrone.be\/product\/dji-focus-pro-motor\/\",\"name\":\"DJI Focus Pro Motor - koningdrone.be\",\"isPartOf\":{\"@id\":\"https:\/\/koningdrone.be\/#website\"},\"primaryImageOfPage\":{\"@id\":\"https:\/\/koningdrone.be\/product\/dji-focus-pro-motor\/#primaryimage\"},\"image\":{\"@id\":\"https:\/\/koningdrone.be\/product\/dji-focus-pro-motor\/#primaryimage\"},\"thumbnailUrl\":\"https:\/\/koningdrone.be\/wp-content\/uploads\/sites\/13\/2025\/04\/d52c933bec8bc908d37d4404b62e79e6@large.jpg\",\"datePublished\":\"2024-04-15T09:17:55+00:00\",\"dateModified\":\"2026-04-29T13:10:52+00:00\",\"breadcrumb\":{\"@id\":\"https:\/\/koningdrone.be\/product\/dji-focus-pro-motor\/#breadcrumb\"},\"inLanguage\":\"es\",\"potentialAction\":[{\"@type\":\"ReadAction\",\"target\":[\"https:\/\/koningdrone.be\/product\/dji-focus-pro-motor\/\"]}]},{\"@type\":\"ImageObject\",\"inLanguage\":\"es\",\"@id\":\"https:\/\/koningdrone.be\/product\/dji-focus-pro-motor\/#primaryimage\",\"url\":\"https:\/\/koningdrone.be\/wp-content\/uploads\/sites\/13\/2025\/04\/d52c933bec8bc908d37d4404b62e79e6@large.jpg\",\"contentUrl\":\"https:\/\/koningdrone.be\/wp-content\/uploads\/sites\/13\/2025\/04\/d52c933bec8bc908d37d4404b62e79e6@large.jpg\",\"width\":1200,\"height\":800},{\"@type\":\"BreadcrumbList\",\"@id\":\"https:\/\/koningdrone.be\/product\/dji-focus-pro-motor\/#breadcrumb\",\"itemListElement\":[{\"@type\":\"ListItem\",\"position\":1,\"name\":\"Home\",\"item\":\"https:\/\/koningdrone.be\/\"},{\"@type\":\"ListItem\",\"position\":2,\"name\":\"AVSS Parachute Recovery System for DJI Matrice 300\/350\",\"item\":\"https:\/\/koningdrone.be\/product\/avss-parachute-recovery-system-for-dji-matrice-300-350\/\"},{\"@type\":\"ListItem\",\"position\":3,\"name\":\"Alle gimbals en cameras\",\"item\":\"https:\/\/koningdrone.be\/categorie\/alle-gimbals-en-cameras\/\"},{\"@type\":\"ListItem\",\"position\":4,\"name\":\"DJI Focus Pro Motor\"}]},{\"@type\":\"WebSite\",\"@id\":\"https:\/\/koningdrone.be\/#website\",\"url\":\"https:\/\/koningdrone.be\/\",\"name\":\"Koningdrone.be - Uw online specialist in drones, gimbals, camera's en power stations.\",\"description\":\"De webshop in drones en gimbals\",\"publisher\":{\"@id\":\"https:\/\/koningdrone.be\/#organization\"},\"potentialAction\":[{\"@type\":\"SearchAction\",\"target\":{\"@type\":\"EntryPoint\",\"urlTemplate\":\"https:\/\/koningdrone.be\/?s={search_term_string}\"},\"query-input\":{\"@type\":\"PropertyValueSpecification\",\"valueRequired\":true,\"valueName\":\"search_term_string\"}}],\"inLanguage\":\"es\"},{\"@type\":\"Organization\",\"@id\":\"https:\/\/koningdrone.be\/#organization\",\"name\":\"Koningdrone.be\",\"url\":\"https:\/\/koningdrone.be\/\",\"logo\":{\"@type\":\"ImageObject\",\"inLanguage\":\"es\",\"@id\":\"https:\/\/koningdrone.be\/#\/schema\/logo\/image\/\",\"url\":\"https:\/\/koningdrone.be\/wp-content\/uploads\/sites\/13\/2025\/04\/koningdrone-copyright-logo.svg\",\"contentUrl\":\"https:\/\/koningdrone.be\/wp-content\/uploads\/sites\/13\/2025\/04\/koningdrone-copyright-logo.svg\",\"width\":227,\"height\":38,\"caption\":\"Koningdrone.be\"},\"image\":{\"@id\":\"https:\/\/koningdrone.be\/#\/schema\/logo\/image\/\"}}]}<\/script>\n<!-- \/ Yoast SEO Premium plugin. -->","yoast_head_json":{"title":"DJI Focus Pro Motor - koningdrone.be","robots":{"index":"index","follow":"follow","max-snippet":"max-snippet:-1","max-image-preview":"max-image-preview:large","max-video-preview":"max-video-preview:-1"},"canonical":"https:\/\/koningdrone.be\/es\/producto\/dji-focus-pro-motor\/","og_locale":"es_ES","og_type":"article","og_title":"DJI Focus Pro Motor","og_description":"Motorsnelheid verhoogd met 30% voor responsieve bediening.  Compatibel met universele stangen van 15 mm.  Lage latentie van 10 milliseconden voor snelle respons.  Voorzien van ingebouwde RF-antenne voor verbinding.  Kan worden gevoed via de USB-C-poort in combinatie met de DJI Focus Pro Grip.","og_url":"https:\/\/koningdrone.be\/es\/producto\/dji-focus-pro-motor\/","og_site_name":"koningdrone.be","article_modified_time":"2026-04-29T13:10:52+00:00","og_image":[{"width":1200,"height":800,"url":"https:\/\/koningdrone.be\/wp-content\/uploads\/sites\/13\/2025\/04\/d52c933bec8bc908d37d4404b62e79e6@large.jpg","type":"image\/jpeg"}],"twitter_card":"summary_large_image","twitter_misc":{"Tiempo de lectura":"1 minuto"},"schema":{"@context":"https:\/\/schema.org","@graph":[{"@type":"WebPage","@id":"https:\/\/koningdrone.be\/product\/dji-focus-pro-motor\/","url":"https:\/\/koningdrone.be\/product\/dji-focus-pro-motor\/","name":"DJI Focus Pro Motor - koningdrone.be","isPartOf":{"@id":"https:\/\/koningdrone.be\/#website"},"primaryImageOfPage":{"@id":"https:\/\/koningdrone.be\/product\/dji-focus-pro-motor\/#primaryimage"},"image":{"@id":"https:\/\/koningdrone.be\/product\/dji-focus-pro-motor\/#primaryimage"},"thumbnailUrl":"https:\/\/koningdrone.be\/wp-content\/uploads\/sites\/13\/2025\/04\/d52c933bec8bc908d37d4404b62e79e6@large.jpg","datePublished":"2024-04-15T09:17:55+00:00","dateModified":"2026-04-29T13:10:52+00:00","breadcrumb":{"@id":"https:\/\/koningdrone.be\/product\/dji-focus-pro-motor\/#breadcrumb"},"inLanguage":"es","potentialAction":[{"@type":"ReadAction","target":["https:\/\/koningdrone.be\/product\/dji-focus-pro-motor\/"]}]},{"@type":"ImageObject","inLanguage":"es","@id":"https:\/\/koningdrone.be\/product\/dji-focus-pro-motor\/#primaryimage","url":"https:\/\/koningdrone.be\/wp-content\/uploads\/sites\/13\/2025\/04\/d52c933bec8bc908d37d4404b62e79e6@large.jpg","contentUrl":"https:\/\/koningdrone.be\/wp-content\/uploads\/sites\/13\/2025\/04\/d52c933bec8bc908d37d4404b62e79e6@large.jpg","width":1200,"height":800},{"@type":"BreadcrumbList","@id":"https:\/\/koningdrone.be\/product\/dji-focus-pro-motor\/#breadcrumb","itemListElement":[{"@type":"ListItem","position":1,"name":"Home","item":"https:\/\/koningdrone.be\/"},{"@type":"ListItem","position":2,"name":"AVSS Parachute Recovery System for DJI Matrice 300\/350","item":"https:\/\/koningdrone.be\/product\/avss-parachute-recovery-system-for-dji-matrice-300-350\/"},{"@type":"ListItem","position":3,"name":"Alle gimbals en cameras","item":"https:\/\/koningdrone.be\/categorie\/alle-gimbals-en-cameras\/"},{"@type":"ListItem","position":4,"name":"DJI Focus Pro Motor"}]},{"@type":"WebSite","@id":"https:\/\/koningdrone.be\/#website","url":"https:\/\/koningdrone.be\/","name":"Koningdrone.be - Su especialista en l\u00ednea en drones, cardanes, c\u00e1maras y centrales el\u00e9ctricas.","description":"La tienda virtual de drones y cardanes","publisher":{"@id":"https:\/\/koningdrone.be\/#organization"},"potentialAction":[{"@type":"SearchAction","target":{"@type":"EntryPoint","urlTemplate":"https:\/\/koningdrone.be\/?s={search_term_string}"},"query-input":{"@type":"PropertyValueSpecification","valueRequired":true,"valueName":"search_term_string"}}],"inLanguage":"es"},{"@type":"Organization","@id":"https:\/\/koningdrone.be\/#organization","name":"Kingdrone.es","url":"https:\/\/koningdrone.be\/","logo":{"@type":"ImageObject","inLanguage":"es","@id":"https:\/\/koningdrone.be\/#\/schema\/logo\/image\/","url":"https:\/\/koningdrone.be\/wp-content\/uploads\/sites\/13\/2025\/04\/koningdrone-copyright-logo.svg","contentUrl":"https:\/\/koningdrone.be\/wp-content\/uploads\/sites\/13\/2025\/04\/koningdrone-copyright-logo.svg","width":227,"height":38,"caption":"Koningdrone.be"},"image":{"@id":"https:\/\/koningdrone.be\/#\/schema\/logo\/image\/"}}]}},"df_price":139,"df_sale_price":"","df_regular_price":139,"df_image_link":"https:\/\/koningdrone.be\/wp-content\/uploads\/sites\/13\/2025\/04\/d52c933bec8bc908d37d4404b62e79e6@large-300x200.jpg","_links":{"self":[{"href":"https:\/\/koningdrone.be\/es\/wp-json\/wp\/v2\/product\/3716","targetHints":{"allow":["GET"]}}],"collection":[{"href":"https:\/\/koningdrone.be\/es\/wp-json\/wp\/v2\/product"}],"about":[{"href":"https:\/\/koningdrone.be\/es\/wp-json\/wp\/v2\/types\/product"}],"wp:featuredmedia":[{"embeddable":true,"href":"https:\/\/koningdrone.be\/es\/wp-json\/wp\/v2\/media\/3713"}],"wp:attachment":[{"href":"https:\/\/koningdrone.be\/es\/wp-json\/wp\/v2\/media?parent=3716"}],"wp:term":[{"taxonomy":"product_brand","embeddable":true,"href":"https:\/\/koningdrone.be\/es\/wp-json\/wp\/v2\/product_brand?post=3716"},{"taxonomy":"product_cat","embeddable":true,"href":"https:\/\/koningdrone.be\/es\/wp-json\/wp\/v2\/product_cat?post=3716"},{"taxonomy":"product_tag","embeddable":true,"href":"https:\/\/koningdrone.be\/es\/wp-json\/wp\/v2\/product_tag?post=3716"}],"curies":[{"name":"wp","href":"https:\/\/api.w.org\/{rel}","templated":true}]}}