{"id":3712,"date":"2024-04-15T11:17:55","date_gmt":"2024-04-15T09:17:55","guid":{"rendered":"https:\/\/koningdrone.nl\/kon\/product\/dji-avata-2-fly-more-combo-three-batteries\/"},"modified":"2026-04-29T15:20:14","modified_gmt":"2026-04-29T13:20:14","slug":"dji-avata-2-fly-more-combo-three-batteries","status":"publish","type":"product","link":"https:\/\/koningdrone.be\/es\/producto\/dji-avata-2-fly-more-combo-three-batteries\/","title":{"rendered":"DJI Avata 2 Fly More Combo (Tres Bater\u00edas)"},"content":{"rendered":"<p><strong>Visi\u00f3n general de las gafas DJI 3<\/strong><\/p>\n<p> Las DJI Goggles 3 est\u00e1n dise\u00f1adas con pantallas HD micro-OLED, que ofrecen a los usuarios una nitidez excepcional e im\u00e1genes v\u00edvidas, al tiempo que minimizan la latencia de v\u00eddeo. La innovadora funci\u00f3n Real View Picture-in-Picture (PiP) permite a los usuarios permanecer atentos a su entorno sin tener que quitarse las gafas, lo que garantiza la seguridad y la comodidad durante el uso.<\/p>\n<p>  <strong>Funcionalidad del controlador RC Motion 3<\/strong><\/p>\n<p> El controlador RC Motion 3 est\u00e1 optimizado para experiencias de vuelo din\u00e1micas, permitiendo a los pilotos realizar sin esfuerzo maniobras de vuelo complejas como volteretas hacia delante y hacia atr\u00e1s, giros laterales y derrapes de 180\u00b0. Este nivel de control es posible gracias a la intuitiva configuraci\u00f3n de los botones, lo que lo hace accesible incluso para los principiantes.<\/p>\n<p>  <strong>V\u00eddeo y c\u00e1mara Grabaci\u00f3n de alta calidad<\/strong><\/p>\n<p> Experimenta la emoci\u00f3n de tus vuelos, capturados en una impresionante resoluci\u00f3n 4K a 60 fotogramas por segundo, compatible con HDR. El conjunto DJI ofrece un impresionante campo de visi\u00f3n ultra gran angular de 155\u00b0, ideal para grabar maniobras r\u00e1pidas a baja altitud y amplias tomas de paisajes.<\/p>\n<p>  <strong>Sensor de imagen mejorado<\/strong><\/p>\n<p> El avanzado sensor de imagen de 1\/1,3 pulgadas aumenta significativamente el rango din\u00e1mico y ofrece un rendimiento excepcional con poca luz, lo que permite a los usuarios capturar im\u00e1genes a\u00e9reas m\u00e1s detalladas y v\u00edvidas independientemente de la luz ambiental.<\/p>\n<p>  <strong>Dise\u00f1o y seguridad de los drones Avata 2<\/strong><\/p>\n<p> Avata 2 mejora la seguridad y la maniobrabilidad del dron con un dise\u00f1o integrado del cuerpo y la protecci\u00f3n de la h\u00e9lice. Est\u00e1 dise\u00f1ado para ser m\u00e1s ligero, lo que aumenta la capacidad de respuesta, por lo que es ideal para demostrar con seguridad habilidades de vuelo complejas.<\/p>\n<p>  <strong>Caracter\u00edsticas innovadoras del dron Avata 2<\/strong><\/p>\n<p> Este dron est\u00e1 equipado con el modo Tortuga, que se da autom\u00e1ticamente la posici\u00f3n de despegue cuando aterriza boca abajo. Esta funci\u00f3n garantiza un tiempo de inactividad m\u00ednimo y una r\u00e1pida recuperaci\u00f3n, lo que permite seguir volando y disfrutando.<\/p>\n<p>  <strong>Estabilidad y seguridad con Avata 2<\/strong><\/p>\n<p> Para mejorar la seguridad y estabilidad del vuelo, especialmente a baja altura y en interiores, Avata incluye 2 sensores binoculares ojo de pez. Estos sensores ayudan a proporcionar un posicionamiento visual preciso desde la parte inferior y trasera del dron.<\/p>\n<p>  <strong>LightCut app Edici\u00f3n sencilla<\/strong><\/p>\n<p> La aplicaci\u00f3n LightCut revoluciona la edici\u00f3n de v\u00eddeo con su sencilla interfaz y la funci\u00f3n One-Tap Edit. Los usuarios pueden elegir entre varias plantillas, lo que facilita la creaci\u00f3n de cautivadoras secuencias a\u00e9reas listas para compartir.<\/p>","protected":false},"excerpt":{"rendered":"<ul>\n<li>Pantallas HD micro-OLED con baja latencia de v\u00eddeo.<\/li>\n<li>Real View PiP aumenta la percepci\u00f3n sin quitarse las gafas.<\/li>\n<li>RC Motion 3 permite maniobras de vuelo avanzadas con s\u00f3lo pulsar un bot\u00f3n.<\/li>\n<li>Graba en 4K\/60 fps HDR, con un \u00e1ngulo ultra gran angular de 155\u00b0.<\/li>\n<li>El sensor mejorado de 1\/1,3 pulgadas mejora el rendimiento con poca luz.<\/li>\n<li>Avata 2 integra la protecci\u00f3n del cuerpo y la h\u00e9lice para una mayor protecci\u00f3n.<\/li>\n<li>En modo Tortuga, Avata 2 puede enderezarse por s\u00ed mismo para un arranque r\u00e1pido.<\/li>\n<li>Sensores binoculares ojo de pez para un posicionamiento preciso a baja altitud y en interiores.<\/li>\n<li>La aplicaci\u00f3n LightCut ofrece edici\u00f3n con un solo toque y posproducci\u00f3n basada en plantillas.<\/li>\n<\/ul>","protected":false},"featured_media":3708,"template":"","meta":{"_acf_changed":false},"product_brand":[],"product_cat":[135,97,136,261,263,99],"product_tag":[],"class_list":{"0":"post-3712","1":"product","2":"type-product","3":"status-publish","4":"has-post-thumbnail","6":"product_cat-alle-drones","7":"product_cat-alle-producten","8":"product_cat-consumer-drones","9":"product_cat-dji-avata","10":"product_cat-dji-avata-2","11":"product_cat-drones-met-certificaat","12":"product_shipping_class-outofstock","13":"pa_brand-dji","14":"pa_dronegrade-consumer","15":"pa_productfamily-drone","16":"pa_producttype-drone","17":"pa_series-avata-2","19":"first","20":"outofstock","21":"taxable","22":"shipping-taxable","23":"purchasable","24":"product-type-simple"},"acf":[],"yoast_head":"<!-- This site is optimized with the Yoast SEO Premium plugin v27.2 (Yoast SEO v27.2) - https:\/\/yoast.com\/product\/yoast-seo-premium-wordpress\/ -->\n<title>DJI Avata 2 Fly More Combo (Three Batteries) - koningdrone.be<\/title>\n<meta name=\"robots\" content=\"index, follow, max-snippet:-1, max-image-preview:large, max-video-preview:-1\" \/>\n<link rel=\"canonical\" href=\"https:\/\/koningdrone.be\/es\/producto\/dji-avata-2-fly-more-combo-three-batteries\/\" \/>\n<meta property=\"og:locale\" content=\"es_ES\" \/>\n<meta property=\"og:type\" content=\"article\" \/>\n<meta property=\"og:title\" content=\"DJI Avata 2 Fly More Combo (Three Batteries)\" \/>\n<meta property=\"og:description\" content=\"HD micro-OLED-schermen met lage videolatentie.  Real View PiP vergroot het bewustzijn zonder de bril af te zetten.  RC Motion 3 maakt geavanceerde vliegmanoeuvres mogelijk met \u00e9\u00e9n druk op de knop.  Neemt op in 4K\/60fps HDR, met een ultragroothoekhoek van 155\u00b0.  Verbeterde 1\/1,3-inch sensor verbetert de prestaties bij weinig licht.  Avata 2 integreert body- en propellerbescherming voor betere bescherming.  In de Turtle-modus kan Avata 2 zichzelf rechtzetten voor een snelle start.  Binoculaire fisheye-sensoren voor nauwkeurige positionering op lage hoogte en binnenshuis.  De LightCut-app biedt bewerking met \u00e9\u00e9n tik en postproductie op basis van sjablonen.\" \/>\n<meta property=\"og:url\" content=\"https:\/\/koningdrone.be\/es\/producto\/dji-avata-2-fly-more-combo-three-batteries\/\" \/>\n<meta property=\"og:site_name\" content=\"koningdrone.be\" \/>\n<meta property=\"article:modified_time\" content=\"2026-04-29T13:20:14+00:00\" \/>\n<meta property=\"og:image\" content=\"https:\/\/koningdrone.be\/wp-content\/uploads\/sites\/13\/2025\/04\/b61f6fde53e551e31e4536785931d50a@ultra.jpg\" \/>\n\t<meta property=\"og:image:width\" content=\"1280\" \/>\n\t<meta property=\"og:image:height\" content=\"1280\" \/>\n\t<meta property=\"og:image:type\" content=\"image\/jpeg\" \/>\n<meta name=\"twitter:card\" content=\"summary_large_image\" \/>\n<meta name=\"twitter:label1\" content=\"Tiempo de lectura\" \/>\n\t<meta name=\"twitter:data1\" content=\"3 minutos\" \/>\n<script type=\"application\/ld+json\" class=\"yoast-schema-graph\">{\"@context\":\"https:\/\/schema.org\",\"@graph\":[{\"@type\":\"WebPage\",\"@id\":\"https:\/\/koningdrone.be\/product\/dji-avata-2-fly-more-combo-three-batteries\/\",\"url\":\"https:\/\/koningdrone.be\/product\/dji-avata-2-fly-more-combo-three-batteries\/\",\"name\":\"DJI Avata 2 Fly More Combo (Three Batteries) - koningdrone.be\",\"isPartOf\":{\"@id\":\"https:\/\/koningdrone.be\/#website\"},\"primaryImageOfPage\":{\"@id\":\"https:\/\/koningdrone.be\/product\/dji-avata-2-fly-more-combo-three-batteries\/#primaryimage\"},\"image\":{\"@id\":\"https:\/\/koningdrone.be\/product\/dji-avata-2-fly-more-combo-three-batteries\/#primaryimage\"},\"thumbnailUrl\":\"https:\/\/koningdrone.be\/wp-content\/uploads\/sites\/13\/2025\/04\/b61f6fde53e551e31e4536785931d50a@ultra.jpg\",\"datePublished\":\"2024-04-15T09:17:55+00:00\",\"dateModified\":\"2026-04-29T13:20:14+00:00\",\"breadcrumb\":{\"@id\":\"https:\/\/koningdrone.be\/product\/dji-avata-2-fly-more-combo-three-batteries\/#breadcrumb\"},\"inLanguage\":\"es\",\"potentialAction\":[{\"@type\":\"ReadAction\",\"target\":[\"https:\/\/koningdrone.be\/product\/dji-avata-2-fly-more-combo-three-batteries\/\"]}]},{\"@type\":\"ImageObject\",\"inLanguage\":\"es\",\"@id\":\"https:\/\/koningdrone.be\/product\/dji-avata-2-fly-more-combo-three-batteries\/#primaryimage\",\"url\":\"https:\/\/koningdrone.be\/wp-content\/uploads\/sites\/13\/2025\/04\/b61f6fde53e551e31e4536785931d50a@ultra.jpg\",\"contentUrl\":\"https:\/\/koningdrone.be\/wp-content\/uploads\/sites\/13\/2025\/04\/b61f6fde53e551e31e4536785931d50a@ultra.jpg\",\"width\":1280,\"height\":1280},{\"@type\":\"BreadcrumbList\",\"@id\":\"https:\/\/koningdrone.be\/product\/dji-avata-2-fly-more-combo-three-batteries\/#breadcrumb\",\"itemListElement\":[{\"@type\":\"ListItem\",\"position\":1,\"name\":\"Home\",\"item\":\"https:\/\/koningdrone.be\/\"},{\"@type\":\"ListItem\",\"position\":2,\"name\":\"AVSS Parachute Recovery System for DJI Matrice 300\/350\",\"item\":\"https:\/\/koningdrone.be\/product\/avss-parachute-recovery-system-for-dji-matrice-300-350\/\"},{\"@type\":\"ListItem\",\"position\":3,\"name\":\"Alle drones\",\"item\":\"https:\/\/koningdrone.be\/categorie\/alle-drones\/\"},{\"@type\":\"ListItem\",\"position\":4,\"name\":\"DJI Avata 2 Fly More Combo (Three Batteries)\"}]},{\"@type\":\"WebSite\",\"@id\":\"https:\/\/koningdrone.be\/#website\",\"url\":\"https:\/\/koningdrone.be\/\",\"name\":\"Koningdrone.be - Uw online specialist in drones, gimbals, camera's en power stations.\",\"description\":\"De webshop in drones en gimbals\",\"publisher\":{\"@id\":\"https:\/\/koningdrone.be\/#organization\"},\"potentialAction\":[{\"@type\":\"SearchAction\",\"target\":{\"@type\":\"EntryPoint\",\"urlTemplate\":\"https:\/\/koningdrone.be\/?s={search_term_string}\"},\"query-input\":{\"@type\":\"PropertyValueSpecification\",\"valueRequired\":true,\"valueName\":\"search_term_string\"}}],\"inLanguage\":\"es\"},{\"@type\":\"Organization\",\"@id\":\"https:\/\/koningdrone.be\/#organization\",\"name\":\"Koningdrone.be\",\"url\":\"https:\/\/koningdrone.be\/\",\"logo\":{\"@type\":\"ImageObject\",\"inLanguage\":\"es\",\"@id\":\"https:\/\/koningdrone.be\/#\/schema\/logo\/image\/\",\"url\":\"https:\/\/koningdrone.be\/wp-content\/uploads\/sites\/13\/2025\/04\/koningdrone-copyright-logo.svg\",\"contentUrl\":\"https:\/\/koningdrone.be\/wp-content\/uploads\/sites\/13\/2025\/04\/koningdrone-copyright-logo.svg\",\"width\":227,\"height\":38,\"caption\":\"Koningdrone.be\"},\"image\":{\"@id\":\"https:\/\/koningdrone.be\/#\/schema\/logo\/image\/\"}}]}<\/script>\n<!-- \/ Yoast SEO Premium plugin. -->","yoast_head_json":{"title":"DJI Avata 2 Fly More Combo (Three Batteries) - koningdrone.be","robots":{"index":"index","follow":"follow","max-snippet":"max-snippet:-1","max-image-preview":"max-image-preview:large","max-video-preview":"max-video-preview:-1"},"canonical":"https:\/\/koningdrone.be\/es\/producto\/dji-avata-2-fly-more-combo-three-batteries\/","og_locale":"es_ES","og_type":"article","og_title":"DJI Avata 2 Fly More Combo (Three Batteries)","og_description":"HD micro-OLED-schermen met lage videolatentie.  Real View PiP vergroot het bewustzijn zonder de bril af te zetten.  RC Motion 3 maakt geavanceerde vliegmanoeuvres mogelijk met \u00e9\u00e9n druk op de knop.  Neemt op in 4K\/60fps HDR, met een ultragroothoekhoek van 155\u00b0.  Verbeterde 1\/1,3-inch sensor verbetert de prestaties bij weinig licht.  Avata 2 integreert body- en propellerbescherming voor betere bescherming.  In de Turtle-modus kan Avata 2 zichzelf rechtzetten voor een snelle start.  Binoculaire fisheye-sensoren voor nauwkeurige positionering op lage hoogte en binnenshuis.  De LightCut-app biedt bewerking met \u00e9\u00e9n tik en postproductie op basis van sjablonen.","og_url":"https:\/\/koningdrone.be\/es\/producto\/dji-avata-2-fly-more-combo-three-batteries\/","og_site_name":"koningdrone.be","article_modified_time":"2026-04-29T13:20:14+00:00","og_image":[{"width":1280,"height":1280,"url":"https:\/\/koningdrone.be\/wp-content\/uploads\/sites\/13\/2025\/04\/b61f6fde53e551e31e4536785931d50a@ultra.jpg","type":"image\/jpeg"}],"twitter_card":"summary_large_image","twitter_misc":{"Tiempo de lectura":"3 minutos"},"schema":{"@context":"https:\/\/schema.org","@graph":[{"@type":"WebPage","@id":"https:\/\/koningdrone.be\/product\/dji-avata-2-fly-more-combo-three-batteries\/","url":"https:\/\/koningdrone.be\/product\/dji-avata-2-fly-more-combo-three-batteries\/","name":"DJI Avata 2 Fly More Combo (Three Batteries) - koningdrone.be","isPartOf":{"@id":"https:\/\/koningdrone.be\/#website"},"primaryImageOfPage":{"@id":"https:\/\/koningdrone.be\/product\/dji-avata-2-fly-more-combo-three-batteries\/#primaryimage"},"image":{"@id":"https:\/\/koningdrone.be\/product\/dji-avata-2-fly-more-combo-three-batteries\/#primaryimage"},"thumbnailUrl":"https:\/\/koningdrone.be\/wp-content\/uploads\/sites\/13\/2025\/04\/b61f6fde53e551e31e4536785931d50a@ultra.jpg","datePublished":"2024-04-15T09:17:55+00:00","dateModified":"2026-04-29T13:20:14+00:00","breadcrumb":{"@id":"https:\/\/koningdrone.be\/product\/dji-avata-2-fly-more-combo-three-batteries\/#breadcrumb"},"inLanguage":"es","potentialAction":[{"@type":"ReadAction","target":["https:\/\/koningdrone.be\/product\/dji-avata-2-fly-more-combo-three-batteries\/"]}]},{"@type":"ImageObject","inLanguage":"es","@id":"https:\/\/koningdrone.be\/product\/dji-avata-2-fly-more-combo-three-batteries\/#primaryimage","url":"https:\/\/koningdrone.be\/wp-content\/uploads\/sites\/13\/2025\/04\/b61f6fde53e551e31e4536785931d50a@ultra.jpg","contentUrl":"https:\/\/koningdrone.be\/wp-content\/uploads\/sites\/13\/2025\/04\/b61f6fde53e551e31e4536785931d50a@ultra.jpg","width":1280,"height":1280},{"@type":"BreadcrumbList","@id":"https:\/\/koningdrone.be\/product\/dji-avata-2-fly-more-combo-three-batteries\/#breadcrumb","itemListElement":[{"@type":"ListItem","position":1,"name":"Home","item":"https:\/\/koningdrone.be\/"},{"@type":"ListItem","position":2,"name":"AVSS Parachute Recovery System for DJI Matrice 300\/350","item":"https:\/\/koningdrone.be\/product\/avss-parachute-recovery-system-for-dji-matrice-300-350\/"},{"@type":"ListItem","position":3,"name":"Alle drones","item":"https:\/\/koningdrone.be\/categorie\/alle-drones\/"},{"@type":"ListItem","position":4,"name":"DJI Avata 2 Fly More Combo (Three Batteries)"}]},{"@type":"WebSite","@id":"https:\/\/koningdrone.be\/#website","url":"https:\/\/koningdrone.be\/","name":"Koningdrone.be - Su especialista en l\u00ednea en drones, cardanes, c\u00e1maras y centrales el\u00e9ctricas.","description":"La tienda virtual de drones y cardanes","publisher":{"@id":"https:\/\/koningdrone.be\/#organization"},"potentialAction":[{"@type":"SearchAction","target":{"@type":"EntryPoint","urlTemplate":"https:\/\/koningdrone.be\/?s={search_term_string}"},"query-input":{"@type":"PropertyValueSpecification","valueRequired":true,"valueName":"search_term_string"}}],"inLanguage":"es"},{"@type":"Organization","@id":"https:\/\/koningdrone.be\/#organization","name":"Kingdrone.es","url":"https:\/\/koningdrone.be\/","logo":{"@type":"ImageObject","inLanguage":"es","@id":"https:\/\/koningdrone.be\/#\/schema\/logo\/image\/","url":"https:\/\/koningdrone.be\/wp-content\/uploads\/sites\/13\/2025\/04\/koningdrone-copyright-logo.svg","contentUrl":"https:\/\/koningdrone.be\/wp-content\/uploads\/sites\/13\/2025\/04\/koningdrone-copyright-logo.svg","width":227,"height":38,"caption":"Koningdrone.be"},"image":{"@id":"https:\/\/koningdrone.be\/#\/schema\/logo\/image\/"}}]}},"df_price":1019,"df_sale_price":"","df_regular_price":1019,"df_image_link":"https:\/\/koningdrone.be\/wp-content\/uploads\/sites\/13\/2025\/04\/b61f6fde53e551e31e4536785931d50a@ultra-300x300.jpg","_links":{"self":[{"href":"https:\/\/koningdrone.be\/es\/wp-json\/wp\/v2\/product\/3712","targetHints":{"allow":["GET"]}}],"collection":[{"href":"https:\/\/koningdrone.be\/es\/wp-json\/wp\/v2\/product"}],"about":[{"href":"https:\/\/koningdrone.be\/es\/wp-json\/wp\/v2\/types\/product"}],"wp:featuredmedia":[{"embeddable":true,"href":"https:\/\/koningdrone.be\/es\/wp-json\/wp\/v2\/media\/3708"}],"wp:attachment":[{"href":"https:\/\/koningdrone.be\/es\/wp-json\/wp\/v2\/media?parent=3712"}],"wp:term":[{"taxonomy":"product_brand","embeddable":true,"href":"https:\/\/koningdrone.be\/es\/wp-json\/wp\/v2\/product_brand?post=3712"},{"taxonomy":"product_cat","embeddable":true,"href":"https:\/\/koningdrone.be\/es\/wp-json\/wp\/v2\/product_cat?post=3712"},{"taxonomy":"product_tag","embeddable":true,"href":"https:\/\/koningdrone.be\/es\/wp-json\/wp\/v2\/product_tag?post=3712"}],"curies":[{"name":"wp","href":"https:\/\/api.w.org\/{rel}","templated":true}]}}