{"id":3707,"date":"2024-04-15T11:19:06","date_gmt":"2024-04-15T09:19:06","guid":{"rendered":"https:\/\/koningdrone.nl\/kon\/product\/dji-video-transmitter\/"},"modified":"2026-04-29T04:10:55","modified_gmt":"2026-04-29T02:10:55","slug":"dji-video-transmitter","status":"publish","type":"product","link":"https:\/\/koningdrone.be\/es\/producto\/dji-video-transmitter\/","title":{"rendered":"Transmisor de v\u00eddeo DJI"},"content":{"rendered":"<p><strong>Tecnolog\u00eda de transmisi\u00f3n de v\u00eddeo O3 Pro<\/strong><\/p>\n<p> Este producto incorpora la tecnolog\u00eda de transmisi\u00f3n de v\u00eddeo O3 Pro, que ofrece una impresionante distancia de transmisi\u00f3n de hasta 6.000 metros, manteniendo al mismo tiempo v\u00eddeo de alta calidad con una resoluci\u00f3n de 1080p\/60fps. Esta capacidad es ideal para cubrir grandes \u00e1reas sin sacrificar la claridad del v\u00eddeo.<\/p>\n<p>  <strong>Funcionalidad del modo de difusi\u00f3n<\/strong><\/p>\n<p> Incluye un modo de difusi\u00f3n que admite un n\u00famero ilimitado de receptores. Esta funci\u00f3n es especialmente beneficiosa para equipos grandes que necesitan supervisi\u00f3n simult\u00e1nea en tiempo real, lo que mejora la colaboraci\u00f3n y la eficacia durante los proyectos.<\/p>\n<p>  <strong>Salto de frecuencias avanzado<\/strong><\/p>\n<p> El dispositivo cuenta con una avanzada tecnolog\u00eda de salto autom\u00e1tico de frecuencias en tres bandas: 2,4 GHz, 5,8 GHz y DFS. Esta tecnolog\u00eda selecciona autom\u00e1ticamente el mejor canal inal\u00e1mbrico, minimizando las interferencias y garantizando una conexi\u00f3n estable y fiable.<\/p>\n<p>  <strong>Transmisi\u00f3n de v\u00eddeo de baja latencia<\/strong><\/p>\n<p> Este producto utiliza el mismo chipset que el conocido Ronin 4D y garantiza una latencia extremadamente baja durante la transmisi\u00f3n de v\u00eddeo. Esto es crucial en entornos profesionales en los que la sincronizaci\u00f3n es fundamental y garantiza un rendimiento sin retrasos y en tiempo real.<\/p>\n<p>  <strong>Monitor externo integrado muy luminoso<\/strong><\/p>\n<p> El Monitor Remoto de Alto Brillo DJI se integra a la perfecci\u00f3n, combinando un monitor y un receptor. Tambi\u00e9n ofrece opciones de expansi\u00f3n adicionales y herramientas de apoyo, que aumentan el control sobre el proceso de filmaci\u00f3n con mayor precisi\u00f3n.<\/p>\n<p>  <strong>Compatibilidad con las empu\u00f1aduras del Ronin 4D y las ruedas DJI Master Wheels<\/strong><\/p>\n<p> Cuando se utiliza con las empu\u00f1aduras Ronin 4D o las DJI Master Wheels, proporciona capacidades de control remoto para varios dispositivos de c\u00e1mara como el Ronin 2 y el RS 3 Pro, as\u00ed como el enfoque y otras funciones de la c\u00e1mara. Esta flexibilidad es ideal para cineastas que necesitan ajustar la configuraci\u00f3n de forma remota en entornos de rodaje din\u00e1micos.<\/p>\n<p>  <strong>Funci\u00f3n de grabaci\u00f3n en el dispositivo<\/strong><\/p>\n<p> Este producto tambi\u00e9n ofrece la posibilidad de grabar v\u00eddeo H.264 a 1080p\/60fps directamente en una tarjeta microSD. Esta pr\u00e1ctica funci\u00f3n permite la edici\u00f3n en el plat\u00f3, lo que permite ver y editar r\u00e1pidamente el metraje directamente desde el dispositivo y agilizar el proceso de posproducci\u00f3n.<\/p>","protected":false},"excerpt":{"rendered":"<ul>\n<li>Contiene transmisi\u00f3n de v\u00eddeo O3 Pro con un alcance de 6.000 metros a 1080p\/60fps.<\/li>\n<li> El modo de difusi\u00f3n admite un n\u00famero ilimitado de receptores para la supervisi\u00f3n de equipos.<\/li>\n<li> Admite saltos de frecuencia de triple banda para un uso \u00f3ptimo de los canales inal\u00e1mbricos.<\/li>\n<li> Utiliza el chip Ronin 4D para una latencia de transmisi\u00f3n de extremo a extremo ultrabaja.<\/li>\n<li> DJI High-Bright Remote Monitor combina monitor y receptor con herramientas de expansi\u00f3n.<\/li>\n<li> Compatible con las empu\u00f1aduras del Ronin 4D y las ruedas DJI Master Wheels para la funcionalidad de control remoto.<\/li>\n<li> Permite grabar secuencias H.264 a 1080p\/60 fps en una tarjeta microSD para facilitar la edici\u00f3n en el plat\u00f3.<\/li>\n<\/ul>","protected":false},"featured_media":3704,"template":"","meta":{"_acf_changed":false},"product_brand":[],"product_cat":[315,97,265,532],"product_tag":[108],"class_list":{"0":"post-3707","1":"product","2":"type-product","3":"status-publish","4":"has-post-thumbnail","6":"product_cat-alle-gimbals-en-cameras","7":"product_cat-alle-producten","8":"product_cat-dji-ronin","9":"product_cat-dji-ronin-4d","10":"product_tag-acsystemsall","11":"product_shipping_class-acsystemsall","12":"pa_brand-dji","13":"pa_productfamily-video-transmitter","14":"pa_producttype-video-transmitter","16":"first","17":"instock","18":"taxable","19":"shipping-taxable","20":"purchasable","21":"product-type-simple"},"acf":[],"yoast_head":"<!-- This site is optimized with the Yoast SEO Premium plugin v27.2 (Yoast SEO v27.2) - https:\/\/yoast.com\/product\/yoast-seo-premium-wordpress\/ -->\n<title>DJI Video Transmitter - koningdrone.be<\/title>\n<meta name=\"robots\" content=\"index, follow, max-snippet:-1, max-image-preview:large, max-video-preview:-1\" \/>\n<link rel=\"canonical\" href=\"https:\/\/koningdrone.be\/es\/producto\/dji-video-transmitter\/\" \/>\n<meta property=\"og:locale\" content=\"es_ES\" \/>\n<meta property=\"og:type\" content=\"article\" \/>\n<meta property=\"og:title\" content=\"DJI Video Transmitter\" \/>\n<meta property=\"og:description\" content=\"Bevat O3 Pro-videotransmissie met een bereik van 6.000 meter bij 1080p\/60fps. De uitzendmodus ondersteunt een onbeperkt aantal ontvangers voor teammonitoring. Ondersteunt triple-band frequentiehopping voor optimaal gebruik van draadloze kanalen. Maakt gebruik van Ronin 4D-chip voor ultralage end-to-end transmissielatentie. DJI High-Bright Remote Monitor combineert monitor en ontvanger met uitbreidingstools. Compatibel met Ronin 4D-handgrepen en DJI Master Wheels voor afstandsbedieningsfunctionaliteit. Maakt het opnemen van 1080p\/60fps H.264-opnamen op een microSD-kaart mogelijk voor eenvoudige bewerking op de set.\" \/>\n<meta property=\"og:url\" content=\"https:\/\/koningdrone.be\/es\/producto\/dji-video-transmitter\/\" \/>\n<meta property=\"og:site_name\" content=\"koningdrone.be\" \/>\n<meta property=\"article:modified_time\" content=\"2026-04-29T02:10:55+00:00\" \/>\n<meta property=\"og:image\" content=\"https:\/\/koningdrone.be\/wp-content\/uploads\/sites\/13\/2025\/04\/300cd45a6f92ad1fe83e438330ecd136@ultra.jpg\" \/>\n\t<meta property=\"og:image:width\" content=\"1280\" \/>\n\t<meta property=\"og:image:height\" content=\"1280\" \/>\n\t<meta property=\"og:image:type\" content=\"image\/jpeg\" \/>\n<meta name=\"twitter:card\" content=\"summary_large_image\" \/>\n<meta name=\"twitter:label1\" content=\"Tiempo de lectura\" \/>\n\t<meta name=\"twitter:data1\" content=\"2 minutos\" \/>\n<script type=\"application\/ld+json\" class=\"yoast-schema-graph\">{\"@context\":\"https:\/\/schema.org\",\"@graph\":[{\"@type\":\"WebPage\",\"@id\":\"https:\/\/koningdrone.be\/product\/dji-video-transmitter\/\",\"url\":\"https:\/\/koningdrone.be\/product\/dji-video-transmitter\/\",\"name\":\"DJI Video Transmitter - koningdrone.be\",\"isPartOf\":{\"@id\":\"https:\/\/koningdrone.be\/#website\"},\"primaryImageOfPage\":{\"@id\":\"https:\/\/koningdrone.be\/product\/dji-video-transmitter\/#primaryimage\"},\"image\":{\"@id\":\"https:\/\/koningdrone.be\/product\/dji-video-transmitter\/#primaryimage\"},\"thumbnailUrl\":\"https:\/\/koningdrone.be\/wp-content\/uploads\/sites\/13\/2025\/04\/300cd45a6f92ad1fe83e438330ecd136@ultra.jpg\",\"datePublished\":\"2024-04-15T09:19:06+00:00\",\"dateModified\":\"2026-04-29T02:10:55+00:00\",\"breadcrumb\":{\"@id\":\"https:\/\/koningdrone.be\/product\/dji-video-transmitter\/#breadcrumb\"},\"inLanguage\":\"es\",\"potentialAction\":[{\"@type\":\"ReadAction\",\"target\":[\"https:\/\/koningdrone.be\/product\/dji-video-transmitter\/\"]}]},{\"@type\":\"ImageObject\",\"inLanguage\":\"es\",\"@id\":\"https:\/\/koningdrone.be\/product\/dji-video-transmitter\/#primaryimage\",\"url\":\"https:\/\/koningdrone.be\/wp-content\/uploads\/sites\/13\/2025\/04\/300cd45a6f92ad1fe83e438330ecd136@ultra.jpg\",\"contentUrl\":\"https:\/\/koningdrone.be\/wp-content\/uploads\/sites\/13\/2025\/04\/300cd45a6f92ad1fe83e438330ecd136@ultra.jpg\",\"width\":1280,\"height\":1280},{\"@type\":\"BreadcrumbList\",\"@id\":\"https:\/\/koningdrone.be\/product\/dji-video-transmitter\/#breadcrumb\",\"itemListElement\":[{\"@type\":\"ListItem\",\"position\":1,\"name\":\"Home\",\"item\":\"https:\/\/koningdrone.be\/\"},{\"@type\":\"ListItem\",\"position\":2,\"name\":\"AVSS Parachute Recovery System for DJI Matrice 300\/350\",\"item\":\"https:\/\/koningdrone.be\/product\/avss-parachute-recovery-system-for-dji-matrice-300-350\/\"},{\"@type\":\"ListItem\",\"position\":3,\"name\":\"Alle gimbals en cameras\",\"item\":\"https:\/\/koningdrone.be\/categorie\/alle-gimbals-en-cameras\/\"},{\"@type\":\"ListItem\",\"position\":4,\"name\":\"DJI Video Transmitter\"}]},{\"@type\":\"WebSite\",\"@id\":\"https:\/\/koningdrone.be\/#website\",\"url\":\"https:\/\/koningdrone.be\/\",\"name\":\"Koningdrone.be - Uw online specialist in drones, gimbals, camera's en power stations.\",\"description\":\"De webshop in drones en gimbals\",\"publisher\":{\"@id\":\"https:\/\/koningdrone.be\/#organization\"},\"potentialAction\":[{\"@type\":\"SearchAction\",\"target\":{\"@type\":\"EntryPoint\",\"urlTemplate\":\"https:\/\/koningdrone.be\/?s={search_term_string}\"},\"query-input\":{\"@type\":\"PropertyValueSpecification\",\"valueRequired\":true,\"valueName\":\"search_term_string\"}}],\"inLanguage\":\"es\"},{\"@type\":\"Organization\",\"@id\":\"https:\/\/koningdrone.be\/#organization\",\"name\":\"Koningdrone.be\",\"url\":\"https:\/\/koningdrone.be\/\",\"logo\":{\"@type\":\"ImageObject\",\"inLanguage\":\"es\",\"@id\":\"https:\/\/koningdrone.be\/#\/schema\/logo\/image\/\",\"url\":\"https:\/\/koningdrone.be\/wp-content\/uploads\/sites\/13\/2025\/04\/koningdrone-copyright-logo.svg\",\"contentUrl\":\"https:\/\/koningdrone.be\/wp-content\/uploads\/sites\/13\/2025\/04\/koningdrone-copyright-logo.svg\",\"width\":227,\"height\":38,\"caption\":\"Koningdrone.be\"},\"image\":{\"@id\":\"https:\/\/koningdrone.be\/#\/schema\/logo\/image\/\"}}]}<\/script>\n<!-- \/ Yoast SEO Premium plugin. -->","yoast_head_json":{"title":"DJI Video Transmitter - koningdrone.be","robots":{"index":"index","follow":"follow","max-snippet":"max-snippet:-1","max-image-preview":"max-image-preview:large","max-video-preview":"max-video-preview:-1"},"canonical":"https:\/\/koningdrone.be\/es\/producto\/dji-video-transmitter\/","og_locale":"es_ES","og_type":"article","og_title":"DJI Video Transmitter","og_description":"Bevat O3 Pro-videotransmissie met een bereik van 6.000 meter bij 1080p\/60fps. De uitzendmodus ondersteunt een onbeperkt aantal ontvangers voor teammonitoring. Ondersteunt triple-band frequentiehopping voor optimaal gebruik van draadloze kanalen. Maakt gebruik van Ronin 4D-chip voor ultralage end-to-end transmissielatentie. DJI High-Bright Remote Monitor combineert monitor en ontvanger met uitbreidingstools. Compatibel met Ronin 4D-handgrepen en DJI Master Wheels voor afstandsbedieningsfunctionaliteit. Maakt het opnemen van 1080p\/60fps H.264-opnamen op een microSD-kaart mogelijk voor eenvoudige bewerking op de set.","og_url":"https:\/\/koningdrone.be\/es\/producto\/dji-video-transmitter\/","og_site_name":"koningdrone.be","article_modified_time":"2026-04-29T02:10:55+00:00","og_image":[{"width":1280,"height":1280,"url":"https:\/\/koningdrone.be\/wp-content\/uploads\/sites\/13\/2025\/04\/300cd45a6f92ad1fe83e438330ecd136@ultra.jpg","type":"image\/jpeg"}],"twitter_card":"summary_large_image","twitter_misc":{"Tiempo de lectura":"2 minutos"},"schema":{"@context":"https:\/\/schema.org","@graph":[{"@type":"WebPage","@id":"https:\/\/koningdrone.be\/product\/dji-video-transmitter\/","url":"https:\/\/koningdrone.be\/product\/dji-video-transmitter\/","name":"DJI Video Transmitter - koningdrone.be","isPartOf":{"@id":"https:\/\/koningdrone.be\/#website"},"primaryImageOfPage":{"@id":"https:\/\/koningdrone.be\/product\/dji-video-transmitter\/#primaryimage"},"image":{"@id":"https:\/\/koningdrone.be\/product\/dji-video-transmitter\/#primaryimage"},"thumbnailUrl":"https:\/\/koningdrone.be\/wp-content\/uploads\/sites\/13\/2025\/04\/300cd45a6f92ad1fe83e438330ecd136@ultra.jpg","datePublished":"2024-04-15T09:19:06+00:00","dateModified":"2026-04-29T02:10:55+00:00","breadcrumb":{"@id":"https:\/\/koningdrone.be\/product\/dji-video-transmitter\/#breadcrumb"},"inLanguage":"es","potentialAction":[{"@type":"ReadAction","target":["https:\/\/koningdrone.be\/product\/dji-video-transmitter\/"]}]},{"@type":"ImageObject","inLanguage":"es","@id":"https:\/\/koningdrone.be\/product\/dji-video-transmitter\/#primaryimage","url":"https:\/\/koningdrone.be\/wp-content\/uploads\/sites\/13\/2025\/04\/300cd45a6f92ad1fe83e438330ecd136@ultra.jpg","contentUrl":"https:\/\/koningdrone.be\/wp-content\/uploads\/sites\/13\/2025\/04\/300cd45a6f92ad1fe83e438330ecd136@ultra.jpg","width":1280,"height":1280},{"@type":"BreadcrumbList","@id":"https:\/\/koningdrone.be\/product\/dji-video-transmitter\/#breadcrumb","itemListElement":[{"@type":"ListItem","position":1,"name":"Home","item":"https:\/\/koningdrone.be\/"},{"@type":"ListItem","position":2,"name":"AVSS Parachute Recovery System for DJI Matrice 300\/350","item":"https:\/\/koningdrone.be\/product\/avss-parachute-recovery-system-for-dji-matrice-300-350\/"},{"@type":"ListItem","position":3,"name":"Alle gimbals en cameras","item":"https:\/\/koningdrone.be\/categorie\/alle-gimbals-en-cameras\/"},{"@type":"ListItem","position":4,"name":"DJI Video Transmitter"}]},{"@type":"WebSite","@id":"https:\/\/koningdrone.be\/#website","url":"https:\/\/koningdrone.be\/","name":"Koningdrone.be - Su especialista en l\u00ednea en drones, cardanes, c\u00e1maras y centrales el\u00e9ctricas.","description":"La tienda virtual de drones y cardanes","publisher":{"@id":"https:\/\/koningdrone.be\/#organization"},"potentialAction":[{"@type":"SearchAction","target":{"@type":"EntryPoint","urlTemplate":"https:\/\/koningdrone.be\/?s={search_term_string}"},"query-input":{"@type":"PropertyValueSpecification","valueRequired":true,"valueName":"search_term_string"}}],"inLanguage":"es"},{"@type":"Organization","@id":"https:\/\/koningdrone.be\/#organization","name":"Kingdrone.es","url":"https:\/\/koningdrone.be\/","logo":{"@type":"ImageObject","inLanguage":"es","@id":"https:\/\/koningdrone.be\/#\/schema\/logo\/image\/","url":"https:\/\/koningdrone.be\/wp-content\/uploads\/sites\/13\/2025\/04\/koningdrone-copyright-logo.svg","contentUrl":"https:\/\/koningdrone.be\/wp-content\/uploads\/sites\/13\/2025\/04\/koningdrone-copyright-logo.svg","width":227,"height":38,"caption":"Koningdrone.be"},"image":{"@id":"https:\/\/koningdrone.be\/#\/schema\/logo\/image\/"}}]}},"df_price":1058,"df_sale_price":"","df_regular_price":1058,"df_image_link":"https:\/\/koningdrone.be\/wp-content\/uploads\/sites\/13\/2025\/04\/300cd45a6f92ad1fe83e438330ecd136@ultra-300x300.jpg","_links":{"self":[{"href":"https:\/\/koningdrone.be\/es\/wp-json\/wp\/v2\/product\/3707","targetHints":{"allow":["GET"]}}],"collection":[{"href":"https:\/\/koningdrone.be\/es\/wp-json\/wp\/v2\/product"}],"about":[{"href":"https:\/\/koningdrone.be\/es\/wp-json\/wp\/v2\/types\/product"}],"wp:featuredmedia":[{"embeddable":true,"href":"https:\/\/koningdrone.be\/es\/wp-json\/wp\/v2\/media\/3704"}],"wp:attachment":[{"href":"https:\/\/koningdrone.be\/es\/wp-json\/wp\/v2\/media?parent=3707"}],"wp:term":[{"taxonomy":"product_brand","embeddable":true,"href":"https:\/\/koningdrone.be\/es\/wp-json\/wp\/v2\/product_brand?post=3707"},{"taxonomy":"product_cat","embeddable":true,"href":"https:\/\/koningdrone.be\/es\/wp-json\/wp\/v2\/product_cat?post=3707"},{"taxonomy":"product_tag","embeddable":true,"href":"https:\/\/koningdrone.be\/es\/wp-json\/wp\/v2\/product_tag?post=3707"}],"curies":[{"name":"wp","href":"https:\/\/api.w.org\/{rel}","templated":true}]}}