{"id":3703,"date":"2024-04-15T11:19:06","date_gmt":"2024-04-15T09:19:06","guid":{"rendered":"https:\/\/koningdrone.nl\/kon\/product\/dji-video-receiver\/"},"modified":"2026-04-29T04:10:56","modified_gmt":"2026-04-29T02:10:56","slug":"dji-video-receiver","status":"publish","type":"product","link":"https:\/\/koningdrone.be\/es\/producto\/dji-video-receiver\/","title":{"rendered":"Receptor de v\u00eddeo DJI"},"content":{"rendered":"<p><strong>Tecnolog\u00eda avanzada de transmisi\u00f3n de v\u00eddeo O3 Pro<\/strong><\/p>\n<p> Este producto incorpora la avanzada tecnolog\u00eda de transmisi\u00f3n de v\u00eddeo O3 Pro, que proporciona una excepcional capacidad de transmisi\u00f3n a largas distancias de hasta 6.000 metros. Admite v\u00eddeo de alta calidad con resoluci\u00f3n 1080p y 60 fotogramas por segundo, lo que garantiza im\u00e1genes n\u00edtidas y detalladas.<\/p>\n<p>  <strong>Modo de retransmisi\u00f3n para la eficacia del equipo<\/strong><\/p>\n<p> Con el modo de emisi\u00f3n, se puede conectar un n\u00famero ilimitado de receptores, lo que permite que varios equipos vean las im\u00e1genes en tiempo real. Esta funcionalidad es especialmente \u00fatil para coordinar esfuerzos y mejorar la eficiencia del equipo durante los rodajes.<\/p>\n<p>  <strong>Salto de frecuencia de triple banda<\/strong><\/p>\n<p> El dispositivo admite el cambio autom\u00e1tico entre tres bandas de frecuencia: 2,4 GHz, 5,8 GHz y DFS. Esta funci\u00f3n ayuda a minimizar las interferencias y optimizar el uso de los canales inal\u00e1mbricos, manteniendo una conexi\u00f3n estable y fiable.<\/p>\n<p>  <strong>Optimizaci\u00f3n de enlaces de baja latencia<\/strong><\/p>\n<p> Basado en la misma tecnolog\u00eda de chip utilizada en el Ronin 4D, este producto se ha ajustado con precisi\u00f3n para garantizar una latencia de transmisi\u00f3n ultrabaja. Esto garantiza una conexi\u00f3n pr\u00e1cticamente instant\u00e1nea entre los dispositivos transmisores y receptores, crucial para un control preciso en aplicaciones en tiempo real.<\/p>\n<p>  <strong>Monitor externo DJI High-Bright integrado<\/strong><\/p>\n<p> El producto incluye el DJI High-Bright Remote Monitor, que combina monitor y receptor. Tambi\u00e9n cuenta con herramientas de ampliaci\u00f3n y asistencia que proporcionan un control preciso sobre el sistema, mejorando la experiencia del usuario.<\/p>\n<p>  <strong>Compatibilidad y control con accesorios DJI<\/strong><\/p>\n<p> Cuando se utiliza en combinaci\u00f3n con las empu\u00f1aduras Ronin 4D o las DJI Master Wheels, este sistema permite el control remoto de varios dispositivos como el Ronin 2 y el RS 3 Pro. Los usuarios tambi\u00e9n pueden controlar sin esfuerzo el enfoque y otras funciones de la c\u00e1mara a distancia, lo que aumenta su versatilidad.<\/p>\n<p>  <strong>Facilidad de manejo del plat\u00f3<\/strong><\/p>\n<p> El dispositivo permite grabar secuencias a 1080p\/60fps en formato H.264 directamente en una tarjeta microSD. Esta capacidad simplifica el proceso de creaci\u00f3n y edici\u00f3n de v\u00eddeos de muestra directamente en el plat\u00f3, lo que permite revisarlos y ajustarlos r\u00e1pidamente en caso necesario.<\/p>","protected":false},"excerpt":{"rendered":"<ul>\n<li>La tecnolog\u00eda de v\u00eddeo O3 Pro permite la transmisi\u00f3n a una distancia de 6.000 metros a 1080p\/60fps.<\/li>\n<li> El modo de retransmisi\u00f3n permite conexiones ilimitadas de receptores para la supervisi\u00f3n de equipos.<\/li>\n<li> Dispone de cambio autom\u00e1tico de frecuencia en tres bandas: 2,4 GHz, 5,8 GHz, DFS.<\/li>\n<li> Comparte soluci\u00f3n de chip con el Ronin 4D para una latencia de transmisi\u00f3n m\u00ednima.<\/li>\n<li> El Monitor Remoto de Alto Brillo DJI combina monitorizaci\u00f3n, control y expansi\u00f3n.<\/li>\n<li> Compatible con las empu\u00f1aduras del Ronin 4D y las ruedas DJI Master Wheels para control remoto.<\/li>\n<li> Admite la edici\u00f3n en plat\u00f3 con secuencias H.264 a 1080p\/60fps grabadas en microSD.<\/li>\n<\/ul>","protected":false},"featured_media":3699,"template":"","meta":{"_acf_changed":false},"product_brand":[],"product_cat":[315,97,265,532],"product_tag":[108],"class_list":{"0":"post-3703","1":"product","2":"type-product","3":"status-publish","4":"has-post-thumbnail","6":"product_cat-alle-gimbals-en-cameras","7":"product_cat-alle-producten","8":"product_cat-dji-ronin","9":"product_cat-dji-ronin-4d","10":"product_tag-acsystemsall","11":"product_shipping_class-acsystemsall","12":"pa_brand-dji","13":"pa_productfamily-video-transmitter","14":"pa_producttype-video-transmitter","16":"first","17":"instock","18":"taxable","19":"shipping-taxable","20":"purchasable","21":"product-type-simple"},"acf":[],"yoast_head":"<!-- This site is optimized with the Yoast SEO Premium plugin v27.2 (Yoast SEO v27.2) - https:\/\/yoast.com\/product\/yoast-seo-premium-wordpress\/ -->\n<title>DJI Video Receiver - koningdrone.be<\/title>\n<meta name=\"robots\" content=\"index, follow, max-snippet:-1, max-image-preview:large, max-video-preview:-1\" \/>\n<link rel=\"canonical\" href=\"https:\/\/koningdrone.be\/es\/producto\/dji-video-receiver\/\" \/>\n<meta property=\"og:locale\" content=\"es_ES\" \/>\n<meta property=\"og:type\" content=\"article\" \/>\n<meta property=\"og:title\" content=\"DJI Video Receiver\" \/>\n<meta property=\"og:description\" content=\"O3 Pro-videotechnologie ondersteunt transmissie over een afstand van 6.000 meter bij 1080p\/60fps. De uitzendmodus maakt onbeperkte ontvangerverbindingen mogelijk voor teammonitoring. Beschikt over driebands automatische frequentieverspringing: 2,4 GHz, 5,8 GHz, DFS. Deelt chipoplossing met Ronin 4D voor minimale transmissielatentie. DJI High-Bright Remote Monitor combineert monitoring, bediening en uitbreiding. Compatibel met Ronin 4D-handgrepen en DJI Master Wheels voor afstandsbediening. Ondersteunt bewerken op de set met op microSD opgenomen 1080p\/60fps H.264-beelden.\" \/>\n<meta property=\"og:url\" content=\"https:\/\/koningdrone.be\/es\/producto\/dji-video-receiver\/\" \/>\n<meta property=\"og:site_name\" content=\"koningdrone.be\" \/>\n<meta property=\"article:modified_time\" content=\"2026-04-29T02:10:56+00:00\" \/>\n<meta property=\"og:image\" content=\"https:\/\/koningdrone.be\/wp-content\/uploads\/sites\/13\/2025\/04\/67feb8393c2f590f29ca2baf7dd2cbff@ultra.png\" \/>\n\t<meta property=\"og:image:width\" content=\"1280\" \/>\n\t<meta property=\"og:image:height\" content=\"1280\" \/>\n\t<meta property=\"og:image:type\" content=\"image\/png\" \/>\n<meta name=\"twitter:card\" content=\"summary_large_image\" \/>\n<meta name=\"twitter:label1\" content=\"Tiempo de lectura\" \/>\n\t<meta name=\"twitter:data1\" content=\"2 minutos\" \/>\n<script type=\"application\/ld+json\" class=\"yoast-schema-graph\">{\"@context\":\"https:\/\/schema.org\",\"@graph\":[{\"@type\":\"WebPage\",\"@id\":\"https:\/\/koningdrone.be\/product\/dji-video-receiver\/\",\"url\":\"https:\/\/koningdrone.be\/product\/dji-video-receiver\/\",\"name\":\"DJI Video Receiver - koningdrone.be\",\"isPartOf\":{\"@id\":\"https:\/\/koningdrone.be\/#website\"},\"primaryImageOfPage\":{\"@id\":\"https:\/\/koningdrone.be\/product\/dji-video-receiver\/#primaryimage\"},\"image\":{\"@id\":\"https:\/\/koningdrone.be\/product\/dji-video-receiver\/#primaryimage\"},\"thumbnailUrl\":\"https:\/\/koningdrone.be\/wp-content\/uploads\/sites\/13\/2025\/04\/67feb8393c2f590f29ca2baf7dd2cbff@ultra.png\",\"datePublished\":\"2024-04-15T09:19:06+00:00\",\"dateModified\":\"2026-04-29T02:10:56+00:00\",\"breadcrumb\":{\"@id\":\"https:\/\/koningdrone.be\/product\/dji-video-receiver\/#breadcrumb\"},\"inLanguage\":\"es\",\"potentialAction\":[{\"@type\":\"ReadAction\",\"target\":[\"https:\/\/koningdrone.be\/product\/dji-video-receiver\/\"]}]},{\"@type\":\"ImageObject\",\"inLanguage\":\"es\",\"@id\":\"https:\/\/koningdrone.be\/product\/dji-video-receiver\/#primaryimage\",\"url\":\"https:\/\/koningdrone.be\/wp-content\/uploads\/sites\/13\/2025\/04\/67feb8393c2f590f29ca2baf7dd2cbff@ultra.png\",\"contentUrl\":\"https:\/\/koningdrone.be\/wp-content\/uploads\/sites\/13\/2025\/04\/67feb8393c2f590f29ca2baf7dd2cbff@ultra.png\",\"width\":1280,\"height\":1280},{\"@type\":\"BreadcrumbList\",\"@id\":\"https:\/\/koningdrone.be\/product\/dji-video-receiver\/#breadcrumb\",\"itemListElement\":[{\"@type\":\"ListItem\",\"position\":1,\"name\":\"Home\",\"item\":\"https:\/\/koningdrone.be\/\"},{\"@type\":\"ListItem\",\"position\":2,\"name\":\"AVSS Parachute Recovery System for DJI Matrice 300\/350\",\"item\":\"https:\/\/koningdrone.be\/product\/avss-parachute-recovery-system-for-dji-matrice-300-350\/\"},{\"@type\":\"ListItem\",\"position\":3,\"name\":\"Alle gimbals en cameras\",\"item\":\"https:\/\/koningdrone.be\/categorie\/alle-gimbals-en-cameras\/\"},{\"@type\":\"ListItem\",\"position\":4,\"name\":\"DJI Video Receiver\"}]},{\"@type\":\"WebSite\",\"@id\":\"https:\/\/koningdrone.be\/#website\",\"url\":\"https:\/\/koningdrone.be\/\",\"name\":\"Koningdrone.be - Uw online specialist in drones, gimbals, camera's en power stations.\",\"description\":\"De webshop in drones en gimbals\",\"publisher\":{\"@id\":\"https:\/\/koningdrone.be\/#organization\"},\"potentialAction\":[{\"@type\":\"SearchAction\",\"target\":{\"@type\":\"EntryPoint\",\"urlTemplate\":\"https:\/\/koningdrone.be\/?s={search_term_string}\"},\"query-input\":{\"@type\":\"PropertyValueSpecification\",\"valueRequired\":true,\"valueName\":\"search_term_string\"}}],\"inLanguage\":\"es\"},{\"@type\":\"Organization\",\"@id\":\"https:\/\/koningdrone.be\/#organization\",\"name\":\"Koningdrone.be\",\"url\":\"https:\/\/koningdrone.be\/\",\"logo\":{\"@type\":\"ImageObject\",\"inLanguage\":\"es\",\"@id\":\"https:\/\/koningdrone.be\/#\/schema\/logo\/image\/\",\"url\":\"https:\/\/koningdrone.be\/wp-content\/uploads\/sites\/13\/2025\/04\/koningdrone-copyright-logo.svg\",\"contentUrl\":\"https:\/\/koningdrone.be\/wp-content\/uploads\/sites\/13\/2025\/04\/koningdrone-copyright-logo.svg\",\"width\":227,\"height\":38,\"caption\":\"Koningdrone.be\"},\"image\":{\"@id\":\"https:\/\/koningdrone.be\/#\/schema\/logo\/image\/\"}}]}<\/script>\n<!-- \/ Yoast SEO Premium plugin. -->","yoast_head_json":{"title":"DJI Video Receiver - koningdrone.be","robots":{"index":"index","follow":"follow","max-snippet":"max-snippet:-1","max-image-preview":"max-image-preview:large","max-video-preview":"max-video-preview:-1"},"canonical":"https:\/\/koningdrone.be\/es\/producto\/dji-video-receiver\/","og_locale":"es_ES","og_type":"article","og_title":"DJI Video Receiver","og_description":"O3 Pro-videotechnologie ondersteunt transmissie over een afstand van 6.000 meter bij 1080p\/60fps. De uitzendmodus maakt onbeperkte ontvangerverbindingen mogelijk voor teammonitoring. Beschikt over driebands automatische frequentieverspringing: 2,4 GHz, 5,8 GHz, DFS. Deelt chipoplossing met Ronin 4D voor minimale transmissielatentie. DJI High-Bright Remote Monitor combineert monitoring, bediening en uitbreiding. Compatibel met Ronin 4D-handgrepen en DJI Master Wheels voor afstandsbediening. Ondersteunt bewerken op de set met op microSD opgenomen 1080p\/60fps H.264-beelden.","og_url":"https:\/\/koningdrone.be\/es\/producto\/dji-video-receiver\/","og_site_name":"koningdrone.be","article_modified_time":"2026-04-29T02:10:56+00:00","og_image":[{"width":1280,"height":1280,"url":"https:\/\/koningdrone.be\/wp-content\/uploads\/sites\/13\/2025\/04\/67feb8393c2f590f29ca2baf7dd2cbff@ultra.png","type":"image\/png"}],"twitter_card":"summary_large_image","twitter_misc":{"Tiempo de lectura":"2 minutos"},"schema":{"@context":"https:\/\/schema.org","@graph":[{"@type":"WebPage","@id":"https:\/\/koningdrone.be\/product\/dji-video-receiver\/","url":"https:\/\/koningdrone.be\/product\/dji-video-receiver\/","name":"DJI Video Receiver - koningdrone.be","isPartOf":{"@id":"https:\/\/koningdrone.be\/#website"},"primaryImageOfPage":{"@id":"https:\/\/koningdrone.be\/product\/dji-video-receiver\/#primaryimage"},"image":{"@id":"https:\/\/koningdrone.be\/product\/dji-video-receiver\/#primaryimage"},"thumbnailUrl":"https:\/\/koningdrone.be\/wp-content\/uploads\/sites\/13\/2025\/04\/67feb8393c2f590f29ca2baf7dd2cbff@ultra.png","datePublished":"2024-04-15T09:19:06+00:00","dateModified":"2026-04-29T02:10:56+00:00","breadcrumb":{"@id":"https:\/\/koningdrone.be\/product\/dji-video-receiver\/#breadcrumb"},"inLanguage":"es","potentialAction":[{"@type":"ReadAction","target":["https:\/\/koningdrone.be\/product\/dji-video-receiver\/"]}]},{"@type":"ImageObject","inLanguage":"es","@id":"https:\/\/koningdrone.be\/product\/dji-video-receiver\/#primaryimage","url":"https:\/\/koningdrone.be\/wp-content\/uploads\/sites\/13\/2025\/04\/67feb8393c2f590f29ca2baf7dd2cbff@ultra.png","contentUrl":"https:\/\/koningdrone.be\/wp-content\/uploads\/sites\/13\/2025\/04\/67feb8393c2f590f29ca2baf7dd2cbff@ultra.png","width":1280,"height":1280},{"@type":"BreadcrumbList","@id":"https:\/\/koningdrone.be\/product\/dji-video-receiver\/#breadcrumb","itemListElement":[{"@type":"ListItem","position":1,"name":"Home","item":"https:\/\/koningdrone.be\/"},{"@type":"ListItem","position":2,"name":"AVSS Parachute Recovery System for DJI Matrice 300\/350","item":"https:\/\/koningdrone.be\/product\/avss-parachute-recovery-system-for-dji-matrice-300-350\/"},{"@type":"ListItem","position":3,"name":"Alle gimbals en cameras","item":"https:\/\/koningdrone.be\/categorie\/alle-gimbals-en-cameras\/"},{"@type":"ListItem","position":4,"name":"DJI Video Receiver"}]},{"@type":"WebSite","@id":"https:\/\/koningdrone.be\/#website","url":"https:\/\/koningdrone.be\/","name":"Koningdrone.be - Su especialista en l\u00ednea en drones, cardanes, c\u00e1maras y centrales el\u00e9ctricas.","description":"La tienda virtual de drones y cardanes","publisher":{"@id":"https:\/\/koningdrone.be\/#organization"},"potentialAction":[{"@type":"SearchAction","target":{"@type":"EntryPoint","urlTemplate":"https:\/\/koningdrone.be\/?s={search_term_string}"},"query-input":{"@type":"PropertyValueSpecification","valueRequired":true,"valueName":"search_term_string"}}],"inLanguage":"es"},{"@type":"Organization","@id":"https:\/\/koningdrone.be\/#organization","name":"Kingdrone.es","url":"https:\/\/koningdrone.be\/","logo":{"@type":"ImageObject","inLanguage":"es","@id":"https:\/\/koningdrone.be\/#\/schema\/logo\/image\/","url":"https:\/\/koningdrone.be\/wp-content\/uploads\/sites\/13\/2025\/04\/koningdrone-copyright-logo.svg","contentUrl":"https:\/\/koningdrone.be\/wp-content\/uploads\/sites\/13\/2025\/04\/koningdrone-copyright-logo.svg","width":227,"height":38,"caption":"Koningdrone.be"},"image":{"@id":"https:\/\/koningdrone.be\/#\/schema\/logo\/image\/"}}]}},"df_price":1253,"df_sale_price":"","df_regular_price":1253,"df_image_link":"https:\/\/koningdrone.be\/wp-content\/uploads\/sites\/13\/2025\/04\/67feb8393c2f590f29ca2baf7dd2cbff@ultra-300x300.png","_links":{"self":[{"href":"https:\/\/koningdrone.be\/es\/wp-json\/wp\/v2\/product\/3703","targetHints":{"allow":["GET"]}}],"collection":[{"href":"https:\/\/koningdrone.be\/es\/wp-json\/wp\/v2\/product"}],"about":[{"href":"https:\/\/koningdrone.be\/es\/wp-json\/wp\/v2\/types\/product"}],"wp:featuredmedia":[{"embeddable":true,"href":"https:\/\/koningdrone.be\/es\/wp-json\/wp\/v2\/media\/3699"}],"wp:attachment":[{"href":"https:\/\/koningdrone.be\/es\/wp-json\/wp\/v2\/media?parent=3703"}],"wp:term":[{"taxonomy":"product_brand","embeddable":true,"href":"https:\/\/koningdrone.be\/es\/wp-json\/wp\/v2\/product_brand?post=3703"},{"taxonomy":"product_cat","embeddable":true,"href":"https:\/\/koningdrone.be\/es\/wp-json\/wp\/v2\/product_cat?post=3703"},{"taxonomy":"product_tag","embeddable":true,"href":"https:\/\/koningdrone.be\/es\/wp-json\/wp\/v2\/product_tag?post=3703"}],"curies":[{"name":"wp","href":"https:\/\/api.w.org\/{rel}","templated":true}]}}