{"id":3680,"date":"2024-04-15T11:19:06","date_gmt":"2024-04-15T09:19:06","guid":{"rendered":"https:\/\/koningdrone.nl\/kon\/product\/dji-rs-3-mini-creator-combo\/"},"modified":"2026-04-29T12:40:20","modified_gmt":"2026-04-29T10:40:20","slug":"dji-rs-3-mini-creator-combo","status":"publish","type":"product","link":"https:\/\/koningdrone.be\/es\/producto\/dji-rs-3-mini-creator-combo\/","title":{"rendered":"Combo DJI RS 3 Mini Creator"},"content":{"rendered":"<p><strong>Introducci\u00f3n<\/strong><\/p>\n<p> El RS 3 Mini es un card\u00e1n ultraport\u00e1til dise\u00f1ado para viajeros y creadores de contenidos que necesitan una herramienta de estabilizaci\u00f3n ligera pero potente. Su tama\u00f1o compacto y su facilidad de uso lo hacen adecuado para una amplia gama de actividades videogr\u00e1ficas, desde pel\u00edculas amateur hasta rodajes profesionales.<\/p>\n<p>  <strong>Dise\u00f1o ligero<\/strong><\/p>\n<p> Con un peso de s\u00f3lo 795 gramos (1,75 libras), la RS 3 Mini est\u00e1 dise\u00f1ada para ofrecer comodidad y confort en su uso port\u00e1til. Su construcci\u00f3n ligera permite un uso prolongado sin la fatiga habitual asociada a equipos m\u00e1s pesados, lo que la hace ideal para capturar contenidos din\u00e1micos sobre la marcha.<\/p>\n<p>  <strong>Conectividad sin fisuras<\/strong><\/p>\n<p> Una vez emparejado con una c\u00e1mara, el RS 3 Mini garantiza una reconexi\u00f3n sin complicaciones para usos futuros. Esta funci\u00f3n simplifica el proceso de instalaci\u00f3n y permite un funcionamiento r\u00e1pido, para que puedas concentrarte m\u00e1s en hacer fotos y v\u00eddeos con control card\u00e1nico directo.<\/p>\n<p>  <strong>Motores potentes<\/strong><\/p>\n<p> El card\u00e1n est\u00e1 equipado con motores de alto par que proporcionan una potente capacidad de carga de hasta 2 kilogramos (4,4 libras). Esta capacidad garantiza la compatibilidad con una amplia gama de combinaciones de c\u00e1maras y objetivos, lo que convierte al RS 3 Mini en una herramienta vers\u00e1til para diferentes condiciones y estilos de disparo.<\/p>\n<p>  <strong>Estabilizaci\u00f3n avanzada<\/strong><\/p>\n<p> Tanto si est\u00e1 en movimiento como si graba desde un \u00e1ngulo bajo o en modo linterna, la RS 3 Mini ofrece una estabilizaci\u00f3n de imagen de nivel profesional. Su avanzada tecnolog\u00eda garantiza la fluidez y estabilidad de las grabaciones, proporcionando tomas fluidas incluso en movimiento.<\/p>\n<p>  <strong>Interfaz f\u00e1cil de usar<\/strong><\/p>\n<p> La incorporaci\u00f3n de una pantalla t\u00e1ctil en color de 1,4 pulgadas mejora la experiencia del usuario al ofrecer una interfaz nueva e intuitiva. Esta pantalla proporciona un acceso r\u00e1pido para ajustar la configuraci\u00f3n, lo que reduce el tiempo de configuraci\u00f3n y facilita la realizaci\u00f3n de cambios al instante.<\/p>\n<p>  <strong>La fotograf\u00eda vertical m\u00e1s f\u00e1cil<\/strong><\/p>\n<p> Para los creadores de contenidos que participan en plataformas de medios sociales, el cambio a la grabaci\u00f3n vertical es f\u00e1cil con la RS 3 Mini. Al montar la placa de liberaci\u00f3n r\u00e1pida en el brazo vertical, el card\u00e1n permite cambiar sin esfuerzo al modo vertical para adaptarse a las exigencias de los formatos de contenido de las redes sociales.<\/p>\n<p>  <strong>Versatilidad de modos<\/strong><\/p>\n<p> El card\u00e1n viene con tres modos de funcionamiento diferentes, que se pueden cambiar f\u00e1cilmente pulsando el bot\u00f3n M. Adem\u00e1s, el bot\u00f3n de funci\u00f3n frontal permite ajustar sobre la marcha par\u00e1metros de la c\u00e1mara como el enfoque, el ISO y la apertura. Esta versatilidad en las opciones de control hace que el RS 3 Mini sea especialmente adecuado para personas creativas que necesitan opciones de ajuste r\u00e1pido en diferentes escenarios de disparo.<\/p>","protected":false},"excerpt":{"rendered":"<ul>\n<li>Dise\u00f1o ultracompacto, ideal para viajar<\/li>\n<li> Ligero, 795 g (1,75 lbs), c\u00f3modo para un uso prolongado<\/li>\n<li> Reconexi\u00f3n autom\u00e1tica de la c\u00e1mara en el primer emparejamiento<\/li>\n<li> Control Gimbal para grabaci\u00f3n de fotos y v\u00eddeo<\/li>\n<li> Los motores de alto par soportan cargas de hasta 2 kg.<\/li>\n<li> Estabilizaci\u00f3n de imagen profesional en varios modos de disparo<\/li>\n<li> Pantalla t\u00e1ctil en color de 1,4 pulgadas con interfaz de usuario intuitiva<\/li>\n<li> Placa de liberaci\u00f3n r\u00e1pida para facilitar el disparo vertical<\/li>\n<li> Tres modos de card\u00e1n conmutables mediante el bot\u00f3n M<\/li>\n<li> Dial frontal para ajustar el enfoque, el ISO, el diafragma, etc.<\/li>\n<\/ul>","protected":false},"featured_media":3677,"template":"","meta":{"_acf_changed":false},"product_brand":[],"product_cat":[315,410,97,265,721],"product_tag":[],"class_list":{"0":"post-3680","1":"product","2":"type-product","3":"status-publish","4":"has-post-thumbnail","6":"product_cat-alle-gimbals-en-cameras","7":"product_cat-alle-handheld-gimbals","8":"product_cat-alle-producten","9":"product_cat-dji-ronin","10":"product_cat-dji-rs3","11":"product_shipping_class-outofstock","12":"pa_brand-dji","13":"pa_productfamily-gimbal","14":"pa_producttype-gimbal","15":"pa_series-rs-3","17":"first","18":"outofstock","19":"taxable","20":"shipping-taxable","21":"product-type-simple"},"acf":[],"yoast_head":"<!-- This site is optimized with the Yoast SEO Premium plugin v27.2 (Yoast SEO v27.2) - https:\/\/yoast.com\/product\/yoast-seo-premium-wordpress\/ -->\n<title>DJI RS 3 Mini Creator Combo - koningdrone.be<\/title>\n<meta name=\"robots\" content=\"index, follow, max-snippet:-1, max-image-preview:large, max-video-preview:-1\" \/>\n<link rel=\"canonical\" href=\"https:\/\/koningdrone.be\/es\/producto\/dji-rs-3-mini-creator-combo\/\" \/>\n<meta property=\"og:locale\" content=\"es_ES\" \/>\n<meta property=\"og:type\" content=\"article\" \/>\n<meta property=\"og:title\" content=\"DJI RS 3 Mini Creator Combo\" \/>\n<meta property=\"og:description\" content=\"Ultracompact ontwerp, ideaal voor op reis Lichtgewicht van 795 g (1,75 lbs), comfortabel voor langdurig gebruik Automatische herverbinding van de camera bij eerste koppeling Gimbalbediening voor foto- en video-opname Motoren met hoog koppel ondersteunen een belasting tot 2 kg (4,4 lbs). Professionele beeldstabilisatie in verschillende opnamemodi 1,4-inch kleurenaanraakscherm met intu\u00eftieve gebruikersinterface Snelkoppelingsplaat voor eenvoudig verticaal fotograferen Drie gimbalmodi schakelbaar via de M-knop Draaiknop aan de voorzijde voor het aanpassen van de scherpstelling, ISO, diafragma en meer\" \/>\n<meta property=\"og:url\" content=\"https:\/\/koningdrone.be\/es\/producto\/dji-rs-3-mini-creator-combo\/\" \/>\n<meta property=\"og:site_name\" content=\"koningdrone.be\" \/>\n<meta property=\"article:modified_time\" content=\"2026-04-29T10:40:20+00:00\" \/>\n<meta property=\"og:image\" content=\"https:\/\/koningdrone.be\/wp-content\/uploads\/sites\/13\/2025\/04\/845228fcc7f212d7498e8d1421a71ac8@ultra.jpg\" \/>\n\t<meta property=\"og:image:width\" content=\"1280\" \/>\n\t<meta property=\"og:image:height\" content=\"1280\" \/>\n\t<meta property=\"og:image:type\" content=\"image\/jpeg\" \/>\n<meta name=\"twitter:card\" content=\"summary_large_image\" \/>\n<meta name=\"twitter:label1\" content=\"Tiempo de lectura\" \/>\n\t<meta name=\"twitter:data1\" content=\"2 minutos\" \/>\n<script type=\"application\/ld+json\" class=\"yoast-schema-graph\">{\"@context\":\"https:\/\/schema.org\",\"@graph\":[{\"@type\":\"WebPage\",\"@id\":\"https:\/\/koningdrone.be\/product\/dji-rs-3-mini-creator-combo\/\",\"url\":\"https:\/\/koningdrone.be\/product\/dji-rs-3-mini-creator-combo\/\",\"name\":\"DJI RS 3 Mini Creator Combo - koningdrone.be\",\"isPartOf\":{\"@id\":\"https:\/\/koningdrone.be\/#website\"},\"primaryImageOfPage\":{\"@id\":\"https:\/\/koningdrone.be\/product\/dji-rs-3-mini-creator-combo\/#primaryimage\"},\"image\":{\"@id\":\"https:\/\/koningdrone.be\/product\/dji-rs-3-mini-creator-combo\/#primaryimage\"},\"thumbnailUrl\":\"https:\/\/koningdrone.be\/wp-content\/uploads\/sites\/13\/2025\/04\/845228fcc7f212d7498e8d1421a71ac8@ultra.jpg\",\"datePublished\":\"2024-04-15T09:19:06+00:00\",\"dateModified\":\"2026-04-29T10:40:20+00:00\",\"breadcrumb\":{\"@id\":\"https:\/\/koningdrone.be\/product\/dji-rs-3-mini-creator-combo\/#breadcrumb\"},\"inLanguage\":\"es\",\"potentialAction\":[{\"@type\":\"ReadAction\",\"target\":[\"https:\/\/koningdrone.be\/product\/dji-rs-3-mini-creator-combo\/\"]}]},{\"@type\":\"ImageObject\",\"inLanguage\":\"es\",\"@id\":\"https:\/\/koningdrone.be\/product\/dji-rs-3-mini-creator-combo\/#primaryimage\",\"url\":\"https:\/\/koningdrone.be\/wp-content\/uploads\/sites\/13\/2025\/04\/845228fcc7f212d7498e8d1421a71ac8@ultra.jpg\",\"contentUrl\":\"https:\/\/koningdrone.be\/wp-content\/uploads\/sites\/13\/2025\/04\/845228fcc7f212d7498e8d1421a71ac8@ultra.jpg\",\"width\":1280,\"height\":1280},{\"@type\":\"BreadcrumbList\",\"@id\":\"https:\/\/koningdrone.be\/product\/dji-rs-3-mini-creator-combo\/#breadcrumb\",\"itemListElement\":[{\"@type\":\"ListItem\",\"position\":1,\"name\":\"Home\",\"item\":\"https:\/\/koningdrone.be\/\"},{\"@type\":\"ListItem\",\"position\":2,\"name\":\"AVSS Parachute Recovery System for DJI Matrice 300\/350\",\"item\":\"https:\/\/koningdrone.be\/product\/avss-parachute-recovery-system-for-dji-matrice-300-350\/\"},{\"@type\":\"ListItem\",\"position\":3,\"name\":\"Alle gimbals en cameras\",\"item\":\"https:\/\/koningdrone.be\/categorie\/alle-gimbals-en-cameras\/\"},{\"@type\":\"ListItem\",\"position\":4,\"name\":\"DJI RS 3 Mini Creator Combo\"}]},{\"@type\":\"WebSite\",\"@id\":\"https:\/\/koningdrone.be\/#website\",\"url\":\"https:\/\/koningdrone.be\/\",\"name\":\"Koningdrone.be - Uw online specialist in drones, gimbals, camera's en power stations.\",\"description\":\"De webshop in drones en gimbals\",\"publisher\":{\"@id\":\"https:\/\/koningdrone.be\/#organization\"},\"potentialAction\":[{\"@type\":\"SearchAction\",\"target\":{\"@type\":\"EntryPoint\",\"urlTemplate\":\"https:\/\/koningdrone.be\/?s={search_term_string}\"},\"query-input\":{\"@type\":\"PropertyValueSpecification\",\"valueRequired\":true,\"valueName\":\"search_term_string\"}}],\"inLanguage\":\"es\"},{\"@type\":\"Organization\",\"@id\":\"https:\/\/koningdrone.be\/#organization\",\"name\":\"Koningdrone.be\",\"url\":\"https:\/\/koningdrone.be\/\",\"logo\":{\"@type\":\"ImageObject\",\"inLanguage\":\"es\",\"@id\":\"https:\/\/koningdrone.be\/#\/schema\/logo\/image\/\",\"url\":\"https:\/\/koningdrone.be\/wp-content\/uploads\/sites\/13\/2025\/04\/koningdrone-copyright-logo.svg\",\"contentUrl\":\"https:\/\/koningdrone.be\/wp-content\/uploads\/sites\/13\/2025\/04\/koningdrone-copyright-logo.svg\",\"width\":227,\"height\":38,\"caption\":\"Koningdrone.be\"},\"image\":{\"@id\":\"https:\/\/koningdrone.be\/#\/schema\/logo\/image\/\"}}]}<\/script>\n<!-- \/ Yoast SEO Premium plugin. -->","yoast_head_json":{"title":"DJI RS 3 Mini Creator Combo - koningdrone.be","robots":{"index":"index","follow":"follow","max-snippet":"max-snippet:-1","max-image-preview":"max-image-preview:large","max-video-preview":"max-video-preview:-1"},"canonical":"https:\/\/koningdrone.be\/es\/producto\/dji-rs-3-mini-creator-combo\/","og_locale":"es_ES","og_type":"article","og_title":"DJI RS 3 Mini Creator Combo","og_description":"Ultracompact ontwerp, ideaal voor op reis Lichtgewicht van 795 g (1,75 lbs), comfortabel voor langdurig gebruik Automatische herverbinding van de camera bij eerste koppeling Gimbalbediening voor foto- en video-opname Motoren met hoog koppel ondersteunen een belasting tot 2 kg (4,4 lbs). Professionele beeldstabilisatie in verschillende opnamemodi 1,4-inch kleurenaanraakscherm met intu\u00eftieve gebruikersinterface Snelkoppelingsplaat voor eenvoudig verticaal fotograferen Drie gimbalmodi schakelbaar via de M-knop Draaiknop aan de voorzijde voor het aanpassen van de scherpstelling, ISO, diafragma en meer","og_url":"https:\/\/koningdrone.be\/es\/producto\/dji-rs-3-mini-creator-combo\/","og_site_name":"koningdrone.be","article_modified_time":"2026-04-29T10:40:20+00:00","og_image":[{"width":1280,"height":1280,"url":"https:\/\/koningdrone.be\/wp-content\/uploads\/sites\/13\/2025\/04\/845228fcc7f212d7498e8d1421a71ac8@ultra.jpg","type":"image\/jpeg"}],"twitter_card":"summary_large_image","twitter_misc":{"Tiempo de lectura":"2 minutos"},"schema":{"@context":"https:\/\/schema.org","@graph":[{"@type":"WebPage","@id":"https:\/\/koningdrone.be\/product\/dji-rs-3-mini-creator-combo\/","url":"https:\/\/koningdrone.be\/product\/dji-rs-3-mini-creator-combo\/","name":"DJI RS 3 Mini Creator Combo - koningdrone.be","isPartOf":{"@id":"https:\/\/koningdrone.be\/#website"},"primaryImageOfPage":{"@id":"https:\/\/koningdrone.be\/product\/dji-rs-3-mini-creator-combo\/#primaryimage"},"image":{"@id":"https:\/\/koningdrone.be\/product\/dji-rs-3-mini-creator-combo\/#primaryimage"},"thumbnailUrl":"https:\/\/koningdrone.be\/wp-content\/uploads\/sites\/13\/2025\/04\/845228fcc7f212d7498e8d1421a71ac8@ultra.jpg","datePublished":"2024-04-15T09:19:06+00:00","dateModified":"2026-04-29T10:40:20+00:00","breadcrumb":{"@id":"https:\/\/koningdrone.be\/product\/dji-rs-3-mini-creator-combo\/#breadcrumb"},"inLanguage":"es","potentialAction":[{"@type":"ReadAction","target":["https:\/\/koningdrone.be\/product\/dji-rs-3-mini-creator-combo\/"]}]},{"@type":"ImageObject","inLanguage":"es","@id":"https:\/\/koningdrone.be\/product\/dji-rs-3-mini-creator-combo\/#primaryimage","url":"https:\/\/koningdrone.be\/wp-content\/uploads\/sites\/13\/2025\/04\/845228fcc7f212d7498e8d1421a71ac8@ultra.jpg","contentUrl":"https:\/\/koningdrone.be\/wp-content\/uploads\/sites\/13\/2025\/04\/845228fcc7f212d7498e8d1421a71ac8@ultra.jpg","width":1280,"height":1280},{"@type":"BreadcrumbList","@id":"https:\/\/koningdrone.be\/product\/dji-rs-3-mini-creator-combo\/#breadcrumb","itemListElement":[{"@type":"ListItem","position":1,"name":"Home","item":"https:\/\/koningdrone.be\/"},{"@type":"ListItem","position":2,"name":"AVSS Parachute Recovery System for DJI Matrice 300\/350","item":"https:\/\/koningdrone.be\/product\/avss-parachute-recovery-system-for-dji-matrice-300-350\/"},{"@type":"ListItem","position":3,"name":"Alle gimbals en cameras","item":"https:\/\/koningdrone.be\/categorie\/alle-gimbals-en-cameras\/"},{"@type":"ListItem","position":4,"name":"DJI RS 3 Mini Creator Combo"}]},{"@type":"WebSite","@id":"https:\/\/koningdrone.be\/#website","url":"https:\/\/koningdrone.be\/","name":"Koningdrone.be - Su especialista en l\u00ednea en drones, cardanes, c\u00e1maras y centrales el\u00e9ctricas.","description":"La tienda virtual de drones y cardanes","publisher":{"@id":"https:\/\/koningdrone.be\/#organization"},"potentialAction":[{"@type":"SearchAction","target":{"@type":"EntryPoint","urlTemplate":"https:\/\/koningdrone.be\/?s={search_term_string}"},"query-input":{"@type":"PropertyValueSpecification","valueRequired":true,"valueName":"search_term_string"}}],"inLanguage":"es"},{"@type":"Organization","@id":"https:\/\/koningdrone.be\/#organization","name":"Kingdrone.es","url":"https:\/\/koningdrone.be\/","logo":{"@type":"ImageObject","inLanguage":"es","@id":"https:\/\/koningdrone.be\/#\/schema\/logo\/image\/","url":"https:\/\/koningdrone.be\/wp-content\/uploads\/sites\/13\/2025\/04\/koningdrone-copyright-logo.svg","contentUrl":"https:\/\/koningdrone.be\/wp-content\/uploads\/sites\/13\/2025\/04\/koningdrone-copyright-logo.svg","width":227,"height":38,"caption":"Koningdrone.be"},"image":{"@id":"https:\/\/koningdrone.be\/#\/schema\/logo\/image\/"}}]}},"df_price":"","df_sale_price":"","df_regular_price":"","df_image_link":"https:\/\/koningdrone.be\/wp-content\/uploads\/sites\/13\/2025\/04\/845228fcc7f212d7498e8d1421a71ac8@ultra-300x300.jpg","_links":{"self":[{"href":"https:\/\/koningdrone.be\/es\/wp-json\/wp\/v2\/product\/3680","targetHints":{"allow":["GET"]}}],"collection":[{"href":"https:\/\/koningdrone.be\/es\/wp-json\/wp\/v2\/product"}],"about":[{"href":"https:\/\/koningdrone.be\/es\/wp-json\/wp\/v2\/types\/product"}],"wp:featuredmedia":[{"embeddable":true,"href":"https:\/\/koningdrone.be\/es\/wp-json\/wp\/v2\/media\/3677"}],"wp:attachment":[{"href":"https:\/\/koningdrone.be\/es\/wp-json\/wp\/v2\/media?parent=3680"}],"wp:term":[{"taxonomy":"product_brand","embeddable":true,"href":"https:\/\/koningdrone.be\/es\/wp-json\/wp\/v2\/product_brand?post=3680"},{"taxonomy":"product_cat","embeddable":true,"href":"https:\/\/koningdrone.be\/es\/wp-json\/wp\/v2\/product_cat?post=3680"},{"taxonomy":"product_tag","embeddable":true,"href":"https:\/\/koningdrone.be\/es\/wp-json\/wp\/v2\/product_tag?post=3680"}],"curies":[{"name":"wp","href":"https:\/\/api.w.org\/{rel}","templated":true}]}}