{"id":3672,"date":"2024-04-15T11:19:06","date_gmt":"2024-04-15T09:19:06","guid":{"rendered":"https:\/\/koningdrone.nl\/kon\/product\/dji-fpv-explorer-combo\/"},"modified":"2026-04-29T13:40:58","modified_gmt":"2026-04-29T11:40:58","slug":"dji-fpv-explorer-combo","status":"publish","type":"product","link":"https:\/\/koningdrone.be\/es\/producto\/dji-fpv-explorer-combo\/","title":{"rendered":"DJI FPV Explorer Combo"},"content":{"rendered":"<p><strong>Introducci\u00f3n a DJI FPV<\/strong><\/p>\n<p> Experimenta la emoci\u00f3n de volar con DJI FPV, dise\u00f1ado para llevar tus aventuras a\u00e9reas al siguiente nivel. Este dron est\u00e1 equipado con tecnolog\u00eda de vanguardia, incluida la transmisi\u00f3n de im\u00e1genes HD de baja latencia, que te permite ver el mundo desde arriba con una claridad asombrosa y capacidad de respuesta en tiempo real. Captura im\u00e1genes impresionantes con todo lujo de detalles gracias a las funciones de v\u00eddeo 4K\/60 fps y un campo de visi\u00f3n superamplio de 150\u00b0, para que tus grabaciones sean tan envolventes como tu vuelo.<\/p>\n<p>  <strong>Modos de vuelo adaptables<\/strong><\/p>\n<p> DJI FPV atiende a entusiastas de todos los niveles con sus m\u00faltiples modos de vuelo. Los principiantes pueden volar sin problemas y con confianza, mientras que los pilotos experimentados pueden explorar los cielos con un control din\u00e1mico. El controlador DJI Motion Controller ultraintuitivo mejora esta experiencia, ofreci\u00e9ndote un control preciso y natural de tu vuelo con s\u00f3lo mover las manos.<\/p>\n<p>  <strong>Funciones de seguridad mejoradas<\/strong><\/p>\n<p> La seguridad es una prioridad con el DJI FPV. Funciones como Freno de Emergencia y Hover te permiten detener y estabilizar el dron inmediatamente, reduciendo el riesgo de accidentes. Otras medidas de seguridad, como el Retorno a Casa (RTH), una luz de tierra adicional y otras funciones avanzadas, garantizan una experiencia de vuelo segura.<\/p>\n<p>  <strong>Dise\u00f1o f\u00e1cil de usar<\/strong><\/p>\n<p> Nada m\u00e1s sacarlo de la caja, el DJI FPV est\u00e1 completamente montado y listo para la acci\u00f3n. El dise\u00f1o modular no s\u00f3lo simplifica las reparaciones, sino que tambi\u00e9n hace que la sustituci\u00f3n de piezas sea r\u00e1pida y f\u00e1cil, para que puedas estar volando de nuevo en poco tiempo.<\/p>\n<p>  <strong>Experiencia de vuelo inigualable<\/strong><\/p>\n<p> Tanto si est\u00e1s capturando impresionantes paisajes como explorando nuevas alturas, DJI FPV ofrece una experiencia de vuelo sin igual que es a la vez emocionante y fiable.<\/p>","protected":false},"excerpt":{"rendered":"<ul>\n<li>Transferencia de im\u00e1genes HD de baja latencia para un vuelo envolvente.<\/li>\n<li> Control de vuelo ilimitado con diferentes modos.<\/li>\n<li> DJI Motion Controller ofrece un manejo intuitivo.<\/li>\n<li> Viene totalmente montado para que la experiencia sea perfecta.<\/li>\n<li> Reparaciones f\u00e1ciles y r\u00e1pidas gracias al dise\u00f1o modular.<\/li>\n<li> Funciones de v\u00eddeo 4K\/60 fps para im\u00e1genes de alta calidad.<\/li>\n<li> Campo de visi\u00f3n superamplio de 150\u00b0.<\/li>\n<li> Freno de emergencia y Hover para mayor seguridad.<\/li>\n<li> Funci\u00f3n de vuelta a casa (RTH) y luz inferior adicional.<\/li>\n<\/ul>","protected":false},"featured_media":3669,"template":"","meta":{"_acf_changed":false},"product_brand":[],"product_cat":[97,136,719,99],"product_tag":[],"class_list":{"0":"post-3672","1":"product","2":"type-product","3":"status-publish","4":"has-post-thumbnail","6":"product_cat-alle-producten","7":"product_cat-consumer-drones","8":"product_cat-dji-fpv","9":"product_cat-drones-met-certificaat","10":"product_shipping_class-outofstock","11":"pa_brand-dji","12":"pa_dronegrade-consumer","13":"pa_productfamily-drone","14":"pa_producttype-drone","15":"pa_series-fpv","17":"first","18":"outofstock","19":"taxable","20":"shipping-taxable","21":"product-type-simple"},"acf":[],"yoast_head":"<!-- This site is optimized with the Yoast SEO Premium plugin v27.2 (Yoast SEO v27.2) - https:\/\/yoast.com\/product\/yoast-seo-premium-wordpress\/ -->\n<title>DJI FPV Explorer Combo - koningdrone.be<\/title>\n<meta name=\"robots\" content=\"index, follow, max-snippet:-1, max-image-preview:large, max-video-preview:-1\" \/>\n<link rel=\"canonical\" href=\"https:\/\/koningdrone.be\/es\/producto\/dji-fpv-explorer-combo\/\" \/>\n<meta property=\"og:locale\" content=\"es_ES\" \/>\n<meta property=\"og:type\" content=\"article\" \/>\n<meta property=\"og:title\" content=\"DJI FPV Explorer Combo\" \/>\n<meta property=\"og:description\" content=\"HD-beeldoverdracht met lage latentie voor meeslepend vliegen. Onbeperkte vluchtcontrole met verschillende modi. DJI Motion Controller biedt intu\u00eftieve bediening. Wordt volledig gemonteerd geleverd voor een naadloze ervaring. Eenvoudige en snelle reparaties dankzij modulair ontwerp. 4K\/60fps videomogelijkheden voor beelden van hoge kwaliteit. Superbreed gezichtsveld van 150\u00b0. Noodrem en Hover voor meer veiligheid. Return to Home (RTH) en extra bodemlichtfunctie.\" \/>\n<meta property=\"og:url\" content=\"https:\/\/koningdrone.be\/es\/producto\/dji-fpv-explorer-combo\/\" \/>\n<meta property=\"og:site_name\" content=\"koningdrone.be\" \/>\n<meta property=\"article:modified_time\" content=\"2026-04-29T11:40:58+00:00\" \/>\n<meta property=\"og:image\" content=\"https:\/\/koningdrone.be\/wp-content\/uploads\/sites\/13\/2025\/04\/1ba95c1e05315905e4666af51128f822@ultra.jpg\" \/>\n\t<meta property=\"og:image:width\" content=\"1280\" \/>\n\t<meta property=\"og:image:height\" content=\"1280\" \/>\n\t<meta property=\"og:image:type\" content=\"image\/jpeg\" \/>\n<meta name=\"twitter:card\" content=\"summary_large_image\" \/>\n<meta name=\"twitter:label1\" content=\"Tiempo de lectura\" \/>\n\t<meta name=\"twitter:data1\" content=\"1 minuto\" \/>\n<script type=\"application\/ld+json\" class=\"yoast-schema-graph\">{\"@context\":\"https:\/\/schema.org\",\"@graph\":[{\"@type\":\"WebPage\",\"@id\":\"https:\/\/koningdrone.be\/product\/dji-fpv-explorer-combo\/\",\"url\":\"https:\/\/koningdrone.be\/product\/dji-fpv-explorer-combo\/\",\"name\":\"DJI FPV Explorer Combo - koningdrone.be\",\"isPartOf\":{\"@id\":\"https:\/\/koningdrone.be\/#website\"},\"primaryImageOfPage\":{\"@id\":\"https:\/\/koningdrone.be\/product\/dji-fpv-explorer-combo\/#primaryimage\"},\"image\":{\"@id\":\"https:\/\/koningdrone.be\/product\/dji-fpv-explorer-combo\/#primaryimage\"},\"thumbnailUrl\":\"https:\/\/koningdrone.be\/wp-content\/uploads\/sites\/13\/2025\/04\/1ba95c1e05315905e4666af51128f822@ultra.jpg\",\"datePublished\":\"2024-04-15T09:19:06+00:00\",\"dateModified\":\"2026-04-29T11:40:58+00:00\",\"breadcrumb\":{\"@id\":\"https:\/\/koningdrone.be\/product\/dji-fpv-explorer-combo\/#breadcrumb\"},\"inLanguage\":\"es\",\"potentialAction\":[{\"@type\":\"ReadAction\",\"target\":[\"https:\/\/koningdrone.be\/product\/dji-fpv-explorer-combo\/\"]}]},{\"@type\":\"ImageObject\",\"inLanguage\":\"es\",\"@id\":\"https:\/\/koningdrone.be\/product\/dji-fpv-explorer-combo\/#primaryimage\",\"url\":\"https:\/\/koningdrone.be\/wp-content\/uploads\/sites\/13\/2025\/04\/1ba95c1e05315905e4666af51128f822@ultra.jpg\",\"contentUrl\":\"https:\/\/koningdrone.be\/wp-content\/uploads\/sites\/13\/2025\/04\/1ba95c1e05315905e4666af51128f822@ultra.jpg\",\"width\":1280,\"height\":1280},{\"@type\":\"BreadcrumbList\",\"@id\":\"https:\/\/koningdrone.be\/product\/dji-fpv-explorer-combo\/#breadcrumb\",\"itemListElement\":[{\"@type\":\"ListItem\",\"position\":1,\"name\":\"Home\",\"item\":\"https:\/\/koningdrone.be\/\"},{\"@type\":\"ListItem\",\"position\":2,\"name\":\"AVSS Parachute Recovery System for DJI Matrice 300\/350\",\"item\":\"https:\/\/koningdrone.be\/product\/avss-parachute-recovery-system-for-dji-matrice-300-350\/\"},{\"@type\":\"ListItem\",\"position\":3,\"name\":\"Alle producten\",\"item\":\"https:\/\/koningdrone.be\/categorie\/alle-producten\/\"},{\"@type\":\"ListItem\",\"position\":4,\"name\":\"DJI FPV Explorer Combo\"}]},{\"@type\":\"WebSite\",\"@id\":\"https:\/\/koningdrone.be\/#website\",\"url\":\"https:\/\/koningdrone.be\/\",\"name\":\"Koningdrone.be - Uw online specialist in drones, gimbals, camera's en power stations.\",\"description\":\"De webshop in drones en gimbals\",\"publisher\":{\"@id\":\"https:\/\/koningdrone.be\/#organization\"},\"potentialAction\":[{\"@type\":\"SearchAction\",\"target\":{\"@type\":\"EntryPoint\",\"urlTemplate\":\"https:\/\/koningdrone.be\/?s={search_term_string}\"},\"query-input\":{\"@type\":\"PropertyValueSpecification\",\"valueRequired\":true,\"valueName\":\"search_term_string\"}}],\"inLanguage\":\"es\"},{\"@type\":\"Organization\",\"@id\":\"https:\/\/koningdrone.be\/#organization\",\"name\":\"Koningdrone.be\",\"url\":\"https:\/\/koningdrone.be\/\",\"logo\":{\"@type\":\"ImageObject\",\"inLanguage\":\"es\",\"@id\":\"https:\/\/koningdrone.be\/#\/schema\/logo\/image\/\",\"url\":\"https:\/\/koningdrone.be\/wp-content\/uploads\/sites\/13\/2025\/04\/koningdrone-copyright-logo.svg\",\"contentUrl\":\"https:\/\/koningdrone.be\/wp-content\/uploads\/sites\/13\/2025\/04\/koningdrone-copyright-logo.svg\",\"width\":227,\"height\":38,\"caption\":\"Koningdrone.be\"},\"image\":{\"@id\":\"https:\/\/koningdrone.be\/#\/schema\/logo\/image\/\"}}]}<\/script>\n<!-- \/ Yoast SEO Premium plugin. -->","yoast_head_json":{"title":"DJI FPV Explorer Combo - koningdrone.be","robots":{"index":"index","follow":"follow","max-snippet":"max-snippet:-1","max-image-preview":"max-image-preview:large","max-video-preview":"max-video-preview:-1"},"canonical":"https:\/\/koningdrone.be\/es\/producto\/dji-fpv-explorer-combo\/","og_locale":"es_ES","og_type":"article","og_title":"DJI FPV Explorer Combo","og_description":"HD-beeldoverdracht met lage latentie voor meeslepend vliegen. Onbeperkte vluchtcontrole met verschillende modi. DJI Motion Controller biedt intu\u00eftieve bediening. Wordt volledig gemonteerd geleverd voor een naadloze ervaring. Eenvoudige en snelle reparaties dankzij modulair ontwerp. 4K\/60fps videomogelijkheden voor beelden van hoge kwaliteit. Superbreed gezichtsveld van 150\u00b0. Noodrem en Hover voor meer veiligheid. Return to Home (RTH) en extra bodemlichtfunctie.","og_url":"https:\/\/koningdrone.be\/es\/producto\/dji-fpv-explorer-combo\/","og_site_name":"koningdrone.be","article_modified_time":"2026-04-29T11:40:58+00:00","og_image":[{"width":1280,"height":1280,"url":"https:\/\/koningdrone.be\/wp-content\/uploads\/sites\/13\/2025\/04\/1ba95c1e05315905e4666af51128f822@ultra.jpg","type":"image\/jpeg"}],"twitter_card":"summary_large_image","twitter_misc":{"Tiempo de lectura":"1 minuto"},"schema":{"@context":"https:\/\/schema.org","@graph":[{"@type":"WebPage","@id":"https:\/\/koningdrone.be\/product\/dji-fpv-explorer-combo\/","url":"https:\/\/koningdrone.be\/product\/dji-fpv-explorer-combo\/","name":"DJI FPV Explorer Combo - koningdrone.be","isPartOf":{"@id":"https:\/\/koningdrone.be\/#website"},"primaryImageOfPage":{"@id":"https:\/\/koningdrone.be\/product\/dji-fpv-explorer-combo\/#primaryimage"},"image":{"@id":"https:\/\/koningdrone.be\/product\/dji-fpv-explorer-combo\/#primaryimage"},"thumbnailUrl":"https:\/\/koningdrone.be\/wp-content\/uploads\/sites\/13\/2025\/04\/1ba95c1e05315905e4666af51128f822@ultra.jpg","datePublished":"2024-04-15T09:19:06+00:00","dateModified":"2026-04-29T11:40:58+00:00","breadcrumb":{"@id":"https:\/\/koningdrone.be\/product\/dji-fpv-explorer-combo\/#breadcrumb"},"inLanguage":"es","potentialAction":[{"@type":"ReadAction","target":["https:\/\/koningdrone.be\/product\/dji-fpv-explorer-combo\/"]}]},{"@type":"ImageObject","inLanguage":"es","@id":"https:\/\/koningdrone.be\/product\/dji-fpv-explorer-combo\/#primaryimage","url":"https:\/\/koningdrone.be\/wp-content\/uploads\/sites\/13\/2025\/04\/1ba95c1e05315905e4666af51128f822@ultra.jpg","contentUrl":"https:\/\/koningdrone.be\/wp-content\/uploads\/sites\/13\/2025\/04\/1ba95c1e05315905e4666af51128f822@ultra.jpg","width":1280,"height":1280},{"@type":"BreadcrumbList","@id":"https:\/\/koningdrone.be\/product\/dji-fpv-explorer-combo\/#breadcrumb","itemListElement":[{"@type":"ListItem","position":1,"name":"Home","item":"https:\/\/koningdrone.be\/"},{"@type":"ListItem","position":2,"name":"AVSS Parachute Recovery System for DJI Matrice 300\/350","item":"https:\/\/koningdrone.be\/product\/avss-parachute-recovery-system-for-dji-matrice-300-350\/"},{"@type":"ListItem","position":3,"name":"Alle producten","item":"https:\/\/koningdrone.be\/categorie\/alle-producten\/"},{"@type":"ListItem","position":4,"name":"DJI FPV Explorer Combo"}]},{"@type":"WebSite","@id":"https:\/\/koningdrone.be\/#website","url":"https:\/\/koningdrone.be\/","name":"Koningdrone.be - Su especialista en l\u00ednea en drones, cardanes, c\u00e1maras y centrales el\u00e9ctricas.","description":"La tienda virtual de drones y cardanes","publisher":{"@id":"https:\/\/koningdrone.be\/#organization"},"potentialAction":[{"@type":"SearchAction","target":{"@type":"EntryPoint","urlTemplate":"https:\/\/koningdrone.be\/?s={search_term_string}"},"query-input":{"@type":"PropertyValueSpecification","valueRequired":true,"valueName":"search_term_string"}}],"inLanguage":"es"},{"@type":"Organization","@id":"https:\/\/koningdrone.be\/#organization","name":"Kingdrone.es","url":"https:\/\/koningdrone.be\/","logo":{"@type":"ImageObject","inLanguage":"es","@id":"https:\/\/koningdrone.be\/#\/schema\/logo\/image\/","url":"https:\/\/koningdrone.be\/wp-content\/uploads\/sites\/13\/2025\/04\/koningdrone-copyright-logo.svg","contentUrl":"https:\/\/koningdrone.be\/wp-content\/uploads\/sites\/13\/2025\/04\/koningdrone-copyright-logo.svg","width":227,"height":38,"caption":"Koningdrone.be"},"image":{"@id":"https:\/\/koningdrone.be\/#\/schema\/logo\/image\/"}}]}},"df_price":"","df_sale_price":"","df_regular_price":"","df_image_link":"https:\/\/koningdrone.be\/wp-content\/uploads\/sites\/13\/2025\/04\/1ba95c1e05315905e4666af51128f822@ultra-300x300.jpg","_links":{"self":[{"href":"https:\/\/koningdrone.be\/es\/wp-json\/wp\/v2\/product\/3672","targetHints":{"allow":["GET"]}}],"collection":[{"href":"https:\/\/koningdrone.be\/es\/wp-json\/wp\/v2\/product"}],"about":[{"href":"https:\/\/koningdrone.be\/es\/wp-json\/wp\/v2\/types\/product"}],"wp:featuredmedia":[{"embeddable":true,"href":"https:\/\/koningdrone.be\/es\/wp-json\/wp\/v2\/media\/3669"}],"wp:attachment":[{"href":"https:\/\/koningdrone.be\/es\/wp-json\/wp\/v2\/media?parent=3672"}],"wp:term":[{"taxonomy":"product_brand","embeddable":true,"href":"https:\/\/koningdrone.be\/es\/wp-json\/wp\/v2\/product_brand?post=3672"},{"taxonomy":"product_cat","embeddable":true,"href":"https:\/\/koningdrone.be\/es\/wp-json\/wp\/v2\/product_cat?post=3672"},{"taxonomy":"product_tag","embeddable":true,"href":"https:\/\/koningdrone.be\/es\/wp-json\/wp\/v2\/product_tag?post=3672"}],"curies":[{"name":"wp","href":"https:\/\/api.w.org\/{rel}","templated":true}]}}