{"id":3657,"date":"2024-04-17T15:16:23","date_gmt":"2024-04-17T13:16:23","guid":{"rendered":"https:\/\/koningdrone.nl\/kon\/product\/t-motor-f90-motor\/"},"modified":"2026-04-29T14:40:45","modified_gmt":"2026-04-29T12:40:45","slug":"t-motor-f90-motor","status":"publish","type":"product","link":"https:\/\/koningdrone.be\/es\/producto\/t-motor-f90-motor\/","title":{"rendered":"T-Motor - Motor F90"},"content":{"rendered":"<p><strong>Motor T-Motor F90 1300KV para Quadcopters de Largo Alcance<\/strong><\/p>\n<p><strong>\u00d3ptimo para bater\u00edas LiPo 5-6S:<\/strong> El T-Motor F90 est\u00e1 espec\u00edficamente dise\u00f1ado para funcionar con bater\u00edas LiPo 5-6S, ideal para quadcopters que requieren vuelos potentes y prolongados.<\/p>\n<p>&nbsp;<\/p>\n<p><strong>Dise\u00f1ado para pilotos FPV:<\/strong> Los motores de la serie F de T-Motor se centran en las necesidades de los pilotos FPV (First Person View). Haciendo hincapi\u00e9 en la artesan\u00eda, la alta calidad y la flexibilidad, esta serie ofrece una potencia inigualable para los pilotos que quieren sacar el m\u00e1ximo provecho de su equipo.<\/p>\n<p>&nbsp;<\/p>\n<p><strong>Potente rendimiento - 1300KV:<\/strong> Este motor funciona a 1300 KV; esto significa que puede realizar 1300 rotaciones por voltio por minuto. Un valor de KV m\u00e1s alto significa velocidades de motor m\u00e1s r\u00e1pidas, lo que resulta en vuelos m\u00e1s potentes pero tambi\u00e9n en un consumo de bater\u00eda m\u00e1s r\u00e1pido.<\/p>\n<p>&nbsp;<\/p>\n<p><strong>Refrigeraci\u00f3n eficiente:<\/strong> Gracias a la inteligente colocaci\u00f3n de los orificios de ventilaci\u00f3n tanto en la parte superior como en la inferior, el motor est\u00e1 magn\u00edficamente ventilado, lo que contribuye a un mejor rendimiento y una vida \u00fatil m\u00e1s larga.<\/p>\n<p>&nbsp;<\/p>\n<p><strong>Construcci\u00f3n robusta:<\/strong> La placa inferior del motor est\u00e1 estrat\u00e9gicamente dise\u00f1ada para ofrecer la m\u00e1xima protecci\u00f3n y durabilidad, especialmente en los puntos en los que el motor se fija con tornillos.<\/p>\n<p>&nbsp;<\/p>\n<p><strong>Fijaci\u00f3n superior:<\/strong> La carcasa de aluminio del motor tiene un dise\u00f1o innovador que no s\u00f3lo garantiza una fijaci\u00f3n resistente, sino que tambi\u00e9n es f\u00e1cil de instalar con los tornillos de fijaci\u00f3n suministrados.<\/p>","protected":false},"excerpt":{"rendered":"<ul>\n<li><strong>Amplia compatibilidad:<\/strong> Apto para monturas de drones de 6\", 7\" y 8\".<\/li>\n<li><strong>Uso vers\u00e1til:<\/strong> \u00d3ptimo para vuelos de estilo libre, de larga distancia y cinematogr\u00e1ficos.<\/li>\n<li><strong>Fuente de alimentaci\u00f3n:<\/strong> Especialmente dise\u00f1ado para bater\u00edas LiPo 5-6S.<\/li>\n<li><strong>Optimizado para FPV:<\/strong> Perfecto para pilotos FPV, con \u00e9nfasis en la calidad y la flexibilidad.<\/li>\n<li><strong>Alta velocidad:<\/strong> Clasificaci\u00f3n de 1300KV para un rendimiento r\u00e1pido y potente.<\/li>\n<li><strong>Refrigeraci\u00f3n avanzada:<\/strong> La excelente ventilaci\u00f3n preserva el rendimiento y la durabilidad del motor.<\/li>\n<li><strong>Construcci\u00f3n duradera:<\/strong> Placa base robusta y tornillos de fijaci\u00f3n protegidos.<\/li>\n<li><strong>Instalaci\u00f3n fiable:<\/strong> Carcasa de aluminio con tornillos de montaje incluidos.<\/li>\n<\/ul>","protected":false},"featured_media":3653,"template":"","meta":{"_acf_changed":false},"product_brand":[],"product_cat":[97,689,690],"product_tag":[],"class_list":{"0":"post-3657","1":"product","2":"type-product","3":"status-publish","4":"has-post-thumbnail","6":"product_cat-alle-producten","7":"product_cat-multirotor-motors","8":"product_cat-t-motor","9":"pa_brand-t-motor","10":"pa_kv-kv1300","11":"pa_kv-kv1500","12":"pa_kv-kv1950","13":"pa_productfamily-multirotor-motors","14":"pa_producttype-multirotor-motors","15":"pa_producttype-variable","16":"pa_series-f90","18":"first","19":"outofstock","20":"taxable","21":"shipping-taxable","22":"purchasable","23":"product-type-variable","24":"has-default-attributes"},"acf":[],"yoast_head":"<!-- This site is optimized with the Yoast SEO Premium plugin v27.2 (Yoast SEO v27.2) - https:\/\/yoast.com\/product\/yoast-seo-premium-wordpress\/ -->\n<title>T-Motor - F90 Motor - koningdrone.be<\/title>\n<meta name=\"robots\" content=\"index, follow, max-snippet:-1, max-image-preview:large, max-video-preview:-1\" \/>\n<link rel=\"canonical\" href=\"https:\/\/koningdrone.be\/es\/producto\/t-motor-f90-motor\/\" \/>\n<meta property=\"og:locale\" content=\"es_ES\" \/>\n<meta property=\"og:type\" content=\"article\" \/>\n<meta property=\"og:title\" content=\"T-Motor - F90 Motor\" \/>\n<meta property=\"og:description\" content=\"Breed Compatibel: Geschikt voor 6&#039;&#039;, 7&#039;&#039;, en 8&#039;&#039; drone frames.  Veelzijdig in Gebruik: Optimaal voor freestyle, lange afstand en cinematografische vluchten.  Krachtbron: Speciaal ontworpen voor 5-6S LiPo batterijen.  FPV Geoptimaliseerd: Perfect voor FPV piloten, met nadruk op kwaliteit en flexibiliteit.  Hoge Snelheid: 1300KV rating voor snelle, krachtige prestaties.  Geavanceerde Koeling: Uitstekende ventilatie behoudt motorprestaties en duurzaamheid.  Duurzame Constructie: Robuuste bodemplaat en beschermde schroefbevestigingen.  Betrouwbare Installatie: Aluminium behuizing met meegeleverde bevestigingsschroeven.\" \/>\n<meta property=\"og:url\" content=\"https:\/\/koningdrone.be\/es\/producto\/t-motor-f90-motor\/\" \/>\n<meta property=\"og:site_name\" content=\"koningdrone.be\" \/>\n<meta property=\"article:modified_time\" content=\"2026-04-29T12:40:45+00:00\" \/>\n<meta property=\"og:image\" content=\"https:\/\/koningdrone.be\/wp-content\/uploads\/sites\/13\/2025\/04\/T-Motor-F90-Motor-1.jpg\" \/>\n\t<meta property=\"og:image:width\" content=\"800\" \/>\n\t<meta property=\"og:image:height\" content=\"800\" \/>\n\t<meta property=\"og:image:type\" content=\"image\/jpeg\" \/>\n<meta name=\"twitter:card\" content=\"summary_large_image\" \/>\n<meta name=\"twitter:label1\" content=\"Tiempo de lectura\" \/>\n\t<meta name=\"twitter:data1\" content=\"1 minuto\" \/>\n<script type=\"application\/ld+json\" class=\"yoast-schema-graph\">{\"@context\":\"https:\/\/schema.org\",\"@graph\":[{\"@type\":\"WebPage\",\"@id\":\"https:\/\/koningdrone.be\/product\/t-motor-f90-motor\/\",\"url\":\"https:\/\/koningdrone.be\/product\/t-motor-f90-motor\/\",\"name\":\"T-Motor - F90 Motor - koningdrone.be\",\"isPartOf\":{\"@id\":\"https:\/\/koningdrone.be\/#website\"},\"primaryImageOfPage\":{\"@id\":\"https:\/\/koningdrone.be\/product\/t-motor-f90-motor\/#primaryimage\"},\"image\":{\"@id\":\"https:\/\/koningdrone.be\/product\/t-motor-f90-motor\/#primaryimage\"},\"thumbnailUrl\":\"https:\/\/koningdrone.be\/wp-content\/uploads\/sites\/13\/2025\/04\/T-Motor-F90-Motor-1.jpg\",\"datePublished\":\"2024-04-17T13:16:23+00:00\",\"dateModified\":\"2026-04-29T12:40:45+00:00\",\"breadcrumb\":{\"@id\":\"https:\/\/koningdrone.be\/product\/t-motor-f90-motor\/#breadcrumb\"},\"inLanguage\":\"es\",\"potentialAction\":[{\"@type\":\"ReadAction\",\"target\":[\"https:\/\/koningdrone.be\/product\/t-motor-f90-motor\/\"]}]},{\"@type\":\"ImageObject\",\"inLanguage\":\"es\",\"@id\":\"https:\/\/koningdrone.be\/product\/t-motor-f90-motor\/#primaryimage\",\"url\":\"https:\/\/koningdrone.be\/wp-content\/uploads\/sites\/13\/2025\/04\/T-Motor-F90-Motor-1.jpg\",\"contentUrl\":\"https:\/\/koningdrone.be\/wp-content\/uploads\/sites\/13\/2025\/04\/T-Motor-F90-Motor-1.jpg\",\"width\":800,\"height\":800},{\"@type\":\"BreadcrumbList\",\"@id\":\"https:\/\/koningdrone.be\/product\/t-motor-f90-motor\/#breadcrumb\",\"itemListElement\":[{\"@type\":\"ListItem\",\"position\":1,\"name\":\"Home\",\"item\":\"https:\/\/koningdrone.be\/\"},{\"@type\":\"ListItem\",\"position\":2,\"name\":\"AVSS Parachute Recovery System for DJI Matrice 300\/350\",\"item\":\"https:\/\/koningdrone.be\/product\/avss-parachute-recovery-system-for-dji-matrice-300-350\/\"},{\"@type\":\"ListItem\",\"position\":3,\"name\":\"Alle producten\",\"item\":\"https:\/\/koningdrone.be\/categorie\/alle-producten\/\"},{\"@type\":\"ListItem\",\"position\":4,\"name\":\"T-Motor &#8211; F90 Motor\"}]},{\"@type\":\"WebSite\",\"@id\":\"https:\/\/koningdrone.be\/#website\",\"url\":\"https:\/\/koningdrone.be\/\",\"name\":\"Koningdrone.be - Uw online specialist in drones, gimbals, camera's en power stations.\",\"description\":\"De webshop in drones en gimbals\",\"publisher\":{\"@id\":\"https:\/\/koningdrone.be\/#organization\"},\"potentialAction\":[{\"@type\":\"SearchAction\",\"target\":{\"@type\":\"EntryPoint\",\"urlTemplate\":\"https:\/\/koningdrone.be\/?s={search_term_string}\"},\"query-input\":{\"@type\":\"PropertyValueSpecification\",\"valueRequired\":true,\"valueName\":\"search_term_string\"}}],\"inLanguage\":\"es\"},{\"@type\":\"Organization\",\"@id\":\"https:\/\/koningdrone.be\/#organization\",\"name\":\"Koningdrone.be\",\"url\":\"https:\/\/koningdrone.be\/\",\"logo\":{\"@type\":\"ImageObject\",\"inLanguage\":\"es\",\"@id\":\"https:\/\/koningdrone.be\/#\/schema\/logo\/image\/\",\"url\":\"https:\/\/koningdrone.be\/wp-content\/uploads\/sites\/13\/2025\/04\/koningdrone-copyright-logo.svg\",\"contentUrl\":\"https:\/\/koningdrone.be\/wp-content\/uploads\/sites\/13\/2025\/04\/koningdrone-copyright-logo.svg\",\"width\":227,\"height\":38,\"caption\":\"Koningdrone.be\"},\"image\":{\"@id\":\"https:\/\/koningdrone.be\/#\/schema\/logo\/image\/\"}}]}<\/script>\n<!-- \/ Yoast SEO Premium plugin. -->","yoast_head_json":{"title":"T-Motor - F90 Motor - koningdrone.be","robots":{"index":"index","follow":"follow","max-snippet":"max-snippet:-1","max-image-preview":"max-image-preview:large","max-video-preview":"max-video-preview:-1"},"canonical":"https:\/\/koningdrone.be\/es\/producto\/t-motor-f90-motor\/","og_locale":"es_ES","og_type":"article","og_title":"T-Motor - F90 Motor","og_description":"Breed Compatibel: Geschikt voor 6'', 7'', en 8'' drone frames.  Veelzijdig in Gebruik: Optimaal voor freestyle, lange afstand en cinematografische vluchten.  Krachtbron: Speciaal ontworpen voor 5-6S LiPo batterijen.  FPV Geoptimaliseerd: Perfect voor FPV piloten, met nadruk op kwaliteit en flexibiliteit.  Hoge Snelheid: 1300KV rating voor snelle, krachtige prestaties.  Geavanceerde Koeling: Uitstekende ventilatie behoudt motorprestaties en duurzaamheid.  Duurzame Constructie: Robuuste bodemplaat en beschermde schroefbevestigingen.  Betrouwbare Installatie: Aluminium behuizing met meegeleverde bevestigingsschroeven.","og_url":"https:\/\/koningdrone.be\/es\/producto\/t-motor-f90-motor\/","og_site_name":"koningdrone.be","article_modified_time":"2026-04-29T12:40:45+00:00","og_image":[{"width":800,"height":800,"url":"https:\/\/koningdrone.be\/wp-content\/uploads\/sites\/13\/2025\/04\/T-Motor-F90-Motor-1.jpg","type":"image\/jpeg"}],"twitter_card":"summary_large_image","twitter_misc":{"Tiempo de lectura":"1 minuto"},"schema":{"@context":"https:\/\/schema.org","@graph":[{"@type":"WebPage","@id":"https:\/\/koningdrone.be\/product\/t-motor-f90-motor\/","url":"https:\/\/koningdrone.be\/product\/t-motor-f90-motor\/","name":"T-Motor - F90 Motor - koningdrone.be","isPartOf":{"@id":"https:\/\/koningdrone.be\/#website"},"primaryImageOfPage":{"@id":"https:\/\/koningdrone.be\/product\/t-motor-f90-motor\/#primaryimage"},"image":{"@id":"https:\/\/koningdrone.be\/product\/t-motor-f90-motor\/#primaryimage"},"thumbnailUrl":"https:\/\/koningdrone.be\/wp-content\/uploads\/sites\/13\/2025\/04\/T-Motor-F90-Motor-1.jpg","datePublished":"2024-04-17T13:16:23+00:00","dateModified":"2026-04-29T12:40:45+00:00","breadcrumb":{"@id":"https:\/\/koningdrone.be\/product\/t-motor-f90-motor\/#breadcrumb"},"inLanguage":"es","potentialAction":[{"@type":"ReadAction","target":["https:\/\/koningdrone.be\/product\/t-motor-f90-motor\/"]}]},{"@type":"ImageObject","inLanguage":"es","@id":"https:\/\/koningdrone.be\/product\/t-motor-f90-motor\/#primaryimage","url":"https:\/\/koningdrone.be\/wp-content\/uploads\/sites\/13\/2025\/04\/T-Motor-F90-Motor-1.jpg","contentUrl":"https:\/\/koningdrone.be\/wp-content\/uploads\/sites\/13\/2025\/04\/T-Motor-F90-Motor-1.jpg","width":800,"height":800},{"@type":"BreadcrumbList","@id":"https:\/\/koningdrone.be\/product\/t-motor-f90-motor\/#breadcrumb","itemListElement":[{"@type":"ListItem","position":1,"name":"Home","item":"https:\/\/koningdrone.be\/"},{"@type":"ListItem","position":2,"name":"AVSS Parachute Recovery System for DJI Matrice 300\/350","item":"https:\/\/koningdrone.be\/product\/avss-parachute-recovery-system-for-dji-matrice-300-350\/"},{"@type":"ListItem","position":3,"name":"Alle producten","item":"https:\/\/koningdrone.be\/categorie\/alle-producten\/"},{"@type":"ListItem","position":4,"name":"T-Motor &#8211; F90 Motor"}]},{"@type":"WebSite","@id":"https:\/\/koningdrone.be\/#website","url":"https:\/\/koningdrone.be\/","name":"Koningdrone.be - Su especialista en l\u00ednea en drones, cardanes, c\u00e1maras y centrales el\u00e9ctricas.","description":"La tienda virtual de drones y cardanes","publisher":{"@id":"https:\/\/koningdrone.be\/#organization"},"potentialAction":[{"@type":"SearchAction","target":{"@type":"EntryPoint","urlTemplate":"https:\/\/koningdrone.be\/?s={search_term_string}"},"query-input":{"@type":"PropertyValueSpecification","valueRequired":true,"valueName":"search_term_string"}}],"inLanguage":"es"},{"@type":"Organization","@id":"https:\/\/koningdrone.be\/#organization","name":"Kingdrone.es","url":"https:\/\/koningdrone.be\/","logo":{"@type":"ImageObject","inLanguage":"es","@id":"https:\/\/koningdrone.be\/#\/schema\/logo\/image\/","url":"https:\/\/koningdrone.be\/wp-content\/uploads\/sites\/13\/2025\/04\/koningdrone-copyright-logo.svg","contentUrl":"https:\/\/koningdrone.be\/wp-content\/uploads\/sites\/13\/2025\/04\/koningdrone-copyright-logo.svg","width":227,"height":38,"caption":"Koningdrone.be"},"image":{"@id":"https:\/\/koningdrone.be\/#\/schema\/logo\/image\/"}}]}},"df_price":30,"df_sale_price":"","df_regular_price":30,"df_image_link":"https:\/\/koningdrone.be\/wp-content\/uploads\/sites\/13\/2025\/04\/T-Motor-F90-Motor-1-300x300.jpg","_links":{"self":[{"href":"https:\/\/koningdrone.be\/es\/wp-json\/wp\/v2\/product\/3657","targetHints":{"allow":["GET"]}}],"collection":[{"href":"https:\/\/koningdrone.be\/es\/wp-json\/wp\/v2\/product"}],"about":[{"href":"https:\/\/koningdrone.be\/es\/wp-json\/wp\/v2\/types\/product"}],"wp:featuredmedia":[{"embeddable":true,"href":"https:\/\/koningdrone.be\/es\/wp-json\/wp\/v2\/media\/3653"}],"wp:attachment":[{"href":"https:\/\/koningdrone.be\/es\/wp-json\/wp\/v2\/media?parent=3657"}],"wp:term":[{"taxonomy":"product_brand","embeddable":true,"href":"https:\/\/koningdrone.be\/es\/wp-json\/wp\/v2\/product_brand?post=3657"},{"taxonomy":"product_cat","embeddable":true,"href":"https:\/\/koningdrone.be\/es\/wp-json\/wp\/v2\/product_cat?post=3657"},{"taxonomy":"product_tag","embeddable":true,"href":"https:\/\/koningdrone.be\/es\/wp-json\/wp\/v2\/product_tag?post=3657"}],"curies":[{"name":"wp","href":"https:\/\/api.w.org\/{rel}","templated":true}]}}