{"id":3649,"date":"2024-04-17T15:29:50","date_gmt":"2024-04-17T13:29:50","guid":{"rendered":"https:\/\/koningdrone.nl\/kon\/product\/t-motor-v2808-motor\/"},"modified":"2026-04-29T03:41:12","modified_gmt":"2026-04-29T01:41:12","slug":"t-motor-v2808-motor","status":"publish","type":"product","link":"https:\/\/koningdrone.be\/es\/producto\/t-motor-v2808-motor\/","title":{"rendered":"T-Motor - Motor V2808"},"content":{"rendered":"<p>Descubre la libertad de volar con la l\u00ednea de motos Velox Victory, especialmente dise\u00f1ada para pilotos que quieren desafiarse continuamente. Este motor garantiza libertad y la posibilidad de superar tus l\u00edmites mientras experimentas la sensaci\u00f3n del viento.<\/p>\n<p>&nbsp;<\/p>\n<p>Tanto si te gusta el vuelo de estilo libre, como las carreras o los vuelos de larga distancia, el motor Velox Victory te ofrece el rendimiento y la libertad que necesitas para elevarte por encima de ti mismo. Siente el viento y lib\u00e9rate con cada vuelo.<\/p>","protected":false},"excerpt":{"rendered":"<ul>\n<li><strong>Adecuado para varias construcciones:<\/strong> Ideal para cinewhoop de 5 pulgadas, largo alcance de 7 pulgadas y cinelifter de 7 pulgadas.<\/li>\n<li><strong>Rendimiento estable:<\/strong> Proporciona una potencia constante y fiable en diversas condiciones de vuelo.<\/li>\n<li><strong>Fiable:<\/strong> Dise\u00f1ado para ofrecer durabilidad y uso a largo plazo sin sacrificar el rendimiento.<\/li>\n<li><strong>Precisi\u00f3n:<\/strong> Proporciona un control suave y preciso, ideal tanto para pilotos noveles como para profesionales.<\/li>\n<\/ul>","protected":false},"featured_media":3645,"template":"","meta":{"_acf_changed":false},"product_brand":[],"product_cat":[97,689,690],"product_tag":[],"class_list":{"0":"post-3649","1":"product","2":"type-product","3":"status-publish","4":"has-post-thumbnail","6":"product_cat-alle-producten","7":"product_cat-multirotor-motors","8":"product_cat-t-motor","9":"pa_brand-t-motor","10":"pa_kv-kv1300","11":"pa_kv-kv1500","12":"pa_kv-kv1950","13":"pa_productfamily-multirotor-motors","14":"pa_producttype-multirotor-motors","15":"pa_producttype-variable","16":"pa_series-v2808","18":"first","19":"instock","20":"taxable","21":"shipping-taxable","22":"purchasable","23":"product-type-variable","24":"has-default-attributes"},"acf":[],"yoast_head":"<!-- This site is optimized with the Yoast SEO Premium plugin v27.2 (Yoast SEO v27.2) - https:\/\/yoast.com\/product\/yoast-seo-premium-wordpress\/ -->\n<title>T-Motor - V2808 Motor - koningdrone.be<\/title>\n<meta name=\"robots\" content=\"index, follow, max-snippet:-1, max-image-preview:large, max-video-preview:-1\" \/>\n<link rel=\"canonical\" href=\"https:\/\/koningdrone.be\/es\/producto\/t-motor-v2808-motor\/\" \/>\n<meta property=\"og:locale\" content=\"es_ES\" \/>\n<meta property=\"og:type\" content=\"article\" \/>\n<meta property=\"og:title\" content=\"T-Motor - V2808 Motor\" \/>\n<meta property=\"og:description\" content=\"Geschikt voor Diverse Builds: Ideaal voor 5 inch cinewhoop, 7 inch long range, en 7 inch cinelifter builds.  Stabiele Prestaties: Biedt een consistent en betrouwbaar vermogen onder diverse vliegomstandigheden.  Betrouwbaar: Ontworpen voor duurzaamheid en langdurig gebruik zonder in te boeten op prestaties.  Precisie: Zorgt voor soepele en precieze besturing, ideaal voor zowel nieuwe piloten als professionals.\" \/>\n<meta property=\"og:url\" content=\"https:\/\/koningdrone.be\/es\/producto\/t-motor-v2808-motor\/\" \/>\n<meta property=\"og:site_name\" content=\"koningdrone.be\" \/>\n<meta property=\"article:modified_time\" content=\"2026-04-29T01:41:12+00:00\" \/>\n<meta property=\"og:image\" content=\"https:\/\/koningdrone.be\/wp-content\/uploads\/sites\/13\/2025\/04\/T-Motor-V2808-Motor-1.jpg\" \/>\n\t<meta property=\"og:image:width\" content=\"800\" \/>\n\t<meta property=\"og:image:height\" content=\"800\" \/>\n\t<meta property=\"og:image:type\" content=\"image\/jpeg\" \/>\n<meta name=\"twitter:card\" content=\"summary_large_image\" \/>\n<script type=\"application\/ld+json\" class=\"yoast-schema-graph\">{\"@context\":\"https:\/\/schema.org\",\"@graph\":[{\"@type\":\"WebPage\",\"@id\":\"https:\/\/koningdrone.be\/product\/t-motor-v2808-motor\/\",\"url\":\"https:\/\/koningdrone.be\/product\/t-motor-v2808-motor\/\",\"name\":\"T-Motor - V2808 Motor - koningdrone.be\",\"isPartOf\":{\"@id\":\"https:\/\/koningdrone.be\/#website\"},\"primaryImageOfPage\":{\"@id\":\"https:\/\/koningdrone.be\/product\/t-motor-v2808-motor\/#primaryimage\"},\"image\":{\"@id\":\"https:\/\/koningdrone.be\/product\/t-motor-v2808-motor\/#primaryimage\"},\"thumbnailUrl\":\"https:\/\/koningdrone.be\/wp-content\/uploads\/sites\/13\/2025\/04\/T-Motor-V2808-Motor-1.jpg\",\"datePublished\":\"2024-04-17T13:29:50+00:00\",\"dateModified\":\"2026-04-29T01:41:12+00:00\",\"breadcrumb\":{\"@id\":\"https:\/\/koningdrone.be\/product\/t-motor-v2808-motor\/#breadcrumb\"},\"inLanguage\":\"es\",\"potentialAction\":[{\"@type\":\"ReadAction\",\"target\":[\"https:\/\/koningdrone.be\/product\/t-motor-v2808-motor\/\"]}]},{\"@type\":\"ImageObject\",\"inLanguage\":\"es\",\"@id\":\"https:\/\/koningdrone.be\/product\/t-motor-v2808-motor\/#primaryimage\",\"url\":\"https:\/\/koningdrone.be\/wp-content\/uploads\/sites\/13\/2025\/04\/T-Motor-V2808-Motor-1.jpg\",\"contentUrl\":\"https:\/\/koningdrone.be\/wp-content\/uploads\/sites\/13\/2025\/04\/T-Motor-V2808-Motor-1.jpg\",\"width\":800,\"height\":800},{\"@type\":\"BreadcrumbList\",\"@id\":\"https:\/\/koningdrone.be\/product\/t-motor-v2808-motor\/#breadcrumb\",\"itemListElement\":[{\"@type\":\"ListItem\",\"position\":1,\"name\":\"Home\",\"item\":\"https:\/\/koningdrone.be\/\"},{\"@type\":\"ListItem\",\"position\":2,\"name\":\"AVSS Parachute Recovery System for DJI Matrice 300\/350\",\"item\":\"https:\/\/koningdrone.be\/product\/avss-parachute-recovery-system-for-dji-matrice-300-350\/\"},{\"@type\":\"ListItem\",\"position\":3,\"name\":\"Alle producten\",\"item\":\"https:\/\/koningdrone.be\/categorie\/alle-producten\/\"},{\"@type\":\"ListItem\",\"position\":4,\"name\":\"T-Motor &#8211; V2808 Motor\"}]},{\"@type\":\"WebSite\",\"@id\":\"https:\/\/koningdrone.be\/#website\",\"url\":\"https:\/\/koningdrone.be\/\",\"name\":\"Koningdrone.be - Uw online specialist in drones, gimbals, camera's en power stations.\",\"description\":\"De webshop in drones en gimbals\",\"publisher\":{\"@id\":\"https:\/\/koningdrone.be\/#organization\"},\"potentialAction\":[{\"@type\":\"SearchAction\",\"target\":{\"@type\":\"EntryPoint\",\"urlTemplate\":\"https:\/\/koningdrone.be\/?s={search_term_string}\"},\"query-input\":{\"@type\":\"PropertyValueSpecification\",\"valueRequired\":true,\"valueName\":\"search_term_string\"}}],\"inLanguage\":\"es\"},{\"@type\":\"Organization\",\"@id\":\"https:\/\/koningdrone.be\/#organization\",\"name\":\"Koningdrone.be\",\"url\":\"https:\/\/koningdrone.be\/\",\"logo\":{\"@type\":\"ImageObject\",\"inLanguage\":\"es\",\"@id\":\"https:\/\/koningdrone.be\/#\/schema\/logo\/image\/\",\"url\":\"https:\/\/koningdrone.be\/wp-content\/uploads\/sites\/13\/2025\/04\/koningdrone-copyright-logo.svg\",\"contentUrl\":\"https:\/\/koningdrone.be\/wp-content\/uploads\/sites\/13\/2025\/04\/koningdrone-copyright-logo.svg\",\"width\":227,\"height\":38,\"caption\":\"Koningdrone.be\"},\"image\":{\"@id\":\"https:\/\/koningdrone.be\/#\/schema\/logo\/image\/\"}}]}<\/script>\n<!-- \/ Yoast SEO Premium plugin. -->","yoast_head_json":{"title":"T-Motor - V2808 Motor - koningdrone.be","robots":{"index":"index","follow":"follow","max-snippet":"max-snippet:-1","max-image-preview":"max-image-preview:large","max-video-preview":"max-video-preview:-1"},"canonical":"https:\/\/koningdrone.be\/es\/producto\/t-motor-v2808-motor\/","og_locale":"es_ES","og_type":"article","og_title":"T-Motor - V2808 Motor","og_description":"Geschikt voor Diverse Builds: Ideaal voor 5 inch cinewhoop, 7 inch long range, en 7 inch cinelifter builds.  Stabiele Prestaties: Biedt een consistent en betrouwbaar vermogen onder diverse vliegomstandigheden.  Betrouwbaar: Ontworpen voor duurzaamheid en langdurig gebruik zonder in te boeten op prestaties.  Precisie: Zorgt voor soepele en precieze besturing, ideaal voor zowel nieuwe piloten als professionals.","og_url":"https:\/\/koningdrone.be\/es\/producto\/t-motor-v2808-motor\/","og_site_name":"koningdrone.be","article_modified_time":"2026-04-29T01:41:12+00:00","og_image":[{"width":800,"height":800,"url":"https:\/\/koningdrone.be\/wp-content\/uploads\/sites\/13\/2025\/04\/T-Motor-V2808-Motor-1.jpg","type":"image\/jpeg"}],"twitter_card":"summary_large_image","schema":{"@context":"https:\/\/schema.org","@graph":[{"@type":"WebPage","@id":"https:\/\/koningdrone.be\/product\/t-motor-v2808-motor\/","url":"https:\/\/koningdrone.be\/product\/t-motor-v2808-motor\/","name":"T-Motor - V2808 Motor - koningdrone.be","isPartOf":{"@id":"https:\/\/koningdrone.be\/#website"},"primaryImageOfPage":{"@id":"https:\/\/koningdrone.be\/product\/t-motor-v2808-motor\/#primaryimage"},"image":{"@id":"https:\/\/koningdrone.be\/product\/t-motor-v2808-motor\/#primaryimage"},"thumbnailUrl":"https:\/\/koningdrone.be\/wp-content\/uploads\/sites\/13\/2025\/04\/T-Motor-V2808-Motor-1.jpg","datePublished":"2024-04-17T13:29:50+00:00","dateModified":"2026-04-29T01:41:12+00:00","breadcrumb":{"@id":"https:\/\/koningdrone.be\/product\/t-motor-v2808-motor\/#breadcrumb"},"inLanguage":"es","potentialAction":[{"@type":"ReadAction","target":["https:\/\/koningdrone.be\/product\/t-motor-v2808-motor\/"]}]},{"@type":"ImageObject","inLanguage":"es","@id":"https:\/\/koningdrone.be\/product\/t-motor-v2808-motor\/#primaryimage","url":"https:\/\/koningdrone.be\/wp-content\/uploads\/sites\/13\/2025\/04\/T-Motor-V2808-Motor-1.jpg","contentUrl":"https:\/\/koningdrone.be\/wp-content\/uploads\/sites\/13\/2025\/04\/T-Motor-V2808-Motor-1.jpg","width":800,"height":800},{"@type":"BreadcrumbList","@id":"https:\/\/koningdrone.be\/product\/t-motor-v2808-motor\/#breadcrumb","itemListElement":[{"@type":"ListItem","position":1,"name":"Home","item":"https:\/\/koningdrone.be\/"},{"@type":"ListItem","position":2,"name":"AVSS Parachute Recovery System for DJI Matrice 300\/350","item":"https:\/\/koningdrone.be\/product\/avss-parachute-recovery-system-for-dji-matrice-300-350\/"},{"@type":"ListItem","position":3,"name":"Alle producten","item":"https:\/\/koningdrone.be\/categorie\/alle-producten\/"},{"@type":"ListItem","position":4,"name":"T-Motor &#8211; V2808 Motor"}]},{"@type":"WebSite","@id":"https:\/\/koningdrone.be\/#website","url":"https:\/\/koningdrone.be\/","name":"Koningdrone.be - Su especialista en l\u00ednea en drones, cardanes, c\u00e1maras y centrales el\u00e9ctricas.","description":"La tienda virtual de drones y cardanes","publisher":{"@id":"https:\/\/koningdrone.be\/#organization"},"potentialAction":[{"@type":"SearchAction","target":{"@type":"EntryPoint","urlTemplate":"https:\/\/koningdrone.be\/?s={search_term_string}"},"query-input":{"@type":"PropertyValueSpecification","valueRequired":true,"valueName":"search_term_string"}}],"inLanguage":"es"},{"@type":"Organization","@id":"https:\/\/koningdrone.be\/#organization","name":"Kingdrone.es","url":"https:\/\/koningdrone.be\/","logo":{"@type":"ImageObject","inLanguage":"es","@id":"https:\/\/koningdrone.be\/#\/schema\/logo\/image\/","url":"https:\/\/koningdrone.be\/wp-content\/uploads\/sites\/13\/2025\/04\/koningdrone-copyright-logo.svg","contentUrl":"https:\/\/koningdrone.be\/wp-content\/uploads\/sites\/13\/2025\/04\/koningdrone-copyright-logo.svg","width":227,"height":38,"caption":"Koningdrone.be"},"image":{"@id":"https:\/\/koningdrone.be\/#\/schema\/logo\/image\/"}}]}},"df_price":30,"df_sale_price":"","df_regular_price":30,"df_image_link":"https:\/\/koningdrone.be\/wp-content\/uploads\/sites\/13\/2025\/04\/T-Motor-V2808-Motor-1-300x300.jpg","_links":{"self":[{"href":"https:\/\/koningdrone.be\/es\/wp-json\/wp\/v2\/product\/3649","targetHints":{"allow":["GET"]}}],"collection":[{"href":"https:\/\/koningdrone.be\/es\/wp-json\/wp\/v2\/product"}],"about":[{"href":"https:\/\/koningdrone.be\/es\/wp-json\/wp\/v2\/types\/product"}],"wp:featuredmedia":[{"embeddable":true,"href":"https:\/\/koningdrone.be\/es\/wp-json\/wp\/v2\/media\/3645"}],"wp:attachment":[{"href":"https:\/\/koningdrone.be\/es\/wp-json\/wp\/v2\/media?parent=3649"}],"wp:term":[{"taxonomy":"product_brand","embeddable":true,"href":"https:\/\/koningdrone.be\/es\/wp-json\/wp\/v2\/product_brand?post=3649"},{"taxonomy":"product_cat","embeddable":true,"href":"https:\/\/koningdrone.be\/es\/wp-json\/wp\/v2\/product_cat?post=3649"},{"taxonomy":"product_tag","embeddable":true,"href":"https:\/\/koningdrone.be\/es\/wp-json\/wp\/v2\/product_tag?post=3649"}],"curies":[{"name":"wp","href":"https:\/\/api.w.org\/{rel}","templated":true}]}}