{"id":3592,"date":"2024-04-22T16:16:04","date_gmt":"2024-04-22T14:16:04","guid":{"rendered":"https:\/\/koningdrone.nl\/kon\/product\/dji-matrice-3d\/"},"modified":"2026-04-29T04:30:02","modified_gmt":"2026-04-29T02:30:02","slug":"dji-matrice-3d","status":"publish","type":"product","link":"https:\/\/koningdrone.be\/es\/producto\/dji-matrice-3d\/","title":{"rendered":"DJI Matrice 3D"},"content":{"rendered":"<p><strong>Descubre la DJI Matrice 3D: Perfecci\u00f3n dise\u00f1ada para DJI Dock 2<\/strong><br \/>\n<br \/>\nDise\u00f1ado exclusivamente para su uso con el DJI Dock 2, el DJI Matrice 3D es un dron innovador que establece nuevos est\u00e1ndares en la tecnolog\u00eda de drones. Equipado con dos c\u00e1maras avanzadas -una teleobjetivo y una gran angular con obturador mec\u00e1nico-, este dron ofrece un rendimiento excepcional para cartograf\u00eda de precisi\u00f3n.<\/p>\n<p><strong>Especificaciones de la c\u00e1mara:<\/strong><\/p>\n<ul>\n<li><strong>C\u00e1mara gran angular<\/strong>: Equipada con un sensor CMOS 4\/3 de 20 MP y una distancia focal equivalente a 24 mm, captura im\u00e1genes detalladas y amplias, esenciales para un trabajo cartogr\u00e1fico preciso.<\/li>\n<li><strong>Telec\u00e1mara<\/strong>: Con un sensor CMOS de 12 MP 1\/2\u2033 y una distancia focal equivalente a 162 mm, ofrece una precisi\u00f3n notable, ideal para inspecciones a\u00e9reas detalladas.<\/li>\n<\/ul>\n<p>La combinaci\u00f3n de estas c\u00e1maras hace que el Matrice 3D sea ideal para tareas cartogr\u00e1ficas de alta precisi\u00f3n, proporcionando a los usuarios datos de gran exactitud.<\/p>\n<p><strong>Rendimiento robusto y fiable:<\/strong><\/p>\n<ul>\n<li><strong>Resistencia al agua y al polvo<\/strong>: La certificaci\u00f3n IP54 garantiza que el dron funcione de forma fiable en diversas condiciones, desde entornos de trabajo polvorientos hasta condiciones meteorol\u00f3gicas h\u00famedas.<\/li>\n<li><strong>Tiempo m\u00e1ximo de vuelo<\/strong>: Con una autonom\u00eda de vuelo de hasta 50 minutos por carga, el Matrice 3D ofrece operaciones a\u00e9reas prolongadas sin necesidad de recargas frecuentes.<\/li>\n<li><strong>Detecci\u00f3n de obst\u00e1culos<\/strong>: Seis direcciones de detecci\u00f3n de obst\u00e1culos garantizan una seguridad y eficacia \u00f3ptimas en vuelo.<\/li>\n<li><strong>Alcance m\u00e1ximo<\/strong>El alcance operativo de hasta 10 km proporciona una cobertura de \u00e1rea ampliada, ideal para operaciones a gran escala.<\/li>\n<\/ul>\n<p><strong>Navegaci\u00f3n precisa:<\/strong><\/p>\n<ul>\n<li><strong>M\u00f3dulo RTK integrado<\/strong>: Con una precisi\u00f3n de posicionamiento de \u00b13 cm, el Matrice 3D es perfecto para misiones que exigen una gran precisi\u00f3n.<\/li>\n<\/ul>","protected":false},"excerpt":{"rendered":"<ul>\n<li><strong>Compatible con DJI Dock 2<\/strong><\/li>\n<li><strong>RTK (cinem\u00e1tica en tiempo real) integrado<\/strong><\/li>\n<li><strong>Certificado IP54<\/strong><\/li>\n<li><strong>50 minutos de vuelo<\/strong><\/li>\n<li><strong>Sistema de detecci\u00f3n de obst\u00e1culos<\/strong><\/li>\n<li><strong>Radio de acci\u00f3n de 10 km<\/strong><\/li>\n<li><strong>Persiana mec\u00e1nica<\/strong><\/li>\n<li><strong>C\u00e1mara gran angular de 20 MP<\/strong><\/li>\n<li><strong>Telec\u00e1mara de 12 MP<\/strong><\/li>\n<\/ul>","protected":false},"featured_media":3589,"template":"","meta":{"_acf_changed":false},"product_brand":[],"product_cat":[135,97,161,99,100,101],"product_tag":[],"class_list":{"0":"post-3592","1":"product","2":"type-product","3":"status-publish","4":"has-post-thumbnail","6":"product_cat-alle-drones","7":"product_cat-alle-producten","8":"product_cat-dji-matrice-3","9":"product_cat-drones-met-certificaat","10":"product_cat-enterprise-drones","11":"product_cat-professionele-dji-drone","12":"product_shipping_class-dronelandall","13":"pa_brand-dji","14":"pa_dronegrade-enterprise","15":"pa_productfamily-drone","16":"pa_producttype-drone","17":"pa_series-matrice-3d","19":"first","20":"instock","21":"taxable","22":"shipping-taxable","23":"purchasable","24":"product-type-simple"},"acf":[],"yoast_head":"<!-- This site is optimized with the Yoast SEO Premium plugin v27.2 (Yoast SEO v27.2) - https:\/\/yoast.com\/product\/yoast-seo-premium-wordpress\/ -->\n<title>DJI Matrice 3D - koningdrone.be<\/title>\n<meta name=\"robots\" content=\"index, follow, max-snippet:-1, max-image-preview:large, max-video-preview:-1\" \/>\n<link rel=\"canonical\" href=\"https:\/\/koningdrone.be\/es\/producto\/dji-matrice-3d\/\" \/>\n<meta property=\"og:locale\" content=\"es_ES\" \/>\n<meta property=\"og:type\" content=\"article\" \/>\n<meta property=\"og:title\" content=\"DJI Matrice 3D\" \/>\n<meta property=\"og:description\" content=\"Compatibel met DJI Dock 2  Ingebouwde RTK (Real-Time Kinematic)  IP54 Gecertificeerd  50 Minuten Vliegtijd  Obstacle Sensing System  10km Operatie Radius  Mechanische Sluiter  20MP Groothoekcamera  12MP Telecamera\" \/>\n<meta property=\"og:url\" content=\"https:\/\/koningdrone.be\/es\/producto\/dji-matrice-3d\/\" \/>\n<meta property=\"og:site_name\" content=\"koningdrone.be\" \/>\n<meta property=\"article:modified_time\" content=\"2026-04-29T02:30:02+00:00\" \/>\n<meta property=\"og:image\" content=\"https:\/\/koningdrone.be\/wp-content\/uploads\/sites\/13\/2025\/04\/DJI-Matrice-3D-1.webp\" \/>\n\t<meta property=\"og:image:width\" content=\"1000\" \/>\n\t<meta property=\"og:image:height\" content=\"720\" \/>\n\t<meta property=\"og:image:type\" content=\"image\/webp\" \/>\n<meta name=\"twitter:card\" content=\"summary_large_image\" \/>\n<meta name=\"twitter:label1\" content=\"Tiempo de lectura\" \/>\n\t<meta name=\"twitter:data1\" content=\"1 minuto\" \/>\n<script type=\"application\/ld+json\" class=\"yoast-schema-graph\">{\"@context\":\"https:\/\/schema.org\",\"@graph\":[{\"@type\":\"WebPage\",\"@id\":\"https:\/\/koningdrone.be\/product\/dji-matrice-3d\/\",\"url\":\"https:\/\/koningdrone.be\/product\/dji-matrice-3d\/\",\"name\":\"DJI Matrice 3D - koningdrone.be\",\"isPartOf\":{\"@id\":\"https:\/\/koningdrone.be\/#website\"},\"primaryImageOfPage\":{\"@id\":\"https:\/\/koningdrone.be\/product\/dji-matrice-3d\/#primaryimage\"},\"image\":{\"@id\":\"https:\/\/koningdrone.be\/product\/dji-matrice-3d\/#primaryimage\"},\"thumbnailUrl\":\"https:\/\/koningdrone.be\/wp-content\/uploads\/sites\/13\/2025\/04\/DJI-Matrice-3D-1.webp\",\"datePublished\":\"2024-04-22T14:16:04+00:00\",\"dateModified\":\"2026-04-29T02:30:02+00:00\",\"breadcrumb\":{\"@id\":\"https:\/\/koningdrone.be\/product\/dji-matrice-3d\/#breadcrumb\"},\"inLanguage\":\"es\",\"potentialAction\":[{\"@type\":\"ReadAction\",\"target\":[\"https:\/\/koningdrone.be\/product\/dji-matrice-3d\/\"]}]},{\"@type\":\"ImageObject\",\"inLanguage\":\"es\",\"@id\":\"https:\/\/koningdrone.be\/product\/dji-matrice-3d\/#primaryimage\",\"url\":\"https:\/\/koningdrone.be\/wp-content\/uploads\/sites\/13\/2025\/04\/DJI-Matrice-3D-1.webp\",\"contentUrl\":\"https:\/\/koningdrone.be\/wp-content\/uploads\/sites\/13\/2025\/04\/DJI-Matrice-3D-1.webp\",\"width\":1000,\"height\":720},{\"@type\":\"BreadcrumbList\",\"@id\":\"https:\/\/koningdrone.be\/product\/dji-matrice-3d\/#breadcrumb\",\"itemListElement\":[{\"@type\":\"ListItem\",\"position\":1,\"name\":\"Home\",\"item\":\"https:\/\/koningdrone.be\/\"},{\"@type\":\"ListItem\",\"position\":2,\"name\":\"AVSS Parachute Recovery System for DJI Matrice 300\/350\",\"item\":\"https:\/\/koningdrone.be\/product\/avss-parachute-recovery-system-for-dji-matrice-300-350\/\"},{\"@type\":\"ListItem\",\"position\":3,\"name\":\"Alle drones\",\"item\":\"https:\/\/koningdrone.be\/categorie\/alle-drones\/\"},{\"@type\":\"ListItem\",\"position\":4,\"name\":\"DJI Matrice 3D\"}]},{\"@type\":\"WebSite\",\"@id\":\"https:\/\/koningdrone.be\/#website\",\"url\":\"https:\/\/koningdrone.be\/\",\"name\":\"Koningdrone.be - Uw online specialist in drones, gimbals, camera's en power stations.\",\"description\":\"De webshop in drones en gimbals\",\"publisher\":{\"@id\":\"https:\/\/koningdrone.be\/#organization\"},\"potentialAction\":[{\"@type\":\"SearchAction\",\"target\":{\"@type\":\"EntryPoint\",\"urlTemplate\":\"https:\/\/koningdrone.be\/?s={search_term_string}\"},\"query-input\":{\"@type\":\"PropertyValueSpecification\",\"valueRequired\":true,\"valueName\":\"search_term_string\"}}],\"inLanguage\":\"es\"},{\"@type\":\"Organization\",\"@id\":\"https:\/\/koningdrone.be\/#organization\",\"name\":\"Koningdrone.be\",\"url\":\"https:\/\/koningdrone.be\/\",\"logo\":{\"@type\":\"ImageObject\",\"inLanguage\":\"es\",\"@id\":\"https:\/\/koningdrone.be\/#\/schema\/logo\/image\/\",\"url\":\"https:\/\/koningdrone.be\/wp-content\/uploads\/sites\/13\/2025\/04\/koningdrone-copyright-logo.svg\",\"contentUrl\":\"https:\/\/koningdrone.be\/wp-content\/uploads\/sites\/13\/2025\/04\/koningdrone-copyright-logo.svg\",\"width\":227,\"height\":38,\"caption\":\"Koningdrone.be\"},\"image\":{\"@id\":\"https:\/\/koningdrone.be\/#\/schema\/logo\/image\/\"}}]}<\/script>\n<!-- \/ Yoast SEO Premium plugin. -->","yoast_head_json":{"title":"DJI Matrice 3D - koningdrone.be","robots":{"index":"index","follow":"follow","max-snippet":"max-snippet:-1","max-image-preview":"max-image-preview:large","max-video-preview":"max-video-preview:-1"},"canonical":"https:\/\/koningdrone.be\/es\/producto\/dji-matrice-3d\/","og_locale":"es_ES","og_type":"article","og_title":"DJI Matrice 3D","og_description":"Compatibel met DJI Dock 2  Ingebouwde RTK (Real-Time Kinematic)  IP54 Gecertificeerd  50 Minuten Vliegtijd  Obstacle Sensing System  10km Operatie Radius  Mechanische Sluiter  20MP Groothoekcamera  12MP Telecamera","og_url":"https:\/\/koningdrone.be\/es\/producto\/dji-matrice-3d\/","og_site_name":"koningdrone.be","article_modified_time":"2026-04-29T02:30:02+00:00","og_image":[{"width":1000,"height":720,"url":"https:\/\/koningdrone.be\/wp-content\/uploads\/sites\/13\/2025\/04\/DJI-Matrice-3D-1.webp","type":"image\/webp"}],"twitter_card":"summary_large_image","twitter_misc":{"Tiempo de lectura":"1 minuto"},"schema":{"@context":"https:\/\/schema.org","@graph":[{"@type":"WebPage","@id":"https:\/\/koningdrone.be\/product\/dji-matrice-3d\/","url":"https:\/\/koningdrone.be\/product\/dji-matrice-3d\/","name":"DJI Matrice 3D - koningdrone.be","isPartOf":{"@id":"https:\/\/koningdrone.be\/#website"},"primaryImageOfPage":{"@id":"https:\/\/koningdrone.be\/product\/dji-matrice-3d\/#primaryimage"},"image":{"@id":"https:\/\/koningdrone.be\/product\/dji-matrice-3d\/#primaryimage"},"thumbnailUrl":"https:\/\/koningdrone.be\/wp-content\/uploads\/sites\/13\/2025\/04\/DJI-Matrice-3D-1.webp","datePublished":"2024-04-22T14:16:04+00:00","dateModified":"2026-04-29T02:30:02+00:00","breadcrumb":{"@id":"https:\/\/koningdrone.be\/product\/dji-matrice-3d\/#breadcrumb"},"inLanguage":"es","potentialAction":[{"@type":"ReadAction","target":["https:\/\/koningdrone.be\/product\/dji-matrice-3d\/"]}]},{"@type":"ImageObject","inLanguage":"es","@id":"https:\/\/koningdrone.be\/product\/dji-matrice-3d\/#primaryimage","url":"https:\/\/koningdrone.be\/wp-content\/uploads\/sites\/13\/2025\/04\/DJI-Matrice-3D-1.webp","contentUrl":"https:\/\/koningdrone.be\/wp-content\/uploads\/sites\/13\/2025\/04\/DJI-Matrice-3D-1.webp","width":1000,"height":720},{"@type":"BreadcrumbList","@id":"https:\/\/koningdrone.be\/product\/dji-matrice-3d\/#breadcrumb","itemListElement":[{"@type":"ListItem","position":1,"name":"Home","item":"https:\/\/koningdrone.be\/"},{"@type":"ListItem","position":2,"name":"AVSS Parachute Recovery System for DJI Matrice 300\/350","item":"https:\/\/koningdrone.be\/product\/avss-parachute-recovery-system-for-dji-matrice-300-350\/"},{"@type":"ListItem","position":3,"name":"Alle drones","item":"https:\/\/koningdrone.be\/categorie\/alle-drones\/"},{"@type":"ListItem","position":4,"name":"DJI Matrice 3D"}]},{"@type":"WebSite","@id":"https:\/\/koningdrone.be\/#website","url":"https:\/\/koningdrone.be\/","name":"Koningdrone.be - Su especialista en l\u00ednea en drones, cardanes, c\u00e1maras y centrales el\u00e9ctricas.","description":"La tienda virtual de drones y cardanes","publisher":{"@id":"https:\/\/koningdrone.be\/#organization"},"potentialAction":[{"@type":"SearchAction","target":{"@type":"EntryPoint","urlTemplate":"https:\/\/koningdrone.be\/?s={search_term_string}"},"query-input":{"@type":"PropertyValueSpecification","valueRequired":true,"valueName":"search_term_string"}}],"inLanguage":"es"},{"@type":"Organization","@id":"https:\/\/koningdrone.be\/#organization","name":"Kingdrone.es","url":"https:\/\/koningdrone.be\/","logo":{"@type":"ImageObject","inLanguage":"es","@id":"https:\/\/koningdrone.be\/#\/schema\/logo\/image\/","url":"https:\/\/koningdrone.be\/wp-content\/uploads\/sites\/13\/2025\/04\/koningdrone-copyright-logo.svg","contentUrl":"https:\/\/koningdrone.be\/wp-content\/uploads\/sites\/13\/2025\/04\/koningdrone-copyright-logo.svg","width":227,"height":38,"caption":"Koningdrone.be"},"image":{"@id":"https:\/\/koningdrone.be\/#\/schema\/logo\/image\/"}}]}},"df_price":4090,"df_sale_price":"","df_regular_price":4090,"df_image_link":"https:\/\/koningdrone.be\/wp-content\/uploads\/sites\/13\/2025\/04\/DJI-Matrice-3D-1-300x216.webp","_links":{"self":[{"href":"https:\/\/koningdrone.be\/es\/wp-json\/wp\/v2\/product\/3592","targetHints":{"allow":["GET"]}}],"collection":[{"href":"https:\/\/koningdrone.be\/es\/wp-json\/wp\/v2\/product"}],"about":[{"href":"https:\/\/koningdrone.be\/es\/wp-json\/wp\/v2\/types\/product"}],"wp:featuredmedia":[{"embeddable":true,"href":"https:\/\/koningdrone.be\/es\/wp-json\/wp\/v2\/media\/3589"}],"wp:attachment":[{"href":"https:\/\/koningdrone.be\/es\/wp-json\/wp\/v2\/media?parent=3592"}],"wp:term":[{"taxonomy":"product_brand","embeddable":true,"href":"https:\/\/koningdrone.be\/es\/wp-json\/wp\/v2\/product_brand?post=3592"},{"taxonomy":"product_cat","embeddable":true,"href":"https:\/\/koningdrone.be\/es\/wp-json\/wp\/v2\/product_cat?post=3592"},{"taxonomy":"product_tag","embeddable":true,"href":"https:\/\/koningdrone.be\/es\/wp-json\/wp\/v2\/product_tag?post=3592"}],"curies":[{"name":"wp","href":"https:\/\/api.w.org\/{rel}","templated":true}]}}