{"id":3552,"date":"2024-07-10T10:41:41","date_gmt":"2024-07-10T08:41:41","guid":{"rendered":"https:\/\/koningdrone.nl\/kon\/product\/dji-rc-plus-inspire-3-refurbished\/"},"modified":"2026-04-20T15:05:23","modified_gmt":"2026-04-20T13:05:23","slug":"dji-rc-plus-inspire-3-refurbished","status":"publish","type":"product","link":"https:\/\/koningdrone.be\/es\/producto\/dji-rc-plus-inspire-3-refurbished\/","title":{"rendered":"DJI RC Plus (Inspire 3) - Reacondicionado"},"content":{"rendered":"<p>El modelo RC Plus (versi\u00f3n Inspire 3) es un mando innovador que destaca por su monitor de 7 pulgadas con un nivel de brillo de 1.200 nits. Esta caracter\u00edstica garantiza que la pantalla permanezca brillante y visible incluso en los entornos exteriores m\u00e1s iluminados. Dise\u00f1ado pensando en la comodidad del usuario, est\u00e1 equipado con una gran variedad de botones y diales estrat\u00e9gicamente situados en la parte delantera, trasera y superior, que permiten un manejo r\u00e1pido y eficaz.<\/p>\n<h4>Adaptaci\u00f3n para una mayor eficacia<\/h4>\n<p>El RC Plus comprende las diversas necesidades y preferencias de sus usuarios y permite personalizar las funciones de los botones. Esta flexibilidad permite a los usuarios adaptar mejor el mando a distancia a sus requisitos operativos espec\u00edficos, lo que mejora la experiencia general del usuario y la eficacia durante el uso.<\/p>\n<h4>Amplias capacidades operativas<\/h4>\n<p>Equipado con una bater\u00eda interna, el RC Plus puede ampliarse con una bater\u00eda externa adicional, lo que prolonga el tiempo de uso continuo hasta seis horas. Esta funci\u00f3n es especialmente \u00fatil para los usuarios que necesitan un uso prolongado sin tener que preocuparse de sustituir la bater\u00eda con regularidad.<\/p>\n<h4>Cambio de pilas sin problemas<\/h4>\n<p>Uno de los aspectos destacables del RC Plus es su compatibilidad con el cambio de bater\u00eda sin interrupciones mientras el dispositivo sigue operativo. Esto garantiza que los usuarios experimenten un tiempo de inactividad m\u00ednimo, manteniendo un uso ininterrumpido. Esta capacidad tiene un valor incalculable para quienes necesitan depender del dispositivo durante largos periodos de tiempo y garantiza que el trabajo se desarrolle sin interrupciones inesperadas.<\/p>\n<h4>Acerca de los productos reacondicionados<\/h4>\n<p><em><strong>Este producto ha sido utilizado, pero est\u00e1 en muy buen estado o como nuevo. Se devolvi\u00f3 en un plazo de 14 d\u00edas y s\u00f3lo se utiliz\u00f3 brevemente. El estado general es casi como nuevo.<\/strong><\/em><\/p>","protected":false},"excerpt":{"rendered":"<ul>\n<li>Monitor de 7 pulgadas y 1200 nits de alto brillo<\/li>\n<li>Excelente experiencia de vigilancia en exteriores<\/li>\n<li>M\u00faltiples botones y mandos giratorios para un manejo r\u00e1pido<\/li>\n<li>Funciones de los botones personalizables<\/li>\n<li>Hasta seis horas de funcionamiento con pilas dobles<\/li>\n<li>Admite el cambio en caliente de la bater\u00eda<\/li>\n<\/ul>","protected":false},"featured_media":3549,"template":"","meta":{"_acf_changed":false},"product_brand":[],"product_cat":[97,139],"product_tag":[],"class_list":{"0":"post-3552","1":"product","2":"type-product","3":"status-publish","4":"has-post-thumbnail","6":"product_cat-alle-producten","7":"product_cat-refurbished","8":"pa_brand-dji","9":"pa_productfamily-afstandsbediening","10":"pa_producttype-afstandsbediening","11":"pa_series-inspire-3","13":"first","14":"instock","15":"sale","16":"taxable","17":"shipping-taxable","18":"purchasable","19":"product-type-simple"},"acf":[],"yoast_head":"<!-- This site is optimized with the Yoast SEO Premium plugin v27.2 (Yoast SEO v27.2) - https:\/\/yoast.com\/product\/yoast-seo-premium-wordpress\/ -->\n<title>DJI RC Plus (Inspire 3) - Refurbished - koningdrone.be<\/title>\n<meta name=\"robots\" content=\"index, follow, max-snippet:-1, max-image-preview:large, max-video-preview:-1\" \/>\n<link rel=\"canonical\" href=\"https:\/\/koningdrone.be\/es\/producto\/dji-rc-plus-inspire-3-refurbished\/\" \/>\n<meta property=\"og:locale\" content=\"es_ES\" \/>\n<meta property=\"og:type\" content=\"article\" \/>\n<meta property=\"og:title\" content=\"DJI RC Plus (Inspire 3) - Refurbished\" \/>\n<meta property=\"og:description\" content=\"7-inch 1200-nit monitor met hoge helderheid  Buitengewone outdoor monitoring-ervaring  Meerdere knoppen en draaiknoppen voor snelle bediening  Aanpasbare knopfuncties  Tot zes uur gebruiksduur met dubbele batterijen  Ondersteunt hot-swapping van de batterij\" \/>\n<meta property=\"og:url\" content=\"https:\/\/koningdrone.be\/es\/producto\/dji-rc-plus-inspire-3-refurbished\/\" \/>\n<meta property=\"og:site_name\" content=\"koningdrone.be\" \/>\n<meta property=\"article:modified_time\" content=\"2026-04-20T13:05:23+00:00\" \/>\n<meta property=\"og:image\" content=\"https:\/\/koningdrone.be\/wp-content\/uploads\/sites\/13\/2025\/04\/b11326014e657f1f39c81e6568c4283f@large.jpg\" \/>\n\t<meta property=\"og:image:width\" content=\"1200\" \/>\n\t<meta property=\"og:image:height\" content=\"800\" \/>\n\t<meta property=\"og:image:type\" content=\"image\/jpeg\" \/>\n<meta name=\"twitter:card\" content=\"summary_large_image\" \/>\n<meta name=\"twitter:label1\" content=\"Tiempo de lectura\" \/>\n\t<meta name=\"twitter:data1\" content=\"2 minutos\" \/>\n<script type=\"application\/ld+json\" class=\"yoast-schema-graph\">{\"@context\":\"https:\/\/schema.org\",\"@graph\":[{\"@type\":\"WebPage\",\"@id\":\"https:\/\/koningdrone.be\/product\/dji-rc-plus-inspire-3-refurbished\/\",\"url\":\"https:\/\/koningdrone.be\/product\/dji-rc-plus-inspire-3-refurbished\/\",\"name\":\"DJI RC Plus (Inspire 3) - Refurbished - koningdrone.be\",\"isPartOf\":{\"@id\":\"https:\/\/koningdrone.be\/#website\"},\"primaryImageOfPage\":{\"@id\":\"https:\/\/koningdrone.be\/product\/dji-rc-plus-inspire-3-refurbished\/#primaryimage\"},\"image\":{\"@id\":\"https:\/\/koningdrone.be\/product\/dji-rc-plus-inspire-3-refurbished\/#primaryimage\"},\"thumbnailUrl\":\"https:\/\/koningdrone.be\/wp-content\/uploads\/sites\/13\/2025\/04\/b11326014e657f1f39c81e6568c4283f@large.jpg\",\"datePublished\":\"2024-07-10T08:41:41+00:00\",\"dateModified\":\"2026-04-20T13:05:23+00:00\",\"breadcrumb\":{\"@id\":\"https:\/\/koningdrone.be\/product\/dji-rc-plus-inspire-3-refurbished\/#breadcrumb\"},\"inLanguage\":\"es\",\"potentialAction\":[{\"@type\":\"ReadAction\",\"target\":[\"https:\/\/koningdrone.be\/product\/dji-rc-plus-inspire-3-refurbished\/\"]}]},{\"@type\":\"ImageObject\",\"inLanguage\":\"es\",\"@id\":\"https:\/\/koningdrone.be\/product\/dji-rc-plus-inspire-3-refurbished\/#primaryimage\",\"url\":\"https:\/\/koningdrone.be\/wp-content\/uploads\/sites\/13\/2025\/04\/b11326014e657f1f39c81e6568c4283f@large.jpg\",\"contentUrl\":\"https:\/\/koningdrone.be\/wp-content\/uploads\/sites\/13\/2025\/04\/b11326014e657f1f39c81e6568c4283f@large.jpg\",\"width\":1200,\"height\":800},{\"@type\":\"BreadcrumbList\",\"@id\":\"https:\/\/koningdrone.be\/product\/dji-rc-plus-inspire-3-refurbished\/#breadcrumb\",\"itemListElement\":[{\"@type\":\"ListItem\",\"position\":1,\"name\":\"Home\",\"item\":\"https:\/\/koningdrone.be\/\"},{\"@type\":\"ListItem\",\"position\":2,\"name\":\"AVSS Parachute Recovery System for DJI Matrice 300\/350\",\"item\":\"https:\/\/koningdrone.be\/product\/avss-parachute-recovery-system-for-dji-matrice-300-350\/\"},{\"@type\":\"ListItem\",\"position\":3,\"name\":\"Alle producten\",\"item\":\"https:\/\/koningdrone.be\/categorie\/alle-producten\/\"},{\"@type\":\"ListItem\",\"position\":4,\"name\":\"DJI RC Plus (Inspire 3) &#8211; Refurbished\"}]},{\"@type\":\"WebSite\",\"@id\":\"https:\/\/koningdrone.be\/#website\",\"url\":\"https:\/\/koningdrone.be\/\",\"name\":\"Koningdrone.be - Uw online specialist in drones, gimbals, camera's en power stations.\",\"description\":\"De webshop in drones en gimbals\",\"publisher\":{\"@id\":\"https:\/\/koningdrone.be\/#organization\"},\"potentialAction\":[{\"@type\":\"SearchAction\",\"target\":{\"@type\":\"EntryPoint\",\"urlTemplate\":\"https:\/\/koningdrone.be\/?s={search_term_string}\"},\"query-input\":{\"@type\":\"PropertyValueSpecification\",\"valueRequired\":true,\"valueName\":\"search_term_string\"}}],\"inLanguage\":\"es\"},{\"@type\":\"Organization\",\"@id\":\"https:\/\/koningdrone.be\/#organization\",\"name\":\"Koningdrone.be\",\"url\":\"https:\/\/koningdrone.be\/\",\"logo\":{\"@type\":\"ImageObject\",\"inLanguage\":\"es\",\"@id\":\"https:\/\/koningdrone.be\/#\/schema\/logo\/image\/\",\"url\":\"https:\/\/koningdrone.be\/wp-content\/uploads\/sites\/13\/2025\/04\/koningdrone-copyright-logo.svg\",\"contentUrl\":\"https:\/\/koningdrone.be\/wp-content\/uploads\/sites\/13\/2025\/04\/koningdrone-copyright-logo.svg\",\"width\":227,\"height\":38,\"caption\":\"Koningdrone.be\"},\"image\":{\"@id\":\"https:\/\/koningdrone.be\/#\/schema\/logo\/image\/\"}}]}<\/script>\n<!-- \/ Yoast SEO Premium plugin. -->","yoast_head_json":{"title":"DJI RC Plus (Inspire 3) - Refurbished - koningdrone.be","robots":{"index":"index","follow":"follow","max-snippet":"max-snippet:-1","max-image-preview":"max-image-preview:large","max-video-preview":"max-video-preview:-1"},"canonical":"https:\/\/koningdrone.be\/es\/producto\/dji-rc-plus-inspire-3-refurbished\/","og_locale":"es_ES","og_type":"article","og_title":"DJI RC Plus (Inspire 3) - Refurbished","og_description":"7-inch 1200-nit monitor met hoge helderheid  Buitengewone outdoor monitoring-ervaring  Meerdere knoppen en draaiknoppen voor snelle bediening  Aanpasbare knopfuncties  Tot zes uur gebruiksduur met dubbele batterijen  Ondersteunt hot-swapping van de batterij","og_url":"https:\/\/koningdrone.be\/es\/producto\/dji-rc-plus-inspire-3-refurbished\/","og_site_name":"koningdrone.be","article_modified_time":"2026-04-20T13:05:23+00:00","og_image":[{"width":1200,"height":800,"url":"https:\/\/koningdrone.be\/wp-content\/uploads\/sites\/13\/2025\/04\/b11326014e657f1f39c81e6568c4283f@large.jpg","type":"image\/jpeg"}],"twitter_card":"summary_large_image","twitter_misc":{"Tiempo de lectura":"2 minutos"},"schema":{"@context":"https:\/\/schema.org","@graph":[{"@type":"WebPage","@id":"https:\/\/koningdrone.be\/product\/dji-rc-plus-inspire-3-refurbished\/","url":"https:\/\/koningdrone.be\/product\/dji-rc-plus-inspire-3-refurbished\/","name":"DJI RC Plus (Inspire 3) - Refurbished - koningdrone.be","isPartOf":{"@id":"https:\/\/koningdrone.be\/#website"},"primaryImageOfPage":{"@id":"https:\/\/koningdrone.be\/product\/dji-rc-plus-inspire-3-refurbished\/#primaryimage"},"image":{"@id":"https:\/\/koningdrone.be\/product\/dji-rc-plus-inspire-3-refurbished\/#primaryimage"},"thumbnailUrl":"https:\/\/koningdrone.be\/wp-content\/uploads\/sites\/13\/2025\/04\/b11326014e657f1f39c81e6568c4283f@large.jpg","datePublished":"2024-07-10T08:41:41+00:00","dateModified":"2026-04-20T13:05:23+00:00","breadcrumb":{"@id":"https:\/\/koningdrone.be\/product\/dji-rc-plus-inspire-3-refurbished\/#breadcrumb"},"inLanguage":"es","potentialAction":[{"@type":"ReadAction","target":["https:\/\/koningdrone.be\/product\/dji-rc-plus-inspire-3-refurbished\/"]}]},{"@type":"ImageObject","inLanguage":"es","@id":"https:\/\/koningdrone.be\/product\/dji-rc-plus-inspire-3-refurbished\/#primaryimage","url":"https:\/\/koningdrone.be\/wp-content\/uploads\/sites\/13\/2025\/04\/b11326014e657f1f39c81e6568c4283f@large.jpg","contentUrl":"https:\/\/koningdrone.be\/wp-content\/uploads\/sites\/13\/2025\/04\/b11326014e657f1f39c81e6568c4283f@large.jpg","width":1200,"height":800},{"@type":"BreadcrumbList","@id":"https:\/\/koningdrone.be\/product\/dji-rc-plus-inspire-3-refurbished\/#breadcrumb","itemListElement":[{"@type":"ListItem","position":1,"name":"Home","item":"https:\/\/koningdrone.be\/"},{"@type":"ListItem","position":2,"name":"AVSS Parachute Recovery System for DJI Matrice 300\/350","item":"https:\/\/koningdrone.be\/product\/avss-parachute-recovery-system-for-dji-matrice-300-350\/"},{"@type":"ListItem","position":3,"name":"Alle producten","item":"https:\/\/koningdrone.be\/categorie\/alle-producten\/"},{"@type":"ListItem","position":4,"name":"DJI RC Plus (Inspire 3) &#8211; Refurbished"}]},{"@type":"WebSite","@id":"https:\/\/koningdrone.be\/#website","url":"https:\/\/koningdrone.be\/","name":"Koningdrone.be - Su especialista en l\u00ednea en drones, cardanes, c\u00e1maras y centrales el\u00e9ctricas.","description":"La tienda virtual de drones y cardanes","publisher":{"@id":"https:\/\/koningdrone.be\/#organization"},"potentialAction":[{"@type":"SearchAction","target":{"@type":"EntryPoint","urlTemplate":"https:\/\/koningdrone.be\/?s={search_term_string}"},"query-input":{"@type":"PropertyValueSpecification","valueRequired":true,"valueName":"search_term_string"}}],"inLanguage":"es"},{"@type":"Organization","@id":"https:\/\/koningdrone.be\/#organization","name":"Kingdrone.es","url":"https:\/\/koningdrone.be\/","logo":{"@type":"ImageObject","inLanguage":"es","@id":"https:\/\/koningdrone.be\/#\/schema\/logo\/image\/","url":"https:\/\/koningdrone.be\/wp-content\/uploads\/sites\/13\/2025\/04\/koningdrone-copyright-logo.svg","contentUrl":"https:\/\/koningdrone.be\/wp-content\/uploads\/sites\/13\/2025\/04\/koningdrone-copyright-logo.svg","width":227,"height":38,"caption":"Koningdrone.be"},"image":{"@id":"https:\/\/koningdrone.be\/#\/schema\/logo\/image\/"}}]}},"df_price":1029,"df_sale_price":1029,"df_regular_price":1299,"df_image_link":"https:\/\/koningdrone.be\/wp-content\/uploads\/sites\/13\/2025\/04\/b11326014e657f1f39c81e6568c4283f@large-300x200.jpg","_links":{"self":[{"href":"https:\/\/koningdrone.be\/es\/wp-json\/wp\/v2\/product\/3552","targetHints":{"allow":["GET"]}}],"collection":[{"href":"https:\/\/koningdrone.be\/es\/wp-json\/wp\/v2\/product"}],"about":[{"href":"https:\/\/koningdrone.be\/es\/wp-json\/wp\/v2\/types\/product"}],"wp:featuredmedia":[{"embeddable":true,"href":"https:\/\/koningdrone.be\/es\/wp-json\/wp\/v2\/media\/3549"}],"wp:attachment":[{"href":"https:\/\/koningdrone.be\/es\/wp-json\/wp\/v2\/media?parent=3552"}],"wp:term":[{"taxonomy":"product_brand","embeddable":true,"href":"https:\/\/koningdrone.be\/es\/wp-json\/wp\/v2\/product_brand?post=3552"},{"taxonomy":"product_cat","embeddable":true,"href":"https:\/\/koningdrone.be\/es\/wp-json\/wp\/v2\/product_cat?post=3552"},{"taxonomy":"product_tag","embeddable":true,"href":"https:\/\/koningdrone.be\/es\/wp-json\/wp\/v2\/product_tag?post=3552"}],"curies":[{"name":"wp","href":"https:\/\/api.w.org\/{rel}","templated":true}]}}