{"id":3541,"date":"2024-07-15T14:42:16","date_gmt":"2024-07-15T12:42:16","guid":{"rendered":"https:\/\/koningdrone.nl\/kon\/product\/dji-flycart-30\/"},"modified":"2026-04-29T16:00:15","modified_gmt":"2026-04-29T14:00:15","slug":"dji-flycart-30","status":"publish","type":"product","link":"https:\/\/koningdrone.be\/es\/producto\/dji-flycart-30\/","title":{"rendered":"DJI FlyCart 30"},"content":{"rendered":"<p><strong>Dise\u00f1ado para la entrega<\/strong><br \/>\nEl DJI FlyCart 30 lleva el reparto a\u00e9reo a un nuevo nivel con un dise\u00f1o potente y vers\u00e1til. El sistema port\u00e1til y plegable ofrece una carga \u00fatil m\u00e1xima de 40 kg y puede volar hasta 16 km con una carga completa, ideal para diversas aplicaciones de entrega.<\/p>\n<p><strong>Lleve su carga<\/strong><br \/>\nEn el modo de carga, FlyCart 30 puede prestar servicio f\u00e1cilmente en lugares de dif\u00edcil acceso. El gran contenedor de carga EPP tiene una capacidad de 70 litros, adecuada para diferentes tipos de carga. En este modo, el dron puede transportar hasta 30 kg con bater\u00edas dobles o 40 kg con una sola bater\u00eda.<\/p>\n<p><strong>Modo cabrestante<\/strong><br \/>\nCon el sistema de cabrestante FlyCart 30, las cargas pueden transportarse con seguridad a trav\u00e9s de un cable de 20 m. Este modo es perfecto para cargas grandes y de forma irregular, como paneles solares o equipos. Maneje el cabrestante manualmente o elija el funcionamiento autom\u00e1tico para una seguridad \u00f3ptima.<\/p>\n<p><strong>Volar con cualquier tiempo<\/strong><br \/>\nFlyCart 30 funciona de forma fiable en todas las condiciones meteorol\u00f3gicas, con protecci\u00f3n IP55. Puede soportar temperaturas de -20\u00b0 a 45\u00b0C y vientos de hasta 12 m\/s.<\/p>\n<p><strong>Alcance a larga distancia<\/strong><br \/>\nEl FlyCart 30 tiene una transmisi\u00f3n de v\u00eddeo de 20 km, alimentada por el protocolo DJI O3. El dron admite una distancia m\u00e1xima de vuelo de 28 km a una velocidad de crucero de 15 m\/s, con modo de operador dual para asumir el control de forma segura durante largas distancias.<\/p>\n<p><strong>Opciones de seguridad avanzadas<\/strong><br \/>\nCon radares phased array delantero y trasero y un sistema de visi\u00f3n binocular dual, FlyCart 30 puede detectar obst\u00e1culos en diferentes direcciones para un vuelo seguro. Entre los sistemas de seguridad adicionales se incluyen IMU duales, bar\u00f3metros y bater\u00edas, y un paraca\u00eddas integrado para aterrizajes de emergencia.<\/p>\n<p><strong>Controlador DJI RC Plus<\/strong><br \/>\nControla el FlyCart 30 con el DJI RC Plus, un controlador con pantalla de 7 pulgadas, 6 horas de autonom\u00eda y protecci\u00f3n IP54. Gracias al Modo Operador Dual, los controles se pueden transferir sin esfuerzo entre controladores.<\/p>","protected":false},"excerpt":{"rendered":"<ul>\n<li>Capacidad de carga m\u00e1xima de 40 kg<\/li>\n<li>Autonom\u00eda de 16 km con una carga completa<\/li>\n<li>Opciones de seguridad avanzadas con detecci\u00f3n de obst\u00e1culos<\/li>\n<li>20 km de transmisi\u00f3n de v\u00eddeo con DJI O3<\/li>\n<li>Modo carga para grandes cargas y modo cabrestante para mayor precisi\u00f3n<\/li>\n<li>Protecci\u00f3n contra todo tipo de clima IP55<\/li>\n<li>Controlador DJI RC Plus f\u00e1cil de usar<\/li>\n<\/ul>","protected":false},"featured_media":3536,"template":"","meta":{"_acf_changed":false},"product_brand":[],"product_cat":[135,97,675,158,159,99,100,101],"product_tag":[],"class_list":{"0":"post-3541","1":"product","2":"type-product","3":"status-publish","4":"has-post-thumbnail","6":"product_cat-alle-drones","7":"product_cat-alle-producten","8":"product_cat-dji-enterprise-drones","9":"product_cat-dji-flycart","10":"product_cat-dji-flycart-30","11":"product_cat-drones-met-certificaat","12":"product_cat-enterprise-drones","13":"product_cat-professionele-dji-drone","14":"product_shipping_class-outofstock","15":"pa_brand-dji","16":"pa_dronegrade-enterprise","17":"pa_productfamily-drone","18":"pa_producttype-drone","19":"pa_series-flycart-30","21":"first","22":"outofstock","23":"taxable","24":"shipping-taxable","25":"purchasable","26":"product-type-simple"},"acf":[],"yoast_head":"<!-- This site is optimized with the Yoast SEO Premium plugin v27.2 (Yoast SEO v27.2) - https:\/\/yoast.com\/product\/yoast-seo-premium-wordpress\/ -->\n<title>DJI FlyCart 30 - koningdrone.be<\/title>\n<meta name=\"robots\" content=\"index, follow, max-snippet:-1, max-image-preview:large, max-video-preview:-1\" \/>\n<link rel=\"canonical\" href=\"https:\/\/koningdrone.be\/es\/producto\/dji-flycart-30\/\" \/>\n<meta property=\"og:locale\" content=\"es_ES\" \/>\n<meta property=\"og:type\" content=\"article\" \/>\n<meta property=\"og:title\" content=\"DJI FlyCart 30\" \/>\n<meta property=\"og:description\" content=\"Maximaal 40 kg laadcapaciteit  Bereik van 16 km met volle lading  Geavanceerde veiligheidsopties met obstakeldetectie  20 km video-overdracht met DJI O3  Cargomodus voor grote ladingen en Liermodus voor precisie  IP55-bescherming voor alle weersomstandigheden  Gebruiksvriendelijke DJI RC Plus-controller\" \/>\n<meta property=\"og:url\" content=\"https:\/\/koningdrone.be\/es\/producto\/dji-flycart-30\/\" \/>\n<meta property=\"og:site_name\" content=\"koningdrone.be\" \/>\n<meta property=\"article:modified_time\" content=\"2026-04-29T14:00:15+00:00\" \/>\n<meta property=\"og:image\" content=\"https:\/\/koningdrone.be\/wp-content\/uploads\/sites\/13\/2025\/04\/DJI-FlyCart-30-1.jpg\" \/>\n\t<meta property=\"og:image:width\" content=\"800\" \/>\n\t<meta property=\"og:image:height\" content=\"600\" \/>\n\t<meta property=\"og:image:type\" content=\"image\/jpeg\" \/>\n<meta name=\"twitter:card\" content=\"summary_large_image\" \/>\n<meta name=\"twitter:label1\" content=\"Tiempo de lectura\" \/>\n\t<meta name=\"twitter:data1\" content=\"1 minuto\" \/>\n<script type=\"application\/ld+json\" class=\"yoast-schema-graph\">{\"@context\":\"https:\/\/schema.org\",\"@graph\":[{\"@type\":\"WebPage\",\"@id\":\"https:\/\/koningdrone.be\/product\/dji-flycart-30\/\",\"url\":\"https:\/\/koningdrone.be\/product\/dji-flycart-30\/\",\"name\":\"DJI FlyCart 30 - koningdrone.be\",\"isPartOf\":{\"@id\":\"https:\/\/koningdrone.be\/#website\"},\"primaryImageOfPage\":{\"@id\":\"https:\/\/koningdrone.be\/product\/dji-flycart-30\/#primaryimage\"},\"image\":{\"@id\":\"https:\/\/koningdrone.be\/product\/dji-flycart-30\/#primaryimage\"},\"thumbnailUrl\":\"https:\/\/koningdrone.be\/wp-content\/uploads\/sites\/13\/2025\/04\/DJI-FlyCart-30-1.jpg\",\"datePublished\":\"2024-07-15T12:42:16+00:00\",\"dateModified\":\"2026-04-29T14:00:15+00:00\",\"breadcrumb\":{\"@id\":\"https:\/\/koningdrone.be\/product\/dji-flycart-30\/#breadcrumb\"},\"inLanguage\":\"es\",\"potentialAction\":[{\"@type\":\"ReadAction\",\"target\":[\"https:\/\/koningdrone.be\/product\/dji-flycart-30\/\"]}]},{\"@type\":\"ImageObject\",\"inLanguage\":\"es\",\"@id\":\"https:\/\/koningdrone.be\/product\/dji-flycart-30\/#primaryimage\",\"url\":\"https:\/\/koningdrone.be\/wp-content\/uploads\/sites\/13\/2025\/04\/DJI-FlyCart-30-1.jpg\",\"contentUrl\":\"https:\/\/koningdrone.be\/wp-content\/uploads\/sites\/13\/2025\/04\/DJI-FlyCart-30-1.jpg\",\"width\":800,\"height\":600},{\"@type\":\"BreadcrumbList\",\"@id\":\"https:\/\/koningdrone.be\/product\/dji-flycart-30\/#breadcrumb\",\"itemListElement\":[{\"@type\":\"ListItem\",\"position\":1,\"name\":\"Home\",\"item\":\"https:\/\/koningdrone.be\/\"},{\"@type\":\"ListItem\",\"position\":2,\"name\":\"AVSS Parachute Recovery System for DJI Matrice 300\/350\",\"item\":\"https:\/\/koningdrone.be\/product\/avss-parachute-recovery-system-for-dji-matrice-300-350\/\"},{\"@type\":\"ListItem\",\"position\":3,\"name\":\"Alle drones\",\"item\":\"https:\/\/koningdrone.be\/categorie\/alle-drones\/\"},{\"@type\":\"ListItem\",\"position\":4,\"name\":\"DJI FlyCart 30\"}]},{\"@type\":\"WebSite\",\"@id\":\"https:\/\/koningdrone.be\/#website\",\"url\":\"https:\/\/koningdrone.be\/\",\"name\":\"Koningdrone.be - Uw online specialist in drones, gimbals, camera's en power stations.\",\"description\":\"De webshop in drones en gimbals\",\"publisher\":{\"@id\":\"https:\/\/koningdrone.be\/#organization\"},\"potentialAction\":[{\"@type\":\"SearchAction\",\"target\":{\"@type\":\"EntryPoint\",\"urlTemplate\":\"https:\/\/koningdrone.be\/?s={search_term_string}\"},\"query-input\":{\"@type\":\"PropertyValueSpecification\",\"valueRequired\":true,\"valueName\":\"search_term_string\"}}],\"inLanguage\":\"es\"},{\"@type\":\"Organization\",\"@id\":\"https:\/\/koningdrone.be\/#organization\",\"name\":\"Koningdrone.be\",\"url\":\"https:\/\/koningdrone.be\/\",\"logo\":{\"@type\":\"ImageObject\",\"inLanguage\":\"es\",\"@id\":\"https:\/\/koningdrone.be\/#\/schema\/logo\/image\/\",\"url\":\"https:\/\/koningdrone.be\/wp-content\/uploads\/sites\/13\/2025\/04\/koningdrone-copyright-logo.svg\",\"contentUrl\":\"https:\/\/koningdrone.be\/wp-content\/uploads\/sites\/13\/2025\/04\/koningdrone-copyright-logo.svg\",\"width\":227,\"height\":38,\"caption\":\"Koningdrone.be\"},\"image\":{\"@id\":\"https:\/\/koningdrone.be\/#\/schema\/logo\/image\/\"}}]}<\/script>\n<!-- \/ Yoast SEO Premium plugin. -->","yoast_head_json":{"title":"DJI FlyCart 30 - koningdrone.be","robots":{"index":"index","follow":"follow","max-snippet":"max-snippet:-1","max-image-preview":"max-image-preview:large","max-video-preview":"max-video-preview:-1"},"canonical":"https:\/\/koningdrone.be\/es\/producto\/dji-flycart-30\/","og_locale":"es_ES","og_type":"article","og_title":"DJI FlyCart 30","og_description":"Maximaal 40 kg laadcapaciteit  Bereik van 16 km met volle lading  Geavanceerde veiligheidsopties met obstakeldetectie  20 km video-overdracht met DJI O3  Cargomodus voor grote ladingen en Liermodus voor precisie  IP55-bescherming voor alle weersomstandigheden  Gebruiksvriendelijke DJI RC Plus-controller","og_url":"https:\/\/koningdrone.be\/es\/producto\/dji-flycart-30\/","og_site_name":"koningdrone.be","article_modified_time":"2026-04-29T14:00:15+00:00","og_image":[{"width":800,"height":600,"url":"https:\/\/koningdrone.be\/wp-content\/uploads\/sites\/13\/2025\/04\/DJI-FlyCart-30-1.jpg","type":"image\/jpeg"}],"twitter_card":"summary_large_image","twitter_misc":{"Tiempo de lectura":"1 minuto"},"schema":{"@context":"https:\/\/schema.org","@graph":[{"@type":"WebPage","@id":"https:\/\/koningdrone.be\/product\/dji-flycart-30\/","url":"https:\/\/koningdrone.be\/product\/dji-flycart-30\/","name":"DJI FlyCart 30 - koningdrone.be","isPartOf":{"@id":"https:\/\/koningdrone.be\/#website"},"primaryImageOfPage":{"@id":"https:\/\/koningdrone.be\/product\/dji-flycart-30\/#primaryimage"},"image":{"@id":"https:\/\/koningdrone.be\/product\/dji-flycart-30\/#primaryimage"},"thumbnailUrl":"https:\/\/koningdrone.be\/wp-content\/uploads\/sites\/13\/2025\/04\/DJI-FlyCart-30-1.jpg","datePublished":"2024-07-15T12:42:16+00:00","dateModified":"2026-04-29T14:00:15+00:00","breadcrumb":{"@id":"https:\/\/koningdrone.be\/product\/dji-flycart-30\/#breadcrumb"},"inLanguage":"es","potentialAction":[{"@type":"ReadAction","target":["https:\/\/koningdrone.be\/product\/dji-flycart-30\/"]}]},{"@type":"ImageObject","inLanguage":"es","@id":"https:\/\/koningdrone.be\/product\/dji-flycart-30\/#primaryimage","url":"https:\/\/koningdrone.be\/wp-content\/uploads\/sites\/13\/2025\/04\/DJI-FlyCart-30-1.jpg","contentUrl":"https:\/\/koningdrone.be\/wp-content\/uploads\/sites\/13\/2025\/04\/DJI-FlyCart-30-1.jpg","width":800,"height":600},{"@type":"BreadcrumbList","@id":"https:\/\/koningdrone.be\/product\/dji-flycart-30\/#breadcrumb","itemListElement":[{"@type":"ListItem","position":1,"name":"Home","item":"https:\/\/koningdrone.be\/"},{"@type":"ListItem","position":2,"name":"AVSS Parachute Recovery System for DJI Matrice 300\/350","item":"https:\/\/koningdrone.be\/product\/avss-parachute-recovery-system-for-dji-matrice-300-350\/"},{"@type":"ListItem","position":3,"name":"Alle drones","item":"https:\/\/koningdrone.be\/categorie\/alle-drones\/"},{"@type":"ListItem","position":4,"name":"DJI FlyCart 30"}]},{"@type":"WebSite","@id":"https:\/\/koningdrone.be\/#website","url":"https:\/\/koningdrone.be\/","name":"Koningdrone.be - Su especialista en l\u00ednea en drones, cardanes, c\u00e1maras y centrales el\u00e9ctricas.","description":"La tienda virtual de drones y cardanes","publisher":{"@id":"https:\/\/koningdrone.be\/#organization"},"potentialAction":[{"@type":"SearchAction","target":{"@type":"EntryPoint","urlTemplate":"https:\/\/koningdrone.be\/?s={search_term_string}"},"query-input":{"@type":"PropertyValueSpecification","valueRequired":true,"valueName":"search_term_string"}}],"inLanguage":"es"},{"@type":"Organization","@id":"https:\/\/koningdrone.be\/#organization","name":"Kingdrone.es","url":"https:\/\/koningdrone.be\/","logo":{"@type":"ImageObject","inLanguage":"es","@id":"https:\/\/koningdrone.be\/#\/schema\/logo\/image\/","url":"https:\/\/koningdrone.be\/wp-content\/uploads\/sites\/13\/2025\/04\/koningdrone-copyright-logo.svg","contentUrl":"https:\/\/koningdrone.be\/wp-content\/uploads\/sites\/13\/2025\/04\/koningdrone-copyright-logo.svg","width":227,"height":38,"caption":"Koningdrone.be"},"image":{"@id":"https:\/\/koningdrone.be\/#\/schema\/logo\/image\/"}}]}},"df_price":19735.1,"df_sale_price":"","df_regular_price":19735.1,"df_image_link":"https:\/\/koningdrone.be\/wp-content\/uploads\/sites\/13\/2025\/04\/DJI-FlyCart-30-1-300x225.jpg","_links":{"self":[{"href":"https:\/\/koningdrone.be\/es\/wp-json\/wp\/v2\/product\/3541","targetHints":{"allow":["GET"]}}],"collection":[{"href":"https:\/\/koningdrone.be\/es\/wp-json\/wp\/v2\/product"}],"about":[{"href":"https:\/\/koningdrone.be\/es\/wp-json\/wp\/v2\/types\/product"}],"wp:featuredmedia":[{"embeddable":true,"href":"https:\/\/koningdrone.be\/es\/wp-json\/wp\/v2\/media\/3536"}],"wp:attachment":[{"href":"https:\/\/koningdrone.be\/es\/wp-json\/wp\/v2\/media?parent=3541"}],"wp:term":[{"taxonomy":"product_brand","embeddable":true,"href":"https:\/\/koningdrone.be\/es\/wp-json\/wp\/v2\/product_brand?post=3541"},{"taxonomy":"product_cat","embeddable":true,"href":"https:\/\/koningdrone.be\/es\/wp-json\/wp\/v2\/product_cat?post=3541"},{"taxonomy":"product_tag","embeddable":true,"href":"https:\/\/koningdrone.be\/es\/wp-json\/wp\/v2\/product_tag?post=3541"}],"curies":[{"name":"wp","href":"https:\/\/api.w.org\/{rel}","templated":true}]}}