{"id":3533,"date":"2024-07-24T17:44:19","date_gmt":"2024-07-24T15:44:19","guid":{"rendered":"https:\/\/koningdrone.nl\/kon\/product\/dji-rc-plus-for-dji-flycart\/"},"modified":"2026-04-29T04:21:08","modified_gmt":"2026-04-29T02:21:08","slug":"dji-rc-plus-for-dji-flycart","status":"publish","type":"product","link":"https:\/\/koningdrone.be\/es\/producto\/dji-rc-plus-for-dji-flycart\/","title":{"rendered":"DJI RC Plus para DJI Flycart"},"content":{"rendered":"<p><strong>Mando a distancia DJI RC Plus para el FlyCart 30<\/strong> es un controlador avanzado que garantiza un control preciso y fiable del DJI FlyCart 30, incluso en condiciones dif\u00edciles. Con una brillante pantalla de 7 pulgadas y un brillo m\u00e1ximo de 1200 cd\/m\u00b2, el DJI RC Plus ofrece una excelente visibilidad incluso a plena luz del sol. Gracias a la capacidad de control dual, los pilotos pueden transferir el control f\u00e1cilmente, ideal para operaciones multipiloto o misiones complejas.<\/p>\n<p><strong>Dise\u00f1o robusto y resistente a la intemperie:<\/strong> Con una clasificaci\u00f3n IP54, el RC Plus es resistente al polvo y al agua, y puede funcionar sin problemas a temperaturas de entre -20\u00b0 y 50\u00b0C. Esta robusta construcci\u00f3n garantiza que el controlador sea adecuado para diversos entornos y condiciones meteorol\u00f3gicas.<\/p>\n<p><strong>Funciones avanzadas con la aplicaci\u00f3n DJI Pilot 2 y el sistema O3:<\/strong> La aplicaci\u00f3n DJI Pilot 2 ofrece funciones como visualizaci\u00f3n del terreno en tiempo real, asistencia de proyecci\u00f3n AR y capacidades de estabilizaci\u00f3n del dron. Con el sistema O3 integrado, el piloto disfruta de mayor conectividad y estabilidad. Alimentado por una bater\u00eda WB37, el RC Plus cuenta con una bater\u00eda integrada que permite el cambio en caliente durante el vuelo.<\/p>\n<p><strong>Amplias opciones de conectividad:<\/strong> Para una mayor flexibilidad de uso, la DJI RC Plus incorpora conectores para Micro SD, USB, HDMI y USB-C, lo que simplifica el uso de accesorios y opciones de almacenamiento adicionales.<\/p>","protected":false},"excerpt":{"rendered":"<ul>\n<li>Pantalla de 7 pulgadas con brillo de 1200 cd\/m\u00b2 para una visibilidad \u00f3ptima<\/li>\n<li>Resistente al agua y al polvo (IP54) para su uso en entornos dif\u00edciles<\/li>\n<li>Opci\u00f3n de doble mando para facilitar la transferencia del control<\/li>\n<li>Aplicaci\u00f3n DJI Pilot 2 con proyecci\u00f3n AR y funciones de estabilizaci\u00f3n<\/li>\n<li>Admite bater\u00eda WB37 e intercambio en caliente en vuelo<\/li>\n<li>Conexiones para Micro SD, USB, HDMI y USB-C<\/li>\n<\/ul>","protected":false},"featured_media":3531,"template":"","meta":{"_acf_changed":false},"product_brand":[],"product_cat":[122,97,158,159],"product_tag":[],"class_list":{"0":"post-3533","1":"product","2":"type-product","3":"status-publish","4":"has-post-thumbnail","6":"product_cat-alle-afstandsbedieningen","7":"product_cat-alle-producten","8":"product_cat-dji-flycart","9":"product_cat-dji-flycart-30","10":"product_shipping_class-dronelandall","11":"pa_brand-dji","12":"pa_productfamily-afstandsbediening","13":"pa_producttype-afstandsbediening","14":"pa_series-flycart","16":"first","17":"instock","18":"taxable","19":"shipping-taxable","20":"purchasable","21":"product-type-simple"},"acf":[],"yoast_head":"<!-- This site is optimized with the Yoast SEO Premium plugin v27.2 (Yoast SEO v27.2) - https:\/\/yoast.com\/product\/yoast-seo-premium-wordpress\/ -->\n<title>DJI RC Plus for DJI Flycart - koningdrone.be<\/title>\n<meta name=\"robots\" content=\"index, follow, max-snippet:-1, max-image-preview:large, max-video-preview:-1\" \/>\n<link rel=\"canonical\" href=\"https:\/\/koningdrone.be\/es\/producto\/dji-rc-plus-for-dji-flycart\/\" \/>\n<meta property=\"og:locale\" content=\"es_ES\" \/>\n<meta property=\"og:type\" content=\"article\" \/>\n<meta property=\"og:title\" content=\"DJI RC Plus for DJI Flycart\" \/>\n<meta property=\"og:description\" content=\"7-inch scherm met een helderheid van 1200 cd\/m\u00b2 voor optimale zichtbaarheid  Water- en stofdicht (IP54) voor gebruik onder zware omstandigheden  Dual control-optie om eenvoudig de besturing over te dragen  DJI Pilot 2 app met AR-projectie en stabilisatiefuncties  Ondersteunt WB37 batterij en hot-swapping tijdens de vlucht  Aansluitingen voor Micro SD, USB, HDMI en USB-C\" \/>\n<meta property=\"og:url\" content=\"https:\/\/koningdrone.be\/es\/producto\/dji-rc-plus-for-dji-flycart\/\" \/>\n<meta property=\"og:site_name\" content=\"koningdrone.be\" \/>\n<meta property=\"article:modified_time\" content=\"2026-04-29T02:21:08+00:00\" \/>\n<meta property=\"og:image\" content=\"https:\/\/koningdrone.be\/wp-content\/uploads\/sites\/13\/2025\/04\/DJI-RC-Plus-for-DJI-Flycart.webp\" \/>\n\t<meta property=\"og:image:width\" content=\"720\" \/>\n\t<meta property=\"og:image:height\" content=\"720\" \/>\n\t<meta property=\"og:image:type\" content=\"image\/webp\" \/>\n<meta name=\"twitter:card\" content=\"summary_large_image\" \/>\n<meta name=\"twitter:label1\" content=\"Tiempo de lectura\" \/>\n\t<meta name=\"twitter:data1\" content=\"1 minuto\" \/>\n<script type=\"application\/ld+json\" class=\"yoast-schema-graph\">{\"@context\":\"https:\/\/schema.org\",\"@graph\":[{\"@type\":\"WebPage\",\"@id\":\"https:\/\/koningdrone.be\/product\/dji-rc-plus-for-dji-flycart\/\",\"url\":\"https:\/\/koningdrone.be\/product\/dji-rc-plus-for-dji-flycart\/\",\"name\":\"DJI RC Plus for DJI Flycart - koningdrone.be\",\"isPartOf\":{\"@id\":\"https:\/\/koningdrone.be\/#website\"},\"primaryImageOfPage\":{\"@id\":\"https:\/\/koningdrone.be\/product\/dji-rc-plus-for-dji-flycart\/#primaryimage\"},\"image\":{\"@id\":\"https:\/\/koningdrone.be\/product\/dji-rc-plus-for-dji-flycart\/#primaryimage\"},\"thumbnailUrl\":\"https:\/\/koningdrone.be\/wp-content\/uploads\/sites\/13\/2025\/04\/DJI-RC-Plus-for-DJI-Flycart.webp\",\"datePublished\":\"2024-07-24T15:44:19+00:00\",\"dateModified\":\"2026-04-29T02:21:08+00:00\",\"breadcrumb\":{\"@id\":\"https:\/\/koningdrone.be\/product\/dji-rc-plus-for-dji-flycart\/#breadcrumb\"},\"inLanguage\":\"es\",\"potentialAction\":[{\"@type\":\"ReadAction\",\"target\":[\"https:\/\/koningdrone.be\/product\/dji-rc-plus-for-dji-flycart\/\"]}]},{\"@type\":\"ImageObject\",\"inLanguage\":\"es\",\"@id\":\"https:\/\/koningdrone.be\/product\/dji-rc-plus-for-dji-flycart\/#primaryimage\",\"url\":\"https:\/\/koningdrone.be\/wp-content\/uploads\/sites\/13\/2025\/04\/DJI-RC-Plus-for-DJI-Flycart.webp\",\"contentUrl\":\"https:\/\/koningdrone.be\/wp-content\/uploads\/sites\/13\/2025\/04\/DJI-RC-Plus-for-DJI-Flycart.webp\",\"width\":720,\"height\":720},{\"@type\":\"BreadcrumbList\",\"@id\":\"https:\/\/koningdrone.be\/product\/dji-rc-plus-for-dji-flycart\/#breadcrumb\",\"itemListElement\":[{\"@type\":\"ListItem\",\"position\":1,\"name\":\"Home\",\"item\":\"https:\/\/koningdrone.be\/\"},{\"@type\":\"ListItem\",\"position\":2,\"name\":\"AVSS Parachute Recovery System for DJI Matrice 300\/350\",\"item\":\"https:\/\/koningdrone.be\/product\/avss-parachute-recovery-system-for-dji-matrice-300-350\/\"},{\"@type\":\"ListItem\",\"position\":3,\"name\":\"Alle afstandsbedieningen\",\"item\":\"https:\/\/koningdrone.be\/categorie\/alle-afstandsbedieningen\/\"},{\"@type\":\"ListItem\",\"position\":4,\"name\":\"DJI RC Plus for DJI Flycart\"}]},{\"@type\":\"WebSite\",\"@id\":\"https:\/\/koningdrone.be\/#website\",\"url\":\"https:\/\/koningdrone.be\/\",\"name\":\"Koningdrone.be - Uw online specialist in drones, gimbals, camera's en power stations.\",\"description\":\"De webshop in drones en gimbals\",\"publisher\":{\"@id\":\"https:\/\/koningdrone.be\/#organization\"},\"potentialAction\":[{\"@type\":\"SearchAction\",\"target\":{\"@type\":\"EntryPoint\",\"urlTemplate\":\"https:\/\/koningdrone.be\/?s={search_term_string}\"},\"query-input\":{\"@type\":\"PropertyValueSpecification\",\"valueRequired\":true,\"valueName\":\"search_term_string\"}}],\"inLanguage\":\"es\"},{\"@type\":\"Organization\",\"@id\":\"https:\/\/koningdrone.be\/#organization\",\"name\":\"Koningdrone.be\",\"url\":\"https:\/\/koningdrone.be\/\",\"logo\":{\"@type\":\"ImageObject\",\"inLanguage\":\"es\",\"@id\":\"https:\/\/koningdrone.be\/#\/schema\/logo\/image\/\",\"url\":\"https:\/\/koningdrone.be\/wp-content\/uploads\/sites\/13\/2025\/04\/koningdrone-copyright-logo.svg\",\"contentUrl\":\"https:\/\/koningdrone.be\/wp-content\/uploads\/sites\/13\/2025\/04\/koningdrone-copyright-logo.svg\",\"width\":227,\"height\":38,\"caption\":\"Koningdrone.be\"},\"image\":{\"@id\":\"https:\/\/koningdrone.be\/#\/schema\/logo\/image\/\"}}]}<\/script>\n<!-- \/ Yoast SEO Premium plugin. -->","yoast_head_json":{"title":"DJI RC Plus for DJI Flycart - koningdrone.be","robots":{"index":"index","follow":"follow","max-snippet":"max-snippet:-1","max-image-preview":"max-image-preview:large","max-video-preview":"max-video-preview:-1"},"canonical":"https:\/\/koningdrone.be\/es\/producto\/dji-rc-plus-for-dji-flycart\/","og_locale":"es_ES","og_type":"article","og_title":"DJI RC Plus for DJI Flycart","og_description":"7-inch scherm met een helderheid van 1200 cd\/m\u00b2 voor optimale zichtbaarheid  Water- en stofdicht (IP54) voor gebruik onder zware omstandigheden  Dual control-optie om eenvoudig de besturing over te dragen  DJI Pilot 2 app met AR-projectie en stabilisatiefuncties  Ondersteunt WB37 batterij en hot-swapping tijdens de vlucht  Aansluitingen voor Micro SD, USB, HDMI en USB-C","og_url":"https:\/\/koningdrone.be\/es\/producto\/dji-rc-plus-for-dji-flycart\/","og_site_name":"koningdrone.be","article_modified_time":"2026-04-29T02:21:08+00:00","og_image":[{"width":720,"height":720,"url":"https:\/\/koningdrone.be\/wp-content\/uploads\/sites\/13\/2025\/04\/DJI-RC-Plus-for-DJI-Flycart.webp","type":"image\/webp"}],"twitter_card":"summary_large_image","twitter_misc":{"Tiempo de lectura":"1 minuto"},"schema":{"@context":"https:\/\/schema.org","@graph":[{"@type":"WebPage","@id":"https:\/\/koningdrone.be\/product\/dji-rc-plus-for-dji-flycart\/","url":"https:\/\/koningdrone.be\/product\/dji-rc-plus-for-dji-flycart\/","name":"DJI RC Plus for DJI Flycart - koningdrone.be","isPartOf":{"@id":"https:\/\/koningdrone.be\/#website"},"primaryImageOfPage":{"@id":"https:\/\/koningdrone.be\/product\/dji-rc-plus-for-dji-flycart\/#primaryimage"},"image":{"@id":"https:\/\/koningdrone.be\/product\/dji-rc-plus-for-dji-flycart\/#primaryimage"},"thumbnailUrl":"https:\/\/koningdrone.be\/wp-content\/uploads\/sites\/13\/2025\/04\/DJI-RC-Plus-for-DJI-Flycart.webp","datePublished":"2024-07-24T15:44:19+00:00","dateModified":"2026-04-29T02:21:08+00:00","breadcrumb":{"@id":"https:\/\/koningdrone.be\/product\/dji-rc-plus-for-dji-flycart\/#breadcrumb"},"inLanguage":"es","potentialAction":[{"@type":"ReadAction","target":["https:\/\/koningdrone.be\/product\/dji-rc-plus-for-dji-flycart\/"]}]},{"@type":"ImageObject","inLanguage":"es","@id":"https:\/\/koningdrone.be\/product\/dji-rc-plus-for-dji-flycart\/#primaryimage","url":"https:\/\/koningdrone.be\/wp-content\/uploads\/sites\/13\/2025\/04\/DJI-RC-Plus-for-DJI-Flycart.webp","contentUrl":"https:\/\/koningdrone.be\/wp-content\/uploads\/sites\/13\/2025\/04\/DJI-RC-Plus-for-DJI-Flycart.webp","width":720,"height":720},{"@type":"BreadcrumbList","@id":"https:\/\/koningdrone.be\/product\/dji-rc-plus-for-dji-flycart\/#breadcrumb","itemListElement":[{"@type":"ListItem","position":1,"name":"Home","item":"https:\/\/koningdrone.be\/"},{"@type":"ListItem","position":2,"name":"AVSS Parachute Recovery System for DJI Matrice 300\/350","item":"https:\/\/koningdrone.be\/product\/avss-parachute-recovery-system-for-dji-matrice-300-350\/"},{"@type":"ListItem","position":3,"name":"Alle afstandsbedieningen","item":"https:\/\/koningdrone.be\/categorie\/alle-afstandsbedieningen\/"},{"@type":"ListItem","position":4,"name":"DJI RC Plus for DJI Flycart"}]},{"@type":"WebSite","@id":"https:\/\/koningdrone.be\/#website","url":"https:\/\/koningdrone.be\/","name":"Koningdrone.be - Su especialista en l\u00ednea en drones, cardanes, c\u00e1maras y centrales el\u00e9ctricas.","description":"La tienda virtual de drones y cardanes","publisher":{"@id":"https:\/\/koningdrone.be\/#organization"},"potentialAction":[{"@type":"SearchAction","target":{"@type":"EntryPoint","urlTemplate":"https:\/\/koningdrone.be\/?s={search_term_string}"},"query-input":{"@type":"PropertyValueSpecification","valueRequired":true,"valueName":"search_term_string"}}],"inLanguage":"es"},{"@type":"Organization","@id":"https:\/\/koningdrone.be\/#organization","name":"Kingdrone.es","url":"https:\/\/koningdrone.be\/","logo":{"@type":"ImageObject","inLanguage":"es","@id":"https:\/\/koningdrone.be\/#\/schema\/logo\/image\/","url":"https:\/\/koningdrone.be\/wp-content\/uploads\/sites\/13\/2025\/04\/koningdrone-copyright-logo.svg","contentUrl":"https:\/\/koningdrone.be\/wp-content\/uploads\/sites\/13\/2025\/04\/koningdrone-copyright-logo.svg","width":227,"height":38,"caption":"Koningdrone.be"},"image":{"@id":"https:\/\/koningdrone.be\/#\/schema\/logo\/image\/"}}]}},"df_price":1525,"df_sale_price":"","df_regular_price":1525,"df_image_link":"https:\/\/koningdrone.be\/wp-content\/uploads\/sites\/13\/2025\/04\/DJI-RC-Plus-for-DJI-Flycart-300x300.webp","_links":{"self":[{"href":"https:\/\/koningdrone.be\/es\/wp-json\/wp\/v2\/product\/3533","targetHints":{"allow":["GET"]}}],"collection":[{"href":"https:\/\/koningdrone.be\/es\/wp-json\/wp\/v2\/product"}],"about":[{"href":"https:\/\/koningdrone.be\/es\/wp-json\/wp\/v2\/types\/product"}],"wp:featuredmedia":[{"embeddable":true,"href":"https:\/\/koningdrone.be\/es\/wp-json\/wp\/v2\/media\/3531"}],"wp:attachment":[{"href":"https:\/\/koningdrone.be\/es\/wp-json\/wp\/v2\/media?parent=3533"}],"wp:term":[{"taxonomy":"product_brand","embeddable":true,"href":"https:\/\/koningdrone.be\/es\/wp-json\/wp\/v2\/product_brand?post=3533"},{"taxonomy":"product_cat","embeddable":true,"href":"https:\/\/koningdrone.be\/es\/wp-json\/wp\/v2\/product_cat?post=3533"},{"taxonomy":"product_tag","embeddable":true,"href":"https:\/\/koningdrone.be\/es\/wp-json\/wp\/v2\/product_tag?post=3533"}],"curies":[{"name":"wp","href":"https:\/\/api.w.org\/{rel}","templated":true}]}}