{"id":3530,"date":"2024-07-25T15:55:37","date_gmt":"2024-07-25T15:55:37","guid":{"rendered":"https:\/\/koningdrone.nl\/kon\/product\/dji-mavic-3-battery-bundle-hub\/"},"modified":"2025-04-29T11:51:49","modified_gmt":"2025-04-29T11:51:49","slug":"dji-mavic-3-battery-bundle-hub","status":"publish","type":"product","link":"https:\/\/koningdrone.be\/es\/producto\/dji-mavic-3-battery-bundle-hub\/","title":{"rendered":"DJI Mavic 3 Paquete de bater\u00eda + Hub de carga"},"content":{"rendered":"<p>Optimiza la carga de tus bater\u00edas de la serie DJI Mavic con el concentrador de carga avanzado. Dise\u00f1ado para las bater\u00edas DJI Mavic 3 Pro, Mavic 3 Classic, Mavic 3 Cine, Mavic 3, Mavic 3 Thermal y Mavic 3 Enterprise, este concentrador de carga proporciona una forma r\u00e1pida, eficiente y segura de cargar hasta cuatro bater\u00edas simult\u00e1neamente. Gracias a la clara pantalla LCD, siempre tendr\u00e1 visibilidad en tiempo real del estado de carga, la capacidad de la bater\u00eda y m\u00e1s, proporcionando la m\u00e1xima tranquilidad durante sus vuelos con drones.<\/p>\n<p><strong>Se recomienda utilizar el cargador DJI 65W USB-C u otro cargador compatible con carga r\u00e1pida USB.<\/strong><\/p>","protected":false},"excerpt":{"rendered":"<ul>\n<li><strong>Juego completo para DJI Mavic Series:<\/strong> Incluye cuatro bater\u00edas de 5000 mAh y un hub de carga, compatibles con los drones Mavic 3 Pro, Mavic 3 Classic, Mavic 3 Cine y Mavic 3.<\/li>\n<li><strong>Carga r\u00e1pida y eficiente:<\/strong> Carga hasta cuatro bater\u00edas consecutivas con el concentrador de carga avanzado. Carga completamente una bater\u00eda en solo 75 minutos con el cargador USB-C de 65 W recomendado.<\/li>\n<li><strong>Pantalla LCD avanzada:<\/strong> Supervisa en tiempo real datos como el voltaje, la corriente, la potencia, el tiempo de carga, la capacidad, la temperatura y el progreso de carga de cada bater\u00eda.<\/li>\n<li><strong>Funcionamiento sencillo:<\/strong> Cambia f\u00e1cilmente entre el modo de carga completa y el de almacenamiento, manteniendo tus bater\u00edas siempre en condiciones \u00f3ptimas sin riesgo de da\u00f1os.<\/li>\n<li><strong>Perfecto para Underway:<\/strong> El concentrador de carga compacto y las bater\u00edas caben f\u00e1cilmente en todas las bolsas y mochilas para drones, por lo que estar\u00e1 listo para la acci\u00f3n en cualquier lugar.<\/li>\n<li><strong>Protecci\u00f3n de carga inteligente:<\/strong> El concentrador protege las bater\u00edas con una funci\u00f3n inteligente de corriente de goteo que reduce la temperatura de carga y garantiza una saturaci\u00f3n completa, prolongando la vida \u00fatil de la bater\u00eda.<\/li>\n<\/ul>","protected":false},"featured_media":3528,"template":"","meta":{"_acf_changed":false},"product_brand":[],"product_cat":[113,111,97,673,137,165,138],"product_tag":[],"class_list":{"0":"post-3530","1":"product","2":"type-product","3":"status-publish","4":"has-post-thumbnail","6":"product_cat-alle-batterijen","7":"product_cat-alle-opladers","8":"product_cat-alle-producten","9":"product_cat-batterijen","10":"product_cat-dji-mavic-3","11":"product_cat-dji-mavic-3-enterprise","12":"product_cat-dji-mavic-3-pro","13":"pa_brand-dji","14":"pa_productfamily-batterij","15":"pa_producttype-batterij","16":"pa_series-dji-mavic-3-pro","17":"pa_series-mavic-3","18":"pa_series-mavic-3-enterprise","19":"pa_series-mavic-3-pro","21":"first","22":"outofstock","23":"sale","24":"taxable","25":"shipping-taxable","26":"purchasable","27":"product-type-simple"},"acf":[],"yoast_head":"<!-- This site is optimized with the Yoast SEO Premium plugin v27.2 (Yoast SEO v27.2) - https:\/\/yoast.com\/product\/yoast-seo-premium-wordpress\/ -->\n<title>DJI Mavic 3 Battery Bundle + Oplaadhub - koningdrone.be<\/title>\n<meta name=\"robots\" content=\"index, follow, max-snippet:-1, max-image-preview:large, max-video-preview:-1\" \/>\n<link rel=\"canonical\" href=\"https:\/\/koningdrone.be\/es\/produit\/dji-mavic-3-battery-bundle-hub\/\" \/>\n<meta property=\"og:locale\" content=\"es_ES\" \/>\n<meta property=\"og:type\" content=\"article\" \/>\n<meta property=\"og:title\" content=\"DJI Mavic 3 Battery Bundle + Oplaadhub\" \/>\n<meta property=\"og:description\" content=\"Complete Set voor DJI Mavic Series: Inclusief vier 5000mAh batterijen en een oplaadhub, compatibel met Mavic 3 Pro, Mavic 3 Classic, Mavic 3 Cine en Mavic 3 drones.  Snel en Effici\u00ebnt Opladen: Laad tot vier batterijen achter elkaar op met de geavanceerde oplaadhub. Volledig opladen van \u00e9\u00e9n batterij in slechts 75 minuten met de aanbevolen 65W USB-C oplader.  Geavanceerd LCD-Scherm: Houd real-time gegevens in de gaten, zoals spanning, stroom, vermogen, oplaadtijd, capaciteit, temperatuur en laadvoortgang voor elke batterij.  Gebruiksvriendelijke Bediening: Schakel eenvoudig tussen volledig opladen en opslagmodus, zodat je batterijen altijd in optimale conditie blijven zonder risico op schade.  Perfect voor Onderweg: De compacte oplaadhub en batterijen passen gemakkelijk in alle drone-opbergtassen en rugzakken, zodat je overal klaar bent voor actie.  Slimme Oplaadbeveiliging: De hub beschermt je batterijen met een intelligente trickle current functie die de oplaadtemperatuur verlaagt en zorgt voor volledige saturatie, wat de levensduur van de batterijen verlengt.\" \/>\n<meta property=\"og:url\" content=\"https:\/\/koningdrone.be\/es\/produit\/dji-mavic-3-battery-bundle-hub\/\" \/>\n<meta property=\"og:site_name\" content=\"koningdrone.be\" \/>\n<meta property=\"article:modified_time\" content=\"2025-04-29T11:51:49+00:00\" \/>\n<meta property=\"og:image\" content=\"https:\/\/koningdrone.be\/wp-content\/uploads\/sites\/13\/2025\/04\/m3-hub-3.webp\" \/>\n\t<meta property=\"og:image:width\" content=\"750\" \/>\n\t<meta property=\"og:image:height\" content=\"750\" \/>\n\t<meta property=\"og:image:type\" content=\"image\/webp\" \/>\n<meta name=\"twitter:card\" content=\"summary_large_image\" \/>\n<script type=\"application\/ld+json\" class=\"yoast-schema-graph\">{\"@context\":\"https:\/\/schema.org\",\"@graph\":[{\"@type\":\"WebPage\",\"@id\":\"https:\/\/koningdrone.be\/fr\/produit\/dji-mavic-3-battery-bundle-hub\/\",\"url\":\"https:\/\/koningdrone.be\/fr\/produit\/dji-mavic-3-battery-bundle-hub\/\",\"name\":\"DJI Mavic 3 Battery Bundle + Oplaadhub - koningdrone.be\",\"isPartOf\":{\"@id\":\"https:\/\/koningdrone.be\/#website\"},\"primaryImageOfPage\":{\"@id\":\"https:\/\/koningdrone.be\/fr\/produit\/dji-mavic-3-battery-bundle-hub\/#primaryimage\"},\"image\":{\"@id\":\"https:\/\/koningdrone.be\/fr\/produit\/dji-mavic-3-battery-bundle-hub\/#primaryimage\"},\"thumbnailUrl\":\"https:\/\/koningdrone.be\/wp-content\/uploads\/sites\/13\/2025\/04\/m3-hub-3.webp\",\"datePublished\":\"2024-07-25T15:55:37+00:00\",\"dateModified\":\"2025-04-29T11:51:49+00:00\",\"breadcrumb\":{\"@id\":\"https:\/\/koningdrone.be\/fr\/produit\/dji-mavic-3-battery-bundle-hub\/#breadcrumb\"},\"inLanguage\":\"es\",\"potentialAction\":[{\"@type\":\"ReadAction\",\"target\":[\"https:\/\/koningdrone.be\/fr\/produit\/dji-mavic-3-battery-bundle-hub\/\"]}]},{\"@type\":\"ImageObject\",\"inLanguage\":\"es\",\"@id\":\"https:\/\/koningdrone.be\/fr\/produit\/dji-mavic-3-battery-bundle-hub\/#primaryimage\",\"url\":\"https:\/\/koningdrone.be\/wp-content\/uploads\/sites\/13\/2025\/04\/m3-hub-3.webp\",\"contentUrl\":\"https:\/\/koningdrone.be\/wp-content\/uploads\/sites\/13\/2025\/04\/m3-hub-3.webp\",\"width\":750,\"height\":750},{\"@type\":\"BreadcrumbList\",\"@id\":\"https:\/\/koningdrone.be\/fr\/produit\/dji-mavic-3-battery-bundle-hub\/#breadcrumb\",\"itemListElement\":[{\"@type\":\"ListItem\",\"position\":1,\"name\":\"Home\",\"item\":\"https:\/\/koningdrone.be\/\"},{\"@type\":\"ListItem\",\"position\":2,\"name\":\"AVSS Parachute Recovery System for DJI Matrice 300\/350\",\"item\":\"https:\/\/koningdrone.be\/product\/avss-parachute-recovery-system-for-dji-matrice-300-350\/\"},{\"@type\":\"ListItem\",\"position\":3,\"name\":\"Alle batterijen\",\"item\":\"https:\/\/koningdrone.be\/categorie\/alle-batterijen\/\"},{\"@type\":\"ListItem\",\"position\":4,\"name\":\"DJI Mavic 3 Battery Bundle + Oplaadhub\"}]},{\"@type\":\"WebSite\",\"@id\":\"https:\/\/koningdrone.be\/#website\",\"url\":\"https:\/\/koningdrone.be\/\",\"name\":\"Koningdrone.be - Uw online specialist in drones, gimbals, camera's en power stations.\",\"description\":\"De webshop in drones en gimbals\",\"publisher\":{\"@id\":\"https:\/\/koningdrone.be\/#organization\"},\"potentialAction\":[{\"@type\":\"SearchAction\",\"target\":{\"@type\":\"EntryPoint\",\"urlTemplate\":\"https:\/\/koningdrone.be\/?s={search_term_string}\"},\"query-input\":{\"@type\":\"PropertyValueSpecification\",\"valueRequired\":true,\"valueName\":\"search_term_string\"}}],\"inLanguage\":\"es\"},{\"@type\":\"Organization\",\"@id\":\"https:\/\/koningdrone.be\/#organization\",\"name\":\"Koningdrone.be\",\"url\":\"https:\/\/koningdrone.be\/\",\"logo\":{\"@type\":\"ImageObject\",\"inLanguage\":\"es\",\"@id\":\"https:\/\/koningdrone.be\/#\/schema\/logo\/image\/\",\"url\":\"https:\/\/koningdrone.be\/wp-content\/uploads\/sites\/13\/2025\/04\/koningdrone-copyright-logo.svg\",\"contentUrl\":\"https:\/\/koningdrone.be\/wp-content\/uploads\/sites\/13\/2025\/04\/koningdrone-copyright-logo.svg\",\"width\":227,\"height\":38,\"caption\":\"Koningdrone.be\"},\"image\":{\"@id\":\"https:\/\/koningdrone.be\/#\/schema\/logo\/image\/\"}}]}<\/script>\n<!-- \/ Yoast SEO Premium plugin. -->","yoast_head_json":{"title":"DJI Mavic 3 Battery Bundle + Oplaadhub - koningdrone.be","robots":{"index":"index","follow":"follow","max-snippet":"max-snippet:-1","max-image-preview":"max-image-preview:large","max-video-preview":"max-video-preview:-1"},"canonical":"https:\/\/koningdrone.be\/es\/produit\/dji-mavic-3-battery-bundle-hub\/","og_locale":"es_ES","og_type":"article","og_title":"DJI Mavic 3 Battery Bundle + Oplaadhub","og_description":"Complete Set voor DJI Mavic Series: Inclusief vier 5000mAh batterijen en een oplaadhub, compatibel met Mavic 3 Pro, Mavic 3 Classic, Mavic 3 Cine en Mavic 3 drones.  Snel en Effici\u00ebnt Opladen: Laad tot vier batterijen achter elkaar op met de geavanceerde oplaadhub. Volledig opladen van \u00e9\u00e9n batterij in slechts 75 minuten met de aanbevolen 65W USB-C oplader.  Geavanceerd LCD-Scherm: Houd real-time gegevens in de gaten, zoals spanning, stroom, vermogen, oplaadtijd, capaciteit, temperatuur en laadvoortgang voor elke batterij.  Gebruiksvriendelijke Bediening: Schakel eenvoudig tussen volledig opladen en opslagmodus, zodat je batterijen altijd in optimale conditie blijven zonder risico op schade.  Perfect voor Onderweg: De compacte oplaadhub en batterijen passen gemakkelijk in alle drone-opbergtassen en rugzakken, zodat je overal klaar bent voor actie.  Slimme Oplaadbeveiliging: De hub beschermt je batterijen met een intelligente trickle current functie die de oplaadtemperatuur verlaagt en zorgt voor volledige saturatie, wat de levensduur van de batterijen verlengt.","og_url":"https:\/\/koningdrone.be\/es\/produit\/dji-mavic-3-battery-bundle-hub\/","og_site_name":"koningdrone.be","article_modified_time":"2025-04-29T11:51:49+00:00","og_image":[{"width":750,"height":750,"url":"https:\/\/koningdrone.be\/wp-content\/uploads\/sites\/13\/2025\/04\/m3-hub-3.webp","type":"image\/webp"}],"twitter_card":"summary_large_image","schema":{"@context":"https:\/\/schema.org","@graph":[{"@type":"WebPage","@id":"https:\/\/koningdrone.be\/fr\/produit\/dji-mavic-3-battery-bundle-hub\/","url":"https:\/\/koningdrone.be\/fr\/produit\/dji-mavic-3-battery-bundle-hub\/","name":"DJI Mavic 3 Battery Bundle + Oplaadhub - koningdrone.be","isPartOf":{"@id":"https:\/\/koningdrone.be\/#website"},"primaryImageOfPage":{"@id":"https:\/\/koningdrone.be\/fr\/produit\/dji-mavic-3-battery-bundle-hub\/#primaryimage"},"image":{"@id":"https:\/\/koningdrone.be\/fr\/produit\/dji-mavic-3-battery-bundle-hub\/#primaryimage"},"thumbnailUrl":"https:\/\/koningdrone.be\/wp-content\/uploads\/sites\/13\/2025\/04\/m3-hub-3.webp","datePublished":"2024-07-25T15:55:37+00:00","dateModified":"2025-04-29T11:51:49+00:00","breadcrumb":{"@id":"https:\/\/koningdrone.be\/fr\/produit\/dji-mavic-3-battery-bundle-hub\/#breadcrumb"},"inLanguage":"es","potentialAction":[{"@type":"ReadAction","target":["https:\/\/koningdrone.be\/fr\/produit\/dji-mavic-3-battery-bundle-hub\/"]}]},{"@type":"ImageObject","inLanguage":"es","@id":"https:\/\/koningdrone.be\/fr\/produit\/dji-mavic-3-battery-bundle-hub\/#primaryimage","url":"https:\/\/koningdrone.be\/wp-content\/uploads\/sites\/13\/2025\/04\/m3-hub-3.webp","contentUrl":"https:\/\/koningdrone.be\/wp-content\/uploads\/sites\/13\/2025\/04\/m3-hub-3.webp","width":750,"height":750},{"@type":"BreadcrumbList","@id":"https:\/\/koningdrone.be\/fr\/produit\/dji-mavic-3-battery-bundle-hub\/#breadcrumb","itemListElement":[{"@type":"ListItem","position":1,"name":"Home","item":"https:\/\/koningdrone.be\/"},{"@type":"ListItem","position":2,"name":"AVSS Parachute Recovery System for DJI Matrice 300\/350","item":"https:\/\/koningdrone.be\/product\/avss-parachute-recovery-system-for-dji-matrice-300-350\/"},{"@type":"ListItem","position":3,"name":"Alle batterijen","item":"https:\/\/koningdrone.be\/categorie\/alle-batterijen\/"},{"@type":"ListItem","position":4,"name":"DJI Mavic 3 Battery Bundle + Oplaadhub"}]},{"@type":"WebSite","@id":"https:\/\/koningdrone.be\/#website","url":"https:\/\/koningdrone.be\/","name":"Koningdrone.be - Su especialista en l\u00ednea en drones, cardanes, c\u00e1maras y centrales el\u00e9ctricas.","description":"La tienda virtual de drones y cardanes","publisher":{"@id":"https:\/\/koningdrone.be\/#organization"},"potentialAction":[{"@type":"SearchAction","target":{"@type":"EntryPoint","urlTemplate":"https:\/\/koningdrone.be\/?s={search_term_string}"},"query-input":{"@type":"PropertyValueSpecification","valueRequired":true,"valueName":"search_term_string"}}],"inLanguage":"es"},{"@type":"Organization","@id":"https:\/\/koningdrone.be\/#organization","name":"Kingdrone.es","url":"https:\/\/koningdrone.be\/","logo":{"@type":"ImageObject","inLanguage":"es","@id":"https:\/\/koningdrone.be\/#\/schema\/logo\/image\/","url":"https:\/\/koningdrone.be\/wp-content\/uploads\/sites\/13\/2025\/04\/koningdrone-copyright-logo.svg","contentUrl":"https:\/\/koningdrone.be\/wp-content\/uploads\/sites\/13\/2025\/04\/koningdrone-copyright-logo.svg","width":227,"height":38,"caption":"Koningdrone.be"},"image":{"@id":"https:\/\/koningdrone.be\/#\/schema\/logo\/image\/"}}]}},"df_price":505,"df_sale_price":505,"df_regular_price":538.45,"df_image_link":"https:\/\/koningdrone.be\/wp-content\/uploads\/sites\/13\/2025\/04\/m3-hub-3-300x300.webp","_links":{"self":[{"href":"https:\/\/koningdrone.be\/es\/wp-json\/wp\/v2\/product\/3530","targetHints":{"allow":["GET"]}}],"collection":[{"href":"https:\/\/koningdrone.be\/es\/wp-json\/wp\/v2\/product"}],"about":[{"href":"https:\/\/koningdrone.be\/es\/wp-json\/wp\/v2\/types\/product"}],"wp:featuredmedia":[{"embeddable":true,"href":"https:\/\/koningdrone.be\/es\/wp-json\/wp\/v2\/media\/3528"}],"wp:attachment":[{"href":"https:\/\/koningdrone.be\/es\/wp-json\/wp\/v2\/media?parent=3530"}],"wp:term":[{"taxonomy":"product_brand","embeddable":true,"href":"https:\/\/koningdrone.be\/es\/wp-json\/wp\/v2\/product_brand?post=3530"},{"taxonomy":"product_cat","embeddable":true,"href":"https:\/\/koningdrone.be\/es\/wp-json\/wp\/v2\/product_cat?post=3530"},{"taxonomy":"product_tag","embeddable":true,"href":"https:\/\/koningdrone.be\/es\/wp-json\/wp\/v2\/product_tag?post=3530"}],"curies":[{"name":"wp","href":"https:\/\/api.w.org\/{rel}","templated":true}]}}