{"id":3504,"date":"2024-08-27T14:01:22","date_gmt":"2024-08-27T14:01:22","guid":{"rendered":"https:\/\/koningdrone.nl\/kon\/product\/samsung-evo-plus-256-gb-micro-sd-class-10-read-up-to-130mb-s-met-adapter\/"},"modified":"2025-04-29T11:51:27","modified_gmt":"2025-04-29T11:51:27","slug":"samsung-evo-plus-256-gb-micro-sd-class-10-read-up-to-130mb-s-met-adapter","status":"publish","type":"product","link":"https:\/\/koningdrone.be\/es\/producto\/samsung-evo-plus-256-gb-micro-sd-class-10-read-up-to-130mb-s-met-adapter\/","title":{"rendered":"Samsung Evo plus 256GB micro SD clase 10 - lectura hasta 130MB\/s - con adaptador"},"content":{"rendered":"","protected":false},"excerpt":{"rendered":"","protected":false},"featured_media":3503,"template":"","meta":{"_acf_changed":false},"product_brand":[],"product_cat":[97,664,665],"product_tag":[],"class_list":{"0":"post-3504","1":"product","2":"type-product","3":"status-publish","4":"has-post-thumbnail","6":"product_cat-alle-producten","7":"product_cat-micro-sd","8":"product_cat-samsung","9":"pa_brand-samsung","11":"first","12":"instock","13":"taxable","14":"shipping-taxable","15":"purchasable","16":"product-type-simple"},"acf":[],"yoast_head":"<!-- This site is optimized with the Yoast SEO Premium plugin v27.2 (Yoast SEO v27.2) - https:\/\/yoast.com\/product\/yoast-seo-premium-wordpress\/ -->\n<title>Samsung Evo plus 256 GB micro SD class 10 - read up to 130MB\/s - met adapter - koningdrone.be<\/title>\n<meta name=\"robots\" content=\"index, follow, max-snippet:-1, max-image-preview:large, max-video-preview:-1\" \/>\n<link rel=\"canonical\" href=\"https:\/\/koningdrone.be\/es\/producto\/samsung-evo-plus-256-gb-micro-sd-class-10-read-up-to-130mb-s-met-adapter\/\" \/>\n<meta property=\"og:locale\" content=\"es_ES\" \/>\n<meta property=\"og:type\" content=\"article\" \/>\n<meta property=\"og:title\" content=\"Samsung Evo plus 256 GB micro SD class 10 - read up to 130MB\/s - met adapter\" \/>\n<meta property=\"og:url\" content=\"https:\/\/koningdrone.be\/es\/producto\/samsung-evo-plus-256-gb-micro-sd-class-10-read-up-to-130mb-s-met-adapter\/\" \/>\n<meta property=\"og:site_name\" content=\"koningdrone.be\" \/>\n<meta property=\"article:modified_time\" content=\"2025-04-29T11:51:27+00:00\" \/>\n<meta property=\"og:image\" content=\"https:\/\/koningdrone.be\/wp-content\/uploads\/sites\/13\/2025\/04\/175052-large.png\" \/>\n\t<meta property=\"og:image:width\" content=\"500\" \/>\n\t<meta property=\"og:image:height\" content=\"376\" \/>\n\t<meta property=\"og:image:type\" content=\"image\/png\" \/>\n<meta name=\"twitter:card\" content=\"summary_large_image\" \/>\n<script type=\"application\/ld+json\" class=\"yoast-schema-graph\">{\"@context\":\"https:\/\/schema.org\",\"@graph\":[{\"@type\":\"WebPage\",\"@id\":\"https:\/\/koningdrone.be\/product\/samsung-evo-plus-256-gb-micro-sd-class-10-read-up-to-130mb-s-met-adapter\/\",\"url\":\"https:\/\/koningdrone.be\/product\/samsung-evo-plus-256-gb-micro-sd-class-10-read-up-to-130mb-s-met-adapter\/\",\"name\":\"Samsung Evo plus 256 GB micro SD class 10 - read up to 130MB\/s - met adapter - koningdrone.be\",\"isPartOf\":{\"@id\":\"https:\/\/koningdrone.be\/#website\"},\"primaryImageOfPage\":{\"@id\":\"https:\/\/koningdrone.be\/product\/samsung-evo-plus-256-gb-micro-sd-class-10-read-up-to-130mb-s-met-adapter\/#primaryimage\"},\"image\":{\"@id\":\"https:\/\/koningdrone.be\/product\/samsung-evo-plus-256-gb-micro-sd-class-10-read-up-to-130mb-s-met-adapter\/#primaryimage\"},\"thumbnailUrl\":\"https:\/\/koningdrone.be\/wp-content\/uploads\/sites\/13\/2025\/04\/175052-large.png\",\"datePublished\":\"2024-08-27T14:01:22+00:00\",\"dateModified\":\"2025-04-29T11:51:27+00:00\",\"breadcrumb\":{\"@id\":\"https:\/\/koningdrone.be\/product\/samsung-evo-plus-256-gb-micro-sd-class-10-read-up-to-130mb-s-met-adapter\/#breadcrumb\"},\"inLanguage\":\"es\",\"potentialAction\":[{\"@type\":\"ReadAction\",\"target\":[\"https:\/\/koningdrone.be\/product\/samsung-evo-plus-256-gb-micro-sd-class-10-read-up-to-130mb-s-met-adapter\/\"]}]},{\"@type\":\"ImageObject\",\"inLanguage\":\"es\",\"@id\":\"https:\/\/koningdrone.be\/product\/samsung-evo-plus-256-gb-micro-sd-class-10-read-up-to-130mb-s-met-adapter\/#primaryimage\",\"url\":\"https:\/\/koningdrone.be\/wp-content\/uploads\/sites\/13\/2025\/04\/175052-large.png\",\"contentUrl\":\"https:\/\/koningdrone.be\/wp-content\/uploads\/sites\/13\/2025\/04\/175052-large.png\",\"width\":500,\"height\":376},{\"@type\":\"BreadcrumbList\",\"@id\":\"https:\/\/koningdrone.be\/product\/samsung-evo-plus-256-gb-micro-sd-class-10-read-up-to-130mb-s-met-adapter\/#breadcrumb\",\"itemListElement\":[{\"@type\":\"ListItem\",\"position\":1,\"name\":\"Home\",\"item\":\"https:\/\/koningdrone.be\/\"},{\"@type\":\"ListItem\",\"position\":2,\"name\":\"AVSS Parachute Recovery System for DJI Matrice 300\/350\",\"item\":\"https:\/\/koningdrone.be\/product\/avss-parachute-recovery-system-for-dji-matrice-300-350\/\"},{\"@type\":\"ListItem\",\"position\":3,\"name\":\"Alle producten\",\"item\":\"https:\/\/koningdrone.be\/categorie\/alle-producten\/\"},{\"@type\":\"ListItem\",\"position\":4,\"name\":\"Samsung Evo plus 256 GB micro SD class 10 &#8211; read up to 130MB\/s &#8211; met adapter\"}]},{\"@type\":\"WebSite\",\"@id\":\"https:\/\/koningdrone.be\/#website\",\"url\":\"https:\/\/koningdrone.be\/\",\"name\":\"Koningdrone.be - Uw online specialist in drones, gimbals, camera's en power stations.\",\"description\":\"De webshop in drones en gimbals\",\"publisher\":{\"@id\":\"https:\/\/koningdrone.be\/#organization\"},\"potentialAction\":[{\"@type\":\"SearchAction\",\"target\":{\"@type\":\"EntryPoint\",\"urlTemplate\":\"https:\/\/koningdrone.be\/?s={search_term_string}\"},\"query-input\":{\"@type\":\"PropertyValueSpecification\",\"valueRequired\":true,\"valueName\":\"search_term_string\"}}],\"inLanguage\":\"es\"},{\"@type\":\"Organization\",\"@id\":\"https:\/\/koningdrone.be\/#organization\",\"name\":\"Koningdrone.be\",\"url\":\"https:\/\/koningdrone.be\/\",\"logo\":{\"@type\":\"ImageObject\",\"inLanguage\":\"es\",\"@id\":\"https:\/\/koningdrone.be\/#\/schema\/logo\/image\/\",\"url\":\"https:\/\/koningdrone.be\/wp-content\/uploads\/sites\/13\/2025\/04\/koningdrone-copyright-logo.svg\",\"contentUrl\":\"https:\/\/koningdrone.be\/wp-content\/uploads\/sites\/13\/2025\/04\/koningdrone-copyright-logo.svg\",\"width\":227,\"height\":38,\"caption\":\"Koningdrone.be\"},\"image\":{\"@id\":\"https:\/\/koningdrone.be\/#\/schema\/logo\/image\/\"}}]}<\/script>\n<!-- \/ Yoast SEO Premium plugin. -->","yoast_head_json":{"title":"Samsung Evo plus 256 GB micro SD class 10 - read up to 130MB\/s - met adapter - koningdrone.be","robots":{"index":"index","follow":"follow","max-snippet":"max-snippet:-1","max-image-preview":"max-image-preview:large","max-video-preview":"max-video-preview:-1"},"canonical":"https:\/\/koningdrone.be\/es\/producto\/samsung-evo-plus-256-gb-micro-sd-class-10-read-up-to-130mb-s-met-adapter\/","og_locale":"es_ES","og_type":"article","og_title":"Samsung Evo plus 256 GB micro SD class 10 - read up to 130MB\/s - met adapter","og_url":"https:\/\/koningdrone.be\/es\/producto\/samsung-evo-plus-256-gb-micro-sd-class-10-read-up-to-130mb-s-met-adapter\/","og_site_name":"koningdrone.be","article_modified_time":"2025-04-29T11:51:27+00:00","og_image":[{"width":500,"height":376,"url":"https:\/\/koningdrone.be\/wp-content\/uploads\/sites\/13\/2025\/04\/175052-large.png","type":"image\/png"}],"twitter_card":"summary_large_image","schema":{"@context":"https:\/\/schema.org","@graph":[{"@type":"WebPage","@id":"https:\/\/koningdrone.be\/product\/samsung-evo-plus-256-gb-micro-sd-class-10-read-up-to-130mb-s-met-adapter\/","url":"https:\/\/koningdrone.be\/product\/samsung-evo-plus-256-gb-micro-sd-class-10-read-up-to-130mb-s-met-adapter\/","name":"Samsung Evo plus 256 GB micro SD class 10 - read up to 130MB\/s - met adapter - koningdrone.be","isPartOf":{"@id":"https:\/\/koningdrone.be\/#website"},"primaryImageOfPage":{"@id":"https:\/\/koningdrone.be\/product\/samsung-evo-plus-256-gb-micro-sd-class-10-read-up-to-130mb-s-met-adapter\/#primaryimage"},"image":{"@id":"https:\/\/koningdrone.be\/product\/samsung-evo-plus-256-gb-micro-sd-class-10-read-up-to-130mb-s-met-adapter\/#primaryimage"},"thumbnailUrl":"https:\/\/koningdrone.be\/wp-content\/uploads\/sites\/13\/2025\/04\/175052-large.png","datePublished":"2024-08-27T14:01:22+00:00","dateModified":"2025-04-29T11:51:27+00:00","breadcrumb":{"@id":"https:\/\/koningdrone.be\/product\/samsung-evo-plus-256-gb-micro-sd-class-10-read-up-to-130mb-s-met-adapter\/#breadcrumb"},"inLanguage":"es","potentialAction":[{"@type":"ReadAction","target":["https:\/\/koningdrone.be\/product\/samsung-evo-plus-256-gb-micro-sd-class-10-read-up-to-130mb-s-met-adapter\/"]}]},{"@type":"ImageObject","inLanguage":"es","@id":"https:\/\/koningdrone.be\/product\/samsung-evo-plus-256-gb-micro-sd-class-10-read-up-to-130mb-s-met-adapter\/#primaryimage","url":"https:\/\/koningdrone.be\/wp-content\/uploads\/sites\/13\/2025\/04\/175052-large.png","contentUrl":"https:\/\/koningdrone.be\/wp-content\/uploads\/sites\/13\/2025\/04\/175052-large.png","width":500,"height":376},{"@type":"BreadcrumbList","@id":"https:\/\/koningdrone.be\/product\/samsung-evo-plus-256-gb-micro-sd-class-10-read-up-to-130mb-s-met-adapter\/#breadcrumb","itemListElement":[{"@type":"ListItem","position":1,"name":"Home","item":"https:\/\/koningdrone.be\/"},{"@type":"ListItem","position":2,"name":"AVSS Parachute Recovery System for DJI Matrice 300\/350","item":"https:\/\/koningdrone.be\/product\/avss-parachute-recovery-system-for-dji-matrice-300-350\/"},{"@type":"ListItem","position":3,"name":"Alle producten","item":"https:\/\/koningdrone.be\/categorie\/alle-producten\/"},{"@type":"ListItem","position":4,"name":"Samsung Evo plus 256 GB micro SD class 10 &#8211; read up to 130MB\/s &#8211; met adapter"}]},{"@type":"WebSite","@id":"https:\/\/koningdrone.be\/#website","url":"https:\/\/koningdrone.be\/","name":"Koningdrone.be - Su especialista en l\u00ednea en drones, cardanes, c\u00e1maras y centrales el\u00e9ctricas.","description":"La tienda virtual de drones y cardanes","publisher":{"@id":"https:\/\/koningdrone.be\/#organization"},"potentialAction":[{"@type":"SearchAction","target":{"@type":"EntryPoint","urlTemplate":"https:\/\/koningdrone.be\/?s={search_term_string}"},"query-input":{"@type":"PropertyValueSpecification","valueRequired":true,"valueName":"search_term_string"}}],"inLanguage":"es"},{"@type":"Organization","@id":"https:\/\/koningdrone.be\/#organization","name":"Kingdrone.es","url":"https:\/\/koningdrone.be\/","logo":{"@type":"ImageObject","inLanguage":"es","@id":"https:\/\/koningdrone.be\/#\/schema\/logo\/image\/","url":"https:\/\/koningdrone.be\/wp-content\/uploads\/sites\/13\/2025\/04\/koningdrone-copyright-logo.svg","contentUrl":"https:\/\/koningdrone.be\/wp-content\/uploads\/sites\/13\/2025\/04\/koningdrone-copyright-logo.svg","width":227,"height":38,"caption":"Koningdrone.be"},"image":{"@id":"https:\/\/koningdrone.be\/#\/schema\/logo\/image\/"}}]}},"df_price":42.35,"df_sale_price":"","df_regular_price":42.35,"df_image_link":"https:\/\/koningdrone.be\/wp-content\/uploads\/sites\/13\/2025\/04\/175052-large-300x226.png","_links":{"self":[{"href":"https:\/\/koningdrone.be\/es\/wp-json\/wp\/v2\/product\/3504","targetHints":{"allow":["GET"]}}],"collection":[{"href":"https:\/\/koningdrone.be\/es\/wp-json\/wp\/v2\/product"}],"about":[{"href":"https:\/\/koningdrone.be\/es\/wp-json\/wp\/v2\/types\/product"}],"wp:featuredmedia":[{"embeddable":true,"href":"https:\/\/koningdrone.be\/es\/wp-json\/wp\/v2\/media\/3503"}],"wp:attachment":[{"href":"https:\/\/koningdrone.be\/es\/wp-json\/wp\/v2\/media?parent=3504"}],"wp:term":[{"taxonomy":"product_brand","embeddable":true,"href":"https:\/\/koningdrone.be\/es\/wp-json\/wp\/v2\/product_brand?post=3504"},{"taxonomy":"product_cat","embeddable":true,"href":"https:\/\/koningdrone.be\/es\/wp-json\/wp\/v2\/product_cat?post=3504"},{"taxonomy":"product_tag","embeddable":true,"href":"https:\/\/koningdrone.be\/es\/wp-json\/wp\/v2\/product_tag?post=3504"}],"curies":[{"name":"wp","href":"https:\/\/api.w.org\/{rel}","templated":true}]}}