{"id":3502,"date":"2024-09-05T11:42:19","date_gmt":"2024-09-05T09:42:19","guid":{"rendered":"https:\/\/koningdrone.nl\/kon\/product\/dronavia-parachute-with-fts-for-dji-matrice-300-matrice-350-with-c5-label-parachute-moc-m2-with-external-flight-termination-system-moc-2511-kronos\/"},"modified":"2026-04-10T12:46:33","modified_gmt":"2026-04-10T10:46:33","slug":"dronavia-parachute-with-fts-for-dji-matrice-300-matrice-350-with-c5-label-parachute-moc-m2-with-external-flight-termination-system-moc-2511-kronos","status":"publish","type":"product","link":"https:\/\/koningdrone.be\/es\/producto\/dronavia-parachute-with-fts-for-dji-matrice-300-matrice-350-with-c5-label-parachute-moc-m2-with-external-flight-termination-system-moc-2511-kronos\/","title":{"rendered":"Dronavia Paraca\u00eddas con FTS Para Matrice 350 Con etiqueta C5 (Paraca\u00eddas Moc M2 con Sistema de Terminaci\u00f3n de Vuelo Externo MOC 2511 Kronos)"},"content":{"rendered":"<p>Es un sistema de recuperaci\u00f3n de paraca\u00eddas dise\u00f1ado para el DJI Matrice 300 y DJI Matrice 350, que ofrece a los operadores profesionales de drones una soluci\u00f3n de seguridad r\u00e1pida de implementar y f\u00e1cil de reutilizar con el sistema POD. El sistema cumple con las \u00faltimas normas europeas publicadas por EASA (C5 \/ MOC M2 \/ MOC 2511)<\/p>","protected":false},"excerpt":{"rendered":"<ul>\n<li>Una vez desplegado el paraca\u00eddas, el operador s\u00f3lo tiene que desenroscar el POD antiguo y, a continuaci\u00f3n, enroscar un nuevo POD en el sistema de paraca\u00eddas. Este proceso simplificado permite a los operadores volver a ascender con seguridad en cuesti\u00f3n de minutos.<\/li>\n<\/ul>","protected":false},"featured_media":3501,"template":"","meta":{"_acf_changed":false},"product_brand":[],"product_cat":[292,97,426,153],"product_tag":[],"class_list":{"0":"post-3502","1":"product","2":"type-product","3":"status-publish","4":"has-post-thumbnail","6":"product_cat-alle-parachutes","7":"product_cat-alle-producten","8":"product_cat-dji-matrice","9":"product_cat-dji-matrice-350","10":"pa_brand-dronavia","11":"pa_productfamily-parachute","12":"pa_producttype-parachute","13":"pa_series-matrice-350","15":"first","16":"instock","17":"taxable","18":"shipping-taxable","19":"purchasable","20":"product-type-simple"},"acf":[],"yoast_head":"<!-- This site is optimized with the Yoast SEO Premium plugin v27.2 (Yoast SEO v27.2) - https:\/\/yoast.com\/product\/yoast-seo-premium-wordpress\/ -->\n<title>Dronavia Parachute with FTS For Matrice 350 With C5 label (Parachute Moc M2 with External Flight Termination System MOC 2511 Kronos) - koningdrone.be<\/title>\n<meta name=\"robots\" content=\"index, follow, max-snippet:-1, max-image-preview:large, max-video-preview:-1\" \/>\n<link rel=\"canonical\" href=\"https:\/\/koningdrone.be\/es\/producto\/dronavia-parachute-with-fts-for-dji-matrice-300-matrice-350-with-c5-label-parachute-moc-m2-with-external-flight-termination-system-moc-2511-kronos\/\" \/>\n<meta property=\"og:locale\" content=\"es_ES\" \/>\n<meta property=\"og:type\" content=\"article\" \/>\n<meta property=\"og:title\" content=\"Dronavia Parachute with FTS For Matrice 350 With C5 label (Parachute Moc M2 with External Flight Termination System MOC 2511 Kronos)\" \/>\n<meta property=\"og:description\" content=\"Nadat de parachute is ingezet, draait de operator eenvoudig de oude POD los en schroeft vervolgens een nieuwe POD op het parachutesysteem. Dit vereenvoudigde proces zorgt ervoor dat operators binnen enkele minuten veilig weer kunnen opstijgen.\" \/>\n<meta property=\"og:url\" content=\"https:\/\/koningdrone.be\/es\/producto\/dronavia-parachute-with-fts-for-dji-matrice-300-matrice-350-with-c5-label-parachute-moc-m2-with-external-flight-termination-system-moc-2511-kronos\/\" \/>\n<meta property=\"og:site_name\" content=\"koningdrone.be\" \/>\n<meta property=\"article:modified_time\" content=\"2026-04-10T10:46:33+00:00\" \/>\n<meta property=\"og:image\" content=\"https:\/\/koningdrone.be\/wp-content\/uploads\/sites\/13\/2025\/04\/dronavia-dronavia-parachute-with-fts-for-dji-matrice-300-matrice-350-with-c5-label-parachute-moc-m2-with-external-flight-termination-system-moc-2511-kronos-droneland.png\" \/>\n\t<meta property=\"og:image:width\" content=\"1920\" \/>\n\t<meta property=\"og:image:height\" content=\"768\" \/>\n\t<meta property=\"og:image:type\" content=\"image\/png\" \/>\n<meta name=\"twitter:card\" content=\"summary_large_image\" \/>\n<meta name=\"twitter:label1\" content=\"Tiempo de lectura\" \/>\n\t<meta name=\"twitter:data1\" content=\"1 minuto\" \/>\n<script type=\"application\/ld+json\" class=\"yoast-schema-graph\">{\"@context\":\"https:\/\/schema.org\",\"@graph\":[{\"@type\":\"WebPage\",\"@id\":\"https:\/\/koningdrone.be\/product\/dronavia-parachute-with-fts-for-dji-matrice-300-matrice-350-with-c5-label-parachute-moc-m2-with-external-flight-termination-system-moc-2511-kronos\/\",\"url\":\"https:\/\/koningdrone.be\/product\/dronavia-parachute-with-fts-for-dji-matrice-300-matrice-350-with-c5-label-parachute-moc-m2-with-external-flight-termination-system-moc-2511-kronos\/\",\"name\":\"Dronavia Parachute with FTS For Matrice 350 With C5 label (Parachute Moc M2 with External Flight Termination System MOC 2511 Kronos) - koningdrone.be\",\"isPartOf\":{\"@id\":\"https:\/\/koningdrone.be\/#website\"},\"primaryImageOfPage\":{\"@id\":\"https:\/\/koningdrone.be\/product\/dronavia-parachute-with-fts-for-dji-matrice-300-matrice-350-with-c5-label-parachute-moc-m2-with-external-flight-termination-system-moc-2511-kronos\/#primaryimage\"},\"image\":{\"@id\":\"https:\/\/koningdrone.be\/product\/dronavia-parachute-with-fts-for-dji-matrice-300-matrice-350-with-c5-label-parachute-moc-m2-with-external-flight-termination-system-moc-2511-kronos\/#primaryimage\"},\"thumbnailUrl\":\"https:\/\/koningdrone.be\/wp-content\/uploads\/sites\/13\/2025\/04\/dronavia-dronavia-parachute-with-fts-for-dji-matrice-300-matrice-350-with-c5-label-parachute-moc-m2-with-external-flight-termination-system-moc-2511-kronos-droneland.png\",\"datePublished\":\"2024-09-05T09:42:19+00:00\",\"dateModified\":\"2026-04-10T10:46:33+00:00\",\"breadcrumb\":{\"@id\":\"https:\/\/koningdrone.be\/product\/dronavia-parachute-with-fts-for-dji-matrice-300-matrice-350-with-c5-label-parachute-moc-m2-with-external-flight-termination-system-moc-2511-kronos\/#breadcrumb\"},\"inLanguage\":\"es\",\"potentialAction\":[{\"@type\":\"ReadAction\",\"target\":[\"https:\/\/koningdrone.be\/product\/dronavia-parachute-with-fts-for-dji-matrice-300-matrice-350-with-c5-label-parachute-moc-m2-with-external-flight-termination-system-moc-2511-kronos\/\"]}]},{\"@type\":\"ImageObject\",\"inLanguage\":\"es\",\"@id\":\"https:\/\/koningdrone.be\/product\/dronavia-parachute-with-fts-for-dji-matrice-300-matrice-350-with-c5-label-parachute-moc-m2-with-external-flight-termination-system-moc-2511-kronos\/#primaryimage\",\"url\":\"https:\/\/koningdrone.be\/wp-content\/uploads\/sites\/13\/2025\/04\/dronavia-dronavia-parachute-with-fts-for-dji-matrice-300-matrice-350-with-c5-label-parachute-moc-m2-with-external-flight-termination-system-moc-2511-kronos-droneland.png\",\"contentUrl\":\"https:\/\/koningdrone.be\/wp-content\/uploads\/sites\/13\/2025\/04\/dronavia-dronavia-parachute-with-fts-for-dji-matrice-300-matrice-350-with-c5-label-parachute-moc-m2-with-external-flight-termination-system-moc-2511-kronos-droneland.png\",\"width\":1920,\"height\":768},{\"@type\":\"BreadcrumbList\",\"@id\":\"https:\/\/koningdrone.be\/product\/dronavia-parachute-with-fts-for-dji-matrice-300-matrice-350-with-c5-label-parachute-moc-m2-with-external-flight-termination-system-moc-2511-kronos\/#breadcrumb\",\"itemListElement\":[{\"@type\":\"ListItem\",\"position\":1,\"name\":\"Home\",\"item\":\"https:\/\/koningdrone.be\/\"},{\"@type\":\"ListItem\",\"position\":2,\"name\":\"AVSS Parachute Recovery System for DJI Matrice 300\/350\",\"item\":\"https:\/\/koningdrone.be\/product\/avss-parachute-recovery-system-for-dji-matrice-300-350\/\"},{\"@type\":\"ListItem\",\"position\":3,\"name\":\"Alle parachutes\",\"item\":\"https:\/\/koningdrone.be\/categorie\/alle-parachutes\/\"},{\"@type\":\"ListItem\",\"position\":4,\"name\":\"Dronavia Parachute with FTS For Matrice 350 With C5 label (Parachute Moc M2 with External Flight Termination System MOC 2511 Kronos)\"}]},{\"@type\":\"WebSite\",\"@id\":\"https:\/\/koningdrone.be\/#website\",\"url\":\"https:\/\/koningdrone.be\/\",\"name\":\"Koningdrone.be - Uw online specialist in drones, gimbals, camera's en power stations.\",\"description\":\"De webshop in drones en gimbals\",\"publisher\":{\"@id\":\"https:\/\/koningdrone.be\/#organization\"},\"potentialAction\":[{\"@type\":\"SearchAction\",\"target\":{\"@type\":\"EntryPoint\",\"urlTemplate\":\"https:\/\/koningdrone.be\/?s={search_term_string}\"},\"query-input\":{\"@type\":\"PropertyValueSpecification\",\"valueRequired\":true,\"valueName\":\"search_term_string\"}}],\"inLanguage\":\"es\"},{\"@type\":\"Organization\",\"@id\":\"https:\/\/koningdrone.be\/#organization\",\"name\":\"Koningdrone.be\",\"url\":\"https:\/\/koningdrone.be\/\",\"logo\":{\"@type\":\"ImageObject\",\"inLanguage\":\"es\",\"@id\":\"https:\/\/koningdrone.be\/#\/schema\/logo\/image\/\",\"url\":\"https:\/\/koningdrone.be\/wp-content\/uploads\/sites\/13\/2025\/04\/koningdrone-copyright-logo.svg\",\"contentUrl\":\"https:\/\/koningdrone.be\/wp-content\/uploads\/sites\/13\/2025\/04\/koningdrone-copyright-logo.svg\",\"width\":227,\"height\":38,\"caption\":\"Koningdrone.be\"},\"image\":{\"@id\":\"https:\/\/koningdrone.be\/#\/schema\/logo\/image\/\"}}]}<\/script>\n<!-- \/ Yoast SEO Premium plugin. -->","yoast_head_json":{"title":"Dronavia Parachute with FTS For Matrice 350 With C5 label (Parachute Moc M2 with External Flight Termination System MOC 2511 Kronos) - koningdrone.be","robots":{"index":"index","follow":"follow","max-snippet":"max-snippet:-1","max-image-preview":"max-image-preview:large","max-video-preview":"max-video-preview:-1"},"canonical":"https:\/\/koningdrone.be\/es\/producto\/dronavia-parachute-with-fts-for-dji-matrice-300-matrice-350-with-c5-label-parachute-moc-m2-with-external-flight-termination-system-moc-2511-kronos\/","og_locale":"es_ES","og_type":"article","og_title":"Dronavia Parachute with FTS For Matrice 350 With C5 label (Parachute Moc M2 with External Flight Termination System MOC 2511 Kronos)","og_description":"Nadat de parachute is ingezet, draait de operator eenvoudig de oude POD los en schroeft vervolgens een nieuwe POD op het parachutesysteem. Dit vereenvoudigde proces zorgt ervoor dat operators binnen enkele minuten veilig weer kunnen opstijgen.","og_url":"https:\/\/koningdrone.be\/es\/producto\/dronavia-parachute-with-fts-for-dji-matrice-300-matrice-350-with-c5-label-parachute-moc-m2-with-external-flight-termination-system-moc-2511-kronos\/","og_site_name":"koningdrone.be","article_modified_time":"2026-04-10T10:46:33+00:00","og_image":[{"width":1920,"height":768,"url":"https:\/\/koningdrone.be\/wp-content\/uploads\/sites\/13\/2025\/04\/dronavia-dronavia-parachute-with-fts-for-dji-matrice-300-matrice-350-with-c5-label-parachute-moc-m2-with-external-flight-termination-system-moc-2511-kronos-droneland.png","type":"image\/png"}],"twitter_card":"summary_large_image","twitter_misc":{"Tiempo de lectura":"1 minuto"},"schema":{"@context":"https:\/\/schema.org","@graph":[{"@type":"WebPage","@id":"https:\/\/koningdrone.be\/product\/dronavia-parachute-with-fts-for-dji-matrice-300-matrice-350-with-c5-label-parachute-moc-m2-with-external-flight-termination-system-moc-2511-kronos\/","url":"https:\/\/koningdrone.be\/product\/dronavia-parachute-with-fts-for-dji-matrice-300-matrice-350-with-c5-label-parachute-moc-m2-with-external-flight-termination-system-moc-2511-kronos\/","name":"Dronavia Parachute with FTS For Matrice 350 With C5 label (Parachute Moc M2 with External Flight Termination System MOC 2511 Kronos) - koningdrone.be","isPartOf":{"@id":"https:\/\/koningdrone.be\/#website"},"primaryImageOfPage":{"@id":"https:\/\/koningdrone.be\/product\/dronavia-parachute-with-fts-for-dji-matrice-300-matrice-350-with-c5-label-parachute-moc-m2-with-external-flight-termination-system-moc-2511-kronos\/#primaryimage"},"image":{"@id":"https:\/\/koningdrone.be\/product\/dronavia-parachute-with-fts-for-dji-matrice-300-matrice-350-with-c5-label-parachute-moc-m2-with-external-flight-termination-system-moc-2511-kronos\/#primaryimage"},"thumbnailUrl":"https:\/\/koningdrone.be\/wp-content\/uploads\/sites\/13\/2025\/04\/dronavia-dronavia-parachute-with-fts-for-dji-matrice-300-matrice-350-with-c5-label-parachute-moc-m2-with-external-flight-termination-system-moc-2511-kronos-droneland.png","datePublished":"2024-09-05T09:42:19+00:00","dateModified":"2026-04-10T10:46:33+00:00","breadcrumb":{"@id":"https:\/\/koningdrone.be\/product\/dronavia-parachute-with-fts-for-dji-matrice-300-matrice-350-with-c5-label-parachute-moc-m2-with-external-flight-termination-system-moc-2511-kronos\/#breadcrumb"},"inLanguage":"es","potentialAction":[{"@type":"ReadAction","target":["https:\/\/koningdrone.be\/product\/dronavia-parachute-with-fts-for-dji-matrice-300-matrice-350-with-c5-label-parachute-moc-m2-with-external-flight-termination-system-moc-2511-kronos\/"]}]},{"@type":"ImageObject","inLanguage":"es","@id":"https:\/\/koningdrone.be\/product\/dronavia-parachute-with-fts-for-dji-matrice-300-matrice-350-with-c5-label-parachute-moc-m2-with-external-flight-termination-system-moc-2511-kronos\/#primaryimage","url":"https:\/\/koningdrone.be\/wp-content\/uploads\/sites\/13\/2025\/04\/dronavia-dronavia-parachute-with-fts-for-dji-matrice-300-matrice-350-with-c5-label-parachute-moc-m2-with-external-flight-termination-system-moc-2511-kronos-droneland.png","contentUrl":"https:\/\/koningdrone.be\/wp-content\/uploads\/sites\/13\/2025\/04\/dronavia-dronavia-parachute-with-fts-for-dji-matrice-300-matrice-350-with-c5-label-parachute-moc-m2-with-external-flight-termination-system-moc-2511-kronos-droneland.png","width":1920,"height":768},{"@type":"BreadcrumbList","@id":"https:\/\/koningdrone.be\/product\/dronavia-parachute-with-fts-for-dji-matrice-300-matrice-350-with-c5-label-parachute-moc-m2-with-external-flight-termination-system-moc-2511-kronos\/#breadcrumb","itemListElement":[{"@type":"ListItem","position":1,"name":"Home","item":"https:\/\/koningdrone.be\/"},{"@type":"ListItem","position":2,"name":"AVSS Parachute Recovery System for DJI Matrice 300\/350","item":"https:\/\/koningdrone.be\/product\/avss-parachute-recovery-system-for-dji-matrice-300-350\/"},{"@type":"ListItem","position":3,"name":"Alle parachutes","item":"https:\/\/koningdrone.be\/categorie\/alle-parachutes\/"},{"@type":"ListItem","position":4,"name":"Dronavia Parachute with FTS For Matrice 350 With C5 label (Parachute Moc M2 with External Flight Termination System MOC 2511 Kronos)"}]},{"@type":"WebSite","@id":"https:\/\/koningdrone.be\/#website","url":"https:\/\/koningdrone.be\/","name":"Koningdrone.be - Su especialista en l\u00ednea en drones, cardanes, c\u00e1maras y centrales el\u00e9ctricas.","description":"La tienda virtual de drones y cardanes","publisher":{"@id":"https:\/\/koningdrone.be\/#organization"},"potentialAction":[{"@type":"SearchAction","target":{"@type":"EntryPoint","urlTemplate":"https:\/\/koningdrone.be\/?s={search_term_string}"},"query-input":{"@type":"PropertyValueSpecification","valueRequired":true,"valueName":"search_term_string"}}],"inLanguage":"es"},{"@type":"Organization","@id":"https:\/\/koningdrone.be\/#organization","name":"Kingdrone.es","url":"https:\/\/koningdrone.be\/","logo":{"@type":"ImageObject","inLanguage":"es","@id":"https:\/\/koningdrone.be\/#\/schema\/logo\/image\/","url":"https:\/\/koningdrone.be\/wp-content\/uploads\/sites\/13\/2025\/04\/koningdrone-copyright-logo.svg","contentUrl":"https:\/\/koningdrone.be\/wp-content\/uploads\/sites\/13\/2025\/04\/koningdrone-copyright-logo.svg","width":227,"height":38,"caption":"Koningdrone.be"},"image":{"@id":"https:\/\/koningdrone.be\/#\/schema\/logo\/image\/"}}]}},"df_price":3549,"df_sale_price":"","df_regular_price":3549,"df_image_link":"https:\/\/koningdrone.be\/wp-content\/uploads\/sites\/13\/2025\/04\/dronavia-dronavia-parachute-with-fts-for-dji-matrice-300-matrice-350-with-c5-label-parachute-moc-m2-with-external-flight-termination-system-moc-2511-kronos-droneland-300x120.png","_links":{"self":[{"href":"https:\/\/koningdrone.be\/es\/wp-json\/wp\/v2\/product\/3502","targetHints":{"allow":["GET"]}}],"collection":[{"href":"https:\/\/koningdrone.be\/es\/wp-json\/wp\/v2\/product"}],"about":[{"href":"https:\/\/koningdrone.be\/es\/wp-json\/wp\/v2\/types\/product"}],"wp:featuredmedia":[{"embeddable":true,"href":"https:\/\/koningdrone.be\/es\/wp-json\/wp\/v2\/media\/3501"}],"wp:attachment":[{"href":"https:\/\/koningdrone.be\/es\/wp-json\/wp\/v2\/media?parent=3502"}],"wp:term":[{"taxonomy":"product_brand","embeddable":true,"href":"https:\/\/koningdrone.be\/es\/wp-json\/wp\/v2\/product_brand?post=3502"},{"taxonomy":"product_cat","embeddable":true,"href":"https:\/\/koningdrone.be\/es\/wp-json\/wp\/v2\/product_cat?post=3502"},{"taxonomy":"product_tag","embeddable":true,"href":"https:\/\/koningdrone.be\/es\/wp-json\/wp\/v2\/product_tag?post=3502"}],"curies":[{"name":"wp","href":"https:\/\/api.w.org\/{rel}","templated":true}]}}