{"id":3393,"date":"2024-09-05T11:46:43","date_gmt":"2024-09-05T09:46:43","guid":{"rendered":"https:\/\/koningdrone.nl\/kon\/product\/dji-mini-3-including-dji-rm330-smart-controller-co-label\/"},"modified":"2026-04-29T04:10:39","modified_gmt":"2026-04-29T02:10:39","slug":"dji-mini-3-including-dji-rm330-smart-controller-co-label","status":"publish","type":"product","link":"https:\/\/koningdrone.be\/es\/producto\/dji-mini-3-including-dji-rm330-smart-controller-co-label\/","title":{"rendered":"DJI Mini 3 - Incluye controlador inteligente DJI RM330 - Etiqueta CO"},"content":{"rendered":"<p>El DJI Mini 3, un dron ideal para pilotos principiantes o aficionados, ofrece portabilidad y potencia. Equipado con un sensor 1\/1,3 de alta calidad, captura im\u00e1genes impresionantes en resoluci\u00f3n 4K.<\/p>","protected":false},"excerpt":{"rendered":"<ul>\n<li>El controlador DJI RC Smart Controller mejora la experiencia de control de los drones DJI con sus excepcionales funciones. Su cuerpo ligero cuenta con una pantalla FHD y una bater\u00eda de larga duraci\u00f3n para vuelos m\u00e1s prolongados. Los nuevos joysticks de doble muelle garantizan un vuelo c\u00f3modo, mientras que la compatibilidad con la tecnolog\u00eda de transmisi\u00f3n de v\u00eddeo DJI O3+ mejora las capacidades de grabaci\u00f3n a\u00e9rea.<\/li>\n<\/ul>","protected":false},"featured_media":3391,"template":"","meta":{"_acf_changed":false},"product_brand":[],"product_cat":[135,97,136,446,177],"product_tag":[],"class_list":{"0":"post-3393","1":"product","2":"type-product","3":"status-publish","4":"has-post-thumbnail","6":"product_cat-alle-drones","7":"product_cat-alle-producten","8":"product_cat-consumer-drones","9":"product_cat-dji-mini-3","10":"product_cat-drones-zonder-certificaat","11":"product_shipping_class-acsystemsall","12":"pa_brand-dji","13":"pa_dronegrade-consumer","14":"pa_productfamily-drone","15":"pa_producttype-drone","16":"pa_series-mini-3","18":"first","19":"instock","20":"taxable","21":"shipping-taxable","22":"purchasable","23":"product-type-simple"},"acf":[],"yoast_head":"<!-- This site is optimized with the Yoast SEO Premium plugin v27.2 (Yoast SEO v27.2) - https:\/\/yoast.com\/product\/yoast-seo-premium-wordpress\/ -->\n<title>DJI Mini 3 - Including DJI RM330 Smart Controller - CO-Label - koningdrone.be<\/title>\n<meta name=\"robots\" content=\"index, follow, max-snippet:-1, max-image-preview:large, max-video-preview:-1\" \/>\n<link rel=\"canonical\" href=\"https:\/\/koningdrone.be\/es\/producto\/dji-mini-3-including-dji-rm330-smart-controller-co-label\/\" \/>\n<meta property=\"og:locale\" content=\"es_ES\" \/>\n<meta property=\"og:type\" content=\"article\" \/>\n<meta property=\"og:title\" content=\"DJI Mini 3 - Including DJI RM330 Smart Controller - CO-Label\" \/>\n<meta property=\"og:description\" content=\"De DJI RC Smart Controller verbetert de besturingservaring voor DJI drones met zijn uitzonderlijke functies. De lichtgewicht behuizing heeft een FHD-scherm en een lange batterijlevensduur voor langere vluchten. De nieuwe joysticks met dubbele veren zorgen voor comfortabel vliegen, terwijl de ondersteuning voor DJI O3+ videotransmissietechnologie de opnamemogelijkheden vanuit de lucht vergroot.\" \/>\n<meta property=\"og:url\" content=\"https:\/\/koningdrone.be\/es\/producto\/dji-mini-3-including-dji-rm330-smart-controller-co-label\/\" \/>\n<meta property=\"og:site_name\" content=\"koningdrone.be\" \/>\n<meta property=\"article:modified_time\" content=\"2026-04-29T02:10:39+00:00\" \/>\n<meta property=\"og:image\" content=\"https:\/\/koningdrone.be\/wp-content\/uploads\/sites\/13\/2025\/04\/euf-dji-mini3-sc-c2-mini-3-including-dji-rm330-smart-controller-co-label-v2avp.jpg\" \/>\n\t<meta property=\"og:image:width\" content=\"1199\" \/>\n\t<meta property=\"og:image:height\" content=\"1200\" \/>\n\t<meta property=\"og:image:type\" content=\"image\/jpeg\" \/>\n<meta name=\"twitter:card\" content=\"summary_large_image\" \/>\n<script type=\"application\/ld+json\" class=\"yoast-schema-graph\">{\"@context\":\"https:\/\/schema.org\",\"@graph\":[{\"@type\":\"WebPage\",\"@id\":\"https:\/\/koningdrone.be\/product\/dji-mini-3-including-dji-rm330-smart-controller-co-label\/\",\"url\":\"https:\/\/koningdrone.be\/product\/dji-mini-3-including-dji-rm330-smart-controller-co-label\/\",\"name\":\"DJI Mini 3 - Including DJI RM330 Smart Controller - CO-Label - koningdrone.be\",\"isPartOf\":{\"@id\":\"https:\/\/koningdrone.be\/#website\"},\"primaryImageOfPage\":{\"@id\":\"https:\/\/koningdrone.be\/product\/dji-mini-3-including-dji-rm330-smart-controller-co-label\/#primaryimage\"},\"image\":{\"@id\":\"https:\/\/koningdrone.be\/product\/dji-mini-3-including-dji-rm330-smart-controller-co-label\/#primaryimage\"},\"thumbnailUrl\":\"https:\/\/koningdrone.be\/wp-content\/uploads\/sites\/13\/2025\/04\/euf-dji-mini3-sc-c2-mini-3-including-dji-rm330-smart-controller-co-label-v2avp.jpg\",\"datePublished\":\"2024-09-05T09:46:43+00:00\",\"dateModified\":\"2026-04-29T02:10:39+00:00\",\"breadcrumb\":{\"@id\":\"https:\/\/koningdrone.be\/product\/dji-mini-3-including-dji-rm330-smart-controller-co-label\/#breadcrumb\"},\"inLanguage\":\"es\",\"potentialAction\":[{\"@type\":\"ReadAction\",\"target\":[\"https:\/\/koningdrone.be\/product\/dji-mini-3-including-dji-rm330-smart-controller-co-label\/\"]}]},{\"@type\":\"ImageObject\",\"inLanguage\":\"es\",\"@id\":\"https:\/\/koningdrone.be\/product\/dji-mini-3-including-dji-rm330-smart-controller-co-label\/#primaryimage\",\"url\":\"https:\/\/koningdrone.be\/wp-content\/uploads\/sites\/13\/2025\/04\/euf-dji-mini3-sc-c2-mini-3-including-dji-rm330-smart-controller-co-label-v2avp.jpg\",\"contentUrl\":\"https:\/\/koningdrone.be\/wp-content\/uploads\/sites\/13\/2025\/04\/euf-dji-mini3-sc-c2-mini-3-including-dji-rm330-smart-controller-co-label-v2avp.jpg\",\"width\":1199,\"height\":1200},{\"@type\":\"BreadcrumbList\",\"@id\":\"https:\/\/koningdrone.be\/product\/dji-mini-3-including-dji-rm330-smart-controller-co-label\/#breadcrumb\",\"itemListElement\":[{\"@type\":\"ListItem\",\"position\":1,\"name\":\"Home\",\"item\":\"https:\/\/koningdrone.be\/\"},{\"@type\":\"ListItem\",\"position\":2,\"name\":\"AVSS Parachute Recovery System for DJI Matrice 300\/350\",\"item\":\"https:\/\/koningdrone.be\/product\/avss-parachute-recovery-system-for-dji-matrice-300-350\/\"},{\"@type\":\"ListItem\",\"position\":3,\"name\":\"Alle drones\",\"item\":\"https:\/\/koningdrone.be\/categorie\/alle-drones\/\"},{\"@type\":\"ListItem\",\"position\":4,\"name\":\"DJI Mini 3 &#8211; Including DJI RM330 Smart Controller &#8211; CO-Label\"}]},{\"@type\":\"WebSite\",\"@id\":\"https:\/\/koningdrone.be\/#website\",\"url\":\"https:\/\/koningdrone.be\/\",\"name\":\"Koningdrone.be - Uw online specialist in drones, gimbals, camera's en power stations.\",\"description\":\"De webshop in drones en gimbals\",\"publisher\":{\"@id\":\"https:\/\/koningdrone.be\/#organization\"},\"potentialAction\":[{\"@type\":\"SearchAction\",\"target\":{\"@type\":\"EntryPoint\",\"urlTemplate\":\"https:\/\/koningdrone.be\/?s={search_term_string}\"},\"query-input\":{\"@type\":\"PropertyValueSpecification\",\"valueRequired\":true,\"valueName\":\"search_term_string\"}}],\"inLanguage\":\"es\"},{\"@type\":\"Organization\",\"@id\":\"https:\/\/koningdrone.be\/#organization\",\"name\":\"Koningdrone.be\",\"url\":\"https:\/\/koningdrone.be\/\",\"logo\":{\"@type\":\"ImageObject\",\"inLanguage\":\"es\",\"@id\":\"https:\/\/koningdrone.be\/#\/schema\/logo\/image\/\",\"url\":\"https:\/\/koningdrone.be\/wp-content\/uploads\/sites\/13\/2025\/04\/koningdrone-copyright-logo.svg\",\"contentUrl\":\"https:\/\/koningdrone.be\/wp-content\/uploads\/sites\/13\/2025\/04\/koningdrone-copyright-logo.svg\",\"width\":227,\"height\":38,\"caption\":\"Koningdrone.be\"},\"image\":{\"@id\":\"https:\/\/koningdrone.be\/#\/schema\/logo\/image\/\"}}]}<\/script>\n<!-- \/ Yoast SEO Premium plugin. -->","yoast_head_json":{"title":"DJI Mini 3 - Including DJI RM330 Smart Controller - CO-Label - koningdrone.be","robots":{"index":"index","follow":"follow","max-snippet":"max-snippet:-1","max-image-preview":"max-image-preview:large","max-video-preview":"max-video-preview:-1"},"canonical":"https:\/\/koningdrone.be\/es\/producto\/dji-mini-3-including-dji-rm330-smart-controller-co-label\/","og_locale":"es_ES","og_type":"article","og_title":"DJI Mini 3 - Including DJI RM330 Smart Controller - CO-Label","og_description":"De DJI RC Smart Controller verbetert de besturingservaring voor DJI drones met zijn uitzonderlijke functies. De lichtgewicht behuizing heeft een FHD-scherm en een lange batterijlevensduur voor langere vluchten. De nieuwe joysticks met dubbele veren zorgen voor comfortabel vliegen, terwijl de ondersteuning voor DJI O3+ videotransmissietechnologie de opnamemogelijkheden vanuit de lucht vergroot.","og_url":"https:\/\/koningdrone.be\/es\/producto\/dji-mini-3-including-dji-rm330-smart-controller-co-label\/","og_site_name":"koningdrone.be","article_modified_time":"2026-04-29T02:10:39+00:00","og_image":[{"width":1199,"height":1200,"url":"https:\/\/koningdrone.be\/wp-content\/uploads\/sites\/13\/2025\/04\/euf-dji-mini3-sc-c2-mini-3-including-dji-rm330-smart-controller-co-label-v2avp.jpg","type":"image\/jpeg"}],"twitter_card":"summary_large_image","schema":{"@context":"https:\/\/schema.org","@graph":[{"@type":"WebPage","@id":"https:\/\/koningdrone.be\/product\/dji-mini-3-including-dji-rm330-smart-controller-co-label\/","url":"https:\/\/koningdrone.be\/product\/dji-mini-3-including-dji-rm330-smart-controller-co-label\/","name":"DJI Mini 3 - Including DJI RM330 Smart Controller - CO-Label - koningdrone.be","isPartOf":{"@id":"https:\/\/koningdrone.be\/#website"},"primaryImageOfPage":{"@id":"https:\/\/koningdrone.be\/product\/dji-mini-3-including-dji-rm330-smart-controller-co-label\/#primaryimage"},"image":{"@id":"https:\/\/koningdrone.be\/product\/dji-mini-3-including-dji-rm330-smart-controller-co-label\/#primaryimage"},"thumbnailUrl":"https:\/\/koningdrone.be\/wp-content\/uploads\/sites\/13\/2025\/04\/euf-dji-mini3-sc-c2-mini-3-including-dji-rm330-smart-controller-co-label-v2avp.jpg","datePublished":"2024-09-05T09:46:43+00:00","dateModified":"2026-04-29T02:10:39+00:00","breadcrumb":{"@id":"https:\/\/koningdrone.be\/product\/dji-mini-3-including-dji-rm330-smart-controller-co-label\/#breadcrumb"},"inLanguage":"es","potentialAction":[{"@type":"ReadAction","target":["https:\/\/koningdrone.be\/product\/dji-mini-3-including-dji-rm330-smart-controller-co-label\/"]}]},{"@type":"ImageObject","inLanguage":"es","@id":"https:\/\/koningdrone.be\/product\/dji-mini-3-including-dji-rm330-smart-controller-co-label\/#primaryimage","url":"https:\/\/koningdrone.be\/wp-content\/uploads\/sites\/13\/2025\/04\/euf-dji-mini3-sc-c2-mini-3-including-dji-rm330-smart-controller-co-label-v2avp.jpg","contentUrl":"https:\/\/koningdrone.be\/wp-content\/uploads\/sites\/13\/2025\/04\/euf-dji-mini3-sc-c2-mini-3-including-dji-rm330-smart-controller-co-label-v2avp.jpg","width":1199,"height":1200},{"@type":"BreadcrumbList","@id":"https:\/\/koningdrone.be\/product\/dji-mini-3-including-dji-rm330-smart-controller-co-label\/#breadcrumb","itemListElement":[{"@type":"ListItem","position":1,"name":"Home","item":"https:\/\/koningdrone.be\/"},{"@type":"ListItem","position":2,"name":"AVSS Parachute Recovery System for DJI Matrice 300\/350","item":"https:\/\/koningdrone.be\/product\/avss-parachute-recovery-system-for-dji-matrice-300-350\/"},{"@type":"ListItem","position":3,"name":"Alle drones","item":"https:\/\/koningdrone.be\/categorie\/alle-drones\/"},{"@type":"ListItem","position":4,"name":"DJI Mini 3 &#8211; Including DJI RM330 Smart Controller &#8211; CO-Label"}]},{"@type":"WebSite","@id":"https:\/\/koningdrone.be\/#website","url":"https:\/\/koningdrone.be\/","name":"Koningdrone.be - Su especialista en l\u00ednea en drones, cardanes, c\u00e1maras y centrales el\u00e9ctricas.","description":"La tienda virtual de drones y cardanes","publisher":{"@id":"https:\/\/koningdrone.be\/#organization"},"potentialAction":[{"@type":"SearchAction","target":{"@type":"EntryPoint","urlTemplate":"https:\/\/koningdrone.be\/?s={search_term_string}"},"query-input":{"@type":"PropertyValueSpecification","valueRequired":true,"valueName":"search_term_string"}}],"inLanguage":"es"},{"@type":"Organization","@id":"https:\/\/koningdrone.be\/#organization","name":"Kingdrone.es","url":"https:\/\/koningdrone.be\/","logo":{"@type":"ImageObject","inLanguage":"es","@id":"https:\/\/koningdrone.be\/#\/schema\/logo\/image\/","url":"https:\/\/koningdrone.be\/wp-content\/uploads\/sites\/13\/2025\/04\/koningdrone-copyright-logo.svg","contentUrl":"https:\/\/koningdrone.be\/wp-content\/uploads\/sites\/13\/2025\/04\/koningdrone-copyright-logo.svg","width":227,"height":38,"caption":"Koningdrone.be"},"image":{"@id":"https:\/\/koningdrone.be\/#\/schema\/logo\/image\/"}}]}},"df_price":430,"df_sale_price":"","df_regular_price":430,"df_image_link":"https:\/\/koningdrone.be\/wp-content\/uploads\/sites\/13\/2025\/04\/euf-dji-mini3-sc-c2-mini-3-including-dji-rm330-smart-controller-co-label-v2avp-300x300.jpg","_links":{"self":[{"href":"https:\/\/koningdrone.be\/es\/wp-json\/wp\/v2\/product\/3393","targetHints":{"allow":["GET"]}}],"collection":[{"href":"https:\/\/koningdrone.be\/es\/wp-json\/wp\/v2\/product"}],"about":[{"href":"https:\/\/koningdrone.be\/es\/wp-json\/wp\/v2\/types\/product"}],"wp:featuredmedia":[{"embeddable":true,"href":"https:\/\/koningdrone.be\/es\/wp-json\/wp\/v2\/media\/3391"}],"wp:attachment":[{"href":"https:\/\/koningdrone.be\/es\/wp-json\/wp\/v2\/media?parent=3393"}],"wp:term":[{"taxonomy":"product_brand","embeddable":true,"href":"https:\/\/koningdrone.be\/es\/wp-json\/wp\/v2\/product_brand?post=3393"},{"taxonomy":"product_cat","embeddable":true,"href":"https:\/\/koningdrone.be\/es\/wp-json\/wp\/v2\/product_cat?post=3393"},{"taxonomy":"product_tag","embeddable":true,"href":"https:\/\/koningdrone.be\/es\/wp-json\/wp\/v2\/product_tag?post=3393"}],"curies":[{"name":"wp","href":"https:\/\/api.w.org\/{rel}","templated":true}]}}