{"id":3242,"date":"2024-09-05T11:50:27","date_gmt":"2024-09-05T09:50:27","guid":{"rendered":"https:\/\/koningdrone.nl\/kon\/product\/dji-agras-t50-spreading-system\/"},"modified":"2026-04-29T16:00:31","modified_gmt":"2026-04-29T14:00:31","slug":"dji-agras-t50-spreading-system","status":"publish","type":"product","link":"https:\/\/koningdrone.be\/es\/producto\/dji-agras-t50-spreading-system\/","title":{"rendered":"Sistema de esparcimiento DJI Agras T50"},"content":{"rendered":"<p>Experimenta una eficiencia y fiabilidad inigualables con el sistema de esparcimiento DJI Agras T50, dise\u00f1ado espec\u00edficamente para el dron DJI Agras T50. Con un robusto dep\u00f3sito esparcidor de 75 litros, este sistema proporciona capacidades de esparcimiento precisas para satisfacer una gran variedad de necesidades agr\u00edcolas. Configura y gestiona tus operaciones de esparcimiento sin problemas a trav\u00e9s de la app DJI Agras, que te permite establecer plantillas espec\u00edficas para diferentes materiales con el fin de garantizar un rendimiento \u00f3ptimo para cada tarea. La app tambi\u00e9n proporciona alertas en tiempo real de dep\u00f3sitos vac\u00edos y detecta desviaciones en la velocidad de rotaci\u00f3n, la temperatura y el tama\u00f1o de salida de la tolva.<\/p>","protected":false},"excerpt":{"rendered":"<ul>\n<li>Gran carga \u00fatil: Puede soportar una carga \u00fatil de 50 kg con una capacidad m\u00e1xima del dep\u00f3sito de 75 litros, equipado con un puerto de carga ampliado para un r\u00e1pido rellenado.<\/li>\n<li>Esparcimiento eficaz: El par mejorado y la compuerta de salida ampliada proporcionan un caudal de hasta 108 kg\/min, para un esparcimiento r\u00e1pido y eficaz.<\/li>\n<li>Distribuci\u00f3n uniforme: el molinete de canal en espiral garantiza que el material se distribuya uniformemente por el campo.<\/li>\n<li>Esparcido preciso a baja velocidad: las v\u00e1lvulas de tolva conmutables mejoran la precisi\u00f3n para materiales que requieren caudales m\u00e1s bajos.<\/li>\n<li>Control en tiempo real: los sensores de pesaje integrados proporcionan datos en tiempo real sobre la carga restante, lo que garantiza la precisi\u00f3n de las operaciones.<\/li>\n<li>F\u00e1cil mantenimiento: dise\u00f1ado para un desmontaje y limpieza r\u00e1pidos, el esparcidor simplifica las tareas de mantenimiento.<\/li>\n<li>Fiabilidad y seguridad: el sistema de esparcimiento T50 ha sido sometido a pruebas exhaustivas de fiabilidad y durabilidad.<\/li>\n<\/ul>","protected":false},"featured_media":3241,"template":"","meta":{"_acf_changed":false},"product_brand":[],"product_cat":[97,567,568],"product_tag":[],"class_list":{"0":"post-3242","1":"product","2":"type-product","3":"status-publish","4":"has-post-thumbnail","6":"product_cat-alle-producten","7":"product_cat-dji-agras","8":"product_cat-landbouw-drones","9":"product_shipping_class-outofstock","10":"pa_brand-dji","11":"pa_dronegrade-enterprise","12":"pa_productfamily-strooisysteem","13":"pa_producttype-strooisysteem","14":"pa_series-t50","16":"first","17":"outofstock","18":"taxable","19":"shipping-taxable","20":"purchasable","21":"product-type-simple"},"acf":[],"yoast_head":"<!-- This site is optimized with the Yoast SEO Premium plugin v27.2 (Yoast SEO v27.2) - https:\/\/yoast.com\/product\/yoast-seo-premium-wordpress\/ -->\n<title>DJI Agras T50 Spreading System - koningdrone.be<\/title>\n<meta name=\"robots\" content=\"index, follow, max-snippet:-1, max-image-preview:large, max-video-preview:-1\" \/>\n<link rel=\"canonical\" href=\"https:\/\/koningdrone.be\/es\/producto\/dji-agras-t50-spreading-system\/\" \/>\n<meta property=\"og:locale\" content=\"es_ES\" \/>\n<meta property=\"og:type\" content=\"article\" \/>\n<meta property=\"og:title\" content=\"DJI Agras T50 Spreading System\" \/>\n<meta property=\"og:description\" content=\"Hoog laadvermogen: Kan een nuttige last van 50 kg hanteren met een maximale tankinhoud van 75 liter, voorzien van een verlengde laadpoort voor snel bijvullen.  Effici\u00ebnte verspreiding: Een verbeterd koppel en een vergroot uitstroomluik zorgen voor een debiet tot 108 kg\/min, zodat er snel en effici\u00ebnt gestrooid kan worden.  Gelijkmatige verdeling: De spiraalkanaalspinschijf zorgt ervoor dat het materiaal gelijkmatig over het veld wordt verspreid.  Nauwkeurig strooien met lage snelheid: Omschakelbare trechterafsluiters verbeteren de nauwkeurigheid voor materialen die een lager debiet vereisen.  Real-Time Controle: Ge\u00efntegreerde weegsensoren leveren realtime gegevens over de resterende lading, waardoor nauwkeurige bewerkingen gegarandeerd zijn.  Eenvoudig onderhoud: De strooier is ontworpen voor snelle demontage en reiniging en vereenvoudigt onderhoudstaken.  Betrouwbaarheid en veiligheid: Het T50-strooisysteem is uitgebreid getest op betrouwbaarheid en duurzaamheid.\" \/>\n<meta property=\"og:url\" content=\"https:\/\/koningdrone.be\/es\/producto\/dji-agras-t50-spreading-system\/\" \/>\n<meta property=\"og:site_name\" content=\"koningdrone.be\" \/>\n<meta property=\"article:modified_time\" content=\"2026-04-29T14:00:31+00:00\" \/>\n<meta property=\"og:image\" content=\"https:\/\/koningdrone.be\/wp-content\/uploads\/sites\/13\/2025\/04\/dji-agras-t40-spreading-system-3-0-hse-uav_957ac99b-32f3-4d87-8a76-e538d2a6c35d_1024x1024@2x.png\" \/>\n\t<meta property=\"og:image:width\" content=\"2048\" \/>\n\t<meta property=\"og:image:height\" content=\"1152\" \/>\n\t<meta property=\"og:image:type\" content=\"image\/png\" \/>\n<meta name=\"twitter:card\" content=\"summary_large_image\" \/>\n<script type=\"application\/ld+json\" class=\"yoast-schema-graph\">{\"@context\":\"https:\/\/schema.org\",\"@graph\":[{\"@type\":\"WebPage\",\"@id\":\"https:\/\/koningdrone.be\/product\/dji-agras-t50-spreading-system\/\",\"url\":\"https:\/\/koningdrone.be\/product\/dji-agras-t50-spreading-system\/\",\"name\":\"DJI Agras T50 Spreading System - koningdrone.be\",\"isPartOf\":{\"@id\":\"https:\/\/koningdrone.be\/#website\"},\"primaryImageOfPage\":{\"@id\":\"https:\/\/koningdrone.be\/product\/dji-agras-t50-spreading-system\/#primaryimage\"},\"image\":{\"@id\":\"https:\/\/koningdrone.be\/product\/dji-agras-t50-spreading-system\/#primaryimage\"},\"thumbnailUrl\":\"https:\/\/koningdrone.be\/wp-content\/uploads\/sites\/13\/2025\/04\/dji-agras-t40-spreading-system-3-0-hse-uav_957ac99b-32f3-4d87-8a76-e538d2a6c35d_1024x1024@2x.png\",\"datePublished\":\"2024-09-05T09:50:27+00:00\",\"dateModified\":\"2026-04-29T14:00:31+00:00\",\"breadcrumb\":{\"@id\":\"https:\/\/koningdrone.be\/product\/dji-agras-t50-spreading-system\/#breadcrumb\"},\"inLanguage\":\"es\",\"potentialAction\":[{\"@type\":\"ReadAction\",\"target\":[\"https:\/\/koningdrone.be\/product\/dji-agras-t50-spreading-system\/\"]}]},{\"@type\":\"ImageObject\",\"inLanguage\":\"es\",\"@id\":\"https:\/\/koningdrone.be\/product\/dji-agras-t50-spreading-system\/#primaryimage\",\"url\":\"https:\/\/koningdrone.be\/wp-content\/uploads\/sites\/13\/2025\/04\/dji-agras-t40-spreading-system-3-0-hse-uav_957ac99b-32f3-4d87-8a76-e538d2a6c35d_1024x1024@2x.png\",\"contentUrl\":\"https:\/\/koningdrone.be\/wp-content\/uploads\/sites\/13\/2025\/04\/dji-agras-t40-spreading-system-3-0-hse-uav_957ac99b-32f3-4d87-8a76-e538d2a6c35d_1024x1024@2x.png\",\"width\":2048,\"height\":1152},{\"@type\":\"BreadcrumbList\",\"@id\":\"https:\/\/koningdrone.be\/product\/dji-agras-t50-spreading-system\/#breadcrumb\",\"itemListElement\":[{\"@type\":\"ListItem\",\"position\":1,\"name\":\"Home\",\"item\":\"https:\/\/koningdrone.be\/\"},{\"@type\":\"ListItem\",\"position\":2,\"name\":\"AVSS Parachute Recovery System for DJI Matrice 300\/350\",\"item\":\"https:\/\/koningdrone.be\/product\/avss-parachute-recovery-system-for-dji-matrice-300-350\/\"},{\"@type\":\"ListItem\",\"position\":3,\"name\":\"Alle producten\",\"item\":\"https:\/\/koningdrone.be\/categorie\/alle-producten\/\"},{\"@type\":\"ListItem\",\"position\":4,\"name\":\"DJI Agras T50 Spreading System\"}]},{\"@type\":\"WebSite\",\"@id\":\"https:\/\/koningdrone.be\/#website\",\"url\":\"https:\/\/koningdrone.be\/\",\"name\":\"Koningdrone.be - Uw online specialist in drones, gimbals, camera's en power stations.\",\"description\":\"De webshop in drones en gimbals\",\"publisher\":{\"@id\":\"https:\/\/koningdrone.be\/#organization\"},\"potentialAction\":[{\"@type\":\"SearchAction\",\"target\":{\"@type\":\"EntryPoint\",\"urlTemplate\":\"https:\/\/koningdrone.be\/?s={search_term_string}\"},\"query-input\":{\"@type\":\"PropertyValueSpecification\",\"valueRequired\":true,\"valueName\":\"search_term_string\"}}],\"inLanguage\":\"es\"},{\"@type\":\"Organization\",\"@id\":\"https:\/\/koningdrone.be\/#organization\",\"name\":\"Koningdrone.be\",\"url\":\"https:\/\/koningdrone.be\/\",\"logo\":{\"@type\":\"ImageObject\",\"inLanguage\":\"es\",\"@id\":\"https:\/\/koningdrone.be\/#\/schema\/logo\/image\/\",\"url\":\"https:\/\/koningdrone.be\/wp-content\/uploads\/sites\/13\/2025\/04\/koningdrone-copyright-logo.svg\",\"contentUrl\":\"https:\/\/koningdrone.be\/wp-content\/uploads\/sites\/13\/2025\/04\/koningdrone-copyright-logo.svg\",\"width\":227,\"height\":38,\"caption\":\"Koningdrone.be\"},\"image\":{\"@id\":\"https:\/\/koningdrone.be\/#\/schema\/logo\/image\/\"}}]}<\/script>\n<!-- \/ Yoast SEO Premium plugin. -->","yoast_head_json":{"title":"DJI Agras T50 Spreading System - koningdrone.be","robots":{"index":"index","follow":"follow","max-snippet":"max-snippet:-1","max-image-preview":"max-image-preview:large","max-video-preview":"max-video-preview:-1"},"canonical":"https:\/\/koningdrone.be\/es\/producto\/dji-agras-t50-spreading-system\/","og_locale":"es_ES","og_type":"article","og_title":"DJI Agras T50 Spreading System","og_description":"Hoog laadvermogen: Kan een nuttige last van 50 kg hanteren met een maximale tankinhoud van 75 liter, voorzien van een verlengde laadpoort voor snel bijvullen.  Effici\u00ebnte verspreiding: Een verbeterd koppel en een vergroot uitstroomluik zorgen voor een debiet tot 108 kg\/min, zodat er snel en effici\u00ebnt gestrooid kan worden.  Gelijkmatige verdeling: De spiraalkanaalspinschijf zorgt ervoor dat het materiaal gelijkmatig over het veld wordt verspreid.  Nauwkeurig strooien met lage snelheid: Omschakelbare trechterafsluiters verbeteren de nauwkeurigheid voor materialen die een lager debiet vereisen.  Real-Time Controle: Ge\u00efntegreerde weegsensoren leveren realtime gegevens over de resterende lading, waardoor nauwkeurige bewerkingen gegarandeerd zijn.  Eenvoudig onderhoud: De strooier is ontworpen voor snelle demontage en reiniging en vereenvoudigt onderhoudstaken.  Betrouwbaarheid en veiligheid: Het T50-strooisysteem is uitgebreid getest op betrouwbaarheid en duurzaamheid.","og_url":"https:\/\/koningdrone.be\/es\/producto\/dji-agras-t50-spreading-system\/","og_site_name":"koningdrone.be","article_modified_time":"2026-04-29T14:00:31+00:00","og_image":[{"width":2048,"height":1152,"url":"https:\/\/koningdrone.be\/wp-content\/uploads\/sites\/13\/2025\/04\/dji-agras-t40-spreading-system-3-0-hse-uav_957ac99b-32f3-4d87-8a76-e538d2a6c35d_1024x1024@2x.png","type":"image\/png"}],"twitter_card":"summary_large_image","schema":{"@context":"https:\/\/schema.org","@graph":[{"@type":"WebPage","@id":"https:\/\/koningdrone.be\/product\/dji-agras-t50-spreading-system\/","url":"https:\/\/koningdrone.be\/product\/dji-agras-t50-spreading-system\/","name":"DJI Agras T50 Spreading System - koningdrone.be","isPartOf":{"@id":"https:\/\/koningdrone.be\/#website"},"primaryImageOfPage":{"@id":"https:\/\/koningdrone.be\/product\/dji-agras-t50-spreading-system\/#primaryimage"},"image":{"@id":"https:\/\/koningdrone.be\/product\/dji-agras-t50-spreading-system\/#primaryimage"},"thumbnailUrl":"https:\/\/koningdrone.be\/wp-content\/uploads\/sites\/13\/2025\/04\/dji-agras-t40-spreading-system-3-0-hse-uav_957ac99b-32f3-4d87-8a76-e538d2a6c35d_1024x1024@2x.png","datePublished":"2024-09-05T09:50:27+00:00","dateModified":"2026-04-29T14:00:31+00:00","breadcrumb":{"@id":"https:\/\/koningdrone.be\/product\/dji-agras-t50-spreading-system\/#breadcrumb"},"inLanguage":"es","potentialAction":[{"@type":"ReadAction","target":["https:\/\/koningdrone.be\/product\/dji-agras-t50-spreading-system\/"]}]},{"@type":"ImageObject","inLanguage":"es","@id":"https:\/\/koningdrone.be\/product\/dji-agras-t50-spreading-system\/#primaryimage","url":"https:\/\/koningdrone.be\/wp-content\/uploads\/sites\/13\/2025\/04\/dji-agras-t40-spreading-system-3-0-hse-uav_957ac99b-32f3-4d87-8a76-e538d2a6c35d_1024x1024@2x.png","contentUrl":"https:\/\/koningdrone.be\/wp-content\/uploads\/sites\/13\/2025\/04\/dji-agras-t40-spreading-system-3-0-hse-uav_957ac99b-32f3-4d87-8a76-e538d2a6c35d_1024x1024@2x.png","width":2048,"height":1152},{"@type":"BreadcrumbList","@id":"https:\/\/koningdrone.be\/product\/dji-agras-t50-spreading-system\/#breadcrumb","itemListElement":[{"@type":"ListItem","position":1,"name":"Home","item":"https:\/\/koningdrone.be\/"},{"@type":"ListItem","position":2,"name":"AVSS Parachute Recovery System for DJI Matrice 300\/350","item":"https:\/\/koningdrone.be\/product\/avss-parachute-recovery-system-for-dji-matrice-300-350\/"},{"@type":"ListItem","position":3,"name":"Alle producten","item":"https:\/\/koningdrone.be\/categorie\/alle-producten\/"},{"@type":"ListItem","position":4,"name":"DJI Agras T50 Spreading System"}]},{"@type":"WebSite","@id":"https:\/\/koningdrone.be\/#website","url":"https:\/\/koningdrone.be\/","name":"Koningdrone.be - Su especialista en l\u00ednea en drones, cardanes, c\u00e1maras y centrales el\u00e9ctricas.","description":"La tienda virtual de drones y cardanes","publisher":{"@id":"https:\/\/koningdrone.be\/#organization"},"potentialAction":[{"@type":"SearchAction","target":{"@type":"EntryPoint","urlTemplate":"https:\/\/koningdrone.be\/?s={search_term_string}"},"query-input":{"@type":"PropertyValueSpecification","valueRequired":true,"valueName":"search_term_string"}}],"inLanguage":"es"},{"@type":"Organization","@id":"https:\/\/koningdrone.be\/#organization","name":"Kingdrone.es","url":"https:\/\/koningdrone.be\/","logo":{"@type":"ImageObject","inLanguage":"es","@id":"https:\/\/koningdrone.be\/#\/schema\/logo\/image\/","url":"https:\/\/koningdrone.be\/wp-content\/uploads\/sites\/13\/2025\/04\/koningdrone-copyright-logo.svg","contentUrl":"https:\/\/koningdrone.be\/wp-content\/uploads\/sites\/13\/2025\/04\/koningdrone-copyright-logo.svg","width":227,"height":38,"caption":"Koningdrone.be"},"image":{"@id":"https:\/\/koningdrone.be\/#\/schema\/logo\/image\/"}}]}},"df_price":976,"df_sale_price":"","df_regular_price":976,"df_image_link":"https:\/\/koningdrone.be\/wp-content\/uploads\/sites\/13\/2025\/04\/dji-agras-t40-spreading-system-3-0-hse-uav_957ac99b-32f3-4d87-8a76-e538d2a6c35d_1024x1024@2x-300x169.png","_links":{"self":[{"href":"https:\/\/koningdrone.be\/es\/wp-json\/wp\/v2\/product\/3242","targetHints":{"allow":["GET"]}}],"collection":[{"href":"https:\/\/koningdrone.be\/es\/wp-json\/wp\/v2\/product"}],"about":[{"href":"https:\/\/koningdrone.be\/es\/wp-json\/wp\/v2\/types\/product"}],"wp:featuredmedia":[{"embeddable":true,"href":"https:\/\/koningdrone.be\/es\/wp-json\/wp\/v2\/media\/3241"}],"wp:attachment":[{"href":"https:\/\/koningdrone.be\/es\/wp-json\/wp\/v2\/media?parent=3242"}],"wp:term":[{"taxonomy":"product_brand","embeddable":true,"href":"https:\/\/koningdrone.be\/es\/wp-json\/wp\/v2\/product_brand?post=3242"},{"taxonomy":"product_cat","embeddable":true,"href":"https:\/\/koningdrone.be\/es\/wp-json\/wp\/v2\/product_cat?post=3242"},{"taxonomy":"product_tag","embeddable":true,"href":"https:\/\/koningdrone.be\/es\/wp-json\/wp\/v2\/product_tag?post=3242"}],"curies":[{"name":"wp","href":"https:\/\/api.w.org\/{rel}","templated":true}]}}