{"id":3237,"date":"2024-09-05T11:50:27","date_gmt":"2024-09-05T09:50:27","guid":{"rendered":"https:\/\/koningdrone.nl\/kon\/product\/dji-agras-t50-charger-c10000\/"},"modified":"2026-04-29T16:00:30","modified_gmt":"2026-04-29T14:00:30","slug":"dji-agras-t50-charger-c10000","status":"publish","type":"product","link":"https:\/\/koningdrone.be\/es\/producto\/dji-agras-t50-charger-c10000\/","title":{"rendered":"Cargador DJI Agras T50 C10000"},"content":{"rendered":"<p>El Cargador Inteligente C10000 admite carga lenta y r\u00e1pida y puede conectarse a una Bater\u00eda Inteligente de Vuelo. Durante la carga, el cargador supervisa el estado de las bater\u00edas y puede ajustar autom\u00e1ticamente la corriente de carga si es necesario. La funci\u00f3n inteligente garantiza que la carga pueda continuar incluso si las rejillas de ventilaci\u00f3n est\u00e1n bloqueadas. El cargador tambi\u00e9n dispone de una funci\u00f3n de autodiagn\u00f3stico. Los usuarios pueden comprobar si hay errores en los LED de estado. Para detectar cualquier error, los usuarios pueden conectar el cargador a un mando a distancia con un cable USB-C e iniciar la app DJI Agras.<\/p>","protected":false},"excerpt":{"rendered":"<ul>\n<li>Eficacia: disfrute de tiempos de carga m\u00e1s r\u00e1pidos, reduzca sus retrasos operativos y aumente la productividad.<\/li>\n<li><\/li>\n<li>Integraci\u00f3n perfecta: Dise\u00f1ado para funcionar a la perfecci\u00f3n con las estaciones de refrigeraci\u00f3n de bater\u00edas DJI Agras T50 y T40, eliminando la necesidad de adaptadores.<\/li>\n<li><\/li>\n<li>Dise\u00f1o robusto: construido para soportar operaciones agr\u00edcolas exigentes, garantizando fiabilidad y longevidad en diferentes entornos.<\/li>\n<\/ul>","protected":false},"featured_media":3236,"template":"","meta":{"_acf_changed":false},"product_brand":[],"product_cat":[97,567,568],"product_tag":[],"class_list":{"0":"post-3237","1":"product","2":"type-product","3":"status-publish","4":"has-post-thumbnail","6":"product_cat-alle-producten","7":"product_cat-dji-agras","8":"product_cat-landbouw-drones","9":"product_shipping_class-outofstock","10":"pa_brand-dji","11":"pa_dronegrade-enterprise","12":"pa_productfamily-lader","13":"pa_producttype-lader","14":"pa_series-t50","16":"first","17":"outofstock","18":"taxable","19":"shipping-taxable","20":"purchasable","21":"product-type-simple"},"acf":[],"yoast_head":"<!-- This site is optimized with the Yoast SEO Premium plugin v27.2 (Yoast SEO v27.2) - https:\/\/yoast.com\/product\/yoast-seo-premium-wordpress\/ -->\n<title>DJI Agras T50 Charger C10000 - koningdrone.be<\/title>\n<meta name=\"robots\" content=\"index, follow, max-snippet:-1, max-image-preview:large, max-video-preview:-1\" \/>\n<link rel=\"canonical\" href=\"https:\/\/koningdrone.be\/es\/producto\/dji-agras-t50-charger-c10000\/\" \/>\n<meta property=\"og:locale\" content=\"es_ES\" \/>\n<meta property=\"og:type\" content=\"article\" \/>\n<meta property=\"og:title\" content=\"DJI Agras T50 Charger C10000\" \/>\n<meta property=\"og:description\" content=\"Effici\u00ebntie: Ervaar snellere laadtijden, verminder uw operationele vertragingen en verhoog uw productiviteit.    Naadloze integratie: Ontworpen om naadloos samen te werken met de DJI Agras T50 en T40 accukoelstations, waardoor er geen adapters nodig zijn.    Robuust ontwerp: Gebouwd om veeleisende landbouwactiviteiten te ondersteunen, zodat betrouwbaarheid en een lange levensduur in verschillende omgevingen gegarandeerd zijn.\" \/>\n<meta property=\"og:url\" content=\"https:\/\/koningdrone.be\/es\/producto\/dji-agras-t50-charger-c10000\/\" \/>\n<meta property=\"og:site_name\" content=\"koningdrone.be\" \/>\n<meta property=\"article:modified_time\" content=\"2026-04-29T14:00:30+00:00\" \/>\n<meta property=\"og:image\" content=\"https:\/\/koningdrone.be\/wp-content\/uploads\/sites\/13\/2025\/04\/DJIC10000Chager_8312784c-9b40-40e3-9c2f-0c563f61aa40_500x.jpg\" \/>\n\t<meta property=\"og:image:width\" content=\"500\" \/>\n\t<meta property=\"og:image:height\" content=\"281\" \/>\n\t<meta property=\"og:image:type\" content=\"image\/jpeg\" \/>\n<meta name=\"twitter:card\" content=\"summary_large_image\" \/>\n<script type=\"application\/ld+json\" class=\"yoast-schema-graph\">{\"@context\":\"https:\/\/schema.org\",\"@graph\":[{\"@type\":\"WebPage\",\"@id\":\"https:\/\/koningdrone.be\/product\/dji-agras-t50-charger-c10000\/\",\"url\":\"https:\/\/koningdrone.be\/product\/dji-agras-t50-charger-c10000\/\",\"name\":\"DJI Agras T50 Charger C10000 - koningdrone.be\",\"isPartOf\":{\"@id\":\"https:\/\/koningdrone.be\/#website\"},\"primaryImageOfPage\":{\"@id\":\"https:\/\/koningdrone.be\/product\/dji-agras-t50-charger-c10000\/#primaryimage\"},\"image\":{\"@id\":\"https:\/\/koningdrone.be\/product\/dji-agras-t50-charger-c10000\/#primaryimage\"},\"thumbnailUrl\":\"https:\/\/koningdrone.be\/wp-content\/uploads\/sites\/13\/2025\/04\/DJIC10000Chager_8312784c-9b40-40e3-9c2f-0c563f61aa40_500x.jpg\",\"datePublished\":\"2024-09-05T09:50:27+00:00\",\"dateModified\":\"2026-04-29T14:00:30+00:00\",\"breadcrumb\":{\"@id\":\"https:\/\/koningdrone.be\/product\/dji-agras-t50-charger-c10000\/#breadcrumb\"},\"inLanguage\":\"es\",\"potentialAction\":[{\"@type\":\"ReadAction\",\"target\":[\"https:\/\/koningdrone.be\/product\/dji-agras-t50-charger-c10000\/\"]}]},{\"@type\":\"ImageObject\",\"inLanguage\":\"es\",\"@id\":\"https:\/\/koningdrone.be\/product\/dji-agras-t50-charger-c10000\/#primaryimage\",\"url\":\"https:\/\/koningdrone.be\/wp-content\/uploads\/sites\/13\/2025\/04\/DJIC10000Chager_8312784c-9b40-40e3-9c2f-0c563f61aa40_500x.jpg\",\"contentUrl\":\"https:\/\/koningdrone.be\/wp-content\/uploads\/sites\/13\/2025\/04\/DJIC10000Chager_8312784c-9b40-40e3-9c2f-0c563f61aa40_500x.jpg\",\"width\":500,\"height\":281},{\"@type\":\"BreadcrumbList\",\"@id\":\"https:\/\/koningdrone.be\/product\/dji-agras-t50-charger-c10000\/#breadcrumb\",\"itemListElement\":[{\"@type\":\"ListItem\",\"position\":1,\"name\":\"Home\",\"item\":\"https:\/\/koningdrone.be\/\"},{\"@type\":\"ListItem\",\"position\":2,\"name\":\"AVSS Parachute Recovery System for DJI Matrice 300\/350\",\"item\":\"https:\/\/koningdrone.be\/product\/avss-parachute-recovery-system-for-dji-matrice-300-350\/\"},{\"@type\":\"ListItem\",\"position\":3,\"name\":\"Alle producten\",\"item\":\"https:\/\/koningdrone.be\/categorie\/alle-producten\/\"},{\"@type\":\"ListItem\",\"position\":4,\"name\":\"DJI Agras T50 Charger C10000\"}]},{\"@type\":\"WebSite\",\"@id\":\"https:\/\/koningdrone.be\/#website\",\"url\":\"https:\/\/koningdrone.be\/\",\"name\":\"Koningdrone.be - Uw online specialist in drones, gimbals, camera's en power stations.\",\"description\":\"De webshop in drones en gimbals\",\"publisher\":{\"@id\":\"https:\/\/koningdrone.be\/#organization\"},\"potentialAction\":[{\"@type\":\"SearchAction\",\"target\":{\"@type\":\"EntryPoint\",\"urlTemplate\":\"https:\/\/koningdrone.be\/?s={search_term_string}\"},\"query-input\":{\"@type\":\"PropertyValueSpecification\",\"valueRequired\":true,\"valueName\":\"search_term_string\"}}],\"inLanguage\":\"es\"},{\"@type\":\"Organization\",\"@id\":\"https:\/\/koningdrone.be\/#organization\",\"name\":\"Koningdrone.be\",\"url\":\"https:\/\/koningdrone.be\/\",\"logo\":{\"@type\":\"ImageObject\",\"inLanguage\":\"es\",\"@id\":\"https:\/\/koningdrone.be\/#\/schema\/logo\/image\/\",\"url\":\"https:\/\/koningdrone.be\/wp-content\/uploads\/sites\/13\/2025\/04\/koningdrone-copyright-logo.svg\",\"contentUrl\":\"https:\/\/koningdrone.be\/wp-content\/uploads\/sites\/13\/2025\/04\/koningdrone-copyright-logo.svg\",\"width\":227,\"height\":38,\"caption\":\"Koningdrone.be\"},\"image\":{\"@id\":\"https:\/\/koningdrone.be\/#\/schema\/logo\/image\/\"}}]}<\/script>\n<!-- \/ Yoast SEO Premium plugin. -->","yoast_head_json":{"title":"DJI Agras T50 Charger C10000 - koningdrone.be","robots":{"index":"index","follow":"follow","max-snippet":"max-snippet:-1","max-image-preview":"max-image-preview:large","max-video-preview":"max-video-preview:-1"},"canonical":"https:\/\/koningdrone.be\/es\/producto\/dji-agras-t50-charger-c10000\/","og_locale":"es_ES","og_type":"article","og_title":"DJI Agras T50 Charger C10000","og_description":"Effici\u00ebntie: Ervaar snellere laadtijden, verminder uw operationele vertragingen en verhoog uw productiviteit.    Naadloze integratie: Ontworpen om naadloos samen te werken met de DJI Agras T50 en T40 accukoelstations, waardoor er geen adapters nodig zijn.    Robuust ontwerp: Gebouwd om veeleisende landbouwactiviteiten te ondersteunen, zodat betrouwbaarheid en een lange levensduur in verschillende omgevingen gegarandeerd zijn.","og_url":"https:\/\/koningdrone.be\/es\/producto\/dji-agras-t50-charger-c10000\/","og_site_name":"koningdrone.be","article_modified_time":"2026-04-29T14:00:30+00:00","og_image":[{"width":500,"height":281,"url":"https:\/\/koningdrone.be\/wp-content\/uploads\/sites\/13\/2025\/04\/DJIC10000Chager_8312784c-9b40-40e3-9c2f-0c563f61aa40_500x.jpg","type":"image\/jpeg"}],"twitter_card":"summary_large_image","schema":{"@context":"https:\/\/schema.org","@graph":[{"@type":"WebPage","@id":"https:\/\/koningdrone.be\/product\/dji-agras-t50-charger-c10000\/","url":"https:\/\/koningdrone.be\/product\/dji-agras-t50-charger-c10000\/","name":"DJI Agras T50 Charger C10000 - koningdrone.be","isPartOf":{"@id":"https:\/\/koningdrone.be\/#website"},"primaryImageOfPage":{"@id":"https:\/\/koningdrone.be\/product\/dji-agras-t50-charger-c10000\/#primaryimage"},"image":{"@id":"https:\/\/koningdrone.be\/product\/dji-agras-t50-charger-c10000\/#primaryimage"},"thumbnailUrl":"https:\/\/koningdrone.be\/wp-content\/uploads\/sites\/13\/2025\/04\/DJIC10000Chager_8312784c-9b40-40e3-9c2f-0c563f61aa40_500x.jpg","datePublished":"2024-09-05T09:50:27+00:00","dateModified":"2026-04-29T14:00:30+00:00","breadcrumb":{"@id":"https:\/\/koningdrone.be\/product\/dji-agras-t50-charger-c10000\/#breadcrumb"},"inLanguage":"es","potentialAction":[{"@type":"ReadAction","target":["https:\/\/koningdrone.be\/product\/dji-agras-t50-charger-c10000\/"]}]},{"@type":"ImageObject","inLanguage":"es","@id":"https:\/\/koningdrone.be\/product\/dji-agras-t50-charger-c10000\/#primaryimage","url":"https:\/\/koningdrone.be\/wp-content\/uploads\/sites\/13\/2025\/04\/DJIC10000Chager_8312784c-9b40-40e3-9c2f-0c563f61aa40_500x.jpg","contentUrl":"https:\/\/koningdrone.be\/wp-content\/uploads\/sites\/13\/2025\/04\/DJIC10000Chager_8312784c-9b40-40e3-9c2f-0c563f61aa40_500x.jpg","width":500,"height":281},{"@type":"BreadcrumbList","@id":"https:\/\/koningdrone.be\/product\/dji-agras-t50-charger-c10000\/#breadcrumb","itemListElement":[{"@type":"ListItem","position":1,"name":"Home","item":"https:\/\/koningdrone.be\/"},{"@type":"ListItem","position":2,"name":"AVSS Parachute Recovery System for DJI Matrice 300\/350","item":"https:\/\/koningdrone.be\/product\/avss-parachute-recovery-system-for-dji-matrice-300-350\/"},{"@type":"ListItem","position":3,"name":"Alle producten","item":"https:\/\/koningdrone.be\/categorie\/alle-producten\/"},{"@type":"ListItem","position":4,"name":"DJI Agras T50 Charger C10000"}]},{"@type":"WebSite","@id":"https:\/\/koningdrone.be\/#website","url":"https:\/\/koningdrone.be\/","name":"Koningdrone.be - Su especialista en l\u00ednea en drones, cardanes, c\u00e1maras y centrales el\u00e9ctricas.","description":"La tienda virtual de drones y cardanes","publisher":{"@id":"https:\/\/koningdrone.be\/#organization"},"potentialAction":[{"@type":"SearchAction","target":{"@type":"EntryPoint","urlTemplate":"https:\/\/koningdrone.be\/?s={search_term_string}"},"query-input":{"@type":"PropertyValueSpecification","valueRequired":true,"valueName":"search_term_string"}}],"inLanguage":"es"},{"@type":"Organization","@id":"https:\/\/koningdrone.be\/#organization","name":"Kingdrone.es","url":"https:\/\/koningdrone.be\/","logo":{"@type":"ImageObject","inLanguage":"es","@id":"https:\/\/koningdrone.be\/#\/schema\/logo\/image\/","url":"https:\/\/koningdrone.be\/wp-content\/uploads\/sites\/13\/2025\/04\/koningdrone-copyright-logo.svg","contentUrl":"https:\/\/koningdrone.be\/wp-content\/uploads\/sites\/13\/2025\/04\/koningdrone-copyright-logo.svg","width":227,"height":38,"caption":"Koningdrone.be"},"image":{"@id":"https:\/\/koningdrone.be\/#\/schema\/logo\/image\/"}}]}},"df_price":1625.01,"df_sale_price":"","df_regular_price":1625.01,"df_image_link":"https:\/\/koningdrone.be\/wp-content\/uploads\/sites\/13\/2025\/04\/DJIC10000Chager_8312784c-9b40-40e3-9c2f-0c563f61aa40_500x-300x169.jpg","_links":{"self":[{"href":"https:\/\/koningdrone.be\/es\/wp-json\/wp\/v2\/product\/3237","targetHints":{"allow":["GET"]}}],"collection":[{"href":"https:\/\/koningdrone.be\/es\/wp-json\/wp\/v2\/product"}],"about":[{"href":"https:\/\/koningdrone.be\/es\/wp-json\/wp\/v2\/types\/product"}],"wp:featuredmedia":[{"embeddable":true,"href":"https:\/\/koningdrone.be\/es\/wp-json\/wp\/v2\/media\/3236"}],"wp:attachment":[{"href":"https:\/\/koningdrone.be\/es\/wp-json\/wp\/v2\/media?parent=3237"}],"wp:term":[{"taxonomy":"product_brand","embeddable":true,"href":"https:\/\/koningdrone.be\/es\/wp-json\/wp\/v2\/product_brand?post=3237"},{"taxonomy":"product_cat","embeddable":true,"href":"https:\/\/koningdrone.be\/es\/wp-json\/wp\/v2\/product_cat?post=3237"},{"taxonomy":"product_tag","embeddable":true,"href":"https:\/\/koningdrone.be\/es\/wp-json\/wp\/v2\/product_tag?post=3237"}],"curies":[{"name":"wp","href":"https:\/\/api.w.org\/{rel}","templated":true}]}}