{"id":3235,"date":"2024-09-05T11:50:27","date_gmt":"2024-09-05T09:50:27","guid":{"rendered":"https:\/\/koningdrone.nl\/kon\/product\/dji-agras-t50\/"},"modified":"2026-04-29T04:30:11","modified_gmt":"2026-04-29T02:30:11","slug":"dji-agras-t50","status":"publish","type":"product","link":"https:\/\/koningdrone.be\/es\/producto\/dji-agras-t50\/","title":{"rendered":"DJI Agras T50"},"content":{"rendered":"<p>El Agras T50 lleva el trabajo agr\u00edcola con drones a nuevas cotas. El dron cuenta con un potente sistema de propulsi\u00f3n coaxial de doble rotor y una estructura de tipo dividido resistente a la torsi\u00f3n para una estabilidad inigualable al transportar una carga \u00fatil de 88 libras para pulverizar o 110 libras para esparcir. El T50 utiliza un sistema de pulverizaci\u00f3n dual, radares phased array delantero y trasero y un sistema de visi\u00f3n binocular. La capacidad de la franja de prueba se ha incrementado significativamente con un mayor espaciado de hasta 120 pies. Ahorre tiempo y sea m\u00e1s eficiente volando de un campo a otro gracias a sus capacidades multimisi\u00f3n. El Agras T50 destaca en m\u00faltiples escenarios, desde la prospecci\u00f3n hasta la pulverizaci\u00f3n y el esparcimiento, garantizando operaciones estables y un rendimiento constante.<\/p>","protected":false},"excerpt":{"rendered":"<ul>\n<li>Doble rotor coaxial = enorme aumento de la capacidad de carga \u00fatil<\/li>\n<li>Doble atomizaci\u00f3n para una pulverizaci\u00f3n uniforme<\/li>\n<li>Eficacia de esparcimiento mejorada para un rendimiento superior<\/li>\n<li>Detecci\u00f3n de obst\u00e1culos en todas las direcciones<\/li>\n<li>Cartograf\u00eda, pulverizaci\u00f3n y esparcimiento TODO en uno<\/li>\n<li>Mando a distancia completamente mejorado para una pulverizaci\u00f3n m\u00e1s suave y r\u00e1pida<\/li>\n<li>Probado a fondo para ofrecer la m\u00e1xima fiabilidad<\/li>\n<li>Carga ultrarr\u00e1pida<\/li>\n<li>Nube inteligente DJI Agras<\/li>\n<\/ul>","protected":false},"featured_media":3229,"template":"","meta":{"_acf_changed":false},"product_brand":[],"product_cat":[97,567,99,100,568,101],"product_tag":[],"class_list":{"0":"post-3235","1":"product","2":"type-product","3":"status-publish","4":"has-post-thumbnail","6":"product_cat-alle-producten","7":"product_cat-dji-agras","8":"product_cat-drones-met-certificaat","9":"product_cat-enterprise-drones","10":"product_cat-landbouw-drones","11":"product_cat-professionele-dji-drone","12":"product_shipping_class-dronelandall","13":"pa_brand-dji","14":"pa_dronegrade-enterprise","15":"pa_productfamily-drone","16":"pa_producttype-drone","17":"pa_series-t50","19":"first","20":"instock","21":"taxable","22":"shipping-taxable","23":"purchasable","24":"product-type-simple"},"acf":[],"yoast_head":"<!-- This site is optimized with the Yoast SEO Premium plugin v27.2 (Yoast SEO v27.2) - https:\/\/yoast.com\/product\/yoast-seo-premium-wordpress\/ -->\n<title>DJI Agras T50 - koningdrone.be<\/title>\n<meta name=\"robots\" content=\"index, follow, max-snippet:-1, max-image-preview:large, max-video-preview:-1\" \/>\n<link rel=\"canonical\" href=\"https:\/\/koningdrone.be\/es\/producto\/dji-agras-t50\/\" \/>\n<meta property=\"og:locale\" content=\"es_ES\" \/>\n<meta property=\"og:type\" content=\"article\" \/>\n<meta property=\"og:title\" content=\"DJI Agras T50\" \/>\n<meta property=\"og:description\" content=\"Coaxiale dubbele rotor = enorme toename in laadvermogen  Dubbele verstuiving voor gelijkmatig sproeien  Verbeterde verspreidingseffici\u00ebntie voor superieure prestaties  Obstakeldetectie in alle richtingen  In kaart brengen, sproeien en verspreiden ALLEMAAL in \u00e9\u00e9n  Volledig verbeterde afstandsbediening voor soepeler en sneller sproeien  Robuust getest voor ultieme betrouwbaarheid  Ultrasnel opladen  DJI Agras intelligente cloud\" \/>\n<meta property=\"og:url\" content=\"https:\/\/koningdrone.be\/es\/producto\/dji-agras-t50\/\" \/>\n<meta property=\"og:site_name\" content=\"koningdrone.be\" \/>\n<meta property=\"article:modified_time\" content=\"2026-04-29T02:30:11+00:00\" \/>\n<meta property=\"og:image\" content=\"https:\/\/koningdrone.be\/wp-content\/uploads\/sites\/13\/2025\/04\/DJIAgrasT50sprayerdronefrontlowanglewhiteprops_500x.png\" \/>\n\t<meta property=\"og:image:width\" content=\"500\" \/>\n\t<meta property=\"og:image:height\" content=\"281\" \/>\n\t<meta property=\"og:image:type\" content=\"image\/png\" \/>\n<meta name=\"twitter:card\" content=\"summary_large_image\" \/>\n<meta name=\"twitter:label1\" content=\"Tiempo de lectura\" \/>\n\t<meta name=\"twitter:data1\" content=\"3 minutos\" \/>\n<script type=\"application\/ld+json\" class=\"yoast-schema-graph\">{\"@context\":\"https:\/\/schema.org\",\"@graph\":[{\"@type\":\"WebPage\",\"@id\":\"https:\/\/koningdrone.be\/product\/dji-agras-t50\/\",\"url\":\"https:\/\/koningdrone.be\/product\/dji-agras-t50\/\",\"name\":\"DJI Agras T50 - koningdrone.be\",\"isPartOf\":{\"@id\":\"https:\/\/koningdrone.be\/#website\"},\"primaryImageOfPage\":{\"@id\":\"https:\/\/koningdrone.be\/product\/dji-agras-t50\/#primaryimage\"},\"image\":{\"@id\":\"https:\/\/koningdrone.be\/product\/dji-agras-t50\/#primaryimage\"},\"thumbnailUrl\":\"https:\/\/koningdrone.be\/wp-content\/uploads\/sites\/13\/2025\/04\/DJIAgrasT50sprayerdronefrontlowanglewhiteprops_500x.png\",\"datePublished\":\"2024-09-05T09:50:27+00:00\",\"dateModified\":\"2026-04-29T02:30:11+00:00\",\"breadcrumb\":{\"@id\":\"https:\/\/koningdrone.be\/product\/dji-agras-t50\/#breadcrumb\"},\"inLanguage\":\"es\",\"potentialAction\":[{\"@type\":\"ReadAction\",\"target\":[\"https:\/\/koningdrone.be\/product\/dji-agras-t50\/\"]}]},{\"@type\":\"ImageObject\",\"inLanguage\":\"es\",\"@id\":\"https:\/\/koningdrone.be\/product\/dji-agras-t50\/#primaryimage\",\"url\":\"https:\/\/koningdrone.be\/wp-content\/uploads\/sites\/13\/2025\/04\/DJIAgrasT50sprayerdronefrontlowanglewhiteprops_500x.png\",\"contentUrl\":\"https:\/\/koningdrone.be\/wp-content\/uploads\/sites\/13\/2025\/04\/DJIAgrasT50sprayerdronefrontlowanglewhiteprops_500x.png\",\"width\":500,\"height\":281},{\"@type\":\"BreadcrumbList\",\"@id\":\"https:\/\/koningdrone.be\/product\/dji-agras-t50\/#breadcrumb\",\"itemListElement\":[{\"@type\":\"ListItem\",\"position\":1,\"name\":\"Home\",\"item\":\"https:\/\/koningdrone.be\/\"},{\"@type\":\"ListItem\",\"position\":2,\"name\":\"AVSS Parachute Recovery System for DJI Matrice 300\/350\",\"item\":\"https:\/\/koningdrone.be\/product\/avss-parachute-recovery-system-for-dji-matrice-300-350\/\"},{\"@type\":\"ListItem\",\"position\":3,\"name\":\"Alle producten\",\"item\":\"https:\/\/koningdrone.be\/categorie\/alle-producten\/\"},{\"@type\":\"ListItem\",\"position\":4,\"name\":\"DJI Agras T50\"}]},{\"@type\":\"WebSite\",\"@id\":\"https:\/\/koningdrone.be\/#website\",\"url\":\"https:\/\/koningdrone.be\/\",\"name\":\"Koningdrone.be - Uw online specialist in drones, gimbals, camera's en power stations.\",\"description\":\"De webshop in drones en gimbals\",\"publisher\":{\"@id\":\"https:\/\/koningdrone.be\/#organization\"},\"potentialAction\":[{\"@type\":\"SearchAction\",\"target\":{\"@type\":\"EntryPoint\",\"urlTemplate\":\"https:\/\/koningdrone.be\/?s={search_term_string}\"},\"query-input\":{\"@type\":\"PropertyValueSpecification\",\"valueRequired\":true,\"valueName\":\"search_term_string\"}}],\"inLanguage\":\"es\"},{\"@type\":\"Organization\",\"@id\":\"https:\/\/koningdrone.be\/#organization\",\"name\":\"Koningdrone.be\",\"url\":\"https:\/\/koningdrone.be\/\",\"logo\":{\"@type\":\"ImageObject\",\"inLanguage\":\"es\",\"@id\":\"https:\/\/koningdrone.be\/#\/schema\/logo\/image\/\",\"url\":\"https:\/\/koningdrone.be\/wp-content\/uploads\/sites\/13\/2025\/04\/koningdrone-copyright-logo.svg\",\"contentUrl\":\"https:\/\/koningdrone.be\/wp-content\/uploads\/sites\/13\/2025\/04\/koningdrone-copyright-logo.svg\",\"width\":227,\"height\":38,\"caption\":\"Koningdrone.be\"},\"image\":{\"@id\":\"https:\/\/koningdrone.be\/#\/schema\/logo\/image\/\"}}]}<\/script>\n<!-- \/ Yoast SEO Premium plugin. -->","yoast_head_json":{"title":"DJI Agras T50 - koningdrone.be","robots":{"index":"index","follow":"follow","max-snippet":"max-snippet:-1","max-image-preview":"max-image-preview:large","max-video-preview":"max-video-preview:-1"},"canonical":"https:\/\/koningdrone.be\/es\/producto\/dji-agras-t50\/","og_locale":"es_ES","og_type":"article","og_title":"DJI Agras T50","og_description":"Coaxiale dubbele rotor = enorme toename in laadvermogen  Dubbele verstuiving voor gelijkmatig sproeien  Verbeterde verspreidingseffici\u00ebntie voor superieure prestaties  Obstakeldetectie in alle richtingen  In kaart brengen, sproeien en verspreiden ALLEMAAL in \u00e9\u00e9n  Volledig verbeterde afstandsbediening voor soepeler en sneller sproeien  Robuust getest voor ultieme betrouwbaarheid  Ultrasnel opladen  DJI Agras intelligente cloud","og_url":"https:\/\/koningdrone.be\/es\/producto\/dji-agras-t50\/","og_site_name":"koningdrone.be","article_modified_time":"2026-04-29T02:30:11+00:00","og_image":[{"width":500,"height":281,"url":"https:\/\/koningdrone.be\/wp-content\/uploads\/sites\/13\/2025\/04\/DJIAgrasT50sprayerdronefrontlowanglewhiteprops_500x.png","type":"image\/png"}],"twitter_card":"summary_large_image","twitter_misc":{"Tiempo de lectura":"3 minutos"},"schema":{"@context":"https:\/\/schema.org","@graph":[{"@type":"WebPage","@id":"https:\/\/koningdrone.be\/product\/dji-agras-t50\/","url":"https:\/\/koningdrone.be\/product\/dji-agras-t50\/","name":"DJI Agras T50 - koningdrone.be","isPartOf":{"@id":"https:\/\/koningdrone.be\/#website"},"primaryImageOfPage":{"@id":"https:\/\/koningdrone.be\/product\/dji-agras-t50\/#primaryimage"},"image":{"@id":"https:\/\/koningdrone.be\/product\/dji-agras-t50\/#primaryimage"},"thumbnailUrl":"https:\/\/koningdrone.be\/wp-content\/uploads\/sites\/13\/2025\/04\/DJIAgrasT50sprayerdronefrontlowanglewhiteprops_500x.png","datePublished":"2024-09-05T09:50:27+00:00","dateModified":"2026-04-29T02:30:11+00:00","breadcrumb":{"@id":"https:\/\/koningdrone.be\/product\/dji-agras-t50\/#breadcrumb"},"inLanguage":"es","potentialAction":[{"@type":"ReadAction","target":["https:\/\/koningdrone.be\/product\/dji-agras-t50\/"]}]},{"@type":"ImageObject","inLanguage":"es","@id":"https:\/\/koningdrone.be\/product\/dji-agras-t50\/#primaryimage","url":"https:\/\/koningdrone.be\/wp-content\/uploads\/sites\/13\/2025\/04\/DJIAgrasT50sprayerdronefrontlowanglewhiteprops_500x.png","contentUrl":"https:\/\/koningdrone.be\/wp-content\/uploads\/sites\/13\/2025\/04\/DJIAgrasT50sprayerdronefrontlowanglewhiteprops_500x.png","width":500,"height":281},{"@type":"BreadcrumbList","@id":"https:\/\/koningdrone.be\/product\/dji-agras-t50\/#breadcrumb","itemListElement":[{"@type":"ListItem","position":1,"name":"Home","item":"https:\/\/koningdrone.be\/"},{"@type":"ListItem","position":2,"name":"AVSS Parachute Recovery System for DJI Matrice 300\/350","item":"https:\/\/koningdrone.be\/product\/avss-parachute-recovery-system-for-dji-matrice-300-350\/"},{"@type":"ListItem","position":3,"name":"Alle producten","item":"https:\/\/koningdrone.be\/categorie\/alle-producten\/"},{"@type":"ListItem","position":4,"name":"DJI Agras T50"}]},{"@type":"WebSite","@id":"https:\/\/koningdrone.be\/#website","url":"https:\/\/koningdrone.be\/","name":"Koningdrone.be - Su especialista en l\u00ednea en drones, cardanes, c\u00e1maras y centrales el\u00e9ctricas.","description":"La tienda virtual de drones y cardanes","publisher":{"@id":"https:\/\/koningdrone.be\/#organization"},"potentialAction":[{"@type":"SearchAction","target":{"@type":"EntryPoint","urlTemplate":"https:\/\/koningdrone.be\/?s={search_term_string}"},"query-input":{"@type":"PropertyValueSpecification","valueRequired":true,"valueName":"search_term_string"}}],"inLanguage":"es"},{"@type":"Organization","@id":"https:\/\/koningdrone.be\/#organization","name":"Kingdrone.es","url":"https:\/\/koningdrone.be\/","logo":{"@type":"ImageObject","inLanguage":"es","@id":"https:\/\/koningdrone.be\/#\/schema\/logo\/image\/","url":"https:\/\/koningdrone.be\/wp-content\/uploads\/sites\/13\/2025\/04\/koningdrone-copyright-logo.svg","contentUrl":"https:\/\/koningdrone.be\/wp-content\/uploads\/sites\/13\/2025\/04\/koningdrone-copyright-logo.svg","width":227,"height":38,"caption":"Koningdrone.be"},"image":{"@id":"https:\/\/koningdrone.be\/#\/schema\/logo\/image\/"}}]}},"df_price":12701,"df_sale_price":"","df_regular_price":12701,"df_image_link":"https:\/\/koningdrone.be\/wp-content\/uploads\/sites\/13\/2025\/04\/DJIAgrasT50sprayerdronefrontlowanglewhiteprops_500x-300x169.png","_links":{"self":[{"href":"https:\/\/koningdrone.be\/es\/wp-json\/wp\/v2\/product\/3235","targetHints":{"allow":["GET"]}}],"collection":[{"href":"https:\/\/koningdrone.be\/es\/wp-json\/wp\/v2\/product"}],"about":[{"href":"https:\/\/koningdrone.be\/es\/wp-json\/wp\/v2\/types\/product"}],"wp:featuredmedia":[{"embeddable":true,"href":"https:\/\/koningdrone.be\/es\/wp-json\/wp\/v2\/media\/3229"}],"wp:attachment":[{"href":"https:\/\/koningdrone.be\/es\/wp-json\/wp\/v2\/media?parent=3235"}],"wp:term":[{"taxonomy":"product_brand","embeddable":true,"href":"https:\/\/koningdrone.be\/es\/wp-json\/wp\/v2\/product_brand?post=3235"},{"taxonomy":"product_cat","embeddable":true,"href":"https:\/\/koningdrone.be\/es\/wp-json\/wp\/v2\/product_cat?post=3235"},{"taxonomy":"product_tag","embeddable":true,"href":"https:\/\/koningdrone.be\/es\/wp-json\/wp\/v2\/product_tag?post=3235"}],"curies":[{"name":"wp","href":"https:\/\/api.w.org\/{rel}","templated":true}]}}