{"id":3228,"date":"2024-09-05T11:50:27","date_gmt":"2024-09-05T09:50:27","guid":{"rendered":"https:\/\/koningdrone.nl\/kon\/product\/dji-agras-t50-atomized-sprinkler-package\/"},"modified":"2026-04-29T16:00:33","modified_gmt":"2026-04-29T14:00:33","slug":"dji-agras-t50-atomized-sprinkler-package","status":"publish","type":"product","link":"https:\/\/koningdrone.be\/es\/producto\/dji-agras-t50-atomized-sprinkler-package\/","title":{"rendered":"Paquete de aspersores atomizados DJI Agras T50"},"content":{"rendered":"<p>Mejora tus operaciones agr\u00edcolas con el paquete de pulverizaci\u00f3n con atomizador DJI Agras T50. Este avanzado sistema proporciona un caudal de hasta 16 L\/min, que puede aumentarse a 24 L\/min con boquillas centr\u00edfugas adicionales. Dise\u00f1ado para ofrecer precisi\u00f3n y eficacia, produce gotas de pulverizaci\u00f3n finas y uniformes, optimizando la cobertura y reduciendo los residuos. Este paquete es perfecto para la agricultura a gran escala y aumenta significativamente la capacidad de pulverizaci\u00f3n del Agras T50.<\/p>\n<p>El paquete de pulverizaci\u00f3n atomizada se integra perfectamente con el DJI Agras T50, proporcionando flexibilidad y adaptabilidad para diferentes necesidades agr\u00edcolas. Garantiza que sus cultivos reciban la cantidad adecuada de tratamiento, aumentando la productividad y el rendimiento. Con este paquete, el DJI Agras T50 destaca como l\u00edder en agricultura de precisi\u00f3n, ofreciendo una eficacia operativa y una fiabilidad inigualables.<\/p>","protected":false},"excerpt":{"rendered":"<ul>\n<li>El paquete de boquillas T50 le permite ampliar de dos a cuatro boquillas con un caudal m\u00e1ximo aumentado a 24 l\/min para satisfacer los requisitos de pulverizaci\u00f3n de gran caudal. La pulverizaci\u00f3n precisa y ampliada facilita el riego de superficies m\u00e1s peque\u00f1as.<\/li>\n<\/ul>","protected":false},"featured_media":3227,"template":"","meta":{"_acf_changed":false},"product_brand":[],"product_cat":[97,567,568],"product_tag":[],"class_list":{"0":"post-3228","1":"product","2":"type-product","3":"status-publish","4":"has-post-thumbnail","6":"product_cat-alle-producten","7":"product_cat-dji-agras","8":"product_cat-landbouw-drones","9":"product_shipping_class-outofstock","10":"pa_brand-dji","11":"pa_dronegrade-enterprise","12":"pa_productfamily-sprinkler-pakket","13":"pa_producttype-sprinkler-pakket","14":"pa_series-t50","16":"first","17":"outofstock","18":"taxable","19":"shipping-taxable","20":"purchasable","21":"product-type-simple"},"acf":[],"yoast_head":"<!-- This site is optimized with the Yoast SEO Premium plugin v27.2 (Yoast SEO v27.2) - https:\/\/yoast.com\/product\/yoast-seo-premium-wordpress\/ -->\n<title>DJI Agras T50 Atomized Sprinkler Package - koningdrone.be<\/title>\n<meta name=\"robots\" content=\"index, follow, max-snippet:-1, max-image-preview:large, max-video-preview:-1\" \/>\n<link rel=\"canonical\" href=\"https:\/\/koningdrone.be\/es\/producto\/dji-agras-t50-atomized-sprinkler-package\/\" \/>\n<meta property=\"og:locale\" content=\"es_ES\" \/>\n<meta property=\"og:type\" content=\"article\" \/>\n<meta property=\"og:title\" content=\"DJI Agras T50 Atomized Sprinkler Package\" \/>\n<meta property=\"og:description\" content=\"Met het T50 sproeierpakket kun je uitbreiden van twee naar vier sproeiers met een maximaal debiet dat is verhoogd naar 24 l\/min. om te voldoen aan de vereisten voor sproeien met een hoog debiet. Nauwkeurig en uitgebreid sproeien maakt het eenvoudiger om kleinere oppervlakken te besproeien.\" \/>\n<meta property=\"og:url\" content=\"https:\/\/koningdrone.be\/es\/producto\/dji-agras-t50-atomized-sprinkler-package\/\" \/>\n<meta property=\"og:site_name\" content=\"koningdrone.be\" \/>\n<meta property=\"article:modified_time\" content=\"2026-04-29T14:00:33+00:00\" \/>\n<meta property=\"og:image\" content=\"https:\/\/koningdrone.be\/wp-content\/uploads\/sites\/13\/2025\/04\/dji_agras_t50_atomized_sprinkler.jpg\" \/>\n\t<meta property=\"og:image:width\" content=\"1200\" \/>\n\t<meta property=\"og:image:height\" content=\"1200\" \/>\n\t<meta property=\"og:image:type\" content=\"image\/jpeg\" \/>\n<meta name=\"twitter:card\" content=\"summary_large_image\" \/>\n<meta name=\"twitter:label1\" content=\"Tiempo de lectura\" \/>\n\t<meta name=\"twitter:data1\" content=\"1 minuto\" \/>\n<script type=\"application\/ld+json\" class=\"yoast-schema-graph\">{\"@context\":\"https:\/\/schema.org\",\"@graph\":[{\"@type\":\"WebPage\",\"@id\":\"https:\/\/koningdrone.be\/product\/dji-agras-t50-atomized-sprinkler-package\/\",\"url\":\"https:\/\/koningdrone.be\/product\/dji-agras-t50-atomized-sprinkler-package\/\",\"name\":\"DJI Agras T50 Atomized Sprinkler Package - koningdrone.be\",\"isPartOf\":{\"@id\":\"https:\/\/koningdrone.be\/#website\"},\"primaryImageOfPage\":{\"@id\":\"https:\/\/koningdrone.be\/product\/dji-agras-t50-atomized-sprinkler-package\/#primaryimage\"},\"image\":{\"@id\":\"https:\/\/koningdrone.be\/product\/dji-agras-t50-atomized-sprinkler-package\/#primaryimage\"},\"thumbnailUrl\":\"https:\/\/koningdrone.be\/wp-content\/uploads\/sites\/13\/2025\/04\/dji_agras_t50_atomized_sprinkler.jpg\",\"datePublished\":\"2024-09-05T09:50:27+00:00\",\"dateModified\":\"2026-04-29T14:00:33+00:00\",\"breadcrumb\":{\"@id\":\"https:\/\/koningdrone.be\/product\/dji-agras-t50-atomized-sprinkler-package\/#breadcrumb\"},\"inLanguage\":\"es\",\"potentialAction\":[{\"@type\":\"ReadAction\",\"target\":[\"https:\/\/koningdrone.be\/product\/dji-agras-t50-atomized-sprinkler-package\/\"]}]},{\"@type\":\"ImageObject\",\"inLanguage\":\"es\",\"@id\":\"https:\/\/koningdrone.be\/product\/dji-agras-t50-atomized-sprinkler-package\/#primaryimage\",\"url\":\"https:\/\/koningdrone.be\/wp-content\/uploads\/sites\/13\/2025\/04\/dji_agras_t50_atomized_sprinkler.jpg\",\"contentUrl\":\"https:\/\/koningdrone.be\/wp-content\/uploads\/sites\/13\/2025\/04\/dji_agras_t50_atomized_sprinkler.jpg\",\"width\":1200,\"height\":1200},{\"@type\":\"BreadcrumbList\",\"@id\":\"https:\/\/koningdrone.be\/product\/dji-agras-t50-atomized-sprinkler-package\/#breadcrumb\",\"itemListElement\":[{\"@type\":\"ListItem\",\"position\":1,\"name\":\"Home\",\"item\":\"https:\/\/koningdrone.be\/\"},{\"@type\":\"ListItem\",\"position\":2,\"name\":\"AVSS Parachute Recovery System for DJI Matrice 300\/350\",\"item\":\"https:\/\/koningdrone.be\/product\/avss-parachute-recovery-system-for-dji-matrice-300-350\/\"},{\"@type\":\"ListItem\",\"position\":3,\"name\":\"Alle producten\",\"item\":\"https:\/\/koningdrone.be\/categorie\/alle-producten\/\"},{\"@type\":\"ListItem\",\"position\":4,\"name\":\"DJI Agras T50 Atomized Sprinkler Package\"}]},{\"@type\":\"WebSite\",\"@id\":\"https:\/\/koningdrone.be\/#website\",\"url\":\"https:\/\/koningdrone.be\/\",\"name\":\"Koningdrone.be - Uw online specialist in drones, gimbals, camera's en power stations.\",\"description\":\"De webshop in drones en gimbals\",\"publisher\":{\"@id\":\"https:\/\/koningdrone.be\/#organization\"},\"potentialAction\":[{\"@type\":\"SearchAction\",\"target\":{\"@type\":\"EntryPoint\",\"urlTemplate\":\"https:\/\/koningdrone.be\/?s={search_term_string}\"},\"query-input\":{\"@type\":\"PropertyValueSpecification\",\"valueRequired\":true,\"valueName\":\"search_term_string\"}}],\"inLanguage\":\"es\"},{\"@type\":\"Organization\",\"@id\":\"https:\/\/koningdrone.be\/#organization\",\"name\":\"Koningdrone.be\",\"url\":\"https:\/\/koningdrone.be\/\",\"logo\":{\"@type\":\"ImageObject\",\"inLanguage\":\"es\",\"@id\":\"https:\/\/koningdrone.be\/#\/schema\/logo\/image\/\",\"url\":\"https:\/\/koningdrone.be\/wp-content\/uploads\/sites\/13\/2025\/04\/koningdrone-copyright-logo.svg\",\"contentUrl\":\"https:\/\/koningdrone.be\/wp-content\/uploads\/sites\/13\/2025\/04\/koningdrone-copyright-logo.svg\",\"width\":227,\"height\":38,\"caption\":\"Koningdrone.be\"},\"image\":{\"@id\":\"https:\/\/koningdrone.be\/#\/schema\/logo\/image\/\"}}]}<\/script>\n<!-- \/ Yoast SEO Premium plugin. -->","yoast_head_json":{"title":"DJI Agras T50 Atomized Sprinkler Package - koningdrone.be","robots":{"index":"index","follow":"follow","max-snippet":"max-snippet:-1","max-image-preview":"max-image-preview:large","max-video-preview":"max-video-preview:-1"},"canonical":"https:\/\/koningdrone.be\/es\/producto\/dji-agras-t50-atomized-sprinkler-package\/","og_locale":"es_ES","og_type":"article","og_title":"DJI Agras T50 Atomized Sprinkler Package","og_description":"Met het T50 sproeierpakket kun je uitbreiden van twee naar vier sproeiers met een maximaal debiet dat is verhoogd naar 24 l\/min. om te voldoen aan de vereisten voor sproeien met een hoog debiet. Nauwkeurig en uitgebreid sproeien maakt het eenvoudiger om kleinere oppervlakken te besproeien.","og_url":"https:\/\/koningdrone.be\/es\/producto\/dji-agras-t50-atomized-sprinkler-package\/","og_site_name":"koningdrone.be","article_modified_time":"2026-04-29T14:00:33+00:00","og_image":[{"width":1200,"height":1200,"url":"https:\/\/koningdrone.be\/wp-content\/uploads\/sites\/13\/2025\/04\/dji_agras_t50_atomized_sprinkler.jpg","type":"image\/jpeg"}],"twitter_card":"summary_large_image","twitter_misc":{"Tiempo de lectura":"1 minuto"},"schema":{"@context":"https:\/\/schema.org","@graph":[{"@type":"WebPage","@id":"https:\/\/koningdrone.be\/product\/dji-agras-t50-atomized-sprinkler-package\/","url":"https:\/\/koningdrone.be\/product\/dji-agras-t50-atomized-sprinkler-package\/","name":"DJI Agras T50 Atomized Sprinkler Package - koningdrone.be","isPartOf":{"@id":"https:\/\/koningdrone.be\/#website"},"primaryImageOfPage":{"@id":"https:\/\/koningdrone.be\/product\/dji-agras-t50-atomized-sprinkler-package\/#primaryimage"},"image":{"@id":"https:\/\/koningdrone.be\/product\/dji-agras-t50-atomized-sprinkler-package\/#primaryimage"},"thumbnailUrl":"https:\/\/koningdrone.be\/wp-content\/uploads\/sites\/13\/2025\/04\/dji_agras_t50_atomized_sprinkler.jpg","datePublished":"2024-09-05T09:50:27+00:00","dateModified":"2026-04-29T14:00:33+00:00","breadcrumb":{"@id":"https:\/\/koningdrone.be\/product\/dji-agras-t50-atomized-sprinkler-package\/#breadcrumb"},"inLanguage":"es","potentialAction":[{"@type":"ReadAction","target":["https:\/\/koningdrone.be\/product\/dji-agras-t50-atomized-sprinkler-package\/"]}]},{"@type":"ImageObject","inLanguage":"es","@id":"https:\/\/koningdrone.be\/product\/dji-agras-t50-atomized-sprinkler-package\/#primaryimage","url":"https:\/\/koningdrone.be\/wp-content\/uploads\/sites\/13\/2025\/04\/dji_agras_t50_atomized_sprinkler.jpg","contentUrl":"https:\/\/koningdrone.be\/wp-content\/uploads\/sites\/13\/2025\/04\/dji_agras_t50_atomized_sprinkler.jpg","width":1200,"height":1200},{"@type":"BreadcrumbList","@id":"https:\/\/koningdrone.be\/product\/dji-agras-t50-atomized-sprinkler-package\/#breadcrumb","itemListElement":[{"@type":"ListItem","position":1,"name":"Home","item":"https:\/\/koningdrone.be\/"},{"@type":"ListItem","position":2,"name":"AVSS Parachute Recovery System for DJI Matrice 300\/350","item":"https:\/\/koningdrone.be\/product\/avss-parachute-recovery-system-for-dji-matrice-300-350\/"},{"@type":"ListItem","position":3,"name":"Alle producten","item":"https:\/\/koningdrone.be\/categorie\/alle-producten\/"},{"@type":"ListItem","position":4,"name":"DJI Agras T50 Atomized Sprinkler Package"}]},{"@type":"WebSite","@id":"https:\/\/koningdrone.be\/#website","url":"https:\/\/koningdrone.be\/","name":"Koningdrone.be - Su especialista en l\u00ednea en drones, cardanes, c\u00e1maras y centrales el\u00e9ctricas.","description":"La tienda virtual de drones y cardanes","publisher":{"@id":"https:\/\/koningdrone.be\/#organization"},"potentialAction":[{"@type":"SearchAction","target":{"@type":"EntryPoint","urlTemplate":"https:\/\/koningdrone.be\/?s={search_term_string}"},"query-input":{"@type":"PropertyValueSpecification","valueRequired":true,"valueName":"search_term_string"}}],"inLanguage":"es"},{"@type":"Organization","@id":"https:\/\/koningdrone.be\/#organization","name":"Kingdrone.es","url":"https:\/\/koningdrone.be\/","logo":{"@type":"ImageObject","inLanguage":"es","@id":"https:\/\/koningdrone.be\/#\/schema\/logo\/image\/","url":"https:\/\/koningdrone.be\/wp-content\/uploads\/sites\/13\/2025\/04\/koningdrone-copyright-logo.svg","contentUrl":"https:\/\/koningdrone.be\/wp-content\/uploads\/sites\/13\/2025\/04\/koningdrone-copyright-logo.svg","width":227,"height":38,"caption":"Koningdrone.be"},"image":{"@id":"https:\/\/koningdrone.be\/#\/schema\/logo\/image\/"}}]}},"df_price":634,"df_sale_price":"","df_regular_price":634,"df_image_link":"https:\/\/koningdrone.be\/wp-content\/uploads\/sites\/13\/2025\/04\/dji_agras_t50_atomized_sprinkler-300x300.jpg","_links":{"self":[{"href":"https:\/\/koningdrone.be\/es\/wp-json\/wp\/v2\/product\/3228","targetHints":{"allow":["GET"]}}],"collection":[{"href":"https:\/\/koningdrone.be\/es\/wp-json\/wp\/v2\/product"}],"about":[{"href":"https:\/\/koningdrone.be\/es\/wp-json\/wp\/v2\/types\/product"}],"wp:featuredmedia":[{"embeddable":true,"href":"https:\/\/koningdrone.be\/es\/wp-json\/wp\/v2\/media\/3227"}],"wp:attachment":[{"href":"https:\/\/koningdrone.be\/es\/wp-json\/wp\/v2\/media?parent=3228"}],"wp:term":[{"taxonomy":"product_brand","embeddable":true,"href":"https:\/\/koningdrone.be\/es\/wp-json\/wp\/v2\/product_brand?post=3228"},{"taxonomy":"product_cat","embeddable":true,"href":"https:\/\/koningdrone.be\/es\/wp-json\/wp\/v2\/product_cat?post=3228"},{"taxonomy":"product_tag","embeddable":true,"href":"https:\/\/koningdrone.be\/es\/wp-json\/wp\/v2\/product_tag?post=3228"}],"curies":[{"name":"wp","href":"https:\/\/api.w.org\/{rel}","templated":true}]}}