{"id":3175,"date":"2024-09-05T11:51:50","date_gmt":"2024-09-05T09:51:50","guid":{"rendered":"https:\/\/koningdrone.nl\/kon\/product\/hollyland-solidcom-c1-pro-wireless-stereo-master-headset\/"},"modified":"2026-04-29T16:00:52","modified_gmt":"2026-04-29T14:00:52","slug":"hollyland-solidcom-c1-pro-wireless-stereo-master-headset","status":"publish","type":"product","link":"https:\/\/koningdrone.be\/es\/producto\/hollyland-solidcom-c1-pro-wireless-stereo-master-headset\/","title":{"rendered":"Hollyland Solidcom C1 Pro Auricular principal est\u00e9reo inal\u00e1mbrico"},"content":{"rendered":"<p>El Hollyland Solidcom C1 Pro-2S es un sistema de intercomunicaci\u00f3n DECT inal\u00e1mbrico d\u00faplex completo, con doble micr\u00f3fono y cancelaci\u00f3n de ruido ambiental (ENC) para su uso en entornos ruidosos, dise\u00f1ado para ofrecer un audio n\u00edtido y comodidad de uso durante todo el d\u00eda en un dise\u00f1o totalmente inal\u00e1mbrico sin bodypack ni concentrador. Esta configuraci\u00f3n incluye 2 auriculares de una cara, 1 principal y 1 remoto, junto con bater\u00edas recargables, un cargador y accesorios. El sistema transmite en el espectro de 1,9 GHz y utiliza la tecnolog\u00eda probada DECT 6.0 para garantizar una transmisi\u00f3n segura y fiable en un rango de l\u00ednea de visi\u00f3n de hasta 1100\u2032, lo que lo hace id\u00f3neo para una gran variedad de aplicaciones, como producci\u00f3n de cine y televisi\u00f3n, conciertos y eventos en directo.<\/p>","protected":false},"excerpt":{"rendered":"<ul>\n<li>Sonido ambiente con dos micr\u00f3fonos <\/li>\n<li>Reducci\u00f3n del ruido<\/li>\n<li>Fiable tecnolog\u00eda DECT 6.0 de 1,9 GHz<\/li>\n<li>Aut\u00e9nticos auriculares inal\u00e1mbricos, no de petaca<\/li>\n<li>C\u00f3modos auriculares de un solo o\u00eddo<\/li>\n<li>Amplia gama de frecuencias para un audio n\u00edtido<\/li>\n<li>Alcance de trabajo de 2 v\u00edas de 1100\u2032.<\/li>\n<li>Gire el bot\u00f3n Mute\/PTT o Boom para silenciar<\/li>\n<li>Sistema ampliable<\/li>\n<li>Compatible con Solidcom C1<\/li>\n<\/ul>","protected":false},"featured_media":3168,"template":"","meta":{"_acf_changed":false},"product_brand":[],"product_cat":[268,419,97,207],"product_tag":[],"class_list":{"0":"post-3175","1":"product","2":"type-product","3":"status-publish","4":"has-post-thumbnail","6":"product_cat-alle-accessoires","7":"product_cat-alle-hoofdtelefoons","8":"product_cat-alle-producten","9":"product_cat-hollyland","10":"product_shipping_class-outofstock","11":"pa_brand-hollyland","12":"pa_productfamily-hoofdtelefoonsysteem","13":"pa_producttype-hoofdtelefoonsysteem","14":"pa_series-solidcom-c1","16":"first","17":"outofstock","18":"taxable","19":"shipping-taxable","20":"purchasable","21":"product-type-simple"},"acf":[],"yoast_head":"<!-- This site is optimized with the Yoast SEO Premium plugin v27.2 (Yoast SEO v27.2) - https:\/\/yoast.com\/product\/yoast-seo-premium-wordpress\/ -->\n<title>Hollyland Solidcom C1 Pro Wireless Stereo Master Headset - koningdrone.be<\/title>\n<meta name=\"robots\" content=\"index, follow, max-snippet:-1, max-image-preview:large, max-video-preview:-1\" \/>\n<link rel=\"canonical\" href=\"https:\/\/koningdrone.be\/es\/producto\/hollyland-solidcom-c1-pro-wireless-stereo-master-headset\/\" \/>\n<meta property=\"og:locale\" content=\"es_ES\" \/>\n<meta property=\"og:type\" content=\"article\" \/>\n<meta property=\"og:title\" content=\"Hollyland Solidcom C1 Pro Wireless Stereo Master Headset\" \/>\n<meta property=\"og:description\" content=\"Omgevingsgeluid met twee microfoons RuisonderdrukkingBetrouwbare 1,9 GHz DECT 6.0 technologieEcht draadloze headset, geen bodypackComfortabel Headset-ontwerp met \u00e9\u00e9n oorBreed frequentiebereik voor heldere audio1100&#039; 2-weg werkbereikKnop Mute\/PTT of Boom draaien om te dempenUitbreidbaar systeemAchterwaarts compatibel met Solidcom C1\" \/>\n<meta property=\"og:url\" content=\"https:\/\/koningdrone.be\/es\/producto\/hollyland-solidcom-c1-pro-wireless-stereo-master-headset\/\" \/>\n<meta property=\"og:site_name\" content=\"koningdrone.be\" \/>\n<meta property=\"article:modified_time\" content=\"2026-04-29T14:00:52+00:00\" \/>\n<meta property=\"og:image\" content=\"https:\/\/koningdrone.be\/wp-content\/uploads\/sites\/13\/2025\/04\/1683243984_1765598.jpg\" \/>\n\t<meta property=\"og:image:width\" content=\"500\" \/>\n\t<meta property=\"og:image:height\" content=\"500\" \/>\n\t<meta property=\"og:image:type\" content=\"image\/jpeg\" \/>\n<meta name=\"twitter:card\" content=\"summary_large_image\" \/>\n<meta name=\"twitter:label1\" content=\"Tiempo de lectura\" \/>\n\t<meta name=\"twitter:data1\" content=\"1 minuto\" \/>\n<script type=\"application\/ld+json\" class=\"yoast-schema-graph\">{\"@context\":\"https:\/\/schema.org\",\"@graph\":[{\"@type\":\"WebPage\",\"@id\":\"https:\/\/koningdrone.be\/product\/hollyland-solidcom-c1-pro-wireless-stereo-master-headset\/\",\"url\":\"https:\/\/koningdrone.be\/product\/hollyland-solidcom-c1-pro-wireless-stereo-master-headset\/\",\"name\":\"Hollyland Solidcom C1 Pro Wireless Stereo Master Headset - koningdrone.be\",\"isPartOf\":{\"@id\":\"https:\/\/koningdrone.be\/#website\"},\"primaryImageOfPage\":{\"@id\":\"https:\/\/koningdrone.be\/product\/hollyland-solidcom-c1-pro-wireless-stereo-master-headset\/#primaryimage\"},\"image\":{\"@id\":\"https:\/\/koningdrone.be\/product\/hollyland-solidcom-c1-pro-wireless-stereo-master-headset\/#primaryimage\"},\"thumbnailUrl\":\"https:\/\/koningdrone.be\/wp-content\/uploads\/sites\/13\/2025\/04\/1683243984_1765598.jpg\",\"datePublished\":\"2024-09-05T09:51:50+00:00\",\"dateModified\":\"2026-04-29T14:00:52+00:00\",\"breadcrumb\":{\"@id\":\"https:\/\/koningdrone.be\/product\/hollyland-solidcom-c1-pro-wireless-stereo-master-headset\/#breadcrumb\"},\"inLanguage\":\"es\",\"potentialAction\":[{\"@type\":\"ReadAction\",\"target\":[\"https:\/\/koningdrone.be\/product\/hollyland-solidcom-c1-pro-wireless-stereo-master-headset\/\"]}]},{\"@type\":\"ImageObject\",\"inLanguage\":\"es\",\"@id\":\"https:\/\/koningdrone.be\/product\/hollyland-solidcom-c1-pro-wireless-stereo-master-headset\/#primaryimage\",\"url\":\"https:\/\/koningdrone.be\/wp-content\/uploads\/sites\/13\/2025\/04\/1683243984_1765598.jpg\",\"contentUrl\":\"https:\/\/koningdrone.be\/wp-content\/uploads\/sites\/13\/2025\/04\/1683243984_1765598.jpg\",\"width\":500,\"height\":500},{\"@type\":\"BreadcrumbList\",\"@id\":\"https:\/\/koningdrone.be\/product\/hollyland-solidcom-c1-pro-wireless-stereo-master-headset\/#breadcrumb\",\"itemListElement\":[{\"@type\":\"ListItem\",\"position\":1,\"name\":\"Home\",\"item\":\"https:\/\/koningdrone.be\/\"},{\"@type\":\"ListItem\",\"position\":2,\"name\":\"AVSS Parachute Recovery System for DJI Matrice 300\/350\",\"item\":\"https:\/\/koningdrone.be\/product\/avss-parachute-recovery-system-for-dji-matrice-300-350\/\"},{\"@type\":\"ListItem\",\"position\":3,\"name\":\"Alle accessoires\",\"item\":\"https:\/\/koningdrone.be\/categorie\/alle-accessoires\/\"},{\"@type\":\"ListItem\",\"position\":4,\"name\":\"Hollyland Solidcom C1 Pro Wireless Stereo Master Headset\"}]},{\"@type\":\"WebSite\",\"@id\":\"https:\/\/koningdrone.be\/#website\",\"url\":\"https:\/\/koningdrone.be\/\",\"name\":\"Koningdrone.be - Uw online specialist in drones, gimbals, camera's en power stations.\",\"description\":\"De webshop in drones en gimbals\",\"publisher\":{\"@id\":\"https:\/\/koningdrone.be\/#organization\"},\"potentialAction\":[{\"@type\":\"SearchAction\",\"target\":{\"@type\":\"EntryPoint\",\"urlTemplate\":\"https:\/\/koningdrone.be\/?s={search_term_string}\"},\"query-input\":{\"@type\":\"PropertyValueSpecification\",\"valueRequired\":true,\"valueName\":\"search_term_string\"}}],\"inLanguage\":\"es\"},{\"@type\":\"Organization\",\"@id\":\"https:\/\/koningdrone.be\/#organization\",\"name\":\"Koningdrone.be\",\"url\":\"https:\/\/koningdrone.be\/\",\"logo\":{\"@type\":\"ImageObject\",\"inLanguage\":\"es\",\"@id\":\"https:\/\/koningdrone.be\/#\/schema\/logo\/image\/\",\"url\":\"https:\/\/koningdrone.be\/wp-content\/uploads\/sites\/13\/2025\/04\/koningdrone-copyright-logo.svg\",\"contentUrl\":\"https:\/\/koningdrone.be\/wp-content\/uploads\/sites\/13\/2025\/04\/koningdrone-copyright-logo.svg\",\"width\":227,\"height\":38,\"caption\":\"Koningdrone.be\"},\"image\":{\"@id\":\"https:\/\/koningdrone.be\/#\/schema\/logo\/image\/\"}}]}<\/script>\n<!-- \/ Yoast SEO Premium plugin. -->","yoast_head_json":{"title":"Hollyland Solidcom C1 Pro Wireless Stereo Master Headset - koningdrone.be","robots":{"index":"index","follow":"follow","max-snippet":"max-snippet:-1","max-image-preview":"max-image-preview:large","max-video-preview":"max-video-preview:-1"},"canonical":"https:\/\/koningdrone.be\/es\/producto\/hollyland-solidcom-c1-pro-wireless-stereo-master-headset\/","og_locale":"es_ES","og_type":"article","og_title":"Hollyland Solidcom C1 Pro Wireless Stereo Master Headset","og_description":"Omgevingsgeluid met twee microfoons RuisonderdrukkingBetrouwbare 1,9 GHz DECT 6.0 technologieEcht draadloze headset, geen bodypackComfortabel Headset-ontwerp met \u00e9\u00e9n oorBreed frequentiebereik voor heldere audio1100' 2-weg werkbereikKnop Mute\/PTT of Boom draaien om te dempenUitbreidbaar systeemAchterwaarts compatibel met Solidcom C1","og_url":"https:\/\/koningdrone.be\/es\/producto\/hollyland-solidcom-c1-pro-wireless-stereo-master-headset\/","og_site_name":"koningdrone.be","article_modified_time":"2026-04-29T14:00:52+00:00","og_image":[{"width":500,"height":500,"url":"https:\/\/koningdrone.be\/wp-content\/uploads\/sites\/13\/2025\/04\/1683243984_1765598.jpg","type":"image\/jpeg"}],"twitter_card":"summary_large_image","twitter_misc":{"Tiempo de lectura":"1 minuto"},"schema":{"@context":"https:\/\/schema.org","@graph":[{"@type":"WebPage","@id":"https:\/\/koningdrone.be\/product\/hollyland-solidcom-c1-pro-wireless-stereo-master-headset\/","url":"https:\/\/koningdrone.be\/product\/hollyland-solidcom-c1-pro-wireless-stereo-master-headset\/","name":"Hollyland Solidcom C1 Pro Wireless Stereo Master Headset - koningdrone.be","isPartOf":{"@id":"https:\/\/koningdrone.be\/#website"},"primaryImageOfPage":{"@id":"https:\/\/koningdrone.be\/product\/hollyland-solidcom-c1-pro-wireless-stereo-master-headset\/#primaryimage"},"image":{"@id":"https:\/\/koningdrone.be\/product\/hollyland-solidcom-c1-pro-wireless-stereo-master-headset\/#primaryimage"},"thumbnailUrl":"https:\/\/koningdrone.be\/wp-content\/uploads\/sites\/13\/2025\/04\/1683243984_1765598.jpg","datePublished":"2024-09-05T09:51:50+00:00","dateModified":"2026-04-29T14:00:52+00:00","breadcrumb":{"@id":"https:\/\/koningdrone.be\/product\/hollyland-solidcom-c1-pro-wireless-stereo-master-headset\/#breadcrumb"},"inLanguage":"es","potentialAction":[{"@type":"ReadAction","target":["https:\/\/koningdrone.be\/product\/hollyland-solidcom-c1-pro-wireless-stereo-master-headset\/"]}]},{"@type":"ImageObject","inLanguage":"es","@id":"https:\/\/koningdrone.be\/product\/hollyland-solidcom-c1-pro-wireless-stereo-master-headset\/#primaryimage","url":"https:\/\/koningdrone.be\/wp-content\/uploads\/sites\/13\/2025\/04\/1683243984_1765598.jpg","contentUrl":"https:\/\/koningdrone.be\/wp-content\/uploads\/sites\/13\/2025\/04\/1683243984_1765598.jpg","width":500,"height":500},{"@type":"BreadcrumbList","@id":"https:\/\/koningdrone.be\/product\/hollyland-solidcom-c1-pro-wireless-stereo-master-headset\/#breadcrumb","itemListElement":[{"@type":"ListItem","position":1,"name":"Home","item":"https:\/\/koningdrone.be\/"},{"@type":"ListItem","position":2,"name":"AVSS Parachute Recovery System for DJI Matrice 300\/350","item":"https:\/\/koningdrone.be\/product\/avss-parachute-recovery-system-for-dji-matrice-300-350\/"},{"@type":"ListItem","position":3,"name":"Alle accessoires","item":"https:\/\/koningdrone.be\/categorie\/alle-accessoires\/"},{"@type":"ListItem","position":4,"name":"Hollyland Solidcom C1 Pro Wireless Stereo Master Headset"}]},{"@type":"WebSite","@id":"https:\/\/koningdrone.be\/#website","url":"https:\/\/koningdrone.be\/","name":"Koningdrone.be - Su especialista en l\u00ednea en drones, cardanes, c\u00e1maras y centrales el\u00e9ctricas.","description":"La tienda virtual de drones y cardanes","publisher":{"@id":"https:\/\/koningdrone.be\/#organization"},"potentialAction":[{"@type":"SearchAction","target":{"@type":"EntryPoint","urlTemplate":"https:\/\/koningdrone.be\/?s={search_term_string}"},"query-input":{"@type":"PropertyValueSpecification","valueRequired":true,"valueName":"search_term_string"}}],"inLanguage":"es"},{"@type":"Organization","@id":"https:\/\/koningdrone.be\/#organization","name":"Kingdrone.es","url":"https:\/\/koningdrone.be\/","logo":{"@type":"ImageObject","inLanguage":"es","@id":"https:\/\/koningdrone.be\/#\/schema\/logo\/image\/","url":"https:\/\/koningdrone.be\/wp-content\/uploads\/sites\/13\/2025\/04\/koningdrone-copyright-logo.svg","contentUrl":"https:\/\/koningdrone.be\/wp-content\/uploads\/sites\/13\/2025\/04\/koningdrone-copyright-logo.svg","width":227,"height":38,"caption":"Koningdrone.be"},"image":{"@id":"https:\/\/koningdrone.be\/#\/schema\/logo\/image\/"}}]}},"df_price":394.94,"df_sale_price":"","df_regular_price":394.94,"df_image_link":"https:\/\/koningdrone.be\/wp-content\/uploads\/sites\/13\/2025\/04\/1683243984_1765598-300x300.jpg","_links":{"self":[{"href":"https:\/\/koningdrone.be\/es\/wp-json\/wp\/v2\/product\/3175","targetHints":{"allow":["GET"]}}],"collection":[{"href":"https:\/\/koningdrone.be\/es\/wp-json\/wp\/v2\/product"}],"about":[{"href":"https:\/\/koningdrone.be\/es\/wp-json\/wp\/v2\/types\/product"}],"wp:featuredmedia":[{"embeddable":true,"href":"https:\/\/koningdrone.be\/es\/wp-json\/wp\/v2\/media\/3168"}],"wp:attachment":[{"href":"https:\/\/koningdrone.be\/es\/wp-json\/wp\/v2\/media?parent=3175"}],"wp:term":[{"taxonomy":"product_brand","embeddable":true,"href":"https:\/\/koningdrone.be\/es\/wp-json\/wp\/v2\/product_brand?post=3175"},{"taxonomy":"product_cat","embeddable":true,"href":"https:\/\/koningdrone.be\/es\/wp-json\/wp\/v2\/product_cat?post=3175"},{"taxonomy":"product_tag","embeddable":true,"href":"https:\/\/koningdrone.be\/es\/wp-json\/wp\/v2\/product_tag?post=3175"}],"curies":[{"name":"wp","href":"https:\/\/api.w.org\/{rel}","templated":true}]}}