{"id":3117,"date":"2024-09-05T11:52:32","date_gmt":"2024-09-05T09:52:32","guid":{"rendered":"https:\/\/koningdrone.nl\/kon\/product\/pgytech-onemo-2-backpack-25l-space-black\/"},"modified":"2026-04-29T16:10:12","modified_gmt":"2026-04-29T14:10:12","slug":"pgytech-onemo-2-backpack-25l-space-black","status":"publish","type":"product","link":"https:\/\/koningdrone.be\/es\/producto\/pgytech-onemo-2-backpack-25l-space-black\/","title":{"rendered":"Mochila PGYTECH OneMo 2 25L (Negro espacial)"},"content":{"rendered":"<p>La mochila negra OneMo 2 de PGYTECH tiene una capacidad de 25 litros y es una bolsa para c\u00e1mara todo en uno dise\u00f1ada para fot\u00f3grafos profesionales.Esta combinaci\u00f3n de mochila y bandolera satisface una gran variedad de necesidades. El compartimento interior, cient\u00edficamente estructurado, permite guardar de forma ordenada tanto el equipo fotogr\u00e1fico como los objetos esenciales de la vida diaria. El compartimento frontal mejorado admite la expansi\u00f3n en forma de V y de H para acomodar un estabilizador de card\u00e1n y mucho m\u00e1s. La amplia abertura de la parte trasera permite un embalaje plano y los divisores interiores son gruesos y flexibles para un ajuste seguro y sencillo.<\/p>","protected":false},"excerpt":{"rendered":"<ul>\n<li>1.Hereda la perspectiva cl\u00e1sica de la serie OneMo;<\/li>\n<li>2. La mochila y la bandolera pueden satisfacer diferentes necesidades; <\/li>\n<li>3. El panel dorsal de alta calidad y el ancho cintur\u00f3n de cadera garantizan una mayor comodidad durante los desplazamientos;<\/li>\n<li>4. El interior cient\u00edficamente estructurado permite guardar de forma ordenada tanto el equipo de la c\u00e1mara como los objetos esenciales de la vida diaria. El bolsillo frontal mejorado admite expansi\u00f3n en forma de V y de H, para guardar el estabilizador de card\u00e1n y mucho m\u00e1s;<\/li>\n<li>5. 5. El acceso superior + derecho te permite coger f\u00e1cilmente el objetivo de enfoque largo; <\/li>\n<li>6. Amplia apertura trasera para almacenamiento en plano;<\/li>\n<li>7.Los tabiques interiores son m\u00e1s gruesos y flexibles, lo que proporciona un ajuste seguro y f\u00e1cil; <\/li>\n<li>8. Bolsa bandolera extensible para Mavic 3 combo; <\/li>\n<li>9. Cremallera YKK antirrobo y de alta calidad; <\/li>\n<li>10. Caja indicadora de potencia patentada; <\/li>\n<li>11. Correas de hombro para smartphone y clip para c\u00e1mara;<\/li>\n<li>12. Bolsillo secreto AirTag.<\/li>\n<\/ul>","protected":false},"featured_media":3111,"template":"","meta":{"_acf_changed":false},"product_brand":[],"product_cat":[268,419,97,201,207],"product_tag":[],"class_list":{"0":"post-3117","1":"product","2":"type-product","3":"status-publish","4":"has-post-thumbnail","6":"product_cat-alle-accessoires","7":"product_cat-alle-hoofdtelefoons","8":"product_cat-alle-producten","9":"product_cat-alle-tassen-en-koffers","10":"product_cat-hollyland","11":"product_shipping_class-outofstock","12":"pa_brand-pgytech","13":"pa_productfamily-tas","14":"pa_producttype-tas","16":"first","17":"outofstock","18":"taxable","19":"shipping-taxable","20":"purchasable","21":"product-type-simple"},"acf":[],"yoast_head":"<!-- This site is optimized with the Yoast SEO Premium plugin v27.2 (Yoast SEO v27.2) - https:\/\/yoast.com\/product\/yoast-seo-premium-wordpress\/ -->\n<title>PGYTECH OneMo 2 Backpack 25L (Space Black) - koningdrone.be<\/title>\n<meta name=\"robots\" content=\"index, follow, max-snippet:-1, max-image-preview:large, max-video-preview:-1\" \/>\n<link rel=\"canonical\" href=\"https:\/\/koningdrone.be\/es\/producto\/pgytech-onemo-2-backpack-25l-space-black\/\" \/>\n<meta property=\"og:locale\" content=\"es_ES\" \/>\n<meta property=\"og:type\" content=\"article\" \/>\n<meta property=\"og:title\" content=\"PGYTECH OneMo 2 Backpack 25L (Space Black)\" \/>\n<meta property=\"og:description\" content=\"1.Erf de klassieke vooruitzichten van de OneMo-reeks;2. Rugzak plus schoudertas kunnen aan verschillende behoeften voldoen; 3. Hoogwaardig rugpaneel plus brede heupband zorgen voor meer comfort onderweg;4. Dankzij de wetenschappelijk gestructureerde binnenruimte kunnen zowel cameraspullen als levensbenodigdheden netjes worden opgeborgen. Het verbeterde voorvak ondersteunt zowel V-vorm als H-vorm uitbreiding, voor het opbergen van gimbal stabilisator en meer;5. 5. Top + rechts toegang kunt u gemakkelijk grijpen long-focus lens; 6. Brede opening aan de achterkant voor plat opbergen;7.Upgarded interieur partities zijn dikker en flexibeler, die een veilige pasvorm en eenvoudige aanpassing brengt; 8. Uitgebreide schoudertas voor Mavic 3 combo; 9. Anti-diefstal en hoge kwaliteit YKK rits; 10. Gepatenteerd power-indicatievak; 11. Schouderbanden voor smartphone en cameraklem;12. Geheim AirTag-vak.\" \/>\n<meta property=\"og:url\" content=\"https:\/\/koningdrone.be\/es\/producto\/pgytech-onemo-2-backpack-25l-space-black\/\" \/>\n<meta property=\"og:site_name\" content=\"koningdrone.be\" \/>\n<meta property=\"article:modified_time\" content=\"2026-04-29T14:10:12+00:00\" \/>\n<meta property=\"og:image\" content=\"https:\/\/koningdrone.be\/wp-content\/uploads\/sites\/13\/2025\/04\/1677677428_1752366.jpg\" \/>\n\t<meta property=\"og:image:width\" content=\"500\" \/>\n\t<meta property=\"og:image:height\" content=\"500\" \/>\n\t<meta property=\"og:image:type\" content=\"image\/jpeg\" \/>\n<meta name=\"twitter:card\" content=\"summary_large_image\" \/>\n<script type=\"application\/ld+json\" class=\"yoast-schema-graph\">{\"@context\":\"https:\/\/schema.org\",\"@graph\":[{\"@type\":\"WebPage\",\"@id\":\"https:\/\/koningdrone.be\/product\/pgytech-onemo-2-backpack-25l-space-black\/\",\"url\":\"https:\/\/koningdrone.be\/product\/pgytech-onemo-2-backpack-25l-space-black\/\",\"name\":\"PGYTECH OneMo 2 Backpack 25L (Space Black) - koningdrone.be\",\"isPartOf\":{\"@id\":\"https:\/\/koningdrone.be\/#website\"},\"primaryImageOfPage\":{\"@id\":\"https:\/\/koningdrone.be\/product\/pgytech-onemo-2-backpack-25l-space-black\/#primaryimage\"},\"image\":{\"@id\":\"https:\/\/koningdrone.be\/product\/pgytech-onemo-2-backpack-25l-space-black\/#primaryimage\"},\"thumbnailUrl\":\"https:\/\/koningdrone.be\/wp-content\/uploads\/sites\/13\/2025\/04\/1677677428_1752366.jpg\",\"datePublished\":\"2024-09-05T09:52:32+00:00\",\"dateModified\":\"2026-04-29T14:10:12+00:00\",\"breadcrumb\":{\"@id\":\"https:\/\/koningdrone.be\/product\/pgytech-onemo-2-backpack-25l-space-black\/#breadcrumb\"},\"inLanguage\":\"es\",\"potentialAction\":[{\"@type\":\"ReadAction\",\"target\":[\"https:\/\/koningdrone.be\/product\/pgytech-onemo-2-backpack-25l-space-black\/\"]}]},{\"@type\":\"ImageObject\",\"inLanguage\":\"es\",\"@id\":\"https:\/\/koningdrone.be\/product\/pgytech-onemo-2-backpack-25l-space-black\/#primaryimage\",\"url\":\"https:\/\/koningdrone.be\/wp-content\/uploads\/sites\/13\/2025\/04\/1677677428_1752366.jpg\",\"contentUrl\":\"https:\/\/koningdrone.be\/wp-content\/uploads\/sites\/13\/2025\/04\/1677677428_1752366.jpg\",\"width\":500,\"height\":500},{\"@type\":\"BreadcrumbList\",\"@id\":\"https:\/\/koningdrone.be\/product\/pgytech-onemo-2-backpack-25l-space-black\/#breadcrumb\",\"itemListElement\":[{\"@type\":\"ListItem\",\"position\":1,\"name\":\"Home\",\"item\":\"https:\/\/koningdrone.be\/\"},{\"@type\":\"ListItem\",\"position\":2,\"name\":\"AVSS Parachute Recovery System for DJI Matrice 300\/350\",\"item\":\"https:\/\/koningdrone.be\/product\/avss-parachute-recovery-system-for-dji-matrice-300-350\/\"},{\"@type\":\"ListItem\",\"position\":3,\"name\":\"Alle accessoires\",\"item\":\"https:\/\/koningdrone.be\/categorie\/alle-accessoires\/\"},{\"@type\":\"ListItem\",\"position\":4,\"name\":\"PGYTECH OneMo 2 Backpack 25L (Space Black)\"}]},{\"@type\":\"WebSite\",\"@id\":\"https:\/\/koningdrone.be\/#website\",\"url\":\"https:\/\/koningdrone.be\/\",\"name\":\"Koningdrone.be - Uw online specialist in drones, gimbals, camera's en power stations.\",\"description\":\"De webshop in drones en gimbals\",\"publisher\":{\"@id\":\"https:\/\/koningdrone.be\/#organization\"},\"potentialAction\":[{\"@type\":\"SearchAction\",\"target\":{\"@type\":\"EntryPoint\",\"urlTemplate\":\"https:\/\/koningdrone.be\/?s={search_term_string}\"},\"query-input\":{\"@type\":\"PropertyValueSpecification\",\"valueRequired\":true,\"valueName\":\"search_term_string\"}}],\"inLanguage\":\"es\"},{\"@type\":\"Organization\",\"@id\":\"https:\/\/koningdrone.be\/#organization\",\"name\":\"Koningdrone.be\",\"url\":\"https:\/\/koningdrone.be\/\",\"logo\":{\"@type\":\"ImageObject\",\"inLanguage\":\"es\",\"@id\":\"https:\/\/koningdrone.be\/#\/schema\/logo\/image\/\",\"url\":\"https:\/\/koningdrone.be\/wp-content\/uploads\/sites\/13\/2025\/04\/koningdrone-copyright-logo.svg\",\"contentUrl\":\"https:\/\/koningdrone.be\/wp-content\/uploads\/sites\/13\/2025\/04\/koningdrone-copyright-logo.svg\",\"width\":227,\"height\":38,\"caption\":\"Koningdrone.be\"},\"image\":{\"@id\":\"https:\/\/koningdrone.be\/#\/schema\/logo\/image\/\"}}]}<\/script>\n<!-- \/ Yoast SEO Premium plugin. -->","yoast_head_json":{"title":"PGYTECH OneMo 2 Backpack 25L (Space Black) - koningdrone.be","robots":{"index":"index","follow":"follow","max-snippet":"max-snippet:-1","max-image-preview":"max-image-preview:large","max-video-preview":"max-video-preview:-1"},"canonical":"https:\/\/koningdrone.be\/es\/producto\/pgytech-onemo-2-backpack-25l-space-black\/","og_locale":"es_ES","og_type":"article","og_title":"PGYTECH OneMo 2 Backpack 25L (Space Black)","og_description":"1.Erf de klassieke vooruitzichten van de OneMo-reeks;2. Rugzak plus schoudertas kunnen aan verschillende behoeften voldoen; 3. Hoogwaardig rugpaneel plus brede heupband zorgen voor meer comfort onderweg;4. Dankzij de wetenschappelijk gestructureerde binnenruimte kunnen zowel cameraspullen als levensbenodigdheden netjes worden opgeborgen. Het verbeterde voorvak ondersteunt zowel V-vorm als H-vorm uitbreiding, voor het opbergen van gimbal stabilisator en meer;5. 5. Top + rechts toegang kunt u gemakkelijk grijpen long-focus lens; 6. Brede opening aan de achterkant voor plat opbergen;7.Upgarded interieur partities zijn dikker en flexibeler, die een veilige pasvorm en eenvoudige aanpassing brengt; 8. Uitgebreide schoudertas voor Mavic 3 combo; 9. Anti-diefstal en hoge kwaliteit YKK rits; 10. Gepatenteerd power-indicatievak; 11. Schouderbanden voor smartphone en cameraklem;12. Geheim AirTag-vak.","og_url":"https:\/\/koningdrone.be\/es\/producto\/pgytech-onemo-2-backpack-25l-space-black\/","og_site_name":"koningdrone.be","article_modified_time":"2026-04-29T14:10:12+00:00","og_image":[{"width":500,"height":500,"url":"https:\/\/koningdrone.be\/wp-content\/uploads\/sites\/13\/2025\/04\/1677677428_1752366.jpg","type":"image\/jpeg"}],"twitter_card":"summary_large_image","schema":{"@context":"https:\/\/schema.org","@graph":[{"@type":"WebPage","@id":"https:\/\/koningdrone.be\/product\/pgytech-onemo-2-backpack-25l-space-black\/","url":"https:\/\/koningdrone.be\/product\/pgytech-onemo-2-backpack-25l-space-black\/","name":"PGYTECH OneMo 2 Backpack 25L (Space Black) - koningdrone.be","isPartOf":{"@id":"https:\/\/koningdrone.be\/#website"},"primaryImageOfPage":{"@id":"https:\/\/koningdrone.be\/product\/pgytech-onemo-2-backpack-25l-space-black\/#primaryimage"},"image":{"@id":"https:\/\/koningdrone.be\/product\/pgytech-onemo-2-backpack-25l-space-black\/#primaryimage"},"thumbnailUrl":"https:\/\/koningdrone.be\/wp-content\/uploads\/sites\/13\/2025\/04\/1677677428_1752366.jpg","datePublished":"2024-09-05T09:52:32+00:00","dateModified":"2026-04-29T14:10:12+00:00","breadcrumb":{"@id":"https:\/\/koningdrone.be\/product\/pgytech-onemo-2-backpack-25l-space-black\/#breadcrumb"},"inLanguage":"es","potentialAction":[{"@type":"ReadAction","target":["https:\/\/koningdrone.be\/product\/pgytech-onemo-2-backpack-25l-space-black\/"]}]},{"@type":"ImageObject","inLanguage":"es","@id":"https:\/\/koningdrone.be\/product\/pgytech-onemo-2-backpack-25l-space-black\/#primaryimage","url":"https:\/\/koningdrone.be\/wp-content\/uploads\/sites\/13\/2025\/04\/1677677428_1752366.jpg","contentUrl":"https:\/\/koningdrone.be\/wp-content\/uploads\/sites\/13\/2025\/04\/1677677428_1752366.jpg","width":500,"height":500},{"@type":"BreadcrumbList","@id":"https:\/\/koningdrone.be\/product\/pgytech-onemo-2-backpack-25l-space-black\/#breadcrumb","itemListElement":[{"@type":"ListItem","position":1,"name":"Home","item":"https:\/\/koningdrone.be\/"},{"@type":"ListItem","position":2,"name":"AVSS Parachute Recovery System for DJI Matrice 300\/350","item":"https:\/\/koningdrone.be\/product\/avss-parachute-recovery-system-for-dji-matrice-300-350\/"},{"@type":"ListItem","position":3,"name":"Alle accessoires","item":"https:\/\/koningdrone.be\/categorie\/alle-accessoires\/"},{"@type":"ListItem","position":4,"name":"PGYTECH OneMo 2 Backpack 25L (Space Black)"}]},{"@type":"WebSite","@id":"https:\/\/koningdrone.be\/#website","url":"https:\/\/koningdrone.be\/","name":"Koningdrone.be - Su especialista en l\u00ednea en drones, cardanes, c\u00e1maras y centrales el\u00e9ctricas.","description":"La tienda virtual de drones y cardanes","publisher":{"@id":"https:\/\/koningdrone.be\/#organization"},"potentialAction":[{"@type":"SearchAction","target":{"@type":"EntryPoint","urlTemplate":"https:\/\/koningdrone.be\/?s={search_term_string}"},"query-input":{"@type":"PropertyValueSpecification","valueRequired":true,"valueName":"search_term_string"}}],"inLanguage":"es"},{"@type":"Organization","@id":"https:\/\/koningdrone.be\/#organization","name":"Kingdrone.es","url":"https:\/\/koningdrone.be\/","logo":{"@type":"ImageObject","inLanguage":"es","@id":"https:\/\/koningdrone.be\/#\/schema\/logo\/image\/","url":"https:\/\/koningdrone.be\/wp-content\/uploads\/sites\/13\/2025\/04\/koningdrone-copyright-logo.svg","contentUrl":"https:\/\/koningdrone.be\/wp-content\/uploads\/sites\/13\/2025\/04\/koningdrone-copyright-logo.svg","width":227,"height":38,"caption":"Koningdrone.be"},"image":{"@id":"https:\/\/koningdrone.be\/#\/schema\/logo\/image\/"}}]}},"df_price":239.99,"df_sale_price":"","df_regular_price":239.99,"df_image_link":"https:\/\/koningdrone.be\/wp-content\/uploads\/sites\/13\/2025\/04\/1677677428_1752366-300x300.jpg","_links":{"self":[{"href":"https:\/\/koningdrone.be\/es\/wp-json\/wp\/v2\/product\/3117","targetHints":{"allow":["GET"]}}],"collection":[{"href":"https:\/\/koningdrone.be\/es\/wp-json\/wp\/v2\/product"}],"about":[{"href":"https:\/\/koningdrone.be\/es\/wp-json\/wp\/v2\/types\/product"}],"wp:featuredmedia":[{"embeddable":true,"href":"https:\/\/koningdrone.be\/es\/wp-json\/wp\/v2\/media\/3111"}],"wp:attachment":[{"href":"https:\/\/koningdrone.be\/es\/wp-json\/wp\/v2\/media?parent=3117"}],"wp:term":[{"taxonomy":"product_brand","embeddable":true,"href":"https:\/\/koningdrone.be\/es\/wp-json\/wp\/v2\/product_brand?post=3117"},{"taxonomy":"product_cat","embeddable":true,"href":"https:\/\/koningdrone.be\/es\/wp-json\/wp\/v2\/product_cat?post=3117"},{"taxonomy":"product_tag","embeddable":true,"href":"https:\/\/koningdrone.be\/es\/wp-json\/wp\/v2\/product_tag?post=3117"}],"curies":[{"name":"wp","href":"https:\/\/api.w.org\/{rel}","templated":true}]}}