{"id":3098,"date":"2024-09-05T11:52:52","date_gmt":"2024-09-05T09:52:52","guid":{"rendered":"https:\/\/koningdrone.nl\/kon\/product\/insta-360-go-3-nd-filter-set\/"},"modified":"2026-04-29T04:50:09","modified_gmt":"2026-04-29T02:50:09","slug":"insta-360-go-3-nd-filter-set","status":"publish","type":"product","link":"https:\/\/koningdrone.be\/es\/producto\/insta-360-go-3-nd-filter-set\/","title":{"rendered":"Insta 360 Go 3 - Juego de filtros ND"},"content":{"rendered":"<p>El set de filtros ND Insta360 GO 3 est\u00e1 dise\u00f1ado para mejorar la calidad de v\u00eddeo de su c\u00e1mara Insta360 GO 3 reduciendo los reflejos y controlando la exposici\u00f3n. Este set contiene varios filtros ND que ayudan a crear tomas m\u00e1s suaves y cinematogr\u00e1ficas con luz brillante. Es perfecto para grabar en exteriores y proporciona un mejor control sobre la velocidad de obturaci\u00f3n de la c\u00e1mara, por lo que es ideal para tomas de acci\u00f3n y v\u00eddeos time-lapse.<\/p>","protected":false},"excerpt":{"rendered":"<ul>\n<li>Crea f\u00e1cilmente efectos de ambiente cinematogr\u00e1fico y desenfoque de movimiento.<\/li>\n<li>Incluye filtros ND8, ND16, ND32 y ND64 para cuatro niveles de reducci\u00f3n de la luz.<\/li>\n<li>Haz la foto perfecta en diferentes condiciones de iluminaci\u00f3n.<\/li>\n<li>Haz fotos de larga exposici\u00f3n con efectos \u00fanicos, como estelas de luz urbana y estelas de estrellas.<\/li>\n<li>El set de filtros ND GO 3 est\u00e1 respaldado por la garant\u00eda de por vida de Freewell. La garant\u00eda de calidad de por vida de los productos es intransferible y no existe garant\u00eda de por vida para art\u00edculos usados o adquiridos a vendedores no autorizados. Para reclamar la garant\u00eda, adjunte un recibo fechado con el nombre del producto y la factura de compra y env\u00edelo por correo a Freewell a care@freewellgear.com.<\/li>\n<\/ul>","protected":false},"featured_media":3094,"template":"","meta":{"_acf_changed":false},"product_brand":[],"product_cat":[268,97,207],"product_tag":[],"class_list":{"0":"post-3098","1":"product","2":"type-product","3":"status-publish","4":"has-post-thumbnail","6":"product_cat-alle-accessoires","7":"product_cat-alle-producten","8":"product_cat-hollyland","9":"product_shipping_class-europafotoall","10":"pa_brand-insta360","11":"pa_productfamily-filterset","12":"pa_producttype-filterset","13":"pa_series-insta360-go","15":"first","16":"instock","17":"taxable","18":"shipping-taxable","19":"purchasable","20":"product-type-simple"},"acf":[],"yoast_head":"<!-- This site is optimized with the Yoast SEO Premium plugin v27.2 (Yoast SEO v27.2) - https:\/\/yoast.com\/product\/yoast-seo-premium-wordpress\/ -->\n<title>Insta 360 Go 3 - ND Filter Set - koningdrone.be<\/title>\n<meta name=\"robots\" content=\"index, follow, max-snippet:-1, max-image-preview:large, max-video-preview:-1\" \/>\n<link rel=\"canonical\" href=\"https:\/\/koningdrone.be\/es\/producto\/insta-360-go-3-nd-filter-set\/\" \/>\n<meta property=\"og:locale\" content=\"es_ES\" \/>\n<meta property=\"og:type\" content=\"article\" \/>\n<meta property=\"og:title\" content=\"Insta 360 Go 3 - ND Filter Set\" \/>\n<meta property=\"og:description\" content=\"Cre\u00eber eenvoudig een filmische sfeer en bewegingsonscherpte-effecten.Inclusief ND8-, ND16-, ND32- en ND64-filters voor vier niveaus van lichtreductie.Maak de perfecte opname in verschillende lichtomstandigheden.Maak opnamen met lange belichting en unieke effecten zoals lichtsporen in de stad en sterrensporen.De GO 3 ND-filterset wordt ondersteund door Freewells levenslange garantie. De levenslange kwaliteitsgarantie op producten is niet overdraagbaar en er is geen levenslange garantie op gebruikte artikelen of artikelen gekocht van niet-erkende verkopers. Om aanspraak te maken op de garantie voegt u een gedateerde kassabon met productnaam en aankoopfactuur bij en mailt u deze naar Freewell op care@freewellgear.com.\" \/>\n<meta property=\"og:url\" content=\"https:\/\/koningdrone.be\/es\/producto\/insta-360-go-3-nd-filter-set\/\" \/>\n<meta property=\"og:site_name\" content=\"koningdrone.be\" \/>\n<meta property=\"article:modified_time\" content=\"2026-04-29T02:50:09+00:00\" \/>\n<meta property=\"og:image\" content=\"https:\/\/koningdrone.be\/wp-content\/uploads\/sites\/13\/2025\/04\/Main@780w.webp\" \/>\n\t<meta property=\"og:image:width\" content=\"780\" \/>\n\t<meta property=\"og:image:height\" content=\"780\" \/>\n\t<meta property=\"og:image:type\" content=\"image\/webp\" \/>\n<meta name=\"twitter:card\" content=\"summary_large_image\" \/>\n<script type=\"application\/ld+json\" class=\"yoast-schema-graph\">{\"@context\":\"https:\/\/schema.org\",\"@graph\":[{\"@type\":\"WebPage\",\"@id\":\"https:\/\/koningdrone.be\/product\/insta-360-go-3-nd-filter-set\/\",\"url\":\"https:\/\/koningdrone.be\/product\/insta-360-go-3-nd-filter-set\/\",\"name\":\"Insta 360 Go 3 - ND Filter Set - koningdrone.be\",\"isPartOf\":{\"@id\":\"https:\/\/koningdrone.be\/#website\"},\"primaryImageOfPage\":{\"@id\":\"https:\/\/koningdrone.be\/product\/insta-360-go-3-nd-filter-set\/#primaryimage\"},\"image\":{\"@id\":\"https:\/\/koningdrone.be\/product\/insta-360-go-3-nd-filter-set\/#primaryimage\"},\"thumbnailUrl\":\"https:\/\/koningdrone.be\/wp-content\/uploads\/sites\/13\/2025\/04\/Main@780w.webp\",\"datePublished\":\"2024-09-05T09:52:52+00:00\",\"dateModified\":\"2026-04-29T02:50:09+00:00\",\"breadcrumb\":{\"@id\":\"https:\/\/koningdrone.be\/product\/insta-360-go-3-nd-filter-set\/#breadcrumb\"},\"inLanguage\":\"es\",\"potentialAction\":[{\"@type\":\"ReadAction\",\"target\":[\"https:\/\/koningdrone.be\/product\/insta-360-go-3-nd-filter-set\/\"]}]},{\"@type\":\"ImageObject\",\"inLanguage\":\"es\",\"@id\":\"https:\/\/koningdrone.be\/product\/insta-360-go-3-nd-filter-set\/#primaryimage\",\"url\":\"https:\/\/koningdrone.be\/wp-content\/uploads\/sites\/13\/2025\/04\/Main@780w.webp\",\"contentUrl\":\"https:\/\/koningdrone.be\/wp-content\/uploads\/sites\/13\/2025\/04\/Main@780w.webp\",\"width\":780,\"height\":780},{\"@type\":\"BreadcrumbList\",\"@id\":\"https:\/\/koningdrone.be\/product\/insta-360-go-3-nd-filter-set\/#breadcrumb\",\"itemListElement\":[{\"@type\":\"ListItem\",\"position\":1,\"name\":\"Home\",\"item\":\"https:\/\/koningdrone.be\/\"},{\"@type\":\"ListItem\",\"position\":2,\"name\":\"AVSS Parachute Recovery System for DJI Matrice 300\/350\",\"item\":\"https:\/\/koningdrone.be\/product\/avss-parachute-recovery-system-for-dji-matrice-300-350\/\"},{\"@type\":\"ListItem\",\"position\":3,\"name\":\"Alle accessoires\",\"item\":\"https:\/\/koningdrone.be\/categorie\/alle-accessoires\/\"},{\"@type\":\"ListItem\",\"position\":4,\"name\":\"Insta 360 Go 3 &#8211; ND Filter Set\"}]},{\"@type\":\"WebSite\",\"@id\":\"https:\/\/koningdrone.be\/#website\",\"url\":\"https:\/\/koningdrone.be\/\",\"name\":\"Koningdrone.be - Uw online specialist in drones, gimbals, camera's en power stations.\",\"description\":\"De webshop in drones en gimbals\",\"publisher\":{\"@id\":\"https:\/\/koningdrone.be\/#organization\"},\"potentialAction\":[{\"@type\":\"SearchAction\",\"target\":{\"@type\":\"EntryPoint\",\"urlTemplate\":\"https:\/\/koningdrone.be\/?s={search_term_string}\"},\"query-input\":{\"@type\":\"PropertyValueSpecification\",\"valueRequired\":true,\"valueName\":\"search_term_string\"}}],\"inLanguage\":\"es\"},{\"@type\":\"Organization\",\"@id\":\"https:\/\/koningdrone.be\/#organization\",\"name\":\"Koningdrone.be\",\"url\":\"https:\/\/koningdrone.be\/\",\"logo\":{\"@type\":\"ImageObject\",\"inLanguage\":\"es\",\"@id\":\"https:\/\/koningdrone.be\/#\/schema\/logo\/image\/\",\"url\":\"https:\/\/koningdrone.be\/wp-content\/uploads\/sites\/13\/2025\/04\/koningdrone-copyright-logo.svg\",\"contentUrl\":\"https:\/\/koningdrone.be\/wp-content\/uploads\/sites\/13\/2025\/04\/koningdrone-copyright-logo.svg\",\"width\":227,\"height\":38,\"caption\":\"Koningdrone.be\"},\"image\":{\"@id\":\"https:\/\/koningdrone.be\/#\/schema\/logo\/image\/\"}}]}<\/script>\n<!-- \/ Yoast SEO Premium plugin. -->","yoast_head_json":{"title":"Insta 360 Go 3 - ND Filter Set - koningdrone.be","robots":{"index":"index","follow":"follow","max-snippet":"max-snippet:-1","max-image-preview":"max-image-preview:large","max-video-preview":"max-video-preview:-1"},"canonical":"https:\/\/koningdrone.be\/es\/producto\/insta-360-go-3-nd-filter-set\/","og_locale":"es_ES","og_type":"article","og_title":"Insta 360 Go 3 - ND Filter Set","og_description":"Cre\u00eber eenvoudig een filmische sfeer en bewegingsonscherpte-effecten.Inclusief ND8-, ND16-, ND32- en ND64-filters voor vier niveaus van lichtreductie.Maak de perfecte opname in verschillende lichtomstandigheden.Maak opnamen met lange belichting en unieke effecten zoals lichtsporen in de stad en sterrensporen.De GO 3 ND-filterset wordt ondersteund door Freewells levenslange garantie. De levenslange kwaliteitsgarantie op producten is niet overdraagbaar en er is geen levenslange garantie op gebruikte artikelen of artikelen gekocht van niet-erkende verkopers. Om aanspraak te maken op de garantie voegt u een gedateerde kassabon met productnaam en aankoopfactuur bij en mailt u deze naar Freewell op care@freewellgear.com.","og_url":"https:\/\/koningdrone.be\/es\/producto\/insta-360-go-3-nd-filter-set\/","og_site_name":"koningdrone.be","article_modified_time":"2026-04-29T02:50:09+00:00","og_image":[{"width":780,"height":780,"url":"https:\/\/koningdrone.be\/wp-content\/uploads\/sites\/13\/2025\/04\/Main@780w.webp","type":"image\/webp"}],"twitter_card":"summary_large_image","schema":{"@context":"https:\/\/schema.org","@graph":[{"@type":"WebPage","@id":"https:\/\/koningdrone.be\/product\/insta-360-go-3-nd-filter-set\/","url":"https:\/\/koningdrone.be\/product\/insta-360-go-3-nd-filter-set\/","name":"Insta 360 Go 3 - ND Filter Set - koningdrone.be","isPartOf":{"@id":"https:\/\/koningdrone.be\/#website"},"primaryImageOfPage":{"@id":"https:\/\/koningdrone.be\/product\/insta-360-go-3-nd-filter-set\/#primaryimage"},"image":{"@id":"https:\/\/koningdrone.be\/product\/insta-360-go-3-nd-filter-set\/#primaryimage"},"thumbnailUrl":"https:\/\/koningdrone.be\/wp-content\/uploads\/sites\/13\/2025\/04\/Main@780w.webp","datePublished":"2024-09-05T09:52:52+00:00","dateModified":"2026-04-29T02:50:09+00:00","breadcrumb":{"@id":"https:\/\/koningdrone.be\/product\/insta-360-go-3-nd-filter-set\/#breadcrumb"},"inLanguage":"es","potentialAction":[{"@type":"ReadAction","target":["https:\/\/koningdrone.be\/product\/insta-360-go-3-nd-filter-set\/"]}]},{"@type":"ImageObject","inLanguage":"es","@id":"https:\/\/koningdrone.be\/product\/insta-360-go-3-nd-filter-set\/#primaryimage","url":"https:\/\/koningdrone.be\/wp-content\/uploads\/sites\/13\/2025\/04\/Main@780w.webp","contentUrl":"https:\/\/koningdrone.be\/wp-content\/uploads\/sites\/13\/2025\/04\/Main@780w.webp","width":780,"height":780},{"@type":"BreadcrumbList","@id":"https:\/\/koningdrone.be\/product\/insta-360-go-3-nd-filter-set\/#breadcrumb","itemListElement":[{"@type":"ListItem","position":1,"name":"Home","item":"https:\/\/koningdrone.be\/"},{"@type":"ListItem","position":2,"name":"AVSS Parachute Recovery System for DJI Matrice 300\/350","item":"https:\/\/koningdrone.be\/product\/avss-parachute-recovery-system-for-dji-matrice-300-350\/"},{"@type":"ListItem","position":3,"name":"Alle accessoires","item":"https:\/\/koningdrone.be\/categorie\/alle-accessoires\/"},{"@type":"ListItem","position":4,"name":"Insta 360 Go 3 &#8211; ND Filter Set"}]},{"@type":"WebSite","@id":"https:\/\/koningdrone.be\/#website","url":"https:\/\/koningdrone.be\/","name":"Koningdrone.be - Su especialista en l\u00ednea en drones, cardanes, c\u00e1maras y centrales el\u00e9ctricas.","description":"La tienda virtual de drones y cardanes","publisher":{"@id":"https:\/\/koningdrone.be\/#organization"},"potentialAction":[{"@type":"SearchAction","target":{"@type":"EntryPoint","urlTemplate":"https:\/\/koningdrone.be\/?s={search_term_string}"},"query-input":{"@type":"PropertyValueSpecification","valueRequired":true,"valueName":"search_term_string"}}],"inLanguage":"es"},{"@type":"Organization","@id":"https:\/\/koningdrone.be\/#organization","name":"Kingdrone.es","url":"https:\/\/koningdrone.be\/","logo":{"@type":"ImageObject","inLanguage":"es","@id":"https:\/\/koningdrone.be\/#\/schema\/logo\/image\/","url":"https:\/\/koningdrone.be\/wp-content\/uploads\/sites\/13\/2025\/04\/koningdrone-copyright-logo.svg","contentUrl":"https:\/\/koningdrone.be\/wp-content\/uploads\/sites\/13\/2025\/04\/koningdrone-copyright-logo.svg","width":227,"height":38,"caption":"Koningdrone.be"},"image":{"@id":"https:\/\/koningdrone.be\/#\/schema\/logo\/image\/"}}]}},"df_price":69,"df_sale_price":"","df_regular_price":69,"df_image_link":"https:\/\/koningdrone.be\/wp-content\/uploads\/sites\/13\/2025\/04\/Main@780w-300x300.webp","_links":{"self":[{"href":"https:\/\/koningdrone.be\/es\/wp-json\/wp\/v2\/product\/3098","targetHints":{"allow":["GET"]}}],"collection":[{"href":"https:\/\/koningdrone.be\/es\/wp-json\/wp\/v2\/product"}],"about":[{"href":"https:\/\/koningdrone.be\/es\/wp-json\/wp\/v2\/types\/product"}],"wp:featuredmedia":[{"embeddable":true,"href":"https:\/\/koningdrone.be\/es\/wp-json\/wp\/v2\/media\/3094"}],"wp:attachment":[{"href":"https:\/\/koningdrone.be\/es\/wp-json\/wp\/v2\/media?parent=3098"}],"wp:term":[{"taxonomy":"product_brand","embeddable":true,"href":"https:\/\/koningdrone.be\/es\/wp-json\/wp\/v2\/product_brand?post=3098"},{"taxonomy":"product_cat","embeddable":true,"href":"https:\/\/koningdrone.be\/es\/wp-json\/wp\/v2\/product_cat?post=3098"},{"taxonomy":"product_tag","embeddable":true,"href":"https:\/\/koningdrone.be\/es\/wp-json\/wp\/v2\/product_tag?post=3098"}],"curies":[{"name":"wp","href":"https:\/\/api.w.org\/{rel}","templated":true}]}}