{"id":3031,"date":"2024-09-05T11:54:41","date_gmt":"2024-09-05T09:54:41","guid":{"rendered":"https:\/\/koningdrone.nl\/kon\/product\/micasense-rededge-p-dual-red-and-blue-multispectral-kit\/"},"modified":"2026-05-01T12:30:28","modified_gmt":"2026-05-01T10:30:28","slug":"micasense-rededge-p-dual-red-and-blue-multispectral-kit","status":"publish","type":"product","link":"https:\/\/koningdrone.be\/es\/producto\/micasense-rededge-p-dual-red-and-blue-multispectral-kit\/","title":{"rendered":"Kit multiespectral Micasense Rededge-P Dual (rojo y azul)"},"content":{"rendered":"<p>El kit multiespectral rojo y azul dual RedEdge-P es un potente sistema de captura de im\u00e1genes dise\u00f1ado para el dron DJI Matrice 300. Proporciona im\u00e1genes multiespectrales de doble banda con filtros rojo y azul para an\u00e1lisis agr\u00edcolas y medioambientales precisos. Proporciona datos multiespectrales precisos y detallados para mejorar la supervisi\u00f3n de la vegetaci\u00f3n y los cultivos.<\/p>","protected":false},"excerpt":{"rendered":"<ul>\n<li>10 bandas multiespectrales de 1,6 MP cada una<\/li>\n<li>Banda pancrom\u00e1tica para im\u00e1genes m\u00e1s n\u00edtidas<\/li>\n<li>Banda costera azul para el an\u00e1lisis de la vegetaci\u00f3n acu\u00e1tica y la identificaci\u00f3n de malas hierbas<\/li>\n<li>Bandas espectrales estrechas para obtener datos m\u00e1s precisos<\/li>\n<li>Calibraci\u00f3n doble para el an\u00e1lisis de series temporales<\/li>\n<li>Obturador global para im\u00e1genes sin distorsiones.<\/li>\n<li>Hasta 3 im\u00e1genes por segundo<\/li>\n<li>Grabaci\u00f3n sincronizada de las 10 bandas<\/li>\n<li>Se suministra con sensor de luz DLS y panel de reflexi\u00f3n calibrado CRP<\/li>\n<\/ul>","protected":false},"featured_media":3028,"template":"","meta":{"_acf_changed":false},"product_brand":[],"product_cat":[97,427],"product_tag":[],"class_list":{"0":"post-3031","1":"product","2":"type-product","3":"status-publish","4":"has-post-thumbnail","6":"product_cat-alle-producten","7":"product_cat-micasense","8":"product_shipping_class-outofstock","9":"pa_brand-micasense","10":"pa_productfamily-multispectrale-kit","11":"pa_producttype-multispectrale-kit","12":"pa_series-rededge-p","14":"first","15":"outofstock","16":"taxable","17":"shipping-taxable","18":"product-type-simple"},"acf":[],"yoast_head":"<!-- This site is optimized with the Yoast SEO Premium plugin v27.2 (Yoast SEO v27.2) - https:\/\/yoast.com\/product\/yoast-seo-premium-wordpress\/ -->\n<title>Micasense Rededge-P Dual (Red and Blue) Multispectral Kit - koningdrone.be<\/title>\n<meta name=\"robots\" content=\"index, follow, max-snippet:-1, max-image-preview:large, max-video-preview:-1\" \/>\n<link rel=\"canonical\" href=\"https:\/\/koningdrone.be\/es\/producto\/micasense-rededge-p-dual-red-and-blue-multispectral-kit\/\" \/>\n<meta property=\"og:locale\" content=\"es_ES\" \/>\n<meta property=\"og:type\" content=\"article\" \/>\n<meta property=\"og:title\" content=\"Micasense Rededge-P Dual (Red and Blue) Multispectral Kit\" \/>\n<meta property=\"og:description\" content=\"10 multispectrale banden met elk 1,6 MPPanchromatische band voor scherpere beeldenBlauwe kustband voor analyse van watervegetatie en onkruididentificatieSpectrale smalle banden voor nauwkeurigere gegevensDubbele kalibratie voor tijdreeksanalyseGlobale sluiter voor vervormingsvrije beeldopnamen.Tot 3 beelden per secondeGesynchroniseerde opname van alle 10 bandenGeleverd met DLS-lichtsensor en CRP gekalibreerd reflectiepaneel\" \/>\n<meta property=\"og:url\" content=\"https:\/\/koningdrone.be\/es\/producto\/micasense-rededge-p-dual-red-and-blue-multispectral-kit\/\" \/>\n<meta property=\"og:site_name\" content=\"koningdrone.be\" \/>\n<meta property=\"article:modified_time\" content=\"2026-05-01T10:30:28+00:00\" \/>\n<meta property=\"og:image\" content=\"https:\/\/koningdrone.be\/wp-content\/uploads\/sites\/13\/2025\/04\/REP-dual-quart_610x_crop_center.png\" \/>\n\t<meta property=\"og:image:width\" content=\"610\" \/>\n\t<meta property=\"og:image:height\" content=\"610\" \/>\n\t<meta property=\"og:image:type\" content=\"image\/png\" \/>\n<meta name=\"twitter:card\" content=\"summary_large_image\" \/>\n<script type=\"application\/ld+json\" class=\"yoast-schema-graph\">{\"@context\":\"https:\/\/schema.org\",\"@graph\":[{\"@type\":\"WebPage\",\"@id\":\"https:\/\/koningdrone.be\/product\/micasense-rededge-p-dual-red-and-blue-multispectral-kit\/\",\"url\":\"https:\/\/koningdrone.be\/product\/micasense-rededge-p-dual-red-and-blue-multispectral-kit\/\",\"name\":\"Micasense Rededge-P Dual (Red and Blue) Multispectral Kit - koningdrone.be\",\"isPartOf\":{\"@id\":\"https:\/\/koningdrone.be\/#website\"},\"primaryImageOfPage\":{\"@id\":\"https:\/\/koningdrone.be\/product\/micasense-rededge-p-dual-red-and-blue-multispectral-kit\/#primaryimage\"},\"image\":{\"@id\":\"https:\/\/koningdrone.be\/product\/micasense-rededge-p-dual-red-and-blue-multispectral-kit\/#primaryimage\"},\"thumbnailUrl\":\"https:\/\/koningdrone.be\/wp-content\/uploads\/sites\/13\/2025\/04\/REP-dual-quart_610x_crop_center.png\",\"datePublished\":\"2024-09-05T09:54:41+00:00\",\"dateModified\":\"2026-05-01T10:30:28+00:00\",\"breadcrumb\":{\"@id\":\"https:\/\/koningdrone.be\/product\/micasense-rededge-p-dual-red-and-blue-multispectral-kit\/#breadcrumb\"},\"inLanguage\":\"es\",\"potentialAction\":[{\"@type\":\"ReadAction\",\"target\":[\"https:\/\/koningdrone.be\/product\/micasense-rededge-p-dual-red-and-blue-multispectral-kit\/\"]}]},{\"@type\":\"ImageObject\",\"inLanguage\":\"es\",\"@id\":\"https:\/\/koningdrone.be\/product\/micasense-rededge-p-dual-red-and-blue-multispectral-kit\/#primaryimage\",\"url\":\"https:\/\/koningdrone.be\/wp-content\/uploads\/sites\/13\/2025\/04\/REP-dual-quart_610x_crop_center.png\",\"contentUrl\":\"https:\/\/koningdrone.be\/wp-content\/uploads\/sites\/13\/2025\/04\/REP-dual-quart_610x_crop_center.png\",\"width\":610,\"height\":610},{\"@type\":\"BreadcrumbList\",\"@id\":\"https:\/\/koningdrone.be\/product\/micasense-rededge-p-dual-red-and-blue-multispectral-kit\/#breadcrumb\",\"itemListElement\":[{\"@type\":\"ListItem\",\"position\":1,\"name\":\"Home\",\"item\":\"https:\/\/koningdrone.be\/\"},{\"@type\":\"ListItem\",\"position\":2,\"name\":\"AVSS Parachute Recovery System for DJI Matrice 300\/350\",\"item\":\"https:\/\/koningdrone.be\/product\/avss-parachute-recovery-system-for-dji-matrice-300-350\/\"},{\"@type\":\"ListItem\",\"position\":3,\"name\":\"Alle producten\",\"item\":\"https:\/\/koningdrone.be\/categorie\/alle-producten\/\"},{\"@type\":\"ListItem\",\"position\":4,\"name\":\"Micasense Rededge-P Dual (Red and Blue) Multispectral Kit\"}]},{\"@type\":\"WebSite\",\"@id\":\"https:\/\/koningdrone.be\/#website\",\"url\":\"https:\/\/koningdrone.be\/\",\"name\":\"Koningdrone.be - Uw online specialist in drones, gimbals, camera's en power stations.\",\"description\":\"De webshop in drones en gimbals\",\"publisher\":{\"@id\":\"https:\/\/koningdrone.be\/#organization\"},\"potentialAction\":[{\"@type\":\"SearchAction\",\"target\":{\"@type\":\"EntryPoint\",\"urlTemplate\":\"https:\/\/koningdrone.be\/?s={search_term_string}\"},\"query-input\":{\"@type\":\"PropertyValueSpecification\",\"valueRequired\":true,\"valueName\":\"search_term_string\"}}],\"inLanguage\":\"es\"},{\"@type\":\"Organization\",\"@id\":\"https:\/\/koningdrone.be\/#organization\",\"name\":\"Koningdrone.be\",\"url\":\"https:\/\/koningdrone.be\/\",\"logo\":{\"@type\":\"ImageObject\",\"inLanguage\":\"es\",\"@id\":\"https:\/\/koningdrone.be\/#\/schema\/logo\/image\/\",\"url\":\"https:\/\/koningdrone.be\/wp-content\/uploads\/sites\/13\/2025\/04\/koningdrone-copyright-logo.svg\",\"contentUrl\":\"https:\/\/koningdrone.be\/wp-content\/uploads\/sites\/13\/2025\/04\/koningdrone-copyright-logo.svg\",\"width\":227,\"height\":38,\"caption\":\"Koningdrone.be\"},\"image\":{\"@id\":\"https:\/\/koningdrone.be\/#\/schema\/logo\/image\/\"}}]}<\/script>\n<!-- \/ Yoast SEO Premium plugin. -->","yoast_head_json":{"title":"Micasense Rededge-P Dual (Red and Blue) Multispectral Kit - koningdrone.be","robots":{"index":"index","follow":"follow","max-snippet":"max-snippet:-1","max-image-preview":"max-image-preview:large","max-video-preview":"max-video-preview:-1"},"canonical":"https:\/\/koningdrone.be\/es\/producto\/micasense-rededge-p-dual-red-and-blue-multispectral-kit\/","og_locale":"es_ES","og_type":"article","og_title":"Micasense Rededge-P Dual (Red and Blue) Multispectral Kit","og_description":"10 multispectrale banden met elk 1,6 MPPanchromatische band voor scherpere beeldenBlauwe kustband voor analyse van watervegetatie en onkruididentificatieSpectrale smalle banden voor nauwkeurigere gegevensDubbele kalibratie voor tijdreeksanalyseGlobale sluiter voor vervormingsvrije beeldopnamen.Tot 3 beelden per secondeGesynchroniseerde opname van alle 10 bandenGeleverd met DLS-lichtsensor en CRP gekalibreerd reflectiepaneel","og_url":"https:\/\/koningdrone.be\/es\/producto\/micasense-rededge-p-dual-red-and-blue-multispectral-kit\/","og_site_name":"koningdrone.be","article_modified_time":"2026-05-01T10:30:28+00:00","og_image":[{"width":610,"height":610,"url":"https:\/\/koningdrone.be\/wp-content\/uploads\/sites\/13\/2025\/04\/REP-dual-quart_610x_crop_center.png","type":"image\/png"}],"twitter_card":"summary_large_image","schema":{"@context":"https:\/\/schema.org","@graph":[{"@type":"WebPage","@id":"https:\/\/koningdrone.be\/product\/micasense-rededge-p-dual-red-and-blue-multispectral-kit\/","url":"https:\/\/koningdrone.be\/product\/micasense-rededge-p-dual-red-and-blue-multispectral-kit\/","name":"Micasense Rededge-P Dual (Red and Blue) Multispectral Kit - koningdrone.be","isPartOf":{"@id":"https:\/\/koningdrone.be\/#website"},"primaryImageOfPage":{"@id":"https:\/\/koningdrone.be\/product\/micasense-rededge-p-dual-red-and-blue-multispectral-kit\/#primaryimage"},"image":{"@id":"https:\/\/koningdrone.be\/product\/micasense-rededge-p-dual-red-and-blue-multispectral-kit\/#primaryimage"},"thumbnailUrl":"https:\/\/koningdrone.be\/wp-content\/uploads\/sites\/13\/2025\/04\/REP-dual-quart_610x_crop_center.png","datePublished":"2024-09-05T09:54:41+00:00","dateModified":"2026-05-01T10:30:28+00:00","breadcrumb":{"@id":"https:\/\/koningdrone.be\/product\/micasense-rededge-p-dual-red-and-blue-multispectral-kit\/#breadcrumb"},"inLanguage":"es","potentialAction":[{"@type":"ReadAction","target":["https:\/\/koningdrone.be\/product\/micasense-rededge-p-dual-red-and-blue-multispectral-kit\/"]}]},{"@type":"ImageObject","inLanguage":"es","@id":"https:\/\/koningdrone.be\/product\/micasense-rededge-p-dual-red-and-blue-multispectral-kit\/#primaryimage","url":"https:\/\/koningdrone.be\/wp-content\/uploads\/sites\/13\/2025\/04\/REP-dual-quart_610x_crop_center.png","contentUrl":"https:\/\/koningdrone.be\/wp-content\/uploads\/sites\/13\/2025\/04\/REP-dual-quart_610x_crop_center.png","width":610,"height":610},{"@type":"BreadcrumbList","@id":"https:\/\/koningdrone.be\/product\/micasense-rededge-p-dual-red-and-blue-multispectral-kit\/#breadcrumb","itemListElement":[{"@type":"ListItem","position":1,"name":"Home","item":"https:\/\/koningdrone.be\/"},{"@type":"ListItem","position":2,"name":"AVSS Parachute Recovery System for DJI Matrice 300\/350","item":"https:\/\/koningdrone.be\/product\/avss-parachute-recovery-system-for-dji-matrice-300-350\/"},{"@type":"ListItem","position":3,"name":"Alle producten","item":"https:\/\/koningdrone.be\/categorie\/alle-producten\/"},{"@type":"ListItem","position":4,"name":"Micasense Rededge-P Dual (Red and Blue) Multispectral Kit"}]},{"@type":"WebSite","@id":"https:\/\/koningdrone.be\/#website","url":"https:\/\/koningdrone.be\/","name":"Koningdrone.be - Su especialista en l\u00ednea en drones, cardanes, c\u00e1maras y centrales el\u00e9ctricas.","description":"La tienda virtual de drones y cardanes","publisher":{"@id":"https:\/\/koningdrone.be\/#organization"},"potentialAction":[{"@type":"SearchAction","target":{"@type":"EntryPoint","urlTemplate":"https:\/\/koningdrone.be\/?s={search_term_string}"},"query-input":{"@type":"PropertyValueSpecification","valueRequired":true,"valueName":"search_term_string"}}],"inLanguage":"es"},{"@type":"Organization","@id":"https:\/\/koningdrone.be\/#organization","name":"Kingdrone.es","url":"https:\/\/koningdrone.be\/","logo":{"@type":"ImageObject","inLanguage":"es","@id":"https:\/\/koningdrone.be\/#\/schema\/logo\/image\/","url":"https:\/\/koningdrone.be\/wp-content\/uploads\/sites\/13\/2025\/04\/koningdrone-copyright-logo.svg","contentUrl":"https:\/\/koningdrone.be\/wp-content\/uploads\/sites\/13\/2025\/04\/koningdrone-copyright-logo.svg","width":227,"height":38,"caption":"Koningdrone.be"},"image":{"@id":"https:\/\/koningdrone.be\/#\/schema\/logo\/image\/"}}]}},"df_price":"","df_sale_price":"","df_regular_price":"","df_image_link":"https:\/\/koningdrone.be\/wp-content\/uploads\/sites\/13\/2025\/04\/REP-dual-quart_610x_crop_center-300x300.png","_links":{"self":[{"href":"https:\/\/koningdrone.be\/es\/wp-json\/wp\/v2\/product\/3031","targetHints":{"allow":["GET"]}}],"collection":[{"href":"https:\/\/koningdrone.be\/es\/wp-json\/wp\/v2\/product"}],"about":[{"href":"https:\/\/koningdrone.be\/es\/wp-json\/wp\/v2\/types\/product"}],"wp:featuredmedia":[{"embeddable":true,"href":"https:\/\/koningdrone.be\/es\/wp-json\/wp\/v2\/media\/3028"}],"wp:attachment":[{"href":"https:\/\/koningdrone.be\/es\/wp-json\/wp\/v2\/media?parent=3031"}],"wp:term":[{"taxonomy":"product_brand","embeddable":true,"href":"https:\/\/koningdrone.be\/es\/wp-json\/wp\/v2\/product_brand?post=3031"},{"taxonomy":"product_cat","embeddable":true,"href":"https:\/\/koningdrone.be\/es\/wp-json\/wp\/v2\/product_cat?post=3031"},{"taxonomy":"product_tag","embeddable":true,"href":"https:\/\/koningdrone.be\/es\/wp-json\/wp\/v2\/product_tag?post=3031"}],"curies":[{"name":"wp","href":"https:\/\/api.w.org\/{rel}","templated":true}]}}